{"id":70296813,"date":"2019-09-05T16:10:41","date_gmt":"2019-09-05T14:10:41","guid":{"rendered":"http:\/\/abisagtuellmann.bpk-news.de\/atbild\/bier-trinkende-maenner-vor-einem-pub-auf-der-portobello-road-in-london\/"},"modified":"2019-09-05T16:10:54","modified_gmt":"2019-09-05T14:10:54","slug":"bier-trinkende-maenner-vor-einem-pub-auf-der-portobello-road-in-london","status":"publish","type":"product","link":"https:\/\/bpk-archive.de\/tuellmann\/produkt\/bier-trinkende-maenner-vor-einem-pub-auf-der-portobello-road-in-london\/","title":{"rendered":"Bier trinkende M\u00e4nner vor einem Pub auf der Portobello Road in London"},"content":{"rendered":"<p>R\u00fcckseitenbeschriftung von Hand der Fotografin: &#8222;London&#8220;<\/p>\n","protected":false},"excerpt":{"rendered":"<p>R\u00fcckseitenbeschriftung von Hand der Fotografin: &#8222;London&#8220;<\/p>\n","protected":false},"featured_media":70292605,"template":"","meta":[],"product_brand":[],"product_cat":[],"product_tag":[13774,13232,13234,13231,13233,13775,13777,48747,48748,13604,13605,64933,62065,13250,57471,57472,57059,57060,13784,13785,55191,55192,55195,55196,55197,55198,55199,55200,48645,48646,13260,55205,55206,55209,55210,55211,48771,48772,48773,48774,48775,53595,53596,13293,13786,13787,13294,13295,13296,13297,50037,50038,50039,50040,48647,48648,48649,48650,47579,47580,47581,47582,55216,55217,49218,49219,49220,49221,49222,49223,13301,47589,47590,48761,55220,55221,13818,13819,48012,48013,13826,64937,13328,13827,13828,13329,13330,13331,13332,13829,13830,13831,13832,13833,13834,13835,13836,13837,13838,13839,13840,13841,13842,13843,64938,64939,13877,13879,50043,50044,50045,50046,13865,13864,13866,13858,13859,13860,13861,13862,13863,13867,13869,13870,13871,13872,55229,13519,13520,13521,13522,13523,13524,55230,47408,55231,47409,55233,55232,13878,13880,55234,50047,50048,50049,50050,50051,50052,50053,50054,48682,48683,55242,50055,50056],"class_list":{"0":"post-70296813","1":"product","2":"type-product","3":"status-publish","4":"has-post-thumbnail","6":"product_tag-1960er-jahre","7":"product_tag-20-jahrhundert-nach-chr","8":"product_tag-20-jh-n-chr","9":"product_tag-20-jahrhundert","10":"product_tag-20-jh","11":"product_tag-60er","12":"product_tag-abzug","13":"product_tag-angelehnt","14":"product_tag-anlehnen","15":"product_tag-arbeiter","16":"product_tag-arbeitern","17":"product_tag-at_london","18":"product_tag-atb_012","19":"product_tag-aussen","20":"product_tag-bierglas","21":"product_tag-bierglaeser","22":"product_tag-biertrinker","23":"product_tag-biertrinkern","24":"product_tag-bildnis","25":"product_tag-bildnisse","26":"product_tag-brite","27":"product_tag-briten","28":"product_tag-britisch","29":"product_tag-britische","30":"product_tag-britischen","31":"product_tag-britischer","32":"product_tag-britisches","33":"product_tag-british","34":"product_tag-buergersteig","35":"product_tag-buergersteige","36":"product_tag-draussen","37":"product_tag-england","38":"product_tag-englaender","39":"product_tag-englaendern","40":"product_tag-englaenders","41":"product_tag-englands","42":"product_tag-englisch","43":"product_tag-englische","44":"product_tag-englischen","45":"product_tag-englischer","46":"product_tag-englisches","47":"product_tag-fassade","48":"product_tag-fassaden","49":"product_tag-foto","50":"product_tag-fotoabzug","51":"product_tag-fotoabzuege","52":"product_tag-fotografie","53":"product_tag-fotografien","54":"product_tag-fotografin","55":"product_tag-fotografinnen","56":"product_tag-gasthaus","57":"product_tag-gasthaeuser","58":"product_tag-gaststaette","59":"product_tag-gaststaetten","60":"product_tag-gehsteig","61":"product_tag-gehsteige","62":"product_tag-gehweg","63":"product_tag-gehwege","64":"product_tag-gespraech","65":"product_tag-gespraeche","66":"product_tag-gespraeches","67":"product_tag-gespraechs","68":"product_tag-grossbritannien","69":"product_tag-grossbritanniens","70":"product_tag-haeuserwand","71":"product_tag-haeuserwaende","72":"product_tag-haeuserwaenden","73":"product_tag-hauswand","74":"product_tag-hauswaende","75":"product_tag-hauswaenden","76":"product_tag-im-freien","77":"product_tag-konversation","78":"product_tag-konversationen","79":"product_tag-lehnen","80":"product_tag-london","81":"product_tag-londoner","82":"product_tag-mann","83":"product_tag-maenner","84":"product_tag-maennergruppe","85":"product_tag-maennergruppen","86":"product_tag-mannes","87":"product_tag-notting-hill","88":"product_tag-photo","89":"product_tag-photoabzug","90":"product_tag-photoabzuege","91":"product_tag-photographie","92":"product_tag-photographien","93":"product_tag-photographin","94":"product_tag-photographinnen","95":"product_tag-portrait","96":"product_tag-portraitaufnahme","97":"product_tag-portraitfoto","98":"product_tag-portraitfotografie","99":"product_tag-portraitphoto","100":"product_tag-portraitphotographie","101":"product_tag-portraits","102":"product_tag-portraet","103":"product_tag-portraetaufnahme","104":"product_tag-portraetfoto","105":"product_tag-portraetfotografie","106":"product_tag-portraetphoto","107":"product_tag-portraetphotographie","108":"product_tag-portraets","109":"product_tag-print","110":"product_tag-pub","111":"product_tag-pubs","112":"product_tag-s-w-fotografie","113":"product_tag-s-w-photographie","114":"product_tag-schaenke","115":"product_tag-schaenken","116":"product_tag-schenke","117":"product_tag-schenken","118":"product_tag-schwarzweissphotographie","119":"product_tag-schwarz-weiss-fotografie","120":"product_tag-schwarz-weiss-photographie","121":"product_tag-schwarzweiss","122":"product_tag-schwarzweisse","123":"product_tag-schwarzweissen","124":"product_tag-schwarzweisser","125":"product_tag-schwarzweisses","126":"product_tag-schwarzweissfotografie","127":"product_tag-sechziger","128":"product_tag-silbergelatine","129":"product_tag-silbergelatineabzug","130":"product_tag-silbergelatineabzuege","131":"product_tag-silbergelatineprint","132":"product_tag-sixties","133":"product_tag-stehen","134":"product_tag-stehend","135":"product_tag-stehende","136":"product_tag-stehenden","137":"product_tag-stehender","138":"product_tag-stehendes","139":"product_tag-strassenfotografie","140":"product_tag-strassenleben","141":"product_tag-strassenphotographie","142":"product_tag-strassenszene","143":"product_tag-street-photography","144":"product_tag-streetphotography","145":"product_tag-sw-fotografie","146":"product_tag-sw-photographie","147":"product_tag-swinging","148":"product_tag-taverne","149":"product_tag-tavernen","150":"product_tag-trinken","151":"product_tag-trinkend","152":"product_tag-trinkende","153":"product_tag-trinkenden","154":"product_tag-trinkender","155":"product_tag-trinkendes","156":"product_tag-trottoir","157":"product_tag-trottoirs","158":"product_tag-vereinigtes-koenigreich","159":"product_tag-wirtshaus","160":"product_tag-wirtshaeuser","161":"pa_datierung-juni-1966","162":"pa_fotograf-abisag-tuellmann","163":"pa_geografischer_bezug-aufnahmeort-london-vereinigtes-koenigreich","164":"pa_grunddaten_material_technik-foto-silbergelatine-auf-barytpapier","165":"pa_inventarnummer-tue-66-128-09","166":"pa_jahr_von-54557","167":"pa_massangaben-bildformat-foto-237-x-291-cm","168":"pa_mediennummer-65240","169":"pa_objekt_typ-fotografie","171":"first","172":"instock","173":"product-type-simple"},"yoast_head":"<!-- This site is optimized with the Yoast SEO plugin v27.4 - https:\/\/yoast.com\/product\/yoast-seo-wordpress\/ -->\n<title>Bier trinkende M\u00e4nner vor einem Pub auf der Portobello Road in London - Abisag T\u00fcllmann<\/title>\n<meta name=\"robots\" content=\"index, follow, max-snippet:-1, max-image-preview:large, max-video-preview:-1\" \/>\n<link rel=\"canonical\" href=\"https:\/\/bpk-archive.de\/tuellmann\/produkt\/bier-trinkende-maenner-vor-einem-pub-auf-der-portobello-road-in-london\/\" \/>\n<meta property=\"og:locale\" content=\"de_DE\" \/>\n<meta property=\"og:type\" content=\"article\" \/>\n<meta property=\"og:title\" content=\"Bier trinkende M\u00e4nner vor einem Pub auf der Portobello Road in London - Abisag T\u00fcllmann\" \/>\n<meta property=\"og:description\" content=\"R\u00fcckseitenbeschriftung von Hand der Fotografin: &#8222;London&#8220;\" \/>\n<meta property=\"og:url\" content=\"https:\/\/bpk-archive.de\/tuellmann\/produkt\/bier-trinkende-maenner-vor-einem-pub-auf-der-portobello-road-in-london\/\" \/>\n<meta property=\"og:site_name\" content=\"Abisag T\u00fcllmann\" \/>\n<meta property=\"article:modified_time\" content=\"2019-09-05T14:10:54+00:00\" \/>\n<meta property=\"og:image\" content=\"https:\/\/bpk-archive.de\/tuellmann\/wp-content\/uploads\/2019\/08\/bpk_70243247.jpg\" \/>\n\t<meta property=\"og:image:width\" content=\"1200\" \/>\n\t<meta property=\"og:image:height\" content=\"989\" \/>\n\t<meta property=\"og:image:type\" content=\"image\/jpeg\" \/>\n<meta name=\"twitter:card\" content=\"summary_large_image\" \/>\n<script type=\"application\/ld+json\" class=\"yoast-schema-graph\">{\"@context\":\"https:\\\/\\\/schema.org\",\"@graph\":[{\"@type\":\"WebPage\",\"@id\":\"https:\\\/\\\/bpk-archive.de\\\/tuellmann\\\/produkt\\\/bier-trinkende-maenner-vor-einem-pub-auf-der-portobello-road-in-london\\\/\",\"url\":\"https:\\\/\\\/bpk-archive.de\\\/tuellmann\\\/produkt\\\/bier-trinkende-maenner-vor-einem-pub-auf-der-portobello-road-in-london\\\/\",\"name\":\"Bier trinkende M\u00e4nner vor einem Pub auf der Portobello Road in London - Abisag T\u00fcllmann\",\"isPartOf\":{\"@id\":\"https:\\\/\\\/bpk-archive.de\\\/tuellmann\\\/#website\"},\"primaryImageOfPage\":{\"@id\":\"https:\\\/\\\/bpk-archive.de\\\/tuellmann\\\/produkt\\\/bier-trinkende-maenner-vor-einem-pub-auf-der-portobello-road-in-london\\\/#primaryimage\"},\"image\":{\"@id\":\"https:\\\/\\\/bpk-archive.de\\\/tuellmann\\\/produkt\\\/bier-trinkende-maenner-vor-einem-pub-auf-der-portobello-road-in-london\\\/#primaryimage\"},\"thumbnailUrl\":\"https:\\\/\\\/bpk-archive.de\\\/tuellmann\\\/wp-content\\\/uploads\\\/2019\\\/08\\\/bpk_70243247.jpg\",\"datePublished\":\"2019-09-05T14:10:41+00:00\",\"dateModified\":\"2019-09-05T14:10:54+00:00\",\"breadcrumb\":{\"@id\":\"https:\\\/\\\/bpk-archive.de\\\/tuellmann\\\/produkt\\\/bier-trinkende-maenner-vor-einem-pub-auf-der-portobello-road-in-london\\\/#breadcrumb\"},\"inLanguage\":\"de\",\"potentialAction\":[{\"@type\":\"ReadAction\",\"target\":[\"https:\\\/\\\/bpk-archive.de\\\/tuellmann\\\/produkt\\\/bier-trinkende-maenner-vor-einem-pub-auf-der-portobello-road-in-london\\\/\"]}]},{\"@type\":\"ImageObject\",\"inLanguage\":\"de\",\"@id\":\"https:\\\/\\\/bpk-archive.de\\\/tuellmann\\\/produkt\\\/bier-trinkende-maenner-vor-einem-pub-auf-der-portobello-road-in-london\\\/#primaryimage\",\"url\":\"https:\\\/\\\/bpk-archive.de\\\/tuellmann\\\/wp-content\\\/uploads\\\/2019\\\/08\\\/bpk_70243247.jpg\",\"contentUrl\":\"https:\\\/\\\/bpk-archive.de\\\/tuellmann\\\/wp-content\\\/uploads\\\/2019\\\/08\\\/bpk_70243247.jpg\",\"width\":1200,\"height\":989,\"caption\":\"Bier trinkende M\u00e4nner vor einem Pub auf der Portobello Road in London\"},{\"@type\":\"BreadcrumbList\",\"@id\":\"https:\\\/\\\/bpk-archive.de\\\/tuellmann\\\/produkt\\\/bier-trinkende-maenner-vor-einem-pub-auf-der-portobello-road-in-london\\\/#breadcrumb\",\"itemListElement\":[{\"@type\":\"ListItem\",\"position\":1,\"name\":\"Startseite\",\"item\":\"https:\\\/\\\/bpk-archive.de\\\/tuellmann\\\/\"},{\"@type\":\"ListItem\",\"position\":2,\"name\":\"Shop\",\"item\":\"https:\\\/\\\/bpk-archive.de\\\/tuellmann\\\/shop\\\/\"},{\"@type\":\"ListItem\",\"position\":3,\"name\":\"Bier trinkende M\u00e4nner vor einem Pub auf der Portobello Road in London\"}]},{\"@type\":\"WebSite\",\"@id\":\"https:\\\/\\\/bpk-archive.de\\\/tuellmann\\\/#website\",\"url\":\"https:\\\/\\\/bpk-archive.de\\\/tuellmann\\\/\",\"name\":\"Abisag T\u00fcllmann\",\"description\":\"Eine weitere WordPress-Website\",\"potentialAction\":[{\"@type\":\"SearchAction\",\"target\":{\"@type\":\"EntryPoint\",\"urlTemplate\":\"https:\\\/\\\/bpk-archive.de\\\/tuellmann\\\/?s={search_term_string}\"},\"query-input\":{\"@type\":\"PropertyValueSpecification\",\"valueRequired\":true,\"valueName\":\"search_term_string\"}}],\"inLanguage\":\"de\"}]}<\/script>\n<!-- \/ Yoast SEO plugin. -->","yoast_head_json":{"title":"Bier trinkende M\u00e4nner vor einem Pub auf der Portobello Road in London - Abisag T\u00fcllmann","robots":{"index":"index","follow":"follow","max-snippet":"max-snippet:-1","max-image-preview":"max-image-preview:large","max-video-preview":"max-video-preview:-1"},"canonical":"https:\/\/bpk-archive.de\/tuellmann\/produkt\/bier-trinkende-maenner-vor-einem-pub-auf-der-portobello-road-in-london\/","og_locale":"de_DE","og_type":"article","og_title":"Bier trinkende M\u00e4nner vor einem Pub auf der Portobello Road in London - Abisag T\u00fcllmann","og_description":"R\u00fcckseitenbeschriftung von Hand der Fotografin: &#8222;London&#8220;","og_url":"https:\/\/bpk-archive.de\/tuellmann\/produkt\/bier-trinkende-maenner-vor-einem-pub-auf-der-portobello-road-in-london\/","og_site_name":"Abisag T\u00fcllmann","article_modified_time":"2019-09-05T14:10:54+00:00","og_image":[{"width":1200,"height":989,"url":"https:\/\/bpk-archive.de\/tuellmann\/wp-content\/uploads\/2019\/08\/bpk_70243247.jpg","type":"image\/jpeg"}],"twitter_card":"summary_large_image","schema":{"@context":"https:\/\/schema.org","@graph":[{"@type":"WebPage","@id":"https:\/\/bpk-archive.de\/tuellmann\/produkt\/bier-trinkende-maenner-vor-einem-pub-auf-der-portobello-road-in-london\/","url":"https:\/\/bpk-archive.de\/tuellmann\/produkt\/bier-trinkende-maenner-vor-einem-pub-auf-der-portobello-road-in-london\/","name":"Bier trinkende M\u00e4nner vor einem Pub auf der Portobello Road in London - Abisag T\u00fcllmann","isPartOf":{"@id":"https:\/\/bpk-archive.de\/tuellmann\/#website"},"primaryImageOfPage":{"@id":"https:\/\/bpk-archive.de\/tuellmann\/produkt\/bier-trinkende-maenner-vor-einem-pub-auf-der-portobello-road-in-london\/#primaryimage"},"image":{"@id":"https:\/\/bpk-archive.de\/tuellmann\/produkt\/bier-trinkende-maenner-vor-einem-pub-auf-der-portobello-road-in-london\/#primaryimage"},"thumbnailUrl":"https:\/\/bpk-archive.de\/tuellmann\/wp-content\/uploads\/2019\/08\/bpk_70243247.jpg","datePublished":"2019-09-05T14:10:41+00:00","dateModified":"2019-09-05T14:10:54+00:00","breadcrumb":{"@id":"https:\/\/bpk-archive.de\/tuellmann\/produkt\/bier-trinkende-maenner-vor-einem-pub-auf-der-portobello-road-in-london\/#breadcrumb"},"inLanguage":"de","potentialAction":[{"@type":"ReadAction","target":["https:\/\/bpk-archive.de\/tuellmann\/produkt\/bier-trinkende-maenner-vor-einem-pub-auf-der-portobello-road-in-london\/"]}]},{"@type":"ImageObject","inLanguage":"de","@id":"https:\/\/bpk-archive.de\/tuellmann\/produkt\/bier-trinkende-maenner-vor-einem-pub-auf-der-portobello-road-in-london\/#primaryimage","url":"https:\/\/bpk-archive.de\/tuellmann\/wp-content\/uploads\/2019\/08\/bpk_70243247.jpg","contentUrl":"https:\/\/bpk-archive.de\/tuellmann\/wp-content\/uploads\/2019\/08\/bpk_70243247.jpg","width":1200,"height":989,"caption":"Bier trinkende M\u00e4nner vor einem Pub auf der Portobello Road in London"},{"@type":"BreadcrumbList","@id":"https:\/\/bpk-archive.de\/tuellmann\/produkt\/bier-trinkende-maenner-vor-einem-pub-auf-der-portobello-road-in-london\/#breadcrumb","itemListElement":[{"@type":"ListItem","position":1,"name":"Startseite","item":"https:\/\/bpk-archive.de\/tuellmann\/"},{"@type":"ListItem","position":2,"name":"Shop","item":"https:\/\/bpk-archive.de\/tuellmann\/shop\/"},{"@type":"ListItem","position":3,"name":"Bier trinkende M\u00e4nner vor einem Pub auf der Portobello Road in London"}]},{"@type":"WebSite","@id":"https:\/\/bpk-archive.de\/tuellmann\/#website","url":"https:\/\/bpk-archive.de\/tuellmann\/","name":"Abisag T\u00fcllmann","description":"Eine weitere WordPress-Website","potentialAction":[{"@type":"SearchAction","target":{"@type":"EntryPoint","urlTemplate":"https:\/\/bpk-archive.de\/tuellmann\/?s={search_term_string}"},"query-input":{"@type":"PropertyValueSpecification","valueRequired":true,"valueName":"search_term_string"}}],"inLanguage":"de"}]}},"_links":{"self":[{"href":"https:\/\/bpk-archive.de\/tuellmann\/wp-json\/wp\/v2\/product\/70296813","targetHints":{"allow":["GET"]}}],"collection":[{"href":"https:\/\/bpk-archive.de\/tuellmann\/wp-json\/wp\/v2\/product"}],"about":[{"href":"https:\/\/bpk-archive.de\/tuellmann\/wp-json\/wp\/v2\/types\/product"}],"wp:featuredmedia":[{"embeddable":true,"href":"https:\/\/bpk-archive.de\/tuellmann\/wp-json\/wp\/v2\/media\/70292605"}],"wp:attachment":[{"href":"https:\/\/bpk-archive.de\/tuellmann\/wp-json\/wp\/v2\/media?parent=70296813"}],"wp:term":[{"taxonomy":"product_brand","embeddable":true,"href":"https:\/\/bpk-archive.de\/tuellmann\/wp-json\/wp\/v2\/product_brand?post=70296813"},{"taxonomy":"product_cat","embeddable":true,"href":"https:\/\/bpk-archive.de\/tuellmann\/wp-json\/wp\/v2\/product_cat?post=70296813"},{"taxonomy":"product_tag","embeddable":true,"href":"https:\/\/bpk-archive.de\/tuellmann\/wp-json\/wp\/v2\/product_tag?post=70296813"}],"curies":[{"name":"wp","href":"https:\/\/api.w.org\/{rel}","templated":true}]}}