{"id":70296802,"date":"2019-09-05T16:10:41","date_gmt":"2019-09-05T14:10:41","guid":{"rendered":"http:\/\/abisagtuellmann.bpk-news.de\/atbild\/prozess-gegen-robert-jungk-vor-dem-amtsgericht-hanau-3\/"},"modified":"2019-09-05T16:10:46","modified_gmt":"2019-09-05T14:10:46","slug":"prozess-gegen-robert-jungk-vor-dem-amtsgericht-hanau-3","status":"publish","type":"product","link":"https:\/\/bpk-archive.de\/tuellmann\/produkt\/prozess-gegen-robert-jungk-vor-dem-amtsgericht-hanau-3\/","title":{"rendered":"Prozess gegen Robert Jungk vor dem Amtsgericht Hanau"},"content":{"rendered":"<p>Robert Jungk (rechts, mit Blumenstrau\u00df) vor dem Gerichtsgeb\u00e4ude. Unterst\u00fctzer halten neben ihm ein Transparent mit der Aufschrift &#8222;Die Atommafia handelt kriminell und nicht Robert Jungk!&#8220; in die H\u00f6he<\/p>\n","protected":false},"excerpt":{"rendered":"<p>Robert Jungk (rechts, mit Blumenstrau\u00df) vor dem Gerichtsgeb\u00e4ude. Unterst\u00fctzer halten neben ihm ein Transparent mit der Aufschrift &#8222;Die Atommafia handelt kriminell und nicht Robert Jungk!&#8220; in die H\u00f6he<\/p>\n","protected":false},"featured_media":70292738,"template":"","meta":[],"product_brand":[],"product_cat":[],"product_tag":[47237,13232,13234,13231,13233,47238,62742,13777,47240,54769,54770,47418,47419,47420,47421,47422,47423,47424,65157,65158,65159,65160,65161,48295,48296,54829,65164,65163,65162,50914,51714,65165,65166,65167,48438,13250,13606,13784,13785,61041,61042,13469,13470,13612,13613,13622,13624,13253,13254,13255,13256,13257,13471,13472,13260,13293,13786,13787,13294,13295,13296,13297,50917,48486,60227,60228,60229,60230,60232,65168,63491,63492,47998,50233,63694,50234,50235,50236,50237,50238,62351,62352,13492,13493,13494,13495,13496,13497,47999,13301,48063,48064,65170,65171,65179,65180,65181,65182,65183,13818,13819,13820,13821,13822,13823,13824,13825,13826,65172,49229,49230,48737,50921,50922,48738,48739,48740,48741,48742,47899,47900,13328,13827,13828,13329,13330,13331,13332,48266,48267,13829,13830,13831,13832,13833,13834,13835,13836,13837,13838,13839,13840,13841,13842,48269,53482,53483,53484,53485,13843,13844,13845,48671,48672,13846,13847,48673,48674,48675,48676,13641,13642,13643,13644,13645,13646,13647,13648,13649,13653,63493,63494,63495,57322,57323,13877,13879,13345,13865,13864,13866,13858,13859,13860,13861,13862,13863,47701,13868,13869,13870,13871,13872,49236,13519,13520,13521,13522,13523,13524,60713,60610,13878,13880,13655,13656,59243,61586,13882],"class_list":{"0":"post-70296802","1":"product","2":"type-product","3":"status-publish","4":"has-post-thumbnail","6":"product_tag-1980er-jahre","7":"product_tag-20-jahrhundert-nach-chr","8":"product_tag-20-jh-n-chr","9":"product_tag-20-jahrhundert","10":"product_tag-20-jh","11":"product_tag-80er","12":"product_tag-abt_013","13":"product_tag-abzug","14":"product_tag-achtziger","15":"product_tag-aktivist","16":"product_tag-aktivisten","17":"product_tag-alt","18":"product_tag-alte","19":"product_tag-alten","20":"product_tag-alter","21":"product_tag-aeltere","22":"product_tag-aelterer","23":"product_tag-altes","24":"product_tag-angeklagt","25":"product_tag-angeklagte","26":"product_tag-angeklagten","27":"product_tag-angeklagter","28":"product_tag-angeklagtes","29":"product_tag-anhaenger","30":"product_tag-anhaengern","31":"product_tag-anklage","32":"product_tag-anti-atomkraft-bewegung","33":"product_tag-anti-atomkraftbewegung","34":"product_tag-antiatomkraftbewegung","35":"product_tag-antikriegsbewegung","36":"product_tag-at_pressefotografie-brd","37":"product_tag-atomenergie","38":"product_tag-atomkraft","39":"product_tag-atomkraftgegner","40":"product_tag-aufschrift","41":"product_tag-aussen","42":"product_tag-banner","43":"product_tag-bildnis","44":"product_tag-bildnisse","45":"product_tag-blumenstrauss","46":"product_tag-blumenstraeusse","47":"product_tag-brd","48":"product_tag-bundesrepublik-deutschland","49":"product_tag-demonstrationsplakat","50":"product_tag-demonstrationsschild","51":"product_tag-demoplakat","52":"product_tag-demoschild","53":"product_tag-deutsch","54":"product_tag-deutsche","55":"product_tag-deutschen","56":"product_tag-deutscher","57":"product_tag-deutsches","58":"product_tag-deutschland","59":"product_tag-deutschlands","60":"product_tag-draussen","61":"product_tag-foto","62":"product_tag-fotoabzug","63":"product_tag-fotoabzuege","64":"product_tag-fotografie","65":"product_tag-fotografien","66":"product_tag-fotografin","67":"product_tag-fotografinnen","68":"product_tag-friedensbewegung","69":"product_tag-gegner","70":"product_tag-gericht","71":"product_tag-gerichte","72":"product_tag-gerichtes","73":"product_tag-gerichts","74":"product_tag-gerichtsgebaeude","75":"product_tag-gerichtsprozess","76":"product_tag-gerichtsverhandlung","77":"product_tag-gerichtsverhandlungen","78":"product_tag-haelt-hoch","79":"product_tag-halten","80":"product_tag-halten-hoch","81":"product_tag-haltend","82":"product_tag-haltende","83":"product_tag-haltenden","84":"product_tag-haltender","85":"product_tag-haltendes","86":"product_tag-hanau","87":"product_tag-hanauer","88":"product_tag-hessen","89":"product_tag-hessisch","90":"product_tag-hessische","91":"product_tag-hessischen","92":"product_tag-hessischer","93":"product_tag-hessisches","94":"product_tag-hochhalten","95":"product_tag-im-freien","96":"product_tag-journalist","97":"product_tag-journalisten","98":"product_tag-kernenergie","99":"product_tag-kernkraft","100":"product_tag-kriminell","101":"product_tag-kriminelle","102":"product_tag-kriminellen","103":"product_tag-krimineller","104":"product_tag-kriminelles","105":"product_tag-mann","106":"product_tag-maenner","107":"product_tag-maennerbildnis","108":"product_tag-maennerbildnisse","109":"product_tag-maennerportrait","110":"product_tag-maennerportraits","111":"product_tag-maennerportraet","112":"product_tag-maennerportraets","113":"product_tag-mannes","114":"product_tag-nuklearenergie","115":"product_tag-parole","116":"product_tag-parolen","117":"product_tag-pazifismus","118":"product_tag-pazifist","119":"product_tag-pazifisten","120":"product_tag-pazifistisch","121":"product_tag-pazifistische","122":"product_tag-pazifistischen","123":"product_tag-pazifistischer","124":"product_tag-pazifistisches","125":"product_tag-persoenlichkeit","126":"product_tag-persoenlichkeiten","127":"product_tag-photo","128":"product_tag-photoabzug","129":"product_tag-photoabzuege","130":"product_tag-photographie","131":"product_tag-photographien","132":"product_tag-photographin","133":"product_tag-photographinnen","134":"product_tag-plakat","135":"product_tag-plakate","136":"product_tag-portrait","137":"product_tag-portraitaufnahme","138":"product_tag-portraitfoto","139":"product_tag-portraitfotografie","140":"product_tag-portraitphoto","141":"product_tag-portraitphotographie","142":"product_tag-portraits","143":"product_tag-portraet","144":"product_tag-portraetaufnahme","145":"product_tag-portraetfoto","146":"product_tag-portraetfotografie","147":"product_tag-portraetphoto","148":"product_tag-portraetphotographie","149":"product_tag-portraets","150":"product_tag-poster","151":"product_tag-pressefoto","152":"product_tag-pressefotos","153":"product_tag-pressephoto","154":"product_tag-pressephotos","155":"product_tag-print","156":"product_tag-profil","157":"product_tag-profilansicht","158":"product_tag-profilaufnahme","159":"product_tag-profilaufnahmen","160":"product_tag-profilbild","161":"product_tag-profilbildnis","162":"product_tag-profilfoto","163":"product_tag-profilfotos","164":"product_tag-profilphoto","165":"product_tag-profilphotos","166":"product_tag-protest","167":"product_tag-proteste","168":"product_tag-protestieren","169":"product_tag-protestierend","170":"product_tag-protestierende","171":"product_tag-protestierenden","172":"product_tag-protestierender","173":"product_tag-protestierendes","174":"product_tag-protestiert","175":"product_tag-protestschild","176":"product_tag-prozess","177":"product_tag-prozesse","178":"product_tag-prozesses","179":"product_tag-publizist","180":"product_tag-publizisten","181":"product_tag-s-w-fotografie","182":"product_tag-s-w-photographie","183":"product_tag-schriftzug","184":"product_tag-schwarzweissphotographie","185":"product_tag-schwarz-weiss-fotografie","186":"product_tag-schwarz-weiss-photographie","187":"product_tag-schwarzweiss","188":"product_tag-schwarzweisse","189":"product_tag-schwarzweissen","190":"product_tag-schwarzweisser","191":"product_tag-schwarzweisses","192":"product_tag-schwarzweissfotografie","193":"product_tag-seitenblick","194":"product_tag-seitlich","195":"product_tag-silbergelatine","196":"product_tag-silbergelatineabzug","197":"product_tag-silbergelatineabzuege","198":"product_tag-silbergelatineprint","199":"product_tag-slogan","200":"product_tag-stehen","201":"product_tag-stehend","202":"product_tag-stehende","203":"product_tag-stehenden","204":"product_tag-stehender","205":"product_tag-stehendes","206":"product_tag-strauss","207":"product_tag-strausse","208":"product_tag-sw-fotografie","209":"product_tag-sw-photographie","210":"product_tag-transparent","211":"product_tag-transparente","212":"product_tag-unterstuetzer","213":"product_tag-unterstuetzung","214":"product_tag-zur-seite","215":"pa_datierung-april-1988","216":"pa_fotograf-abisag-tuellmann","217":"pa_geografischer_bezug-aufnahmeort-hanau-deutschland","218":"pa_grunddaten_material_technik-foto-silbergelatine-auf-barytpapier","219":"pa_inventarnummer-tue-88-020-25","220":"pa_jahr_von-48717","221":"pa_massangaben-bildformat-foto-198-x-305-cm","222":"pa_mediennummer-65177","223":"pa_objekt_typ-fotografie","225":"first","226":"instock","227":"product-type-simple"},"yoast_head":"<!-- This site is optimized with the Yoast SEO plugin v27.4 - https:\/\/yoast.com\/product\/yoast-seo-wordpress\/ -->\n<title>Prozess gegen Robert Jungk vor dem Amtsgericht Hanau - Abisag T\u00fcllmann<\/title>\n<meta name=\"robots\" content=\"index, follow, max-snippet:-1, max-image-preview:large, max-video-preview:-1\" \/>\n<link rel=\"canonical\" href=\"https:\/\/bpk-archive.de\/tuellmann\/produkt\/prozess-gegen-robert-jungk-vor-dem-amtsgericht-hanau-3\/\" \/>\n<meta property=\"og:locale\" content=\"de_DE\" \/>\n<meta property=\"og:type\" content=\"article\" \/>\n<meta property=\"og:title\" content=\"Prozess gegen Robert Jungk vor dem Amtsgericht Hanau - Abisag T\u00fcllmann\" \/>\n<meta property=\"og:description\" content=\"Robert Jungk (rechts, mit Blumenstrau\u00df) vor dem Gerichtsgeb\u00e4ude. Unterst\u00fctzer halten neben ihm ein Transparent mit der Aufschrift &#8222;Die Atommafia handelt kriminell und nicht Robert Jungk!&#8220; in die H\u00f6he\" \/>\n<meta property=\"og:url\" content=\"https:\/\/bpk-archive.de\/tuellmann\/produkt\/prozess-gegen-robert-jungk-vor-dem-amtsgericht-hanau-3\/\" \/>\n<meta property=\"og:site_name\" content=\"Abisag T\u00fcllmann\" \/>\n<meta property=\"article:modified_time\" content=\"2019-09-05T14:10:46+00:00\" \/>\n<meta property=\"og:image\" content=\"https:\/\/bpk-archive.de\/tuellmann\/wp-content\/uploads\/2019\/08\/bpk_70243293.jpg\" \/>\n\t<meta property=\"og:image:width\" content=\"1200\" \/>\n\t<meta property=\"og:image:height\" content=\"790\" \/>\n\t<meta property=\"og:image:type\" content=\"image\/jpeg\" \/>\n<meta name=\"twitter:card\" content=\"summary_large_image\" \/>\n<script type=\"application\/ld+json\" class=\"yoast-schema-graph\">{\"@context\":\"https:\\\/\\\/schema.org\",\"@graph\":[{\"@type\":\"WebPage\",\"@id\":\"https:\\\/\\\/bpk-archive.de\\\/tuellmann\\\/produkt\\\/prozess-gegen-robert-jungk-vor-dem-amtsgericht-hanau-3\\\/\",\"url\":\"https:\\\/\\\/bpk-archive.de\\\/tuellmann\\\/produkt\\\/prozess-gegen-robert-jungk-vor-dem-amtsgericht-hanau-3\\\/\",\"name\":\"Prozess gegen Robert Jungk vor dem Amtsgericht Hanau - Abisag T\u00fcllmann\",\"isPartOf\":{\"@id\":\"https:\\\/\\\/bpk-archive.de\\\/tuellmann\\\/#website\"},\"primaryImageOfPage\":{\"@id\":\"https:\\\/\\\/bpk-archive.de\\\/tuellmann\\\/produkt\\\/prozess-gegen-robert-jungk-vor-dem-amtsgericht-hanau-3\\\/#primaryimage\"},\"image\":{\"@id\":\"https:\\\/\\\/bpk-archive.de\\\/tuellmann\\\/produkt\\\/prozess-gegen-robert-jungk-vor-dem-amtsgericht-hanau-3\\\/#primaryimage\"},\"thumbnailUrl\":\"https:\\\/\\\/bpk-archive.de\\\/tuellmann\\\/wp-content\\\/uploads\\\/2019\\\/08\\\/bpk_70243293.jpg\",\"datePublished\":\"2019-09-05T14:10:41+00:00\",\"dateModified\":\"2019-09-05T14:10:46+00:00\",\"breadcrumb\":{\"@id\":\"https:\\\/\\\/bpk-archive.de\\\/tuellmann\\\/produkt\\\/prozess-gegen-robert-jungk-vor-dem-amtsgericht-hanau-3\\\/#breadcrumb\"},\"inLanguage\":\"de\",\"potentialAction\":[{\"@type\":\"ReadAction\",\"target\":[\"https:\\\/\\\/bpk-archive.de\\\/tuellmann\\\/produkt\\\/prozess-gegen-robert-jungk-vor-dem-amtsgericht-hanau-3\\\/\"]}]},{\"@type\":\"ImageObject\",\"inLanguage\":\"de\",\"@id\":\"https:\\\/\\\/bpk-archive.de\\\/tuellmann\\\/produkt\\\/prozess-gegen-robert-jungk-vor-dem-amtsgericht-hanau-3\\\/#primaryimage\",\"url\":\"https:\\\/\\\/bpk-archive.de\\\/tuellmann\\\/wp-content\\\/uploads\\\/2019\\\/08\\\/bpk_70243293.jpg\",\"contentUrl\":\"https:\\\/\\\/bpk-archive.de\\\/tuellmann\\\/wp-content\\\/uploads\\\/2019\\\/08\\\/bpk_70243293.jpg\",\"width\":1200,\"height\":790,\"caption\":\"Prozess gegen Robert Jungk vor dem Amtsgericht Hanau\"},{\"@type\":\"BreadcrumbList\",\"@id\":\"https:\\\/\\\/bpk-archive.de\\\/tuellmann\\\/produkt\\\/prozess-gegen-robert-jungk-vor-dem-amtsgericht-hanau-3\\\/#breadcrumb\",\"itemListElement\":[{\"@type\":\"ListItem\",\"position\":1,\"name\":\"Startseite\",\"item\":\"https:\\\/\\\/bpk-archive.de\\\/tuellmann\\\/\"},{\"@type\":\"ListItem\",\"position\":2,\"name\":\"Shop\",\"item\":\"https:\\\/\\\/bpk-archive.de\\\/tuellmann\\\/shop\\\/\"},{\"@type\":\"ListItem\",\"position\":3,\"name\":\"Prozess gegen Robert Jungk vor dem Amtsgericht Hanau\"}]},{\"@type\":\"WebSite\",\"@id\":\"https:\\\/\\\/bpk-archive.de\\\/tuellmann\\\/#website\",\"url\":\"https:\\\/\\\/bpk-archive.de\\\/tuellmann\\\/\",\"name\":\"Abisag T\u00fcllmann\",\"description\":\"Eine weitere WordPress-Website\",\"potentialAction\":[{\"@type\":\"SearchAction\",\"target\":{\"@type\":\"EntryPoint\",\"urlTemplate\":\"https:\\\/\\\/bpk-archive.de\\\/tuellmann\\\/?s={search_term_string}\"},\"query-input\":{\"@type\":\"PropertyValueSpecification\",\"valueRequired\":true,\"valueName\":\"search_term_string\"}}],\"inLanguage\":\"de\"}]}<\/script>\n<!-- \/ Yoast SEO plugin. -->","yoast_head_json":{"title":"Prozess gegen Robert Jungk vor dem Amtsgericht Hanau - Abisag T\u00fcllmann","robots":{"index":"index","follow":"follow","max-snippet":"max-snippet:-1","max-image-preview":"max-image-preview:large","max-video-preview":"max-video-preview:-1"},"canonical":"https:\/\/bpk-archive.de\/tuellmann\/produkt\/prozess-gegen-robert-jungk-vor-dem-amtsgericht-hanau-3\/","og_locale":"de_DE","og_type":"article","og_title":"Prozess gegen Robert Jungk vor dem Amtsgericht Hanau - Abisag T\u00fcllmann","og_description":"Robert Jungk (rechts, mit Blumenstrau\u00df) vor dem Gerichtsgeb\u00e4ude. Unterst\u00fctzer halten neben ihm ein Transparent mit der Aufschrift &#8222;Die Atommafia handelt kriminell und nicht Robert Jungk!&#8220; in die H\u00f6he","og_url":"https:\/\/bpk-archive.de\/tuellmann\/produkt\/prozess-gegen-robert-jungk-vor-dem-amtsgericht-hanau-3\/","og_site_name":"Abisag T\u00fcllmann","article_modified_time":"2019-09-05T14:10:46+00:00","og_image":[{"width":1200,"height":790,"url":"https:\/\/bpk-archive.de\/tuellmann\/wp-content\/uploads\/2019\/08\/bpk_70243293.jpg","type":"image\/jpeg"}],"twitter_card":"summary_large_image","schema":{"@context":"https:\/\/schema.org","@graph":[{"@type":"WebPage","@id":"https:\/\/bpk-archive.de\/tuellmann\/produkt\/prozess-gegen-robert-jungk-vor-dem-amtsgericht-hanau-3\/","url":"https:\/\/bpk-archive.de\/tuellmann\/produkt\/prozess-gegen-robert-jungk-vor-dem-amtsgericht-hanau-3\/","name":"Prozess gegen Robert Jungk vor dem Amtsgericht Hanau - Abisag T\u00fcllmann","isPartOf":{"@id":"https:\/\/bpk-archive.de\/tuellmann\/#website"},"primaryImageOfPage":{"@id":"https:\/\/bpk-archive.de\/tuellmann\/produkt\/prozess-gegen-robert-jungk-vor-dem-amtsgericht-hanau-3\/#primaryimage"},"image":{"@id":"https:\/\/bpk-archive.de\/tuellmann\/produkt\/prozess-gegen-robert-jungk-vor-dem-amtsgericht-hanau-3\/#primaryimage"},"thumbnailUrl":"https:\/\/bpk-archive.de\/tuellmann\/wp-content\/uploads\/2019\/08\/bpk_70243293.jpg","datePublished":"2019-09-05T14:10:41+00:00","dateModified":"2019-09-05T14:10:46+00:00","breadcrumb":{"@id":"https:\/\/bpk-archive.de\/tuellmann\/produkt\/prozess-gegen-robert-jungk-vor-dem-amtsgericht-hanau-3\/#breadcrumb"},"inLanguage":"de","potentialAction":[{"@type":"ReadAction","target":["https:\/\/bpk-archive.de\/tuellmann\/produkt\/prozess-gegen-robert-jungk-vor-dem-amtsgericht-hanau-3\/"]}]},{"@type":"ImageObject","inLanguage":"de","@id":"https:\/\/bpk-archive.de\/tuellmann\/produkt\/prozess-gegen-robert-jungk-vor-dem-amtsgericht-hanau-3\/#primaryimage","url":"https:\/\/bpk-archive.de\/tuellmann\/wp-content\/uploads\/2019\/08\/bpk_70243293.jpg","contentUrl":"https:\/\/bpk-archive.de\/tuellmann\/wp-content\/uploads\/2019\/08\/bpk_70243293.jpg","width":1200,"height":790,"caption":"Prozess gegen Robert Jungk vor dem Amtsgericht Hanau"},{"@type":"BreadcrumbList","@id":"https:\/\/bpk-archive.de\/tuellmann\/produkt\/prozess-gegen-robert-jungk-vor-dem-amtsgericht-hanau-3\/#breadcrumb","itemListElement":[{"@type":"ListItem","position":1,"name":"Startseite","item":"https:\/\/bpk-archive.de\/tuellmann\/"},{"@type":"ListItem","position":2,"name":"Shop","item":"https:\/\/bpk-archive.de\/tuellmann\/shop\/"},{"@type":"ListItem","position":3,"name":"Prozess gegen Robert Jungk vor dem Amtsgericht Hanau"}]},{"@type":"WebSite","@id":"https:\/\/bpk-archive.de\/tuellmann\/#website","url":"https:\/\/bpk-archive.de\/tuellmann\/","name":"Abisag T\u00fcllmann","description":"Eine weitere WordPress-Website","potentialAction":[{"@type":"SearchAction","target":{"@type":"EntryPoint","urlTemplate":"https:\/\/bpk-archive.de\/tuellmann\/?s={search_term_string}"},"query-input":{"@type":"PropertyValueSpecification","valueRequired":true,"valueName":"search_term_string"}}],"inLanguage":"de"}]}},"_links":{"self":[{"href":"https:\/\/bpk-archive.de\/tuellmann\/wp-json\/wp\/v2\/product\/70296802","targetHints":{"allow":["GET"]}}],"collection":[{"href":"https:\/\/bpk-archive.de\/tuellmann\/wp-json\/wp\/v2\/product"}],"about":[{"href":"https:\/\/bpk-archive.de\/tuellmann\/wp-json\/wp\/v2\/types\/product"}],"wp:featuredmedia":[{"embeddable":true,"href":"https:\/\/bpk-archive.de\/tuellmann\/wp-json\/wp\/v2\/media\/70292738"}],"wp:attachment":[{"href":"https:\/\/bpk-archive.de\/tuellmann\/wp-json\/wp\/v2\/media?parent=70296802"}],"wp:term":[{"taxonomy":"product_brand","embeddable":true,"href":"https:\/\/bpk-archive.de\/tuellmann\/wp-json\/wp\/v2\/product_brand?post=70296802"},{"taxonomy":"product_cat","embeddable":true,"href":"https:\/\/bpk-archive.de\/tuellmann\/wp-json\/wp\/v2\/product_cat?post=70296802"},{"taxonomy":"product_tag","embeddable":true,"href":"https:\/\/bpk-archive.de\/tuellmann\/wp-json\/wp\/v2\/product_tag?post=70296802"}],"curies":[{"name":"wp","href":"https:\/\/api.w.org\/{rel}","templated":true}]}}