{"id":70296795,"date":"2019-09-05T16:10:24","date_gmt":"2019-09-05T14:10:24","guid":{"rendered":"http:\/\/abisagtuellmann.bpk-news.de\/atbild\/senghor-prozess-gegen-die-sds-mitglieder-guenter-amendt-hans-juergen-krahl-und-karl-dietrich-wolff\/"},"modified":"2019-09-05T16:10:39","modified_gmt":"2019-09-05T14:10:39","slug":"senghor-prozess-gegen-die-sds-mitglieder-guenter-amendt-hans-juergen-krahl-und-karl-dietrich-wolff","status":"publish","type":"product","link":"https:\/\/bpk-archive.de\/tuellmann\/produkt\/senghor-prozess-gegen-die-sds-mitglieder-guenter-amendt-hans-juergen-krahl-und-karl-dietrich-wolff\/","title":{"rendered":"&#8222;Senghor-Prozess&#8220; gegen die SDS-Mitglieder G\u00fcnter Amendt, Hans-J\u00fcrgen Krahl und Karl Dietrich Wolff"},"content":{"rendered":"<p>Claudia Littmann und G\u00fcnther Amendt auf dem Weg in den Gerichtssaal Der Prozess wegen &#8222;R\u00e4delsf\u00fchrerschaft&#8220; bei der Demonstration am 22. September 1968 gegen die Verleihung des Friedenspreises des Deutschen Buchhandels an den senegalesischen Pr\u00e4sidenten Senghor begann am 16. Oktober 1969 in Frankfurt. Amendt, Krahl und Wolff wurden am 24. Dezember 1969 wegen Aufruhr, Landfriedensbruch und R\u00e4delsf\u00fchrerschaft zu jeweils einem Jahr und neun Monaten Gef\u00e4ngnis verurteilt.<\/p>\n","protected":false},"excerpt":{"rendered":"<p>Claudia Littmann und G\u00fcnther Amendt auf dem Weg in den Gerichtssaal Der Prozess wegen &#8222;R\u00e4delsf\u00fchrerschaft&#8220; bei der Demonstration am 22. September 1968 gegen die Verleihung des Friedenspreises des Deutschen Buchhandels an den senegalesischen Pr\u00e4sidenten Senghor begann am 16. Oktober 1969 in Frankfurt. Amendt, Krahl und Wolff wurden am 24. Dezember 1969 wegen Aufruhr, Landfriedensbruch und [&hellip;]<\/p>\n","protected":false},"featured_media":70292756,"template":"","meta":[],"product_brand":[],"product_cat":[],"product_tag":[13774,13232,13234,13231,13233,13775,62742,13777,51714,13469,13470,13253,13254,13255,13256,13257,13471,13472,13473,13293,13786,13787,13294,13295,13296,13297,13485,13486,13482,13481,13483,13484,13492,13493,13494,13495,13496,13497,13498,13328,13827,13828,13329,13330,13331,13332,53482,53483,53484,53485,13843,13877,13879,13865,13864,13866,13858,13859,13860,13861,13862,13863,13867,13869,13870,13871,13872,13878,13880,13525],"class_list":{"0":"post-70296795","1":"product","2":"type-product","3":"status-publish","4":"has-post-thumbnail","6":"product_tag-1960er-jahre","7":"product_tag-20-jahrhundert-nach-chr","8":"product_tag-20-jh-n-chr","9":"product_tag-20-jahrhundert","10":"product_tag-20-jh","11":"product_tag-60er","12":"product_tag-abt_013","13":"product_tag-abzug","14":"product_tag-at_pressefotografie-brd","15":"product_tag-brd","16":"product_tag-bundesrepublik-deutschland","17":"product_tag-deutsch","18":"product_tag-deutsche","19":"product_tag-deutschen","20":"product_tag-deutscher","21":"product_tag-deutsches","22":"product_tag-deutschland","23":"product_tag-deutschlands","24":"product_tag-drinnen","25":"product_tag-foto","26":"product_tag-fotoabzug","27":"product_tag-fotoabzuege","28":"product_tag-fotografie","29":"product_tag-fotografien","30":"product_tag-fotografin","31":"product_tag-fotografinnen","32":"product_tag-frankfurt-m","33":"product_tag-frankfurt-main","34":"product_tag-frankfurt-a-main","35":"product_tag-frankfurt-a-m","36":"product_tag-frankfurt-am-main","37":"product_tag-frankfurter","38":"product_tag-hessen","39":"product_tag-hessisch","40":"product_tag-hessische","41":"product_tag-hessischen","42":"product_tag-hessischer","43":"product_tag-hessisches","44":"product_tag-innen","45":"product_tag-photo","46":"product_tag-photoabzug","47":"product_tag-photoabzuege","48":"product_tag-photographie","49":"product_tag-photographien","50":"product_tag-photographin","51":"product_tag-photographinnen","52":"product_tag-pressefoto","53":"product_tag-pressefotos","54":"product_tag-pressephoto","55":"product_tag-pressephotos","56":"product_tag-print","57":"product_tag-s-w-fotografie","58":"product_tag-s-w-photographie","59":"product_tag-schwarzweissphotographie","60":"product_tag-schwarz-weiss-fotografie","61":"product_tag-schwarz-weiss-photographie","62":"product_tag-schwarzweiss","63":"product_tag-schwarzweisse","64":"product_tag-schwarzweissen","65":"product_tag-schwarzweisser","66":"product_tag-schwarzweisses","67":"product_tag-schwarzweissfotografie","68":"product_tag-sechziger","69":"product_tag-silbergelatine","70":"product_tag-silbergelatineabzug","71":"product_tag-silbergelatineabzuege","72":"product_tag-silbergelatineprint","73":"product_tag-sw-fotografie","74":"product_tag-sw-photographie","75":"product_tag-von-innen","76":"pa_datierung-16-10-1969","77":"pa_fotograf-abisag-tuellmann","78":"pa_geografischer_bezug-aufnahmeort-frankfurt-am-main-deutschland","79":"pa_grunddaten_material_technik-foto-silbergelatine-auf-barytpapier","80":"pa_inventarnummer-tue-69-254-12","81":"pa_jahr_von-14258","82":"pa_massangaben-bildformat-foto-232-x-297-cm","83":"pa_mediennummer-65127","84":"pa_objekt_typ-fotografie","86":"first","87":"instock","88":"product-type-simple"},"yoast_head":"<!-- This site is optimized with the Yoast SEO plugin v27.4 - https:\/\/yoast.com\/product\/yoast-seo-wordpress\/ -->\n<title>&quot;Senghor-Prozess&quot; gegen die SDS-Mitglieder G\u00fcnter Amendt, Hans-J\u00fcrgen Krahl und Karl Dietrich Wolff - Abisag T\u00fcllmann<\/title>\n<meta name=\"robots\" content=\"index, follow, max-snippet:-1, max-image-preview:large, max-video-preview:-1\" \/>\n<link rel=\"canonical\" href=\"https:\/\/bpk-archive.de\/tuellmann\/produkt\/senghor-prozess-gegen-die-sds-mitglieder-guenter-amendt-hans-juergen-krahl-und-karl-dietrich-wolff\/\" \/>\n<meta property=\"og:locale\" content=\"de_DE\" \/>\n<meta property=\"og:type\" content=\"article\" \/>\n<meta property=\"og:title\" content=\"&quot;Senghor-Prozess&quot; gegen die SDS-Mitglieder G\u00fcnter Amendt, Hans-J\u00fcrgen Krahl und Karl Dietrich Wolff - Abisag T\u00fcllmann\" \/>\n<meta property=\"og:description\" content=\"Claudia Littmann und G\u00fcnther Amendt auf dem Weg in den Gerichtssaal Der Prozess wegen &#8222;R\u00e4delsf\u00fchrerschaft&#8220; bei der Demonstration am 22. September 1968 gegen die Verleihung des Friedenspreises des Deutschen Buchhandels an den senegalesischen Pr\u00e4sidenten Senghor begann am 16. Oktober 1969 in Frankfurt. Amendt, Krahl und Wolff wurden am 24. Dezember 1969 wegen Aufruhr, Landfriedensbruch und [&hellip;]\" \/>\n<meta property=\"og:url\" content=\"https:\/\/bpk-archive.de\/tuellmann\/produkt\/senghor-prozess-gegen-die-sds-mitglieder-guenter-amendt-hans-juergen-krahl-und-karl-dietrich-wolff\/\" \/>\n<meta property=\"og:site_name\" content=\"Abisag T\u00fcllmann\" \/>\n<meta property=\"article:modified_time\" content=\"2019-09-05T14:10:39+00:00\" \/>\n<meta property=\"og:image\" content=\"https:\/\/bpk-archive.de\/tuellmann\/wp-content\/uploads\/2019\/08\/bpk_70243299.jpg\" \/>\n\t<meta property=\"og:image:width\" content=\"1200\" \/>\n\t<meta property=\"og:image:height\" content=\"948\" \/>\n\t<meta property=\"og:image:type\" content=\"image\/jpeg\" \/>\n<meta name=\"twitter:card\" content=\"summary_large_image\" \/>\n<script type=\"application\/ld+json\" class=\"yoast-schema-graph\">{\"@context\":\"https:\\\/\\\/schema.org\",\"@graph\":[{\"@type\":\"WebPage\",\"@id\":\"https:\\\/\\\/bpk-archive.de\\\/tuellmann\\\/produkt\\\/senghor-prozess-gegen-die-sds-mitglieder-guenter-amendt-hans-juergen-krahl-und-karl-dietrich-wolff\\\/\",\"url\":\"https:\\\/\\\/bpk-archive.de\\\/tuellmann\\\/produkt\\\/senghor-prozess-gegen-die-sds-mitglieder-guenter-amendt-hans-juergen-krahl-und-karl-dietrich-wolff\\\/\",\"name\":\"\\\"Senghor-Prozess\\\" gegen die SDS-Mitglieder G\u00fcnter Amendt, Hans-J\u00fcrgen Krahl und Karl Dietrich Wolff - Abisag T\u00fcllmann\",\"isPartOf\":{\"@id\":\"https:\\\/\\\/bpk-archive.de\\\/tuellmann\\\/#website\"},\"primaryImageOfPage\":{\"@id\":\"https:\\\/\\\/bpk-archive.de\\\/tuellmann\\\/produkt\\\/senghor-prozess-gegen-die-sds-mitglieder-guenter-amendt-hans-juergen-krahl-und-karl-dietrich-wolff\\\/#primaryimage\"},\"image\":{\"@id\":\"https:\\\/\\\/bpk-archive.de\\\/tuellmann\\\/produkt\\\/senghor-prozess-gegen-die-sds-mitglieder-guenter-amendt-hans-juergen-krahl-und-karl-dietrich-wolff\\\/#primaryimage\"},\"thumbnailUrl\":\"https:\\\/\\\/bpk-archive.de\\\/tuellmann\\\/wp-content\\\/uploads\\\/2019\\\/08\\\/bpk_70243299.jpg\",\"datePublished\":\"2019-09-05T14:10:24+00:00\",\"dateModified\":\"2019-09-05T14:10:39+00:00\",\"breadcrumb\":{\"@id\":\"https:\\\/\\\/bpk-archive.de\\\/tuellmann\\\/produkt\\\/senghor-prozess-gegen-die-sds-mitglieder-guenter-amendt-hans-juergen-krahl-und-karl-dietrich-wolff\\\/#breadcrumb\"},\"inLanguage\":\"de\",\"potentialAction\":[{\"@type\":\"ReadAction\",\"target\":[\"https:\\\/\\\/bpk-archive.de\\\/tuellmann\\\/produkt\\\/senghor-prozess-gegen-die-sds-mitglieder-guenter-amendt-hans-juergen-krahl-und-karl-dietrich-wolff\\\/\"]}]},{\"@type\":\"ImageObject\",\"inLanguage\":\"de\",\"@id\":\"https:\\\/\\\/bpk-archive.de\\\/tuellmann\\\/produkt\\\/senghor-prozess-gegen-die-sds-mitglieder-guenter-amendt-hans-juergen-krahl-und-karl-dietrich-wolff\\\/#primaryimage\",\"url\":\"https:\\\/\\\/bpk-archive.de\\\/tuellmann\\\/wp-content\\\/uploads\\\/2019\\\/08\\\/bpk_70243299.jpg\",\"contentUrl\":\"https:\\\/\\\/bpk-archive.de\\\/tuellmann\\\/wp-content\\\/uploads\\\/2019\\\/08\\\/bpk_70243299.jpg\",\"width\":1200,\"height\":948,\"caption\":\"\\\"Senghor-Prozess\\\" gegen die SDS-Mitglieder G\u00fcnter Amendt, Hans-J\u00fcrgen Krahl und Karl Dietrich Wolff\"},{\"@type\":\"BreadcrumbList\",\"@id\":\"https:\\\/\\\/bpk-archive.de\\\/tuellmann\\\/produkt\\\/senghor-prozess-gegen-die-sds-mitglieder-guenter-amendt-hans-juergen-krahl-und-karl-dietrich-wolff\\\/#breadcrumb\",\"itemListElement\":[{\"@type\":\"ListItem\",\"position\":1,\"name\":\"Startseite\",\"item\":\"https:\\\/\\\/bpk-archive.de\\\/tuellmann\\\/\"},{\"@type\":\"ListItem\",\"position\":2,\"name\":\"Shop\",\"item\":\"https:\\\/\\\/bpk-archive.de\\\/tuellmann\\\/shop\\\/\"},{\"@type\":\"ListItem\",\"position\":3,\"name\":\"&#8220;Senghor-Prozess&#8221; gegen die SDS-Mitglieder G\u00fcnter Amendt, Hans-J\u00fcrgen Krahl und Karl Dietrich Wolff\"}]},{\"@type\":\"WebSite\",\"@id\":\"https:\\\/\\\/bpk-archive.de\\\/tuellmann\\\/#website\",\"url\":\"https:\\\/\\\/bpk-archive.de\\\/tuellmann\\\/\",\"name\":\"Abisag T\u00fcllmann\",\"description\":\"Eine weitere WordPress-Website\",\"potentialAction\":[{\"@type\":\"SearchAction\",\"target\":{\"@type\":\"EntryPoint\",\"urlTemplate\":\"https:\\\/\\\/bpk-archive.de\\\/tuellmann\\\/?s={search_term_string}\"},\"query-input\":{\"@type\":\"PropertyValueSpecification\",\"valueRequired\":true,\"valueName\":\"search_term_string\"}}],\"inLanguage\":\"de\"}]}<\/script>\n<!-- \/ Yoast SEO plugin. -->","yoast_head_json":{"title":"\"Senghor-Prozess\" gegen die SDS-Mitglieder G\u00fcnter Amendt, Hans-J\u00fcrgen Krahl und Karl Dietrich Wolff - Abisag T\u00fcllmann","robots":{"index":"index","follow":"follow","max-snippet":"max-snippet:-1","max-image-preview":"max-image-preview:large","max-video-preview":"max-video-preview:-1"},"canonical":"https:\/\/bpk-archive.de\/tuellmann\/produkt\/senghor-prozess-gegen-die-sds-mitglieder-guenter-amendt-hans-juergen-krahl-und-karl-dietrich-wolff\/","og_locale":"de_DE","og_type":"article","og_title":"\"Senghor-Prozess\" gegen die SDS-Mitglieder G\u00fcnter Amendt, Hans-J\u00fcrgen Krahl und Karl Dietrich Wolff - Abisag T\u00fcllmann","og_description":"Claudia Littmann und G\u00fcnther Amendt auf dem Weg in den Gerichtssaal Der Prozess wegen &#8222;R\u00e4delsf\u00fchrerschaft&#8220; bei der Demonstration am 22. September 1968 gegen die Verleihung des Friedenspreises des Deutschen Buchhandels an den senegalesischen Pr\u00e4sidenten Senghor begann am 16. Oktober 1969 in Frankfurt. Amendt, Krahl und Wolff wurden am 24. Dezember 1969 wegen Aufruhr, Landfriedensbruch und [&hellip;]","og_url":"https:\/\/bpk-archive.de\/tuellmann\/produkt\/senghor-prozess-gegen-die-sds-mitglieder-guenter-amendt-hans-juergen-krahl-und-karl-dietrich-wolff\/","og_site_name":"Abisag T\u00fcllmann","article_modified_time":"2019-09-05T14:10:39+00:00","og_image":[{"width":1200,"height":948,"url":"https:\/\/bpk-archive.de\/tuellmann\/wp-content\/uploads\/2019\/08\/bpk_70243299.jpg","type":"image\/jpeg"}],"twitter_card":"summary_large_image","schema":{"@context":"https:\/\/schema.org","@graph":[{"@type":"WebPage","@id":"https:\/\/bpk-archive.de\/tuellmann\/produkt\/senghor-prozess-gegen-die-sds-mitglieder-guenter-amendt-hans-juergen-krahl-und-karl-dietrich-wolff\/","url":"https:\/\/bpk-archive.de\/tuellmann\/produkt\/senghor-prozess-gegen-die-sds-mitglieder-guenter-amendt-hans-juergen-krahl-und-karl-dietrich-wolff\/","name":"\"Senghor-Prozess\" gegen die SDS-Mitglieder G\u00fcnter Amendt, Hans-J\u00fcrgen Krahl und Karl Dietrich Wolff - Abisag T\u00fcllmann","isPartOf":{"@id":"https:\/\/bpk-archive.de\/tuellmann\/#website"},"primaryImageOfPage":{"@id":"https:\/\/bpk-archive.de\/tuellmann\/produkt\/senghor-prozess-gegen-die-sds-mitglieder-guenter-amendt-hans-juergen-krahl-und-karl-dietrich-wolff\/#primaryimage"},"image":{"@id":"https:\/\/bpk-archive.de\/tuellmann\/produkt\/senghor-prozess-gegen-die-sds-mitglieder-guenter-amendt-hans-juergen-krahl-und-karl-dietrich-wolff\/#primaryimage"},"thumbnailUrl":"https:\/\/bpk-archive.de\/tuellmann\/wp-content\/uploads\/2019\/08\/bpk_70243299.jpg","datePublished":"2019-09-05T14:10:24+00:00","dateModified":"2019-09-05T14:10:39+00:00","breadcrumb":{"@id":"https:\/\/bpk-archive.de\/tuellmann\/produkt\/senghor-prozess-gegen-die-sds-mitglieder-guenter-amendt-hans-juergen-krahl-und-karl-dietrich-wolff\/#breadcrumb"},"inLanguage":"de","potentialAction":[{"@type":"ReadAction","target":["https:\/\/bpk-archive.de\/tuellmann\/produkt\/senghor-prozess-gegen-die-sds-mitglieder-guenter-amendt-hans-juergen-krahl-und-karl-dietrich-wolff\/"]}]},{"@type":"ImageObject","inLanguage":"de","@id":"https:\/\/bpk-archive.de\/tuellmann\/produkt\/senghor-prozess-gegen-die-sds-mitglieder-guenter-amendt-hans-juergen-krahl-und-karl-dietrich-wolff\/#primaryimage","url":"https:\/\/bpk-archive.de\/tuellmann\/wp-content\/uploads\/2019\/08\/bpk_70243299.jpg","contentUrl":"https:\/\/bpk-archive.de\/tuellmann\/wp-content\/uploads\/2019\/08\/bpk_70243299.jpg","width":1200,"height":948,"caption":"\"Senghor-Prozess\" gegen die SDS-Mitglieder G\u00fcnter Amendt, Hans-J\u00fcrgen Krahl und Karl Dietrich Wolff"},{"@type":"BreadcrumbList","@id":"https:\/\/bpk-archive.de\/tuellmann\/produkt\/senghor-prozess-gegen-die-sds-mitglieder-guenter-amendt-hans-juergen-krahl-und-karl-dietrich-wolff\/#breadcrumb","itemListElement":[{"@type":"ListItem","position":1,"name":"Startseite","item":"https:\/\/bpk-archive.de\/tuellmann\/"},{"@type":"ListItem","position":2,"name":"Shop","item":"https:\/\/bpk-archive.de\/tuellmann\/shop\/"},{"@type":"ListItem","position":3,"name":"&#8220;Senghor-Prozess&#8221; gegen die SDS-Mitglieder G\u00fcnter Amendt, Hans-J\u00fcrgen Krahl und Karl Dietrich Wolff"}]},{"@type":"WebSite","@id":"https:\/\/bpk-archive.de\/tuellmann\/#website","url":"https:\/\/bpk-archive.de\/tuellmann\/","name":"Abisag T\u00fcllmann","description":"Eine weitere WordPress-Website","potentialAction":[{"@type":"SearchAction","target":{"@type":"EntryPoint","urlTemplate":"https:\/\/bpk-archive.de\/tuellmann\/?s={search_term_string}"},"query-input":{"@type":"PropertyValueSpecification","valueRequired":true,"valueName":"search_term_string"}}],"inLanguage":"de"}]}},"_links":{"self":[{"href":"https:\/\/bpk-archive.de\/tuellmann\/wp-json\/wp\/v2\/product\/70296795","targetHints":{"allow":["GET"]}}],"collection":[{"href":"https:\/\/bpk-archive.de\/tuellmann\/wp-json\/wp\/v2\/product"}],"about":[{"href":"https:\/\/bpk-archive.de\/tuellmann\/wp-json\/wp\/v2\/types\/product"}],"wp:featuredmedia":[{"embeddable":true,"href":"https:\/\/bpk-archive.de\/tuellmann\/wp-json\/wp\/v2\/media\/70292756"}],"wp:attachment":[{"href":"https:\/\/bpk-archive.de\/tuellmann\/wp-json\/wp\/v2\/media?parent=70296795"}],"wp:term":[{"taxonomy":"product_brand","embeddable":true,"href":"https:\/\/bpk-archive.de\/tuellmann\/wp-json\/wp\/v2\/product_brand?post=70296795"},{"taxonomy":"product_cat","embeddable":true,"href":"https:\/\/bpk-archive.de\/tuellmann\/wp-json\/wp\/v2\/product_cat?post=70296795"},{"taxonomy":"product_tag","embeddable":true,"href":"https:\/\/bpk-archive.de\/tuellmann\/wp-json\/wp\/v2\/product_tag?post=70296795"}],"curies":[{"name":"wp","href":"https:\/\/api.w.org\/{rel}","templated":true}]}}