{"id":70296793,"date":"2019-09-05T16:10:24","date_gmt":"2019-09-05T14:10:24","guid":{"rendered":"http:\/\/abisagtuellmann.bpk-news.de\/atbild\/treffen-von-bundeskanzler-willy-brandt-und-ddr-ministerpraesident-willi-stoph-zum-innerdeutschen-gipfel-in-kassel-4\/"},"modified":"2019-09-05T16:10:37","modified_gmt":"2019-09-05T14:10:37","slug":"treffen-von-bundeskanzler-willy-brandt-und-ddr-ministerpraesident-willi-stoph-zum-innerdeutschen-gipfel-in-kassel-4","status":"publish","type":"product","link":"https:\/\/bpk-archive.de\/tuellmann\/produkt\/treffen-von-bundeskanzler-willy-brandt-und-ddr-ministerpraesident-willi-stoph-zum-innerdeutschen-gipfel-in-kassel-4\/","title":{"rendered":"Treffen von Bundeskanzler Willy Brandt und DDR-Ministerpr\u00e4sident Willi Stoph zum innerdeutschen Gipfel in Kassel"},"content":{"rendered":"<p>Aufeinandertreffen von Demonstranten und Polizisten am Ehrenmal. Auf den Schildern der DDR-Gegner sind Parolen wie &#8222;Freiz\u00fcgigkeit f\u00fcr alle Deutschen&#8220; und &#8222;Ulbricht und Stoph Schreibtisch-M\u00f6rder&#8220; zu lesen<\/p>\n","protected":false},"excerpt":{"rendered":"<p>Aufeinandertreffen von Demonstranten und Polizisten am Ehrenmal. Auf den Schildern der DDR-Gegner sind Parolen wie &#8222;Freiz\u00fcgigkeit f\u00fcr alle Deutschen&#8220; und &#8222;Ulbricht und Stoph Schreibtisch-M\u00f6rder&#8220; zu lesen<\/p>\n","protected":false},"featured_media":70292676,"template":"","meta":[],"product_brand":[],"product_cat":[],"product_tag":[13230,13232,13234,13231,13233,13235,47922,47923,62742,13777,51714,65104,65105,13250,47549,47550,47551,47552,47553,13606,13469,58003,58004,62760,62761,13470,53393,13607,13608,13609,13610,13611,13612,13613,13622,13623,13624,13253,62762,62763,13254,53398,13255,53399,13256,13257,13471,13472,62764,13260,65108,65109,65110,65111,49500,49501,13293,13786,13787,13294,13295,13296,13297,47267,47519,13492,13493,13494,13495,13496,13497,13301,62765,62766,62767,62768,56871,56872,13626,13627,65123,65124,53567,53668,53568,53669,13319,13320,13321,13322,13323,49229,49230,13328,13827,13828,13329,13330,13331,13332,47332,50733,50734,48322,48496,51762,48497,48498,53482,53803,53483,53484,53804,53485,13843,13641,13642,13643,13644,13645,13646,13647,13648,13649,13653,47333,47334,47335,47336,47337,13877,13879,13865,13864,13866,13858,13859,13860,13861,13862,13863,13354,13869,13870,13871,13872,49236,62769,62770,53107,53108,53109,53110,53111,62552,62553,62554,47564,13878,13880,13655,13656,49651,49652,13375,13376,58005,58006,58007,54930,54931],"class_list":{"0":"post-70296793","1":"product","2":"type-product","3":"status-publish","4":"has-post-thumbnail","6":"product_tag-1970er-jahre","7":"product_tag-20-jahrhundert-nach-chr","8":"product_tag-20-jh-n-chr","9":"product_tag-20-jahrhundert","10":"product_tag-20-jh","11":"product_tag-70er","12":"product_tag-absperrung","13":"product_tag-absperrungen","14":"product_tag-abt_013","15":"product_tag-abzug","16":"product_tag-at_pressefotografie-brd","17":"product_tag-ausschreitung","18":"product_tag-ausschreitungen","19":"product_tag-aussen","20":"product_tag-auto","21":"product_tag-automobil","22":"product_tag-automobile","23":"product_tag-automobils","24":"product_tag-autos","25":"product_tag-banner","26":"product_tag-brd","27":"product_tag-bulli","28":"product_tag-bully","29":"product_tag-bundeskanzler","30":"product_tag-bundeskanzlers","31":"product_tag-bundesrepublik-deutschland","32":"product_tag-ddr","33":"product_tag-demo","34":"product_tag-demonstrant","35":"product_tag-demonstranten","36":"product_tag-demonstration","37":"product_tag-demonstrationen","38":"product_tag-demonstrationsplakat","39":"product_tag-demonstrationsschild","40":"product_tag-demoplakat","41":"product_tag-demos","42":"product_tag-demoschild","43":"product_tag-deutsch","44":"product_tag-deutsch-deutsche-beziehungen","45":"product_tag-deutsch-deutschen-beziehungen","46":"product_tag-deutsche","47":"product_tag-deutsche-demokratische-republik","48":"product_tag-deutschen","49":"product_tag-deutschen-demokratischen-republik","50":"product_tag-deutscher","51":"product_tag-deutsches","52":"product_tag-deutschland","53":"product_tag-deutschlands","54":"product_tag-diplomatie","55":"product_tag-draussen","56":"product_tag-ehrenmal","57":"product_tag-ehrenmale","58":"product_tag-ehrenmaeler","59":"product_tag-ehrenmals","60":"product_tag-forderung","61":"product_tag-forderungen","62":"product_tag-foto","63":"product_tag-fotoabzug","64":"product_tag-fotoabzuege","65":"product_tag-fotografie","66":"product_tag-fotografien","67":"product_tag-fotografin","68":"product_tag-fotografinnen","69":"product_tag-fotoreportage","70":"product_tag-gedraenge","71":"product_tag-hessen","72":"product_tag-hessisch","73":"product_tag-hessische","74":"product_tag-hessischen","75":"product_tag-hessischer","76":"product_tag-hessisches","77":"product_tag-im-freien","78":"product_tag-innerdeutsche-beziehungen","79":"product_tag-innerdeutschen-beziehungen","80":"product_tag-kanzler","81":"product_tag-kanzlers","82":"product_tag-kassel","83":"product_tag-kasseler","84":"product_tag-kundgebung","85":"product_tag-kundgebungen","86":"product_tag-lautsprecherwagen","87":"product_tag-lautsprecherwagens","88":"product_tag-megafon","89":"product_tag-megafone","90":"product_tag-megaphon","91":"product_tag-megaphone","92":"product_tag-menschenansammlung","93":"product_tag-menschenauflauf","94":"product_tag-menschenmassen","95":"product_tag-menschenmenge","96":"product_tag-menschenschar","97":"product_tag-parole","98":"product_tag-parolen","99":"product_tag-photo","100":"product_tag-photoabzug","101":"product_tag-photoabzuege","102":"product_tag-photographie","103":"product_tag-photographien","104":"product_tag-photographin","105":"product_tag-photographinnen","106":"product_tag-photoreportage","107":"product_tag-platz","108":"product_tag-plaetze","109":"product_tag-politik","110":"product_tag-polizei","111":"product_tag-polizeieinsatz","112":"product_tag-polizist","113":"product_tag-polizisten","114":"product_tag-pressefoto","115":"product_tag-pressefotografie","116":"product_tag-pressefotos","117":"product_tag-pressephoto","118":"product_tag-pressephotographie","119":"product_tag-pressephotos","120":"product_tag-print","121":"product_tag-protest","122":"product_tag-proteste","123":"product_tag-protestieren","124":"product_tag-protestierend","125":"product_tag-protestierende","126":"product_tag-protestierenden","127":"product_tag-protestierender","128":"product_tag-protestierendes","129":"product_tag-protestiert","130":"product_tag-protestschild","131":"product_tag-reportage","132":"product_tag-reportagefoto","133":"product_tag-reportagefotografie","134":"product_tag-reportagephoto","135":"product_tag-reportagephotographie","136":"product_tag-s-w-fotografie","137":"product_tag-s-w-photographie","138":"product_tag-schwarzweissphotographie","139":"product_tag-schwarz-weiss-fotografie","140":"product_tag-schwarz-weiss-photographie","141":"product_tag-schwarzweiss","142":"product_tag-schwarzweisse","143":"product_tag-schwarzweissen","144":"product_tag-schwarzweisser","145":"product_tag-schwarzweisses","146":"product_tag-schwarzweissfotografie","147":"product_tag-siebziger","148":"product_tag-silbergelatine","149":"product_tag-silbergelatineabzug","150":"product_tag-silbergelatineabzuege","151":"product_tag-silbergelatineprint","152":"product_tag-slogan","153":"product_tag-staatsakt","154":"product_tag-staatsakte","155":"product_tag-staatschef","156":"product_tag-staatschefs","157":"product_tag-staatsoberhaupt","158":"product_tag-staatsoberhauptes","159":"product_tag-staatsoberhaupts","160":"product_tag-staatsratsvorsitzende","161":"product_tag-staatsratsvorsitzenden","162":"product_tag-staatsratsvorsitzender","163":"product_tag-strassenrand","164":"product_tag-sw-fotografie","165":"product_tag-sw-photographie","166":"product_tag-transparent","167":"product_tag-transparente","168":"product_tag-treffen","169":"product_tag-treffens","170":"product_tag-veranstaltung","171":"product_tag-veranstaltungen","172":"product_tag-vw-bulli","173":"product_tag-vw-bullis","174":"product_tag-vw-bus","175":"product_tag-zusammenkunft","176":"product_tag-zusammenkuenfte","177":"pa_datierung-21-05-1970","178":"pa_fotograf-abisag-tuellmann","179":"pa_geografischer_bezug-aufnahmeort-kassel-deutschland","180":"pa_grunddaten_material_technik-foto-silbergelatine-auf-barytpapier","181":"pa_inventarnummer-tue-70-172-20a","182":"pa_jahr_von-53324","183":"pa_massangaben-bildformat-foto-237-x-293-cm","184":"pa_mediennummer-65121","185":"pa_objekt_typ-fotografie","187":"first","188":"instock","189":"product-type-simple"},"yoast_head":"<!-- This site is optimized with the Yoast SEO plugin v27.4 - https:\/\/yoast.com\/product\/yoast-seo-wordpress\/ -->\n<title>Treffen von Bundeskanzler Willy Brandt und DDR-Ministerpr\u00e4sident Willi Stoph zum innerdeutschen Gipfel in Kassel - Abisag T\u00fcllmann<\/title>\n<meta name=\"robots\" content=\"index, follow, max-snippet:-1, max-image-preview:large, max-video-preview:-1\" \/>\n<link rel=\"canonical\" href=\"https:\/\/bpk-archive.de\/tuellmann\/produkt\/treffen-von-bundeskanzler-willy-brandt-und-ddr-ministerpraesident-willi-stoph-zum-innerdeutschen-gipfel-in-kassel-4\/\" \/>\n<meta property=\"og:locale\" content=\"de_DE\" \/>\n<meta property=\"og:type\" content=\"article\" \/>\n<meta property=\"og:title\" content=\"Treffen von Bundeskanzler Willy Brandt und DDR-Ministerpr\u00e4sident Willi Stoph zum innerdeutschen Gipfel in Kassel - Abisag T\u00fcllmann\" \/>\n<meta property=\"og:description\" content=\"Aufeinandertreffen von Demonstranten und Polizisten am Ehrenmal. Auf den Schildern der DDR-Gegner sind Parolen wie &#8222;Freiz\u00fcgigkeit f\u00fcr alle Deutschen&#8220; und &#8222;Ulbricht und Stoph Schreibtisch-M\u00f6rder&#8220; zu lesen\" \/>\n<meta property=\"og:url\" content=\"https:\/\/bpk-archive.de\/tuellmann\/produkt\/treffen-von-bundeskanzler-willy-brandt-und-ddr-ministerpraesident-willi-stoph-zum-innerdeutschen-gipfel-in-kassel-4\/\" \/>\n<meta property=\"og:site_name\" content=\"Abisag T\u00fcllmann\" \/>\n<meta property=\"article:modified_time\" content=\"2019-09-05T14:10:37+00:00\" \/>\n<meta property=\"og:image\" content=\"https:\/\/bpk-archive.de\/tuellmann\/wp-content\/uploads\/2019\/08\/bpk_70243322.jpg\" \/>\n\t<meta property=\"og:image:width\" content=\"1200\" \/>\n\t<meta property=\"og:image:height\" content=\"976\" \/>\n\t<meta property=\"og:image:type\" content=\"image\/jpeg\" \/>\n<meta name=\"twitter:card\" content=\"summary_large_image\" \/>\n<script type=\"application\/ld+json\" class=\"yoast-schema-graph\">{\"@context\":\"https:\\\/\\\/schema.org\",\"@graph\":[{\"@type\":\"WebPage\",\"@id\":\"https:\\\/\\\/bpk-archive.de\\\/tuellmann\\\/produkt\\\/treffen-von-bundeskanzler-willy-brandt-und-ddr-ministerpraesident-willi-stoph-zum-innerdeutschen-gipfel-in-kassel-4\\\/\",\"url\":\"https:\\\/\\\/bpk-archive.de\\\/tuellmann\\\/produkt\\\/treffen-von-bundeskanzler-willy-brandt-und-ddr-ministerpraesident-willi-stoph-zum-innerdeutschen-gipfel-in-kassel-4\\\/\",\"name\":\"Treffen von Bundeskanzler Willy Brandt und DDR-Ministerpr\u00e4sident Willi Stoph zum innerdeutschen Gipfel in Kassel - Abisag T\u00fcllmann\",\"isPartOf\":{\"@id\":\"https:\\\/\\\/bpk-archive.de\\\/tuellmann\\\/#website\"},\"primaryImageOfPage\":{\"@id\":\"https:\\\/\\\/bpk-archive.de\\\/tuellmann\\\/produkt\\\/treffen-von-bundeskanzler-willy-brandt-und-ddr-ministerpraesident-willi-stoph-zum-innerdeutschen-gipfel-in-kassel-4\\\/#primaryimage\"},\"image\":{\"@id\":\"https:\\\/\\\/bpk-archive.de\\\/tuellmann\\\/produkt\\\/treffen-von-bundeskanzler-willy-brandt-und-ddr-ministerpraesident-willi-stoph-zum-innerdeutschen-gipfel-in-kassel-4\\\/#primaryimage\"},\"thumbnailUrl\":\"https:\\\/\\\/bpk-archive.de\\\/tuellmann\\\/wp-content\\\/uploads\\\/2019\\\/08\\\/bpk_70243322.jpg\",\"datePublished\":\"2019-09-05T14:10:24+00:00\",\"dateModified\":\"2019-09-05T14:10:37+00:00\",\"breadcrumb\":{\"@id\":\"https:\\\/\\\/bpk-archive.de\\\/tuellmann\\\/produkt\\\/treffen-von-bundeskanzler-willy-brandt-und-ddr-ministerpraesident-willi-stoph-zum-innerdeutschen-gipfel-in-kassel-4\\\/#breadcrumb\"},\"inLanguage\":\"de\",\"potentialAction\":[{\"@type\":\"ReadAction\",\"target\":[\"https:\\\/\\\/bpk-archive.de\\\/tuellmann\\\/produkt\\\/treffen-von-bundeskanzler-willy-brandt-und-ddr-ministerpraesident-willi-stoph-zum-innerdeutschen-gipfel-in-kassel-4\\\/\"]}]},{\"@type\":\"ImageObject\",\"inLanguage\":\"de\",\"@id\":\"https:\\\/\\\/bpk-archive.de\\\/tuellmann\\\/produkt\\\/treffen-von-bundeskanzler-willy-brandt-und-ddr-ministerpraesident-willi-stoph-zum-innerdeutschen-gipfel-in-kassel-4\\\/#primaryimage\",\"url\":\"https:\\\/\\\/bpk-archive.de\\\/tuellmann\\\/wp-content\\\/uploads\\\/2019\\\/08\\\/bpk_70243322.jpg\",\"contentUrl\":\"https:\\\/\\\/bpk-archive.de\\\/tuellmann\\\/wp-content\\\/uploads\\\/2019\\\/08\\\/bpk_70243322.jpg\",\"width\":1200,\"height\":976,\"caption\":\"Treffen von Bundeskanzler Willy Brandt und DDR-Ministerpr\u00e4sident Willi Stoph zum innerdeutschen Gipfel in Kassel\"},{\"@type\":\"BreadcrumbList\",\"@id\":\"https:\\\/\\\/bpk-archive.de\\\/tuellmann\\\/produkt\\\/treffen-von-bundeskanzler-willy-brandt-und-ddr-ministerpraesident-willi-stoph-zum-innerdeutschen-gipfel-in-kassel-4\\\/#breadcrumb\",\"itemListElement\":[{\"@type\":\"ListItem\",\"position\":1,\"name\":\"Startseite\",\"item\":\"https:\\\/\\\/bpk-archive.de\\\/tuellmann\\\/\"},{\"@type\":\"ListItem\",\"position\":2,\"name\":\"Shop\",\"item\":\"https:\\\/\\\/bpk-archive.de\\\/tuellmann\\\/shop\\\/\"},{\"@type\":\"ListItem\",\"position\":3,\"name\":\"Treffen von Bundeskanzler Willy Brandt und DDR-Ministerpr\u00e4sident Willi Stoph zum innerdeutschen Gipfel in Kassel\"}]},{\"@type\":\"WebSite\",\"@id\":\"https:\\\/\\\/bpk-archive.de\\\/tuellmann\\\/#website\",\"url\":\"https:\\\/\\\/bpk-archive.de\\\/tuellmann\\\/\",\"name\":\"Abisag T\u00fcllmann\",\"description\":\"Eine weitere WordPress-Website\",\"potentialAction\":[{\"@type\":\"SearchAction\",\"target\":{\"@type\":\"EntryPoint\",\"urlTemplate\":\"https:\\\/\\\/bpk-archive.de\\\/tuellmann\\\/?s={search_term_string}\"},\"query-input\":{\"@type\":\"PropertyValueSpecification\",\"valueRequired\":true,\"valueName\":\"search_term_string\"}}],\"inLanguage\":\"de\"}]}<\/script>\n<!-- \/ Yoast SEO plugin. -->","yoast_head_json":{"title":"Treffen von Bundeskanzler Willy Brandt und DDR-Ministerpr\u00e4sident Willi Stoph zum innerdeutschen Gipfel in Kassel - Abisag T\u00fcllmann","robots":{"index":"index","follow":"follow","max-snippet":"max-snippet:-1","max-image-preview":"max-image-preview:large","max-video-preview":"max-video-preview:-1"},"canonical":"https:\/\/bpk-archive.de\/tuellmann\/produkt\/treffen-von-bundeskanzler-willy-brandt-und-ddr-ministerpraesident-willi-stoph-zum-innerdeutschen-gipfel-in-kassel-4\/","og_locale":"de_DE","og_type":"article","og_title":"Treffen von Bundeskanzler Willy Brandt und DDR-Ministerpr\u00e4sident Willi Stoph zum innerdeutschen Gipfel in Kassel - Abisag T\u00fcllmann","og_description":"Aufeinandertreffen von Demonstranten und Polizisten am Ehrenmal. Auf den Schildern der DDR-Gegner sind Parolen wie &#8222;Freiz\u00fcgigkeit f\u00fcr alle Deutschen&#8220; und &#8222;Ulbricht und Stoph Schreibtisch-M\u00f6rder&#8220; zu lesen","og_url":"https:\/\/bpk-archive.de\/tuellmann\/produkt\/treffen-von-bundeskanzler-willy-brandt-und-ddr-ministerpraesident-willi-stoph-zum-innerdeutschen-gipfel-in-kassel-4\/","og_site_name":"Abisag T\u00fcllmann","article_modified_time":"2019-09-05T14:10:37+00:00","og_image":[{"width":1200,"height":976,"url":"https:\/\/bpk-archive.de\/tuellmann\/wp-content\/uploads\/2019\/08\/bpk_70243322.jpg","type":"image\/jpeg"}],"twitter_card":"summary_large_image","schema":{"@context":"https:\/\/schema.org","@graph":[{"@type":"WebPage","@id":"https:\/\/bpk-archive.de\/tuellmann\/produkt\/treffen-von-bundeskanzler-willy-brandt-und-ddr-ministerpraesident-willi-stoph-zum-innerdeutschen-gipfel-in-kassel-4\/","url":"https:\/\/bpk-archive.de\/tuellmann\/produkt\/treffen-von-bundeskanzler-willy-brandt-und-ddr-ministerpraesident-willi-stoph-zum-innerdeutschen-gipfel-in-kassel-4\/","name":"Treffen von Bundeskanzler Willy Brandt und DDR-Ministerpr\u00e4sident Willi Stoph zum innerdeutschen Gipfel in Kassel - Abisag T\u00fcllmann","isPartOf":{"@id":"https:\/\/bpk-archive.de\/tuellmann\/#website"},"primaryImageOfPage":{"@id":"https:\/\/bpk-archive.de\/tuellmann\/produkt\/treffen-von-bundeskanzler-willy-brandt-und-ddr-ministerpraesident-willi-stoph-zum-innerdeutschen-gipfel-in-kassel-4\/#primaryimage"},"image":{"@id":"https:\/\/bpk-archive.de\/tuellmann\/produkt\/treffen-von-bundeskanzler-willy-brandt-und-ddr-ministerpraesident-willi-stoph-zum-innerdeutschen-gipfel-in-kassel-4\/#primaryimage"},"thumbnailUrl":"https:\/\/bpk-archive.de\/tuellmann\/wp-content\/uploads\/2019\/08\/bpk_70243322.jpg","datePublished":"2019-09-05T14:10:24+00:00","dateModified":"2019-09-05T14:10:37+00:00","breadcrumb":{"@id":"https:\/\/bpk-archive.de\/tuellmann\/produkt\/treffen-von-bundeskanzler-willy-brandt-und-ddr-ministerpraesident-willi-stoph-zum-innerdeutschen-gipfel-in-kassel-4\/#breadcrumb"},"inLanguage":"de","potentialAction":[{"@type":"ReadAction","target":["https:\/\/bpk-archive.de\/tuellmann\/produkt\/treffen-von-bundeskanzler-willy-brandt-und-ddr-ministerpraesident-willi-stoph-zum-innerdeutschen-gipfel-in-kassel-4\/"]}]},{"@type":"ImageObject","inLanguage":"de","@id":"https:\/\/bpk-archive.de\/tuellmann\/produkt\/treffen-von-bundeskanzler-willy-brandt-und-ddr-ministerpraesident-willi-stoph-zum-innerdeutschen-gipfel-in-kassel-4\/#primaryimage","url":"https:\/\/bpk-archive.de\/tuellmann\/wp-content\/uploads\/2019\/08\/bpk_70243322.jpg","contentUrl":"https:\/\/bpk-archive.de\/tuellmann\/wp-content\/uploads\/2019\/08\/bpk_70243322.jpg","width":1200,"height":976,"caption":"Treffen von Bundeskanzler Willy Brandt und DDR-Ministerpr\u00e4sident Willi Stoph zum innerdeutschen Gipfel in Kassel"},{"@type":"BreadcrumbList","@id":"https:\/\/bpk-archive.de\/tuellmann\/produkt\/treffen-von-bundeskanzler-willy-brandt-und-ddr-ministerpraesident-willi-stoph-zum-innerdeutschen-gipfel-in-kassel-4\/#breadcrumb","itemListElement":[{"@type":"ListItem","position":1,"name":"Startseite","item":"https:\/\/bpk-archive.de\/tuellmann\/"},{"@type":"ListItem","position":2,"name":"Shop","item":"https:\/\/bpk-archive.de\/tuellmann\/shop\/"},{"@type":"ListItem","position":3,"name":"Treffen von Bundeskanzler Willy Brandt und DDR-Ministerpr\u00e4sident Willi Stoph zum innerdeutschen Gipfel in Kassel"}]},{"@type":"WebSite","@id":"https:\/\/bpk-archive.de\/tuellmann\/#website","url":"https:\/\/bpk-archive.de\/tuellmann\/","name":"Abisag T\u00fcllmann","description":"Eine weitere WordPress-Website","potentialAction":[{"@type":"SearchAction","target":{"@type":"EntryPoint","urlTemplate":"https:\/\/bpk-archive.de\/tuellmann\/?s={search_term_string}"},"query-input":{"@type":"PropertyValueSpecification","valueRequired":true,"valueName":"search_term_string"}}],"inLanguage":"de"}]}},"_links":{"self":[{"href":"https:\/\/bpk-archive.de\/tuellmann\/wp-json\/wp\/v2\/product\/70296793","targetHints":{"allow":["GET"]}}],"collection":[{"href":"https:\/\/bpk-archive.de\/tuellmann\/wp-json\/wp\/v2\/product"}],"about":[{"href":"https:\/\/bpk-archive.de\/tuellmann\/wp-json\/wp\/v2\/types\/product"}],"wp:featuredmedia":[{"embeddable":true,"href":"https:\/\/bpk-archive.de\/tuellmann\/wp-json\/wp\/v2\/media\/70292676"}],"wp:attachment":[{"href":"https:\/\/bpk-archive.de\/tuellmann\/wp-json\/wp\/v2\/media?parent=70296793"}],"wp:term":[{"taxonomy":"product_brand","embeddable":true,"href":"https:\/\/bpk-archive.de\/tuellmann\/wp-json\/wp\/v2\/product_brand?post=70296793"},{"taxonomy":"product_cat","embeddable":true,"href":"https:\/\/bpk-archive.de\/tuellmann\/wp-json\/wp\/v2\/product_cat?post=70296793"},{"taxonomy":"product_tag","embeddable":true,"href":"https:\/\/bpk-archive.de\/tuellmann\/wp-json\/wp\/v2\/product_tag?post=70296793"}],"curies":[{"name":"wp","href":"https:\/\/api.w.org\/{rel}","templated":true}]}}