{"id":70296780,"date":"2019-09-05T16:10:24","date_gmt":"2019-09-05T14:10:24","guid":{"rendered":"http:\/\/abisagtuellmann.bpk-news.de\/atbild\/siedlung-fuer-inder-in-durban\/"},"modified":"2019-09-05T16:10:27","modified_gmt":"2019-09-05T14:10:27","slug":"siedlung-fuer-inder-in-durban","status":"publish","type":"product","link":"https:\/\/bpk-archive.de\/tuellmann\/produkt\/siedlung-fuer-inder-in-durban\/","title":{"rendered":"Siedlung f\u00fcr Inder in Durban"},"content":{"rendered":"<p>R\u00fcckseitenbeschriftung von Hand der Fotografin: &#8222;Durban, Siedlung f\u00fcr Inder&#8220;<\/p>\n","protected":false},"excerpt":{"rendered":"<p>R\u00fcckseitenbeschriftung von Hand der Fotografin: &#8222;Durban, Siedlung f\u00fcr Inder&#8220;<\/p>\n","protected":false},"featured_media":70292580,"template":"","meta":[],"product_brand":[],"product_cat":[],"product_tag":[13230,13232,13234,13231,13233,13235,64875,13777,13236,13237,13240,13241,13242,13243,13244,13245,48387,51804,48179,48180,13250,48187,47365,47366,47367,13253,13254,13255,13256,13257,13260,59900,59901,47727,47728,47729,13293,13786,13787,13294,13295,13296,13297,47377,47383,47384,47385,47386,49148,13301,47744,47745,47746,62321,62322,57979,57980,57981,57982,57983,57984,47787,48150,48151,48152,14229,13328,13827,13828,13329,13330,13331,13332,13843,47956,47957,13877,13879,13865,13864,13866,13858,13859,13860,13861,13862,13863,13354,48160,48161,13869,13870,13871,13872,13363,51811,13364,13365,13366,13367,13368,13369,13878,13880,14250,14251,56623,56624,56625,56626,56627,56628,48431,48432,47792],"class_list":{"0":"post-70296780","1":"product","2":"type-product","3":"status-publish","4":"has-post-thumbnail","6":"product_tag-1970er-jahre","7":"product_tag-20-jahrhundert-nach-chr","8":"product_tag-20-jh-n-chr","9":"product_tag-20-jahrhundert","10":"product_tag-20-jh","11":"product_tag-70er","12":"product_tag-abt_024","13":"product_tag-abzug","14":"product_tag-afrika","15":"product_tag-afrikaner","16":"product_tag-afrikanisch","17":"product_tag-afrikanische","18":"product_tag-afrikanischen","19":"product_tag-afrikanischer","20":"product_tag-afrikanisches","21":"product_tag-afrikas","22":"product_tag-anhoehe","23":"product_tag-at_suedafrika","24":"product_tag-ausblick","25":"product_tag-ausblicke","26":"product_tag-aussen","27":"product_tag-aussicht","28":"product_tag-bauten","29":"product_tag-bauwerk","30":"product_tag-bauwerke","31":"product_tag-deutsch","32":"product_tag-deutsche","33":"product_tag-deutschen","34":"product_tag-deutscher","35":"product_tag-deutsches","36":"product_tag-draussen","37":"product_tag-einfamilienhaus","38":"product_tag-einfamilienhaeuser","39":"product_tag-einwanderer","40":"product_tag-einwandern","41":"product_tag-einwanderung","42":"product_tag-foto","43":"product_tag-fotoabzug","44":"product_tag-fotoabzuege","45":"product_tag-fotografie","46":"product_tag-fotografien","47":"product_tag-fotografin","48":"product_tag-fotografinnen","49":"product_tag-gebaeude","50":"product_tag-haus","51":"product_tag-haeuser","52":"product_tag-haeusern","53":"product_tag-hauses","54":"product_tag-huegel","55":"product_tag-im-freien","56":"product_tag-immigrant","57":"product_tag-immigranten","58":"product_tag-immigration","59":"product_tag-inder","60":"product_tag-indier","61":"product_tag-indisch","62":"product_tag-indische","63":"product_tag-indischem","64":"product_tag-indischen","65":"product_tag-indischer","66":"product_tag-indisches","67":"product_tag-migration","68":"product_tag-neubau","69":"product_tag-neubauten","70":"product_tag-neubauviertel","71":"product_tag-obdach","72":"product_tag-photo","73":"product_tag-photoabzug","74":"product_tag-photoabzuege","75":"product_tag-photographie","76":"product_tag-photographien","77":"product_tag-photographin","78":"product_tag-photographinnen","79":"product_tag-print","80":"product_tag-quartier","81":"product_tag-quartiere","82":"product_tag-s-w-fotografie","83":"product_tag-s-w-photographie","84":"product_tag-schwarzweissphotographie","85":"product_tag-schwarz-weiss-fotografie","86":"product_tag-schwarz-weiss-photographie","87":"product_tag-schwarzweiss","88":"product_tag-schwarzweisse","89":"product_tag-schwarzweissen","90":"product_tag-schwarzweisser","91":"product_tag-schwarzweisses","92":"product_tag-schwarzweissfotografie","93":"product_tag-siebziger","94":"product_tag-siedlung","95":"product_tag-siedlungen","96":"product_tag-silbergelatine","97":"product_tag-silbergelatineabzug","98":"product_tag-silbergelatineabzuege","99":"product_tag-silbergelatineprint","100":"product_tag-suedafrika","101":"product_tag-suedafrikaner","102":"product_tag-suedafrikanisch","103":"product_tag-suedafrikanische","104":"product_tag-suedafrikanischen","105":"product_tag-suedafrikanischer","106":"product_tag-suedafrikanisches","107":"product_tag-suedafrikas","108":"product_tag-sw-fotografie","109":"product_tag-sw-photographie","110":"product_tag-unterkunft","111":"product_tag-unterkuenfte","112":"product_tag-weiss","113":"product_tag-weisse","114":"product_tag-weissem","115":"product_tag-weissen","116":"product_tag-weisser","117":"product_tag-weisses","118":"product_tag-wohnsiedlung","119":"product_tag-wohnsiedlungen","120":"product_tag-zuwanderer","121":"pa_datierung-oktober-1971","122":"pa_fotograf-abisag-tuellmann","123":"pa_geografischer_bezug-aufnahmeort-durban-suedafrika","124":"pa_grunddaten_material_technik-foto-silbergelatine-auf-barytpapier","125":"pa_inventarnummer-tue-71-207-11","126":"pa_jahr_von-49516","127":"pa_massangaben-bildformat-foto-302-x-397-cm","128":"pa_mediennummer-65055","129":"pa_objekt_typ-fotografie","131":"first","132":"instock","133":"product-type-simple"},"yoast_head":"<!-- This site is optimized with the Yoast SEO plugin v27.4 - https:\/\/yoast.com\/product\/yoast-seo-wordpress\/ -->\n<title>Siedlung f\u00fcr Inder in Durban - Abisag T\u00fcllmann<\/title>\n<meta name=\"robots\" content=\"index, follow, max-snippet:-1, max-image-preview:large, max-video-preview:-1\" \/>\n<link rel=\"canonical\" href=\"https:\/\/bpk-archive.de\/tuellmann\/produkt\/siedlung-fuer-inder-in-durban\/\" \/>\n<meta property=\"og:locale\" content=\"de_DE\" \/>\n<meta property=\"og:type\" content=\"article\" \/>\n<meta property=\"og:title\" content=\"Siedlung f\u00fcr Inder in Durban - Abisag T\u00fcllmann\" \/>\n<meta property=\"og:description\" content=\"R\u00fcckseitenbeschriftung von Hand der Fotografin: &#8222;Durban, Siedlung f\u00fcr Inder&#8220;\" \/>\n<meta property=\"og:url\" content=\"https:\/\/bpk-archive.de\/tuellmann\/produkt\/siedlung-fuer-inder-in-durban\/\" \/>\n<meta property=\"og:site_name\" content=\"Abisag T\u00fcllmann\" \/>\n<meta property=\"article:modified_time\" content=\"2019-09-05T14:10:27+00:00\" \/>\n<meta property=\"og:image\" content=\"https:\/\/bpk-archive.de\/tuellmann\/wp-content\/uploads\/2019\/08\/bpk_70243239.jpg\" \/>\n\t<meta property=\"og:image:width\" content=\"1200\" \/>\n\t<meta property=\"og:image:height\" content=\"924\" \/>\n\t<meta property=\"og:image:type\" content=\"image\/jpeg\" \/>\n<meta name=\"twitter:card\" content=\"summary_large_image\" \/>\n<script type=\"application\/ld+json\" class=\"yoast-schema-graph\">{\"@context\":\"https:\\\/\\\/schema.org\",\"@graph\":[{\"@type\":\"WebPage\",\"@id\":\"https:\\\/\\\/bpk-archive.de\\\/tuellmann\\\/produkt\\\/siedlung-fuer-inder-in-durban\\\/\",\"url\":\"https:\\\/\\\/bpk-archive.de\\\/tuellmann\\\/produkt\\\/siedlung-fuer-inder-in-durban\\\/\",\"name\":\"Siedlung f\u00fcr Inder in Durban - Abisag T\u00fcllmann\",\"isPartOf\":{\"@id\":\"https:\\\/\\\/bpk-archive.de\\\/tuellmann\\\/#website\"},\"primaryImageOfPage\":{\"@id\":\"https:\\\/\\\/bpk-archive.de\\\/tuellmann\\\/produkt\\\/siedlung-fuer-inder-in-durban\\\/#primaryimage\"},\"image\":{\"@id\":\"https:\\\/\\\/bpk-archive.de\\\/tuellmann\\\/produkt\\\/siedlung-fuer-inder-in-durban\\\/#primaryimage\"},\"thumbnailUrl\":\"https:\\\/\\\/bpk-archive.de\\\/tuellmann\\\/wp-content\\\/uploads\\\/2019\\\/08\\\/bpk_70243239.jpg\",\"datePublished\":\"2019-09-05T14:10:24+00:00\",\"dateModified\":\"2019-09-05T14:10:27+00:00\",\"breadcrumb\":{\"@id\":\"https:\\\/\\\/bpk-archive.de\\\/tuellmann\\\/produkt\\\/siedlung-fuer-inder-in-durban\\\/#breadcrumb\"},\"inLanguage\":\"de\",\"potentialAction\":[{\"@type\":\"ReadAction\",\"target\":[\"https:\\\/\\\/bpk-archive.de\\\/tuellmann\\\/produkt\\\/siedlung-fuer-inder-in-durban\\\/\"]}]},{\"@type\":\"ImageObject\",\"inLanguage\":\"de\",\"@id\":\"https:\\\/\\\/bpk-archive.de\\\/tuellmann\\\/produkt\\\/siedlung-fuer-inder-in-durban\\\/#primaryimage\",\"url\":\"https:\\\/\\\/bpk-archive.de\\\/tuellmann\\\/wp-content\\\/uploads\\\/2019\\\/08\\\/bpk_70243239.jpg\",\"contentUrl\":\"https:\\\/\\\/bpk-archive.de\\\/tuellmann\\\/wp-content\\\/uploads\\\/2019\\\/08\\\/bpk_70243239.jpg\",\"width\":1200,\"height\":924,\"caption\":\"Siedlung f\u00fcr Inder in Durban\"},{\"@type\":\"BreadcrumbList\",\"@id\":\"https:\\\/\\\/bpk-archive.de\\\/tuellmann\\\/produkt\\\/siedlung-fuer-inder-in-durban\\\/#breadcrumb\",\"itemListElement\":[{\"@type\":\"ListItem\",\"position\":1,\"name\":\"Startseite\",\"item\":\"https:\\\/\\\/bpk-archive.de\\\/tuellmann\\\/\"},{\"@type\":\"ListItem\",\"position\":2,\"name\":\"Shop\",\"item\":\"https:\\\/\\\/bpk-archive.de\\\/tuellmann\\\/shop\\\/\"},{\"@type\":\"ListItem\",\"position\":3,\"name\":\"Siedlung f\u00fcr Inder in Durban\"}]},{\"@type\":\"WebSite\",\"@id\":\"https:\\\/\\\/bpk-archive.de\\\/tuellmann\\\/#website\",\"url\":\"https:\\\/\\\/bpk-archive.de\\\/tuellmann\\\/\",\"name\":\"Abisag T\u00fcllmann\",\"description\":\"Eine weitere WordPress-Website\",\"potentialAction\":[{\"@type\":\"SearchAction\",\"target\":{\"@type\":\"EntryPoint\",\"urlTemplate\":\"https:\\\/\\\/bpk-archive.de\\\/tuellmann\\\/?s={search_term_string}\"},\"query-input\":{\"@type\":\"PropertyValueSpecification\",\"valueRequired\":true,\"valueName\":\"search_term_string\"}}],\"inLanguage\":\"de\"}]}<\/script>\n<!-- \/ Yoast SEO plugin. -->","yoast_head_json":{"title":"Siedlung f\u00fcr Inder in Durban - Abisag T\u00fcllmann","robots":{"index":"index","follow":"follow","max-snippet":"max-snippet:-1","max-image-preview":"max-image-preview:large","max-video-preview":"max-video-preview:-1"},"canonical":"https:\/\/bpk-archive.de\/tuellmann\/produkt\/siedlung-fuer-inder-in-durban\/","og_locale":"de_DE","og_type":"article","og_title":"Siedlung f\u00fcr Inder in Durban - Abisag T\u00fcllmann","og_description":"R\u00fcckseitenbeschriftung von Hand der Fotografin: &#8222;Durban, Siedlung f\u00fcr Inder&#8220;","og_url":"https:\/\/bpk-archive.de\/tuellmann\/produkt\/siedlung-fuer-inder-in-durban\/","og_site_name":"Abisag T\u00fcllmann","article_modified_time":"2019-09-05T14:10:27+00:00","og_image":[{"width":1200,"height":924,"url":"https:\/\/bpk-archive.de\/tuellmann\/wp-content\/uploads\/2019\/08\/bpk_70243239.jpg","type":"image\/jpeg"}],"twitter_card":"summary_large_image","schema":{"@context":"https:\/\/schema.org","@graph":[{"@type":"WebPage","@id":"https:\/\/bpk-archive.de\/tuellmann\/produkt\/siedlung-fuer-inder-in-durban\/","url":"https:\/\/bpk-archive.de\/tuellmann\/produkt\/siedlung-fuer-inder-in-durban\/","name":"Siedlung f\u00fcr Inder in Durban - Abisag T\u00fcllmann","isPartOf":{"@id":"https:\/\/bpk-archive.de\/tuellmann\/#website"},"primaryImageOfPage":{"@id":"https:\/\/bpk-archive.de\/tuellmann\/produkt\/siedlung-fuer-inder-in-durban\/#primaryimage"},"image":{"@id":"https:\/\/bpk-archive.de\/tuellmann\/produkt\/siedlung-fuer-inder-in-durban\/#primaryimage"},"thumbnailUrl":"https:\/\/bpk-archive.de\/tuellmann\/wp-content\/uploads\/2019\/08\/bpk_70243239.jpg","datePublished":"2019-09-05T14:10:24+00:00","dateModified":"2019-09-05T14:10:27+00:00","breadcrumb":{"@id":"https:\/\/bpk-archive.de\/tuellmann\/produkt\/siedlung-fuer-inder-in-durban\/#breadcrumb"},"inLanguage":"de","potentialAction":[{"@type":"ReadAction","target":["https:\/\/bpk-archive.de\/tuellmann\/produkt\/siedlung-fuer-inder-in-durban\/"]}]},{"@type":"ImageObject","inLanguage":"de","@id":"https:\/\/bpk-archive.de\/tuellmann\/produkt\/siedlung-fuer-inder-in-durban\/#primaryimage","url":"https:\/\/bpk-archive.de\/tuellmann\/wp-content\/uploads\/2019\/08\/bpk_70243239.jpg","contentUrl":"https:\/\/bpk-archive.de\/tuellmann\/wp-content\/uploads\/2019\/08\/bpk_70243239.jpg","width":1200,"height":924,"caption":"Siedlung f\u00fcr Inder in Durban"},{"@type":"BreadcrumbList","@id":"https:\/\/bpk-archive.de\/tuellmann\/produkt\/siedlung-fuer-inder-in-durban\/#breadcrumb","itemListElement":[{"@type":"ListItem","position":1,"name":"Startseite","item":"https:\/\/bpk-archive.de\/tuellmann\/"},{"@type":"ListItem","position":2,"name":"Shop","item":"https:\/\/bpk-archive.de\/tuellmann\/shop\/"},{"@type":"ListItem","position":3,"name":"Siedlung f\u00fcr Inder in Durban"}]},{"@type":"WebSite","@id":"https:\/\/bpk-archive.de\/tuellmann\/#website","url":"https:\/\/bpk-archive.de\/tuellmann\/","name":"Abisag T\u00fcllmann","description":"Eine weitere WordPress-Website","potentialAction":[{"@type":"SearchAction","target":{"@type":"EntryPoint","urlTemplate":"https:\/\/bpk-archive.de\/tuellmann\/?s={search_term_string}"},"query-input":{"@type":"PropertyValueSpecification","valueRequired":true,"valueName":"search_term_string"}}],"inLanguage":"de"}]}},"_links":{"self":[{"href":"https:\/\/bpk-archive.de\/tuellmann\/wp-json\/wp\/v2\/product\/70296780","targetHints":{"allow":["GET"]}}],"collection":[{"href":"https:\/\/bpk-archive.de\/tuellmann\/wp-json\/wp\/v2\/product"}],"about":[{"href":"https:\/\/bpk-archive.de\/tuellmann\/wp-json\/wp\/v2\/types\/product"}],"wp:featuredmedia":[{"embeddable":true,"href":"https:\/\/bpk-archive.de\/tuellmann\/wp-json\/wp\/v2\/media\/70292580"}],"wp:attachment":[{"href":"https:\/\/bpk-archive.de\/tuellmann\/wp-json\/wp\/v2\/media?parent=70296780"}],"wp:term":[{"taxonomy":"product_brand","embeddable":true,"href":"https:\/\/bpk-archive.de\/tuellmann\/wp-json\/wp\/v2\/product_brand?post=70296780"},{"taxonomy":"product_cat","embeddable":true,"href":"https:\/\/bpk-archive.de\/tuellmann\/wp-json\/wp\/v2\/product_cat?post=70296780"},{"taxonomy":"product_tag","embeddable":true,"href":"https:\/\/bpk-archive.de\/tuellmann\/wp-json\/wp\/v2\/product_tag?post=70296780"}],"curies":[{"name":"wp","href":"https:\/\/api.w.org\/{rel}","templated":true}]}}