{"id":70296779,"date":"2019-09-05T16:10:24","date_gmt":"2019-09-05T14:10:24","guid":{"rendered":"http:\/\/abisagtuellmann.bpk-news.de\/atbild\/auf-der-strasse-spielende-kinder-in-lamontville-siedlung-nur-fuer-schwarze-in-durban\/"},"modified":"2019-09-05T16:10:26","modified_gmt":"2019-09-05T14:10:26","slug":"auf-der-strasse-spielende-kinder-in-lamontville-siedlung-nur-fuer-schwarze-in-durban","status":"publish","type":"product","link":"https:\/\/bpk-archive.de\/tuellmann\/produkt\/auf-der-strasse-spielende-kinder-in-lamontville-siedlung-nur-fuer-schwarze-in-durban\/","title":{"rendered":"Auf der Stra\u00dfe spielende Kinder in &#8222;Lamontville&#8220; (Siedlung nur f\u00fcr Schwarze in Durban)"},"content":{"rendered":"","protected":false},"excerpt":{"rendered":"","protected":false},"featured_media":70292577,"template":"","meta":[],"product_brand":[],"product_cat":[],"product_tag":[13230,13232,13234,13231,13233,13235,48508,48509,64875,13777,13236,13237,13240,13241,13242,13243,13244,13245,48387,56271,51804,13250,14178,14179,13253,13254,13255,13256,13257,49519,13260,65052,13261,13268,13269,13270,13271,13293,13786,13787,13294,13295,13296,13297,48516,48517,49148,13301,13813,13814,14203,14204,14205,14206,14207,14211,14212,14213,14218,14219,14220,14221,48005,48006,48007,48008,48009,48010,48011,52052,52053,13328,13827,13828,13329,13330,13331,13332,13843,62166,62127,62128,62129,62130,62131,62132,62133,13877,13879,13865,13864,13866,13351,13352,13353,13858,13859,13860,13861,13862,13863,13354,48160,48161,13869,13870,13871,13872,49605,49606,49607,49608,49609,49610,48681,13519,13520,13521,13522,13523,13524,48165,48166,47408,47564,47409,13363,51811,13364,13365,13366,13367,13368,13369,13878,13880,56281,56282,65053,65054,48431,48432,47617],"class_list":{"0":"post-70296779","1":"product","2":"type-product","3":"status-publish","4":"has-post-thumbnail","6":"product_tag-1970er-jahre","7":"product_tag-20-jahrhundert-nach-chr","8":"product_tag-20-jh-n-chr","9":"product_tag-20-jahrhundert","10":"product_tag-20-jh","11":"product_tag-70er","12":"product_tag-abhang","13":"product_tag-abhaenge","14":"product_tag-abt_024","15":"product_tag-abzug","16":"product_tag-afrika","17":"product_tag-afrikaner","18":"product_tag-afrikanisch","19":"product_tag-afrikanische","20":"product_tag-afrikanischen","21":"product_tag-afrikanischer","22":"product_tag-afrikanisches","23":"product_tag-afrikas","24":"product_tag-anhoehe","25":"product_tag-apartheid","26":"product_tag-at_suedafrika","27":"product_tag-aussen","28":"product_tag-bube","29":"product_tag-buben","30":"product_tag-deutsch","31":"product_tag-deutsche","32":"product_tag-deutschen","33":"product_tag-deutscher","34":"product_tag-deutsches","35":"product_tag-diskriminierung","36":"product_tag-draussen","37":"product_tag-dreirad","38":"product_tag-dunkelhaeutiger","39":"product_tag-farbige","40":"product_tag-farbigen","41":"product_tag-farbiger","42":"product_tag-farbiges","43":"product_tag-foto","44":"product_tag-fotoabzug","45":"product_tag-fotoabzuege","46":"product_tag-fotografie","47":"product_tag-fotografien","48":"product_tag-fotografin","49":"product_tag-fotografinnen","50":"product_tag-hang","51":"product_tag-haenge","52":"product_tag-huegel","53":"product_tag-im-freien","54":"product_tag-junge","55":"product_tag-jungen","56":"product_tag-jungens","57":"product_tag-jungs","58":"product_tag-kind","59":"product_tag-kinde","60":"product_tag-kinder","61":"product_tag-kindergruppe","62":"product_tag-kindergruppen","63":"product_tag-kindern","64":"product_tag-kindes","65":"product_tag-kindheit","66":"product_tag-knabe","67":"product_tag-knaben","68":"product_tag-lachen","69":"product_tag-lachend","70":"product_tag-lachende","71":"product_tag-lachendem","72":"product_tag-lachenden","73":"product_tag-lachender","74":"product_tag-lachendes","75":"product_tag-landstrasse","76":"product_tag-landstrassen","77":"product_tag-photo","78":"product_tag-photoabzug","79":"product_tag-photoabzuege","80":"product_tag-photographie","81":"product_tag-photographien","82":"product_tag-photographin","83":"product_tag-photographinnen","84":"product_tag-print","85":"product_tag-rassendiskriminierung","86":"product_tag-rassentrennung","87":"product_tag-rassismus","88":"product_tag-rassistisch","89":"product_tag-rassistische","90":"product_tag-rassistischen","91":"product_tag-rassistischer","92":"product_tag-rassistisches","93":"product_tag-s-w-fotografie","94":"product_tag-s-w-photographie","95":"product_tag-schwarzweissphotographie","96":"product_tag-schwarz-weiss-fotografie","97":"product_tag-schwarz-weiss-photographie","98":"product_tag-schwarze","99":"product_tag-schwarzen","100":"product_tag-schwarzer","101":"product_tag-schwarzweiss","102":"product_tag-schwarzweisse","103":"product_tag-schwarzweissen","104":"product_tag-schwarzweisser","105":"product_tag-schwarzweisses","106":"product_tag-schwarzweissfotografie","107":"product_tag-siebziger","108":"product_tag-siedlung","109":"product_tag-siedlungen","110":"product_tag-silbergelatine","111":"product_tag-silbergelatineabzug","112":"product_tag-silbergelatineabzuege","113":"product_tag-silbergelatineprint","114":"product_tag-spielen","115":"product_tag-spielend","116":"product_tag-spielende","117":"product_tag-spielenden","118":"product_tag-spielender","119":"product_tag-spielendes","120":"product_tag-stadtviertel","121":"product_tag-stehen","122":"product_tag-stehend","123":"product_tag-stehende","124":"product_tag-stehenden","125":"product_tag-stehender","126":"product_tag-stehendes","127":"product_tag-strasse","128":"product_tag-strassen","129":"product_tag-strassenleben","130":"product_tag-strassenrand","131":"product_tag-strassenszene","132":"product_tag-suedafrika","133":"product_tag-suedafrikaner","134":"product_tag-suedafrikanisch","135":"product_tag-suedafrikanische","136":"product_tag-suedafrikanischen","137":"product_tag-suedafrikanischer","138":"product_tag-suedafrikanisches","139":"product_tag-suedafrikas","140":"product_tag-sw-fotografie","141":"product_tag-sw-photographie","142":"product_tag-township","143":"product_tag-townships","144":"product_tag-tricycle","145":"product_tag-wettrennen","146":"product_tag-wohnsiedlung","147":"product_tag-wohnsiedlungen","148":"product_tag-wohnviertel","149":"pa_datierung-oktober-1971","150":"pa_fotograf-abisag-tuellmann","151":"pa_geografischer_bezug-aufnahmeort-durban-suedafrika","152":"pa_grunddaten_material_technik-foto-silbergelatine-auf-barytpapier","153":"pa_inventarnummer-tue-71-209-19a","154":"pa_jahr_von-49516","155":"pa_massangaben-bildformat-foto-304-x-40-cm","156":"pa_mediennummer-65050","157":"pa_objekt_typ-fotografie","159":"first","160":"instock","161":"product-type-simple"},"yoast_head":"<!-- This site is optimized with the Yoast SEO plugin v27.4 - https:\/\/yoast.com\/product\/yoast-seo-wordpress\/ -->\n<title>Auf der Stra\u00dfe spielende Kinder in &quot;Lamontville&quot; (Siedlung nur f\u00fcr Schwarze in Durban) - Abisag T\u00fcllmann<\/title>\n<meta name=\"robots\" content=\"index, follow, max-snippet:-1, max-image-preview:large, max-video-preview:-1\" \/>\n<link rel=\"canonical\" href=\"https:\/\/bpk-archive.de\/tuellmann\/produkt\/auf-der-strasse-spielende-kinder-in-lamontville-siedlung-nur-fuer-schwarze-in-durban\/\" \/>\n<meta property=\"og:locale\" content=\"de_DE\" \/>\n<meta property=\"og:type\" content=\"article\" \/>\n<meta property=\"og:title\" content=\"Auf der Stra\u00dfe spielende Kinder in &quot;Lamontville&quot; (Siedlung nur f\u00fcr Schwarze in Durban) - Abisag T\u00fcllmann\" \/>\n<meta property=\"og:url\" content=\"https:\/\/bpk-archive.de\/tuellmann\/produkt\/auf-der-strasse-spielende-kinder-in-lamontville-siedlung-nur-fuer-schwarze-in-durban\/\" \/>\n<meta property=\"og:site_name\" content=\"Abisag T\u00fcllmann\" \/>\n<meta property=\"article:modified_time\" content=\"2019-09-05T14:10:26+00:00\" \/>\n<meta property=\"og:image\" content=\"https:\/\/bpk-archive.de\/tuellmann\/wp-content\/uploads\/2019\/08\/bpk_70243238.jpg\" \/>\n\t<meta property=\"og:image:width\" content=\"1200\" \/>\n\t<meta property=\"og:image:height\" content=\"922\" \/>\n\t<meta property=\"og:image:type\" content=\"image\/jpeg\" \/>\n<meta name=\"twitter:card\" content=\"summary_large_image\" \/>\n<script type=\"application\/ld+json\" class=\"yoast-schema-graph\">{\"@context\":\"https:\\\/\\\/schema.org\",\"@graph\":[{\"@type\":\"WebPage\",\"@id\":\"https:\\\/\\\/bpk-archive.de\\\/tuellmann\\\/produkt\\\/auf-der-strasse-spielende-kinder-in-lamontville-siedlung-nur-fuer-schwarze-in-durban\\\/\",\"url\":\"https:\\\/\\\/bpk-archive.de\\\/tuellmann\\\/produkt\\\/auf-der-strasse-spielende-kinder-in-lamontville-siedlung-nur-fuer-schwarze-in-durban\\\/\",\"name\":\"Auf der Stra\u00dfe spielende Kinder in \\\"Lamontville\\\" (Siedlung nur f\u00fcr Schwarze in Durban) - Abisag T\u00fcllmann\",\"isPartOf\":{\"@id\":\"https:\\\/\\\/bpk-archive.de\\\/tuellmann\\\/#website\"},\"primaryImageOfPage\":{\"@id\":\"https:\\\/\\\/bpk-archive.de\\\/tuellmann\\\/produkt\\\/auf-der-strasse-spielende-kinder-in-lamontville-siedlung-nur-fuer-schwarze-in-durban\\\/#primaryimage\"},\"image\":{\"@id\":\"https:\\\/\\\/bpk-archive.de\\\/tuellmann\\\/produkt\\\/auf-der-strasse-spielende-kinder-in-lamontville-siedlung-nur-fuer-schwarze-in-durban\\\/#primaryimage\"},\"thumbnailUrl\":\"https:\\\/\\\/bpk-archive.de\\\/tuellmann\\\/wp-content\\\/uploads\\\/2019\\\/08\\\/bpk_70243238.jpg\",\"datePublished\":\"2019-09-05T14:10:24+00:00\",\"dateModified\":\"2019-09-05T14:10:26+00:00\",\"breadcrumb\":{\"@id\":\"https:\\\/\\\/bpk-archive.de\\\/tuellmann\\\/produkt\\\/auf-der-strasse-spielende-kinder-in-lamontville-siedlung-nur-fuer-schwarze-in-durban\\\/#breadcrumb\"},\"inLanguage\":\"de\",\"potentialAction\":[{\"@type\":\"ReadAction\",\"target\":[\"https:\\\/\\\/bpk-archive.de\\\/tuellmann\\\/produkt\\\/auf-der-strasse-spielende-kinder-in-lamontville-siedlung-nur-fuer-schwarze-in-durban\\\/\"]}]},{\"@type\":\"ImageObject\",\"inLanguage\":\"de\",\"@id\":\"https:\\\/\\\/bpk-archive.de\\\/tuellmann\\\/produkt\\\/auf-der-strasse-spielende-kinder-in-lamontville-siedlung-nur-fuer-schwarze-in-durban\\\/#primaryimage\",\"url\":\"https:\\\/\\\/bpk-archive.de\\\/tuellmann\\\/wp-content\\\/uploads\\\/2019\\\/08\\\/bpk_70243238.jpg\",\"contentUrl\":\"https:\\\/\\\/bpk-archive.de\\\/tuellmann\\\/wp-content\\\/uploads\\\/2019\\\/08\\\/bpk_70243238.jpg\",\"width\":1200,\"height\":922,\"caption\":\"Auf der Stra\u00dfe spielende Kinder in \\\"Lamontville\\\" (Siedlung nur f\u00fcr Schwarze in Durban)\"},{\"@type\":\"BreadcrumbList\",\"@id\":\"https:\\\/\\\/bpk-archive.de\\\/tuellmann\\\/produkt\\\/auf-der-strasse-spielende-kinder-in-lamontville-siedlung-nur-fuer-schwarze-in-durban\\\/#breadcrumb\",\"itemListElement\":[{\"@type\":\"ListItem\",\"position\":1,\"name\":\"Startseite\",\"item\":\"https:\\\/\\\/bpk-archive.de\\\/tuellmann\\\/\"},{\"@type\":\"ListItem\",\"position\":2,\"name\":\"Shop\",\"item\":\"https:\\\/\\\/bpk-archive.de\\\/tuellmann\\\/shop\\\/\"},{\"@type\":\"ListItem\",\"position\":3,\"name\":\"Auf der Stra\u00dfe spielende Kinder in &#8220;Lamontville&#8221; (Siedlung nur f\u00fcr Schwarze in Durban)\"}]},{\"@type\":\"WebSite\",\"@id\":\"https:\\\/\\\/bpk-archive.de\\\/tuellmann\\\/#website\",\"url\":\"https:\\\/\\\/bpk-archive.de\\\/tuellmann\\\/\",\"name\":\"Abisag T\u00fcllmann\",\"description\":\"Eine weitere WordPress-Website\",\"potentialAction\":[{\"@type\":\"SearchAction\",\"target\":{\"@type\":\"EntryPoint\",\"urlTemplate\":\"https:\\\/\\\/bpk-archive.de\\\/tuellmann\\\/?s={search_term_string}\"},\"query-input\":{\"@type\":\"PropertyValueSpecification\",\"valueRequired\":true,\"valueName\":\"search_term_string\"}}],\"inLanguage\":\"de\"}]}<\/script>\n<!-- \/ Yoast SEO plugin. -->","yoast_head_json":{"title":"Auf der Stra\u00dfe spielende Kinder in \"Lamontville\" (Siedlung nur f\u00fcr Schwarze in Durban) - Abisag T\u00fcllmann","robots":{"index":"index","follow":"follow","max-snippet":"max-snippet:-1","max-image-preview":"max-image-preview:large","max-video-preview":"max-video-preview:-1"},"canonical":"https:\/\/bpk-archive.de\/tuellmann\/produkt\/auf-der-strasse-spielende-kinder-in-lamontville-siedlung-nur-fuer-schwarze-in-durban\/","og_locale":"de_DE","og_type":"article","og_title":"Auf der Stra\u00dfe spielende Kinder in \"Lamontville\" (Siedlung nur f\u00fcr Schwarze in Durban) - Abisag T\u00fcllmann","og_url":"https:\/\/bpk-archive.de\/tuellmann\/produkt\/auf-der-strasse-spielende-kinder-in-lamontville-siedlung-nur-fuer-schwarze-in-durban\/","og_site_name":"Abisag T\u00fcllmann","article_modified_time":"2019-09-05T14:10:26+00:00","og_image":[{"width":1200,"height":922,"url":"https:\/\/bpk-archive.de\/tuellmann\/wp-content\/uploads\/2019\/08\/bpk_70243238.jpg","type":"image\/jpeg"}],"twitter_card":"summary_large_image","schema":{"@context":"https:\/\/schema.org","@graph":[{"@type":"WebPage","@id":"https:\/\/bpk-archive.de\/tuellmann\/produkt\/auf-der-strasse-spielende-kinder-in-lamontville-siedlung-nur-fuer-schwarze-in-durban\/","url":"https:\/\/bpk-archive.de\/tuellmann\/produkt\/auf-der-strasse-spielende-kinder-in-lamontville-siedlung-nur-fuer-schwarze-in-durban\/","name":"Auf der Stra\u00dfe spielende Kinder in \"Lamontville\" (Siedlung nur f\u00fcr Schwarze in Durban) - Abisag T\u00fcllmann","isPartOf":{"@id":"https:\/\/bpk-archive.de\/tuellmann\/#website"},"primaryImageOfPage":{"@id":"https:\/\/bpk-archive.de\/tuellmann\/produkt\/auf-der-strasse-spielende-kinder-in-lamontville-siedlung-nur-fuer-schwarze-in-durban\/#primaryimage"},"image":{"@id":"https:\/\/bpk-archive.de\/tuellmann\/produkt\/auf-der-strasse-spielende-kinder-in-lamontville-siedlung-nur-fuer-schwarze-in-durban\/#primaryimage"},"thumbnailUrl":"https:\/\/bpk-archive.de\/tuellmann\/wp-content\/uploads\/2019\/08\/bpk_70243238.jpg","datePublished":"2019-09-05T14:10:24+00:00","dateModified":"2019-09-05T14:10:26+00:00","breadcrumb":{"@id":"https:\/\/bpk-archive.de\/tuellmann\/produkt\/auf-der-strasse-spielende-kinder-in-lamontville-siedlung-nur-fuer-schwarze-in-durban\/#breadcrumb"},"inLanguage":"de","potentialAction":[{"@type":"ReadAction","target":["https:\/\/bpk-archive.de\/tuellmann\/produkt\/auf-der-strasse-spielende-kinder-in-lamontville-siedlung-nur-fuer-schwarze-in-durban\/"]}]},{"@type":"ImageObject","inLanguage":"de","@id":"https:\/\/bpk-archive.de\/tuellmann\/produkt\/auf-der-strasse-spielende-kinder-in-lamontville-siedlung-nur-fuer-schwarze-in-durban\/#primaryimage","url":"https:\/\/bpk-archive.de\/tuellmann\/wp-content\/uploads\/2019\/08\/bpk_70243238.jpg","contentUrl":"https:\/\/bpk-archive.de\/tuellmann\/wp-content\/uploads\/2019\/08\/bpk_70243238.jpg","width":1200,"height":922,"caption":"Auf der Stra\u00dfe spielende Kinder in \"Lamontville\" (Siedlung nur f\u00fcr Schwarze in Durban)"},{"@type":"BreadcrumbList","@id":"https:\/\/bpk-archive.de\/tuellmann\/produkt\/auf-der-strasse-spielende-kinder-in-lamontville-siedlung-nur-fuer-schwarze-in-durban\/#breadcrumb","itemListElement":[{"@type":"ListItem","position":1,"name":"Startseite","item":"https:\/\/bpk-archive.de\/tuellmann\/"},{"@type":"ListItem","position":2,"name":"Shop","item":"https:\/\/bpk-archive.de\/tuellmann\/shop\/"},{"@type":"ListItem","position":3,"name":"Auf der Stra\u00dfe spielende Kinder in &#8220;Lamontville&#8221; (Siedlung nur f\u00fcr Schwarze in Durban)"}]},{"@type":"WebSite","@id":"https:\/\/bpk-archive.de\/tuellmann\/#website","url":"https:\/\/bpk-archive.de\/tuellmann\/","name":"Abisag T\u00fcllmann","description":"Eine weitere WordPress-Website","potentialAction":[{"@type":"SearchAction","target":{"@type":"EntryPoint","urlTemplate":"https:\/\/bpk-archive.de\/tuellmann\/?s={search_term_string}"},"query-input":{"@type":"PropertyValueSpecification","valueRequired":true,"valueName":"search_term_string"}}],"inLanguage":"de"}]}},"_links":{"self":[{"href":"https:\/\/bpk-archive.de\/tuellmann\/wp-json\/wp\/v2\/product\/70296779","targetHints":{"allow":["GET"]}}],"collection":[{"href":"https:\/\/bpk-archive.de\/tuellmann\/wp-json\/wp\/v2\/product"}],"about":[{"href":"https:\/\/bpk-archive.de\/tuellmann\/wp-json\/wp\/v2\/types\/product"}],"wp:featuredmedia":[{"embeddable":true,"href":"https:\/\/bpk-archive.de\/tuellmann\/wp-json\/wp\/v2\/media\/70292577"}],"wp:attachment":[{"href":"https:\/\/bpk-archive.de\/tuellmann\/wp-json\/wp\/v2\/media?parent=70296779"}],"wp:term":[{"taxonomy":"product_brand","embeddable":true,"href":"https:\/\/bpk-archive.de\/tuellmann\/wp-json\/wp\/v2\/product_brand?post=70296779"},{"taxonomy":"product_cat","embeddable":true,"href":"https:\/\/bpk-archive.de\/tuellmann\/wp-json\/wp\/v2\/product_cat?post=70296779"},{"taxonomy":"product_tag","embeddable":true,"href":"https:\/\/bpk-archive.de\/tuellmann\/wp-json\/wp\/v2\/product_tag?post=70296779"}],"curies":[{"name":"wp","href":"https:\/\/api.w.org\/{rel}","templated":true}]}}