{"id":70296764,"date":"2019-09-05T16:10:08","date_gmt":"2019-09-05T14:10:08","guid":{"rendered":"http:\/\/abisagtuellmann.bpk-news.de\/atbild\/strassenszene-in-london-3\/"},"modified":"2020-06-25T16:08:38","modified_gmt":"2020-06-25T14:08:38","slug":"strassenszene-in-london-3","status":"publish","type":"product","link":"https:\/\/bpk-archive.de\/tuellmann\/produkt\/strassenszene-in-london-3\/","title":{"rendered":"Stra\u00dfenszene in London"},"content":{"rendered":"<p>Alte Damen und junger Zeitungsleser auf einem B\u00fcrgersteig R\u00fcckseitenbeschriftung von Hand der Fotografin: &#8222;London&#8220;<\/p>\n","protected":false},"excerpt":{"rendered":"<p>Alte Damen und junger Zeitungsleser auf einem B\u00fcrgersteig R\u00fcckseitenbeschriftung von Hand der Fotografin: &#8222;London&#8220;<\/p>\n","protected":false},"featured_media":70292623,"template":"","meta":[],"product_brand":[],"product_cat":[73377],"product_tag":[13774,13232,13234,13231,13233,13775,13777,47418,47419,47420,47421,47422,47423,47424,64933,62065,13250,13784,13785,55191,55192,55193,55194,55195,55196,55197,55198,55199,55200,48645,48646,52973,13260,55205,55206,55207,55208,55209,55210,55211,48771,48772,48773,48774,48775,13293,13786,13787,13294,13295,13296,13297,13487,13488,47556,47375,47376,48647,48648,48649,48650,47653,47654,55216,55217,14195,14196,14197,14198,14199,14200,61554,61555,13301,13812,13813,13814,13815,13816,14000,14001,14002,14003,14004,14005,14006,49747,49748,49749,49750,49751,49752,49753,55220,55221,13818,13819,13826,47561,47562,47395,47396,13328,13827,13828,13329,13330,13331,13332,13829,13830,13831,13832,13833,13834,13835,13836,13837,13838,13839,13840,13841,13842,13843,13877,13879,47528,47527,13865,13864,13866,13858,13859,13860,13861,13862,13863,13867,13869,13870,13871,13872,55229,13519,13520,13521,13522,13523,13524,55230,47408,55231,47409,55233,55232,13878,13880,55234,48682,48683,55242,47529,47530,47531,47532,47533,47534,47535,47536,50018,50019,55994,53951],"class_list":{"0":"post-70296764","1":"product","2":"type-product","3":"status-publish","4":"has-post-thumbnail","6":"product_cat-grossstadt-london","7":"product_tag-1960er-jahre","8":"product_tag-20-jahrhundert-nach-chr","9":"product_tag-20-jh-n-chr","10":"product_tag-20-jahrhundert","11":"product_tag-20-jh","12":"product_tag-60er","13":"product_tag-abzug","14":"product_tag-alt","15":"product_tag-alte","16":"product_tag-alten","17":"product_tag-alter","18":"product_tag-aeltere","19":"product_tag-aelterer","20":"product_tag-altes","21":"product_tag-at_london","22":"product_tag-atb_012","23":"product_tag-aussen","24":"product_tag-bildnis","25":"product_tag-bildnisse","26":"product_tag-brite","27":"product_tag-briten","28":"product_tag-britin","29":"product_tag-britinnen","30":"product_tag-britisch","31":"product_tag-britische","32":"product_tag-britischen","33":"product_tag-britischer","34":"product_tag-britisches","35":"product_tag-british","36":"product_tag-buergersteig","37":"product_tag-buergersteige","38":"product_tag-bushaltestelle","39":"product_tag-draussen","40":"product_tag-england","41":"product_tag-englaender","42":"product_tag-englaenderin","43":"product_tag-englaenderinnen","44":"product_tag-englaendern","45":"product_tag-englaenders","46":"product_tag-englands","47":"product_tag-englisch","48":"product_tag-englische","49":"product_tag-englischen","50":"product_tag-englischer","51":"product_tag-englisches","52":"product_tag-foto","53":"product_tag-fotoabzug","54":"product_tag-fotoabzuege","55":"product_tag-fotografie","56":"product_tag-fotografien","57":"product_tag-fotografin","58":"product_tag-fotografinnen","59":"product_tag-frau","60":"product_tag-frauen","61":"product_tag-fussgaenger","62":"product_tag-fussgaengerin","63":"product_tag-fussgaengerinnen","64":"product_tag-gehsteig","65":"product_tag-gehsteige","66":"product_tag-gehweg","67":"product_tag-gehwege","68":"product_tag-greisin","69":"product_tag-greisinnen","70":"product_tag-grossbritannien","71":"product_tag-grossbritanniens","72":"product_tag-gruppenbild","73":"product_tag-gruppenbilder","74":"product_tag-gruppenportrait","75":"product_tag-gruppenportraits","76":"product_tag-gruppenportraet","77":"product_tag-gruppenportraets","78":"product_tag-haltestelle","79":"product_tag-haltestellen","80":"product_tag-im-freien","81":"product_tag-jung","82":"product_tag-junge","83":"product_tag-jungen","84":"product_tag-junger","85":"product_tag-junges","86":"product_tag-laecheln","87":"product_tag-laechelnd","88":"product_tag-laechelnde","89":"product_tag-laechelnden","90":"product_tag-laechelnder","91":"product_tag-laechelndes","92":"product_tag-laechelt","93":"product_tag-lektuere","94":"product_tag-lesen","95":"product_tag-lesend","96":"product_tag-lesende","97":"product_tag-lesenden","98":"product_tag-lesender","99":"product_tag-lesendes","100":"product_tag-london","101":"product_tag-londoner","102":"product_tag-mann","103":"product_tag-maenner","104":"product_tag-mannes","105":"product_tag-passant","106":"product_tag-passanten","107":"product_tag-passantin","108":"product_tag-passantinnen","109":"product_tag-photo","110":"product_tag-photoabzug","111":"product_tag-photoabzuege","112":"product_tag-photographie","113":"product_tag-photographien","114":"product_tag-photographin","115":"product_tag-photographinnen","116":"product_tag-portrait","117":"product_tag-portraitaufnahme","118":"product_tag-portraitfoto","119":"product_tag-portraitfotografie","120":"product_tag-portraitphoto","121":"product_tag-portraitphotographie","122":"product_tag-portraits","123":"product_tag-portraet","124":"product_tag-portraetaufnahme","125":"product_tag-portraetfoto","126":"product_tag-portraetfotografie","127":"product_tag-portraetphoto","128":"product_tag-portraetphotographie","129":"product_tag-portraets","130":"product_tag-print","131":"product_tag-s-w-fotografie","132":"product_tag-s-w-photographie","133":"product_tag-schlange-stehen","134":"product_tag-schlangestehen","135":"product_tag-schwarzweissphotographie","136":"product_tag-schwarz-weiss-fotografie","137":"product_tag-schwarz-weiss-photographie","138":"product_tag-schwarzweiss","139":"product_tag-schwarzweisse","140":"product_tag-schwarzweissen","141":"product_tag-schwarzweisser","142":"product_tag-schwarzweisses","143":"product_tag-schwarzweissfotografie","144":"product_tag-sechziger","145":"product_tag-silbergelatine","146":"product_tag-silbergelatineabzug","147":"product_tag-silbergelatineabzuege","148":"product_tag-silbergelatineprint","149":"product_tag-sixties","150":"product_tag-stehen","151":"product_tag-stehend","152":"product_tag-stehende","153":"product_tag-stehenden","154":"product_tag-stehender","155":"product_tag-stehendes","156":"product_tag-strassenfotografie","157":"product_tag-strassenleben","158":"product_tag-strassenphotographie","159":"product_tag-strassenszene","160":"product_tag-street-photography","161":"product_tag-streetphotography","162":"product_tag-sw-fotografie","163":"product_tag-sw-photographie","164":"product_tag-swinging","165":"product_tag-trottoir","166":"product_tag-trottoirs","167":"product_tag-vereinigtes-koenigreich","168":"product_tag-warten","169":"product_tag-wartend","170":"product_tag-wartende","171":"product_tag-wartenden","172":"product_tag-wartender","173":"product_tag-wartendes","174":"product_tag-warteschlange","175":"product_tag-warteschlangen","176":"product_tag-zeitung","177":"product_tag-zeitungen","178":"product_tag-zeitungslektuere","179":"product_tag-zeitungsleser","180":"pa_datierung-juli-1964","181":"pa_fotograf-abisag-tuellmann","182":"pa_geografischer_bezug-aufnahmeort-london-vereinigtes-koenigreich","183":"pa_grunddaten_material_technik-foto-silbergelatine-auf-barytpapier","184":"pa_inventarnummer-tue-64-073-35","185":"pa_jahr_von-13885","186":"pa_massangaben-bildformat-foto-293-x-235-cm","187":"pa_mediennummer-64967","188":"pa_objekt_typ-fotografie","190":"first","191":"instock","192":"product-type-simple"},"yoast_head":"<!-- This site is optimized with the Yoast SEO plugin v27.4 - https:\/\/yoast.com\/product\/yoast-seo-wordpress\/ -->\n<title>Stra\u00dfenszene in London - Abisag T\u00fcllmann<\/title>\n<meta name=\"robots\" content=\"index, follow, max-snippet:-1, max-image-preview:large, max-video-preview:-1\" \/>\n<link rel=\"canonical\" href=\"https:\/\/bpk-archive.de\/tuellmann\/produkt\/strassenszene-in-london-3\/\" \/>\n<meta property=\"og:locale\" content=\"de_DE\" \/>\n<meta property=\"og:type\" content=\"article\" \/>\n<meta property=\"og:title\" content=\"Stra\u00dfenszene in London - Abisag T\u00fcllmann\" \/>\n<meta property=\"og:description\" content=\"Alte Damen und junger Zeitungsleser auf einem B\u00fcrgersteig R\u00fcckseitenbeschriftung von Hand der Fotografin: &#8222;London&#8220;\" \/>\n<meta property=\"og:url\" content=\"https:\/\/bpk-archive.de\/tuellmann\/produkt\/strassenszene-in-london-3\/\" \/>\n<meta property=\"og:site_name\" content=\"Abisag T\u00fcllmann\" \/>\n<meta property=\"article:modified_time\" content=\"2020-06-25T14:08:38+00:00\" \/>\n<meta property=\"og:image\" content=\"https:\/\/bpk-archive.de\/tuellmann\/wp-content\/uploads\/2019\/08\/bpk_70243253.jpg\" \/>\n\t<meta property=\"og:image:width\" content=\"973\" \/>\n\t<meta property=\"og:image:height\" content=\"1200\" \/>\n\t<meta property=\"og:image:type\" content=\"image\/jpeg\" \/>\n<meta name=\"twitter:card\" content=\"summary_large_image\" \/>\n<script type=\"application\/ld+json\" class=\"yoast-schema-graph\">{\"@context\":\"https:\\\/\\\/schema.org\",\"@graph\":[{\"@type\":\"WebPage\",\"@id\":\"https:\\\/\\\/bpk-archive.de\\\/tuellmann\\\/produkt\\\/strassenszene-in-london-3\\\/\",\"url\":\"https:\\\/\\\/bpk-archive.de\\\/tuellmann\\\/produkt\\\/strassenszene-in-london-3\\\/\",\"name\":\"Stra\u00dfenszene in London - Abisag T\u00fcllmann\",\"isPartOf\":{\"@id\":\"https:\\\/\\\/bpk-archive.de\\\/tuellmann\\\/#website\"},\"primaryImageOfPage\":{\"@id\":\"https:\\\/\\\/bpk-archive.de\\\/tuellmann\\\/produkt\\\/strassenszene-in-london-3\\\/#primaryimage\"},\"image\":{\"@id\":\"https:\\\/\\\/bpk-archive.de\\\/tuellmann\\\/produkt\\\/strassenszene-in-london-3\\\/#primaryimage\"},\"thumbnailUrl\":\"https:\\\/\\\/bpk-archive.de\\\/tuellmann\\\/wp-content\\\/uploads\\\/2019\\\/08\\\/bpk_70243253.jpg\",\"datePublished\":\"2019-09-05T14:10:08+00:00\",\"dateModified\":\"2020-06-25T14:08:38+00:00\",\"breadcrumb\":{\"@id\":\"https:\\\/\\\/bpk-archive.de\\\/tuellmann\\\/produkt\\\/strassenszene-in-london-3\\\/#breadcrumb\"},\"inLanguage\":\"de\",\"potentialAction\":[{\"@type\":\"ReadAction\",\"target\":[\"https:\\\/\\\/bpk-archive.de\\\/tuellmann\\\/produkt\\\/strassenszene-in-london-3\\\/\"]}]},{\"@type\":\"ImageObject\",\"inLanguage\":\"de\",\"@id\":\"https:\\\/\\\/bpk-archive.de\\\/tuellmann\\\/produkt\\\/strassenszene-in-london-3\\\/#primaryimage\",\"url\":\"https:\\\/\\\/bpk-archive.de\\\/tuellmann\\\/wp-content\\\/uploads\\\/2019\\\/08\\\/bpk_70243253.jpg\",\"contentUrl\":\"https:\\\/\\\/bpk-archive.de\\\/tuellmann\\\/wp-content\\\/uploads\\\/2019\\\/08\\\/bpk_70243253.jpg\",\"width\":973,\"height\":1200,\"caption\":\"Stra\u00dfenszene in London\"},{\"@type\":\"BreadcrumbList\",\"@id\":\"https:\\\/\\\/bpk-archive.de\\\/tuellmann\\\/produkt\\\/strassenszene-in-london-3\\\/#breadcrumb\",\"itemListElement\":[{\"@type\":\"ListItem\",\"position\":1,\"name\":\"Startseite\",\"item\":\"https:\\\/\\\/bpk-archive.de\\\/tuellmann\\\/\"},{\"@type\":\"ListItem\",\"position\":2,\"name\":\"Shop\",\"item\":\"https:\\\/\\\/bpk-archive.de\\\/tuellmann\\\/shop\\\/\"},{\"@type\":\"ListItem\",\"position\":3,\"name\":\"Stra\u00dfenszene in London\"}]},{\"@type\":\"WebSite\",\"@id\":\"https:\\\/\\\/bpk-archive.de\\\/tuellmann\\\/#website\",\"url\":\"https:\\\/\\\/bpk-archive.de\\\/tuellmann\\\/\",\"name\":\"Abisag T\u00fcllmann\",\"description\":\"Eine weitere WordPress-Website\",\"potentialAction\":[{\"@type\":\"SearchAction\",\"target\":{\"@type\":\"EntryPoint\",\"urlTemplate\":\"https:\\\/\\\/bpk-archive.de\\\/tuellmann\\\/?s={search_term_string}\"},\"query-input\":{\"@type\":\"PropertyValueSpecification\",\"valueRequired\":true,\"valueName\":\"search_term_string\"}}],\"inLanguage\":\"de\"}]}<\/script>\n<!-- \/ Yoast SEO plugin. -->","yoast_head_json":{"title":"Stra\u00dfenszene in London - Abisag T\u00fcllmann","robots":{"index":"index","follow":"follow","max-snippet":"max-snippet:-1","max-image-preview":"max-image-preview:large","max-video-preview":"max-video-preview:-1"},"canonical":"https:\/\/bpk-archive.de\/tuellmann\/produkt\/strassenszene-in-london-3\/","og_locale":"de_DE","og_type":"article","og_title":"Stra\u00dfenszene in London - Abisag T\u00fcllmann","og_description":"Alte Damen und junger Zeitungsleser auf einem B\u00fcrgersteig R\u00fcckseitenbeschriftung von Hand der Fotografin: &#8222;London&#8220;","og_url":"https:\/\/bpk-archive.de\/tuellmann\/produkt\/strassenszene-in-london-3\/","og_site_name":"Abisag T\u00fcllmann","article_modified_time":"2020-06-25T14:08:38+00:00","og_image":[{"width":973,"height":1200,"url":"https:\/\/bpk-archive.de\/tuellmann\/wp-content\/uploads\/2019\/08\/bpk_70243253.jpg","type":"image\/jpeg"}],"twitter_card":"summary_large_image","schema":{"@context":"https:\/\/schema.org","@graph":[{"@type":"WebPage","@id":"https:\/\/bpk-archive.de\/tuellmann\/produkt\/strassenszene-in-london-3\/","url":"https:\/\/bpk-archive.de\/tuellmann\/produkt\/strassenszene-in-london-3\/","name":"Stra\u00dfenszene in London - Abisag T\u00fcllmann","isPartOf":{"@id":"https:\/\/bpk-archive.de\/tuellmann\/#website"},"primaryImageOfPage":{"@id":"https:\/\/bpk-archive.de\/tuellmann\/produkt\/strassenszene-in-london-3\/#primaryimage"},"image":{"@id":"https:\/\/bpk-archive.de\/tuellmann\/produkt\/strassenszene-in-london-3\/#primaryimage"},"thumbnailUrl":"https:\/\/bpk-archive.de\/tuellmann\/wp-content\/uploads\/2019\/08\/bpk_70243253.jpg","datePublished":"2019-09-05T14:10:08+00:00","dateModified":"2020-06-25T14:08:38+00:00","breadcrumb":{"@id":"https:\/\/bpk-archive.de\/tuellmann\/produkt\/strassenszene-in-london-3\/#breadcrumb"},"inLanguage":"de","potentialAction":[{"@type":"ReadAction","target":["https:\/\/bpk-archive.de\/tuellmann\/produkt\/strassenszene-in-london-3\/"]}]},{"@type":"ImageObject","inLanguage":"de","@id":"https:\/\/bpk-archive.de\/tuellmann\/produkt\/strassenszene-in-london-3\/#primaryimage","url":"https:\/\/bpk-archive.de\/tuellmann\/wp-content\/uploads\/2019\/08\/bpk_70243253.jpg","contentUrl":"https:\/\/bpk-archive.de\/tuellmann\/wp-content\/uploads\/2019\/08\/bpk_70243253.jpg","width":973,"height":1200,"caption":"Stra\u00dfenszene in London"},{"@type":"BreadcrumbList","@id":"https:\/\/bpk-archive.de\/tuellmann\/produkt\/strassenszene-in-london-3\/#breadcrumb","itemListElement":[{"@type":"ListItem","position":1,"name":"Startseite","item":"https:\/\/bpk-archive.de\/tuellmann\/"},{"@type":"ListItem","position":2,"name":"Shop","item":"https:\/\/bpk-archive.de\/tuellmann\/shop\/"},{"@type":"ListItem","position":3,"name":"Stra\u00dfenszene in London"}]},{"@type":"WebSite","@id":"https:\/\/bpk-archive.de\/tuellmann\/#website","url":"https:\/\/bpk-archive.de\/tuellmann\/","name":"Abisag T\u00fcllmann","description":"Eine weitere WordPress-Website","potentialAction":[{"@type":"SearchAction","target":{"@type":"EntryPoint","urlTemplate":"https:\/\/bpk-archive.de\/tuellmann\/?s={search_term_string}"},"query-input":{"@type":"PropertyValueSpecification","valueRequired":true,"valueName":"search_term_string"}}],"inLanguage":"de"}]}},"_links":{"self":[{"href":"https:\/\/bpk-archive.de\/tuellmann\/wp-json\/wp\/v2\/product\/70296764","targetHints":{"allow":["GET"]}}],"collection":[{"href":"https:\/\/bpk-archive.de\/tuellmann\/wp-json\/wp\/v2\/product"}],"about":[{"href":"https:\/\/bpk-archive.de\/tuellmann\/wp-json\/wp\/v2\/types\/product"}],"wp:featuredmedia":[{"embeddable":true,"href":"https:\/\/bpk-archive.de\/tuellmann\/wp-json\/wp\/v2\/media\/70292623"}],"wp:attachment":[{"href":"https:\/\/bpk-archive.de\/tuellmann\/wp-json\/wp\/v2\/media?parent=70296764"}],"wp:term":[{"taxonomy":"product_brand","embeddable":true,"href":"https:\/\/bpk-archive.de\/tuellmann\/wp-json\/wp\/v2\/product_brand?post=70296764"},{"taxonomy":"product_cat","embeddable":true,"href":"https:\/\/bpk-archive.de\/tuellmann\/wp-json\/wp\/v2\/product_cat?post=70296764"},{"taxonomy":"product_tag","embeddable":true,"href":"https:\/\/bpk-archive.de\/tuellmann\/wp-json\/wp\/v2\/product_tag?post=70296764"}],"curies":[{"name":"wp","href":"https:\/\/api.w.org\/{rel}","templated":true}]}}