{"id":70296760,"date":"2019-09-05T16:10:08","date_gmt":"2019-09-05T14:10:08","guid":{"rendered":"http:\/\/abisagtuellmann.bpk-news.de\/atbild\/demonstration-fuer-die-freilassung-der-buergerrechtlerin-angela-davis-3\/"},"modified":"2019-09-05T16:10:11","modified_gmt":"2019-09-05T14:10:11","slug":"demonstration-fuer-die-freilassung-der-buergerrechtlerin-angela-davis-3","status":"publish","type":"product","link":"https:\/\/bpk-archive.de\/tuellmann\/produkt\/demonstration-fuer-die-freilassung-der-buergerrechtlerin-angela-davis-3\/","title":{"rendered":"Demonstration f\u00fcr die Freilassung der B\u00fcrgerrechtlerin Angela Davis"},"content":{"rendered":"<p>anl\u00e4sslich des von Oscar Negt, Herbert Marcuse und Wolfgang Abendroth organisierten Solidarit\u00e4tskongresses ,,Am Beispiel Angela Davis&#8220; an der Goethe-Universit\u00e4t Frankfurt. Aufschrift auf dem Transparent hinter der Rednertrib\u00fcne: &#8222;Angela Davis: &#8218;Ich werde erst dann wirklich frei sein, wenn alle politischen Gefangenen und alle schwarzen Amerikaner befreit sind.'&#8220;<\/p>\n","protected":false},"excerpt":{"rendered":"<p>anl\u00e4sslich des von Oscar Negt, Herbert Marcuse und Wolfgang Abendroth organisierten Solidarit\u00e4tskongresses ,,Am Beispiel Angela Davis&#8220; an der Goethe-Universit\u00e4t Frankfurt. Aufschrift auf dem Transparent hinter der Rednertrib\u00fcne: &#8222;Angela Davis: &#8218;Ich werde erst dann wirklich frei sein, wenn alle politischen Gefangenen und alle schwarzen Amerikaner befreit sind.&#8217;&#8220;<\/p>\n","protected":false},"featured_media":70292630,"template":"","meta":[],"product_brand":[],"product_cat":[],"product_tag":[13230,13232,13234,13231,13233,13235,13777,63308,62065,55409,55410,13469,13470,13471,13472,13293,13786,13787,13294,13295,13296,13297,13485,13486,13482,13481,13483,13484,13492,13493,13494,13495,13496,13497,13328,13827,13828,13329,13330,13331,13332,13843,13877,13879,13865,13864,13866,13858,13859,13860,13861,13862,13863,13354,13869,13870,13871,13872,13878,13880],"class_list":{"0":"post-70296760","1":"product","2":"type-product","3":"status-publish","4":"has-post-thumbnail","6":"product_tag-1970er-jahre","7":"product_tag-20-jahrhundert-nach-chr","8":"product_tag-20-jh-n-chr","9":"product_tag-20-jahrhundert","10":"product_tag-20-jh","11":"product_tag-70er","12":"product_tag-abzug","13":"product_tag-at_black-panther","14":"product_tag-atb_012","15":"product_tag-black-panther","16":"product_tag-black-power","17":"product_tag-brd","18":"product_tag-bundesrepublik-deutschland","19":"product_tag-deutschland","20":"product_tag-deutschlands","21":"product_tag-foto","22":"product_tag-fotoabzug","23":"product_tag-fotoabzuege","24":"product_tag-fotografie","25":"product_tag-fotografien","26":"product_tag-fotografin","27":"product_tag-fotografinnen","28":"product_tag-frankfurt-m","29":"product_tag-frankfurt-main","30":"product_tag-frankfurt-a-main","31":"product_tag-frankfurt-a-m","32":"product_tag-frankfurt-am-main","33":"product_tag-frankfurter","34":"product_tag-hessen","35":"product_tag-hessisch","36":"product_tag-hessische","37":"product_tag-hessischen","38":"product_tag-hessischer","39":"product_tag-hessisches","40":"product_tag-photo","41":"product_tag-photoabzug","42":"product_tag-photoabzuege","43":"product_tag-photographie","44":"product_tag-photographien","45":"product_tag-photographin","46":"product_tag-photographinnen","47":"product_tag-print","48":"product_tag-s-w-fotografie","49":"product_tag-s-w-photographie","50":"product_tag-schwarzweissphotographie","51":"product_tag-schwarz-weiss-fotografie","52":"product_tag-schwarz-weiss-photographie","53":"product_tag-schwarzweiss","54":"product_tag-schwarzweisse","55":"product_tag-schwarzweissen","56":"product_tag-schwarzweisser","57":"product_tag-schwarzweisses","58":"product_tag-schwarzweissfotografie","59":"product_tag-siebziger","60":"product_tag-silbergelatine","61":"product_tag-silbergelatineabzug","62":"product_tag-silbergelatineabzuege","63":"product_tag-silbergelatineprint","64":"product_tag-sw-fotografie","65":"product_tag-sw-photographie","66":"pa_datierung-03-04-06-1972","67":"pa_fotograf-abisag-tuellmann","68":"pa_geografischer_bezug-aufnahmeort-frankfurt-am-main-deutschland","69":"pa_grunddaten_material_technik-foto-silbergelatine-auf-barytpapier","70":"pa_inventarnummer-tue-72-075-15","71":"pa_jahr_von-54531","72":"pa_massangaben-bildformat-foto-233-x-302-cm","73":"pa_mediennummer-64929","74":"pa_objekt_typ-fotografie","76":"first","77":"instock","78":"product-type-simple"},"yoast_head":"<!-- This site is optimized with the Yoast SEO plugin v27.3 - https:\/\/yoast.com\/product\/yoast-seo-wordpress\/ -->\n<title>Demonstration f\u00fcr die Freilassung der B\u00fcrgerrechtlerin Angela Davis - Abisag T\u00fcllmann<\/title>\n<meta name=\"robots\" content=\"index, follow, max-snippet:-1, max-image-preview:large, max-video-preview:-1\" \/>\n<link rel=\"canonical\" href=\"https:\/\/bpk-archive.de\/tuellmann\/produkt\/demonstration-fuer-die-freilassung-der-buergerrechtlerin-angela-davis-3\/\" \/>\n<meta property=\"og:locale\" content=\"de_DE\" \/>\n<meta property=\"og:type\" content=\"article\" \/>\n<meta property=\"og:title\" content=\"Demonstration f\u00fcr die Freilassung der B\u00fcrgerrechtlerin Angela Davis - Abisag T\u00fcllmann\" \/>\n<meta property=\"og:description\" content=\"anl\u00e4sslich des von Oscar Negt, Herbert Marcuse und Wolfgang Abendroth organisierten Solidarit\u00e4tskongresses ,,Am Beispiel Angela Davis&#8220; an der Goethe-Universit\u00e4t Frankfurt. Aufschrift auf dem Transparent hinter der Rednertrib\u00fcne: &#8222;Angela Davis: &#8218;Ich werde erst dann wirklich frei sein, wenn alle politischen Gefangenen und alle schwarzen Amerikaner befreit sind.&#039;&#8220;\" \/>\n<meta property=\"og:url\" content=\"https:\/\/bpk-archive.de\/tuellmann\/produkt\/demonstration-fuer-die-freilassung-der-buergerrechtlerin-angela-davis-3\/\" \/>\n<meta property=\"og:site_name\" content=\"Abisag T\u00fcllmann\" \/>\n<meta property=\"article:modified_time\" content=\"2019-09-05T14:10:11+00:00\" \/>\n<meta property=\"og:image\" content=\"https:\/\/bpk-archive.de\/tuellmann\/wp-content\/uploads\/2019\/08\/bpk_70243256.jpg\" \/>\n\t<meta property=\"og:image:width\" content=\"1200\" \/>\n\t<meta property=\"og:image:height\" content=\"934\" \/>\n\t<meta property=\"og:image:type\" content=\"image\/jpeg\" \/>\n<meta name=\"twitter:card\" content=\"summary_large_image\" \/>\n<script type=\"application\/ld+json\" class=\"yoast-schema-graph\">{\"@context\":\"https:\\\/\\\/schema.org\",\"@graph\":[{\"@type\":\"WebPage\",\"@id\":\"https:\\\/\\\/bpk-archive.de\\\/tuellmann\\\/produkt\\\/demonstration-fuer-die-freilassung-der-buergerrechtlerin-angela-davis-3\\\/\",\"url\":\"https:\\\/\\\/bpk-archive.de\\\/tuellmann\\\/produkt\\\/demonstration-fuer-die-freilassung-der-buergerrechtlerin-angela-davis-3\\\/\",\"name\":\"Demonstration f\u00fcr die Freilassung der B\u00fcrgerrechtlerin Angela Davis - Abisag T\u00fcllmann\",\"isPartOf\":{\"@id\":\"https:\\\/\\\/bpk-archive.de\\\/tuellmann\\\/#website\"},\"primaryImageOfPage\":{\"@id\":\"https:\\\/\\\/bpk-archive.de\\\/tuellmann\\\/produkt\\\/demonstration-fuer-die-freilassung-der-buergerrechtlerin-angela-davis-3\\\/#primaryimage\"},\"image\":{\"@id\":\"https:\\\/\\\/bpk-archive.de\\\/tuellmann\\\/produkt\\\/demonstration-fuer-die-freilassung-der-buergerrechtlerin-angela-davis-3\\\/#primaryimage\"},\"thumbnailUrl\":\"https:\\\/\\\/bpk-archive.de\\\/tuellmann\\\/wp-content\\\/uploads\\\/2019\\\/08\\\/bpk_70243256.jpg\",\"datePublished\":\"2019-09-05T14:10:08+00:00\",\"dateModified\":\"2019-09-05T14:10:11+00:00\",\"breadcrumb\":{\"@id\":\"https:\\\/\\\/bpk-archive.de\\\/tuellmann\\\/produkt\\\/demonstration-fuer-die-freilassung-der-buergerrechtlerin-angela-davis-3\\\/#breadcrumb\"},\"inLanguage\":\"de\",\"potentialAction\":[{\"@type\":\"ReadAction\",\"target\":[\"https:\\\/\\\/bpk-archive.de\\\/tuellmann\\\/produkt\\\/demonstration-fuer-die-freilassung-der-buergerrechtlerin-angela-davis-3\\\/\"]}]},{\"@type\":\"ImageObject\",\"inLanguage\":\"de\",\"@id\":\"https:\\\/\\\/bpk-archive.de\\\/tuellmann\\\/produkt\\\/demonstration-fuer-die-freilassung-der-buergerrechtlerin-angela-davis-3\\\/#primaryimage\",\"url\":\"https:\\\/\\\/bpk-archive.de\\\/tuellmann\\\/wp-content\\\/uploads\\\/2019\\\/08\\\/bpk_70243256.jpg\",\"contentUrl\":\"https:\\\/\\\/bpk-archive.de\\\/tuellmann\\\/wp-content\\\/uploads\\\/2019\\\/08\\\/bpk_70243256.jpg\",\"width\":1200,\"height\":934,\"caption\":\"Demonstration f\u00fcr die Freilassung der B\u00fcrgerrechtlerin Angela Davis\"},{\"@type\":\"BreadcrumbList\",\"@id\":\"https:\\\/\\\/bpk-archive.de\\\/tuellmann\\\/produkt\\\/demonstration-fuer-die-freilassung-der-buergerrechtlerin-angela-davis-3\\\/#breadcrumb\",\"itemListElement\":[{\"@type\":\"ListItem\",\"position\":1,\"name\":\"Startseite\",\"item\":\"https:\\\/\\\/bpk-archive.de\\\/tuellmann\\\/\"},{\"@type\":\"ListItem\",\"position\":2,\"name\":\"Shop\",\"item\":\"https:\\\/\\\/bpk-archive.de\\\/tuellmann\\\/shop\\\/\"},{\"@type\":\"ListItem\",\"position\":3,\"name\":\"Demonstration f\u00fcr die Freilassung der B\u00fcrgerrechtlerin Angela Davis\"}]},{\"@type\":\"WebSite\",\"@id\":\"https:\\\/\\\/bpk-archive.de\\\/tuellmann\\\/#website\",\"url\":\"https:\\\/\\\/bpk-archive.de\\\/tuellmann\\\/\",\"name\":\"Abisag T\u00fcllmann\",\"description\":\"Eine weitere WordPress-Website\",\"potentialAction\":[{\"@type\":\"SearchAction\",\"target\":{\"@type\":\"EntryPoint\",\"urlTemplate\":\"https:\\\/\\\/bpk-archive.de\\\/tuellmann\\\/?s={search_term_string}\"},\"query-input\":{\"@type\":\"PropertyValueSpecification\",\"valueRequired\":true,\"valueName\":\"search_term_string\"}}],\"inLanguage\":\"de\"}]}<\/script>\n<!-- \/ Yoast SEO plugin. -->","yoast_head_json":{"title":"Demonstration f\u00fcr die Freilassung der B\u00fcrgerrechtlerin Angela Davis - Abisag T\u00fcllmann","robots":{"index":"index","follow":"follow","max-snippet":"max-snippet:-1","max-image-preview":"max-image-preview:large","max-video-preview":"max-video-preview:-1"},"canonical":"https:\/\/bpk-archive.de\/tuellmann\/produkt\/demonstration-fuer-die-freilassung-der-buergerrechtlerin-angela-davis-3\/","og_locale":"de_DE","og_type":"article","og_title":"Demonstration f\u00fcr die Freilassung der B\u00fcrgerrechtlerin Angela Davis - Abisag T\u00fcllmann","og_description":"anl\u00e4sslich des von Oscar Negt, Herbert Marcuse und Wolfgang Abendroth organisierten Solidarit\u00e4tskongresses ,,Am Beispiel Angela Davis&#8220; an der Goethe-Universit\u00e4t Frankfurt. Aufschrift auf dem Transparent hinter der Rednertrib\u00fcne: &#8222;Angela Davis: &#8218;Ich werde erst dann wirklich frei sein, wenn alle politischen Gefangenen und alle schwarzen Amerikaner befreit sind.'&#8220;","og_url":"https:\/\/bpk-archive.de\/tuellmann\/produkt\/demonstration-fuer-die-freilassung-der-buergerrechtlerin-angela-davis-3\/","og_site_name":"Abisag T\u00fcllmann","article_modified_time":"2019-09-05T14:10:11+00:00","og_image":[{"width":1200,"height":934,"url":"https:\/\/bpk-archive.de\/tuellmann\/wp-content\/uploads\/2019\/08\/bpk_70243256.jpg","type":"image\/jpeg"}],"twitter_card":"summary_large_image","schema":{"@context":"https:\/\/schema.org","@graph":[{"@type":"WebPage","@id":"https:\/\/bpk-archive.de\/tuellmann\/produkt\/demonstration-fuer-die-freilassung-der-buergerrechtlerin-angela-davis-3\/","url":"https:\/\/bpk-archive.de\/tuellmann\/produkt\/demonstration-fuer-die-freilassung-der-buergerrechtlerin-angela-davis-3\/","name":"Demonstration f\u00fcr die Freilassung der B\u00fcrgerrechtlerin Angela Davis - Abisag T\u00fcllmann","isPartOf":{"@id":"https:\/\/bpk-archive.de\/tuellmann\/#website"},"primaryImageOfPage":{"@id":"https:\/\/bpk-archive.de\/tuellmann\/produkt\/demonstration-fuer-die-freilassung-der-buergerrechtlerin-angela-davis-3\/#primaryimage"},"image":{"@id":"https:\/\/bpk-archive.de\/tuellmann\/produkt\/demonstration-fuer-die-freilassung-der-buergerrechtlerin-angela-davis-3\/#primaryimage"},"thumbnailUrl":"https:\/\/bpk-archive.de\/tuellmann\/wp-content\/uploads\/2019\/08\/bpk_70243256.jpg","datePublished":"2019-09-05T14:10:08+00:00","dateModified":"2019-09-05T14:10:11+00:00","breadcrumb":{"@id":"https:\/\/bpk-archive.de\/tuellmann\/produkt\/demonstration-fuer-die-freilassung-der-buergerrechtlerin-angela-davis-3\/#breadcrumb"},"inLanguage":"de","potentialAction":[{"@type":"ReadAction","target":["https:\/\/bpk-archive.de\/tuellmann\/produkt\/demonstration-fuer-die-freilassung-der-buergerrechtlerin-angela-davis-3\/"]}]},{"@type":"ImageObject","inLanguage":"de","@id":"https:\/\/bpk-archive.de\/tuellmann\/produkt\/demonstration-fuer-die-freilassung-der-buergerrechtlerin-angela-davis-3\/#primaryimage","url":"https:\/\/bpk-archive.de\/tuellmann\/wp-content\/uploads\/2019\/08\/bpk_70243256.jpg","contentUrl":"https:\/\/bpk-archive.de\/tuellmann\/wp-content\/uploads\/2019\/08\/bpk_70243256.jpg","width":1200,"height":934,"caption":"Demonstration f\u00fcr die Freilassung der B\u00fcrgerrechtlerin Angela Davis"},{"@type":"BreadcrumbList","@id":"https:\/\/bpk-archive.de\/tuellmann\/produkt\/demonstration-fuer-die-freilassung-der-buergerrechtlerin-angela-davis-3\/#breadcrumb","itemListElement":[{"@type":"ListItem","position":1,"name":"Startseite","item":"https:\/\/bpk-archive.de\/tuellmann\/"},{"@type":"ListItem","position":2,"name":"Shop","item":"https:\/\/bpk-archive.de\/tuellmann\/shop\/"},{"@type":"ListItem","position":3,"name":"Demonstration f\u00fcr die Freilassung der B\u00fcrgerrechtlerin Angela Davis"}]},{"@type":"WebSite","@id":"https:\/\/bpk-archive.de\/tuellmann\/#website","url":"https:\/\/bpk-archive.de\/tuellmann\/","name":"Abisag T\u00fcllmann","description":"Eine weitere WordPress-Website","potentialAction":[{"@type":"SearchAction","target":{"@type":"EntryPoint","urlTemplate":"https:\/\/bpk-archive.de\/tuellmann\/?s={search_term_string}"},"query-input":{"@type":"PropertyValueSpecification","valueRequired":true,"valueName":"search_term_string"}}],"inLanguage":"de"}]}},"_links":{"self":[{"href":"https:\/\/bpk-archive.de\/tuellmann\/wp-json\/wp\/v2\/product\/70296760","targetHints":{"allow":["GET"]}}],"collection":[{"href":"https:\/\/bpk-archive.de\/tuellmann\/wp-json\/wp\/v2\/product"}],"about":[{"href":"https:\/\/bpk-archive.de\/tuellmann\/wp-json\/wp\/v2\/types\/product"}],"wp:featuredmedia":[{"embeddable":true,"href":"https:\/\/bpk-archive.de\/tuellmann\/wp-json\/wp\/v2\/media\/70292630"}],"wp:attachment":[{"href":"https:\/\/bpk-archive.de\/tuellmann\/wp-json\/wp\/v2\/media?parent=70296760"}],"wp:term":[{"taxonomy":"product_brand","embeddable":true,"href":"https:\/\/bpk-archive.de\/tuellmann\/wp-json\/wp\/v2\/product_brand?post=70296760"},{"taxonomy":"product_cat","embeddable":true,"href":"https:\/\/bpk-archive.de\/tuellmann\/wp-json\/wp\/v2\/product_cat?post=70296760"},{"taxonomy":"product_tag","embeddable":true,"href":"https:\/\/bpk-archive.de\/tuellmann\/wp-json\/wp\/v2\/product_tag?post=70296760"}],"curies":[{"name":"wp","href":"https:\/\/api.w.org\/{rel}","templated":true}]}}