{"id":70296755,"date":"2019-09-05T16:09:52","date_gmt":"2019-09-05T14:09:52","guid":{"rendered":"http:\/\/abisagtuellmann.bpk-news.de\/atbild\/spielende-kinder-auf-dem-verwahrlosten-grundstueck-eines-abrisshauses-im-district-six-in-kapstadt\/"},"modified":"2019-09-05T16:10:06","modified_gmt":"2019-09-05T14:10:06","slug":"spielende-kinder-auf-dem-verwahrlosten-grundstueck-eines-abrisshauses-im-district-six-in-kapstadt","status":"publish","type":"product","link":"https:\/\/bpk-archive.de\/tuellmann\/produkt\/spielende-kinder-auf-dem-verwahrlosten-grundstueck-eines-abrisshauses-im-district-six-in-kapstadt\/","title":{"rendered":"Spielende Kinder auf dem verwahrlosten Grundst\u00fcck eines Abrisshauses im District Six in Kapstadt"},"content":{"rendered":"<p>Die Kinder haben sich aus Bauschutt eine Wippe gebaut R\u00fcckseitenbeschriftung von Hand der Fotografin: &#8222;Kapstadt&#8220;<\/p>\n","protected":false},"excerpt":{"rendered":"<p>Die Kinder haben sich aus Bauschutt eine Wippe gebaut R\u00fcckseitenbeschriftung von Hand der Fotografin: &#8222;Kapstadt&#8220;<\/p>\n","protected":false},"featured_media":70292565,"template":"","meta":[],"product_brand":[],"product_cat":[],"product_tag":[13230,13232,13234,13231,13233,13235,53514,53515,53516,53517,53518,53519,64875,13777,13236,13237,13240,13241,13242,13243,13244,13245,56271,48420,14316,51804,13250,56272,56273,59884,59886,59887,13253,13254,13255,13256,13257,49519,13260,13261,13268,13269,13270,13271,56959,56960,56961,13293,13786,13787,13294,13295,13296,13297,49438,49439,49440,49441,49442,49443,49444,54416,54417,13301,56739,14205,14206,14207,14211,14212,14213,14218,14219,14000,14001,14002,14003,14004,14005,14006,48005,48006,48007,48008,48009,48010,48011,56970,56971,13328,13827,13828,13329,13330,13331,13332,14231,13843,62166,62127,62128,62129,62130,62131,62132,62133,13877,13879,13865,13864,13866,13351,13352,13353,13858,13859,13860,13861,13862,13863,56274,56275,56276,56277,56278,13354,13869,13870,13871,13872,14243,14244,14245,14246,14247,14248,14249,48423,48424,49605,49606,49607,49608,49609,49610,13519,13520,13521,13522,13523,13524,47408,47409,13363,51811,13364,13365,13366,13367,13368,13369,13878,13880,56976,56977,49793,49794,49795,49796,49797,49798,64902,64903,64904,64905,64906,64907,56283,56284],"class_list":{"0":"post-70296755","1":"product","2":"type-product","3":"status-publish","4":"has-post-thumbnail","6":"product_tag-1970er-jahre","7":"product_tag-20-jahrhundert-nach-chr","8":"product_tag-20-jh-n-chr","9":"product_tag-20-jahrhundert","10":"product_tag-20-jh","11":"product_tag-70er","12":"product_tag-abbruch","13":"product_tag-abbruchhaus","14":"product_tag-abreissen","15":"product_tag-abriss","16":"product_tag-abrissarbeiten","17":"product_tag-abrisshaus","18":"product_tag-abt_024","19":"product_tag-abzug","20":"product_tag-afrika","21":"product_tag-afrikaner","22":"product_tag-afrikanisch","23":"product_tag-afrikanische","24":"product_tag-afrikanischen","25":"product_tag-afrikanischer","26":"product_tag-afrikanisches","27":"product_tag-afrikas","28":"product_tag-apartheid","29":"product_tag-armenviertel","30":"product_tag-armut","31":"product_tag-at_suedafrika","32":"product_tag-aussen","33":"product_tag-brache","34":"product_tag-brachland","35":"product_tag-brett","36":"product_tag-bretter","37":"product_tag-brettern","38":"product_tag-deutsch","39":"product_tag-deutsche","40":"product_tag-deutschen","41":"product_tag-deutscher","42":"product_tag-deutsches","43":"product_tag-diskriminierung","44":"product_tag-draussen","45":"product_tag-dunkelhaeutiger","46":"product_tag-farbige","47":"product_tag-farbigen","48":"product_tag-farbiger","49":"product_tag-farbiges","50":"product_tag-fass","51":"product_tag-faesser","52":"product_tag-faessern","53":"product_tag-foto","54":"product_tag-fotoabzug","55":"product_tag-fotoabzuege","56":"product_tag-fotografie","57":"product_tag-fotografien","58":"product_tag-fotografin","59":"product_tag-fotografinnen","60":"product_tag-froehlich","61":"product_tag-froehliche","62":"product_tag-froehlichem","63":"product_tag-froehlichen","64":"product_tag-froehlicher","65":"product_tag-froehliches","66":"product_tag-froehlichkeit","67":"product_tag-grundstueck","68":"product_tag-grundstuecke","69":"product_tag-im-freien","70":"product_tag-kapstadt","71":"product_tag-kind","72":"product_tag-kinde","73":"product_tag-kinder","74":"product_tag-kindergruppe","75":"product_tag-kindergruppen","76":"product_tag-kindern","77":"product_tag-kindes","78":"product_tag-kindheit","79":"product_tag-laecheln","80":"product_tag-laechelnd","81":"product_tag-laechelnde","82":"product_tag-laechelnden","83":"product_tag-laechelnder","84":"product_tag-laechelndes","85":"product_tag-laechelt","86":"product_tag-lachen","87":"product_tag-lachend","88":"product_tag-lachende","89":"product_tag-lachendem","90":"product_tag-lachenden","91":"product_tag-lachender","92":"product_tag-lachendes","93":"product_tag-oelfass","94":"product_tag-oelfaesser","95":"product_tag-photo","96":"product_tag-photoabzug","97":"product_tag-photoabzuege","98":"product_tag-photographie","99":"product_tag-photographien","100":"product_tag-photographin","101":"product_tag-photographinnen","102":"product_tag-posieren","103":"product_tag-print","104":"product_tag-rassendiskriminierung","105":"product_tag-rassentrennung","106":"product_tag-rassismus","107":"product_tag-rassistisch","108":"product_tag-rassistische","109":"product_tag-rassistischen","110":"product_tag-rassistischer","111":"product_tag-rassistisches","112":"product_tag-s-w-fotografie","113":"product_tag-s-w-photographie","114":"product_tag-schwarzweissphotographie","115":"product_tag-schwarz-weiss-fotografie","116":"product_tag-schwarz-weiss-photographie","117":"product_tag-schwarze","118":"product_tag-schwarzen","119":"product_tag-schwarzer","120":"product_tag-schwarzweiss","121":"product_tag-schwarzweisse","122":"product_tag-schwarzweissen","123":"product_tag-schwarzweisser","124":"product_tag-schwarzweisses","125":"product_tag-schwarzweissfotografie","126":"product_tag-selbstgemacht","127":"product_tag-selbstgemachte","128":"product_tag-selbstgemachten","129":"product_tag-selbstgemachter","130":"product_tag-selbstgemachtes","131":"product_tag-siebziger","132":"product_tag-silbergelatine","133":"product_tag-silbergelatineabzug","134":"product_tag-silbergelatineabzuege","135":"product_tag-silbergelatineprint","136":"product_tag-sitzen","137":"product_tag-sitzend","138":"product_tag-sitzende","139":"product_tag-sitzenden","140":"product_tag-sitzender","141":"product_tag-sitzendes","142":"product_tag-sitzt","143":"product_tag-slum","144":"product_tag-slums","145":"product_tag-spielen","146":"product_tag-spielend","147":"product_tag-spielende","148":"product_tag-spielenden","149":"product_tag-spielender","150":"product_tag-spielendes","151":"product_tag-stehen","152":"product_tag-stehend","153":"product_tag-stehende","154":"product_tag-stehenden","155":"product_tag-stehender","156":"product_tag-stehendes","157":"product_tag-strassenleben","158":"product_tag-strassenszene","159":"product_tag-suedafrika","160":"product_tag-suedafrikaner","161":"product_tag-suedafrikanisch","162":"product_tag-suedafrikanische","163":"product_tag-suedafrikanischen","164":"product_tag-suedafrikanischer","165":"product_tag-suedafrikanisches","166":"product_tag-suedafrikas","167":"product_tag-sw-fotografie","168":"product_tag-sw-photographie","169":"product_tag-tonne","170":"product_tag-tonnen","171":"product_tag-verwahrlost","172":"product_tag-verwahrloste","173":"product_tag-verwahrlosten","174":"product_tag-verwahrloster","175":"product_tag-verwahrlostes","176":"product_tag-verwahrlosung","177":"product_tag-winken","178":"product_tag-winkend","179":"product_tag-winkende","180":"product_tag-winkenden","181":"product_tag-winkender","182":"product_tag-winkendes","183":"product_tag-wippe","184":"product_tag-wippen","185":"pa_datierung-oktober-1971","186":"pa_fotograf-abisag-tuellmann","187":"pa_geografischer_bezug-aufnahmeort-kapstadt-suedafrika","188":"pa_grunddaten_material_technik-foto-silbergelatine-auf-barytpapier","189":"pa_inventarnummer-tue-71-228-10a","190":"pa_jahr_von-49516","191":"pa_massangaben-bildformat-foto-30-x-398-cm","192":"pa_mediennummer-64900","193":"pa_objekt_typ-fotografie","195":"first","196":"instock","197":"product-type-simple"},"yoast_head":"<!-- This site is optimized with the Yoast SEO plugin v27.4 - https:\/\/yoast.com\/product\/yoast-seo-wordpress\/ -->\n<title>Spielende Kinder auf dem verwahrlosten Grundst\u00fcck eines Abrisshauses im District Six in Kapstadt - Abisag T\u00fcllmann<\/title>\n<meta name=\"robots\" content=\"index, follow, max-snippet:-1, max-image-preview:large, max-video-preview:-1\" \/>\n<link rel=\"canonical\" href=\"https:\/\/bpk-archive.de\/tuellmann\/produkt\/spielende-kinder-auf-dem-verwahrlosten-grundstueck-eines-abrisshauses-im-district-six-in-kapstadt\/\" \/>\n<meta property=\"og:locale\" content=\"de_DE\" \/>\n<meta property=\"og:type\" content=\"article\" \/>\n<meta property=\"og:title\" content=\"Spielende Kinder auf dem verwahrlosten Grundst\u00fcck eines Abrisshauses im District Six in Kapstadt - Abisag T\u00fcllmann\" \/>\n<meta property=\"og:description\" content=\"Die Kinder haben sich aus Bauschutt eine Wippe gebaut R\u00fcckseitenbeschriftung von Hand der Fotografin: &#8222;Kapstadt&#8220;\" \/>\n<meta property=\"og:url\" content=\"https:\/\/bpk-archive.de\/tuellmann\/produkt\/spielende-kinder-auf-dem-verwahrlosten-grundstueck-eines-abrisshauses-im-district-six-in-kapstadt\/\" \/>\n<meta property=\"og:site_name\" content=\"Abisag T\u00fcllmann\" \/>\n<meta property=\"article:modified_time\" content=\"2019-09-05T14:10:06+00:00\" \/>\n<meta property=\"og:image\" content=\"https:\/\/bpk-archive.de\/tuellmann\/wp-content\/uploads\/2019\/08\/bpk_70243234.jpg\" \/>\n\t<meta property=\"og:image:width\" content=\"1200\" \/>\n\t<meta property=\"og:image:height\" content=\"916\" \/>\n\t<meta property=\"og:image:type\" content=\"image\/jpeg\" \/>\n<meta name=\"twitter:card\" content=\"summary_large_image\" \/>\n<script type=\"application\/ld+json\" class=\"yoast-schema-graph\">{\"@context\":\"https:\\\/\\\/schema.org\",\"@graph\":[{\"@type\":\"WebPage\",\"@id\":\"https:\\\/\\\/bpk-archive.de\\\/tuellmann\\\/produkt\\\/spielende-kinder-auf-dem-verwahrlosten-grundstueck-eines-abrisshauses-im-district-six-in-kapstadt\\\/\",\"url\":\"https:\\\/\\\/bpk-archive.de\\\/tuellmann\\\/produkt\\\/spielende-kinder-auf-dem-verwahrlosten-grundstueck-eines-abrisshauses-im-district-six-in-kapstadt\\\/\",\"name\":\"Spielende Kinder auf dem verwahrlosten Grundst\u00fcck eines Abrisshauses im District Six in Kapstadt - Abisag T\u00fcllmann\",\"isPartOf\":{\"@id\":\"https:\\\/\\\/bpk-archive.de\\\/tuellmann\\\/#website\"},\"primaryImageOfPage\":{\"@id\":\"https:\\\/\\\/bpk-archive.de\\\/tuellmann\\\/produkt\\\/spielende-kinder-auf-dem-verwahrlosten-grundstueck-eines-abrisshauses-im-district-six-in-kapstadt\\\/#primaryimage\"},\"image\":{\"@id\":\"https:\\\/\\\/bpk-archive.de\\\/tuellmann\\\/produkt\\\/spielende-kinder-auf-dem-verwahrlosten-grundstueck-eines-abrisshauses-im-district-six-in-kapstadt\\\/#primaryimage\"},\"thumbnailUrl\":\"https:\\\/\\\/bpk-archive.de\\\/tuellmann\\\/wp-content\\\/uploads\\\/2019\\\/08\\\/bpk_70243234.jpg\",\"datePublished\":\"2019-09-05T14:09:52+00:00\",\"dateModified\":\"2019-09-05T14:10:06+00:00\",\"breadcrumb\":{\"@id\":\"https:\\\/\\\/bpk-archive.de\\\/tuellmann\\\/produkt\\\/spielende-kinder-auf-dem-verwahrlosten-grundstueck-eines-abrisshauses-im-district-six-in-kapstadt\\\/#breadcrumb\"},\"inLanguage\":\"de\",\"potentialAction\":[{\"@type\":\"ReadAction\",\"target\":[\"https:\\\/\\\/bpk-archive.de\\\/tuellmann\\\/produkt\\\/spielende-kinder-auf-dem-verwahrlosten-grundstueck-eines-abrisshauses-im-district-six-in-kapstadt\\\/\"]}]},{\"@type\":\"ImageObject\",\"inLanguage\":\"de\",\"@id\":\"https:\\\/\\\/bpk-archive.de\\\/tuellmann\\\/produkt\\\/spielende-kinder-auf-dem-verwahrlosten-grundstueck-eines-abrisshauses-im-district-six-in-kapstadt\\\/#primaryimage\",\"url\":\"https:\\\/\\\/bpk-archive.de\\\/tuellmann\\\/wp-content\\\/uploads\\\/2019\\\/08\\\/bpk_70243234.jpg\",\"contentUrl\":\"https:\\\/\\\/bpk-archive.de\\\/tuellmann\\\/wp-content\\\/uploads\\\/2019\\\/08\\\/bpk_70243234.jpg\",\"width\":1200,\"height\":916,\"caption\":\"Spielende Kinder auf dem verwahrlosten Grundst\u00fcck eines Abrisshauses im District Six in Kapstadt\"},{\"@type\":\"BreadcrumbList\",\"@id\":\"https:\\\/\\\/bpk-archive.de\\\/tuellmann\\\/produkt\\\/spielende-kinder-auf-dem-verwahrlosten-grundstueck-eines-abrisshauses-im-district-six-in-kapstadt\\\/#breadcrumb\",\"itemListElement\":[{\"@type\":\"ListItem\",\"position\":1,\"name\":\"Startseite\",\"item\":\"https:\\\/\\\/bpk-archive.de\\\/tuellmann\\\/\"},{\"@type\":\"ListItem\",\"position\":2,\"name\":\"Shop\",\"item\":\"https:\\\/\\\/bpk-archive.de\\\/tuellmann\\\/shop\\\/\"},{\"@type\":\"ListItem\",\"position\":3,\"name\":\"Spielende Kinder auf dem verwahrlosten Grundst\u00fcck eines Abrisshauses im District Six in Kapstadt\"}]},{\"@type\":\"WebSite\",\"@id\":\"https:\\\/\\\/bpk-archive.de\\\/tuellmann\\\/#website\",\"url\":\"https:\\\/\\\/bpk-archive.de\\\/tuellmann\\\/\",\"name\":\"Abisag T\u00fcllmann\",\"description\":\"Eine weitere WordPress-Website\",\"potentialAction\":[{\"@type\":\"SearchAction\",\"target\":{\"@type\":\"EntryPoint\",\"urlTemplate\":\"https:\\\/\\\/bpk-archive.de\\\/tuellmann\\\/?s={search_term_string}\"},\"query-input\":{\"@type\":\"PropertyValueSpecification\",\"valueRequired\":true,\"valueName\":\"search_term_string\"}}],\"inLanguage\":\"de\"}]}<\/script>\n<!-- \/ Yoast SEO plugin. -->","yoast_head_json":{"title":"Spielende Kinder auf dem verwahrlosten Grundst\u00fcck eines Abrisshauses im District Six in Kapstadt - Abisag T\u00fcllmann","robots":{"index":"index","follow":"follow","max-snippet":"max-snippet:-1","max-image-preview":"max-image-preview:large","max-video-preview":"max-video-preview:-1"},"canonical":"https:\/\/bpk-archive.de\/tuellmann\/produkt\/spielende-kinder-auf-dem-verwahrlosten-grundstueck-eines-abrisshauses-im-district-six-in-kapstadt\/","og_locale":"de_DE","og_type":"article","og_title":"Spielende Kinder auf dem verwahrlosten Grundst\u00fcck eines Abrisshauses im District Six in Kapstadt - Abisag T\u00fcllmann","og_description":"Die Kinder haben sich aus Bauschutt eine Wippe gebaut R\u00fcckseitenbeschriftung von Hand der Fotografin: &#8222;Kapstadt&#8220;","og_url":"https:\/\/bpk-archive.de\/tuellmann\/produkt\/spielende-kinder-auf-dem-verwahrlosten-grundstueck-eines-abrisshauses-im-district-six-in-kapstadt\/","og_site_name":"Abisag T\u00fcllmann","article_modified_time":"2019-09-05T14:10:06+00:00","og_image":[{"width":1200,"height":916,"url":"https:\/\/bpk-archive.de\/tuellmann\/wp-content\/uploads\/2019\/08\/bpk_70243234.jpg","type":"image\/jpeg"}],"twitter_card":"summary_large_image","schema":{"@context":"https:\/\/schema.org","@graph":[{"@type":"WebPage","@id":"https:\/\/bpk-archive.de\/tuellmann\/produkt\/spielende-kinder-auf-dem-verwahrlosten-grundstueck-eines-abrisshauses-im-district-six-in-kapstadt\/","url":"https:\/\/bpk-archive.de\/tuellmann\/produkt\/spielende-kinder-auf-dem-verwahrlosten-grundstueck-eines-abrisshauses-im-district-six-in-kapstadt\/","name":"Spielende Kinder auf dem verwahrlosten Grundst\u00fcck eines Abrisshauses im District Six in Kapstadt - Abisag T\u00fcllmann","isPartOf":{"@id":"https:\/\/bpk-archive.de\/tuellmann\/#website"},"primaryImageOfPage":{"@id":"https:\/\/bpk-archive.de\/tuellmann\/produkt\/spielende-kinder-auf-dem-verwahrlosten-grundstueck-eines-abrisshauses-im-district-six-in-kapstadt\/#primaryimage"},"image":{"@id":"https:\/\/bpk-archive.de\/tuellmann\/produkt\/spielende-kinder-auf-dem-verwahrlosten-grundstueck-eines-abrisshauses-im-district-six-in-kapstadt\/#primaryimage"},"thumbnailUrl":"https:\/\/bpk-archive.de\/tuellmann\/wp-content\/uploads\/2019\/08\/bpk_70243234.jpg","datePublished":"2019-09-05T14:09:52+00:00","dateModified":"2019-09-05T14:10:06+00:00","breadcrumb":{"@id":"https:\/\/bpk-archive.de\/tuellmann\/produkt\/spielende-kinder-auf-dem-verwahrlosten-grundstueck-eines-abrisshauses-im-district-six-in-kapstadt\/#breadcrumb"},"inLanguage":"de","potentialAction":[{"@type":"ReadAction","target":["https:\/\/bpk-archive.de\/tuellmann\/produkt\/spielende-kinder-auf-dem-verwahrlosten-grundstueck-eines-abrisshauses-im-district-six-in-kapstadt\/"]}]},{"@type":"ImageObject","inLanguage":"de","@id":"https:\/\/bpk-archive.de\/tuellmann\/produkt\/spielende-kinder-auf-dem-verwahrlosten-grundstueck-eines-abrisshauses-im-district-six-in-kapstadt\/#primaryimage","url":"https:\/\/bpk-archive.de\/tuellmann\/wp-content\/uploads\/2019\/08\/bpk_70243234.jpg","contentUrl":"https:\/\/bpk-archive.de\/tuellmann\/wp-content\/uploads\/2019\/08\/bpk_70243234.jpg","width":1200,"height":916,"caption":"Spielende Kinder auf dem verwahrlosten Grundst\u00fcck eines Abrisshauses im District Six in Kapstadt"},{"@type":"BreadcrumbList","@id":"https:\/\/bpk-archive.de\/tuellmann\/produkt\/spielende-kinder-auf-dem-verwahrlosten-grundstueck-eines-abrisshauses-im-district-six-in-kapstadt\/#breadcrumb","itemListElement":[{"@type":"ListItem","position":1,"name":"Startseite","item":"https:\/\/bpk-archive.de\/tuellmann\/"},{"@type":"ListItem","position":2,"name":"Shop","item":"https:\/\/bpk-archive.de\/tuellmann\/shop\/"},{"@type":"ListItem","position":3,"name":"Spielende Kinder auf dem verwahrlosten Grundst\u00fcck eines Abrisshauses im District Six in Kapstadt"}]},{"@type":"WebSite","@id":"https:\/\/bpk-archive.de\/tuellmann\/#website","url":"https:\/\/bpk-archive.de\/tuellmann\/","name":"Abisag T\u00fcllmann","description":"Eine weitere WordPress-Website","potentialAction":[{"@type":"SearchAction","target":{"@type":"EntryPoint","urlTemplate":"https:\/\/bpk-archive.de\/tuellmann\/?s={search_term_string}"},"query-input":{"@type":"PropertyValueSpecification","valueRequired":true,"valueName":"search_term_string"}}],"inLanguage":"de"}]}},"_links":{"self":[{"href":"https:\/\/bpk-archive.de\/tuellmann\/wp-json\/wp\/v2\/product\/70296755","targetHints":{"allow":["GET"]}}],"collection":[{"href":"https:\/\/bpk-archive.de\/tuellmann\/wp-json\/wp\/v2\/product"}],"about":[{"href":"https:\/\/bpk-archive.de\/tuellmann\/wp-json\/wp\/v2\/types\/product"}],"wp:featuredmedia":[{"embeddable":true,"href":"https:\/\/bpk-archive.de\/tuellmann\/wp-json\/wp\/v2\/media\/70292565"}],"wp:attachment":[{"href":"https:\/\/bpk-archive.de\/tuellmann\/wp-json\/wp\/v2\/media?parent=70296755"}],"wp:term":[{"taxonomy":"product_brand","embeddable":true,"href":"https:\/\/bpk-archive.de\/tuellmann\/wp-json\/wp\/v2\/product_brand?post=70296755"},{"taxonomy":"product_cat","embeddable":true,"href":"https:\/\/bpk-archive.de\/tuellmann\/wp-json\/wp\/v2\/product_cat?post=70296755"},{"taxonomy":"product_tag","embeddable":true,"href":"https:\/\/bpk-archive.de\/tuellmann\/wp-json\/wp\/v2\/product_tag?post=70296755"}],"curies":[{"name":"wp","href":"https:\/\/api.w.org\/{rel}","templated":true}]}}