{"id":70296753,"date":"2019-09-05T16:09:52","date_gmt":"2019-09-05T14:09:52","guid":{"rendered":"http:\/\/abisagtuellmann.bpk-news.de\/atbild\/apartheid-in-suedafrika-zwischen-schwarzen-und-weissen-getrennter-einkauf-in-johannesburg\/"},"modified":"2020-08-12T10:28:35","modified_gmt":"2020-08-12T08:28:35","slug":"apartheid-in-suedafrika-zwischen-schwarzen-und-weissen-getrennter-einkauf-in-johannesburg","status":"publish","type":"product","link":"https:\/\/bpk-archive.de\/tuellmann\/produkt\/apartheid-in-suedafrika-zwischen-schwarzen-und-weissen-getrennter-einkauf-in-johannesburg\/","title":{"rendered":"Apartheid in S\u00fcdafrika: Zwischen Schwarzen und Wei\u00dfen getrennter Einkauf in Johannesburg"},"content":{"rendered":"<p>R\u00fcckseitenbeschriftung von Hand der Fotografin: &#8222;S\u00fcdafrika, Johannesburg&#8220;<\/p>\n","protected":false},"excerpt":{"rendered":"<p>R\u00fcckseitenbeschriftung von Hand der Fotografin: &#8222;S\u00fcdafrika, Johannesburg&#8220;<\/p>\n","protected":false},"featured_media":70292548,"template":"","meta":[],"product_brand":[],"product_cat":[73397],"product_tag":[13230,13232,13234,13231,13233,13235,62055,13777,13236,13237,13238,13239,13240,13241,13242,13243,13244,13245,47513,56271,51804,13253,13254,13255,13256,13257,49519,13473,13261,47724,47725,47726,13268,13269,13270,13271,13293,13786,13787,13294,13295,13296,13297,47519,47557,47558,47559,64891,13498,62058,62059,48253,47762,47763,47766,47560,48254,48255,48256,48257,13319,13320,13321,13322,13323,48262,48263,13328,13827,13828,13329,13330,13331,13332,13843,62166,62127,62128,62129,62130,62131,62132,62133,13877,13879,13865,13864,13866,13351,13352,13353,13858,13859,13860,13861,13862,13863,13354,13869,13870,13871,13872,13519,13520,13521,13522,13523,13524,13363,51811,56279,56280,13364,13365,13366,13367,13368,13369,13878,13880,52102,52103,64892,52104,13525,47529,47530,47531,47532,47533,47534,56623,56624,56625,56626,56627,56628],"class_list":{"0":"post-70296753","1":"product","2":"type-product","3":"status-publish","4":"has-post-thumbnail","6":"product_cat-suedafrika","7":"product_tag-1970er-jahre","8":"product_tag-20-jahrhundert-nach-chr","9":"product_tag-20-jh-n-chr","10":"product_tag-20-jahrhundert","11":"product_tag-20-jh","12":"product_tag-70er","13":"product_tag-abt_025","14":"product_tag-abzug","15":"product_tag-afrika","16":"product_tag-afrikaner","17":"product_tag-afrikanerin","18":"product_tag-afrikanerinnen","19":"product_tag-afrikanisch","20":"product_tag-afrikanische","21":"product_tag-afrikanischen","22":"product_tag-afrikanischer","23":"product_tag-afrikanisches","24":"product_tag-afrikas","25":"product_tag-anstehen","26":"product_tag-apartheid","27":"product_tag-at_suedafrika","28":"product_tag-deutsch","29":"product_tag-deutsche","30":"product_tag-deutschen","31":"product_tag-deutscher","32":"product_tag-deutsches","33":"product_tag-diskriminierung","34":"product_tag-drinnen","35":"product_tag-dunkelhaeutiger","36":"product_tag-einkauf","37":"product_tag-einkaeufe","38":"product_tag-einkaufen","39":"product_tag-farbige","40":"product_tag-farbigen","41":"product_tag-farbiger","42":"product_tag-farbiges","43":"product_tag-foto","44":"product_tag-fotoabzug","45":"product_tag-fotoabzuege","46":"product_tag-fotografie","47":"product_tag-fotografien","48":"product_tag-fotografin","49":"product_tag-fotografinnen","50":"product_tag-gedraenge","51":"product_tag-geschaeft","52":"product_tag-geschaefte","53":"product_tag-geschaeftes","54":"product_tag-getrennt","55":"product_tag-innen","56":"product_tag-johannesburg","57":"product_tag-johannesburger","58":"product_tag-konsum","59":"product_tag-kunde","60":"product_tag-kunden","61":"product_tag-kundschaft","62":"product_tag-laden","63":"product_tag-lebensmittel","64":"product_tag-lebensmittelgeschaeft","65":"product_tag-lebensmittelgeschaefte","66":"product_tag-lebensmitteln","67":"product_tag-menschenansammlung","68":"product_tag-menschenauflauf","69":"product_tag-menschenmassen","70":"product_tag-menschenmenge","71":"product_tag-menschenschar","72":"product_tag-nahrung","73":"product_tag-nahrungsmittel","74":"product_tag-photo","75":"product_tag-photoabzug","76":"product_tag-photoabzuege","77":"product_tag-photographie","78":"product_tag-photographien","79":"product_tag-photographin","80":"product_tag-photographinnen","81":"product_tag-print","82":"product_tag-rassendiskriminierung","83":"product_tag-rassentrennung","84":"product_tag-rassismus","85":"product_tag-rassistisch","86":"product_tag-rassistische","87":"product_tag-rassistischen","88":"product_tag-rassistischer","89":"product_tag-rassistisches","90":"product_tag-s-w-fotografie","91":"product_tag-s-w-photographie","92":"product_tag-schwarzweissphotographie","93":"product_tag-schwarz-weiss-fotografie","94":"product_tag-schwarz-weiss-photographie","95":"product_tag-schwarze","96":"product_tag-schwarzen","97":"product_tag-schwarzer","98":"product_tag-schwarzweiss","99":"product_tag-schwarzweisse","100":"product_tag-schwarzweissen","101":"product_tag-schwarzweisser","102":"product_tag-schwarzweisses","103":"product_tag-schwarzweissfotografie","104":"product_tag-siebziger","105":"product_tag-silbergelatine","106":"product_tag-silbergelatineabzug","107":"product_tag-silbergelatineabzuege","108":"product_tag-silbergelatineprint","109":"product_tag-stehen","110":"product_tag-stehend","111":"product_tag-stehende","112":"product_tag-stehenden","113":"product_tag-stehender","114":"product_tag-stehendes","115":"product_tag-suedafrika","116":"product_tag-suedafrikaner","117":"product_tag-suedafrikanerin","118":"product_tag-suedafrikanerinnen","119":"product_tag-suedafrikanisch","120":"product_tag-suedafrikanische","121":"product_tag-suedafrikanischen","122":"product_tag-suedafrikanischer","123":"product_tag-suedafrikanisches","124":"product_tag-suedafrikas","125":"product_tag-sw-fotografie","126":"product_tag-sw-photographie","127":"product_tag-theke","128":"product_tag-theken","129":"product_tag-trennwand","130":"product_tag-tresen","131":"product_tag-von-innen","132":"product_tag-warten","133":"product_tag-wartend","134":"product_tag-wartende","135":"product_tag-wartenden","136":"product_tag-wartender","137":"product_tag-wartendes","138":"product_tag-weiss","139":"product_tag-weisse","140":"product_tag-weissem","141":"product_tag-weissen","142":"product_tag-weisser","143":"product_tag-weisses","144":"pa_datierung-oktober-1971","145":"pa_fotograf-abisag-tuellmann","146":"pa_geografischer_bezug-aufnahmeort-johannesburg-suedafrika","147":"pa_grunddaten_material_technik-foto-silbergelatine-auf-barytpapier","148":"pa_inventarnummer-tue-71-239-18a","149":"pa_jahr_von-49516","150":"pa_massangaben-bildformat-foto-258-x-39-cm","151":"pa_mediennummer-64888","152":"pa_objekt_typ-fotografie","154":"first","155":"instock","156":"product-type-simple"},"yoast_head":"<!-- This site is optimized with the Yoast SEO plugin v27.4 - https:\/\/yoast.com\/product\/yoast-seo-wordpress\/ -->\n<title>Apartheid in S\u00fcdafrika: Zwischen Schwarzen und Wei\u00dfen getrennter Einkauf in Johannesburg - Abisag T\u00fcllmann<\/title>\n<meta name=\"robots\" content=\"index, follow, max-snippet:-1, max-image-preview:large, max-video-preview:-1\" \/>\n<link rel=\"canonical\" href=\"https:\/\/bpk-archive.de\/tuellmann\/produkt\/apartheid-in-suedafrika-zwischen-schwarzen-und-weissen-getrennter-einkauf-in-johannesburg\/\" \/>\n<meta property=\"og:locale\" content=\"de_DE\" \/>\n<meta property=\"og:type\" content=\"article\" \/>\n<meta property=\"og:title\" content=\"Apartheid in S\u00fcdafrika: Zwischen Schwarzen und Wei\u00dfen getrennter Einkauf in Johannesburg - Abisag T\u00fcllmann\" \/>\n<meta property=\"og:description\" content=\"R\u00fcckseitenbeschriftung von Hand der Fotografin: &#8222;S\u00fcdafrika, Johannesburg&#8220;\" \/>\n<meta property=\"og:url\" content=\"https:\/\/bpk-archive.de\/tuellmann\/produkt\/apartheid-in-suedafrika-zwischen-schwarzen-und-weissen-getrennter-einkauf-in-johannesburg\/\" \/>\n<meta property=\"og:site_name\" content=\"Abisag T\u00fcllmann\" \/>\n<meta property=\"article:modified_time\" content=\"2020-08-12T08:28:35+00:00\" \/>\n<meta property=\"og:image\" content=\"https:\/\/bpk-archive.de\/tuellmann\/wp-content\/uploads\/2019\/08\/bpk_70243228.jpg\" \/>\n\t<meta property=\"og:image:width\" content=\"1200\" \/>\n\t<meta property=\"og:image:height\" content=\"802\" \/>\n\t<meta property=\"og:image:type\" content=\"image\/jpeg\" \/>\n<meta name=\"twitter:card\" content=\"summary_large_image\" \/>\n<script type=\"application\/ld+json\" class=\"yoast-schema-graph\">{\"@context\":\"https:\\\/\\\/schema.org\",\"@graph\":[{\"@type\":\"WebPage\",\"@id\":\"https:\\\/\\\/bpk-archive.de\\\/tuellmann\\\/produkt\\\/apartheid-in-suedafrika-zwischen-schwarzen-und-weissen-getrennter-einkauf-in-johannesburg\\\/\",\"url\":\"https:\\\/\\\/bpk-archive.de\\\/tuellmann\\\/produkt\\\/apartheid-in-suedafrika-zwischen-schwarzen-und-weissen-getrennter-einkauf-in-johannesburg\\\/\",\"name\":\"Apartheid in S\u00fcdafrika: Zwischen Schwarzen und Wei\u00dfen getrennter Einkauf in Johannesburg - Abisag T\u00fcllmann\",\"isPartOf\":{\"@id\":\"https:\\\/\\\/bpk-archive.de\\\/tuellmann\\\/#website\"},\"primaryImageOfPage\":{\"@id\":\"https:\\\/\\\/bpk-archive.de\\\/tuellmann\\\/produkt\\\/apartheid-in-suedafrika-zwischen-schwarzen-und-weissen-getrennter-einkauf-in-johannesburg\\\/#primaryimage\"},\"image\":{\"@id\":\"https:\\\/\\\/bpk-archive.de\\\/tuellmann\\\/produkt\\\/apartheid-in-suedafrika-zwischen-schwarzen-und-weissen-getrennter-einkauf-in-johannesburg\\\/#primaryimage\"},\"thumbnailUrl\":\"https:\\\/\\\/bpk-archive.de\\\/tuellmann\\\/wp-content\\\/uploads\\\/2019\\\/08\\\/bpk_70243228.jpg\",\"datePublished\":\"2019-09-05T14:09:52+00:00\",\"dateModified\":\"2020-08-12T08:28:35+00:00\",\"breadcrumb\":{\"@id\":\"https:\\\/\\\/bpk-archive.de\\\/tuellmann\\\/produkt\\\/apartheid-in-suedafrika-zwischen-schwarzen-und-weissen-getrennter-einkauf-in-johannesburg\\\/#breadcrumb\"},\"inLanguage\":\"de\",\"potentialAction\":[{\"@type\":\"ReadAction\",\"target\":[\"https:\\\/\\\/bpk-archive.de\\\/tuellmann\\\/produkt\\\/apartheid-in-suedafrika-zwischen-schwarzen-und-weissen-getrennter-einkauf-in-johannesburg\\\/\"]}]},{\"@type\":\"ImageObject\",\"inLanguage\":\"de\",\"@id\":\"https:\\\/\\\/bpk-archive.de\\\/tuellmann\\\/produkt\\\/apartheid-in-suedafrika-zwischen-schwarzen-und-weissen-getrennter-einkauf-in-johannesburg\\\/#primaryimage\",\"url\":\"https:\\\/\\\/bpk-archive.de\\\/tuellmann\\\/wp-content\\\/uploads\\\/2019\\\/08\\\/bpk_70243228.jpg\",\"contentUrl\":\"https:\\\/\\\/bpk-archive.de\\\/tuellmann\\\/wp-content\\\/uploads\\\/2019\\\/08\\\/bpk_70243228.jpg\",\"width\":1200,\"height\":802,\"caption\":\"Apartheid in S\u00fcdafrika: Zwischen Schwarzen und Wei\u00dfen getrennter Einkauf in Johannesburg\"},{\"@type\":\"BreadcrumbList\",\"@id\":\"https:\\\/\\\/bpk-archive.de\\\/tuellmann\\\/produkt\\\/apartheid-in-suedafrika-zwischen-schwarzen-und-weissen-getrennter-einkauf-in-johannesburg\\\/#breadcrumb\",\"itemListElement\":[{\"@type\":\"ListItem\",\"position\":1,\"name\":\"Startseite\",\"item\":\"https:\\\/\\\/bpk-archive.de\\\/tuellmann\\\/\"},{\"@type\":\"ListItem\",\"position\":2,\"name\":\"Shop\",\"item\":\"https:\\\/\\\/bpk-archive.de\\\/tuellmann\\\/shop\\\/\"},{\"@type\":\"ListItem\",\"position\":3,\"name\":\"Apartheid in S\u00fcdafrika: Zwischen Schwarzen und Wei\u00dfen getrennter Einkauf in Johannesburg\"}]},{\"@type\":\"WebSite\",\"@id\":\"https:\\\/\\\/bpk-archive.de\\\/tuellmann\\\/#website\",\"url\":\"https:\\\/\\\/bpk-archive.de\\\/tuellmann\\\/\",\"name\":\"Abisag T\u00fcllmann\",\"description\":\"Eine weitere WordPress-Website\",\"potentialAction\":[{\"@type\":\"SearchAction\",\"target\":{\"@type\":\"EntryPoint\",\"urlTemplate\":\"https:\\\/\\\/bpk-archive.de\\\/tuellmann\\\/?s={search_term_string}\"},\"query-input\":{\"@type\":\"PropertyValueSpecification\",\"valueRequired\":true,\"valueName\":\"search_term_string\"}}],\"inLanguage\":\"de\"}]}<\/script>\n<!-- \/ Yoast SEO plugin. -->","yoast_head_json":{"title":"Apartheid in S\u00fcdafrika: Zwischen Schwarzen und Wei\u00dfen getrennter Einkauf in Johannesburg - Abisag T\u00fcllmann","robots":{"index":"index","follow":"follow","max-snippet":"max-snippet:-1","max-image-preview":"max-image-preview:large","max-video-preview":"max-video-preview:-1"},"canonical":"https:\/\/bpk-archive.de\/tuellmann\/produkt\/apartheid-in-suedafrika-zwischen-schwarzen-und-weissen-getrennter-einkauf-in-johannesburg\/","og_locale":"de_DE","og_type":"article","og_title":"Apartheid in S\u00fcdafrika: Zwischen Schwarzen und Wei\u00dfen getrennter Einkauf in Johannesburg - Abisag T\u00fcllmann","og_description":"R\u00fcckseitenbeschriftung von Hand der Fotografin: &#8222;S\u00fcdafrika, Johannesburg&#8220;","og_url":"https:\/\/bpk-archive.de\/tuellmann\/produkt\/apartheid-in-suedafrika-zwischen-schwarzen-und-weissen-getrennter-einkauf-in-johannesburg\/","og_site_name":"Abisag T\u00fcllmann","article_modified_time":"2020-08-12T08:28:35+00:00","og_image":[{"width":1200,"height":802,"url":"https:\/\/bpk-archive.de\/tuellmann\/wp-content\/uploads\/2019\/08\/bpk_70243228.jpg","type":"image\/jpeg"}],"twitter_card":"summary_large_image","schema":{"@context":"https:\/\/schema.org","@graph":[{"@type":"WebPage","@id":"https:\/\/bpk-archive.de\/tuellmann\/produkt\/apartheid-in-suedafrika-zwischen-schwarzen-und-weissen-getrennter-einkauf-in-johannesburg\/","url":"https:\/\/bpk-archive.de\/tuellmann\/produkt\/apartheid-in-suedafrika-zwischen-schwarzen-und-weissen-getrennter-einkauf-in-johannesburg\/","name":"Apartheid in S\u00fcdafrika: Zwischen Schwarzen und Wei\u00dfen getrennter Einkauf in Johannesburg - Abisag T\u00fcllmann","isPartOf":{"@id":"https:\/\/bpk-archive.de\/tuellmann\/#website"},"primaryImageOfPage":{"@id":"https:\/\/bpk-archive.de\/tuellmann\/produkt\/apartheid-in-suedafrika-zwischen-schwarzen-und-weissen-getrennter-einkauf-in-johannesburg\/#primaryimage"},"image":{"@id":"https:\/\/bpk-archive.de\/tuellmann\/produkt\/apartheid-in-suedafrika-zwischen-schwarzen-und-weissen-getrennter-einkauf-in-johannesburg\/#primaryimage"},"thumbnailUrl":"https:\/\/bpk-archive.de\/tuellmann\/wp-content\/uploads\/2019\/08\/bpk_70243228.jpg","datePublished":"2019-09-05T14:09:52+00:00","dateModified":"2020-08-12T08:28:35+00:00","breadcrumb":{"@id":"https:\/\/bpk-archive.de\/tuellmann\/produkt\/apartheid-in-suedafrika-zwischen-schwarzen-und-weissen-getrennter-einkauf-in-johannesburg\/#breadcrumb"},"inLanguage":"de","potentialAction":[{"@type":"ReadAction","target":["https:\/\/bpk-archive.de\/tuellmann\/produkt\/apartheid-in-suedafrika-zwischen-schwarzen-und-weissen-getrennter-einkauf-in-johannesburg\/"]}]},{"@type":"ImageObject","inLanguage":"de","@id":"https:\/\/bpk-archive.de\/tuellmann\/produkt\/apartheid-in-suedafrika-zwischen-schwarzen-und-weissen-getrennter-einkauf-in-johannesburg\/#primaryimage","url":"https:\/\/bpk-archive.de\/tuellmann\/wp-content\/uploads\/2019\/08\/bpk_70243228.jpg","contentUrl":"https:\/\/bpk-archive.de\/tuellmann\/wp-content\/uploads\/2019\/08\/bpk_70243228.jpg","width":1200,"height":802,"caption":"Apartheid in S\u00fcdafrika: Zwischen Schwarzen und Wei\u00dfen getrennter Einkauf in Johannesburg"},{"@type":"BreadcrumbList","@id":"https:\/\/bpk-archive.de\/tuellmann\/produkt\/apartheid-in-suedafrika-zwischen-schwarzen-und-weissen-getrennter-einkauf-in-johannesburg\/#breadcrumb","itemListElement":[{"@type":"ListItem","position":1,"name":"Startseite","item":"https:\/\/bpk-archive.de\/tuellmann\/"},{"@type":"ListItem","position":2,"name":"Shop","item":"https:\/\/bpk-archive.de\/tuellmann\/shop\/"},{"@type":"ListItem","position":3,"name":"Apartheid in S\u00fcdafrika: Zwischen Schwarzen und Wei\u00dfen getrennter Einkauf in Johannesburg"}]},{"@type":"WebSite","@id":"https:\/\/bpk-archive.de\/tuellmann\/#website","url":"https:\/\/bpk-archive.de\/tuellmann\/","name":"Abisag T\u00fcllmann","description":"Eine weitere WordPress-Website","potentialAction":[{"@type":"SearchAction","target":{"@type":"EntryPoint","urlTemplate":"https:\/\/bpk-archive.de\/tuellmann\/?s={search_term_string}"},"query-input":{"@type":"PropertyValueSpecification","valueRequired":true,"valueName":"search_term_string"}}],"inLanguage":"de"}]}},"_links":{"self":[{"href":"https:\/\/bpk-archive.de\/tuellmann\/wp-json\/wp\/v2\/product\/70296753","targetHints":{"allow":["GET"]}}],"collection":[{"href":"https:\/\/bpk-archive.de\/tuellmann\/wp-json\/wp\/v2\/product"}],"about":[{"href":"https:\/\/bpk-archive.de\/tuellmann\/wp-json\/wp\/v2\/types\/product"}],"wp:featuredmedia":[{"embeddable":true,"href":"https:\/\/bpk-archive.de\/tuellmann\/wp-json\/wp\/v2\/media\/70292548"}],"wp:attachment":[{"href":"https:\/\/bpk-archive.de\/tuellmann\/wp-json\/wp\/v2\/media?parent=70296753"}],"wp:term":[{"taxonomy":"product_brand","embeddable":true,"href":"https:\/\/bpk-archive.de\/tuellmann\/wp-json\/wp\/v2\/product_brand?post=70296753"},{"taxonomy":"product_cat","embeddable":true,"href":"https:\/\/bpk-archive.de\/tuellmann\/wp-json\/wp\/v2\/product_cat?post=70296753"},{"taxonomy":"product_tag","embeddable":true,"href":"https:\/\/bpk-archive.de\/tuellmann\/wp-json\/wp\/v2\/product_tag?post=70296753"}],"curies":[{"name":"wp","href":"https:\/\/api.w.org\/{rel}","templated":true}]}}