{"id":70296748,"date":"2019-09-05T16:09:52","date_gmt":"2019-09-05T14:09:52","guid":{"rendered":"http:\/\/abisagtuellmann.bpk-news.de\/atbild\/wohnhaeuser-an-einer-strasse-in-saracena-kalabrien\/"},"modified":"2019-09-05T16:10:00","modified_gmt":"2019-09-05T14:10:00","slug":"wohnhaeuser-an-einer-strasse-in-saracena-kalabrien","status":"publish","type":"product","link":"https:\/\/bpk-archive.de\/tuellmann\/produkt\/wohnhaeuser-an-einer-strasse-in-saracena-kalabrien\/","title":{"rendered":"Wohnh\u00e4user an einer Stra\u00dfe in Saracena, Kalabrien"},"content":{"rendered":"<p>Eine \u00e4ltere Dame beobachtet von ihrem Balkon aus zwei Jugendliche auf einem Moped<\/p>\n","protected":false},"excerpt":{"rendered":"<p>Eine \u00e4ltere Dame beobachtet von ihrem Balkon aus zwei Jugendliche auf einem Moped<\/p>\n","protected":false},"featured_media":70293543,"template":"","meta":[],"product_brand":[],"product_cat":[],"product_tag":[47237,13232,13234,13231,13233,47238,47921,14271,13777,47240,48387,48388,59907,50202,13250,47569,47570,47365,47366,47367,14178,14179,13253,13254,13255,13256,13257,13260,48211,48212,48213,48214,48215,48216,13293,13786,13787,13294,13295,13296,13297,13487,13488,47377,47383,47384,47385,47386,47430,47431,47432,47743,49148,13301,51508,51509,53313,53314,51510,51511,51512,51513,51514,51515,51516,13804,13807,13808,13809,13812,13813,13814,14203,13815,13816,14204,60265,64233,60266,14205,14206,14207,14213,14218,14219,14220,14221,13818,13819,13826,51518,51519,51520,51521,51522,51523,51524,57354,57355,56748,56749,56750,56751,57123,48150,48151,48152,13328,13827,13828,13329,13330,13331,13332,13843,52174,52175,13877,13879,13865,13864,13866,13858,13859,13860,13861,13862,13863,13869,13870,13871,13872,14243,14244,14245,14246,14247,14248,14249,13519,13520,13521,13522,13523,13524,48165,47408,47409,51537,51538,51539,51540,51541,51542,51543,51544,57745,57746,57747,57748,57749,57750,60692,60693,57752,47967,13878,13880,47968,64870,64871,47504,47505,47506,51946],"class_list":{"0":"post-70296748","1":"product","2":"type-product","3":"status-publish","4":"has-post-thumbnail","6":"product_tag-1980er-jahre","7":"product_tag-20-jahrhundert-nach-chr","8":"product_tag-20-jh-n-chr","9":"product_tag-20-jahrhundert","10":"product_tag-20-jh","11":"product_tag-80er","12":"product_tag-abisag","13":"product_tag-abt_009","14":"product_tag-abzug","15":"product_tag-achtziger","16":"product_tag-anhoehe","17":"product_tag-anhoehen","18":"product_tag-at_italien","19":"product_tag-ausschnitt","20":"product_tag-aussen","21":"product_tag-balkon","22":"product_tag-balkone","23":"product_tag-bauten","24":"product_tag-bauwerk","25":"product_tag-bauwerke","26":"product_tag-bube","27":"product_tag-buben","28":"product_tag-deutsch","29":"product_tag-deutsche","30":"product_tag-deutschen","31":"product_tag-deutscher","32":"product_tag-deutsches","33":"product_tag-draussen","34":"product_tag-fahren","35":"product_tag-fahrend","36":"product_tag-fahrende","37":"product_tag-fahrender","38":"product_tag-fahrendes","39":"product_tag-faehrt","40":"product_tag-foto","41":"product_tag-fotoabzug","42":"product_tag-fotoabzuege","43":"product_tag-fotografie","44":"product_tag-fotografien","45":"product_tag-fotografin","46":"product_tag-fotografinnen","47":"product_tag-frau","48":"product_tag-frauen","49":"product_tag-gebaeude","50":"product_tag-haus","51":"product_tag-haeuser","52":"product_tag-haeusern","53":"product_tag-hauses","54":"product_tag-heranwachsende","55":"product_tag-heranwachsenden","56":"product_tag-heranwachsender","57":"product_tag-hochformat","58":"product_tag-huegel","59":"product_tag-im-freien","60":"product_tag-italien","61":"product_tag-italiener","62":"product_tag-italienerin","63":"product_tag-italienerinnen","64":"product_tag-italienern","65":"product_tag-italienisch","66":"product_tag-italienische","67":"product_tag-italienischen","68":"product_tag-italienischer","69":"product_tag-italienisches","70":"product_tag-italiens","71":"product_tag-jugend","72":"product_tag-jugendliche","73":"product_tag-jugendlichen","74":"product_tag-jugendlicher","75":"product_tag-jung","76":"product_tag-junge","77":"product_tag-jungen","78":"product_tag-jungens","79":"product_tag-junger","80":"product_tag-junges","81":"product_tag-jungs","82":"product_tag-kalabreser","83":"product_tag-kalabresisch","84":"product_tag-kalabrien","85":"product_tag-kind","86":"product_tag-kinde","87":"product_tag-kinder","88":"product_tag-kindern","89":"product_tag-kindes","90":"product_tag-kindheit","91":"product_tag-knabe","92":"product_tag-knaben","93":"product_tag-mann","94":"product_tag-maenner","95":"product_tag-mannes","96":"product_tag-mediterran","97":"product_tag-mediterrane","98":"product_tag-mediterranen","99":"product_tag-mediterraner","100":"product_tag-mediterranes","101":"product_tag-mittelmeerland","102":"product_tag-mittelmeerlaender","103":"product_tag-moped","104":"product_tag-mopeds","105":"product_tag-motorrad","106":"product_tag-motorraeder","107":"product_tag-motorraedern","108":"product_tag-motorrades","109":"product_tag-motorradfahrer","110":"product_tag-neubau","111":"product_tag-neubauten","112":"product_tag-neubauviertel","113":"product_tag-photo","114":"product_tag-photoabzug","115":"product_tag-photoabzuege","116":"product_tag-photographie","117":"product_tag-photographien","118":"product_tag-photographin","119":"product_tag-photographinnen","120":"product_tag-print","121":"product_tag-rohbau","122":"product_tag-rohbaus","123":"product_tag-s-w-fotografie","124":"product_tag-s-w-photographie","125":"product_tag-schwarzweissphotographie","126":"product_tag-schwarz-weiss-fotografie","127":"product_tag-schwarz-weiss-photographie","128":"product_tag-schwarzweiss","129":"product_tag-schwarzweisse","130":"product_tag-schwarzweissen","131":"product_tag-schwarzweisser","132":"product_tag-schwarzweisses","133":"product_tag-schwarzweissfotografie","134":"product_tag-silbergelatine","135":"product_tag-silbergelatineabzug","136":"product_tag-silbergelatineabzuege","137":"product_tag-silbergelatineprint","138":"product_tag-sitzen","139":"product_tag-sitzend","140":"product_tag-sitzende","141":"product_tag-sitzenden","142":"product_tag-sitzender","143":"product_tag-sitzendes","144":"product_tag-sitzt","145":"product_tag-stehen","146":"product_tag-stehend","147":"product_tag-stehende","148":"product_tag-stehenden","149":"product_tag-stehender","150":"product_tag-stehendes","151":"product_tag-strasse","152":"product_tag-strassenleben","153":"product_tag-strassenszene","154":"product_tag-suedeuropa","155":"product_tag-suedeuropaeer","156":"product_tag-suedeuropaeisch","157":"product_tag-suedeuropaeische","158":"product_tag-suedeuropaeischem","159":"product_tag-suedeuropaeischen","160":"product_tag-suedeuropaeischer","161":"product_tag-suedeuropaeisches","162":"product_tag-sueditalien","163":"product_tag-sueditaliener","164":"product_tag-sueditalienerin","165":"product_tag-sueditalienerinnen","166":"product_tag-sueditalienisch","167":"product_tag-sueditalienische","168":"product_tag-sueditalienischem","169":"product_tag-sueditalienischen","170":"product_tag-sueditalienisches","171":"product_tag-sw","172":"product_tag-sw-fotografie","173":"product_tag-sw-photographie","174":"product_tag-tuellmann","175":"product_tag-wiederaufbau","176":"product_tag-wiederaufbaus","177":"product_tag-wohngebaeude","178":"product_tag-wohnhaus","179":"product_tag-wohnhaeuser","180":"product_tag-wohnungsbau","181":"pa_datierung-28396","182":"pa_fotograf-abisag-tuellmann","183":"pa_geografischer_bezug-aufnahmeort-saracena-kalabrien-italien","184":"pa_grunddaten_material_technik-foto-silbergelatine-auf-barytpapier","185":"pa_inventarnummer-tue-82-038-33a","186":"pa_jahr_von-47235","187":"pa_massangaben-bildformat-foto-30-x-233-cm","188":"pa_mediennummer-64868","189":"pa_objekt_typ-fotografie","191":"first","192":"instock","193":"product-type-simple"},"yoast_head":"<!-- This site is optimized with the Yoast SEO plugin v27.3 - https:\/\/yoast.com\/product\/yoast-seo-wordpress\/ -->\n<title>Wohnh\u00e4user an einer Stra\u00dfe in Saracena, Kalabrien - Abisag T\u00fcllmann<\/title>\n<meta name=\"robots\" content=\"index, follow, max-snippet:-1, max-image-preview:large, max-video-preview:-1\" \/>\n<link rel=\"canonical\" href=\"https:\/\/bpk-archive.de\/tuellmann\/produkt\/wohnhaeuser-an-einer-strasse-in-saracena-kalabrien\/\" \/>\n<meta property=\"og:locale\" content=\"de_DE\" \/>\n<meta property=\"og:type\" content=\"article\" \/>\n<meta property=\"og:title\" content=\"Wohnh\u00e4user an einer Stra\u00dfe in Saracena, Kalabrien - Abisag T\u00fcllmann\" \/>\n<meta property=\"og:description\" content=\"Eine \u00e4ltere Dame beobachtet von ihrem Balkon aus zwei Jugendliche auf einem Moped\" \/>\n<meta property=\"og:url\" content=\"https:\/\/bpk-archive.de\/tuellmann\/produkt\/wohnhaeuser-an-einer-strasse-in-saracena-kalabrien\/\" \/>\n<meta property=\"og:site_name\" content=\"Abisag T\u00fcllmann\" \/>\n<meta property=\"article:modified_time\" content=\"2019-09-05T14:10:00+00:00\" \/>\n<meta property=\"og:image\" content=\"https:\/\/bpk-archive.de\/tuellmann\/wp-content\/uploads\/2019\/08\/bpk_70366583.jpg\" \/>\n\t<meta property=\"og:image:width\" content=\"941\" \/>\n\t<meta property=\"og:image:height\" content=\"1200\" \/>\n\t<meta property=\"og:image:type\" content=\"image\/jpeg\" \/>\n<meta name=\"twitter:card\" content=\"summary_large_image\" \/>\n<script type=\"application\/ld+json\" class=\"yoast-schema-graph\">{\"@context\":\"https:\\\/\\\/schema.org\",\"@graph\":[{\"@type\":\"WebPage\",\"@id\":\"https:\\\/\\\/bpk-archive.de\\\/tuellmann\\\/produkt\\\/wohnhaeuser-an-einer-strasse-in-saracena-kalabrien\\\/\",\"url\":\"https:\\\/\\\/bpk-archive.de\\\/tuellmann\\\/produkt\\\/wohnhaeuser-an-einer-strasse-in-saracena-kalabrien\\\/\",\"name\":\"Wohnh\u00e4user an einer Stra\u00dfe in Saracena, Kalabrien - Abisag T\u00fcllmann\",\"isPartOf\":{\"@id\":\"https:\\\/\\\/bpk-archive.de\\\/tuellmann\\\/#website\"},\"primaryImageOfPage\":{\"@id\":\"https:\\\/\\\/bpk-archive.de\\\/tuellmann\\\/produkt\\\/wohnhaeuser-an-einer-strasse-in-saracena-kalabrien\\\/#primaryimage\"},\"image\":{\"@id\":\"https:\\\/\\\/bpk-archive.de\\\/tuellmann\\\/produkt\\\/wohnhaeuser-an-einer-strasse-in-saracena-kalabrien\\\/#primaryimage\"},\"thumbnailUrl\":\"https:\\\/\\\/bpk-archive.de\\\/tuellmann\\\/wp-content\\\/uploads\\\/2019\\\/08\\\/bpk_70366583.jpg\",\"datePublished\":\"2019-09-05T14:09:52+00:00\",\"dateModified\":\"2019-09-05T14:10:00+00:00\",\"breadcrumb\":{\"@id\":\"https:\\\/\\\/bpk-archive.de\\\/tuellmann\\\/produkt\\\/wohnhaeuser-an-einer-strasse-in-saracena-kalabrien\\\/#breadcrumb\"},\"inLanguage\":\"de\",\"potentialAction\":[{\"@type\":\"ReadAction\",\"target\":[\"https:\\\/\\\/bpk-archive.de\\\/tuellmann\\\/produkt\\\/wohnhaeuser-an-einer-strasse-in-saracena-kalabrien\\\/\"]}]},{\"@type\":\"ImageObject\",\"inLanguage\":\"de\",\"@id\":\"https:\\\/\\\/bpk-archive.de\\\/tuellmann\\\/produkt\\\/wohnhaeuser-an-einer-strasse-in-saracena-kalabrien\\\/#primaryimage\",\"url\":\"https:\\\/\\\/bpk-archive.de\\\/tuellmann\\\/wp-content\\\/uploads\\\/2019\\\/08\\\/bpk_70366583.jpg\",\"contentUrl\":\"https:\\\/\\\/bpk-archive.de\\\/tuellmann\\\/wp-content\\\/uploads\\\/2019\\\/08\\\/bpk_70366583.jpg\",\"width\":941,\"height\":1200,\"caption\":\"Wohnh\u00e4user an einer Stra\u00dfe in Saracena, Kalabrien\"},{\"@type\":\"BreadcrumbList\",\"@id\":\"https:\\\/\\\/bpk-archive.de\\\/tuellmann\\\/produkt\\\/wohnhaeuser-an-einer-strasse-in-saracena-kalabrien\\\/#breadcrumb\",\"itemListElement\":[{\"@type\":\"ListItem\",\"position\":1,\"name\":\"Startseite\",\"item\":\"https:\\\/\\\/bpk-archive.de\\\/tuellmann\\\/\"},{\"@type\":\"ListItem\",\"position\":2,\"name\":\"Shop\",\"item\":\"https:\\\/\\\/bpk-archive.de\\\/tuellmann\\\/shop\\\/\"},{\"@type\":\"ListItem\",\"position\":3,\"name\":\"Wohnh\u00e4user an einer Stra\u00dfe in Saracena, Kalabrien\"}]},{\"@type\":\"WebSite\",\"@id\":\"https:\\\/\\\/bpk-archive.de\\\/tuellmann\\\/#website\",\"url\":\"https:\\\/\\\/bpk-archive.de\\\/tuellmann\\\/\",\"name\":\"Abisag T\u00fcllmann\",\"description\":\"Eine weitere WordPress-Website\",\"potentialAction\":[{\"@type\":\"SearchAction\",\"target\":{\"@type\":\"EntryPoint\",\"urlTemplate\":\"https:\\\/\\\/bpk-archive.de\\\/tuellmann\\\/?s={search_term_string}\"},\"query-input\":{\"@type\":\"PropertyValueSpecification\",\"valueRequired\":true,\"valueName\":\"search_term_string\"}}],\"inLanguage\":\"de\"}]}<\/script>\n<!-- \/ Yoast SEO plugin. -->","yoast_head_json":{"title":"Wohnh\u00e4user an einer Stra\u00dfe in Saracena, Kalabrien - Abisag T\u00fcllmann","robots":{"index":"index","follow":"follow","max-snippet":"max-snippet:-1","max-image-preview":"max-image-preview:large","max-video-preview":"max-video-preview:-1"},"canonical":"https:\/\/bpk-archive.de\/tuellmann\/produkt\/wohnhaeuser-an-einer-strasse-in-saracena-kalabrien\/","og_locale":"de_DE","og_type":"article","og_title":"Wohnh\u00e4user an einer Stra\u00dfe in Saracena, Kalabrien - Abisag T\u00fcllmann","og_description":"Eine \u00e4ltere Dame beobachtet von ihrem Balkon aus zwei Jugendliche auf einem Moped","og_url":"https:\/\/bpk-archive.de\/tuellmann\/produkt\/wohnhaeuser-an-einer-strasse-in-saracena-kalabrien\/","og_site_name":"Abisag T\u00fcllmann","article_modified_time":"2019-09-05T14:10:00+00:00","og_image":[{"width":941,"height":1200,"url":"https:\/\/bpk-archive.de\/tuellmann\/wp-content\/uploads\/2019\/08\/bpk_70366583.jpg","type":"image\/jpeg"}],"twitter_card":"summary_large_image","schema":{"@context":"https:\/\/schema.org","@graph":[{"@type":"WebPage","@id":"https:\/\/bpk-archive.de\/tuellmann\/produkt\/wohnhaeuser-an-einer-strasse-in-saracena-kalabrien\/","url":"https:\/\/bpk-archive.de\/tuellmann\/produkt\/wohnhaeuser-an-einer-strasse-in-saracena-kalabrien\/","name":"Wohnh\u00e4user an einer Stra\u00dfe in Saracena, Kalabrien - Abisag T\u00fcllmann","isPartOf":{"@id":"https:\/\/bpk-archive.de\/tuellmann\/#website"},"primaryImageOfPage":{"@id":"https:\/\/bpk-archive.de\/tuellmann\/produkt\/wohnhaeuser-an-einer-strasse-in-saracena-kalabrien\/#primaryimage"},"image":{"@id":"https:\/\/bpk-archive.de\/tuellmann\/produkt\/wohnhaeuser-an-einer-strasse-in-saracena-kalabrien\/#primaryimage"},"thumbnailUrl":"https:\/\/bpk-archive.de\/tuellmann\/wp-content\/uploads\/2019\/08\/bpk_70366583.jpg","datePublished":"2019-09-05T14:09:52+00:00","dateModified":"2019-09-05T14:10:00+00:00","breadcrumb":{"@id":"https:\/\/bpk-archive.de\/tuellmann\/produkt\/wohnhaeuser-an-einer-strasse-in-saracena-kalabrien\/#breadcrumb"},"inLanguage":"de","potentialAction":[{"@type":"ReadAction","target":["https:\/\/bpk-archive.de\/tuellmann\/produkt\/wohnhaeuser-an-einer-strasse-in-saracena-kalabrien\/"]}]},{"@type":"ImageObject","inLanguage":"de","@id":"https:\/\/bpk-archive.de\/tuellmann\/produkt\/wohnhaeuser-an-einer-strasse-in-saracena-kalabrien\/#primaryimage","url":"https:\/\/bpk-archive.de\/tuellmann\/wp-content\/uploads\/2019\/08\/bpk_70366583.jpg","contentUrl":"https:\/\/bpk-archive.de\/tuellmann\/wp-content\/uploads\/2019\/08\/bpk_70366583.jpg","width":941,"height":1200,"caption":"Wohnh\u00e4user an einer Stra\u00dfe in Saracena, Kalabrien"},{"@type":"BreadcrumbList","@id":"https:\/\/bpk-archive.de\/tuellmann\/produkt\/wohnhaeuser-an-einer-strasse-in-saracena-kalabrien\/#breadcrumb","itemListElement":[{"@type":"ListItem","position":1,"name":"Startseite","item":"https:\/\/bpk-archive.de\/tuellmann\/"},{"@type":"ListItem","position":2,"name":"Shop","item":"https:\/\/bpk-archive.de\/tuellmann\/shop\/"},{"@type":"ListItem","position":3,"name":"Wohnh\u00e4user an einer Stra\u00dfe in Saracena, Kalabrien"}]},{"@type":"WebSite","@id":"https:\/\/bpk-archive.de\/tuellmann\/#website","url":"https:\/\/bpk-archive.de\/tuellmann\/","name":"Abisag T\u00fcllmann","description":"Eine weitere WordPress-Website","potentialAction":[{"@type":"SearchAction","target":{"@type":"EntryPoint","urlTemplate":"https:\/\/bpk-archive.de\/tuellmann\/?s={search_term_string}"},"query-input":{"@type":"PropertyValueSpecification","valueRequired":true,"valueName":"search_term_string"}}],"inLanguage":"de"}]}},"_links":{"self":[{"href":"https:\/\/bpk-archive.de\/tuellmann\/wp-json\/wp\/v2\/product\/70296748","targetHints":{"allow":["GET"]}}],"collection":[{"href":"https:\/\/bpk-archive.de\/tuellmann\/wp-json\/wp\/v2\/product"}],"about":[{"href":"https:\/\/bpk-archive.de\/tuellmann\/wp-json\/wp\/v2\/types\/product"}],"wp:featuredmedia":[{"embeddable":true,"href":"https:\/\/bpk-archive.de\/tuellmann\/wp-json\/wp\/v2\/media\/70293543"}],"wp:attachment":[{"href":"https:\/\/bpk-archive.de\/tuellmann\/wp-json\/wp\/v2\/media?parent=70296748"}],"wp:term":[{"taxonomy":"product_brand","embeddable":true,"href":"https:\/\/bpk-archive.de\/tuellmann\/wp-json\/wp\/v2\/product_brand?post=70296748"},{"taxonomy":"product_cat","embeddable":true,"href":"https:\/\/bpk-archive.de\/tuellmann\/wp-json\/wp\/v2\/product_cat?post=70296748"},{"taxonomy":"product_tag","embeddable":true,"href":"https:\/\/bpk-archive.de\/tuellmann\/wp-json\/wp\/v2\/product_tag?post=70296748"}],"curies":[{"name":"wp","href":"https:\/\/api.w.org\/{rel}","templated":true}]}}