{"id":70296744,"date":"2019-09-05T16:09:52","date_gmt":"2019-09-05T14:09:52","guid":{"rendered":"http:\/\/abisagtuellmann.bpk-news.de\/atbild\/jugendliche-beim-kaffeetrinken-vor-der-tchibo-filiale-in-muenster-salzstrasse-2\/"},"modified":"2019-09-05T16:09:57","modified_gmt":"2019-09-05T14:09:57","slug":"jugendliche-beim-kaffeetrinken-vor-der-tchibo-filiale-in-muenster-salzstrasse-2","status":"publish","type":"product","link":"https:\/\/bpk-archive.de\/tuellmann\/produkt\/jugendliche-beim-kaffeetrinken-vor-der-tchibo-filiale-in-muenster-salzstrasse-2\/","title":{"rendered":"Jugendliche beim Kaffeetrinken vor der Tchibo-Filiale in M\u00fcnster (Salzstra\u00dfe)"},"content":{"rendered":"<p>R\u00fcckseitenbeschriftung von Hand der Fotografin: &#8222;M\u00fcnster&#8220;<\/p>\n","protected":false},"excerpt":{"rendered":"<p>R\u00fcckseitenbeschriftung von Hand der Fotografin: &#8222;M\u00fcnster&#8220;<\/p>\n","protected":false},"featured_media":70293508,"template":"","meta":[],"product_brand":[],"product_cat":[],"product_tag":[13774,13232,13234,13231,13233,13775,64041,13777,13778,13250,13469,13470,48645,48646,51751,49414,49415,13471,13472,13260,49022,49023,13293,13786,13787,13294,13295,13296,13297,48621,48622,48623,47556,57714,48647,48648,48649,48650,47579,47580,47581,47582,47430,47431,47432,13301,51234,13805,13807,13808,13809,13812,13813,13814,13815,13816,49420,55505,55506,51382,48253,47589,47590,57557,57558,57559,57560,57561,13818,13819,13826,63730,49586,49588,47561,47562,13328,13827,13828,13329,13330,13331,13332,13843,13877,13879,13865,13864,13866,13858,13859,13860,13861,13862,13863,13867,13869,13870,13871,13872,51772,51243,51244,51245,13519,13520,13521,13522,13523,13524,47408,47409,13878,13880,61257,48682,48683,63733,63734,63735,63736,63737,63738],"class_list":{"0":"post-70296744","1":"product","2":"type-product","3":"status-publish","4":"has-post-thumbnail","6":"product_tag-1960er-jahre","7":"product_tag-20-jahrhundert-nach-chr","8":"product_tag-20-jh-n-chr","9":"product_tag-20-jahrhundert","10":"product_tag-20-jh","11":"product_tag-60er","12":"product_tag-abt_020","13":"product_tag-abzug","14":"product_tag-at_konsum-freizeit","15":"product_tag-aussen","16":"product_tag-brd","17":"product_tag-bundesrepublik-deutschland","18":"product_tag-buergersteig","19":"product_tag-buergersteige","20":"product_tag-city","21":"product_tag-coffe","22":"product_tag-coffee","23":"product_tag-deutschland","24":"product_tag-deutschlands","25":"product_tag-draussen","26":"product_tag-einkaufsstrasse","27":"product_tag-einkaufsstrassen","28":"product_tag-foto","29":"product_tag-fotoabzug","30":"product_tag-fotoabzuege","31":"product_tag-fotografie","32":"product_tag-fotografien","33":"product_tag-fotografin","34":"product_tag-fotografinnen","35":"product_tag-freizeit","36":"product_tag-freizeitbeschaeftigung","37":"product_tag-freizeitgestaltung","38":"product_tag-fussgaenger","39":"product_tag-fussgaengerzone","40":"product_tag-gehsteig","41":"product_tag-gehsteige","42":"product_tag-gehweg","43":"product_tag-gehwege","44":"product_tag-gespraech","45":"product_tag-gespraeche","46":"product_tag-gespraeches","47":"product_tag-gespraechs","48":"product_tag-heranwachsende","49":"product_tag-heranwachsenden","50":"product_tag-heranwachsender","51":"product_tag-im-freien","52":"product_tag-innenstadt","53":"product_tag-jugendkultur","54":"product_tag-jugendliche","55":"product_tag-jugendlichen","56":"product_tag-jugendlicher","57":"product_tag-jung","58":"product_tag-junge","59":"product_tag-jungen","60":"product_tag-junger","61":"product_tag-junges","62":"product_tag-kaffee","63":"product_tag-kaffeetasse","64":"product_tag-kaffeetassen","65":"product_tag-kaffeetrinken","66":"product_tag-konsum","67":"product_tag-konversation","68":"product_tag-konversationen","69":"product_tag-langhaarig","70":"product_tag-langhaarige","71":"product_tag-langhaarigen","72":"product_tag-langhaariger","73":"product_tag-langhaariges","74":"product_tag-mann","75":"product_tag-maenner","76":"product_tag-mannes","77":"product_tag-muenster","78":"product_tag-nordrhein-westfalen","79":"product_tag-nrw","80":"product_tag-passant","81":"product_tag-passanten","82":"product_tag-photo","83":"product_tag-photoabzug","84":"product_tag-photoabzuege","85":"product_tag-photographie","86":"product_tag-photographien","87":"product_tag-photographin","88":"product_tag-photographinnen","89":"product_tag-print","90":"product_tag-s-w-fotografie","91":"product_tag-s-w-photographie","92":"product_tag-schwarzweissphotographie","93":"product_tag-schwarz-weiss-fotografie","94":"product_tag-schwarz-weiss-photographie","95":"product_tag-schwarzweiss","96":"product_tag-schwarzweisse","97":"product_tag-schwarzweissen","98":"product_tag-schwarzweisser","99":"product_tag-schwarzweisses","100":"product_tag-schwarzweissfotografie","101":"product_tag-sechziger","102":"product_tag-silbergelatine","103":"product_tag-silbergelatineabzug","104":"product_tag-silbergelatineabzuege","105":"product_tag-silbergelatineprint","106":"product_tag-stadtmitte","107":"product_tag-stadtzentren","108":"product_tag-stadtzentrum","109":"product_tag-stadtzentrums","110":"product_tag-stehen","111":"product_tag-stehend","112":"product_tag-stehende","113":"product_tag-stehenden","114":"product_tag-stehender","115":"product_tag-stehendes","116":"product_tag-strassenleben","117":"product_tag-strassenszene","118":"product_tag-sw-fotografie","119":"product_tag-sw-photographie","120":"product_tag-treffpunkt","121":"product_tag-trottoir","122":"product_tag-trottoirs","123":"product_tag-westfalen","124":"product_tag-westfaelisch","125":"product_tag-westfaelische","126":"product_tag-westfaelischen","127":"product_tag-westfaelischer","128":"product_tag-westfaelisches","129":"pa_datierung-juli-1969","130":"pa_fotograf-abisag-tuellmann","131":"pa_geografischer_bezug-aufnahmeort-muenster-deutschland","132":"pa_grunddaten_material_technik-foto-silbergelatine-auf-barytpapier","133":"pa_inventarnummer-tue-69-207a-35a","134":"pa_jahr_von-14258","135":"pa_massangaben-bildformat-foto-235-x-294-cm","136":"pa_mediennummer-64852","137":"pa_objekt_typ-fotografie","139":"first","140":"instock","141":"product-type-simple"},"yoast_head":"<!-- This site is optimized with the Yoast SEO plugin v27.3 - https:\/\/yoast.com\/product\/yoast-seo-wordpress\/ -->\n<title>Jugendliche beim Kaffeetrinken vor der Tchibo-Filiale in M\u00fcnster (Salzstra\u00dfe) - Abisag T\u00fcllmann<\/title>\n<meta name=\"robots\" content=\"index, follow, max-snippet:-1, max-image-preview:large, max-video-preview:-1\" \/>\n<link rel=\"canonical\" href=\"https:\/\/bpk-archive.de\/tuellmann\/produkt\/jugendliche-beim-kaffeetrinken-vor-der-tchibo-filiale-in-muenster-salzstrasse-2\/\" \/>\n<meta property=\"og:locale\" content=\"de_DE\" \/>\n<meta property=\"og:type\" content=\"article\" \/>\n<meta property=\"og:title\" content=\"Jugendliche beim Kaffeetrinken vor der Tchibo-Filiale in M\u00fcnster (Salzstra\u00dfe) - Abisag T\u00fcllmann\" \/>\n<meta property=\"og:description\" content=\"R\u00fcckseitenbeschriftung von Hand der Fotografin: &#8222;M\u00fcnster&#8220;\" \/>\n<meta property=\"og:url\" content=\"https:\/\/bpk-archive.de\/tuellmann\/produkt\/jugendliche-beim-kaffeetrinken-vor-der-tchibo-filiale-in-muenster-salzstrasse-2\/\" \/>\n<meta property=\"og:site_name\" content=\"Abisag T\u00fcllmann\" \/>\n<meta property=\"article:modified_time\" content=\"2019-09-05T14:09:57+00:00\" \/>\n<meta property=\"og:image\" content=\"https:\/\/bpk-archive.de\/tuellmann\/wp-content\/uploads\/2019\/08\/bpk_70366565.jpg\" \/>\n\t<meta property=\"og:image:width\" content=\"1200\" \/>\n\t<meta property=\"og:image:height\" content=\"974\" \/>\n\t<meta property=\"og:image:type\" content=\"image\/jpeg\" \/>\n<meta name=\"twitter:card\" content=\"summary_large_image\" \/>\n<script type=\"application\/ld+json\" class=\"yoast-schema-graph\">{\"@context\":\"https:\\\/\\\/schema.org\",\"@graph\":[{\"@type\":\"WebPage\",\"@id\":\"https:\\\/\\\/bpk-archive.de\\\/tuellmann\\\/produkt\\\/jugendliche-beim-kaffeetrinken-vor-der-tchibo-filiale-in-muenster-salzstrasse-2\\\/\",\"url\":\"https:\\\/\\\/bpk-archive.de\\\/tuellmann\\\/produkt\\\/jugendliche-beim-kaffeetrinken-vor-der-tchibo-filiale-in-muenster-salzstrasse-2\\\/\",\"name\":\"Jugendliche beim Kaffeetrinken vor der Tchibo-Filiale in M\u00fcnster (Salzstra\u00dfe) - Abisag T\u00fcllmann\",\"isPartOf\":{\"@id\":\"https:\\\/\\\/bpk-archive.de\\\/tuellmann\\\/#website\"},\"primaryImageOfPage\":{\"@id\":\"https:\\\/\\\/bpk-archive.de\\\/tuellmann\\\/produkt\\\/jugendliche-beim-kaffeetrinken-vor-der-tchibo-filiale-in-muenster-salzstrasse-2\\\/#primaryimage\"},\"image\":{\"@id\":\"https:\\\/\\\/bpk-archive.de\\\/tuellmann\\\/produkt\\\/jugendliche-beim-kaffeetrinken-vor-der-tchibo-filiale-in-muenster-salzstrasse-2\\\/#primaryimage\"},\"thumbnailUrl\":\"https:\\\/\\\/bpk-archive.de\\\/tuellmann\\\/wp-content\\\/uploads\\\/2019\\\/08\\\/bpk_70366565.jpg\",\"datePublished\":\"2019-09-05T14:09:52+00:00\",\"dateModified\":\"2019-09-05T14:09:57+00:00\",\"breadcrumb\":{\"@id\":\"https:\\\/\\\/bpk-archive.de\\\/tuellmann\\\/produkt\\\/jugendliche-beim-kaffeetrinken-vor-der-tchibo-filiale-in-muenster-salzstrasse-2\\\/#breadcrumb\"},\"inLanguage\":\"de\",\"potentialAction\":[{\"@type\":\"ReadAction\",\"target\":[\"https:\\\/\\\/bpk-archive.de\\\/tuellmann\\\/produkt\\\/jugendliche-beim-kaffeetrinken-vor-der-tchibo-filiale-in-muenster-salzstrasse-2\\\/\"]}]},{\"@type\":\"ImageObject\",\"inLanguage\":\"de\",\"@id\":\"https:\\\/\\\/bpk-archive.de\\\/tuellmann\\\/produkt\\\/jugendliche-beim-kaffeetrinken-vor-der-tchibo-filiale-in-muenster-salzstrasse-2\\\/#primaryimage\",\"url\":\"https:\\\/\\\/bpk-archive.de\\\/tuellmann\\\/wp-content\\\/uploads\\\/2019\\\/08\\\/bpk_70366565.jpg\",\"contentUrl\":\"https:\\\/\\\/bpk-archive.de\\\/tuellmann\\\/wp-content\\\/uploads\\\/2019\\\/08\\\/bpk_70366565.jpg\",\"width\":1200,\"height\":974,\"caption\":\"Jugendliche beim Kaffeetrinken vor der Tchibo-Filiale in M\u00fcnster (Salzstra\u00dfe)\"},{\"@type\":\"BreadcrumbList\",\"@id\":\"https:\\\/\\\/bpk-archive.de\\\/tuellmann\\\/produkt\\\/jugendliche-beim-kaffeetrinken-vor-der-tchibo-filiale-in-muenster-salzstrasse-2\\\/#breadcrumb\",\"itemListElement\":[{\"@type\":\"ListItem\",\"position\":1,\"name\":\"Startseite\",\"item\":\"https:\\\/\\\/bpk-archive.de\\\/tuellmann\\\/\"},{\"@type\":\"ListItem\",\"position\":2,\"name\":\"Shop\",\"item\":\"https:\\\/\\\/bpk-archive.de\\\/tuellmann\\\/shop\\\/\"},{\"@type\":\"ListItem\",\"position\":3,\"name\":\"Jugendliche beim Kaffeetrinken vor der Tchibo-Filiale in M\u00fcnster (Salzstra\u00dfe)\"}]},{\"@type\":\"WebSite\",\"@id\":\"https:\\\/\\\/bpk-archive.de\\\/tuellmann\\\/#website\",\"url\":\"https:\\\/\\\/bpk-archive.de\\\/tuellmann\\\/\",\"name\":\"Abisag T\u00fcllmann\",\"description\":\"Eine weitere WordPress-Website\",\"potentialAction\":[{\"@type\":\"SearchAction\",\"target\":{\"@type\":\"EntryPoint\",\"urlTemplate\":\"https:\\\/\\\/bpk-archive.de\\\/tuellmann\\\/?s={search_term_string}\"},\"query-input\":{\"@type\":\"PropertyValueSpecification\",\"valueRequired\":true,\"valueName\":\"search_term_string\"}}],\"inLanguage\":\"de\"}]}<\/script>\n<!-- \/ Yoast SEO plugin. -->","yoast_head_json":{"title":"Jugendliche beim Kaffeetrinken vor der Tchibo-Filiale in M\u00fcnster (Salzstra\u00dfe) - Abisag T\u00fcllmann","robots":{"index":"index","follow":"follow","max-snippet":"max-snippet:-1","max-image-preview":"max-image-preview:large","max-video-preview":"max-video-preview:-1"},"canonical":"https:\/\/bpk-archive.de\/tuellmann\/produkt\/jugendliche-beim-kaffeetrinken-vor-der-tchibo-filiale-in-muenster-salzstrasse-2\/","og_locale":"de_DE","og_type":"article","og_title":"Jugendliche beim Kaffeetrinken vor der Tchibo-Filiale in M\u00fcnster (Salzstra\u00dfe) - Abisag T\u00fcllmann","og_description":"R\u00fcckseitenbeschriftung von Hand der Fotografin: &#8222;M\u00fcnster&#8220;","og_url":"https:\/\/bpk-archive.de\/tuellmann\/produkt\/jugendliche-beim-kaffeetrinken-vor-der-tchibo-filiale-in-muenster-salzstrasse-2\/","og_site_name":"Abisag T\u00fcllmann","article_modified_time":"2019-09-05T14:09:57+00:00","og_image":[{"width":1200,"height":974,"url":"https:\/\/bpk-archive.de\/tuellmann\/wp-content\/uploads\/2019\/08\/bpk_70366565.jpg","type":"image\/jpeg"}],"twitter_card":"summary_large_image","schema":{"@context":"https:\/\/schema.org","@graph":[{"@type":"WebPage","@id":"https:\/\/bpk-archive.de\/tuellmann\/produkt\/jugendliche-beim-kaffeetrinken-vor-der-tchibo-filiale-in-muenster-salzstrasse-2\/","url":"https:\/\/bpk-archive.de\/tuellmann\/produkt\/jugendliche-beim-kaffeetrinken-vor-der-tchibo-filiale-in-muenster-salzstrasse-2\/","name":"Jugendliche beim Kaffeetrinken vor der Tchibo-Filiale in M\u00fcnster (Salzstra\u00dfe) - Abisag T\u00fcllmann","isPartOf":{"@id":"https:\/\/bpk-archive.de\/tuellmann\/#website"},"primaryImageOfPage":{"@id":"https:\/\/bpk-archive.de\/tuellmann\/produkt\/jugendliche-beim-kaffeetrinken-vor-der-tchibo-filiale-in-muenster-salzstrasse-2\/#primaryimage"},"image":{"@id":"https:\/\/bpk-archive.de\/tuellmann\/produkt\/jugendliche-beim-kaffeetrinken-vor-der-tchibo-filiale-in-muenster-salzstrasse-2\/#primaryimage"},"thumbnailUrl":"https:\/\/bpk-archive.de\/tuellmann\/wp-content\/uploads\/2019\/08\/bpk_70366565.jpg","datePublished":"2019-09-05T14:09:52+00:00","dateModified":"2019-09-05T14:09:57+00:00","breadcrumb":{"@id":"https:\/\/bpk-archive.de\/tuellmann\/produkt\/jugendliche-beim-kaffeetrinken-vor-der-tchibo-filiale-in-muenster-salzstrasse-2\/#breadcrumb"},"inLanguage":"de","potentialAction":[{"@type":"ReadAction","target":["https:\/\/bpk-archive.de\/tuellmann\/produkt\/jugendliche-beim-kaffeetrinken-vor-der-tchibo-filiale-in-muenster-salzstrasse-2\/"]}]},{"@type":"ImageObject","inLanguage":"de","@id":"https:\/\/bpk-archive.de\/tuellmann\/produkt\/jugendliche-beim-kaffeetrinken-vor-der-tchibo-filiale-in-muenster-salzstrasse-2\/#primaryimage","url":"https:\/\/bpk-archive.de\/tuellmann\/wp-content\/uploads\/2019\/08\/bpk_70366565.jpg","contentUrl":"https:\/\/bpk-archive.de\/tuellmann\/wp-content\/uploads\/2019\/08\/bpk_70366565.jpg","width":1200,"height":974,"caption":"Jugendliche beim Kaffeetrinken vor der Tchibo-Filiale in M\u00fcnster (Salzstra\u00dfe)"},{"@type":"BreadcrumbList","@id":"https:\/\/bpk-archive.de\/tuellmann\/produkt\/jugendliche-beim-kaffeetrinken-vor-der-tchibo-filiale-in-muenster-salzstrasse-2\/#breadcrumb","itemListElement":[{"@type":"ListItem","position":1,"name":"Startseite","item":"https:\/\/bpk-archive.de\/tuellmann\/"},{"@type":"ListItem","position":2,"name":"Shop","item":"https:\/\/bpk-archive.de\/tuellmann\/shop\/"},{"@type":"ListItem","position":3,"name":"Jugendliche beim Kaffeetrinken vor der Tchibo-Filiale in M\u00fcnster (Salzstra\u00dfe)"}]},{"@type":"WebSite","@id":"https:\/\/bpk-archive.de\/tuellmann\/#website","url":"https:\/\/bpk-archive.de\/tuellmann\/","name":"Abisag T\u00fcllmann","description":"Eine weitere WordPress-Website","potentialAction":[{"@type":"SearchAction","target":{"@type":"EntryPoint","urlTemplate":"https:\/\/bpk-archive.de\/tuellmann\/?s={search_term_string}"},"query-input":{"@type":"PropertyValueSpecification","valueRequired":true,"valueName":"search_term_string"}}],"inLanguage":"de"}]}},"_links":{"self":[{"href":"https:\/\/bpk-archive.de\/tuellmann\/wp-json\/wp\/v2\/product\/70296744","targetHints":{"allow":["GET"]}}],"collection":[{"href":"https:\/\/bpk-archive.de\/tuellmann\/wp-json\/wp\/v2\/product"}],"about":[{"href":"https:\/\/bpk-archive.de\/tuellmann\/wp-json\/wp\/v2\/types\/product"}],"wp:featuredmedia":[{"embeddable":true,"href":"https:\/\/bpk-archive.de\/tuellmann\/wp-json\/wp\/v2\/media\/70293508"}],"wp:attachment":[{"href":"https:\/\/bpk-archive.de\/tuellmann\/wp-json\/wp\/v2\/media?parent=70296744"}],"wp:term":[{"taxonomy":"product_brand","embeddable":true,"href":"https:\/\/bpk-archive.de\/tuellmann\/wp-json\/wp\/v2\/product_brand?post=70296744"},{"taxonomy":"product_cat","embeddable":true,"href":"https:\/\/bpk-archive.de\/tuellmann\/wp-json\/wp\/v2\/product_cat?post=70296744"},{"taxonomy":"product_tag","embeddable":true,"href":"https:\/\/bpk-archive.de\/tuellmann\/wp-json\/wp\/v2\/product_tag?post=70296744"}],"curies":[{"name":"wp","href":"https:\/\/api.w.org\/{rel}","templated":true}]}}