{"id":70296739,"date":"2019-09-05T16:09:52","date_gmt":"2019-09-05T14:09:52","guid":{"rendered":"http:\/\/abisagtuellmann.bpk-news.de\/atbild\/auf-einem-stuhl-sitzender-besucher-der-skulpturensammlung-des-liebieghauses\/"},"modified":"2020-04-28T11:13:56","modified_gmt":"2020-04-28T09:13:56","slug":"auf-einem-stuhl-sitzender-besucher-der-skulpturensammlung-des-liebieghauses","status":"publish","type":"product","link":"https:\/\/bpk-archive.de\/tuellmann\/produkt\/auf-einem-stuhl-sitzender-besucher-der-skulpturensammlung-des-liebieghauses\/","title":{"rendered":"Auf einem Stuhl sitzender Besucher der Skulpturensammlung des Liebieghauses"},"content":{"rendered":"<p>R\u00fcckseitenbeschriftung von Hand der Fotografin: &#8222;Im Liebieghaus, Museum f\u00fcr Plastik&#8220;<\/p>\n","protected":false},"excerpt":{"rendered":"<p>R\u00fcckseitenbeschriftung von Hand der Fotografin: &#8222;Im Liebieghaus, Museum f\u00fcr Plastik&#8220;<\/p>\n","protected":false},"featured_media":70293490,"template":"","meta":[],"product_brand":[],"product_cat":[73384],"product_tag":[53905,13232,13234,13231,13233,53906,64041,13777,48747,48748,13456,13457,60161,48966,48967,13462,13463,13464,13465,13466,13467,13468,56864,13469,13470,13471,13472,13473,13474,13475,13476,13477,13478,13479,13480,13293,13786,13787,13294,13295,13296,13297,13485,13486,13482,13481,13483,13484,48621,48622,48623,53907,13492,13493,13494,13495,13496,13497,13498,56428,63432,13501,13502,13503,13504,13505,13506,48761,13818,13819,13826,51590,51591,51592,51593,51594,51595,51596,13509,13510,13511,13512,13513,13328,13827,13828,13329,13330,13331,13332,13843,13877,13879,64030,64031,13865,13864,13866,13858,13859,13860,13861,13862,13863,13869,13870,13871,13872,14243,14244,14245,14246,14247,14248,14249,56890,56891,51676,51677,51678,51679,51680,49282,49283,49284,49285,13878,13880,13525,64820,64821],"class_list":{"0":"post-70296739","1":"product","2":"type-product","3":"status-publish","4":"has-post-thumbnail","6":"product_cat-kunst","7":"product_tag-1950er-jahre","8":"product_tag-20-jahrhundert-nach-chr","9":"product_tag-20-jh-n-chr","10":"product_tag-20-jahrhundert","11":"product_tag-20-jh","12":"product_tag-50er","13":"product_tag-abt_020","14":"product_tag-abzug","15":"product_tag-angelehnt","16":"product_tag-anlehnen","17":"product_tag-anschauen","18":"product_tag-anschauend","19":"product_tag-at_kunst","20":"product_tag-besucher","21":"product_tag-besuchern","22":"product_tag-betrachten","23":"product_tag-betrachtend","24":"product_tag-betrachtende","25":"product_tag-betrachtender","26":"product_tag-betrachtendes","27":"product_tag-betrachtet","28":"product_tag-betrachtung","29":"product_tag-bildhauerei","30":"product_tag-brd","31":"product_tag-bundesrepublik-deutschland","32":"product_tag-deutschland","33":"product_tag-deutschlands","34":"product_tag-drinnen","35":"product_tag-elegant","36":"product_tag-elegante","37":"product_tag-elegantem","38":"product_tag-eleganten","39":"product_tag-eleganter","40":"product_tag-elegantes","41":"product_tag-eleganz","42":"product_tag-foto","43":"product_tag-fotoabzug","44":"product_tag-fotoabzuege","45":"product_tag-fotografie","46":"product_tag-fotografien","47":"product_tag-fotografin","48":"product_tag-fotografinnen","49":"product_tag-frankfurt-m","50":"product_tag-frankfurt-main","51":"product_tag-frankfurt-a-main","52":"product_tag-frankfurt-a-m","53":"product_tag-frankfurt-am-main","54":"product_tag-frankfurter","55":"product_tag-freizeit","56":"product_tag-freizeitbeschaeftigung","57":"product_tag-freizeitgestaltung","58":"product_tag-fuenfziger","59":"product_tag-hessen","60":"product_tag-hessisch","61":"product_tag-hessische","62":"product_tag-hessischen","63":"product_tag-hessischer","64":"product_tag-hessisches","65":"product_tag-innen","66":"product_tag-kultur","67":"product_tag-kulturen","68":"product_tag-kunstbetrachter","69":"product_tag-kunstbetrachtung","70":"product_tag-kunstmuseen","71":"product_tag-kunstmuseum","72":"product_tag-kunstwerk","73":"product_tag-kunstwerke","74":"product_tag-lehnen","75":"product_tag-mann","76":"product_tag-maenner","77":"product_tag-mannes","78":"product_tag-mittelalter","79":"product_tag-mittelalterlich","80":"product_tag-mittelalterliche","81":"product_tag-mittelalterlichen","82":"product_tag-mittelalterlicher","83":"product_tag-mittelalterliches","84":"product_tag-mittelalters","85":"product_tag-museen","86":"product_tag-museum","87":"product_tag-museums","88":"product_tag-museumsbesuch","89":"product_tag-museumsbesucher","90":"product_tag-photo","91":"product_tag-photoabzug","92":"product_tag-photoabzuege","93":"product_tag-photographie","94":"product_tag-photographien","95":"product_tag-photographin","96":"product_tag-photographinnen","97":"product_tag-print","98":"product_tag-s-w-fotografie","99":"product_tag-s-w-photographie","100":"product_tag-schnitzkunst","101":"product_tag-schnitzwerk","102":"product_tag-schwarzweissphotographie","103":"product_tag-schwarz-weiss-fotografie","104":"product_tag-schwarz-weiss-photographie","105":"product_tag-schwarzweiss","106":"product_tag-schwarzweisse","107":"product_tag-schwarzweissen","108":"product_tag-schwarzweisser","109":"product_tag-schwarzweisses","110":"product_tag-schwarzweissfotografie","111":"product_tag-silbergelatine","112":"product_tag-silbergelatineabzug","113":"product_tag-silbergelatineabzuege","114":"product_tag-silbergelatineprint","115":"product_tag-sitzen","116":"product_tag-sitzend","117":"product_tag-sitzende","118":"product_tag-sitzenden","119":"product_tag-sitzender","120":"product_tag-sitzendes","121":"product_tag-sitzt","122":"product_tag-skulptur","123":"product_tag-skulpturen","124":"product_tag-spaetmittelalterlich","125":"product_tag-spaetmittelalterliche","126":"product_tag-spaetmittelalterlichen","127":"product_tag-spaetmittelalterlicher","128":"product_tag-spaetmittelalterliches","129":"product_tag-stuhl","130":"product_tag-stuehle","131":"product_tag-stuhles","132":"product_tag-stuhls","133":"product_tag-sw-fotografie","134":"product_tag-sw-photographie","135":"product_tag-von-innen","136":"product_tag-zurueckgelehnt","137":"product_tag-zuruecklehnen","138":"pa_datierung-14358","139":"pa_fotograf-abisag-tuellmann","140":"pa_geografischer_bezug-aufnahmeort-frankfurt-am-main-deutschland","141":"pa_grunddaten_material_technik-foto-silbergelatine-auf-barytpapier","142":"pa_inventarnummer-tue-59-158-10","143":"pa_jahr_von-53903","144":"pa_massangaben-bildformat-foto-232-x-295-cm","145":"pa_mediennummer-64818","146":"pa_objekt_typ-fotografie","148":"first","149":"instock","150":"product-type-simple"},"yoast_head":"<!-- This site is optimized with the Yoast SEO plugin v27.4 - https:\/\/yoast.com\/product\/yoast-seo-wordpress\/ -->\n<title>Auf einem Stuhl sitzender Besucher der Skulpturensammlung des Liebieghauses - Abisag T\u00fcllmann<\/title>\n<meta name=\"robots\" content=\"index, follow, max-snippet:-1, max-image-preview:large, max-video-preview:-1\" \/>\n<link rel=\"canonical\" href=\"https:\/\/bpk-archive.de\/tuellmann\/produkt\/auf-einem-stuhl-sitzender-besucher-der-skulpturensammlung-des-liebieghauses\/\" \/>\n<meta property=\"og:locale\" content=\"de_DE\" \/>\n<meta property=\"og:type\" content=\"article\" \/>\n<meta property=\"og:title\" content=\"Auf einem Stuhl sitzender Besucher der Skulpturensammlung des Liebieghauses - Abisag T\u00fcllmann\" \/>\n<meta property=\"og:description\" content=\"R\u00fcckseitenbeschriftung von Hand der Fotografin: &#8222;Im Liebieghaus, Museum f\u00fcr Plastik&#8220;\" \/>\n<meta property=\"og:url\" content=\"https:\/\/bpk-archive.de\/tuellmann\/produkt\/auf-einem-stuhl-sitzender-besucher-der-skulpturensammlung-des-liebieghauses\/\" \/>\n<meta property=\"og:site_name\" content=\"Abisag T\u00fcllmann\" \/>\n<meta property=\"article:modified_time\" content=\"2020-04-28T09:13:56+00:00\" \/>\n<meta property=\"og:image\" content=\"https:\/\/bpk-archive.de\/tuellmann\/wp-content\/uploads\/2019\/08\/bpk_70366533.jpg\" \/>\n\t<meta property=\"og:image:width\" content=\"1200\" \/>\n\t<meta property=\"og:image:height\" content=\"953\" \/>\n\t<meta property=\"og:image:type\" content=\"image\/jpeg\" \/>\n<meta name=\"twitter:card\" content=\"summary_large_image\" \/>\n<script type=\"application\/ld+json\" class=\"yoast-schema-graph\">{\"@context\":\"https:\\\/\\\/schema.org\",\"@graph\":[{\"@type\":\"WebPage\",\"@id\":\"https:\\\/\\\/bpk-archive.de\\\/tuellmann\\\/produkt\\\/auf-einem-stuhl-sitzender-besucher-der-skulpturensammlung-des-liebieghauses\\\/\",\"url\":\"https:\\\/\\\/bpk-archive.de\\\/tuellmann\\\/produkt\\\/auf-einem-stuhl-sitzender-besucher-der-skulpturensammlung-des-liebieghauses\\\/\",\"name\":\"Auf einem Stuhl sitzender Besucher der Skulpturensammlung des Liebieghauses - Abisag T\u00fcllmann\",\"isPartOf\":{\"@id\":\"https:\\\/\\\/bpk-archive.de\\\/tuellmann\\\/#website\"},\"primaryImageOfPage\":{\"@id\":\"https:\\\/\\\/bpk-archive.de\\\/tuellmann\\\/produkt\\\/auf-einem-stuhl-sitzender-besucher-der-skulpturensammlung-des-liebieghauses\\\/#primaryimage\"},\"image\":{\"@id\":\"https:\\\/\\\/bpk-archive.de\\\/tuellmann\\\/produkt\\\/auf-einem-stuhl-sitzender-besucher-der-skulpturensammlung-des-liebieghauses\\\/#primaryimage\"},\"thumbnailUrl\":\"https:\\\/\\\/bpk-archive.de\\\/tuellmann\\\/wp-content\\\/uploads\\\/2019\\\/08\\\/bpk_70366533.jpg\",\"datePublished\":\"2019-09-05T14:09:52+00:00\",\"dateModified\":\"2020-04-28T09:13:56+00:00\",\"breadcrumb\":{\"@id\":\"https:\\\/\\\/bpk-archive.de\\\/tuellmann\\\/produkt\\\/auf-einem-stuhl-sitzender-besucher-der-skulpturensammlung-des-liebieghauses\\\/#breadcrumb\"},\"inLanguage\":\"de\",\"potentialAction\":[{\"@type\":\"ReadAction\",\"target\":[\"https:\\\/\\\/bpk-archive.de\\\/tuellmann\\\/produkt\\\/auf-einem-stuhl-sitzender-besucher-der-skulpturensammlung-des-liebieghauses\\\/\"]}]},{\"@type\":\"ImageObject\",\"inLanguage\":\"de\",\"@id\":\"https:\\\/\\\/bpk-archive.de\\\/tuellmann\\\/produkt\\\/auf-einem-stuhl-sitzender-besucher-der-skulpturensammlung-des-liebieghauses\\\/#primaryimage\",\"url\":\"https:\\\/\\\/bpk-archive.de\\\/tuellmann\\\/wp-content\\\/uploads\\\/2019\\\/08\\\/bpk_70366533.jpg\",\"contentUrl\":\"https:\\\/\\\/bpk-archive.de\\\/tuellmann\\\/wp-content\\\/uploads\\\/2019\\\/08\\\/bpk_70366533.jpg\",\"width\":1200,\"height\":953,\"caption\":\"Auf einem Stuhl sitzender Besucher der Skulpturensammlung des Liebieghauses\"},{\"@type\":\"BreadcrumbList\",\"@id\":\"https:\\\/\\\/bpk-archive.de\\\/tuellmann\\\/produkt\\\/auf-einem-stuhl-sitzender-besucher-der-skulpturensammlung-des-liebieghauses\\\/#breadcrumb\",\"itemListElement\":[{\"@type\":\"ListItem\",\"position\":1,\"name\":\"Startseite\",\"item\":\"https:\\\/\\\/bpk-archive.de\\\/tuellmann\\\/\"},{\"@type\":\"ListItem\",\"position\":2,\"name\":\"Shop\",\"item\":\"https:\\\/\\\/bpk-archive.de\\\/tuellmann\\\/shop\\\/\"},{\"@type\":\"ListItem\",\"position\":3,\"name\":\"Auf einem Stuhl sitzender Besucher der Skulpturensammlung des Liebieghauses\"}]},{\"@type\":\"WebSite\",\"@id\":\"https:\\\/\\\/bpk-archive.de\\\/tuellmann\\\/#website\",\"url\":\"https:\\\/\\\/bpk-archive.de\\\/tuellmann\\\/\",\"name\":\"Abisag T\u00fcllmann\",\"description\":\"Eine weitere WordPress-Website\",\"potentialAction\":[{\"@type\":\"SearchAction\",\"target\":{\"@type\":\"EntryPoint\",\"urlTemplate\":\"https:\\\/\\\/bpk-archive.de\\\/tuellmann\\\/?s={search_term_string}\"},\"query-input\":{\"@type\":\"PropertyValueSpecification\",\"valueRequired\":true,\"valueName\":\"search_term_string\"}}],\"inLanguage\":\"de\"}]}<\/script>\n<!-- \/ Yoast SEO plugin. -->","yoast_head_json":{"title":"Auf einem Stuhl sitzender Besucher der Skulpturensammlung des Liebieghauses - Abisag T\u00fcllmann","robots":{"index":"index","follow":"follow","max-snippet":"max-snippet:-1","max-image-preview":"max-image-preview:large","max-video-preview":"max-video-preview:-1"},"canonical":"https:\/\/bpk-archive.de\/tuellmann\/produkt\/auf-einem-stuhl-sitzender-besucher-der-skulpturensammlung-des-liebieghauses\/","og_locale":"de_DE","og_type":"article","og_title":"Auf einem Stuhl sitzender Besucher der Skulpturensammlung des Liebieghauses - Abisag T\u00fcllmann","og_description":"R\u00fcckseitenbeschriftung von Hand der Fotografin: &#8222;Im Liebieghaus, Museum f\u00fcr Plastik&#8220;","og_url":"https:\/\/bpk-archive.de\/tuellmann\/produkt\/auf-einem-stuhl-sitzender-besucher-der-skulpturensammlung-des-liebieghauses\/","og_site_name":"Abisag T\u00fcllmann","article_modified_time":"2020-04-28T09:13:56+00:00","og_image":[{"width":1200,"height":953,"url":"https:\/\/bpk-archive.de\/tuellmann\/wp-content\/uploads\/2019\/08\/bpk_70366533.jpg","type":"image\/jpeg"}],"twitter_card":"summary_large_image","schema":{"@context":"https:\/\/schema.org","@graph":[{"@type":"WebPage","@id":"https:\/\/bpk-archive.de\/tuellmann\/produkt\/auf-einem-stuhl-sitzender-besucher-der-skulpturensammlung-des-liebieghauses\/","url":"https:\/\/bpk-archive.de\/tuellmann\/produkt\/auf-einem-stuhl-sitzender-besucher-der-skulpturensammlung-des-liebieghauses\/","name":"Auf einem Stuhl sitzender Besucher der Skulpturensammlung des Liebieghauses - Abisag T\u00fcllmann","isPartOf":{"@id":"https:\/\/bpk-archive.de\/tuellmann\/#website"},"primaryImageOfPage":{"@id":"https:\/\/bpk-archive.de\/tuellmann\/produkt\/auf-einem-stuhl-sitzender-besucher-der-skulpturensammlung-des-liebieghauses\/#primaryimage"},"image":{"@id":"https:\/\/bpk-archive.de\/tuellmann\/produkt\/auf-einem-stuhl-sitzender-besucher-der-skulpturensammlung-des-liebieghauses\/#primaryimage"},"thumbnailUrl":"https:\/\/bpk-archive.de\/tuellmann\/wp-content\/uploads\/2019\/08\/bpk_70366533.jpg","datePublished":"2019-09-05T14:09:52+00:00","dateModified":"2020-04-28T09:13:56+00:00","breadcrumb":{"@id":"https:\/\/bpk-archive.de\/tuellmann\/produkt\/auf-einem-stuhl-sitzender-besucher-der-skulpturensammlung-des-liebieghauses\/#breadcrumb"},"inLanguage":"de","potentialAction":[{"@type":"ReadAction","target":["https:\/\/bpk-archive.de\/tuellmann\/produkt\/auf-einem-stuhl-sitzender-besucher-der-skulpturensammlung-des-liebieghauses\/"]}]},{"@type":"ImageObject","inLanguage":"de","@id":"https:\/\/bpk-archive.de\/tuellmann\/produkt\/auf-einem-stuhl-sitzender-besucher-der-skulpturensammlung-des-liebieghauses\/#primaryimage","url":"https:\/\/bpk-archive.de\/tuellmann\/wp-content\/uploads\/2019\/08\/bpk_70366533.jpg","contentUrl":"https:\/\/bpk-archive.de\/tuellmann\/wp-content\/uploads\/2019\/08\/bpk_70366533.jpg","width":1200,"height":953,"caption":"Auf einem Stuhl sitzender Besucher der Skulpturensammlung des Liebieghauses"},{"@type":"BreadcrumbList","@id":"https:\/\/bpk-archive.de\/tuellmann\/produkt\/auf-einem-stuhl-sitzender-besucher-der-skulpturensammlung-des-liebieghauses\/#breadcrumb","itemListElement":[{"@type":"ListItem","position":1,"name":"Startseite","item":"https:\/\/bpk-archive.de\/tuellmann\/"},{"@type":"ListItem","position":2,"name":"Shop","item":"https:\/\/bpk-archive.de\/tuellmann\/shop\/"},{"@type":"ListItem","position":3,"name":"Auf einem Stuhl sitzender Besucher der Skulpturensammlung des Liebieghauses"}]},{"@type":"WebSite","@id":"https:\/\/bpk-archive.de\/tuellmann\/#website","url":"https:\/\/bpk-archive.de\/tuellmann\/","name":"Abisag T\u00fcllmann","description":"Eine weitere WordPress-Website","potentialAction":[{"@type":"SearchAction","target":{"@type":"EntryPoint","urlTemplate":"https:\/\/bpk-archive.de\/tuellmann\/?s={search_term_string}"},"query-input":{"@type":"PropertyValueSpecification","valueRequired":true,"valueName":"search_term_string"}}],"inLanguage":"de"}]}},"_links":{"self":[{"href":"https:\/\/bpk-archive.de\/tuellmann\/wp-json\/wp\/v2\/product\/70296739","targetHints":{"allow":["GET"]}}],"collection":[{"href":"https:\/\/bpk-archive.de\/tuellmann\/wp-json\/wp\/v2\/product"}],"about":[{"href":"https:\/\/bpk-archive.de\/tuellmann\/wp-json\/wp\/v2\/types\/product"}],"wp:featuredmedia":[{"embeddable":true,"href":"https:\/\/bpk-archive.de\/tuellmann\/wp-json\/wp\/v2\/media\/70293490"}],"wp:attachment":[{"href":"https:\/\/bpk-archive.de\/tuellmann\/wp-json\/wp\/v2\/media?parent=70296739"}],"wp:term":[{"taxonomy":"product_brand","embeddable":true,"href":"https:\/\/bpk-archive.de\/tuellmann\/wp-json\/wp\/v2\/product_brand?post=70296739"},{"taxonomy":"product_cat","embeddable":true,"href":"https:\/\/bpk-archive.de\/tuellmann\/wp-json\/wp\/v2\/product_cat?post=70296739"},{"taxonomy":"product_tag","embeddable":true,"href":"https:\/\/bpk-archive.de\/tuellmann\/wp-json\/wp\/v2\/product_tag?post=70296739"}],"curies":[{"name":"wp","href":"https:\/\/api.w.org\/{rel}","templated":true}]}}