{"id":70296723,"date":"2019-09-05T16:09:34","date_gmt":"2019-09-05T14:09:34","guid":{"rendered":"http:\/\/abisagtuellmann.bpk-news.de\/atbild\/pferdefuhrwerke-neben-motorisierten-fahrzeugen-auf-einer-strasse-in-sizilien\/"},"modified":"2019-09-05T16:09:41","modified_gmt":"2019-09-05T14:09:41","slug":"pferdefuhrwerke-neben-motorisierten-fahrzeugen-auf-einer-strasse-in-sizilien","status":"publish","type":"product","link":"https:\/\/bpk-archive.de\/tuellmann\/produkt\/pferdefuhrwerke-neben-motorisierten-fahrzeugen-auf-einer-strasse-in-sizilien\/","title":{"rendered":"Pferdefuhrwerke neben motorisierten Fahrzeugen auf einer Stra\u00dfe in Sizilien"},"content":{"rendered":"<p>R\u00fcckseitenbeschriftung von anderer Hand: &#8222;Sizilien&#8220;<\/p>\n","protected":false},"excerpt":{"rendered":"<p>R\u00fcckseitenbeschriftung von anderer Hand: &#8222;Sizilien&#8220;<\/p>\n","protected":false},"featured_media":70293561,"template":"","meta":[],"product_brand":[],"product_cat":[],"product_tag":[13774,13232,13234,13231,13233,13775,14271,13777,47541,47542,47543,47544,47545,47546,59907,13250,47549,47550,47551,47552,47553,47796,47797,13253,13254,13255,13256,13257,13260,48217,48218,48219,13293,13786,13787,13294,13295,13296,13297,56925,56926,13301,51508,51509,51510,51511,51512,51513,51514,51515,51516,47814,47815,52052,52053,47816,47817,52151,52152,52153,52154,51518,51519,51520,51521,51522,60360,51523,51524,64748,56935,56936,56937,56941,13328,13827,13828,13329,13330,13331,13332,13843,64749,13877,13879,13865,13864,13866,13858,13859,13860,13861,13862,13863,13867,13869,13870,13871,13872,60683,60686,60687,60688,60689,60690,60691,48165,48166,47408,47409,48226,51537,51538,51539,51540,51541,51542,51543,51544,57745,57746,57749,57750,60692,60693,57751,57752,13878,13880,55241,49504,49505,49506,49507,49508,49509],"class_list":{"0":"post-70296723","1":"product","2":"type-product","3":"status-publish","4":"has-post-thumbnail","6":"product_tag-1960er-jahre","7":"product_tag-20-jahrhundert-nach-chr","8":"product_tag-20-jh-n-chr","9":"product_tag-20-jahrhundert","10":"product_tag-20-jh","11":"product_tag-60er","12":"product_tag-abt_009","13":"product_tag-abzug","14":"product_tag-alltag","15":"product_tag-alltaeglich","16":"product_tag-alltaegliche","17":"product_tag-alltaeglicher","18":"product_tag-alltaegliches","19":"product_tag-alltagsleben","20":"product_tag-at_italien","21":"product_tag-aussen","22":"product_tag-auto","23":"product_tag-automobil","24":"product_tag-automobile","25":"product_tag-automobils","26":"product_tag-autos","27":"product_tag-bauer","28":"product_tag-bauern","29":"product_tag-deutsch","30":"product_tag-deutsche","31":"product_tag-deutschen","32":"product_tag-deutscher","33":"product_tag-deutsches","34":"product_tag-draussen","35":"product_tag-fahrzeug","36":"product_tag-fahrzeuge","37":"product_tag-fahrzeugen","38":"product_tag-foto","39":"product_tag-fotoabzug","40":"product_tag-fotoabzuege","41":"product_tag-fotografie","42":"product_tag-fotografien","43":"product_tag-fotografin","44":"product_tag-fotografinnen","45":"product_tag-fuhrwerk","46":"product_tag-fuhrwerke","47":"product_tag-im-freien","48":"product_tag-italien","49":"product_tag-italiener","50":"product_tag-italienern","51":"product_tag-italienisch","52":"product_tag-italienische","53":"product_tag-italienischen","54":"product_tag-italienischer","55":"product_tag-italienisches","56":"product_tag-italiens","57":"product_tag-landleben","58":"product_tag-landlebens","59":"product_tag-landstrasse","60":"product_tag-landstrassen","61":"product_tag-landwirt","62":"product_tag-landwirte","63":"product_tag-laster","64":"product_tag-lastkraftwagen","65":"product_tag-lastwagen","66":"product_tag-lkw","67":"product_tag-mediterran","68":"product_tag-mediterrane","69":"product_tag-mediterranen","70":"product_tag-mediterraner","71":"product_tag-mediterranes","72":"product_tag-mittelmeer","73":"product_tag-mittelmeerland","74":"product_tag-mittelmeerlaender","75":"product_tag-motorroller","76":"product_tag-pferdefuhrwerk","77":"product_tag-pferdefuhrwerke","78":"product_tag-pferdefuhrwerken","79":"product_tag-pferdewagen","80":"product_tag-photo","81":"product_tag-photoabzug","82":"product_tag-photoabzuege","83":"product_tag-photographie","84":"product_tag-photographien","85":"product_tag-photographin","86":"product_tag-photographinnen","87":"product_tag-print","88":"product_tag-roller","89":"product_tag-s-w-fotografie","90":"product_tag-s-w-photographie","91":"product_tag-schwarzweissphotographie","92":"product_tag-schwarz-weiss-fotografie","93":"product_tag-schwarz-weiss-photographie","94":"product_tag-schwarzweiss","95":"product_tag-schwarzweisse","96":"product_tag-schwarzweissen","97":"product_tag-schwarzweisser","98":"product_tag-schwarzweisses","99":"product_tag-schwarzweissfotografie","100":"product_tag-sechziger","101":"product_tag-silbergelatine","102":"product_tag-silbergelatineabzug","103":"product_tag-silbergelatineabzuege","104":"product_tag-silbergelatineprint","105":"product_tag-sizilianer","106":"product_tag-sizilianisch","107":"product_tag-sizilianische","108":"product_tag-sizilianischen","109":"product_tag-sizilianischer","110":"product_tag-sizilianisches","111":"product_tag-sizilien","112":"product_tag-strasse","113":"product_tag-strassen","114":"product_tag-strassenleben","115":"product_tag-strassenszene","116":"product_tag-strassenverkehr","117":"product_tag-suedeuropa","118":"product_tag-suedeuropaeer","119":"product_tag-suedeuropaeisch","120":"product_tag-suedeuropaeische","121":"product_tag-suedeuropaeischem","122":"product_tag-suedeuropaeischen","123":"product_tag-suedeuropaeischer","124":"product_tag-suedeuropaeisches","125":"product_tag-sueditalien","126":"product_tag-sueditaliener","127":"product_tag-sueditalienisch","128":"product_tag-sueditalienische","129":"product_tag-sueditalienischem","130":"product_tag-sueditalienischen","131":"product_tag-sueditalienischer","132":"product_tag-sueditalienisches","133":"product_tag-sw-fotografie","134":"product_tag-sw-photographie","135":"product_tag-tradition","136":"product_tag-traditionell","137":"product_tag-traditionelle","138":"product_tag-traditionellem","139":"product_tag-traditionellen","140":"product_tag-traditioneller","141":"product_tag-traditionelles","142":"pa_datierung-september-1964","143":"pa_fotograf-abisag-tuellmann","144":"pa_geografischer_bezug-aufnahmeort-sizilien-italien","145":"pa_grunddaten_material_technik-foto-silbergelatine-auf-barytpapier","146":"pa_inventarnummer-tue-64-126-34","147":"pa_jahr_von-13885","148":"pa_massangaben-bildformat-foto-236-x-292-cm","149":"pa_mediennummer-64746","150":"pa_objekt_typ-fotografie","152":"first","153":"instock","154":"product-type-simple"},"yoast_head":"<!-- This site is optimized with the Yoast SEO plugin v27.4 - https:\/\/yoast.com\/product\/yoast-seo-wordpress\/ -->\n<title>Pferdefuhrwerke neben motorisierten Fahrzeugen auf einer Stra\u00dfe in Sizilien - Abisag T\u00fcllmann<\/title>\n<meta name=\"robots\" content=\"index, follow, max-snippet:-1, max-image-preview:large, max-video-preview:-1\" \/>\n<link rel=\"canonical\" href=\"https:\/\/bpk-archive.de\/tuellmann\/produkt\/pferdefuhrwerke-neben-motorisierten-fahrzeugen-auf-einer-strasse-in-sizilien\/\" \/>\n<meta property=\"og:locale\" content=\"de_DE\" \/>\n<meta property=\"og:type\" content=\"article\" \/>\n<meta property=\"og:title\" content=\"Pferdefuhrwerke neben motorisierten Fahrzeugen auf einer Stra\u00dfe in Sizilien - Abisag T\u00fcllmann\" \/>\n<meta property=\"og:description\" content=\"R\u00fcckseitenbeschriftung von anderer Hand: &#8222;Sizilien&#8220;\" \/>\n<meta property=\"og:url\" content=\"https:\/\/bpk-archive.de\/tuellmann\/produkt\/pferdefuhrwerke-neben-motorisierten-fahrzeugen-auf-einer-strasse-in-sizilien\/\" \/>\n<meta property=\"og:site_name\" content=\"Abisag T\u00fcllmann\" \/>\n<meta property=\"article:modified_time\" content=\"2019-09-05T14:09:41+00:00\" \/>\n<meta property=\"og:image\" content=\"https:\/\/bpk-archive.de\/tuellmann\/wp-content\/uploads\/2019\/08\/bpk_70366589.jpg\" \/>\n\t<meta property=\"og:image:width\" content=\"1200\" \/>\n\t<meta property=\"og:image:height\" content=\"980\" \/>\n\t<meta property=\"og:image:type\" content=\"image\/jpeg\" \/>\n<meta name=\"twitter:card\" content=\"summary_large_image\" \/>\n<script type=\"application\/ld+json\" class=\"yoast-schema-graph\">{\"@context\":\"https:\\\/\\\/schema.org\",\"@graph\":[{\"@type\":\"WebPage\",\"@id\":\"https:\\\/\\\/bpk-archive.de\\\/tuellmann\\\/produkt\\\/pferdefuhrwerke-neben-motorisierten-fahrzeugen-auf-einer-strasse-in-sizilien\\\/\",\"url\":\"https:\\\/\\\/bpk-archive.de\\\/tuellmann\\\/produkt\\\/pferdefuhrwerke-neben-motorisierten-fahrzeugen-auf-einer-strasse-in-sizilien\\\/\",\"name\":\"Pferdefuhrwerke neben motorisierten Fahrzeugen auf einer Stra\u00dfe in Sizilien - Abisag T\u00fcllmann\",\"isPartOf\":{\"@id\":\"https:\\\/\\\/bpk-archive.de\\\/tuellmann\\\/#website\"},\"primaryImageOfPage\":{\"@id\":\"https:\\\/\\\/bpk-archive.de\\\/tuellmann\\\/produkt\\\/pferdefuhrwerke-neben-motorisierten-fahrzeugen-auf-einer-strasse-in-sizilien\\\/#primaryimage\"},\"image\":{\"@id\":\"https:\\\/\\\/bpk-archive.de\\\/tuellmann\\\/produkt\\\/pferdefuhrwerke-neben-motorisierten-fahrzeugen-auf-einer-strasse-in-sizilien\\\/#primaryimage\"},\"thumbnailUrl\":\"https:\\\/\\\/bpk-archive.de\\\/tuellmann\\\/wp-content\\\/uploads\\\/2019\\\/08\\\/bpk_70366589.jpg\",\"datePublished\":\"2019-09-05T14:09:34+00:00\",\"dateModified\":\"2019-09-05T14:09:41+00:00\",\"breadcrumb\":{\"@id\":\"https:\\\/\\\/bpk-archive.de\\\/tuellmann\\\/produkt\\\/pferdefuhrwerke-neben-motorisierten-fahrzeugen-auf-einer-strasse-in-sizilien\\\/#breadcrumb\"},\"inLanguage\":\"de\",\"potentialAction\":[{\"@type\":\"ReadAction\",\"target\":[\"https:\\\/\\\/bpk-archive.de\\\/tuellmann\\\/produkt\\\/pferdefuhrwerke-neben-motorisierten-fahrzeugen-auf-einer-strasse-in-sizilien\\\/\"]}]},{\"@type\":\"ImageObject\",\"inLanguage\":\"de\",\"@id\":\"https:\\\/\\\/bpk-archive.de\\\/tuellmann\\\/produkt\\\/pferdefuhrwerke-neben-motorisierten-fahrzeugen-auf-einer-strasse-in-sizilien\\\/#primaryimage\",\"url\":\"https:\\\/\\\/bpk-archive.de\\\/tuellmann\\\/wp-content\\\/uploads\\\/2019\\\/08\\\/bpk_70366589.jpg\",\"contentUrl\":\"https:\\\/\\\/bpk-archive.de\\\/tuellmann\\\/wp-content\\\/uploads\\\/2019\\\/08\\\/bpk_70366589.jpg\",\"width\":1200,\"height\":980,\"caption\":\"Pferdefuhrwerke neben motorisierten Fahrzeugen auf einer Stra\u00dfe in Sizilien\"},{\"@type\":\"BreadcrumbList\",\"@id\":\"https:\\\/\\\/bpk-archive.de\\\/tuellmann\\\/produkt\\\/pferdefuhrwerke-neben-motorisierten-fahrzeugen-auf-einer-strasse-in-sizilien\\\/#breadcrumb\",\"itemListElement\":[{\"@type\":\"ListItem\",\"position\":1,\"name\":\"Startseite\",\"item\":\"https:\\\/\\\/bpk-archive.de\\\/tuellmann\\\/\"},{\"@type\":\"ListItem\",\"position\":2,\"name\":\"Shop\",\"item\":\"https:\\\/\\\/bpk-archive.de\\\/tuellmann\\\/shop\\\/\"},{\"@type\":\"ListItem\",\"position\":3,\"name\":\"Pferdefuhrwerke neben motorisierten Fahrzeugen auf einer Stra\u00dfe in Sizilien\"}]},{\"@type\":\"WebSite\",\"@id\":\"https:\\\/\\\/bpk-archive.de\\\/tuellmann\\\/#website\",\"url\":\"https:\\\/\\\/bpk-archive.de\\\/tuellmann\\\/\",\"name\":\"Abisag T\u00fcllmann\",\"description\":\"Eine weitere WordPress-Website\",\"potentialAction\":[{\"@type\":\"SearchAction\",\"target\":{\"@type\":\"EntryPoint\",\"urlTemplate\":\"https:\\\/\\\/bpk-archive.de\\\/tuellmann\\\/?s={search_term_string}\"},\"query-input\":{\"@type\":\"PropertyValueSpecification\",\"valueRequired\":true,\"valueName\":\"search_term_string\"}}],\"inLanguage\":\"de\"}]}<\/script>\n<!-- \/ Yoast SEO plugin. -->","yoast_head_json":{"title":"Pferdefuhrwerke neben motorisierten Fahrzeugen auf einer Stra\u00dfe in Sizilien - Abisag T\u00fcllmann","robots":{"index":"index","follow":"follow","max-snippet":"max-snippet:-1","max-image-preview":"max-image-preview:large","max-video-preview":"max-video-preview:-1"},"canonical":"https:\/\/bpk-archive.de\/tuellmann\/produkt\/pferdefuhrwerke-neben-motorisierten-fahrzeugen-auf-einer-strasse-in-sizilien\/","og_locale":"de_DE","og_type":"article","og_title":"Pferdefuhrwerke neben motorisierten Fahrzeugen auf einer Stra\u00dfe in Sizilien - Abisag T\u00fcllmann","og_description":"R\u00fcckseitenbeschriftung von anderer Hand: &#8222;Sizilien&#8220;","og_url":"https:\/\/bpk-archive.de\/tuellmann\/produkt\/pferdefuhrwerke-neben-motorisierten-fahrzeugen-auf-einer-strasse-in-sizilien\/","og_site_name":"Abisag T\u00fcllmann","article_modified_time":"2019-09-05T14:09:41+00:00","og_image":[{"width":1200,"height":980,"url":"https:\/\/bpk-archive.de\/tuellmann\/wp-content\/uploads\/2019\/08\/bpk_70366589.jpg","type":"image\/jpeg"}],"twitter_card":"summary_large_image","schema":{"@context":"https:\/\/schema.org","@graph":[{"@type":"WebPage","@id":"https:\/\/bpk-archive.de\/tuellmann\/produkt\/pferdefuhrwerke-neben-motorisierten-fahrzeugen-auf-einer-strasse-in-sizilien\/","url":"https:\/\/bpk-archive.de\/tuellmann\/produkt\/pferdefuhrwerke-neben-motorisierten-fahrzeugen-auf-einer-strasse-in-sizilien\/","name":"Pferdefuhrwerke neben motorisierten Fahrzeugen auf einer Stra\u00dfe in Sizilien - Abisag T\u00fcllmann","isPartOf":{"@id":"https:\/\/bpk-archive.de\/tuellmann\/#website"},"primaryImageOfPage":{"@id":"https:\/\/bpk-archive.de\/tuellmann\/produkt\/pferdefuhrwerke-neben-motorisierten-fahrzeugen-auf-einer-strasse-in-sizilien\/#primaryimage"},"image":{"@id":"https:\/\/bpk-archive.de\/tuellmann\/produkt\/pferdefuhrwerke-neben-motorisierten-fahrzeugen-auf-einer-strasse-in-sizilien\/#primaryimage"},"thumbnailUrl":"https:\/\/bpk-archive.de\/tuellmann\/wp-content\/uploads\/2019\/08\/bpk_70366589.jpg","datePublished":"2019-09-05T14:09:34+00:00","dateModified":"2019-09-05T14:09:41+00:00","breadcrumb":{"@id":"https:\/\/bpk-archive.de\/tuellmann\/produkt\/pferdefuhrwerke-neben-motorisierten-fahrzeugen-auf-einer-strasse-in-sizilien\/#breadcrumb"},"inLanguage":"de","potentialAction":[{"@type":"ReadAction","target":["https:\/\/bpk-archive.de\/tuellmann\/produkt\/pferdefuhrwerke-neben-motorisierten-fahrzeugen-auf-einer-strasse-in-sizilien\/"]}]},{"@type":"ImageObject","inLanguage":"de","@id":"https:\/\/bpk-archive.de\/tuellmann\/produkt\/pferdefuhrwerke-neben-motorisierten-fahrzeugen-auf-einer-strasse-in-sizilien\/#primaryimage","url":"https:\/\/bpk-archive.de\/tuellmann\/wp-content\/uploads\/2019\/08\/bpk_70366589.jpg","contentUrl":"https:\/\/bpk-archive.de\/tuellmann\/wp-content\/uploads\/2019\/08\/bpk_70366589.jpg","width":1200,"height":980,"caption":"Pferdefuhrwerke neben motorisierten Fahrzeugen auf einer Stra\u00dfe in Sizilien"},{"@type":"BreadcrumbList","@id":"https:\/\/bpk-archive.de\/tuellmann\/produkt\/pferdefuhrwerke-neben-motorisierten-fahrzeugen-auf-einer-strasse-in-sizilien\/#breadcrumb","itemListElement":[{"@type":"ListItem","position":1,"name":"Startseite","item":"https:\/\/bpk-archive.de\/tuellmann\/"},{"@type":"ListItem","position":2,"name":"Shop","item":"https:\/\/bpk-archive.de\/tuellmann\/shop\/"},{"@type":"ListItem","position":3,"name":"Pferdefuhrwerke neben motorisierten Fahrzeugen auf einer Stra\u00dfe in Sizilien"}]},{"@type":"WebSite","@id":"https:\/\/bpk-archive.de\/tuellmann\/#website","url":"https:\/\/bpk-archive.de\/tuellmann\/","name":"Abisag T\u00fcllmann","description":"Eine weitere WordPress-Website","potentialAction":[{"@type":"SearchAction","target":{"@type":"EntryPoint","urlTemplate":"https:\/\/bpk-archive.de\/tuellmann\/?s={search_term_string}"},"query-input":{"@type":"PropertyValueSpecification","valueRequired":true,"valueName":"search_term_string"}}],"inLanguage":"de"}]}},"_links":{"self":[{"href":"https:\/\/bpk-archive.de\/tuellmann\/wp-json\/wp\/v2\/product\/70296723","targetHints":{"allow":["GET"]}}],"collection":[{"href":"https:\/\/bpk-archive.de\/tuellmann\/wp-json\/wp\/v2\/product"}],"about":[{"href":"https:\/\/bpk-archive.de\/tuellmann\/wp-json\/wp\/v2\/types\/product"}],"wp:featuredmedia":[{"embeddable":true,"href":"https:\/\/bpk-archive.de\/tuellmann\/wp-json\/wp\/v2\/media\/70293561"}],"wp:attachment":[{"href":"https:\/\/bpk-archive.de\/tuellmann\/wp-json\/wp\/v2\/media?parent=70296723"}],"wp:term":[{"taxonomy":"product_brand","embeddable":true,"href":"https:\/\/bpk-archive.de\/tuellmann\/wp-json\/wp\/v2\/product_brand?post=70296723"},{"taxonomy":"product_cat","embeddable":true,"href":"https:\/\/bpk-archive.de\/tuellmann\/wp-json\/wp\/v2\/product_cat?post=70296723"},{"taxonomy":"product_tag","embeddable":true,"href":"https:\/\/bpk-archive.de\/tuellmann\/wp-json\/wp\/v2\/product_tag?post=70296723"}],"curies":[{"name":"wp","href":"https:\/\/api.w.org\/{rel}","templated":true}]}}