{"id":70296720,"date":"2019-09-05T16:09:34","date_gmt":"2019-09-05T14:09:34","guid":{"rendered":"http:\/\/abisagtuellmann.bpk-news.de\/atbild\/muellabfuhr-in-frankfurt-am-main\/"},"modified":"2020-06-25T11:52:23","modified_gmt":"2020-06-25T09:52:23","slug":"muellabfuhr-in-frankfurt-am-main","status":"publish","type":"product","link":"https:\/\/bpk-archive.de\/tuellmann\/produkt\/muellabfuhr-in-frankfurt-am-main\/","title":{"rendered":"M\u00fcllabfuhr in Frankfurt am Main"},"content":{"rendered":"<p>Entstanden im Rahmen der Serie zum Thema &#8222;M\u00fcll&#8220; f\u00fcr die &#8222;Didaktischen Einheiten&#8220; des Deutschen Jugendinstituts M\u00fcnchen (DJI)<\/p>\n","protected":false},"excerpt":{"rendered":"<p>Entstanden im Rahmen der Serie zum Thema &#8222;M\u00fcll&#8220; f\u00fcr die &#8222;Didaktischen Einheiten&#8220; des Deutschen Jugendinstituts M\u00fcnchen (DJI)<\/p>\n","protected":false},"featured_media":70293455,"template":"","meta":[],"product_brand":[],"product_cat":[73371],"product_tag":[13230,13232,13234,13231,13233,13235,14262,13777,14263,13250,54014,54015,53967,13469,13470,13253,13254,13255,13256,13257,13471,13472,54016,13260,54018,54019,53970,53971,13293,13786,13787,13294,13295,13296,13297,51504,49684,51505,13485,13486,13482,13481,13483,13484,13492,13493,13494,13495,13496,13497,13301,54025,54028,13328,13827,13828,13329,13330,13331,13332,13843,51531,51532,13877,13879,13865,13864,13866,13858,13859,13860,13861,13862,13863,49718,49719,13354,13869,13870,13871,13872,13878,13880],"class_list":{"0":"post-70296720","1":"product","2":"type-product","3":"status-publish","4":"has-post-thumbnail","6":"product_cat-arbeit","7":"product_tag-1970er-jahre","8":"product_tag-20-jahrhundert-nach-chr","9":"product_tag-20-jh-n-chr","10":"product_tag-20-jahrhundert","11":"product_tag-20-jh","12":"product_tag-70er","13":"product_tag-abt_008","14":"product_tag-abzug","15":"product_tag-at_arbeit","16":"product_tag-aussen","17":"product_tag-bilderfolge","18":"product_tag-bilderserie","19":"product_tag-bilderstrecke","20":"product_tag-brd","21":"product_tag-bundesrepublik-deutschland","22":"product_tag-deutsch","23":"product_tag-deutsche","24":"product_tag-deutschen","25":"product_tag-deutscher","26":"product_tag-deutsches","27":"product_tag-deutschland","28":"product_tag-deutschlands","29":"product_tag-didaktik","30":"product_tag-draussen","31":"product_tag-einheit","32":"product_tag-einheits","33":"product_tag-folge","34":"product_tag-folgen","35":"product_tag-foto","36":"product_tag-fotoabzug","37":"product_tag-fotoabzuege","38":"product_tag-fotografie","39":"product_tag-fotografien","40":"product_tag-fotografin","41":"product_tag-fotografinnen","42":"product_tag-fotoreihe","43":"product_tag-fotoserie","44":"product_tag-fotostrecke","45":"product_tag-frankfurt-m","46":"product_tag-frankfurt-main","47":"product_tag-frankfurt-a-main","48":"product_tag-frankfurt-a-m","49":"product_tag-frankfurt-am-main","50":"product_tag-frankfurter","51":"product_tag-hessen","52":"product_tag-hessisch","53":"product_tag-hessische","54":"product_tag-hessischen","55":"product_tag-hessischer","56":"product_tag-hessisches","57":"product_tag-im-freien","58":"product_tag-jugendinstitut","59":"product_tag-paedagogik","60":"product_tag-photo","61":"product_tag-photoabzug","62":"product_tag-photoabzuege","63":"product_tag-photographie","64":"product_tag-photographien","65":"product_tag-photographin","66":"product_tag-photographinnen","67":"product_tag-print","68":"product_tag-reihe","69":"product_tag-reihen","70":"product_tag-s-w-fotografie","71":"product_tag-s-w-photographie","72":"product_tag-schwarzweissphotographie","73":"product_tag-schwarz-weiss-fotografie","74":"product_tag-schwarz-weiss-photographie","75":"product_tag-schwarzweiss","76":"product_tag-schwarzweisse","77":"product_tag-schwarzweissen","78":"product_tag-schwarzweisser","79":"product_tag-schwarzweisses","80":"product_tag-schwarzweissfotografie","81":"product_tag-serie","82":"product_tag-serien","83":"product_tag-siebziger","84":"product_tag-silbergelatine","85":"product_tag-silbergelatineabzug","86":"product_tag-silbergelatineabzuege","87":"product_tag-silbergelatineprint","88":"product_tag-sw-fotografie","89":"product_tag-sw-photographie","90":"pa_datierung-januar-1975","91":"pa_fotograf-abisag-tuellmann","92":"pa_geografischer_bezug-aufnahmeort-frankfurt-am-main-deutschland","93":"pa_grunddaten_material_technik-foto-silbergelatine-auf-barytpapier","94":"pa_inventarnummer-tue-75-001-32","95":"pa_jahr_von-53481","96":"pa_massangaben-bildformat-foto-212-x-302-cm","97":"pa_mediennummer-64737","98":"pa_objekt_typ-fotografie","100":"first","101":"instock","102":"product-type-simple"},"yoast_head":"<!-- This site is optimized with the Yoast SEO plugin v27.4 - https:\/\/yoast.com\/product\/yoast-seo-wordpress\/ -->\n<title>M\u00fcllabfuhr in Frankfurt am Main - Abisag T\u00fcllmann<\/title>\n<meta name=\"robots\" content=\"index, follow, max-snippet:-1, max-image-preview:large, max-video-preview:-1\" \/>\n<link rel=\"canonical\" href=\"https:\/\/bpk-archive.de\/tuellmann\/produkt\/muellabfuhr-in-frankfurt-am-main\/\" \/>\n<meta property=\"og:locale\" content=\"de_DE\" \/>\n<meta property=\"og:type\" content=\"article\" \/>\n<meta property=\"og:title\" content=\"M\u00fcllabfuhr in Frankfurt am Main - Abisag T\u00fcllmann\" \/>\n<meta property=\"og:description\" content=\"Entstanden im Rahmen der Serie zum Thema &#8222;M\u00fcll&#8220; f\u00fcr die &#8222;Didaktischen Einheiten&#8220; des Deutschen Jugendinstituts M\u00fcnchen (DJI)\" \/>\n<meta property=\"og:url\" content=\"https:\/\/bpk-archive.de\/tuellmann\/produkt\/muellabfuhr-in-frankfurt-am-main\/\" \/>\n<meta property=\"og:site_name\" content=\"Abisag T\u00fcllmann\" \/>\n<meta property=\"article:modified_time\" content=\"2020-06-25T09:52:23+00:00\" \/>\n<meta property=\"og:image\" content=\"https:\/\/bpk-archive.de\/tuellmann\/wp-content\/uploads\/2019\/08\/bpk_70366510.jpg\" \/>\n\t<meta property=\"og:image:width\" content=\"1200\" \/>\n\t<meta property=\"og:image:height\" content=\"854\" \/>\n\t<meta property=\"og:image:type\" content=\"image\/jpeg\" \/>\n<meta name=\"twitter:card\" content=\"summary_large_image\" \/>\n<script type=\"application\/ld+json\" class=\"yoast-schema-graph\">{\"@context\":\"https:\\\/\\\/schema.org\",\"@graph\":[{\"@type\":\"WebPage\",\"@id\":\"https:\\\/\\\/bpk-archive.de\\\/tuellmann\\\/produkt\\\/muellabfuhr-in-frankfurt-am-main\\\/\",\"url\":\"https:\\\/\\\/bpk-archive.de\\\/tuellmann\\\/produkt\\\/muellabfuhr-in-frankfurt-am-main\\\/\",\"name\":\"M\u00fcllabfuhr in Frankfurt am Main - Abisag T\u00fcllmann\",\"isPartOf\":{\"@id\":\"https:\\\/\\\/bpk-archive.de\\\/tuellmann\\\/#website\"},\"primaryImageOfPage\":{\"@id\":\"https:\\\/\\\/bpk-archive.de\\\/tuellmann\\\/produkt\\\/muellabfuhr-in-frankfurt-am-main\\\/#primaryimage\"},\"image\":{\"@id\":\"https:\\\/\\\/bpk-archive.de\\\/tuellmann\\\/produkt\\\/muellabfuhr-in-frankfurt-am-main\\\/#primaryimage\"},\"thumbnailUrl\":\"https:\\\/\\\/bpk-archive.de\\\/tuellmann\\\/wp-content\\\/uploads\\\/2019\\\/08\\\/bpk_70366510.jpg\",\"datePublished\":\"2019-09-05T14:09:34+00:00\",\"dateModified\":\"2020-06-25T09:52:23+00:00\",\"breadcrumb\":{\"@id\":\"https:\\\/\\\/bpk-archive.de\\\/tuellmann\\\/produkt\\\/muellabfuhr-in-frankfurt-am-main\\\/#breadcrumb\"},\"inLanguage\":\"de\",\"potentialAction\":[{\"@type\":\"ReadAction\",\"target\":[\"https:\\\/\\\/bpk-archive.de\\\/tuellmann\\\/produkt\\\/muellabfuhr-in-frankfurt-am-main\\\/\"]}]},{\"@type\":\"ImageObject\",\"inLanguage\":\"de\",\"@id\":\"https:\\\/\\\/bpk-archive.de\\\/tuellmann\\\/produkt\\\/muellabfuhr-in-frankfurt-am-main\\\/#primaryimage\",\"url\":\"https:\\\/\\\/bpk-archive.de\\\/tuellmann\\\/wp-content\\\/uploads\\\/2019\\\/08\\\/bpk_70366510.jpg\",\"contentUrl\":\"https:\\\/\\\/bpk-archive.de\\\/tuellmann\\\/wp-content\\\/uploads\\\/2019\\\/08\\\/bpk_70366510.jpg\",\"width\":1200,\"height\":854,\"caption\":\"M\u00fcllabfuhr in Frankfurt am Main\"},{\"@type\":\"BreadcrumbList\",\"@id\":\"https:\\\/\\\/bpk-archive.de\\\/tuellmann\\\/produkt\\\/muellabfuhr-in-frankfurt-am-main\\\/#breadcrumb\",\"itemListElement\":[{\"@type\":\"ListItem\",\"position\":1,\"name\":\"Startseite\",\"item\":\"https:\\\/\\\/bpk-archive.de\\\/tuellmann\\\/\"},{\"@type\":\"ListItem\",\"position\":2,\"name\":\"Shop\",\"item\":\"https:\\\/\\\/bpk-archive.de\\\/tuellmann\\\/shop\\\/\"},{\"@type\":\"ListItem\",\"position\":3,\"name\":\"M\u00fcllabfuhr in Frankfurt am Main\"}]},{\"@type\":\"WebSite\",\"@id\":\"https:\\\/\\\/bpk-archive.de\\\/tuellmann\\\/#website\",\"url\":\"https:\\\/\\\/bpk-archive.de\\\/tuellmann\\\/\",\"name\":\"Abisag T\u00fcllmann\",\"description\":\"Eine weitere WordPress-Website\",\"potentialAction\":[{\"@type\":\"SearchAction\",\"target\":{\"@type\":\"EntryPoint\",\"urlTemplate\":\"https:\\\/\\\/bpk-archive.de\\\/tuellmann\\\/?s={search_term_string}\"},\"query-input\":{\"@type\":\"PropertyValueSpecification\",\"valueRequired\":true,\"valueName\":\"search_term_string\"}}],\"inLanguage\":\"de\"}]}<\/script>\n<!-- \/ Yoast SEO plugin. -->","yoast_head_json":{"title":"M\u00fcllabfuhr in Frankfurt am Main - Abisag T\u00fcllmann","robots":{"index":"index","follow":"follow","max-snippet":"max-snippet:-1","max-image-preview":"max-image-preview:large","max-video-preview":"max-video-preview:-1"},"canonical":"https:\/\/bpk-archive.de\/tuellmann\/produkt\/muellabfuhr-in-frankfurt-am-main\/","og_locale":"de_DE","og_type":"article","og_title":"M\u00fcllabfuhr in Frankfurt am Main - Abisag T\u00fcllmann","og_description":"Entstanden im Rahmen der Serie zum Thema &#8222;M\u00fcll&#8220; f\u00fcr die &#8222;Didaktischen Einheiten&#8220; des Deutschen Jugendinstituts M\u00fcnchen (DJI)","og_url":"https:\/\/bpk-archive.de\/tuellmann\/produkt\/muellabfuhr-in-frankfurt-am-main\/","og_site_name":"Abisag T\u00fcllmann","article_modified_time":"2020-06-25T09:52:23+00:00","og_image":[{"width":1200,"height":854,"url":"https:\/\/bpk-archive.de\/tuellmann\/wp-content\/uploads\/2019\/08\/bpk_70366510.jpg","type":"image\/jpeg"}],"twitter_card":"summary_large_image","schema":{"@context":"https:\/\/schema.org","@graph":[{"@type":"WebPage","@id":"https:\/\/bpk-archive.de\/tuellmann\/produkt\/muellabfuhr-in-frankfurt-am-main\/","url":"https:\/\/bpk-archive.de\/tuellmann\/produkt\/muellabfuhr-in-frankfurt-am-main\/","name":"M\u00fcllabfuhr in Frankfurt am Main - Abisag T\u00fcllmann","isPartOf":{"@id":"https:\/\/bpk-archive.de\/tuellmann\/#website"},"primaryImageOfPage":{"@id":"https:\/\/bpk-archive.de\/tuellmann\/produkt\/muellabfuhr-in-frankfurt-am-main\/#primaryimage"},"image":{"@id":"https:\/\/bpk-archive.de\/tuellmann\/produkt\/muellabfuhr-in-frankfurt-am-main\/#primaryimage"},"thumbnailUrl":"https:\/\/bpk-archive.de\/tuellmann\/wp-content\/uploads\/2019\/08\/bpk_70366510.jpg","datePublished":"2019-09-05T14:09:34+00:00","dateModified":"2020-06-25T09:52:23+00:00","breadcrumb":{"@id":"https:\/\/bpk-archive.de\/tuellmann\/produkt\/muellabfuhr-in-frankfurt-am-main\/#breadcrumb"},"inLanguage":"de","potentialAction":[{"@type":"ReadAction","target":["https:\/\/bpk-archive.de\/tuellmann\/produkt\/muellabfuhr-in-frankfurt-am-main\/"]}]},{"@type":"ImageObject","inLanguage":"de","@id":"https:\/\/bpk-archive.de\/tuellmann\/produkt\/muellabfuhr-in-frankfurt-am-main\/#primaryimage","url":"https:\/\/bpk-archive.de\/tuellmann\/wp-content\/uploads\/2019\/08\/bpk_70366510.jpg","contentUrl":"https:\/\/bpk-archive.de\/tuellmann\/wp-content\/uploads\/2019\/08\/bpk_70366510.jpg","width":1200,"height":854,"caption":"M\u00fcllabfuhr in Frankfurt am Main"},{"@type":"BreadcrumbList","@id":"https:\/\/bpk-archive.de\/tuellmann\/produkt\/muellabfuhr-in-frankfurt-am-main\/#breadcrumb","itemListElement":[{"@type":"ListItem","position":1,"name":"Startseite","item":"https:\/\/bpk-archive.de\/tuellmann\/"},{"@type":"ListItem","position":2,"name":"Shop","item":"https:\/\/bpk-archive.de\/tuellmann\/shop\/"},{"@type":"ListItem","position":3,"name":"M\u00fcllabfuhr in Frankfurt am Main"}]},{"@type":"WebSite","@id":"https:\/\/bpk-archive.de\/tuellmann\/#website","url":"https:\/\/bpk-archive.de\/tuellmann\/","name":"Abisag T\u00fcllmann","description":"Eine weitere WordPress-Website","potentialAction":[{"@type":"SearchAction","target":{"@type":"EntryPoint","urlTemplate":"https:\/\/bpk-archive.de\/tuellmann\/?s={search_term_string}"},"query-input":{"@type":"PropertyValueSpecification","valueRequired":true,"valueName":"search_term_string"}}],"inLanguage":"de"}]}},"_links":{"self":[{"href":"https:\/\/bpk-archive.de\/tuellmann\/wp-json\/wp\/v2\/product\/70296720","targetHints":{"allow":["GET"]}}],"collection":[{"href":"https:\/\/bpk-archive.de\/tuellmann\/wp-json\/wp\/v2\/product"}],"about":[{"href":"https:\/\/bpk-archive.de\/tuellmann\/wp-json\/wp\/v2\/types\/product"}],"wp:featuredmedia":[{"embeddable":true,"href":"https:\/\/bpk-archive.de\/tuellmann\/wp-json\/wp\/v2\/media\/70293455"}],"wp:attachment":[{"href":"https:\/\/bpk-archive.de\/tuellmann\/wp-json\/wp\/v2\/media?parent=70296720"}],"wp:term":[{"taxonomy":"product_brand","embeddable":true,"href":"https:\/\/bpk-archive.de\/tuellmann\/wp-json\/wp\/v2\/product_brand?post=70296720"},{"taxonomy":"product_cat","embeddable":true,"href":"https:\/\/bpk-archive.de\/tuellmann\/wp-json\/wp\/v2\/product_cat?post=70296720"},{"taxonomy":"product_tag","embeddable":true,"href":"https:\/\/bpk-archive.de\/tuellmann\/wp-json\/wp\/v2\/product_tag?post=70296720"}],"curies":[{"name":"wp","href":"https:\/\/api.w.org\/{rel}","templated":true}]}}