{"id":70296718,"date":"2019-09-05T16:09:34","date_gmt":"2019-09-05T14:09:34","guid":{"rendered":"http:\/\/abisagtuellmann.bpk-news.de\/atbild\/maenner-beim-flicken-von-fischernetzen-am-strand-des-fischerdorfes-monterosso-al-mare\/"},"modified":"2019-09-05T16:09:35","modified_gmt":"2019-09-05T14:09:35","slug":"maenner-beim-flicken-von-fischernetzen-am-strand-des-fischerdorfes-monterosso-al-mare","status":"publish","type":"product","link":"https:\/\/bpk-archive.de\/tuellmann\/produkt\/maenner-beim-flicken-von-fischernetzen-am-strand-des-fischerdorfes-monterosso-al-mare\/","title":{"rendered":"M\u00e4nner beim Flicken von Fischernetzen am Strand des Fischerdorfes Monterosso al Mare"},"content":{"rendered":"<p>R\u00fcckseitenbeschriftung von Hand der Fotografin: &#8222;Italien, Cinque Terre&#8220;<\/p>\n","protected":false},"excerpt":{"rendered":"<p>R\u00fcckseitenbeschriftung von Hand der Fotografin: &#8222;Italien, Cinque Terre&#8220;<\/p>\n","protected":false},"featured_media":70293535,"template":"","meta":[],"product_brand":[],"product_cat":[],"product_tag":[13774,13232,13234,13231,13233,13775,14271,13777,47541,47542,47543,47544,47545,47546,47418,47419,47420,47421,47422,47423,47424,47456,47457,47458,47459,47460,47461,47462,59907,13250,49596,49597,49598,49599,49600,49601,49602,47876,47877,47878,47879,13784,13785,13253,13254,13255,13256,13257,13960,13961,13962,13963,13964,13965,13260,60514,64733,60515,57824,57825,57826,57828,64734,13293,13786,13787,13294,13295,13296,13297,47579,47580,47581,47582,13301,51508,51509,51510,51511,51512,51513,51514,51515,51516,47589,47590,14000,14001,14002,14003,14004,14005,14006,57829,57831,57832,57833,57834,57835,13818,13819,13820,13821,13822,13823,13824,13825,13826,51518,51519,51520,51521,51522,51523,51524,57837,57838,57839,51597,51600,13328,13827,13828,13329,13330,13331,13332,13829,13830,13831,13832,13833,13834,13835,13836,13837,13838,13839,13840,13841,13842,13843,57797,57798,13877,13879,48155,52214,52215,52216,52217,13865,13864,13866,13858,13859,13860,13861,13862,13863,13867,13869,13870,13871,13872,14243,14244,14245,14246,14247,14248,14249,51207,51208,51209,51211,51537,51538,51539,51540,51541,51542,51543,51544,13878,13880,47359],"class_list":{"0":"post-70296718","1":"product","2":"type-product","3":"status-publish","4":"has-post-thumbnail","6":"product_tag-1960er-jahre","7":"product_tag-20-jahrhundert-nach-chr","8":"product_tag-20-jh-n-chr","9":"product_tag-20-jahrhundert","10":"product_tag-20-jh","11":"product_tag-60er","12":"product_tag-abt_009","13":"product_tag-abzug","14":"product_tag-alltag","15":"product_tag-alltaeglich","16":"product_tag-alltaegliche","17":"product_tag-alltaeglicher","18":"product_tag-alltaegliches","19":"product_tag-alltagsleben","20":"product_tag-alt","21":"product_tag-alte","22":"product_tag-alten","23":"product_tag-alter","24":"product_tag-aeltere","25":"product_tag-aelterer","26":"product_tag-altes","27":"product_tag-arbeit","28":"product_tag-arbeiten","29":"product_tag-arbeitend","30":"product_tag-arbeitende","31":"product_tag-arbeitenden","32":"product_tag-arbeitender","33":"product_tag-arbeitendes","34":"product_tag-at_italien","35":"product_tag-aussen","36":"product_tag-barfuss","37":"product_tag-barfuessig","38":"product_tag-barfuessige","39":"product_tag-barfuessigen","40":"product_tag-barfuessiger","41":"product_tag-barfuessiges","42":"product_tag-barfuessigkeit","43":"product_tag-beruf","44":"product_tag-berufe","45":"product_tag-berufes","46":"product_tag-berufs","47":"product_tag-bildnis","48":"product_tag-bildnisse","49":"product_tag-deutsch","50":"product_tag-deutsche","51":"product_tag-deutschen","52":"product_tag-deutscher","53":"product_tag-deutsches","54":"product_tag-doppelbildnis","55":"product_tag-doppelbildnisse","56":"product_tag-doppelportrait","57":"product_tag-doppelportraits","58":"product_tag-doppelportraet","59":"product_tag-doppelportraets","60":"product_tag-draussen","61":"product_tag-fischer","62":"product_tag-fischerdorf","63":"product_tag-fischern","64":"product_tag-fischernetz","65":"product_tag-fischernetze","66":"product_tag-fischernetzen","67":"product_tag-fischnetz","68":"product_tag-flicken","69":"product_tag-foto","70":"product_tag-fotoabzug","71":"product_tag-fotoabzuege","72":"product_tag-fotografie","73":"product_tag-fotografien","74":"product_tag-fotografin","75":"product_tag-fotografinnen","76":"product_tag-gespraech","77":"product_tag-gespraeche","78":"product_tag-gespraeches","79":"product_tag-gespraechs","80":"product_tag-im-freien","81":"product_tag-italien","82":"product_tag-italiener","83":"product_tag-italienern","84":"product_tag-italienisch","85":"product_tag-italienische","86":"product_tag-italienischen","87":"product_tag-italienischer","88":"product_tag-italienisches","89":"product_tag-italiens","90":"product_tag-konversation","91":"product_tag-konversationen","92":"product_tag-laecheln","93":"product_tag-laechelnd","94":"product_tag-laechelnde","95":"product_tag-laechelnden","96":"product_tag-laechelnder","97":"product_tag-laechelndes","98":"product_tag-laechelt","99":"product_tag-ligurien","100":"product_tag-ligurisch","101":"product_tag-ligurische","102":"product_tag-ligurischen","103":"product_tag-ligurischer","104":"product_tag-ligurisches","105":"product_tag-mann","106":"product_tag-maenner","107":"product_tag-maennerbildnis","108":"product_tag-maennerbildnisse","109":"product_tag-maennerportrait","110":"product_tag-maennerportraits","111":"product_tag-maennerportraet","112":"product_tag-maennerportraets","113":"product_tag-mannes","114":"product_tag-mediterran","115":"product_tag-mediterrane","116":"product_tag-mediterranen","117":"product_tag-mediterraner","118":"product_tag-mediterranes","119":"product_tag-mittelmeerland","120":"product_tag-mittelmeerlaender","121":"product_tag-netz","122":"product_tag-netze","123":"product_tag-netzen","124":"product_tag-norditalien","125":"product_tag-oberitalien","126":"product_tag-photo","127":"product_tag-photoabzug","128":"product_tag-photoabzuege","129":"product_tag-photographie","130":"product_tag-photographien","131":"product_tag-photographin","132":"product_tag-photographinnen","133":"product_tag-portrait","134":"product_tag-portraitaufnahme","135":"product_tag-portraitfoto","136":"product_tag-portraitfotografie","137":"product_tag-portraitphoto","138":"product_tag-portraitphotographie","139":"product_tag-portraits","140":"product_tag-portraet","141":"product_tag-portraetaufnahme","142":"product_tag-portraetfoto","143":"product_tag-portraetfotografie","144":"product_tag-portraetphoto","145":"product_tag-portraetphotographie","146":"product_tag-portraets","147":"product_tag-print","148":"product_tag-reparieren","149":"product_tag-reparierend","150":"product_tag-s-w-fotografie","151":"product_tag-s-w-photographie","152":"product_tag-sand","153":"product_tag-sandstrand","154":"product_tag-sandstraende","155":"product_tag-sandstrandes","156":"product_tag-sandstrands","157":"product_tag-schwarzweissphotographie","158":"product_tag-schwarz-weiss-fotografie","159":"product_tag-schwarz-weiss-photographie","160":"product_tag-schwarzweiss","161":"product_tag-schwarzweisse","162":"product_tag-schwarzweissen","163":"product_tag-schwarzweisser","164":"product_tag-schwarzweisses","165":"product_tag-schwarzweissfotografie","166":"product_tag-sechziger","167":"product_tag-silbergelatine","168":"product_tag-silbergelatineabzug","169":"product_tag-silbergelatineabzuege","170":"product_tag-silbergelatineprint","171":"product_tag-sitzen","172":"product_tag-sitzend","173":"product_tag-sitzende","174":"product_tag-sitzenden","175":"product_tag-sitzender","176":"product_tag-sitzendes","177":"product_tag-sitzt","178":"product_tag-strand","179":"product_tag-straende","180":"product_tag-strandes","181":"product_tag-strands","182":"product_tag-suedeuropa","183":"product_tag-suedeuropaeer","184":"product_tag-suedeuropaeisch","185":"product_tag-suedeuropaeische","186":"product_tag-suedeuropaeischem","187":"product_tag-suedeuropaeischen","188":"product_tag-suedeuropaeischer","189":"product_tag-suedeuropaeisches","190":"product_tag-sw-fotografie","191":"product_tag-sw-photographie","192":"product_tag-zwei","193":"pa_datierung-september-1969","194":"pa_fotograf-abisag-tuellmann","195":"pa_geografischer_bezug-aufnahmeort-monterosso-al-mare-cinque-terre-italien","196":"pa_grunddaten_material_technik-foto-silbergelatine-auf-barytpapier","197":"pa_inventarnummer-tue-69-245-31","198":"pa_jahr_von-14258","199":"pa_massangaben-bildformat-foto-235-x-293-cm","200":"pa_mediennummer-64729","201":"pa_objekt_typ-fotografie","203":"first","204":"instock","205":"product-type-simple"},"yoast_head":"<!-- This site is optimized with the Yoast SEO plugin v27.4 - https:\/\/yoast.com\/product\/yoast-seo-wordpress\/ -->\n<title>M\u00e4nner beim Flicken von Fischernetzen am Strand des Fischerdorfes Monterosso al Mare - Abisag T\u00fcllmann<\/title>\n<meta name=\"robots\" content=\"index, follow, max-snippet:-1, max-image-preview:large, max-video-preview:-1\" \/>\n<link rel=\"canonical\" href=\"https:\/\/bpk-archive.de\/tuellmann\/produkt\/maenner-beim-flicken-von-fischernetzen-am-strand-des-fischerdorfes-monterosso-al-mare\/\" \/>\n<meta property=\"og:locale\" content=\"de_DE\" \/>\n<meta property=\"og:type\" content=\"article\" \/>\n<meta property=\"og:title\" content=\"M\u00e4nner beim Flicken von Fischernetzen am Strand des Fischerdorfes Monterosso al Mare - Abisag T\u00fcllmann\" \/>\n<meta property=\"og:description\" content=\"R\u00fcckseitenbeschriftung von Hand der Fotografin: &#8222;Italien, Cinque Terre&#8220;\" \/>\n<meta property=\"og:url\" content=\"https:\/\/bpk-archive.de\/tuellmann\/produkt\/maenner-beim-flicken-von-fischernetzen-am-strand-des-fischerdorfes-monterosso-al-mare\/\" \/>\n<meta property=\"og:site_name\" content=\"Abisag T\u00fcllmann\" \/>\n<meta property=\"article:modified_time\" content=\"2019-09-05T14:09:35+00:00\" \/>\n<meta property=\"og:image\" content=\"https:\/\/bpk-archive.de\/tuellmann\/wp-content\/uploads\/2019\/08\/bpk_70366579.jpg\" \/>\n\t<meta property=\"og:image:width\" content=\"1200\" \/>\n\t<meta property=\"og:image:height\" content=\"979\" \/>\n\t<meta property=\"og:image:type\" content=\"image\/jpeg\" \/>\n<meta name=\"twitter:card\" content=\"summary_large_image\" \/>\n<script type=\"application\/ld+json\" class=\"yoast-schema-graph\">{\"@context\":\"https:\\\/\\\/schema.org\",\"@graph\":[{\"@type\":\"WebPage\",\"@id\":\"https:\\\/\\\/bpk-archive.de\\\/tuellmann\\\/produkt\\\/maenner-beim-flicken-von-fischernetzen-am-strand-des-fischerdorfes-monterosso-al-mare\\\/\",\"url\":\"https:\\\/\\\/bpk-archive.de\\\/tuellmann\\\/produkt\\\/maenner-beim-flicken-von-fischernetzen-am-strand-des-fischerdorfes-monterosso-al-mare\\\/\",\"name\":\"M\u00e4nner beim Flicken von Fischernetzen am Strand des Fischerdorfes Monterosso al Mare - Abisag T\u00fcllmann\",\"isPartOf\":{\"@id\":\"https:\\\/\\\/bpk-archive.de\\\/tuellmann\\\/#website\"},\"primaryImageOfPage\":{\"@id\":\"https:\\\/\\\/bpk-archive.de\\\/tuellmann\\\/produkt\\\/maenner-beim-flicken-von-fischernetzen-am-strand-des-fischerdorfes-monterosso-al-mare\\\/#primaryimage\"},\"image\":{\"@id\":\"https:\\\/\\\/bpk-archive.de\\\/tuellmann\\\/produkt\\\/maenner-beim-flicken-von-fischernetzen-am-strand-des-fischerdorfes-monterosso-al-mare\\\/#primaryimage\"},\"thumbnailUrl\":\"https:\\\/\\\/bpk-archive.de\\\/tuellmann\\\/wp-content\\\/uploads\\\/2019\\\/08\\\/bpk_70366579.jpg\",\"datePublished\":\"2019-09-05T14:09:34+00:00\",\"dateModified\":\"2019-09-05T14:09:35+00:00\",\"breadcrumb\":{\"@id\":\"https:\\\/\\\/bpk-archive.de\\\/tuellmann\\\/produkt\\\/maenner-beim-flicken-von-fischernetzen-am-strand-des-fischerdorfes-monterosso-al-mare\\\/#breadcrumb\"},\"inLanguage\":\"de\",\"potentialAction\":[{\"@type\":\"ReadAction\",\"target\":[\"https:\\\/\\\/bpk-archive.de\\\/tuellmann\\\/produkt\\\/maenner-beim-flicken-von-fischernetzen-am-strand-des-fischerdorfes-monterosso-al-mare\\\/\"]}]},{\"@type\":\"ImageObject\",\"inLanguage\":\"de\",\"@id\":\"https:\\\/\\\/bpk-archive.de\\\/tuellmann\\\/produkt\\\/maenner-beim-flicken-von-fischernetzen-am-strand-des-fischerdorfes-monterosso-al-mare\\\/#primaryimage\",\"url\":\"https:\\\/\\\/bpk-archive.de\\\/tuellmann\\\/wp-content\\\/uploads\\\/2019\\\/08\\\/bpk_70366579.jpg\",\"contentUrl\":\"https:\\\/\\\/bpk-archive.de\\\/tuellmann\\\/wp-content\\\/uploads\\\/2019\\\/08\\\/bpk_70366579.jpg\",\"width\":1200,\"height\":979,\"caption\":\"M\u00e4nner beim Flicken von Fischernetzen am Strand des Fischerdorfes Monterosso al Mare\"},{\"@type\":\"BreadcrumbList\",\"@id\":\"https:\\\/\\\/bpk-archive.de\\\/tuellmann\\\/produkt\\\/maenner-beim-flicken-von-fischernetzen-am-strand-des-fischerdorfes-monterosso-al-mare\\\/#breadcrumb\",\"itemListElement\":[{\"@type\":\"ListItem\",\"position\":1,\"name\":\"Startseite\",\"item\":\"https:\\\/\\\/bpk-archive.de\\\/tuellmann\\\/\"},{\"@type\":\"ListItem\",\"position\":2,\"name\":\"Shop\",\"item\":\"https:\\\/\\\/bpk-archive.de\\\/tuellmann\\\/shop\\\/\"},{\"@type\":\"ListItem\",\"position\":3,\"name\":\"M\u00e4nner beim Flicken von Fischernetzen am Strand des Fischerdorfes Monterosso al Mare\"}]},{\"@type\":\"WebSite\",\"@id\":\"https:\\\/\\\/bpk-archive.de\\\/tuellmann\\\/#website\",\"url\":\"https:\\\/\\\/bpk-archive.de\\\/tuellmann\\\/\",\"name\":\"Abisag T\u00fcllmann\",\"description\":\"Eine weitere WordPress-Website\",\"potentialAction\":[{\"@type\":\"SearchAction\",\"target\":{\"@type\":\"EntryPoint\",\"urlTemplate\":\"https:\\\/\\\/bpk-archive.de\\\/tuellmann\\\/?s={search_term_string}\"},\"query-input\":{\"@type\":\"PropertyValueSpecification\",\"valueRequired\":true,\"valueName\":\"search_term_string\"}}],\"inLanguage\":\"de\"}]}<\/script>\n<!-- \/ Yoast SEO plugin. -->","yoast_head_json":{"title":"M\u00e4nner beim Flicken von Fischernetzen am Strand des Fischerdorfes Monterosso al Mare - Abisag T\u00fcllmann","robots":{"index":"index","follow":"follow","max-snippet":"max-snippet:-1","max-image-preview":"max-image-preview:large","max-video-preview":"max-video-preview:-1"},"canonical":"https:\/\/bpk-archive.de\/tuellmann\/produkt\/maenner-beim-flicken-von-fischernetzen-am-strand-des-fischerdorfes-monterosso-al-mare\/","og_locale":"de_DE","og_type":"article","og_title":"M\u00e4nner beim Flicken von Fischernetzen am Strand des Fischerdorfes Monterosso al Mare - Abisag T\u00fcllmann","og_description":"R\u00fcckseitenbeschriftung von Hand der Fotografin: &#8222;Italien, Cinque Terre&#8220;","og_url":"https:\/\/bpk-archive.de\/tuellmann\/produkt\/maenner-beim-flicken-von-fischernetzen-am-strand-des-fischerdorfes-monterosso-al-mare\/","og_site_name":"Abisag T\u00fcllmann","article_modified_time":"2019-09-05T14:09:35+00:00","og_image":[{"width":1200,"height":979,"url":"https:\/\/bpk-archive.de\/tuellmann\/wp-content\/uploads\/2019\/08\/bpk_70366579.jpg","type":"image\/jpeg"}],"twitter_card":"summary_large_image","schema":{"@context":"https:\/\/schema.org","@graph":[{"@type":"WebPage","@id":"https:\/\/bpk-archive.de\/tuellmann\/produkt\/maenner-beim-flicken-von-fischernetzen-am-strand-des-fischerdorfes-monterosso-al-mare\/","url":"https:\/\/bpk-archive.de\/tuellmann\/produkt\/maenner-beim-flicken-von-fischernetzen-am-strand-des-fischerdorfes-monterosso-al-mare\/","name":"M\u00e4nner beim Flicken von Fischernetzen am Strand des Fischerdorfes Monterosso al Mare - Abisag T\u00fcllmann","isPartOf":{"@id":"https:\/\/bpk-archive.de\/tuellmann\/#website"},"primaryImageOfPage":{"@id":"https:\/\/bpk-archive.de\/tuellmann\/produkt\/maenner-beim-flicken-von-fischernetzen-am-strand-des-fischerdorfes-monterosso-al-mare\/#primaryimage"},"image":{"@id":"https:\/\/bpk-archive.de\/tuellmann\/produkt\/maenner-beim-flicken-von-fischernetzen-am-strand-des-fischerdorfes-monterosso-al-mare\/#primaryimage"},"thumbnailUrl":"https:\/\/bpk-archive.de\/tuellmann\/wp-content\/uploads\/2019\/08\/bpk_70366579.jpg","datePublished":"2019-09-05T14:09:34+00:00","dateModified":"2019-09-05T14:09:35+00:00","breadcrumb":{"@id":"https:\/\/bpk-archive.de\/tuellmann\/produkt\/maenner-beim-flicken-von-fischernetzen-am-strand-des-fischerdorfes-monterosso-al-mare\/#breadcrumb"},"inLanguage":"de","potentialAction":[{"@type":"ReadAction","target":["https:\/\/bpk-archive.de\/tuellmann\/produkt\/maenner-beim-flicken-von-fischernetzen-am-strand-des-fischerdorfes-monterosso-al-mare\/"]}]},{"@type":"ImageObject","inLanguage":"de","@id":"https:\/\/bpk-archive.de\/tuellmann\/produkt\/maenner-beim-flicken-von-fischernetzen-am-strand-des-fischerdorfes-monterosso-al-mare\/#primaryimage","url":"https:\/\/bpk-archive.de\/tuellmann\/wp-content\/uploads\/2019\/08\/bpk_70366579.jpg","contentUrl":"https:\/\/bpk-archive.de\/tuellmann\/wp-content\/uploads\/2019\/08\/bpk_70366579.jpg","width":1200,"height":979,"caption":"M\u00e4nner beim Flicken von Fischernetzen am Strand des Fischerdorfes Monterosso al Mare"},{"@type":"BreadcrumbList","@id":"https:\/\/bpk-archive.de\/tuellmann\/produkt\/maenner-beim-flicken-von-fischernetzen-am-strand-des-fischerdorfes-monterosso-al-mare\/#breadcrumb","itemListElement":[{"@type":"ListItem","position":1,"name":"Startseite","item":"https:\/\/bpk-archive.de\/tuellmann\/"},{"@type":"ListItem","position":2,"name":"Shop","item":"https:\/\/bpk-archive.de\/tuellmann\/shop\/"},{"@type":"ListItem","position":3,"name":"M\u00e4nner beim Flicken von Fischernetzen am Strand des Fischerdorfes Monterosso al Mare"}]},{"@type":"WebSite","@id":"https:\/\/bpk-archive.de\/tuellmann\/#website","url":"https:\/\/bpk-archive.de\/tuellmann\/","name":"Abisag T\u00fcllmann","description":"Eine weitere WordPress-Website","potentialAction":[{"@type":"SearchAction","target":{"@type":"EntryPoint","urlTemplate":"https:\/\/bpk-archive.de\/tuellmann\/?s={search_term_string}"},"query-input":{"@type":"PropertyValueSpecification","valueRequired":true,"valueName":"search_term_string"}}],"inLanguage":"de"}]}},"_links":{"self":[{"href":"https:\/\/bpk-archive.de\/tuellmann\/wp-json\/wp\/v2\/product\/70296718","targetHints":{"allow":["GET"]}}],"collection":[{"href":"https:\/\/bpk-archive.de\/tuellmann\/wp-json\/wp\/v2\/product"}],"about":[{"href":"https:\/\/bpk-archive.de\/tuellmann\/wp-json\/wp\/v2\/types\/product"}],"wp:featuredmedia":[{"embeddable":true,"href":"https:\/\/bpk-archive.de\/tuellmann\/wp-json\/wp\/v2\/media\/70293535"}],"wp:attachment":[{"href":"https:\/\/bpk-archive.de\/tuellmann\/wp-json\/wp\/v2\/media?parent=70296718"}],"wp:term":[{"taxonomy":"product_brand","embeddable":true,"href":"https:\/\/bpk-archive.de\/tuellmann\/wp-json\/wp\/v2\/product_brand?post=70296718"},{"taxonomy":"product_cat","embeddable":true,"href":"https:\/\/bpk-archive.de\/tuellmann\/wp-json\/wp\/v2\/product_cat?post=70296718"},{"taxonomy":"product_tag","embeddable":true,"href":"https:\/\/bpk-archive.de\/tuellmann\/wp-json\/wp\/v2\/product_tag?post=70296718"}],"curies":[{"name":"wp","href":"https:\/\/api.w.org\/{rel}","templated":true}]}}