{"id":70296713,"date":"2019-09-05T16:09:17","date_gmt":"2019-09-05T14:09:17","guid":{"rendered":"http:\/\/abisagtuellmann.bpk-news.de\/atbild\/baeuerliches-paar-auf-einem-pferdefuhrwerk-in-sizilien\/"},"modified":"2019-09-05T16:09:28","modified_gmt":"2019-09-05T14:09:28","slug":"baeuerliches-paar-auf-einem-pferdefuhrwerk-in-sizilien","status":"publish","type":"product","link":"https:\/\/bpk-archive.de\/tuellmann\/produkt\/baeuerliches-paar-auf-einem-pferdefuhrwerk-in-sizilien\/","title":{"rendered":"B\u00e4uerliches Paar auf einem Pferdefuhrwerk in Sizilien"},"content":{"rendered":"<p>R\u00fcckseitenbeschriftung von Hand der Fotografin: &#8222;Sizilien&#8220;<\/p>\n","protected":false},"excerpt":{"rendered":"<p>R\u00fcckseitenbeschriftung von Hand der Fotografin: &#8222;Sizilien&#8220;<\/p>\n","protected":false},"featured_media":70293558,"template":"","meta":[],"product_brand":[],"product_cat":[],"product_tag":[13774,13232,13234,13231,13233,13775,14271,13777,47541,47542,47543,47544,47545,47546,47418,47419,47420,47421,47422,47423,47424,59907,13250,47796,47797,13253,13254,13255,13256,13257,13260,47632,47635,47636,47637,47638,48211,48212,48213,48214,48215,48216,13293,13786,13787,13294,13295,13296,13297,56925,56926,13301,51508,51509,51510,51511,51512,51513,51514,51515,51516,47814,47815,52052,52053,47816,47817,51518,51519,51520,51521,51522,60360,51523,51524,56933,56934,56935,56936,56937,56939,56940,56941,13328,13827,13828,13329,13330,13331,13332,13843,56942,56943,13877,13879,13865,13864,13866,13858,13859,13860,13861,13862,13863,13867,13869,13870,13871,13872,14243,14244,14245,14246,14247,14248,14249,60683,60684,60685,60686,60687,60688,60689,60690,60691,47408,47409,51537,51538,51539,51540,51541,51542,51543,51544,57745,57746,57749,57750,60692,60693,57751,57752,13878,13880,55241,49504,49505,49506,49507,49508,49509,50523,50524],"class_list":{"0":"post-70296713","1":"product","2":"type-product","3":"status-publish","4":"has-post-thumbnail","6":"product_tag-1960er-jahre","7":"product_tag-20-jahrhundert-nach-chr","8":"product_tag-20-jh-n-chr","9":"product_tag-20-jahrhundert","10":"product_tag-20-jh","11":"product_tag-60er","12":"product_tag-abt_009","13":"product_tag-abzug","14":"product_tag-alltag","15":"product_tag-alltaeglich","16":"product_tag-alltaegliche","17":"product_tag-alltaeglicher","18":"product_tag-alltaegliches","19":"product_tag-alltagsleben","20":"product_tag-alt","21":"product_tag-alte","22":"product_tag-alten","23":"product_tag-alter","24":"product_tag-aeltere","25":"product_tag-aelterer","26":"product_tag-altes","27":"product_tag-at_italien","28":"product_tag-aussen","29":"product_tag-bauer","30":"product_tag-bauern","31":"product_tag-deutsch","32":"product_tag-deutsche","33":"product_tag-deutschen","34":"product_tag-deutscher","35":"product_tag-deutsches","36":"product_tag-draussen","37":"product_tag-eheleute","38":"product_tag-ehepaar","39":"product_tag-ehepaare","40":"product_tag-ehepaares","41":"product_tag-ehepaars","42":"product_tag-fahren","43":"product_tag-fahrend","44":"product_tag-fahrende","45":"product_tag-fahrender","46":"product_tag-fahrendes","47":"product_tag-faehrt","48":"product_tag-foto","49":"product_tag-fotoabzug","50":"product_tag-fotoabzuege","51":"product_tag-fotografie","52":"product_tag-fotografien","53":"product_tag-fotografin","54":"product_tag-fotografinnen","55":"product_tag-fuhrwerk","56":"product_tag-fuhrwerke","57":"product_tag-im-freien","58":"product_tag-italien","59":"product_tag-italiener","60":"product_tag-italienern","61":"product_tag-italienisch","62":"product_tag-italienische","63":"product_tag-italienischen","64":"product_tag-italienischer","65":"product_tag-italienisches","66":"product_tag-italiens","67":"product_tag-landleben","68":"product_tag-landlebens","69":"product_tag-landstrasse","70":"product_tag-landstrassen","71":"product_tag-landwirt","72":"product_tag-landwirte","73":"product_tag-mediterran","74":"product_tag-mediterrane","75":"product_tag-mediterranen","76":"product_tag-mediterraner","77":"product_tag-mediterranes","78":"product_tag-mittelmeer","79":"product_tag-mittelmeerland","80":"product_tag-mittelmeerlaender","81":"product_tag-pferd","82":"product_tag-pferde","83":"product_tag-pferdefuhrwerk","84":"product_tag-pferdefuhrwerke","85":"product_tag-pferdefuhrwerken","86":"product_tag-pferden","87":"product_tag-pferdes","88":"product_tag-pferdewagen","89":"product_tag-photo","90":"product_tag-photoabzug","91":"product_tag-photoabzuege","92":"product_tag-photographie","93":"product_tag-photographien","94":"product_tag-photographin","95":"product_tag-photographinnen","96":"product_tag-print","97":"product_tag-ross","98":"product_tag-rosse","99":"product_tag-s-w-fotografie","100":"product_tag-s-w-photographie","101":"product_tag-schwarzweissphotographie","102":"product_tag-schwarz-weiss-fotografie","103":"product_tag-schwarz-weiss-photographie","104":"product_tag-schwarzweiss","105":"product_tag-schwarzweisse","106":"product_tag-schwarzweissen","107":"product_tag-schwarzweisser","108":"product_tag-schwarzweisses","109":"product_tag-schwarzweissfotografie","110":"product_tag-sechziger","111":"product_tag-silbergelatine","112":"product_tag-silbergelatineabzug","113":"product_tag-silbergelatineabzuege","114":"product_tag-silbergelatineprint","115":"product_tag-sitzen","116":"product_tag-sitzend","117":"product_tag-sitzende","118":"product_tag-sitzenden","119":"product_tag-sitzender","120":"product_tag-sitzendes","121":"product_tag-sitzt","122":"product_tag-sizilianer","123":"product_tag-sizilianerin","124":"product_tag-sizilianerinnen","125":"product_tag-sizilianisch","126":"product_tag-sizilianische","127":"product_tag-sizilianischen","128":"product_tag-sizilianischer","129":"product_tag-sizilianisches","130":"product_tag-sizilien","131":"product_tag-strassenleben","132":"product_tag-strassenszene","133":"product_tag-suedeuropa","134":"product_tag-suedeuropaeer","135":"product_tag-suedeuropaeisch","136":"product_tag-suedeuropaeische","137":"product_tag-suedeuropaeischem","138":"product_tag-suedeuropaeischen","139":"product_tag-suedeuropaeischer","140":"product_tag-suedeuropaeisches","141":"product_tag-sueditalien","142":"product_tag-sueditaliener","143":"product_tag-sueditalienisch","144":"product_tag-sueditalienische","145":"product_tag-sueditalienischem","146":"product_tag-sueditalienischen","147":"product_tag-sueditalienischer","148":"product_tag-sueditalienisches","149":"product_tag-sw-fotografie","150":"product_tag-sw-photographie","151":"product_tag-tradition","152":"product_tag-traditionell","153":"product_tag-traditionelle","154":"product_tag-traditionellem","155":"product_tag-traditionellen","156":"product_tag-traditioneller","157":"product_tag-traditionelles","158":"product_tag-wagen","159":"product_tag-wagens","160":"pa_datierung-september-1964","161":"pa_fotograf-abisag-tuellmann","162":"pa_geografischer_bezug-aufnahmeort-sizilien-italien","163":"pa_grunddaten_material_technik-foto-silbergelatine-auf-barytpapier","164":"pa_inventarnummer-tue-64-126-31","165":"pa_jahr_von-13885","166":"pa_massangaben-bildformat-foto-232-x-296-cm","167":"pa_mediennummer-64692","168":"pa_objekt_typ-fotografie","170":"first","171":"instock","172":"product-type-simple"},"yoast_head":"<!-- This site is optimized with the Yoast SEO plugin v27.3 - https:\/\/yoast.com\/product\/yoast-seo-wordpress\/ -->\n<title>B\u00e4uerliches Paar auf einem Pferdefuhrwerk in Sizilien - Abisag T\u00fcllmann<\/title>\n<meta name=\"robots\" content=\"index, follow, max-snippet:-1, max-image-preview:large, max-video-preview:-1\" \/>\n<link rel=\"canonical\" href=\"https:\/\/bpk-archive.de\/tuellmann\/produkt\/baeuerliches-paar-auf-einem-pferdefuhrwerk-in-sizilien\/\" \/>\n<meta property=\"og:locale\" content=\"de_DE\" \/>\n<meta property=\"og:type\" content=\"article\" \/>\n<meta property=\"og:title\" content=\"B\u00e4uerliches Paar auf einem Pferdefuhrwerk in Sizilien - Abisag T\u00fcllmann\" \/>\n<meta property=\"og:description\" content=\"R\u00fcckseitenbeschriftung von Hand der Fotografin: &#8222;Sizilien&#8220;\" \/>\n<meta property=\"og:url\" content=\"https:\/\/bpk-archive.de\/tuellmann\/produkt\/baeuerliches-paar-auf-einem-pferdefuhrwerk-in-sizilien\/\" \/>\n<meta property=\"og:site_name\" content=\"Abisag T\u00fcllmann\" \/>\n<meta property=\"article:modified_time\" content=\"2019-09-05T14:09:28+00:00\" \/>\n<meta property=\"og:image\" content=\"https:\/\/bpk-archive.de\/tuellmann\/wp-content\/uploads\/2019\/08\/bpk_70366588.jpg\" \/>\n\t<meta property=\"og:image:width\" content=\"1200\" \/>\n\t<meta property=\"og:image:height\" content=\"957\" \/>\n\t<meta property=\"og:image:type\" content=\"image\/jpeg\" \/>\n<meta name=\"twitter:card\" content=\"summary_large_image\" \/>\n<script type=\"application\/ld+json\" class=\"yoast-schema-graph\">{\"@context\":\"https:\\\/\\\/schema.org\",\"@graph\":[{\"@type\":\"WebPage\",\"@id\":\"https:\\\/\\\/bpk-archive.de\\\/tuellmann\\\/produkt\\\/baeuerliches-paar-auf-einem-pferdefuhrwerk-in-sizilien\\\/\",\"url\":\"https:\\\/\\\/bpk-archive.de\\\/tuellmann\\\/produkt\\\/baeuerliches-paar-auf-einem-pferdefuhrwerk-in-sizilien\\\/\",\"name\":\"B\u00e4uerliches Paar auf einem Pferdefuhrwerk in Sizilien - Abisag T\u00fcllmann\",\"isPartOf\":{\"@id\":\"https:\\\/\\\/bpk-archive.de\\\/tuellmann\\\/#website\"},\"primaryImageOfPage\":{\"@id\":\"https:\\\/\\\/bpk-archive.de\\\/tuellmann\\\/produkt\\\/baeuerliches-paar-auf-einem-pferdefuhrwerk-in-sizilien\\\/#primaryimage\"},\"image\":{\"@id\":\"https:\\\/\\\/bpk-archive.de\\\/tuellmann\\\/produkt\\\/baeuerliches-paar-auf-einem-pferdefuhrwerk-in-sizilien\\\/#primaryimage\"},\"thumbnailUrl\":\"https:\\\/\\\/bpk-archive.de\\\/tuellmann\\\/wp-content\\\/uploads\\\/2019\\\/08\\\/bpk_70366588.jpg\",\"datePublished\":\"2019-09-05T14:09:17+00:00\",\"dateModified\":\"2019-09-05T14:09:28+00:00\",\"breadcrumb\":{\"@id\":\"https:\\\/\\\/bpk-archive.de\\\/tuellmann\\\/produkt\\\/baeuerliches-paar-auf-einem-pferdefuhrwerk-in-sizilien\\\/#breadcrumb\"},\"inLanguage\":\"de\",\"potentialAction\":[{\"@type\":\"ReadAction\",\"target\":[\"https:\\\/\\\/bpk-archive.de\\\/tuellmann\\\/produkt\\\/baeuerliches-paar-auf-einem-pferdefuhrwerk-in-sizilien\\\/\"]}]},{\"@type\":\"ImageObject\",\"inLanguage\":\"de\",\"@id\":\"https:\\\/\\\/bpk-archive.de\\\/tuellmann\\\/produkt\\\/baeuerliches-paar-auf-einem-pferdefuhrwerk-in-sizilien\\\/#primaryimage\",\"url\":\"https:\\\/\\\/bpk-archive.de\\\/tuellmann\\\/wp-content\\\/uploads\\\/2019\\\/08\\\/bpk_70366588.jpg\",\"contentUrl\":\"https:\\\/\\\/bpk-archive.de\\\/tuellmann\\\/wp-content\\\/uploads\\\/2019\\\/08\\\/bpk_70366588.jpg\",\"width\":1200,\"height\":957,\"caption\":\"B\u00e4uerliches Paar auf einem Pferdefuhrwerk in Sizilien\"},{\"@type\":\"BreadcrumbList\",\"@id\":\"https:\\\/\\\/bpk-archive.de\\\/tuellmann\\\/produkt\\\/baeuerliches-paar-auf-einem-pferdefuhrwerk-in-sizilien\\\/#breadcrumb\",\"itemListElement\":[{\"@type\":\"ListItem\",\"position\":1,\"name\":\"Startseite\",\"item\":\"https:\\\/\\\/bpk-archive.de\\\/tuellmann\\\/\"},{\"@type\":\"ListItem\",\"position\":2,\"name\":\"Shop\",\"item\":\"https:\\\/\\\/bpk-archive.de\\\/tuellmann\\\/shop\\\/\"},{\"@type\":\"ListItem\",\"position\":3,\"name\":\"B\u00e4uerliches Paar auf einem Pferdefuhrwerk in Sizilien\"}]},{\"@type\":\"WebSite\",\"@id\":\"https:\\\/\\\/bpk-archive.de\\\/tuellmann\\\/#website\",\"url\":\"https:\\\/\\\/bpk-archive.de\\\/tuellmann\\\/\",\"name\":\"Abisag T\u00fcllmann\",\"description\":\"Eine weitere WordPress-Website\",\"potentialAction\":[{\"@type\":\"SearchAction\",\"target\":{\"@type\":\"EntryPoint\",\"urlTemplate\":\"https:\\\/\\\/bpk-archive.de\\\/tuellmann\\\/?s={search_term_string}\"},\"query-input\":{\"@type\":\"PropertyValueSpecification\",\"valueRequired\":true,\"valueName\":\"search_term_string\"}}],\"inLanguage\":\"de\"}]}<\/script>\n<!-- \/ Yoast SEO plugin. -->","yoast_head_json":{"title":"B\u00e4uerliches Paar auf einem Pferdefuhrwerk in Sizilien - Abisag T\u00fcllmann","robots":{"index":"index","follow":"follow","max-snippet":"max-snippet:-1","max-image-preview":"max-image-preview:large","max-video-preview":"max-video-preview:-1"},"canonical":"https:\/\/bpk-archive.de\/tuellmann\/produkt\/baeuerliches-paar-auf-einem-pferdefuhrwerk-in-sizilien\/","og_locale":"de_DE","og_type":"article","og_title":"B\u00e4uerliches Paar auf einem Pferdefuhrwerk in Sizilien - Abisag T\u00fcllmann","og_description":"R\u00fcckseitenbeschriftung von Hand der Fotografin: &#8222;Sizilien&#8220;","og_url":"https:\/\/bpk-archive.de\/tuellmann\/produkt\/baeuerliches-paar-auf-einem-pferdefuhrwerk-in-sizilien\/","og_site_name":"Abisag T\u00fcllmann","article_modified_time":"2019-09-05T14:09:28+00:00","og_image":[{"width":1200,"height":957,"url":"https:\/\/bpk-archive.de\/tuellmann\/wp-content\/uploads\/2019\/08\/bpk_70366588.jpg","type":"image\/jpeg"}],"twitter_card":"summary_large_image","schema":{"@context":"https:\/\/schema.org","@graph":[{"@type":"WebPage","@id":"https:\/\/bpk-archive.de\/tuellmann\/produkt\/baeuerliches-paar-auf-einem-pferdefuhrwerk-in-sizilien\/","url":"https:\/\/bpk-archive.de\/tuellmann\/produkt\/baeuerliches-paar-auf-einem-pferdefuhrwerk-in-sizilien\/","name":"B\u00e4uerliches Paar auf einem Pferdefuhrwerk in Sizilien - Abisag T\u00fcllmann","isPartOf":{"@id":"https:\/\/bpk-archive.de\/tuellmann\/#website"},"primaryImageOfPage":{"@id":"https:\/\/bpk-archive.de\/tuellmann\/produkt\/baeuerliches-paar-auf-einem-pferdefuhrwerk-in-sizilien\/#primaryimage"},"image":{"@id":"https:\/\/bpk-archive.de\/tuellmann\/produkt\/baeuerliches-paar-auf-einem-pferdefuhrwerk-in-sizilien\/#primaryimage"},"thumbnailUrl":"https:\/\/bpk-archive.de\/tuellmann\/wp-content\/uploads\/2019\/08\/bpk_70366588.jpg","datePublished":"2019-09-05T14:09:17+00:00","dateModified":"2019-09-05T14:09:28+00:00","breadcrumb":{"@id":"https:\/\/bpk-archive.de\/tuellmann\/produkt\/baeuerliches-paar-auf-einem-pferdefuhrwerk-in-sizilien\/#breadcrumb"},"inLanguage":"de","potentialAction":[{"@type":"ReadAction","target":["https:\/\/bpk-archive.de\/tuellmann\/produkt\/baeuerliches-paar-auf-einem-pferdefuhrwerk-in-sizilien\/"]}]},{"@type":"ImageObject","inLanguage":"de","@id":"https:\/\/bpk-archive.de\/tuellmann\/produkt\/baeuerliches-paar-auf-einem-pferdefuhrwerk-in-sizilien\/#primaryimage","url":"https:\/\/bpk-archive.de\/tuellmann\/wp-content\/uploads\/2019\/08\/bpk_70366588.jpg","contentUrl":"https:\/\/bpk-archive.de\/tuellmann\/wp-content\/uploads\/2019\/08\/bpk_70366588.jpg","width":1200,"height":957,"caption":"B\u00e4uerliches Paar auf einem Pferdefuhrwerk in Sizilien"},{"@type":"BreadcrumbList","@id":"https:\/\/bpk-archive.de\/tuellmann\/produkt\/baeuerliches-paar-auf-einem-pferdefuhrwerk-in-sizilien\/#breadcrumb","itemListElement":[{"@type":"ListItem","position":1,"name":"Startseite","item":"https:\/\/bpk-archive.de\/tuellmann\/"},{"@type":"ListItem","position":2,"name":"Shop","item":"https:\/\/bpk-archive.de\/tuellmann\/shop\/"},{"@type":"ListItem","position":3,"name":"B\u00e4uerliches Paar auf einem Pferdefuhrwerk in Sizilien"}]},{"@type":"WebSite","@id":"https:\/\/bpk-archive.de\/tuellmann\/#website","url":"https:\/\/bpk-archive.de\/tuellmann\/","name":"Abisag T\u00fcllmann","description":"Eine weitere WordPress-Website","potentialAction":[{"@type":"SearchAction","target":{"@type":"EntryPoint","urlTemplate":"https:\/\/bpk-archive.de\/tuellmann\/?s={search_term_string}"},"query-input":{"@type":"PropertyValueSpecification","valueRequired":true,"valueName":"search_term_string"}}],"inLanguage":"de"}]}},"_links":{"self":[{"href":"https:\/\/bpk-archive.de\/tuellmann\/wp-json\/wp\/v2\/product\/70296713","targetHints":{"allow":["GET"]}}],"collection":[{"href":"https:\/\/bpk-archive.de\/tuellmann\/wp-json\/wp\/v2\/product"}],"about":[{"href":"https:\/\/bpk-archive.de\/tuellmann\/wp-json\/wp\/v2\/types\/product"}],"wp:featuredmedia":[{"embeddable":true,"href":"https:\/\/bpk-archive.de\/tuellmann\/wp-json\/wp\/v2\/media\/70293558"}],"wp:attachment":[{"href":"https:\/\/bpk-archive.de\/tuellmann\/wp-json\/wp\/v2\/media?parent=70296713"}],"wp:term":[{"taxonomy":"product_brand","embeddable":true,"href":"https:\/\/bpk-archive.de\/tuellmann\/wp-json\/wp\/v2\/product_brand?post=70296713"},{"taxonomy":"product_cat","embeddable":true,"href":"https:\/\/bpk-archive.de\/tuellmann\/wp-json\/wp\/v2\/product_cat?post=70296713"},{"taxonomy":"product_tag","embeddable":true,"href":"https:\/\/bpk-archive.de\/tuellmann\/wp-json\/wp\/v2\/product_tag?post=70296713"}],"curies":[{"name":"wp","href":"https:\/\/api.w.org\/{rel}","templated":true}]}}