{"id":70296702,"date":"2019-09-05T16:09:17","date_gmt":"2019-09-05T14:09:17","guid":{"rendered":"http:\/\/abisagtuellmann.bpk-news.de\/atbild\/entlassung-eines-haeftlings-2\/"},"modified":"2019-09-05T16:09:21","modified_gmt":"2019-09-05T14:09:21","slug":"entlassung-eines-haeftlings-2","status":"publish","type":"product","link":"https:\/\/bpk-archive.de\/tuellmann\/produkt\/entlassung-eines-haeftlings-2\/","title":{"rendered":"Entlassung eines H\u00e4ftlings"},"content":{"rendered":"<p>Auftrag f\u00fcr &#8222;Pardon&#8220;<\/p>\n","protected":false},"excerpt":{"rendered":"<p>Auftrag f\u00fcr &#8222;Pardon&#8220;<\/p>\n","protected":false},"featured_media":70293396,"template":"","meta":[],"product_brand":[],"product_cat":[],"product_tag":[13230,13232,13234,13231,13233,13235,14262,13777,14263,50314,64411,64412,64413,54747,53967,13469,13470,47881,47882,54618,13253,13254,13255,13256,13257,13471,13472,50315,13473,64482,64483,13293,13786,13787,13294,13295,13296,13297,51505,47930,47931,47932,47934,47579,47580,47581,47582,54052,54053,54054,13492,13493,13494,13495,13496,13497,13498,47589,47590,13818,13819,13826,13328,13827,13828,13329,13330,13331,13332,13843,47594,47595,13877,13879,49423,49424,49425,49426,13865,13864,13866,13858,13859,13860,13861,13862,13863,13354,13869,13870,13871,13872,14243,14244,14245,14246,14247,14248,14249,13878,13880,47615,13525,51057,51058,51059,51060,63159,63160,47359],"class_list":{"0":"post-70296702","1":"product","2":"type-product","3":"status-publish","4":"has-post-thumbnail","6":"product_tag-1970er-jahre","7":"product_tag-20-jahrhundert-nach-chr","8":"product_tag-20-jh-n-chr","9":"product_tag-20-jahrhundert","10":"product_tag-20-jh","11":"product_tag-70er","12":"product_tag-abt_008","13":"product_tag-abzug","14":"product_tag-at_arbeit","15":"product_tag-aufsicht","16":"product_tag-beamte","17":"product_tag-beamten","18":"product_tag-beamter","19":"product_tag-beratung","20":"product_tag-bilderstrecke","21":"product_tag-brd","22":"product_tag-bundesrepublik-deutschland","23":"product_tag-bureau","24":"product_tag-buero","25":"product_tag-buerokratie","26":"product_tag-deutsch","27":"product_tag-deutsche","28":"product_tag-deutschen","29":"product_tag-deutscher","30":"product_tag-deutsches","31":"product_tag-deutschland","32":"product_tag-deutschlands","33":"product_tag-draufsicht","34":"product_tag-drinnen","35":"product_tag-entlassung","36":"product_tag-entlassungen","37":"product_tag-foto","38":"product_tag-fotoabzug","39":"product_tag-fotoabzuege","40":"product_tag-fotografie","41":"product_tag-fotografien","42":"product_tag-fotografin","43":"product_tag-fotografinnen","44":"product_tag-fotostrecke","45":"product_tag-gefangen","46":"product_tag-gefangene","47":"product_tag-gefangenen","48":"product_tag-gefangener","49":"product_tag-gespraech","50":"product_tag-gespraeche","51":"product_tag-gespraeches","52":"product_tag-gespraechs","53":"product_tag-haeftling","54":"product_tag-haeftlinge","55":"product_tag-haeftlingen","56":"product_tag-hessen","57":"product_tag-hessisch","58":"product_tag-hessische","59":"product_tag-hessischen","60":"product_tag-hessischer","61":"product_tag-hessisches","62":"product_tag-innen","63":"product_tag-konversation","64":"product_tag-konversationen","65":"product_tag-mann","66":"product_tag-maenner","67":"product_tag-mannes","68":"product_tag-photo","69":"product_tag-photoabzug","70":"product_tag-photoabzuege","71":"product_tag-photographie","72":"product_tag-photographien","73":"product_tag-photographin","74":"product_tag-photographinnen","75":"product_tag-print","76":"product_tag-rueckansicht","77":"product_tag-rueckseite","78":"product_tag-s-w-fotografie","79":"product_tag-s-w-photographie","80":"product_tag-schreibtisch","81":"product_tag-schreibtische","82":"product_tag-schreibtisches","83":"product_tag-schreibtischs","84":"product_tag-schwarzweissphotographie","85":"product_tag-schwarz-weiss-fotografie","86":"product_tag-schwarz-weiss-photographie","87":"product_tag-schwarzweiss","88":"product_tag-schwarzweisse","89":"product_tag-schwarzweissen","90":"product_tag-schwarzweisser","91":"product_tag-schwarzweisses","92":"product_tag-schwarzweissfotografie","93":"product_tag-siebziger","94":"product_tag-silbergelatine","95":"product_tag-silbergelatineabzug","96":"product_tag-silbergelatineabzuege","97":"product_tag-silbergelatineprint","98":"product_tag-sitzen","99":"product_tag-sitzend","100":"product_tag-sitzende","101":"product_tag-sitzenden","102":"product_tag-sitzender","103":"product_tag-sitzendes","104":"product_tag-sitzt","105":"product_tag-sw-fotografie","106":"product_tag-sw-photographie","107":"product_tag-von-hinten","108":"product_tag-von-innen","109":"product_tag-von-vorn","110":"product_tag-von-vorne","111":"product_tag-vorderansicht","112":"product_tag-vorderseite","113":"product_tag-wiesbaden","114":"product_tag-wiesbadener","115":"product_tag-zwei","116":"pa_datierung-dezember-1970","117":"pa_fotograf-abisag-tuellmann","118":"pa_geografischer_bezug-aufnahmeort-wiesbaden-deutschland","119":"pa_grunddaten_material_technik-foto-silbergelatine-auf-barytpapier","120":"pa_inventarnummer-tue-70-310-17a","121":"pa_jahr_von-53324","122":"pa_massangaben-bildformat-foto-237-x-294-cm","123":"pa_mediennummer-64626","124":"pa_objekt_typ-fotografie","126":"first","127":"instock","128":"product-type-simple"},"yoast_head":"<!-- This site is optimized with the Yoast SEO plugin v27.3 - https:\/\/yoast.com\/product\/yoast-seo-wordpress\/ -->\n<title>Entlassung eines H\u00e4ftlings - Abisag T\u00fcllmann<\/title>\n<meta name=\"robots\" content=\"index, follow, max-snippet:-1, max-image-preview:large, max-video-preview:-1\" \/>\n<link rel=\"canonical\" href=\"https:\/\/bpk-archive.de\/tuellmann\/produkt\/entlassung-eines-haeftlings-2\/\" \/>\n<meta property=\"og:locale\" content=\"de_DE\" \/>\n<meta property=\"og:type\" content=\"article\" \/>\n<meta property=\"og:title\" content=\"Entlassung eines H\u00e4ftlings - Abisag T\u00fcllmann\" \/>\n<meta property=\"og:description\" content=\"Auftrag f\u00fcr &#8222;Pardon&#8220;\" \/>\n<meta property=\"og:url\" content=\"https:\/\/bpk-archive.de\/tuellmann\/produkt\/entlassung-eines-haeftlings-2\/\" \/>\n<meta property=\"og:site_name\" content=\"Abisag T\u00fcllmann\" \/>\n<meta property=\"article:modified_time\" content=\"2019-09-05T14:09:21+00:00\" \/>\n<meta property=\"og:image\" content=\"https:\/\/bpk-archive.de\/tuellmann\/wp-content\/uploads\/2019\/08\/bpk_70366491.jpg\" \/>\n\t<meta property=\"og:image:width\" content=\"1200\" \/>\n\t<meta property=\"og:image:height\" content=\"977\" \/>\n\t<meta property=\"og:image:type\" content=\"image\/jpeg\" \/>\n<meta name=\"twitter:card\" content=\"summary_large_image\" \/>\n<script type=\"application\/ld+json\" class=\"yoast-schema-graph\">{\"@context\":\"https:\\\/\\\/schema.org\",\"@graph\":[{\"@type\":\"WebPage\",\"@id\":\"https:\\\/\\\/bpk-archive.de\\\/tuellmann\\\/produkt\\\/entlassung-eines-haeftlings-2\\\/\",\"url\":\"https:\\\/\\\/bpk-archive.de\\\/tuellmann\\\/produkt\\\/entlassung-eines-haeftlings-2\\\/\",\"name\":\"Entlassung eines H\u00e4ftlings - Abisag T\u00fcllmann\",\"isPartOf\":{\"@id\":\"https:\\\/\\\/bpk-archive.de\\\/tuellmann\\\/#website\"},\"primaryImageOfPage\":{\"@id\":\"https:\\\/\\\/bpk-archive.de\\\/tuellmann\\\/produkt\\\/entlassung-eines-haeftlings-2\\\/#primaryimage\"},\"image\":{\"@id\":\"https:\\\/\\\/bpk-archive.de\\\/tuellmann\\\/produkt\\\/entlassung-eines-haeftlings-2\\\/#primaryimage\"},\"thumbnailUrl\":\"https:\\\/\\\/bpk-archive.de\\\/tuellmann\\\/wp-content\\\/uploads\\\/2019\\\/08\\\/bpk_70366491.jpg\",\"datePublished\":\"2019-09-05T14:09:17+00:00\",\"dateModified\":\"2019-09-05T14:09:21+00:00\",\"breadcrumb\":{\"@id\":\"https:\\\/\\\/bpk-archive.de\\\/tuellmann\\\/produkt\\\/entlassung-eines-haeftlings-2\\\/#breadcrumb\"},\"inLanguage\":\"de\",\"potentialAction\":[{\"@type\":\"ReadAction\",\"target\":[\"https:\\\/\\\/bpk-archive.de\\\/tuellmann\\\/produkt\\\/entlassung-eines-haeftlings-2\\\/\"]}]},{\"@type\":\"ImageObject\",\"inLanguage\":\"de\",\"@id\":\"https:\\\/\\\/bpk-archive.de\\\/tuellmann\\\/produkt\\\/entlassung-eines-haeftlings-2\\\/#primaryimage\",\"url\":\"https:\\\/\\\/bpk-archive.de\\\/tuellmann\\\/wp-content\\\/uploads\\\/2019\\\/08\\\/bpk_70366491.jpg\",\"contentUrl\":\"https:\\\/\\\/bpk-archive.de\\\/tuellmann\\\/wp-content\\\/uploads\\\/2019\\\/08\\\/bpk_70366491.jpg\",\"width\":1200,\"height\":977,\"caption\":\"Entlassung eines H\u00e4ftlings\"},{\"@type\":\"BreadcrumbList\",\"@id\":\"https:\\\/\\\/bpk-archive.de\\\/tuellmann\\\/produkt\\\/entlassung-eines-haeftlings-2\\\/#breadcrumb\",\"itemListElement\":[{\"@type\":\"ListItem\",\"position\":1,\"name\":\"Startseite\",\"item\":\"https:\\\/\\\/bpk-archive.de\\\/tuellmann\\\/\"},{\"@type\":\"ListItem\",\"position\":2,\"name\":\"Shop\",\"item\":\"https:\\\/\\\/bpk-archive.de\\\/tuellmann\\\/shop\\\/\"},{\"@type\":\"ListItem\",\"position\":3,\"name\":\"Entlassung eines H\u00e4ftlings\"}]},{\"@type\":\"WebSite\",\"@id\":\"https:\\\/\\\/bpk-archive.de\\\/tuellmann\\\/#website\",\"url\":\"https:\\\/\\\/bpk-archive.de\\\/tuellmann\\\/\",\"name\":\"Abisag T\u00fcllmann\",\"description\":\"Eine weitere WordPress-Website\",\"potentialAction\":[{\"@type\":\"SearchAction\",\"target\":{\"@type\":\"EntryPoint\",\"urlTemplate\":\"https:\\\/\\\/bpk-archive.de\\\/tuellmann\\\/?s={search_term_string}\"},\"query-input\":{\"@type\":\"PropertyValueSpecification\",\"valueRequired\":true,\"valueName\":\"search_term_string\"}}],\"inLanguage\":\"de\"}]}<\/script>\n<!-- \/ Yoast SEO plugin. -->","yoast_head_json":{"title":"Entlassung eines H\u00e4ftlings - Abisag T\u00fcllmann","robots":{"index":"index","follow":"follow","max-snippet":"max-snippet:-1","max-image-preview":"max-image-preview:large","max-video-preview":"max-video-preview:-1"},"canonical":"https:\/\/bpk-archive.de\/tuellmann\/produkt\/entlassung-eines-haeftlings-2\/","og_locale":"de_DE","og_type":"article","og_title":"Entlassung eines H\u00e4ftlings - Abisag T\u00fcllmann","og_description":"Auftrag f\u00fcr &#8222;Pardon&#8220;","og_url":"https:\/\/bpk-archive.de\/tuellmann\/produkt\/entlassung-eines-haeftlings-2\/","og_site_name":"Abisag T\u00fcllmann","article_modified_time":"2019-09-05T14:09:21+00:00","og_image":[{"width":1200,"height":977,"url":"https:\/\/bpk-archive.de\/tuellmann\/wp-content\/uploads\/2019\/08\/bpk_70366491.jpg","type":"image\/jpeg"}],"twitter_card":"summary_large_image","schema":{"@context":"https:\/\/schema.org","@graph":[{"@type":"WebPage","@id":"https:\/\/bpk-archive.de\/tuellmann\/produkt\/entlassung-eines-haeftlings-2\/","url":"https:\/\/bpk-archive.de\/tuellmann\/produkt\/entlassung-eines-haeftlings-2\/","name":"Entlassung eines H\u00e4ftlings - Abisag T\u00fcllmann","isPartOf":{"@id":"https:\/\/bpk-archive.de\/tuellmann\/#website"},"primaryImageOfPage":{"@id":"https:\/\/bpk-archive.de\/tuellmann\/produkt\/entlassung-eines-haeftlings-2\/#primaryimage"},"image":{"@id":"https:\/\/bpk-archive.de\/tuellmann\/produkt\/entlassung-eines-haeftlings-2\/#primaryimage"},"thumbnailUrl":"https:\/\/bpk-archive.de\/tuellmann\/wp-content\/uploads\/2019\/08\/bpk_70366491.jpg","datePublished":"2019-09-05T14:09:17+00:00","dateModified":"2019-09-05T14:09:21+00:00","breadcrumb":{"@id":"https:\/\/bpk-archive.de\/tuellmann\/produkt\/entlassung-eines-haeftlings-2\/#breadcrumb"},"inLanguage":"de","potentialAction":[{"@type":"ReadAction","target":["https:\/\/bpk-archive.de\/tuellmann\/produkt\/entlassung-eines-haeftlings-2\/"]}]},{"@type":"ImageObject","inLanguage":"de","@id":"https:\/\/bpk-archive.de\/tuellmann\/produkt\/entlassung-eines-haeftlings-2\/#primaryimage","url":"https:\/\/bpk-archive.de\/tuellmann\/wp-content\/uploads\/2019\/08\/bpk_70366491.jpg","contentUrl":"https:\/\/bpk-archive.de\/tuellmann\/wp-content\/uploads\/2019\/08\/bpk_70366491.jpg","width":1200,"height":977,"caption":"Entlassung eines H\u00e4ftlings"},{"@type":"BreadcrumbList","@id":"https:\/\/bpk-archive.de\/tuellmann\/produkt\/entlassung-eines-haeftlings-2\/#breadcrumb","itemListElement":[{"@type":"ListItem","position":1,"name":"Startseite","item":"https:\/\/bpk-archive.de\/tuellmann\/"},{"@type":"ListItem","position":2,"name":"Shop","item":"https:\/\/bpk-archive.de\/tuellmann\/shop\/"},{"@type":"ListItem","position":3,"name":"Entlassung eines H\u00e4ftlings"}]},{"@type":"WebSite","@id":"https:\/\/bpk-archive.de\/tuellmann\/#website","url":"https:\/\/bpk-archive.de\/tuellmann\/","name":"Abisag T\u00fcllmann","description":"Eine weitere WordPress-Website","potentialAction":[{"@type":"SearchAction","target":{"@type":"EntryPoint","urlTemplate":"https:\/\/bpk-archive.de\/tuellmann\/?s={search_term_string}"},"query-input":{"@type":"PropertyValueSpecification","valueRequired":true,"valueName":"search_term_string"}}],"inLanguage":"de"}]}},"_links":{"self":[{"href":"https:\/\/bpk-archive.de\/tuellmann\/wp-json\/wp\/v2\/product\/70296702","targetHints":{"allow":["GET"]}}],"collection":[{"href":"https:\/\/bpk-archive.de\/tuellmann\/wp-json\/wp\/v2\/product"}],"about":[{"href":"https:\/\/bpk-archive.de\/tuellmann\/wp-json\/wp\/v2\/types\/product"}],"wp:featuredmedia":[{"embeddable":true,"href":"https:\/\/bpk-archive.de\/tuellmann\/wp-json\/wp\/v2\/media\/70293396"}],"wp:attachment":[{"href":"https:\/\/bpk-archive.de\/tuellmann\/wp-json\/wp\/v2\/media?parent=70296702"}],"wp:term":[{"taxonomy":"product_brand","embeddable":true,"href":"https:\/\/bpk-archive.de\/tuellmann\/wp-json\/wp\/v2\/product_brand?post=70296702"},{"taxonomy":"product_cat","embeddable":true,"href":"https:\/\/bpk-archive.de\/tuellmann\/wp-json\/wp\/v2\/product_cat?post=70296702"},{"taxonomy":"product_tag","embeddable":true,"href":"https:\/\/bpk-archive.de\/tuellmann\/wp-json\/wp\/v2\/product_tag?post=70296702"}],"curies":[{"name":"wp","href":"https:\/\/api.w.org\/{rel}","templated":true}]}}