{"id":70296698,"date":"2019-09-05T16:09:17","date_gmt":"2019-09-05T14:09:17","guid":{"rendered":"http:\/\/abisagtuellmann.bpk-news.de\/atbild\/weisser-junge-in-salisbury-rhodesien-heute-simbabwe\/"},"modified":"2019-09-05T16:09:18","modified_gmt":"2019-09-05T14:09:18","slug":"weisser-junge-in-salisbury-rhodesien-heute-simbabwe","status":"publish","type":"product","link":"https:\/\/bpk-archive.de\/tuellmann\/produkt\/weisser-junge-in-salisbury-rhodesien-heute-simbabwe\/","title":{"rendered":"Wei\u00dfer Junge in Salisbury, Rhodesien (heute Simbabwe)"},"content":{"rendered":"<p>Aufschrift auf seinem T-Shirt: &#8222;We made Rhodesia great!&#8220; R\u00fcckseitenbeschriftung von Hand der Fotografin: &#8222;Zimbabwe-Rhodesien: Salisbury 1979&#8220;<\/p>\n","protected":false},"excerpt":{"rendered":"<p>Aufschrift auf seinem T-Shirt: &#8222;We made Rhodesia great!&#8220; R\u00fcckseitenbeschriftung von Hand der Fotografin: &#8222;Zimbabwe-Rhodesien: Salisbury 1979&#8220;<\/p>\n","protected":false},"featured_media":70293602,"template":"","meta":[],"product_brand":[],"product_cat":[],"product_tag":[13230,13232,13234,13231,13233,13235,14172,13777,13236,13237,13240,13241,13242,13243,13244,13245,14173,52993,48438,13250,13784,13785,14177,14178,14179,13253,13254,13255,13256,13257,13260,51101,51102,51108,51109,13293,13786,13787,13294,13295,13296,13297,47556,13301,51234,13813,13814,14203,14204,14205,14206,14207,14208,14209,14210,14213,14214,14215,14216,14217,14218,14219,14220,14221,62308,51112,51113,51114,51115,48316,48317,48318,48319,48320,48321,49229,49230,47561,47562,13328,13827,13828,13329,13330,13331,13332,13829,13830,13831,13832,13833,13834,13835,13836,13837,13838,13839,13840,13841,13842,14230,14231,14232,13843,14238,14239,14240,13877,13879,13865,13864,13866,13858,13859,13860,13861,13862,13863,13354,13869,13870,13871,13872,14241,14242,49236,13519,13520,13521,13522,13523,13524,47408,47409,13363,13364,13365,13366,13367,13368,13369,13878,13880,51270,51271,56623,56624,56625,56626,56627,56628,14254],"class_list":{"0":"post-70296698","1":"product","2":"type-product","3":"status-publish","4":"has-post-thumbnail","6":"product_tag-1970er-jahre","7":"product_tag-20-jahrhundert-nach-chr","8":"product_tag-20-jh-n-chr","9":"product_tag-20-jahrhundert","10":"product_tag-20-jh","11":"product_tag-70er","12":"product_tag-abt_010","13":"product_tag-abzug","14":"product_tag-afrika","15":"product_tag-afrikaner","16":"product_tag-afrikanisch","17":"product_tag-afrikanische","18":"product_tag-afrikanischen","19":"product_tag-afrikanischer","20":"product_tag-afrikanisches","21":"product_tag-afrikas","22":"product_tag-at_rhodesien","23":"product_tag-aufdruck","24":"product_tag-aufschrift","25":"product_tag-aussen","26":"product_tag-bildnis","27":"product_tag-bildnisse","28":"product_tag-blickkontakt","29":"product_tag-bube","30":"product_tag-buben","31":"product_tag-deutsch","32":"product_tag-deutsche","33":"product_tag-deutschen","34":"product_tag-deutscher","35":"product_tag-deutsches","36":"product_tag-draussen","37":"product_tag-fahne","38":"product_tag-fahnen","39":"product_tag-flagge","40":"product_tag-flaggen","41":"product_tag-foto","42":"product_tag-fotoabzug","43":"product_tag-fotoabzuege","44":"product_tag-fotografie","45":"product_tag-fotografien","46":"product_tag-fotografin","47":"product_tag-fotografinnen","48":"product_tag-fussgaenger","49":"product_tag-im-freien","50":"product_tag-innenstadt","51":"product_tag-junge","52":"product_tag-jungen","53":"product_tag-jungens","54":"product_tag-jungs","55":"product_tag-kind","56":"product_tag-kinde","57":"product_tag-kinder","58":"product_tag-kinderbild","59":"product_tag-kinderbildnis","60":"product_tag-kinderbildnisse","61":"product_tag-kindern","62":"product_tag-kinderportrait","63":"product_tag-kinderportraits","64":"product_tag-kinderportraet","65":"product_tag-kinderportraets","66":"product_tag-kindes","67":"product_tag-kindheit","68":"product_tag-knabe","69":"product_tag-knaben","70":"product_tag-motto","71":"product_tag-nationalfahne","72":"product_tag-nationalfahnen","73":"product_tag-nationalflagge","74":"product_tag-nationalflaggen","75":"product_tag-nationalismus","76":"product_tag-nationalistisch","77":"product_tag-nationalistische","78":"product_tag-nationalistischen","79":"product_tag-nationalistischer","80":"product_tag-nationalistisches","81":"product_tag-parole","82":"product_tag-parolen","83":"product_tag-passant","84":"product_tag-passanten","85":"product_tag-photo","86":"product_tag-photoabzug","87":"product_tag-photoabzuege","88":"product_tag-photographie","89":"product_tag-photographien","90":"product_tag-photographin","91":"product_tag-photographinnen","92":"product_tag-portrait","93":"product_tag-portraitaufnahme","94":"product_tag-portraitfoto","95":"product_tag-portraitfotografie","96":"product_tag-portraitphoto","97":"product_tag-portraitphotographie","98":"product_tag-portraits","99":"product_tag-portraet","100":"product_tag-portraetaufnahme","101":"product_tag-portraetfoto","102":"product_tag-portraetfotografie","103":"product_tag-portraetphoto","104":"product_tag-portraetphotographie","105":"product_tag-portraets","106":"product_tag-pose","107":"product_tag-posieren","108":"product_tag-posiert","109":"product_tag-print","110":"product_tag-rhodesien","111":"product_tag-rhodesier","112":"product_tag-rhodesisch","113":"product_tag-s-w-fotografie","114":"product_tag-s-w-photographie","115":"product_tag-schwarzweissphotographie","116":"product_tag-schwarz-weiss-fotografie","117":"product_tag-schwarz-weiss-photographie","118":"product_tag-schwarzweiss","119":"product_tag-schwarzweisse","120":"product_tag-schwarzweissen","121":"product_tag-schwarzweisser","122":"product_tag-schwarzweisses","123":"product_tag-schwarzweissfotografie","124":"product_tag-siebziger","125":"product_tag-silbergelatine","126":"product_tag-silbergelatineabzug","127":"product_tag-silbergelatineabzuege","128":"product_tag-silbergelatineprint","129":"product_tag-simbabwe","130":"product_tag-simbabwer","131":"product_tag-slogan","132":"product_tag-stehen","133":"product_tag-stehend","134":"product_tag-stehende","135":"product_tag-stehenden","136":"product_tag-stehender","137":"product_tag-stehendes","138":"product_tag-strassenleben","139":"product_tag-strassenszene","140":"product_tag-suedafrika","141":"product_tag-suedafrikanisch","142":"product_tag-suedafrikanische","143":"product_tag-suedafrikanischen","144":"product_tag-suedafrikanischer","145":"product_tag-suedafrikanisches","146":"product_tag-suedafrikas","147":"product_tag-sw-fotografie","148":"product_tag-sw-photographie","149":"product_tag-t-shirt","150":"product_tag-t-shirts","151":"product_tag-weiss","152":"product_tag-weisse","153":"product_tag-weissem","154":"product_tag-weissen","155":"product_tag-weisser","156":"product_tag-weisses","157":"product_tag-zimbabwe","158":"pa_datierung-april-1979","159":"pa_fotograf-abisag-tuellmann","160":"pa_geografischer_bezug-aufnahmeort-salisbury-harare-rhodesien-simbabwe","161":"pa_grunddaten_material_technik-foto-silbergelatine-auf-barytpapier","162":"pa_inventarnummer-tue-79-107-02a","163":"pa_jahr_von-14087","164":"pa_massangaben-bildformat-foto-233-x-305-cm","165":"pa_mediennummer-64616","166":"pa_objekt_typ-fotografie","168":"first","169":"instock","170":"product-type-simple"},"yoast_head":"<!-- This site is optimized with the Yoast SEO plugin v27.3 - https:\/\/yoast.com\/product\/yoast-seo-wordpress\/ -->\n<title>Wei\u00dfer Junge in Salisbury, Rhodesien (heute Simbabwe) - Abisag T\u00fcllmann<\/title>\n<meta name=\"robots\" content=\"index, follow, max-snippet:-1, max-image-preview:large, max-video-preview:-1\" \/>\n<link rel=\"canonical\" href=\"https:\/\/bpk-archive.de\/tuellmann\/produkt\/weisser-junge-in-salisbury-rhodesien-heute-simbabwe\/\" \/>\n<meta property=\"og:locale\" content=\"de_DE\" \/>\n<meta property=\"og:type\" content=\"article\" \/>\n<meta property=\"og:title\" content=\"Wei\u00dfer Junge in Salisbury, Rhodesien (heute Simbabwe) - Abisag T\u00fcllmann\" \/>\n<meta property=\"og:description\" content=\"Aufschrift auf seinem T-Shirt: &#8222;We made Rhodesia great!&#8220; R\u00fcckseitenbeschriftung von Hand der Fotografin: &#8222;Zimbabwe-Rhodesien: Salisbury 1979&#8220;\" \/>\n<meta property=\"og:url\" content=\"https:\/\/bpk-archive.de\/tuellmann\/produkt\/weisser-junge-in-salisbury-rhodesien-heute-simbabwe\/\" \/>\n<meta property=\"og:site_name\" content=\"Abisag T\u00fcllmann\" \/>\n<meta property=\"article:modified_time\" content=\"2019-09-05T14:09:18+00:00\" \/>\n<meta property=\"og:image\" content=\"https:\/\/bpk-archive.de\/tuellmann\/wp-content\/uploads\/2019\/08\/bpk_70367163.jpg\" \/>\n\t<meta property=\"og:image:width\" content=\"1200\" \/>\n\t<meta property=\"og:image:height\" content=\"927\" \/>\n\t<meta property=\"og:image:type\" content=\"image\/jpeg\" \/>\n<meta name=\"twitter:card\" content=\"summary_large_image\" \/>\n<script type=\"application\/ld+json\" class=\"yoast-schema-graph\">{\"@context\":\"https:\\\/\\\/schema.org\",\"@graph\":[{\"@type\":\"WebPage\",\"@id\":\"https:\\\/\\\/bpk-archive.de\\\/tuellmann\\\/produkt\\\/weisser-junge-in-salisbury-rhodesien-heute-simbabwe\\\/\",\"url\":\"https:\\\/\\\/bpk-archive.de\\\/tuellmann\\\/produkt\\\/weisser-junge-in-salisbury-rhodesien-heute-simbabwe\\\/\",\"name\":\"Wei\u00dfer Junge in Salisbury, Rhodesien (heute Simbabwe) - Abisag T\u00fcllmann\",\"isPartOf\":{\"@id\":\"https:\\\/\\\/bpk-archive.de\\\/tuellmann\\\/#website\"},\"primaryImageOfPage\":{\"@id\":\"https:\\\/\\\/bpk-archive.de\\\/tuellmann\\\/produkt\\\/weisser-junge-in-salisbury-rhodesien-heute-simbabwe\\\/#primaryimage\"},\"image\":{\"@id\":\"https:\\\/\\\/bpk-archive.de\\\/tuellmann\\\/produkt\\\/weisser-junge-in-salisbury-rhodesien-heute-simbabwe\\\/#primaryimage\"},\"thumbnailUrl\":\"https:\\\/\\\/bpk-archive.de\\\/tuellmann\\\/wp-content\\\/uploads\\\/2019\\\/08\\\/bpk_70367163.jpg\",\"datePublished\":\"2019-09-05T14:09:17+00:00\",\"dateModified\":\"2019-09-05T14:09:18+00:00\",\"breadcrumb\":{\"@id\":\"https:\\\/\\\/bpk-archive.de\\\/tuellmann\\\/produkt\\\/weisser-junge-in-salisbury-rhodesien-heute-simbabwe\\\/#breadcrumb\"},\"inLanguage\":\"de\",\"potentialAction\":[{\"@type\":\"ReadAction\",\"target\":[\"https:\\\/\\\/bpk-archive.de\\\/tuellmann\\\/produkt\\\/weisser-junge-in-salisbury-rhodesien-heute-simbabwe\\\/\"]}]},{\"@type\":\"ImageObject\",\"inLanguage\":\"de\",\"@id\":\"https:\\\/\\\/bpk-archive.de\\\/tuellmann\\\/produkt\\\/weisser-junge-in-salisbury-rhodesien-heute-simbabwe\\\/#primaryimage\",\"url\":\"https:\\\/\\\/bpk-archive.de\\\/tuellmann\\\/wp-content\\\/uploads\\\/2019\\\/08\\\/bpk_70367163.jpg\",\"contentUrl\":\"https:\\\/\\\/bpk-archive.de\\\/tuellmann\\\/wp-content\\\/uploads\\\/2019\\\/08\\\/bpk_70367163.jpg\",\"width\":1200,\"height\":927,\"caption\":\"Wei\u00dfer Junge in Salisbury, Rhodesien (heute Simbabwe)\"},{\"@type\":\"BreadcrumbList\",\"@id\":\"https:\\\/\\\/bpk-archive.de\\\/tuellmann\\\/produkt\\\/weisser-junge-in-salisbury-rhodesien-heute-simbabwe\\\/#breadcrumb\",\"itemListElement\":[{\"@type\":\"ListItem\",\"position\":1,\"name\":\"Startseite\",\"item\":\"https:\\\/\\\/bpk-archive.de\\\/tuellmann\\\/\"},{\"@type\":\"ListItem\",\"position\":2,\"name\":\"Shop\",\"item\":\"https:\\\/\\\/bpk-archive.de\\\/tuellmann\\\/shop\\\/\"},{\"@type\":\"ListItem\",\"position\":3,\"name\":\"Wei\u00dfer Junge in Salisbury, Rhodesien (heute Simbabwe)\"}]},{\"@type\":\"WebSite\",\"@id\":\"https:\\\/\\\/bpk-archive.de\\\/tuellmann\\\/#website\",\"url\":\"https:\\\/\\\/bpk-archive.de\\\/tuellmann\\\/\",\"name\":\"Abisag T\u00fcllmann\",\"description\":\"Eine weitere WordPress-Website\",\"potentialAction\":[{\"@type\":\"SearchAction\",\"target\":{\"@type\":\"EntryPoint\",\"urlTemplate\":\"https:\\\/\\\/bpk-archive.de\\\/tuellmann\\\/?s={search_term_string}\"},\"query-input\":{\"@type\":\"PropertyValueSpecification\",\"valueRequired\":true,\"valueName\":\"search_term_string\"}}],\"inLanguage\":\"de\"}]}<\/script>\n<!-- \/ Yoast SEO plugin. -->","yoast_head_json":{"title":"Wei\u00dfer Junge in Salisbury, Rhodesien (heute Simbabwe) - Abisag T\u00fcllmann","robots":{"index":"index","follow":"follow","max-snippet":"max-snippet:-1","max-image-preview":"max-image-preview:large","max-video-preview":"max-video-preview:-1"},"canonical":"https:\/\/bpk-archive.de\/tuellmann\/produkt\/weisser-junge-in-salisbury-rhodesien-heute-simbabwe\/","og_locale":"de_DE","og_type":"article","og_title":"Wei\u00dfer Junge in Salisbury, Rhodesien (heute Simbabwe) - Abisag T\u00fcllmann","og_description":"Aufschrift auf seinem T-Shirt: &#8222;We made Rhodesia great!&#8220; R\u00fcckseitenbeschriftung von Hand der Fotografin: &#8222;Zimbabwe-Rhodesien: Salisbury 1979&#8220;","og_url":"https:\/\/bpk-archive.de\/tuellmann\/produkt\/weisser-junge-in-salisbury-rhodesien-heute-simbabwe\/","og_site_name":"Abisag T\u00fcllmann","article_modified_time":"2019-09-05T14:09:18+00:00","og_image":[{"width":1200,"height":927,"url":"https:\/\/bpk-archive.de\/tuellmann\/wp-content\/uploads\/2019\/08\/bpk_70367163.jpg","type":"image\/jpeg"}],"twitter_card":"summary_large_image","schema":{"@context":"https:\/\/schema.org","@graph":[{"@type":"WebPage","@id":"https:\/\/bpk-archive.de\/tuellmann\/produkt\/weisser-junge-in-salisbury-rhodesien-heute-simbabwe\/","url":"https:\/\/bpk-archive.de\/tuellmann\/produkt\/weisser-junge-in-salisbury-rhodesien-heute-simbabwe\/","name":"Wei\u00dfer Junge in Salisbury, Rhodesien (heute Simbabwe) - Abisag T\u00fcllmann","isPartOf":{"@id":"https:\/\/bpk-archive.de\/tuellmann\/#website"},"primaryImageOfPage":{"@id":"https:\/\/bpk-archive.de\/tuellmann\/produkt\/weisser-junge-in-salisbury-rhodesien-heute-simbabwe\/#primaryimage"},"image":{"@id":"https:\/\/bpk-archive.de\/tuellmann\/produkt\/weisser-junge-in-salisbury-rhodesien-heute-simbabwe\/#primaryimage"},"thumbnailUrl":"https:\/\/bpk-archive.de\/tuellmann\/wp-content\/uploads\/2019\/08\/bpk_70367163.jpg","datePublished":"2019-09-05T14:09:17+00:00","dateModified":"2019-09-05T14:09:18+00:00","breadcrumb":{"@id":"https:\/\/bpk-archive.de\/tuellmann\/produkt\/weisser-junge-in-salisbury-rhodesien-heute-simbabwe\/#breadcrumb"},"inLanguage":"de","potentialAction":[{"@type":"ReadAction","target":["https:\/\/bpk-archive.de\/tuellmann\/produkt\/weisser-junge-in-salisbury-rhodesien-heute-simbabwe\/"]}]},{"@type":"ImageObject","inLanguage":"de","@id":"https:\/\/bpk-archive.de\/tuellmann\/produkt\/weisser-junge-in-salisbury-rhodesien-heute-simbabwe\/#primaryimage","url":"https:\/\/bpk-archive.de\/tuellmann\/wp-content\/uploads\/2019\/08\/bpk_70367163.jpg","contentUrl":"https:\/\/bpk-archive.de\/tuellmann\/wp-content\/uploads\/2019\/08\/bpk_70367163.jpg","width":1200,"height":927,"caption":"Wei\u00dfer Junge in Salisbury, Rhodesien (heute Simbabwe)"},{"@type":"BreadcrumbList","@id":"https:\/\/bpk-archive.de\/tuellmann\/produkt\/weisser-junge-in-salisbury-rhodesien-heute-simbabwe\/#breadcrumb","itemListElement":[{"@type":"ListItem","position":1,"name":"Startseite","item":"https:\/\/bpk-archive.de\/tuellmann\/"},{"@type":"ListItem","position":2,"name":"Shop","item":"https:\/\/bpk-archive.de\/tuellmann\/shop\/"},{"@type":"ListItem","position":3,"name":"Wei\u00dfer Junge in Salisbury, Rhodesien (heute Simbabwe)"}]},{"@type":"WebSite","@id":"https:\/\/bpk-archive.de\/tuellmann\/#website","url":"https:\/\/bpk-archive.de\/tuellmann\/","name":"Abisag T\u00fcllmann","description":"Eine weitere WordPress-Website","potentialAction":[{"@type":"SearchAction","target":{"@type":"EntryPoint","urlTemplate":"https:\/\/bpk-archive.de\/tuellmann\/?s={search_term_string}"},"query-input":{"@type":"PropertyValueSpecification","valueRequired":true,"valueName":"search_term_string"}}],"inLanguage":"de"}]}},"_links":{"self":[{"href":"https:\/\/bpk-archive.de\/tuellmann\/wp-json\/wp\/v2\/product\/70296698","targetHints":{"allow":["GET"]}}],"collection":[{"href":"https:\/\/bpk-archive.de\/tuellmann\/wp-json\/wp\/v2\/product"}],"about":[{"href":"https:\/\/bpk-archive.de\/tuellmann\/wp-json\/wp\/v2\/types\/product"}],"wp:featuredmedia":[{"embeddable":true,"href":"https:\/\/bpk-archive.de\/tuellmann\/wp-json\/wp\/v2\/media\/70293602"}],"wp:attachment":[{"href":"https:\/\/bpk-archive.de\/tuellmann\/wp-json\/wp\/v2\/media?parent=70296698"}],"wp:term":[{"taxonomy":"product_brand","embeddable":true,"href":"https:\/\/bpk-archive.de\/tuellmann\/wp-json\/wp\/v2\/product_brand?post=70296698"},{"taxonomy":"product_cat","embeddable":true,"href":"https:\/\/bpk-archive.de\/tuellmann\/wp-json\/wp\/v2\/product_cat?post=70296698"},{"taxonomy":"product_tag","embeddable":true,"href":"https:\/\/bpk-archive.de\/tuellmann\/wp-json\/wp\/v2\/product_tag?post=70296698"}],"curies":[{"name":"wp","href":"https:\/\/api.w.org\/{rel}","templated":true}]}}