{"id":70296681,"date":"2019-09-05T16:09:02","date_gmt":"2019-09-05T14:09:02","guid":{"rendered":"http:\/\/abisagtuellmann.bpk-news.de\/atbild\/philip-rosenthal-beim-bogenschiessen-im-vorstandsbuero-der-rosenthal-porzellan-ag\/"},"modified":"2019-09-05T16:09:05","modified_gmt":"2019-09-05T14:09:05","slug":"philip-rosenthal-beim-bogenschiessen-im-vorstandsbuero-der-rosenthal-porzellan-ag","status":"publish","type":"product","link":"https:\/\/bpk-archive.de\/tuellmann\/produkt\/philip-rosenthal-beim-bogenschiessen-im-vorstandsbuero-der-rosenthal-porzellan-ag\/","title":{"rendered":"Philip Rosenthal beim Bogenschie\u00dfen im Vorstandsb\u00fcro der Rosenthal Porzellan AG"},"content":{"rendered":"","protected":false},"excerpt":{"rendered":"","protected":false},"featured_media":70293402,"template":"","meta":[],"product_brand":[],"product_cat":[],"product_tag":[13774,13232,13234,13231,13233,13775,64531,64532,14262,13777,47456,47457,47458,47459,47460,47461,47462,14263,49870,49871,49872,49873,49874,49875,49876,49877,49878,49879,49880,49881,49882,49883,47876,47877,47878,47879,13784,13785,64533,64534,64535,13469,13470,47881,47882,64536,64537,13253,13254,13255,13256,13257,13471,13472,62520,62521,64538,13473,51404,57918,57919,57920,57921,61352,64539,64540,51107,13293,13786,13787,13294,13295,13296,13297,64541,64542,64543,64544,64545,64546,13498,49626,49627,55807,55808,64547,48005,48006,48007,48008,48009,48010,48011,56516,56517,62737,13818,13819,13820,13821,48012,48013,13822,13823,13824,13825,13826,64548,47899,47900,64549,13328,13827,13828,13329,13330,13331,13332,13829,13830,13831,13832,13833,13834,13835,13836,13837,13838,13839,13840,13841,13842,64550,64551,64552,64553,13843,13877,13879,58206,58207,58208,58209,58210,58211,49423,49424,49425,49426,13865,13864,13866,13858,13859,13860,13861,13862,13863,13867,13869,13870,13871,13872,14243,14244,14245,14246,14247,14248,14249,64554,13519,13520,13521,13522,13523,13524,49722,49723,49724,49725,49726,49727,49728,13878,13880,51130,51134,51140,51143,13525,56558,56559,52299,61878,61879],"class_list":{"0":"post-70296681","1":"product","2":"type-product","3":"status-publish","4":"has-post-thumbnail","6":"product_tag-1960er-jahre","7":"product_tag-20-jahrhundert-nach-chr","8":"product_tag-20-jh-n-chr","9":"product_tag-20-jahrhundert","10":"product_tag-20-jh","11":"product_tag-60er","12":"product_tag-ablenkung","13":"product_tag-ablenkungen","14":"product_tag-abt_008","15":"product_tag-abzug","16":"product_tag-arbeit","17":"product_tag-arbeiten","18":"product_tag-arbeitend","19":"product_tag-arbeitende","20":"product_tag-arbeitenden","21":"product_tag-arbeitender","22":"product_tag-arbeitendes","23":"product_tag-at_arbeit","24":"product_tag-bairisch","25":"product_tag-bayerisch","26":"product_tag-bayerische","27":"product_tag-bayerischem","28":"product_tag-bayerischen","29":"product_tag-bayerischer","30":"product_tag-bayerisches","31":"product_tag-bayern","32":"product_tag-bayerns","33":"product_tag-bayrisch","34":"product_tag-bayrische","35":"product_tag-bayrischem","36":"product_tag-bayrischen","37":"product_tag-bayrisches","38":"product_tag-beruf","39":"product_tag-berufe","40":"product_tag-berufes","41":"product_tag-berufs","42":"product_tag-bildnis","43":"product_tag-bildnisse","44":"product_tag-bogenschiessen","45":"product_tag-bogenschuetze","46":"product_tag-bogenschuetzen","47":"product_tag-brd","48":"product_tag-bundesrepublik-deutschland","49":"product_tag-bureau","50":"product_tag-buero","51":"product_tag-chef","52":"product_tag-chefs","53":"product_tag-deutsch","54":"product_tag-deutsche","55":"product_tag-deutschen","56":"product_tag-deutscher","57":"product_tag-deutsches","58":"product_tag-deutschland","59":"product_tag-deutschlands","60":"product_tag-direktor","61":"product_tag-direktoren","62":"product_tag-direktorium","63":"product_tag-drinnen","64":"product_tag-entspannung","65":"product_tag-extravagant","66":"product_tag-extravagante","67":"product_tag-extravaganter","68":"product_tag-extravagantes","69":"product_tag-extravaganz","70":"product_tag-familienbetrieb","71":"product_tag-familienbetriebe","72":"product_tag-fernsprecher","73":"product_tag-foto","74":"product_tag-fotoabzug","75":"product_tag-fotoabzuege","76":"product_tag-fotografie","77":"product_tag-fotografien","78":"product_tag-fotografin","79":"product_tag-fotografinnen","80":"product_tag-franken","81":"product_tag-fraenkisch","82":"product_tag-fraenkische","83":"product_tag-fraenkischen","84":"product_tag-fraenkischer","85":"product_tag-fraenkisches","86":"product_tag-innen","87":"product_tag-konferenz","88":"product_tag-konferenzen","89":"product_tag-konferenztisch","90":"product_tag-konferenztische","91":"product_tag-kurzweil","92":"product_tag-lachen","93":"product_tag-lachend","94":"product_tag-lachende","95":"product_tag-lachendem","96":"product_tag-lachenden","97":"product_tag-lachender","98":"product_tag-lachendes","99":"product_tag-leiter","100":"product_tag-leitern","101":"product_tag-leiters","102":"product_tag-mann","103":"product_tag-maenner","104":"product_tag-maennerbildnis","105":"product_tag-maennerbildnisse","106":"product_tag-maennergruppe","107":"product_tag-maennergruppen","108":"product_tag-maennerportrait","109":"product_tag-maennerportraits","110":"product_tag-maennerportraet","111":"product_tag-maennerportraets","112":"product_tag-mannes","113":"product_tag-oberfranken","114":"product_tag-persoenlichkeit","115":"product_tag-persoenlichkeiten","116":"product_tag-pfeil-und-bogen","117":"product_tag-photo","118":"product_tag-photoabzug","119":"product_tag-photoabzuege","120":"product_tag-photographie","121":"product_tag-photographien","122":"product_tag-photographin","123":"product_tag-photographinnen","124":"product_tag-portrait","125":"product_tag-portraitaufnahme","126":"product_tag-portraitfoto","127":"product_tag-portraitfotografie","128":"product_tag-portraitphoto","129":"product_tag-portraitphotographie","130":"product_tag-portraits","131":"product_tag-portraet","132":"product_tag-portraetaufnahme","133":"product_tag-portraetfoto","134":"product_tag-portraetfotografie","135":"product_tag-portraetphoto","136":"product_tag-portraetphotographie","137":"product_tag-portraets","138":"product_tag-porzellan","139":"product_tag-porzellanfabrik","140":"product_tag-porzellanfabriken","141":"product_tag-porzellans","142":"product_tag-print","143":"product_tag-s-w-fotografie","144":"product_tag-s-w-photographie","145":"product_tag-schiessen","146":"product_tag-schiessend","147":"product_tag-schiessende","148":"product_tag-schiessenden","149":"product_tag-schiessender","150":"product_tag-schiessendes","151":"product_tag-schreibtisch","152":"product_tag-schreibtische","153":"product_tag-schreibtisches","154":"product_tag-schreibtischs","155":"product_tag-schwarzweissphotographie","156":"product_tag-schwarz-weiss-fotografie","157":"product_tag-schwarz-weiss-photographie","158":"product_tag-schwarzweiss","159":"product_tag-schwarzweisse","160":"product_tag-schwarzweissen","161":"product_tag-schwarzweisser","162":"product_tag-schwarzweisses","163":"product_tag-schwarzweissfotografie","164":"product_tag-sechziger","165":"product_tag-silbergelatine","166":"product_tag-silbergelatineabzug","167":"product_tag-silbergelatineabzuege","168":"product_tag-silbergelatineprint","169":"product_tag-sitzen","170":"product_tag-sitzend","171":"product_tag-sitzende","172":"product_tag-sitzenden","173":"product_tag-sitzender","174":"product_tag-sitzendes","175":"product_tag-sitzt","176":"product_tag-spleen","177":"product_tag-stehen","178":"product_tag-stehend","179":"product_tag-stehende","180":"product_tag-stehenden","181":"product_tag-stehender","182":"product_tag-stehendes","183":"product_tag-sueddeutsch","184":"product_tag-sueddeutsche","185":"product_tag-sueddeutschen","186":"product_tag-sueddeutscher","187":"product_tag-sueddeutsches","188":"product_tag-sueddeutschland","189":"product_tag-sueddeutschlands","190":"product_tag-sw-fotografie","191":"product_tag-sw-photographie","192":"product_tag-telefon","193":"product_tag-telefonie","194":"product_tag-telephon","195":"product_tag-telephonie","196":"product_tag-von-innen","197":"product_tag-vorstand","198":"product_tag-vorstandes","199":"product_tag-zeitvertreib","200":"product_tag-zielscheibe","201":"product_tag-zielscheiben","202":"pa_datierung-november-1963","203":"pa_fotograf-abisag-tuellmann","204":"pa_geografischer_bezug-aufnahmeort-selb-deutschland","205":"pa_grunddaten_material_technik-foto-silbergelatine-auf-barytpapier","206":"pa_inventarnummer-tue-63-177-04","207":"pa_jahr_von-55020","208":"pa_massangaben-bildformat-foto-232-x-296-cm","209":"pa_mediennummer-64528","210":"pa_objekt_typ-fotografie","212":"first","213":"instock","214":"product-type-simple"},"yoast_head":"<!-- This site is optimized with the Yoast SEO plugin v27.4 - https:\/\/yoast.com\/product\/yoast-seo-wordpress\/ -->\n<title>Philip Rosenthal beim Bogenschie\u00dfen im Vorstandsb\u00fcro der Rosenthal Porzellan AG - Abisag T\u00fcllmann<\/title>\n<meta name=\"robots\" content=\"index, follow, max-snippet:-1, max-image-preview:large, max-video-preview:-1\" \/>\n<link rel=\"canonical\" href=\"https:\/\/bpk-archive.de\/tuellmann\/produkt\/philip-rosenthal-beim-bogenschiessen-im-vorstandsbuero-der-rosenthal-porzellan-ag\/\" \/>\n<meta property=\"og:locale\" content=\"de_DE\" \/>\n<meta property=\"og:type\" content=\"article\" \/>\n<meta property=\"og:title\" content=\"Philip Rosenthal beim Bogenschie\u00dfen im Vorstandsb\u00fcro der Rosenthal Porzellan AG - Abisag T\u00fcllmann\" \/>\n<meta property=\"og:url\" content=\"https:\/\/bpk-archive.de\/tuellmann\/produkt\/philip-rosenthal-beim-bogenschiessen-im-vorstandsbuero-der-rosenthal-porzellan-ag\/\" \/>\n<meta property=\"og:site_name\" content=\"Abisag T\u00fcllmann\" \/>\n<meta property=\"article:modified_time\" content=\"2019-09-05T14:09:05+00:00\" \/>\n<meta property=\"og:image\" content=\"https:\/\/bpk-archive.de\/tuellmann\/wp-content\/uploads\/2019\/08\/bpk_70366493.jpg\" \/>\n\t<meta property=\"og:image:width\" content=\"1200\" \/>\n\t<meta property=\"og:image:height\" content=\"954\" \/>\n\t<meta property=\"og:image:type\" content=\"image\/jpeg\" \/>\n<meta name=\"twitter:card\" content=\"summary_large_image\" \/>\n<script type=\"application\/ld+json\" class=\"yoast-schema-graph\">{\"@context\":\"https:\\\/\\\/schema.org\",\"@graph\":[{\"@type\":\"WebPage\",\"@id\":\"https:\\\/\\\/bpk-archive.de\\\/tuellmann\\\/produkt\\\/philip-rosenthal-beim-bogenschiessen-im-vorstandsbuero-der-rosenthal-porzellan-ag\\\/\",\"url\":\"https:\\\/\\\/bpk-archive.de\\\/tuellmann\\\/produkt\\\/philip-rosenthal-beim-bogenschiessen-im-vorstandsbuero-der-rosenthal-porzellan-ag\\\/\",\"name\":\"Philip Rosenthal beim Bogenschie\u00dfen im Vorstandsb\u00fcro der Rosenthal Porzellan AG - Abisag T\u00fcllmann\",\"isPartOf\":{\"@id\":\"https:\\\/\\\/bpk-archive.de\\\/tuellmann\\\/#website\"},\"primaryImageOfPage\":{\"@id\":\"https:\\\/\\\/bpk-archive.de\\\/tuellmann\\\/produkt\\\/philip-rosenthal-beim-bogenschiessen-im-vorstandsbuero-der-rosenthal-porzellan-ag\\\/#primaryimage\"},\"image\":{\"@id\":\"https:\\\/\\\/bpk-archive.de\\\/tuellmann\\\/produkt\\\/philip-rosenthal-beim-bogenschiessen-im-vorstandsbuero-der-rosenthal-porzellan-ag\\\/#primaryimage\"},\"thumbnailUrl\":\"https:\\\/\\\/bpk-archive.de\\\/tuellmann\\\/wp-content\\\/uploads\\\/2019\\\/08\\\/bpk_70366493.jpg\",\"datePublished\":\"2019-09-05T14:09:02+00:00\",\"dateModified\":\"2019-09-05T14:09:05+00:00\",\"breadcrumb\":{\"@id\":\"https:\\\/\\\/bpk-archive.de\\\/tuellmann\\\/produkt\\\/philip-rosenthal-beim-bogenschiessen-im-vorstandsbuero-der-rosenthal-porzellan-ag\\\/#breadcrumb\"},\"inLanguage\":\"de\",\"potentialAction\":[{\"@type\":\"ReadAction\",\"target\":[\"https:\\\/\\\/bpk-archive.de\\\/tuellmann\\\/produkt\\\/philip-rosenthal-beim-bogenschiessen-im-vorstandsbuero-der-rosenthal-porzellan-ag\\\/\"]}]},{\"@type\":\"ImageObject\",\"inLanguage\":\"de\",\"@id\":\"https:\\\/\\\/bpk-archive.de\\\/tuellmann\\\/produkt\\\/philip-rosenthal-beim-bogenschiessen-im-vorstandsbuero-der-rosenthal-porzellan-ag\\\/#primaryimage\",\"url\":\"https:\\\/\\\/bpk-archive.de\\\/tuellmann\\\/wp-content\\\/uploads\\\/2019\\\/08\\\/bpk_70366493.jpg\",\"contentUrl\":\"https:\\\/\\\/bpk-archive.de\\\/tuellmann\\\/wp-content\\\/uploads\\\/2019\\\/08\\\/bpk_70366493.jpg\",\"width\":1200,\"height\":954,\"caption\":\"Philip Rosenthal beim Bogenschie\u00dfen im Vorstandsb\u00fcro der Rosenthal Porzellan AG\"},{\"@type\":\"BreadcrumbList\",\"@id\":\"https:\\\/\\\/bpk-archive.de\\\/tuellmann\\\/produkt\\\/philip-rosenthal-beim-bogenschiessen-im-vorstandsbuero-der-rosenthal-porzellan-ag\\\/#breadcrumb\",\"itemListElement\":[{\"@type\":\"ListItem\",\"position\":1,\"name\":\"Startseite\",\"item\":\"https:\\\/\\\/bpk-archive.de\\\/tuellmann\\\/\"},{\"@type\":\"ListItem\",\"position\":2,\"name\":\"Shop\",\"item\":\"https:\\\/\\\/bpk-archive.de\\\/tuellmann\\\/shop\\\/\"},{\"@type\":\"ListItem\",\"position\":3,\"name\":\"Philip Rosenthal beim Bogenschie\u00dfen im Vorstandsb\u00fcro der Rosenthal Porzellan AG\"}]},{\"@type\":\"WebSite\",\"@id\":\"https:\\\/\\\/bpk-archive.de\\\/tuellmann\\\/#website\",\"url\":\"https:\\\/\\\/bpk-archive.de\\\/tuellmann\\\/\",\"name\":\"Abisag T\u00fcllmann\",\"description\":\"Eine weitere WordPress-Website\",\"potentialAction\":[{\"@type\":\"SearchAction\",\"target\":{\"@type\":\"EntryPoint\",\"urlTemplate\":\"https:\\\/\\\/bpk-archive.de\\\/tuellmann\\\/?s={search_term_string}\"},\"query-input\":{\"@type\":\"PropertyValueSpecification\",\"valueRequired\":true,\"valueName\":\"search_term_string\"}}],\"inLanguage\":\"de\"}]}<\/script>\n<!-- \/ Yoast SEO plugin. -->","yoast_head_json":{"title":"Philip Rosenthal beim Bogenschie\u00dfen im Vorstandsb\u00fcro der Rosenthal Porzellan AG - Abisag T\u00fcllmann","robots":{"index":"index","follow":"follow","max-snippet":"max-snippet:-1","max-image-preview":"max-image-preview:large","max-video-preview":"max-video-preview:-1"},"canonical":"https:\/\/bpk-archive.de\/tuellmann\/produkt\/philip-rosenthal-beim-bogenschiessen-im-vorstandsbuero-der-rosenthal-porzellan-ag\/","og_locale":"de_DE","og_type":"article","og_title":"Philip Rosenthal beim Bogenschie\u00dfen im Vorstandsb\u00fcro der Rosenthal Porzellan AG - Abisag T\u00fcllmann","og_url":"https:\/\/bpk-archive.de\/tuellmann\/produkt\/philip-rosenthal-beim-bogenschiessen-im-vorstandsbuero-der-rosenthal-porzellan-ag\/","og_site_name":"Abisag T\u00fcllmann","article_modified_time":"2019-09-05T14:09:05+00:00","og_image":[{"width":1200,"height":954,"url":"https:\/\/bpk-archive.de\/tuellmann\/wp-content\/uploads\/2019\/08\/bpk_70366493.jpg","type":"image\/jpeg"}],"twitter_card":"summary_large_image","schema":{"@context":"https:\/\/schema.org","@graph":[{"@type":"WebPage","@id":"https:\/\/bpk-archive.de\/tuellmann\/produkt\/philip-rosenthal-beim-bogenschiessen-im-vorstandsbuero-der-rosenthal-porzellan-ag\/","url":"https:\/\/bpk-archive.de\/tuellmann\/produkt\/philip-rosenthal-beim-bogenschiessen-im-vorstandsbuero-der-rosenthal-porzellan-ag\/","name":"Philip Rosenthal beim Bogenschie\u00dfen im Vorstandsb\u00fcro der Rosenthal Porzellan AG - Abisag T\u00fcllmann","isPartOf":{"@id":"https:\/\/bpk-archive.de\/tuellmann\/#website"},"primaryImageOfPage":{"@id":"https:\/\/bpk-archive.de\/tuellmann\/produkt\/philip-rosenthal-beim-bogenschiessen-im-vorstandsbuero-der-rosenthal-porzellan-ag\/#primaryimage"},"image":{"@id":"https:\/\/bpk-archive.de\/tuellmann\/produkt\/philip-rosenthal-beim-bogenschiessen-im-vorstandsbuero-der-rosenthal-porzellan-ag\/#primaryimage"},"thumbnailUrl":"https:\/\/bpk-archive.de\/tuellmann\/wp-content\/uploads\/2019\/08\/bpk_70366493.jpg","datePublished":"2019-09-05T14:09:02+00:00","dateModified":"2019-09-05T14:09:05+00:00","breadcrumb":{"@id":"https:\/\/bpk-archive.de\/tuellmann\/produkt\/philip-rosenthal-beim-bogenschiessen-im-vorstandsbuero-der-rosenthal-porzellan-ag\/#breadcrumb"},"inLanguage":"de","potentialAction":[{"@type":"ReadAction","target":["https:\/\/bpk-archive.de\/tuellmann\/produkt\/philip-rosenthal-beim-bogenschiessen-im-vorstandsbuero-der-rosenthal-porzellan-ag\/"]}]},{"@type":"ImageObject","inLanguage":"de","@id":"https:\/\/bpk-archive.de\/tuellmann\/produkt\/philip-rosenthal-beim-bogenschiessen-im-vorstandsbuero-der-rosenthal-porzellan-ag\/#primaryimage","url":"https:\/\/bpk-archive.de\/tuellmann\/wp-content\/uploads\/2019\/08\/bpk_70366493.jpg","contentUrl":"https:\/\/bpk-archive.de\/tuellmann\/wp-content\/uploads\/2019\/08\/bpk_70366493.jpg","width":1200,"height":954,"caption":"Philip Rosenthal beim Bogenschie\u00dfen im Vorstandsb\u00fcro der Rosenthal Porzellan AG"},{"@type":"BreadcrumbList","@id":"https:\/\/bpk-archive.de\/tuellmann\/produkt\/philip-rosenthal-beim-bogenschiessen-im-vorstandsbuero-der-rosenthal-porzellan-ag\/#breadcrumb","itemListElement":[{"@type":"ListItem","position":1,"name":"Startseite","item":"https:\/\/bpk-archive.de\/tuellmann\/"},{"@type":"ListItem","position":2,"name":"Shop","item":"https:\/\/bpk-archive.de\/tuellmann\/shop\/"},{"@type":"ListItem","position":3,"name":"Philip Rosenthal beim Bogenschie\u00dfen im Vorstandsb\u00fcro der Rosenthal Porzellan AG"}]},{"@type":"WebSite","@id":"https:\/\/bpk-archive.de\/tuellmann\/#website","url":"https:\/\/bpk-archive.de\/tuellmann\/","name":"Abisag T\u00fcllmann","description":"Eine weitere WordPress-Website","potentialAction":[{"@type":"SearchAction","target":{"@type":"EntryPoint","urlTemplate":"https:\/\/bpk-archive.de\/tuellmann\/?s={search_term_string}"},"query-input":{"@type":"PropertyValueSpecification","valueRequired":true,"valueName":"search_term_string"}}],"inLanguage":"de"}]}},"_links":{"self":[{"href":"https:\/\/bpk-archive.de\/tuellmann\/wp-json\/wp\/v2\/product\/70296681","targetHints":{"allow":["GET"]}}],"collection":[{"href":"https:\/\/bpk-archive.de\/tuellmann\/wp-json\/wp\/v2\/product"}],"about":[{"href":"https:\/\/bpk-archive.de\/tuellmann\/wp-json\/wp\/v2\/types\/product"}],"wp:featuredmedia":[{"embeddable":true,"href":"https:\/\/bpk-archive.de\/tuellmann\/wp-json\/wp\/v2\/media\/70293402"}],"wp:attachment":[{"href":"https:\/\/bpk-archive.de\/tuellmann\/wp-json\/wp\/v2\/media?parent=70296681"}],"wp:term":[{"taxonomy":"product_brand","embeddable":true,"href":"https:\/\/bpk-archive.de\/tuellmann\/wp-json\/wp\/v2\/product_brand?post=70296681"},{"taxonomy":"product_cat","embeddable":true,"href":"https:\/\/bpk-archive.de\/tuellmann\/wp-json\/wp\/v2\/product_cat?post=70296681"},{"taxonomy":"product_tag","embeddable":true,"href":"https:\/\/bpk-archive.de\/tuellmann\/wp-json\/wp\/v2\/product_tag?post=70296681"}],"curies":[{"name":"wp","href":"https:\/\/api.w.org\/{rel}","templated":true}]}}