{"id":70296674,"date":"2019-09-05T16:08:46","date_gmt":"2019-09-05T14:08:46","guid":{"rendered":"http:\/\/abisagtuellmann.bpk-news.de\/atbild\/entlassung-eines-haeftlings\/"},"modified":"2019-09-05T16:08:59","modified_gmt":"2019-09-05T14:08:59","slug":"entlassung-eines-haeftlings","status":"publish","type":"product","link":"https:\/\/bpk-archive.de\/tuellmann\/produkt\/entlassung-eines-haeftlings\/","title":{"rendered":"Entlassung eines H\u00e4ftlings"},"content":{"rendered":"<p>Auftrag f\u00fcr &#8222;Pardon&#8220;<\/p>\n","protected":false},"excerpt":{"rendered":"<p>Auftrag f\u00fcr &#8222;Pardon&#8220;<\/p>\n","protected":false},"featured_media":70293399,"template":"","meta":[],"product_brand":[],"product_cat":[],"product_tag":[13230,13232,13234,13231,13233,13235,14262,13777,54743,48846,48847,54745,54746,49676,13469,13470,54618,13253,13254,13255,13256,13257,13471,13472,13473,48140,48141,48142,48143,48144,48145,64482,64483,49965,13293,13786,13787,13294,13295,13296,13297,51505,53801,47936,47937,47938,47939,47940,54052,54053,54054,13492,13493,13494,13495,13496,13497,64484,64485,64486,64487,64488,13498,47948,49968,49969,13328,13827,13828,13329,13330,13331,13332,13843,13877,13879,13865,13864,13866,13858,13859,13860,13861,13862,13863,13354,13869,13870,13871,13872,48872,48873,14243,14244,14245,14246,14247,14248,14249,47964,47965,13878,13880,47704,47705,47706,47707,47708,47709,47710,47711,13525,47529,47530,47531,47532,47533,47534,63159,63160,47977,47978,47979],"class_list":{"0":"post-70296674","1":"product","2":"type-product","3":"status-publish","4":"has-post-thumbnail","6":"product_tag-1970er-jahre","7":"product_tag-20-jahrhundert-nach-chr","8":"product_tag-20-jh-n-chr","9":"product_tag-20-jahrhundert","10":"product_tag-20-jh","11":"product_tag-70er","12":"product_tag-abt_008","13":"product_tag-abzug","14":"product_tag-amt","15":"product_tag-bank","16":"product_tag-baenke","17":"product_tag-behoerde","18":"product_tag-behoerden","19":"product_tag-bildstrecke","20":"product_tag-brd","21":"product_tag-bundesrepublik-deutschland","22":"product_tag-buerokratie","23":"product_tag-deutsch","24":"product_tag-deutsche","25":"product_tag-deutschen","26":"product_tag-deutscher","27":"product_tag-deutsches","28":"product_tag-deutschland","29":"product_tag-deutschlands","30":"product_tag-drinnen","31":"product_tag-einsam","32":"product_tag-einsame","33":"product_tag-einsamen","34":"product_tag-einsamer","35":"product_tag-einsames","36":"product_tag-einsamkeit","37":"product_tag-entlassung","38":"product_tag-entlassungen","39":"product_tag-flur","40":"product_tag-foto","41":"product_tag-fotoabzug","42":"product_tag-fotoabzuege","43":"product_tag-fotografie","44":"product_tag-fotografien","45":"product_tag-fotografin","46":"product_tag-fotografinnen","47":"product_tag-fotostrecke","48":"product_tag-freiheit","49":"product_tag-gefaengnis","50":"product_tag-gefaengnisse","51":"product_tag-gefaengnisses","52":"product_tag-haftanstalt","53":"product_tag-haftanstalten","54":"product_tag-haeftling","55":"product_tag-haeftlinge","56":"product_tag-haeftlingen","57":"product_tag-hessen","58":"product_tag-hessisch","59":"product_tag-hessische","60":"product_tag-hessischen","61":"product_tag-hessischer","62":"product_tag-hessisches","63":"product_tag-hilflos","64":"product_tag-hilflose","65":"product_tag-hilflosen","66":"product_tag-hilfloser","67":"product_tag-hilfloses","68":"product_tag-innen","69":"product_tag-knast","70":"product_tag-korridor","71":"product_tag-korridore","72":"product_tag-photo","73":"product_tag-photoabzug","74":"product_tag-photoabzuege","75":"product_tag-photographie","76":"product_tag-photographien","77":"product_tag-photographin","78":"product_tag-photographinnen","79":"product_tag-print","80":"product_tag-s-w-fotografie","81":"product_tag-s-w-photographie","82":"product_tag-schwarzweissphotographie","83":"product_tag-schwarz-weiss-fotografie","84":"product_tag-schwarz-weiss-photographie","85":"product_tag-schwarzweiss","86":"product_tag-schwarzweisse","87":"product_tag-schwarzweissen","88":"product_tag-schwarzweisser","89":"product_tag-schwarzweisses","90":"product_tag-schwarzweissfotografie","91":"product_tag-siebziger","92":"product_tag-silbergelatine","93":"product_tag-silbergelatineabzug","94":"product_tag-silbergelatineabzuege","95":"product_tag-silbergelatineprint","96":"product_tag-sitzbank","97":"product_tag-sitzbaenke","98":"product_tag-sitzen","99":"product_tag-sitzend","100":"product_tag-sitzende","101":"product_tag-sitzenden","102":"product_tag-sitzender","103":"product_tag-sitzendes","104":"product_tag-sitzt","105":"product_tag-strafanstalt","106":"product_tag-strafanstalten","107":"product_tag-sw-fotografie","108":"product_tag-sw-photographie","109":"product_tag-verzweifelt","110":"product_tag-verzweifelte","111":"product_tag-verzweifeltem","112":"product_tag-verzweifelten","113":"product_tag-verzweifelter","114":"product_tag-verzweifeltes","115":"product_tag-verzweifelung","116":"product_tag-verzweiflung","117":"product_tag-von-innen","118":"product_tag-warten","119":"product_tag-wartend","120":"product_tag-wartende","121":"product_tag-wartenden","122":"product_tag-wartender","123":"product_tag-wartendes","124":"product_tag-wiesbaden","125":"product_tag-wiesbadener","126":"product_tag-zuchthaus","127":"product_tag-zuchthaeuser","128":"product_tag-zuchthauses","129":"pa_datierung-dezember-1970","130":"pa_fotograf-abisag-tuellmann","131":"pa_geografischer_bezug-aufnahmeort-wiesbaden-deutschland","132":"pa_grunddaten_material_technik-foto-silbergelatine-auf-barytpapier","133":"pa_inventarnummer-tue-70-309-03","134":"pa_jahr_von-53324","135":"pa_massangaben-bildformat-foto-292-x-235-cm","136":"pa_mediennummer-64479","137":"pa_objekt_typ-fotografie","139":"first","140":"instock","141":"product-type-simple"},"yoast_head":"<!-- This site is optimized with the Yoast SEO plugin v27.3 - https:\/\/yoast.com\/product\/yoast-seo-wordpress\/ -->\n<title>Entlassung eines H\u00e4ftlings - Abisag T\u00fcllmann<\/title>\n<meta name=\"robots\" content=\"index, follow, max-snippet:-1, max-image-preview:large, max-video-preview:-1\" \/>\n<link rel=\"canonical\" href=\"https:\/\/bpk-archive.de\/tuellmann\/produkt\/entlassung-eines-haeftlings\/\" \/>\n<meta property=\"og:locale\" content=\"de_DE\" \/>\n<meta property=\"og:type\" content=\"article\" \/>\n<meta property=\"og:title\" content=\"Entlassung eines H\u00e4ftlings - Abisag T\u00fcllmann\" \/>\n<meta property=\"og:description\" content=\"Auftrag f\u00fcr &#8222;Pardon&#8220;\" \/>\n<meta property=\"og:url\" content=\"https:\/\/bpk-archive.de\/tuellmann\/produkt\/entlassung-eines-haeftlings\/\" \/>\n<meta property=\"og:site_name\" content=\"Abisag T\u00fcllmann\" \/>\n<meta property=\"article:modified_time\" content=\"2019-09-05T14:08:59+00:00\" \/>\n<meta property=\"og:image\" content=\"https:\/\/bpk-archive.de\/tuellmann\/wp-content\/uploads\/2019\/08\/bpk_70366492.jpg\" \/>\n\t<meta property=\"og:image:width\" content=\"971\" \/>\n\t<meta property=\"og:image:height\" content=\"1200\" \/>\n\t<meta property=\"og:image:type\" content=\"image\/jpeg\" \/>\n<meta name=\"twitter:card\" content=\"summary_large_image\" \/>\n<script type=\"application\/ld+json\" class=\"yoast-schema-graph\">{\"@context\":\"https:\\\/\\\/schema.org\",\"@graph\":[{\"@type\":\"WebPage\",\"@id\":\"https:\\\/\\\/bpk-archive.de\\\/tuellmann\\\/produkt\\\/entlassung-eines-haeftlings\\\/\",\"url\":\"https:\\\/\\\/bpk-archive.de\\\/tuellmann\\\/produkt\\\/entlassung-eines-haeftlings\\\/\",\"name\":\"Entlassung eines H\u00e4ftlings - Abisag T\u00fcllmann\",\"isPartOf\":{\"@id\":\"https:\\\/\\\/bpk-archive.de\\\/tuellmann\\\/#website\"},\"primaryImageOfPage\":{\"@id\":\"https:\\\/\\\/bpk-archive.de\\\/tuellmann\\\/produkt\\\/entlassung-eines-haeftlings\\\/#primaryimage\"},\"image\":{\"@id\":\"https:\\\/\\\/bpk-archive.de\\\/tuellmann\\\/produkt\\\/entlassung-eines-haeftlings\\\/#primaryimage\"},\"thumbnailUrl\":\"https:\\\/\\\/bpk-archive.de\\\/tuellmann\\\/wp-content\\\/uploads\\\/2019\\\/08\\\/bpk_70366492.jpg\",\"datePublished\":\"2019-09-05T14:08:46+00:00\",\"dateModified\":\"2019-09-05T14:08:59+00:00\",\"breadcrumb\":{\"@id\":\"https:\\\/\\\/bpk-archive.de\\\/tuellmann\\\/produkt\\\/entlassung-eines-haeftlings\\\/#breadcrumb\"},\"inLanguage\":\"de\",\"potentialAction\":[{\"@type\":\"ReadAction\",\"target\":[\"https:\\\/\\\/bpk-archive.de\\\/tuellmann\\\/produkt\\\/entlassung-eines-haeftlings\\\/\"]}]},{\"@type\":\"ImageObject\",\"inLanguage\":\"de\",\"@id\":\"https:\\\/\\\/bpk-archive.de\\\/tuellmann\\\/produkt\\\/entlassung-eines-haeftlings\\\/#primaryimage\",\"url\":\"https:\\\/\\\/bpk-archive.de\\\/tuellmann\\\/wp-content\\\/uploads\\\/2019\\\/08\\\/bpk_70366492.jpg\",\"contentUrl\":\"https:\\\/\\\/bpk-archive.de\\\/tuellmann\\\/wp-content\\\/uploads\\\/2019\\\/08\\\/bpk_70366492.jpg\",\"width\":971,\"height\":1200,\"caption\":\"Entlassung eines H\u00e4ftlings\"},{\"@type\":\"BreadcrumbList\",\"@id\":\"https:\\\/\\\/bpk-archive.de\\\/tuellmann\\\/produkt\\\/entlassung-eines-haeftlings\\\/#breadcrumb\",\"itemListElement\":[{\"@type\":\"ListItem\",\"position\":1,\"name\":\"Startseite\",\"item\":\"https:\\\/\\\/bpk-archive.de\\\/tuellmann\\\/\"},{\"@type\":\"ListItem\",\"position\":2,\"name\":\"Shop\",\"item\":\"https:\\\/\\\/bpk-archive.de\\\/tuellmann\\\/shop\\\/\"},{\"@type\":\"ListItem\",\"position\":3,\"name\":\"Entlassung eines H\u00e4ftlings\"}]},{\"@type\":\"WebSite\",\"@id\":\"https:\\\/\\\/bpk-archive.de\\\/tuellmann\\\/#website\",\"url\":\"https:\\\/\\\/bpk-archive.de\\\/tuellmann\\\/\",\"name\":\"Abisag T\u00fcllmann\",\"description\":\"Eine weitere WordPress-Website\",\"potentialAction\":[{\"@type\":\"SearchAction\",\"target\":{\"@type\":\"EntryPoint\",\"urlTemplate\":\"https:\\\/\\\/bpk-archive.de\\\/tuellmann\\\/?s={search_term_string}\"},\"query-input\":{\"@type\":\"PropertyValueSpecification\",\"valueRequired\":true,\"valueName\":\"search_term_string\"}}],\"inLanguage\":\"de\"}]}<\/script>\n<!-- \/ Yoast SEO plugin. -->","yoast_head_json":{"title":"Entlassung eines H\u00e4ftlings - Abisag T\u00fcllmann","robots":{"index":"index","follow":"follow","max-snippet":"max-snippet:-1","max-image-preview":"max-image-preview:large","max-video-preview":"max-video-preview:-1"},"canonical":"https:\/\/bpk-archive.de\/tuellmann\/produkt\/entlassung-eines-haeftlings\/","og_locale":"de_DE","og_type":"article","og_title":"Entlassung eines H\u00e4ftlings - Abisag T\u00fcllmann","og_description":"Auftrag f\u00fcr &#8222;Pardon&#8220;","og_url":"https:\/\/bpk-archive.de\/tuellmann\/produkt\/entlassung-eines-haeftlings\/","og_site_name":"Abisag T\u00fcllmann","article_modified_time":"2019-09-05T14:08:59+00:00","og_image":[{"width":971,"height":1200,"url":"https:\/\/bpk-archive.de\/tuellmann\/wp-content\/uploads\/2019\/08\/bpk_70366492.jpg","type":"image\/jpeg"}],"twitter_card":"summary_large_image","schema":{"@context":"https:\/\/schema.org","@graph":[{"@type":"WebPage","@id":"https:\/\/bpk-archive.de\/tuellmann\/produkt\/entlassung-eines-haeftlings\/","url":"https:\/\/bpk-archive.de\/tuellmann\/produkt\/entlassung-eines-haeftlings\/","name":"Entlassung eines H\u00e4ftlings - Abisag T\u00fcllmann","isPartOf":{"@id":"https:\/\/bpk-archive.de\/tuellmann\/#website"},"primaryImageOfPage":{"@id":"https:\/\/bpk-archive.de\/tuellmann\/produkt\/entlassung-eines-haeftlings\/#primaryimage"},"image":{"@id":"https:\/\/bpk-archive.de\/tuellmann\/produkt\/entlassung-eines-haeftlings\/#primaryimage"},"thumbnailUrl":"https:\/\/bpk-archive.de\/tuellmann\/wp-content\/uploads\/2019\/08\/bpk_70366492.jpg","datePublished":"2019-09-05T14:08:46+00:00","dateModified":"2019-09-05T14:08:59+00:00","breadcrumb":{"@id":"https:\/\/bpk-archive.de\/tuellmann\/produkt\/entlassung-eines-haeftlings\/#breadcrumb"},"inLanguage":"de","potentialAction":[{"@type":"ReadAction","target":["https:\/\/bpk-archive.de\/tuellmann\/produkt\/entlassung-eines-haeftlings\/"]}]},{"@type":"ImageObject","inLanguage":"de","@id":"https:\/\/bpk-archive.de\/tuellmann\/produkt\/entlassung-eines-haeftlings\/#primaryimage","url":"https:\/\/bpk-archive.de\/tuellmann\/wp-content\/uploads\/2019\/08\/bpk_70366492.jpg","contentUrl":"https:\/\/bpk-archive.de\/tuellmann\/wp-content\/uploads\/2019\/08\/bpk_70366492.jpg","width":971,"height":1200,"caption":"Entlassung eines H\u00e4ftlings"},{"@type":"BreadcrumbList","@id":"https:\/\/bpk-archive.de\/tuellmann\/produkt\/entlassung-eines-haeftlings\/#breadcrumb","itemListElement":[{"@type":"ListItem","position":1,"name":"Startseite","item":"https:\/\/bpk-archive.de\/tuellmann\/"},{"@type":"ListItem","position":2,"name":"Shop","item":"https:\/\/bpk-archive.de\/tuellmann\/shop\/"},{"@type":"ListItem","position":3,"name":"Entlassung eines H\u00e4ftlings"}]},{"@type":"WebSite","@id":"https:\/\/bpk-archive.de\/tuellmann\/#website","url":"https:\/\/bpk-archive.de\/tuellmann\/","name":"Abisag T\u00fcllmann","description":"Eine weitere WordPress-Website","potentialAction":[{"@type":"SearchAction","target":{"@type":"EntryPoint","urlTemplate":"https:\/\/bpk-archive.de\/tuellmann\/?s={search_term_string}"},"query-input":{"@type":"PropertyValueSpecification","valueRequired":true,"valueName":"search_term_string"}}],"inLanguage":"de"}]}},"_links":{"self":[{"href":"https:\/\/bpk-archive.de\/tuellmann\/wp-json\/wp\/v2\/product\/70296674","targetHints":{"allow":["GET"]}}],"collection":[{"href":"https:\/\/bpk-archive.de\/tuellmann\/wp-json\/wp\/v2\/product"}],"about":[{"href":"https:\/\/bpk-archive.de\/tuellmann\/wp-json\/wp\/v2\/types\/product"}],"wp:featuredmedia":[{"embeddable":true,"href":"https:\/\/bpk-archive.de\/tuellmann\/wp-json\/wp\/v2\/media\/70293399"}],"wp:attachment":[{"href":"https:\/\/bpk-archive.de\/tuellmann\/wp-json\/wp\/v2\/media?parent=70296674"}],"wp:term":[{"taxonomy":"product_brand","embeddable":true,"href":"https:\/\/bpk-archive.de\/tuellmann\/wp-json\/wp\/v2\/product_brand?post=70296674"},{"taxonomy":"product_cat","embeddable":true,"href":"https:\/\/bpk-archive.de\/tuellmann\/wp-json\/wp\/v2\/product_cat?post=70296674"},{"taxonomy":"product_tag","embeddable":true,"href":"https:\/\/bpk-archive.de\/tuellmann\/wp-json\/wp\/v2\/product_tag?post=70296674"}],"curies":[{"name":"wp","href":"https:\/\/api.w.org\/{rel}","templated":true}]}}