{"id":70296637,"date":"2019-09-05T16:08:13","date_gmt":"2019-09-05T14:08:13","guid":{"rendered":"http:\/\/abisagtuellmann.bpk-news.de\/atbild\/wohnung-von-douglas-white-in-salisbury-rhodesien-heute-simbabwe\/"},"modified":"2019-09-05T16:08:27","modified_gmt":"2019-09-05T14:08:27","slug":"wohnung-von-douglas-white-in-salisbury-rhodesien-heute-simbabwe","status":"publish","type":"product","link":"https:\/\/bpk-archive.de\/tuellmann\/produkt\/wohnung-von-douglas-white-in-salisbury-rhodesien-heute-simbabwe\/","title":{"rendered":"Wohnung von Douglas White in Salisbury, Rhodesien (heute Simbabwe)"},"content":{"rendered":"<p>Ein Mann (Douglas White?) und zwei Frauen sitzen im Wohnzimmer vor dem Kamin auf dem Teppich, an der Wand im Hintergrund h\u00e4ngt ein Portr\u00e4t des Hausherren als milit\u00e4rischer W\u00fcrdentr\u00e4ger R\u00fcckseitenbeschriftung von Hand der Fotografin: &#8222;Rhodesien, Salisbury. Das Bild an der Wand ist ein Portr\u00e4t des Hausherren (der in der Mitte sitzt)&#8220;<\/p>\n","protected":false},"excerpt":{"rendered":"<p>Ein Mann (Douglas White?) und zwei Frauen sitzen im Wohnzimmer vor dem Kamin auf dem Teppich, an der Wand im Hintergrund h\u00e4ngt ein Portr\u00e4t des Hausherren als milit\u00e4rischer W\u00fcrdentr\u00e4ger R\u00fcckseitenbeschriftung von Hand der Fotografin: &#8222;Rhodesien, Salisbury. Das Bild an der Wand ist ein Portr\u00e4t des Hausherren (der in der Mitte sitzt)&#8220;<\/p>\n","protected":false},"featured_media":70293604,"template":"","meta":[],"product_brand":[],"product_cat":[],"product_tag":[13230,13232,13234,13231,13233,13235,14172,13777,13236,13237,13238,13239,13240,13241,13242,13243,13244,13245,14173,49596,49597,49598,49599,49600,49601,49602,47988,13784,13785,47880,48749,48750,48751,48752,48753,48754,13253,13254,13255,13256,13257,13473,49993,49994,49995,49996,49997,47425,47426,48849,48850,48851,48852,48853,48854,48855,48856,48857,48858,13293,13786,13787,13294,13295,13296,13297,13487,13488,48621,48622,48623,48099,48100,47579,47580,47581,47582,64178,13498,47589,47590,13505,13506,14000,14001,14002,14003,14004,14005,14006,48005,48006,48007,48008,48009,48010,48011,48755,48756,48757,48758,48759,48760,13818,13819,13820,13821,13822,13823,13824,13825,13826,13328,13827,13828,13329,13330,13331,13332,13829,13830,13831,13832,13833,13834,13835,13836,13837,13838,13839,13840,13841,13842,13843,49999,50000,50001,50002,50003,14238,14239,56666,56667,14240,13877,13879,13865,13864,13866,13858,13859,13860,13861,13862,13863,13354,13869,13870,13871,13872,14241,14242,56668,56669,14243,14244,14245,14246,14247,14248,14249,13363,13364,13365,13366,13367,13368,13369,13878,13880,49647,49648,49649,49650,13525,56623,56624,56625,56626,56627,56628,14254,48805,48804],"class_list":{"0":"post-70296637","1":"product","2":"type-product","3":"status-publish","4":"has-post-thumbnail","6":"product_tag-1970er-jahre","7":"product_tag-20-jahrhundert-nach-chr","8":"product_tag-20-jh-n-chr","9":"product_tag-20-jahrhundert","10":"product_tag-20-jh","11":"product_tag-70er","12":"product_tag-abt_010","13":"product_tag-abzug","14":"product_tag-afrika","15":"product_tag-afrikaner","16":"product_tag-afrikanerin","17":"product_tag-afrikanerinnen","18":"product_tag-afrikanisch","19":"product_tag-afrikanische","20":"product_tag-afrikanischen","21":"product_tag-afrikanischer","22":"product_tag-afrikanisches","23":"product_tag-afrikas","24":"product_tag-at_rhodesien","25":"product_tag-barfuss","26":"product_tag-barfuessig","27":"product_tag-barfuessige","28":"product_tag-barfuessigen","29":"product_tag-barfuessiger","30":"product_tag-barfuessiges","31":"product_tag-barfuessigkeit","32":"product_tag-bild-im-bild","33":"product_tag-bildnis","34":"product_tag-bildnisse","35":"product_tag-blickwechsel","36":"product_tag-cool","37":"product_tag-coole","38":"product_tag-coolen","39":"product_tag-cooler","40":"product_tag-cooles","41":"product_tag-coolness","42":"product_tag-deutsch","43":"product_tag-deutsche","44":"product_tag-deutschen","45":"product_tag-deutscher","46":"product_tag-deutsches","47":"product_tag-drinnen","48":"product_tag-entspannen","49":"product_tag-entspannt","50":"product_tag-entspannte","51":"product_tag-entspannter","52":"product_tag-entspanntes","53":"product_tag-familie","54":"product_tag-familien","55":"product_tag-familienbild","56":"product_tag-familienbilder","57":"product_tag-familienbildes","58":"product_tag-familienbildnis","59":"product_tag-familienbildnisse","60":"product_tag-familienbilds","61":"product_tag-familienportrait","62":"product_tag-familienportraits","63":"product_tag-familienportraet","64":"product_tag-familienportraets","65":"product_tag-foto","66":"product_tag-fotoabzug","67":"product_tag-fotoabzuege","68":"product_tag-fotografie","69":"product_tag-fotografien","70":"product_tag-fotografin","71":"product_tag-fotografinnen","72":"product_tag-frau","73":"product_tag-frauen","74":"product_tag-freizeit","75":"product_tag-freizeitbeschaeftigung","76":"product_tag-freizeitgestaltung","77":"product_tag-fussboden","78":"product_tag-fussbodens","79":"product_tag-gespraech","80":"product_tag-gespraeche","81":"product_tag-gespraeches","82":"product_tag-gespraechs","83":"product_tag-hausherr","84":"product_tag-innen","85":"product_tag-konversation","86":"product_tag-konversationen","87":"product_tag-kunstwerk","88":"product_tag-kunstwerke","89":"product_tag-laecheln","90":"product_tag-laechelnd","91":"product_tag-laechelnde","92":"product_tag-laechelnden","93":"product_tag-laechelnder","94":"product_tag-laechelndes","95":"product_tag-laechelt","96":"product_tag-lachen","97":"product_tag-lachend","98":"product_tag-lachende","99":"product_tag-lachendem","100":"product_tag-lachenden","101":"product_tag-lachender","102":"product_tag-lachendes","103":"product_tag-laessig","104":"product_tag-laessige","105":"product_tag-laessigen","106":"product_tag-laessiger","107":"product_tag-laessiges","108":"product_tag-laessigkeit","109":"product_tag-mann","110":"product_tag-maenner","111":"product_tag-maennerbildnis","112":"product_tag-maennerbildnisse","113":"product_tag-maennerportrait","114":"product_tag-maennerportraits","115":"product_tag-maennerportraet","116":"product_tag-maennerportraets","117":"product_tag-mannes","118":"product_tag-photo","119":"product_tag-photoabzug","120":"product_tag-photoabzuege","121":"product_tag-photographie","122":"product_tag-photographien","123":"product_tag-photographin","124":"product_tag-photographinnen","125":"product_tag-portrait","126":"product_tag-portraitaufnahme","127":"product_tag-portraitfoto","128":"product_tag-portraitfotografie","129":"product_tag-portraitphoto","130":"product_tag-portraitphotographie","131":"product_tag-portraits","132":"product_tag-portraet","133":"product_tag-portraetaufnahme","134":"product_tag-portraetfoto","135":"product_tag-portraetfotografie","136":"product_tag-portraetphoto","137":"product_tag-portraetphotographie","138":"product_tag-portraets","139":"product_tag-print","140":"product_tag-relaxen","141":"product_tag-relaxt","142":"product_tag-relaxte","143":"product_tag-relaxter","144":"product_tag-relaxtes","145":"product_tag-rhodesien","146":"product_tag-rhodesier","147":"product_tag-rhodesierin","148":"product_tag-rhodesierinnen","149":"product_tag-rhodesisch","150":"product_tag-s-w-fotografie","151":"product_tag-s-w-photographie","152":"product_tag-schwarzweissphotographie","153":"product_tag-schwarz-weiss-fotografie","154":"product_tag-schwarz-weiss-photographie","155":"product_tag-schwarzweiss","156":"product_tag-schwarzweisse","157":"product_tag-schwarzweissen","158":"product_tag-schwarzweisser","159":"product_tag-schwarzweisses","160":"product_tag-schwarzweissfotografie","161":"product_tag-siebziger","162":"product_tag-silbergelatine","163":"product_tag-silbergelatineabzug","164":"product_tag-silbergelatineabzuege","165":"product_tag-silbergelatineprint","166":"product_tag-simbabwe","167":"product_tag-simbabwer","168":"product_tag-simbabwerin","169":"product_tag-simbabwerinnen","170":"product_tag-sitzen","171":"product_tag-sitzend","172":"product_tag-sitzende","173":"product_tag-sitzenden","174":"product_tag-sitzender","175":"product_tag-sitzendes","176":"product_tag-sitzt","177":"product_tag-suedafrika","178":"product_tag-suedafrikanisch","179":"product_tag-suedafrikanische","180":"product_tag-suedafrikanischen","181":"product_tag-suedafrikanischer","182":"product_tag-suedafrikanisches","183":"product_tag-suedafrikas","184":"product_tag-sw-fotografie","185":"product_tag-sw-photographie","186":"product_tag-teppich","187":"product_tag-teppiche","188":"product_tag-teppichen","189":"product_tag-teppichs","190":"product_tag-von-innen","191":"product_tag-weiss","192":"product_tag-weisse","193":"product_tag-weissem","194":"product_tag-weissen","195":"product_tag-weisser","196":"product_tag-weisses","197":"product_tag-zimbabwe","198":"product_tag-zu-hause","199":"product_tag-zuhause","200":"pa_datierung-september-1971","201":"pa_fotograf-abisag-tuellmann","202":"pa_geografischer_bezug-aufnahmeort-salisbury-harare-rhodesien-simbabwe","203":"pa_grunddaten_material_technik-foto-silbergelatine-auf-barytpapier","204":"pa_inventarnummer-tue-71-117-04a","205":"pa_jahr_von-49516","206":"pa_massangaben-bildformat-foto-224-x-303-cm","207":"pa_mediennummer-64176","208":"pa_objekt_typ-fotografie","210":"first","211":"instock","212":"product-type-simple"},"yoast_head":"<!-- This site is optimized with the Yoast SEO plugin v27.4 - https:\/\/yoast.com\/product\/yoast-seo-wordpress\/ -->\n<title>Wohnung von Douglas White in Salisbury, Rhodesien (heute Simbabwe) - Abisag T\u00fcllmann<\/title>\n<meta name=\"robots\" content=\"index, follow, max-snippet:-1, max-image-preview:large, max-video-preview:-1\" \/>\n<link rel=\"canonical\" href=\"https:\/\/bpk-archive.de\/tuellmann\/produkt\/wohnung-von-douglas-white-in-salisbury-rhodesien-heute-simbabwe\/\" \/>\n<meta property=\"og:locale\" content=\"de_DE\" \/>\n<meta property=\"og:type\" content=\"article\" \/>\n<meta property=\"og:title\" content=\"Wohnung von Douglas White in Salisbury, Rhodesien (heute Simbabwe) - Abisag T\u00fcllmann\" \/>\n<meta property=\"og:description\" content=\"Ein Mann (Douglas White?) und zwei Frauen sitzen im Wohnzimmer vor dem Kamin auf dem Teppich, an der Wand im Hintergrund h\u00e4ngt ein Portr\u00e4t des Hausherren als milit\u00e4rischer W\u00fcrdentr\u00e4ger R\u00fcckseitenbeschriftung von Hand der Fotografin: &#8222;Rhodesien, Salisbury. Das Bild an der Wand ist ein Portr\u00e4t des Hausherren (der in der Mitte sitzt)&#8220;\" \/>\n<meta property=\"og:url\" content=\"https:\/\/bpk-archive.de\/tuellmann\/produkt\/wohnung-von-douglas-white-in-salisbury-rhodesien-heute-simbabwe\/\" \/>\n<meta property=\"og:site_name\" content=\"Abisag T\u00fcllmann\" \/>\n<meta property=\"article:modified_time\" content=\"2019-09-05T14:08:27+00:00\" \/>\n<meta property=\"og:image\" content=\"https:\/\/bpk-archive.de\/tuellmann\/wp-content\/uploads\/2019\/08\/bpk_70367282.jpg\" \/>\n\t<meta property=\"og:image:width\" content=\"1200\" \/>\n\t<meta property=\"og:image:height\" content=\"902\" \/>\n\t<meta property=\"og:image:type\" content=\"image\/jpeg\" \/>\n<meta name=\"twitter:card\" content=\"summary_large_image\" \/>\n<script type=\"application\/ld+json\" class=\"yoast-schema-graph\">{\"@context\":\"https:\\\/\\\/schema.org\",\"@graph\":[{\"@type\":\"WebPage\",\"@id\":\"https:\\\/\\\/bpk-archive.de\\\/tuellmann\\\/produkt\\\/wohnung-von-douglas-white-in-salisbury-rhodesien-heute-simbabwe\\\/\",\"url\":\"https:\\\/\\\/bpk-archive.de\\\/tuellmann\\\/produkt\\\/wohnung-von-douglas-white-in-salisbury-rhodesien-heute-simbabwe\\\/\",\"name\":\"Wohnung von Douglas White in Salisbury, Rhodesien (heute Simbabwe) - Abisag T\u00fcllmann\",\"isPartOf\":{\"@id\":\"https:\\\/\\\/bpk-archive.de\\\/tuellmann\\\/#website\"},\"primaryImageOfPage\":{\"@id\":\"https:\\\/\\\/bpk-archive.de\\\/tuellmann\\\/produkt\\\/wohnung-von-douglas-white-in-salisbury-rhodesien-heute-simbabwe\\\/#primaryimage\"},\"image\":{\"@id\":\"https:\\\/\\\/bpk-archive.de\\\/tuellmann\\\/produkt\\\/wohnung-von-douglas-white-in-salisbury-rhodesien-heute-simbabwe\\\/#primaryimage\"},\"thumbnailUrl\":\"https:\\\/\\\/bpk-archive.de\\\/tuellmann\\\/wp-content\\\/uploads\\\/2019\\\/08\\\/bpk_70367282.jpg\",\"datePublished\":\"2019-09-05T14:08:13+00:00\",\"dateModified\":\"2019-09-05T14:08:27+00:00\",\"breadcrumb\":{\"@id\":\"https:\\\/\\\/bpk-archive.de\\\/tuellmann\\\/produkt\\\/wohnung-von-douglas-white-in-salisbury-rhodesien-heute-simbabwe\\\/#breadcrumb\"},\"inLanguage\":\"de\",\"potentialAction\":[{\"@type\":\"ReadAction\",\"target\":[\"https:\\\/\\\/bpk-archive.de\\\/tuellmann\\\/produkt\\\/wohnung-von-douglas-white-in-salisbury-rhodesien-heute-simbabwe\\\/\"]}]},{\"@type\":\"ImageObject\",\"inLanguage\":\"de\",\"@id\":\"https:\\\/\\\/bpk-archive.de\\\/tuellmann\\\/produkt\\\/wohnung-von-douglas-white-in-salisbury-rhodesien-heute-simbabwe\\\/#primaryimage\",\"url\":\"https:\\\/\\\/bpk-archive.de\\\/tuellmann\\\/wp-content\\\/uploads\\\/2019\\\/08\\\/bpk_70367282.jpg\",\"contentUrl\":\"https:\\\/\\\/bpk-archive.de\\\/tuellmann\\\/wp-content\\\/uploads\\\/2019\\\/08\\\/bpk_70367282.jpg\",\"width\":1200,\"height\":902,\"caption\":\"Wohnung von Douglas White in Salisbury, Rhodesien (heute Simbabwe)\"},{\"@type\":\"BreadcrumbList\",\"@id\":\"https:\\\/\\\/bpk-archive.de\\\/tuellmann\\\/produkt\\\/wohnung-von-douglas-white-in-salisbury-rhodesien-heute-simbabwe\\\/#breadcrumb\",\"itemListElement\":[{\"@type\":\"ListItem\",\"position\":1,\"name\":\"Startseite\",\"item\":\"https:\\\/\\\/bpk-archive.de\\\/tuellmann\\\/\"},{\"@type\":\"ListItem\",\"position\":2,\"name\":\"Shop\",\"item\":\"https:\\\/\\\/bpk-archive.de\\\/tuellmann\\\/shop\\\/\"},{\"@type\":\"ListItem\",\"position\":3,\"name\":\"Wohnung von Douglas White in Salisbury, Rhodesien (heute Simbabwe)\"}]},{\"@type\":\"WebSite\",\"@id\":\"https:\\\/\\\/bpk-archive.de\\\/tuellmann\\\/#website\",\"url\":\"https:\\\/\\\/bpk-archive.de\\\/tuellmann\\\/\",\"name\":\"Abisag T\u00fcllmann\",\"description\":\"Eine weitere WordPress-Website\",\"potentialAction\":[{\"@type\":\"SearchAction\",\"target\":{\"@type\":\"EntryPoint\",\"urlTemplate\":\"https:\\\/\\\/bpk-archive.de\\\/tuellmann\\\/?s={search_term_string}\"},\"query-input\":{\"@type\":\"PropertyValueSpecification\",\"valueRequired\":true,\"valueName\":\"search_term_string\"}}],\"inLanguage\":\"de\"}]}<\/script>\n<!-- \/ Yoast SEO plugin. -->","yoast_head_json":{"title":"Wohnung von Douglas White in Salisbury, Rhodesien (heute Simbabwe) - Abisag T\u00fcllmann","robots":{"index":"index","follow":"follow","max-snippet":"max-snippet:-1","max-image-preview":"max-image-preview:large","max-video-preview":"max-video-preview:-1"},"canonical":"https:\/\/bpk-archive.de\/tuellmann\/produkt\/wohnung-von-douglas-white-in-salisbury-rhodesien-heute-simbabwe\/","og_locale":"de_DE","og_type":"article","og_title":"Wohnung von Douglas White in Salisbury, Rhodesien (heute Simbabwe) - Abisag T\u00fcllmann","og_description":"Ein Mann (Douglas White?) und zwei Frauen sitzen im Wohnzimmer vor dem Kamin auf dem Teppich, an der Wand im Hintergrund h\u00e4ngt ein Portr\u00e4t des Hausherren als milit\u00e4rischer W\u00fcrdentr\u00e4ger R\u00fcckseitenbeschriftung von Hand der Fotografin: &#8222;Rhodesien, Salisbury. Das Bild an der Wand ist ein Portr\u00e4t des Hausherren (der in der Mitte sitzt)&#8220;","og_url":"https:\/\/bpk-archive.de\/tuellmann\/produkt\/wohnung-von-douglas-white-in-salisbury-rhodesien-heute-simbabwe\/","og_site_name":"Abisag T\u00fcllmann","article_modified_time":"2019-09-05T14:08:27+00:00","og_image":[{"width":1200,"height":902,"url":"https:\/\/bpk-archive.de\/tuellmann\/wp-content\/uploads\/2019\/08\/bpk_70367282.jpg","type":"image\/jpeg"}],"twitter_card":"summary_large_image","schema":{"@context":"https:\/\/schema.org","@graph":[{"@type":"WebPage","@id":"https:\/\/bpk-archive.de\/tuellmann\/produkt\/wohnung-von-douglas-white-in-salisbury-rhodesien-heute-simbabwe\/","url":"https:\/\/bpk-archive.de\/tuellmann\/produkt\/wohnung-von-douglas-white-in-salisbury-rhodesien-heute-simbabwe\/","name":"Wohnung von Douglas White in Salisbury, Rhodesien (heute Simbabwe) - Abisag T\u00fcllmann","isPartOf":{"@id":"https:\/\/bpk-archive.de\/tuellmann\/#website"},"primaryImageOfPage":{"@id":"https:\/\/bpk-archive.de\/tuellmann\/produkt\/wohnung-von-douglas-white-in-salisbury-rhodesien-heute-simbabwe\/#primaryimage"},"image":{"@id":"https:\/\/bpk-archive.de\/tuellmann\/produkt\/wohnung-von-douglas-white-in-salisbury-rhodesien-heute-simbabwe\/#primaryimage"},"thumbnailUrl":"https:\/\/bpk-archive.de\/tuellmann\/wp-content\/uploads\/2019\/08\/bpk_70367282.jpg","datePublished":"2019-09-05T14:08:13+00:00","dateModified":"2019-09-05T14:08:27+00:00","breadcrumb":{"@id":"https:\/\/bpk-archive.de\/tuellmann\/produkt\/wohnung-von-douglas-white-in-salisbury-rhodesien-heute-simbabwe\/#breadcrumb"},"inLanguage":"de","potentialAction":[{"@type":"ReadAction","target":["https:\/\/bpk-archive.de\/tuellmann\/produkt\/wohnung-von-douglas-white-in-salisbury-rhodesien-heute-simbabwe\/"]}]},{"@type":"ImageObject","inLanguage":"de","@id":"https:\/\/bpk-archive.de\/tuellmann\/produkt\/wohnung-von-douglas-white-in-salisbury-rhodesien-heute-simbabwe\/#primaryimage","url":"https:\/\/bpk-archive.de\/tuellmann\/wp-content\/uploads\/2019\/08\/bpk_70367282.jpg","contentUrl":"https:\/\/bpk-archive.de\/tuellmann\/wp-content\/uploads\/2019\/08\/bpk_70367282.jpg","width":1200,"height":902,"caption":"Wohnung von Douglas White in Salisbury, Rhodesien (heute Simbabwe)"},{"@type":"BreadcrumbList","@id":"https:\/\/bpk-archive.de\/tuellmann\/produkt\/wohnung-von-douglas-white-in-salisbury-rhodesien-heute-simbabwe\/#breadcrumb","itemListElement":[{"@type":"ListItem","position":1,"name":"Startseite","item":"https:\/\/bpk-archive.de\/tuellmann\/"},{"@type":"ListItem","position":2,"name":"Shop","item":"https:\/\/bpk-archive.de\/tuellmann\/shop\/"},{"@type":"ListItem","position":3,"name":"Wohnung von Douglas White in Salisbury, Rhodesien (heute Simbabwe)"}]},{"@type":"WebSite","@id":"https:\/\/bpk-archive.de\/tuellmann\/#website","url":"https:\/\/bpk-archive.de\/tuellmann\/","name":"Abisag T\u00fcllmann","description":"Eine weitere WordPress-Website","potentialAction":[{"@type":"SearchAction","target":{"@type":"EntryPoint","urlTemplate":"https:\/\/bpk-archive.de\/tuellmann\/?s={search_term_string}"},"query-input":{"@type":"PropertyValueSpecification","valueRequired":true,"valueName":"search_term_string"}}],"inLanguage":"de"}]}},"_links":{"self":[{"href":"https:\/\/bpk-archive.de\/tuellmann\/wp-json\/wp\/v2\/product\/70296637","targetHints":{"allow":["GET"]}}],"collection":[{"href":"https:\/\/bpk-archive.de\/tuellmann\/wp-json\/wp\/v2\/product"}],"about":[{"href":"https:\/\/bpk-archive.de\/tuellmann\/wp-json\/wp\/v2\/types\/product"}],"wp:featuredmedia":[{"embeddable":true,"href":"https:\/\/bpk-archive.de\/tuellmann\/wp-json\/wp\/v2\/media\/70293604"}],"wp:attachment":[{"href":"https:\/\/bpk-archive.de\/tuellmann\/wp-json\/wp\/v2\/media?parent=70296637"}],"wp:term":[{"taxonomy":"product_brand","embeddable":true,"href":"https:\/\/bpk-archive.de\/tuellmann\/wp-json\/wp\/v2\/product_brand?post=70296637"},{"taxonomy":"product_cat","embeddable":true,"href":"https:\/\/bpk-archive.de\/tuellmann\/wp-json\/wp\/v2\/product_cat?post=70296637"},{"taxonomy":"product_tag","embeddable":true,"href":"https:\/\/bpk-archive.de\/tuellmann\/wp-json\/wp\/v2\/product_tag?post=70296637"}],"curies":[{"name":"wp","href":"https:\/\/api.w.org\/{rel}","templated":true}]}}