{"id":70296634,"date":"2019-09-05T16:08:13","date_gmt":"2019-09-05T14:08:13","guid":{"rendered":"http:\/\/abisagtuellmann.bpk-news.de\/atbild\/generalleutnant-peter-walls-oberbefehlshaber-der-streitkraefte-von-rhodesien-1977-1980\/"},"modified":"2019-09-05T16:08:24","modified_gmt":"2019-09-05T14:08:24","slug":"generalleutnant-peter-walls-oberbefehlshaber-der-streitkraefte-von-rhodesien-1977-1980","status":"publish","type":"product","link":"https:\/\/bpk-archive.de\/tuellmann\/produkt\/generalleutnant-peter-walls-oberbefehlshaber-der-streitkraefte-von-rhodesien-1977-1980\/","title":{"rendered":"Generalleutnant Peter Walls, Oberbefehlshaber der Streitkr\u00e4fte von Rhodesien (1977-1980)"},"content":{"rendered":"<p>R\u00fcckseitenbeschriftung von Hand der Fotografin: &#8222;Zimbabwe-Rhodesien: Gen. Peter Walls&#8220;<\/p>\n","protected":false},"excerpt":{"rendered":"<p>R\u00fcckseitenbeschriftung von Hand der Fotografin: &#8222;Zimbabwe-Rhodesien: Gen. Peter Walls&#8220;<\/p>\n","protected":false},"featured_media":70293584,"template":"","meta":[],"product_brand":[],"product_cat":[],"product_tag":[13230,13232,13234,13231,13233,13235,14172,13777,13236,13237,13240,13241,13242,13243,13244,13245,14173,64163,13784,13785,50567,50568,50569,50570,49469,49470,49471,13253,13254,13255,13256,13257,13473,13293,13786,13787,13294,13295,13296,13297,58448,58449,49481,13498,64164,64165,13818,13819,13820,13821,13822,13823,13824,13825,13826,47592,47593,49484,64166,47899,47900,13328,13827,13828,13329,13330,13331,13332,13829,13830,13831,13832,13833,13834,13835,13836,13837,13838,13839,13840,13841,13842,13843,14238,14239,14240,13877,13879,13865,13864,13866,13858,13859,13860,13861,13862,13863,47701,13354,13869,13870,13871,13872,14241,14242,64167,13363,13364,13365,13366,13367,13368,13369,13878,13880,48797,48798,13525,56623,56624,56625,56626,56627,56628,14254],"class_list":{"0":"post-70296634","1":"product","2":"type-product","3":"status-publish","4":"has-post-thumbnail","6":"product_tag-1970er-jahre","7":"product_tag-20-jahrhundert-nach-chr","8":"product_tag-20-jh-n-chr","9":"product_tag-20-jahrhundert","10":"product_tag-20-jh","11":"product_tag-70er","12":"product_tag-abt_010","13":"product_tag-abzug","14":"product_tag-afrika","15":"product_tag-afrikaner","16":"product_tag-afrikanisch","17":"product_tag-afrikanische","18":"product_tag-afrikanischen","19":"product_tag-afrikanischer","20":"product_tag-afrikanisches","21":"product_tag-afrikas","22":"product_tag-at_rhodesien","23":"product_tag-befehlshaber","24":"product_tag-bildnis","25":"product_tag-bildnisse","26":"product_tag-brustbild","27":"product_tag-brustbilder","28":"product_tag-brustbildnis","29":"product_tag-bruststueck","30":"product_tag-close-up","31":"product_tag-detail","32":"product_tag-details","33":"product_tag-deutsch","34":"product_tag-deutsche","35":"product_tag-deutschen","36":"product_tag-deutscher","37":"product_tag-deutsches","38":"product_tag-drinnen","39":"product_tag-foto","40":"product_tag-fotoabzug","41":"product_tag-fotoabzuege","42":"product_tag-fotografie","43":"product_tag-fotografien","44":"product_tag-fotografin","45":"product_tag-fotografinnen","46":"product_tag-general","47":"product_tag-generale","48":"product_tag-grossaufnahme","49":"product_tag-innen","50":"product_tag-kommandeur","51":"product_tag-kommandeure","52":"product_tag-mann","53":"product_tag-maenner","54":"product_tag-maennerbildnis","55":"product_tag-maennerbildnisse","56":"product_tag-maennerportrait","57":"product_tag-maennerportraits","58":"product_tag-maennerportraet","59":"product_tag-maennerportraets","60":"product_tag-mannes","61":"product_tag-militaer","62":"product_tag-militaers","63":"product_tag-nahaufnahme","64":"product_tag-oberbefehlshaber","65":"product_tag-persoenlichkeit","66":"product_tag-persoenlichkeiten","67":"product_tag-photo","68":"product_tag-photoabzug","69":"product_tag-photoabzuege","70":"product_tag-photographie","71":"product_tag-photographien","72":"product_tag-photographin","73":"product_tag-photographinnen","74":"product_tag-portrait","75":"product_tag-portraitaufnahme","76":"product_tag-portraitfoto","77":"product_tag-portraitfotografie","78":"product_tag-portraitphoto","79":"product_tag-portraitphotographie","80":"product_tag-portraits","81":"product_tag-portraet","82":"product_tag-portraetaufnahme","83":"product_tag-portraetfoto","84":"product_tag-portraetfotografie","85":"product_tag-portraetphoto","86":"product_tag-portraetphotographie","87":"product_tag-portraets","88":"product_tag-print","89":"product_tag-rhodesien","90":"product_tag-rhodesier","91":"product_tag-rhodesisch","92":"product_tag-s-w-fotografie","93":"product_tag-s-w-photographie","94":"product_tag-schwarzweissphotographie","95":"product_tag-schwarz-weiss-fotografie","96":"product_tag-schwarz-weiss-photographie","97":"product_tag-schwarzweiss","98":"product_tag-schwarzweisse","99":"product_tag-schwarzweissen","100":"product_tag-schwarzweisser","101":"product_tag-schwarzweisses","102":"product_tag-schwarzweissfotografie","103":"product_tag-seitenblick","104":"product_tag-siebziger","105":"product_tag-silbergelatine","106":"product_tag-silbergelatineabzug","107":"product_tag-silbergelatineabzuege","108":"product_tag-silbergelatineprint","109":"product_tag-simbabwe","110":"product_tag-simbabwer","111":"product_tag-streitkraefte","112":"product_tag-suedafrika","113":"product_tag-suedafrikanisch","114":"product_tag-suedafrikanische","115":"product_tag-suedafrikanischen","116":"product_tag-suedafrikanischer","117":"product_tag-suedafrikanisches","118":"product_tag-suedafrikas","119":"product_tag-sw-fotografie","120":"product_tag-sw-photographie","121":"product_tag-uniform","122":"product_tag-uniformen","123":"product_tag-von-innen","124":"product_tag-weiss","125":"product_tag-weisse","126":"product_tag-weissem","127":"product_tag-weissen","128":"product_tag-weisser","129":"product_tag-weisses","130":"product_tag-zimbabwe","131":"pa_datierung-april-1979","132":"pa_fotograf-abisag-tuellmann","133":"pa_geografischer_bezug-aufnahmeort-salisbury-harare-rhodesien-simbabwe","134":"pa_grunddaten_material_technik-foto-silbergelatine-auf-barytpapier","135":"pa_inventarnummer-tue-79-035-25","136":"pa_jahr_von-14087","137":"pa_massangaben-bildformat-foto-232-x-303-cm","138":"pa_mediennummer-64161","139":"pa_objekt_typ-fotografie","141":"first","142":"instock","143":"product-type-simple"},"yoast_head":"<!-- This site is optimized with the Yoast SEO plugin v27.4 - https:\/\/yoast.com\/product\/yoast-seo-wordpress\/ -->\n<title>Generalleutnant Peter Walls, Oberbefehlshaber der Streitkr\u00e4fte von Rhodesien (1977-1980) - Abisag T\u00fcllmann<\/title>\n<meta name=\"robots\" content=\"index, follow, max-snippet:-1, max-image-preview:large, max-video-preview:-1\" \/>\n<link rel=\"canonical\" href=\"https:\/\/bpk-archive.de\/tuellmann\/produkt\/generalleutnant-peter-walls-oberbefehlshaber-der-streitkraefte-von-rhodesien-1977-1980\/\" \/>\n<meta property=\"og:locale\" content=\"de_DE\" \/>\n<meta property=\"og:type\" content=\"article\" \/>\n<meta property=\"og:title\" content=\"Generalleutnant Peter Walls, Oberbefehlshaber der Streitkr\u00e4fte von Rhodesien (1977-1980) - Abisag T\u00fcllmann\" \/>\n<meta property=\"og:description\" content=\"R\u00fcckseitenbeschriftung von Hand der Fotografin: &#8222;Zimbabwe-Rhodesien: Gen. Peter Walls&#8220;\" \/>\n<meta property=\"og:url\" content=\"https:\/\/bpk-archive.de\/tuellmann\/produkt\/generalleutnant-peter-walls-oberbefehlshaber-der-streitkraefte-von-rhodesien-1977-1980\/\" \/>\n<meta property=\"og:site_name\" content=\"Abisag T\u00fcllmann\" \/>\n<meta property=\"article:modified_time\" content=\"2019-09-05T14:08:24+00:00\" \/>\n<meta property=\"og:image\" content=\"https:\/\/bpk-archive.de\/tuellmann\/wp-content\/uploads\/2019\/08\/bpk_70367199.jpg\" \/>\n\t<meta property=\"og:image:width\" content=\"1200\" \/>\n\t<meta property=\"og:image:height\" content=\"931\" \/>\n\t<meta property=\"og:image:type\" content=\"image\/jpeg\" \/>\n<meta name=\"twitter:card\" content=\"summary_large_image\" \/>\n<script type=\"application\/ld+json\" class=\"yoast-schema-graph\">{\"@context\":\"https:\\\/\\\/schema.org\",\"@graph\":[{\"@type\":\"WebPage\",\"@id\":\"https:\\\/\\\/bpk-archive.de\\\/tuellmann\\\/produkt\\\/generalleutnant-peter-walls-oberbefehlshaber-der-streitkraefte-von-rhodesien-1977-1980\\\/\",\"url\":\"https:\\\/\\\/bpk-archive.de\\\/tuellmann\\\/produkt\\\/generalleutnant-peter-walls-oberbefehlshaber-der-streitkraefte-von-rhodesien-1977-1980\\\/\",\"name\":\"Generalleutnant Peter Walls, Oberbefehlshaber der Streitkr\u00e4fte von Rhodesien (1977-1980) - Abisag T\u00fcllmann\",\"isPartOf\":{\"@id\":\"https:\\\/\\\/bpk-archive.de\\\/tuellmann\\\/#website\"},\"primaryImageOfPage\":{\"@id\":\"https:\\\/\\\/bpk-archive.de\\\/tuellmann\\\/produkt\\\/generalleutnant-peter-walls-oberbefehlshaber-der-streitkraefte-von-rhodesien-1977-1980\\\/#primaryimage\"},\"image\":{\"@id\":\"https:\\\/\\\/bpk-archive.de\\\/tuellmann\\\/produkt\\\/generalleutnant-peter-walls-oberbefehlshaber-der-streitkraefte-von-rhodesien-1977-1980\\\/#primaryimage\"},\"thumbnailUrl\":\"https:\\\/\\\/bpk-archive.de\\\/tuellmann\\\/wp-content\\\/uploads\\\/2019\\\/08\\\/bpk_70367199.jpg\",\"datePublished\":\"2019-09-05T14:08:13+00:00\",\"dateModified\":\"2019-09-05T14:08:24+00:00\",\"breadcrumb\":{\"@id\":\"https:\\\/\\\/bpk-archive.de\\\/tuellmann\\\/produkt\\\/generalleutnant-peter-walls-oberbefehlshaber-der-streitkraefte-von-rhodesien-1977-1980\\\/#breadcrumb\"},\"inLanguage\":\"de\",\"potentialAction\":[{\"@type\":\"ReadAction\",\"target\":[\"https:\\\/\\\/bpk-archive.de\\\/tuellmann\\\/produkt\\\/generalleutnant-peter-walls-oberbefehlshaber-der-streitkraefte-von-rhodesien-1977-1980\\\/\"]}]},{\"@type\":\"ImageObject\",\"inLanguage\":\"de\",\"@id\":\"https:\\\/\\\/bpk-archive.de\\\/tuellmann\\\/produkt\\\/generalleutnant-peter-walls-oberbefehlshaber-der-streitkraefte-von-rhodesien-1977-1980\\\/#primaryimage\",\"url\":\"https:\\\/\\\/bpk-archive.de\\\/tuellmann\\\/wp-content\\\/uploads\\\/2019\\\/08\\\/bpk_70367199.jpg\",\"contentUrl\":\"https:\\\/\\\/bpk-archive.de\\\/tuellmann\\\/wp-content\\\/uploads\\\/2019\\\/08\\\/bpk_70367199.jpg\",\"width\":1200,\"height\":931,\"caption\":\"Generalleutnant Peter Walls, Oberbefehlshaber der Streitkr\u00e4fte von Rhodesien (1977-1980)\"},{\"@type\":\"BreadcrumbList\",\"@id\":\"https:\\\/\\\/bpk-archive.de\\\/tuellmann\\\/produkt\\\/generalleutnant-peter-walls-oberbefehlshaber-der-streitkraefte-von-rhodesien-1977-1980\\\/#breadcrumb\",\"itemListElement\":[{\"@type\":\"ListItem\",\"position\":1,\"name\":\"Startseite\",\"item\":\"https:\\\/\\\/bpk-archive.de\\\/tuellmann\\\/\"},{\"@type\":\"ListItem\",\"position\":2,\"name\":\"Shop\",\"item\":\"https:\\\/\\\/bpk-archive.de\\\/tuellmann\\\/shop\\\/\"},{\"@type\":\"ListItem\",\"position\":3,\"name\":\"Generalleutnant Peter Walls, Oberbefehlshaber der Streitkr\u00e4fte von Rhodesien (1977-1980)\"}]},{\"@type\":\"WebSite\",\"@id\":\"https:\\\/\\\/bpk-archive.de\\\/tuellmann\\\/#website\",\"url\":\"https:\\\/\\\/bpk-archive.de\\\/tuellmann\\\/\",\"name\":\"Abisag T\u00fcllmann\",\"description\":\"Eine weitere WordPress-Website\",\"potentialAction\":[{\"@type\":\"SearchAction\",\"target\":{\"@type\":\"EntryPoint\",\"urlTemplate\":\"https:\\\/\\\/bpk-archive.de\\\/tuellmann\\\/?s={search_term_string}\"},\"query-input\":{\"@type\":\"PropertyValueSpecification\",\"valueRequired\":true,\"valueName\":\"search_term_string\"}}],\"inLanguage\":\"de\"}]}<\/script>\n<!-- \/ Yoast SEO plugin. -->","yoast_head_json":{"title":"Generalleutnant Peter Walls, Oberbefehlshaber der Streitkr\u00e4fte von Rhodesien (1977-1980) - Abisag T\u00fcllmann","robots":{"index":"index","follow":"follow","max-snippet":"max-snippet:-1","max-image-preview":"max-image-preview:large","max-video-preview":"max-video-preview:-1"},"canonical":"https:\/\/bpk-archive.de\/tuellmann\/produkt\/generalleutnant-peter-walls-oberbefehlshaber-der-streitkraefte-von-rhodesien-1977-1980\/","og_locale":"de_DE","og_type":"article","og_title":"Generalleutnant Peter Walls, Oberbefehlshaber der Streitkr\u00e4fte von Rhodesien (1977-1980) - Abisag T\u00fcllmann","og_description":"R\u00fcckseitenbeschriftung von Hand der Fotografin: &#8222;Zimbabwe-Rhodesien: Gen. Peter Walls&#8220;","og_url":"https:\/\/bpk-archive.de\/tuellmann\/produkt\/generalleutnant-peter-walls-oberbefehlshaber-der-streitkraefte-von-rhodesien-1977-1980\/","og_site_name":"Abisag T\u00fcllmann","article_modified_time":"2019-09-05T14:08:24+00:00","og_image":[{"width":1200,"height":931,"url":"https:\/\/bpk-archive.de\/tuellmann\/wp-content\/uploads\/2019\/08\/bpk_70367199.jpg","type":"image\/jpeg"}],"twitter_card":"summary_large_image","schema":{"@context":"https:\/\/schema.org","@graph":[{"@type":"WebPage","@id":"https:\/\/bpk-archive.de\/tuellmann\/produkt\/generalleutnant-peter-walls-oberbefehlshaber-der-streitkraefte-von-rhodesien-1977-1980\/","url":"https:\/\/bpk-archive.de\/tuellmann\/produkt\/generalleutnant-peter-walls-oberbefehlshaber-der-streitkraefte-von-rhodesien-1977-1980\/","name":"Generalleutnant Peter Walls, Oberbefehlshaber der Streitkr\u00e4fte von Rhodesien (1977-1980) - Abisag T\u00fcllmann","isPartOf":{"@id":"https:\/\/bpk-archive.de\/tuellmann\/#website"},"primaryImageOfPage":{"@id":"https:\/\/bpk-archive.de\/tuellmann\/produkt\/generalleutnant-peter-walls-oberbefehlshaber-der-streitkraefte-von-rhodesien-1977-1980\/#primaryimage"},"image":{"@id":"https:\/\/bpk-archive.de\/tuellmann\/produkt\/generalleutnant-peter-walls-oberbefehlshaber-der-streitkraefte-von-rhodesien-1977-1980\/#primaryimage"},"thumbnailUrl":"https:\/\/bpk-archive.de\/tuellmann\/wp-content\/uploads\/2019\/08\/bpk_70367199.jpg","datePublished":"2019-09-05T14:08:13+00:00","dateModified":"2019-09-05T14:08:24+00:00","breadcrumb":{"@id":"https:\/\/bpk-archive.de\/tuellmann\/produkt\/generalleutnant-peter-walls-oberbefehlshaber-der-streitkraefte-von-rhodesien-1977-1980\/#breadcrumb"},"inLanguage":"de","potentialAction":[{"@type":"ReadAction","target":["https:\/\/bpk-archive.de\/tuellmann\/produkt\/generalleutnant-peter-walls-oberbefehlshaber-der-streitkraefte-von-rhodesien-1977-1980\/"]}]},{"@type":"ImageObject","inLanguage":"de","@id":"https:\/\/bpk-archive.de\/tuellmann\/produkt\/generalleutnant-peter-walls-oberbefehlshaber-der-streitkraefte-von-rhodesien-1977-1980\/#primaryimage","url":"https:\/\/bpk-archive.de\/tuellmann\/wp-content\/uploads\/2019\/08\/bpk_70367199.jpg","contentUrl":"https:\/\/bpk-archive.de\/tuellmann\/wp-content\/uploads\/2019\/08\/bpk_70367199.jpg","width":1200,"height":931,"caption":"Generalleutnant Peter Walls, Oberbefehlshaber der Streitkr\u00e4fte von Rhodesien (1977-1980)"},{"@type":"BreadcrumbList","@id":"https:\/\/bpk-archive.de\/tuellmann\/produkt\/generalleutnant-peter-walls-oberbefehlshaber-der-streitkraefte-von-rhodesien-1977-1980\/#breadcrumb","itemListElement":[{"@type":"ListItem","position":1,"name":"Startseite","item":"https:\/\/bpk-archive.de\/tuellmann\/"},{"@type":"ListItem","position":2,"name":"Shop","item":"https:\/\/bpk-archive.de\/tuellmann\/shop\/"},{"@type":"ListItem","position":3,"name":"Generalleutnant Peter Walls, Oberbefehlshaber der Streitkr\u00e4fte von Rhodesien (1977-1980)"}]},{"@type":"WebSite","@id":"https:\/\/bpk-archive.de\/tuellmann\/#website","url":"https:\/\/bpk-archive.de\/tuellmann\/","name":"Abisag T\u00fcllmann","description":"Eine weitere WordPress-Website","potentialAction":[{"@type":"SearchAction","target":{"@type":"EntryPoint","urlTemplate":"https:\/\/bpk-archive.de\/tuellmann\/?s={search_term_string}"},"query-input":{"@type":"PropertyValueSpecification","valueRequired":true,"valueName":"search_term_string"}}],"inLanguage":"de"}]}},"_links":{"self":[{"href":"https:\/\/bpk-archive.de\/tuellmann\/wp-json\/wp\/v2\/product\/70296634","targetHints":{"allow":["GET"]}}],"collection":[{"href":"https:\/\/bpk-archive.de\/tuellmann\/wp-json\/wp\/v2\/product"}],"about":[{"href":"https:\/\/bpk-archive.de\/tuellmann\/wp-json\/wp\/v2\/types\/product"}],"wp:featuredmedia":[{"embeddable":true,"href":"https:\/\/bpk-archive.de\/tuellmann\/wp-json\/wp\/v2\/media\/70293584"}],"wp:attachment":[{"href":"https:\/\/bpk-archive.de\/tuellmann\/wp-json\/wp\/v2\/media?parent=70296634"}],"wp:term":[{"taxonomy":"product_brand","embeddable":true,"href":"https:\/\/bpk-archive.de\/tuellmann\/wp-json\/wp\/v2\/product_brand?post=70296634"},{"taxonomy":"product_cat","embeddable":true,"href":"https:\/\/bpk-archive.de\/tuellmann\/wp-json\/wp\/v2\/product_cat?post=70296634"},{"taxonomy":"product_tag","embeddable":true,"href":"https:\/\/bpk-archive.de\/tuellmann\/wp-json\/wp\/v2\/product_tag?post=70296634"}],"curies":[{"name":"wp","href":"https:\/\/api.w.org\/{rel}","templated":true}]}}