{"id":70296621,"date":"2019-09-05T16:08:13","date_gmt":"2019-09-05T14:08:13","guid":{"rendered":"http:\/\/abisagtuellmann.bpk-news.de\/atbild\/kinder-in-der-mensa-dei-bambini-proletari-in-neapel\/"},"modified":"2020-08-11T16:28:01","modified_gmt":"2020-08-11T14:28:01","slug":"kinder-in-der-mensa-dei-bambini-proletari-in-neapel","status":"publish","type":"product","link":"https:\/\/bpk-archive.de\/tuellmann\/produkt\/kinder-in-der-mensa-dei-bambini-proletari-in-neapel\/","title":{"rendered":"Kinder in der &#8222;Mensa dei bambini proletari&#8220; in Neapel"},"content":{"rendered":"<p>Hinter ihnen ein Plakat mit der Aufschrift: &#8222;Vogliamo il pane a 100 Lire&#8220; (&#8222;Wir wollen Brot f\u00fcr 100 Lire&#8220;). Die &#8222;Mensa dei bambini proletari&#8220; wurde 1972 von Aktivisten aus dem Umkreis von &#8222;Lotta Continua&#8220; gegr\u00fcndet, um arme Kinder mit warmen Mahlzeiten zu versorgen und Workshops f\u00fcr sie zu veranstalten R\u00fcckseitenbeschriftung von Hand der Fotografin: &#8222;Mensa dei bambini proletari der Lotta Continua. Auf dem Plakat (f\u00fcr eine Demonstration) steht: &#8218;Wir wollen Brot f\u00fcr 100 Lire'&#8220;<\/p>\n","protected":false},"excerpt":{"rendered":"<p>Hinter ihnen ein Plakat mit der Aufschrift: &#8222;Vogliamo il pane a 100 Lire&#8220; (&#8222;Wir wollen Brot f\u00fcr 100 Lire&#8220;). Die &#8222;Mensa dei bambini proletari&#8220; wurde 1972 von Aktivisten aus dem Umkreis von &#8222;Lotta Continua&#8220; gegr\u00fcndet, um arme Kinder mit warmen Mahlzeiten zu versorgen und Workshops f\u00fcr sie zu veranstalten R\u00fcckseitenbeschriftung von Hand der Fotografin: &#8222;Mensa [&hellip;]<\/p>\n","protected":false},"featured_media":70293510,"template":"","meta":[],"product_brand":[],"product_cat":[73380],"product_tag":[13230,13232,13234,13231,13233,13235,14271,13777,60729,57510,14311,14312,14313,64109,14314,14315,14316,59907,13250,13784,13785,52796,52797,14178,14179,60736,60737,60738,13253,13254,13255,13256,13257,13260,13473,49500,49501,13293,13786,13787,13294,13295,13296,13297,51110,51111,48986,48987,48988,48989,14195,14196,14197,14198,14199,14200,13301,13498,51508,51509,51510,51511,51512,51513,51514,51515,51516,13813,13814,14203,14204,51335,51336,14205,14206,14207,50250,14208,14209,14210,14211,14212,14213,14214,14215,14216,14217,14218,14219,14220,14221,60741,60742,60743,60744,60745,60746,60747,60748,48005,48006,48007,48008,48009,48010,48011,13310,13311,51518,51519,51520,51521,51522,51342,51039,51040,51523,51524,64110,64111,64112,49229,49230,48264,48265,13328,13827,13828,13329,13330,13331,13332,48266,48267,13829,13830,13831,13832,13833,13834,13835,13836,13837,13838,13839,13840,13841,13842,14230,14231,14232,48269,13843,57524,57525,13877,13879,13865,13864,13866,13858,13859,13860,13861,13862,13863,13354,13869,13870,13871,13872,49236,62123,51537,51538,51539,51540,51541,51542,51543,51544,57745,57746,57749,57750,60692,60693,57751,57752,13878,13880,13525],"class_list":{"0":"post-70296621","1":"product","2":"type-product","3":"status-publish","4":"has-post-thumbnail","6":"product_cat-italien","7":"product_tag-1970er-jahre","8":"product_tag-20-jahrhundert-nach-chr","9":"product_tag-20-jh-n-chr","10":"product_tag-20-jahrhundert","11":"product_tag-20-jh","12":"product_tag-70er","13":"product_tag-abt_009","14":"product_tag-abzug","15":"product_tag-arbeiterbewegung","16":"product_tag-arbeiterklasse","17":"product_tag-arm","18":"product_tag-arme","19":"product_tag-armen","20":"product_tag-armenspeisung","21":"product_tag-armer","22":"product_tag-armes","23":"product_tag-armut","24":"product_tag-at_italien","25":"product_tag-aussen","26":"product_tag-bildnis","27":"product_tag-bildnisse","28":"product_tag-brot","29":"product_tag-brote","30":"product_tag-bube","31":"product_tag-buben","32":"product_tag-communismus","33":"product_tag-communist","34":"product_tag-communisten","35":"product_tag-deutsch","36":"product_tag-deutsche","37":"product_tag-deutschen","38":"product_tag-deutscher","39":"product_tag-deutsches","40":"product_tag-draussen","41":"product_tag-drinnen","42":"product_tag-forderung","43":"product_tag-forderungen","44":"product_tag-foto","45":"product_tag-fotoabzug","46":"product_tag-fotoabzuege","47":"product_tag-fotografie","48":"product_tag-fotografien","49":"product_tag-fotografin","50":"product_tag-fotografinnen","51":"product_tag-geballte-faust","52":"product_tag-geballte-faeuste","53":"product_tag-geste","54":"product_tag-gesten","55":"product_tag-gestik","56":"product_tag-gestikulation","57":"product_tag-gruppenbild","58":"product_tag-gruppenbilder","59":"product_tag-gruppenportrait","60":"product_tag-gruppenportraits","61":"product_tag-gruppenportraet","62":"product_tag-gruppenportraets","63":"product_tag-im-freien","64":"product_tag-innen","65":"product_tag-italien","66":"product_tag-italiener","67":"product_tag-italienern","68":"product_tag-italienisch","69":"product_tag-italienische","70":"product_tag-italienischen","71":"product_tag-italienischer","72":"product_tag-italienisches","73":"product_tag-italiens","74":"product_tag-junge","75":"product_tag-jungen","76":"product_tag-jungens","77":"product_tag-jungs","78":"product_tag-kantine","79":"product_tag-kantinen","80":"product_tag-kind","81":"product_tag-kinde","82":"product_tag-kinder","83":"product_tag-kinderarmut","84":"product_tag-kinderbild","85":"product_tag-kinderbildnis","86":"product_tag-kinderbildnisse","87":"product_tag-kindergruppe","88":"product_tag-kindergruppen","89":"product_tag-kindern","90":"product_tag-kinderportrait","91":"product_tag-kinderportraits","92":"product_tag-kinderportraet","93":"product_tag-kinderportraets","94":"product_tag-kindes","95":"product_tag-kindheit","96":"product_tag-knabe","97":"product_tag-knaben","98":"product_tag-kommunismus","99":"product_tag-kommunist","100":"product_tag-kommunisten","101":"product_tag-kommunistisch","102":"product_tag-kommunistische","103":"product_tag-kommunistischen","104":"product_tag-kommunistischer","105":"product_tag-kommunistisches","106":"product_tag-lachen","107":"product_tag-lachend","108":"product_tag-lachende","109":"product_tag-lachendem","110":"product_tag-lachenden","111":"product_tag-lachender","112":"product_tag-lachendes","113":"product_tag-maedchen","114":"product_tag-maedchens","115":"product_tag-mediterran","116":"product_tag-mediterrane","117":"product_tag-mediterranen","118":"product_tag-mediterraner","119":"product_tag-mediterranes","120":"product_tag-mensa","121":"product_tag-mittagessen","122":"product_tag-mittagstisch","123":"product_tag-mittelmeerland","124":"product_tag-mittelmeerlaender","125":"product_tag-neapel","126":"product_tag-neapolitaner","127":"product_tag-neapolitanisch","128":"product_tag-parole","129":"product_tag-parolen","130":"product_tag-partei","131":"product_tag-parteien","132":"product_tag-photo","133":"product_tag-photoabzug","134":"product_tag-photoabzuege","135":"product_tag-photographie","136":"product_tag-photographien","137":"product_tag-photographin","138":"product_tag-photographinnen","139":"product_tag-plakat","140":"product_tag-plakate","141":"product_tag-portrait","142":"product_tag-portraitaufnahme","143":"product_tag-portraitfoto","144":"product_tag-portraitfotografie","145":"product_tag-portraitphoto","146":"product_tag-portraitphotographie","147":"product_tag-portraits","148":"product_tag-portraet","149":"product_tag-portraetaufnahme","150":"product_tag-portraetfoto","151":"product_tag-portraetfotografie","152":"product_tag-portraetphoto","153":"product_tag-portraetphotographie","154":"product_tag-portraets","155":"product_tag-pose","156":"product_tag-posieren","157":"product_tag-posiert","158":"product_tag-poster","159":"product_tag-print","160":"product_tag-proletariat","161":"product_tag-proletarier","162":"product_tag-s-w-fotografie","163":"product_tag-s-w-photographie","164":"product_tag-schwarzweissphotographie","165":"product_tag-schwarz-weiss-fotografie","166":"product_tag-schwarz-weiss-photographie","167":"product_tag-schwarzweiss","168":"product_tag-schwarzweisse","169":"product_tag-schwarzweissen","170":"product_tag-schwarzweisser","171":"product_tag-schwarzweisses","172":"product_tag-schwarzweissfotografie","173":"product_tag-siebziger","174":"product_tag-silbergelatine","175":"product_tag-silbergelatineabzug","176":"product_tag-silbergelatineabzuege","177":"product_tag-silbergelatineprint","178":"product_tag-slogan","179":"product_tag-speisung","180":"product_tag-suedeuropa","181":"product_tag-suedeuropaeer","182":"product_tag-suedeuropaeisch","183":"product_tag-suedeuropaeische","184":"product_tag-suedeuropaeischem","185":"product_tag-suedeuropaeischen","186":"product_tag-suedeuropaeischer","187":"product_tag-suedeuropaeisches","188":"product_tag-sueditalien","189":"product_tag-sueditaliener","190":"product_tag-sueditalienisch","191":"product_tag-sueditalienische","192":"product_tag-sueditalienischem","193":"product_tag-sueditalienischen","194":"product_tag-sueditalienischer","195":"product_tag-sueditalienisches","196":"product_tag-sw-fotografie","197":"product_tag-sw-photographie","198":"product_tag-von-innen","199":"pa_datierung-april-1974","200":"pa_fotograf-abisag-tuellmann","201":"pa_geografischer_bezug-aufnahmeort-neapel-italien","202":"pa_grunddaten_material_technik-foto-silbergelatine-auf-barytpapier","203":"pa_inventarnummer-tue-74-096-04a","204":"pa_jahr_von-51802","205":"pa_massangaben-bildformat-foto-296-x-237-cm","206":"pa_mediennummer-64105","207":"pa_objekt_typ-fotografie","209":"first","210":"instock","211":"product-type-simple"},"yoast_head":"<!-- This site is optimized with the Yoast SEO plugin v27.3 - https:\/\/yoast.com\/product\/yoast-seo-wordpress\/ -->\n<title>Kinder in der &quot;Mensa dei bambini proletari&quot; in Neapel - Abisag T\u00fcllmann<\/title>\n<meta name=\"robots\" content=\"index, follow, max-snippet:-1, max-image-preview:large, max-video-preview:-1\" \/>\n<link rel=\"canonical\" href=\"https:\/\/bpk-archive.de\/tuellmann\/produkt\/kinder-in-der-mensa-dei-bambini-proletari-in-neapel\/\" \/>\n<meta property=\"og:locale\" content=\"de_DE\" \/>\n<meta property=\"og:type\" content=\"article\" \/>\n<meta property=\"og:title\" content=\"Kinder in der &quot;Mensa dei bambini proletari&quot; in Neapel - Abisag T\u00fcllmann\" \/>\n<meta property=\"og:description\" content=\"Hinter ihnen ein Plakat mit der Aufschrift: &#8222;Vogliamo il pane a 100 Lire&#8220; (&#8222;Wir wollen Brot f\u00fcr 100 Lire&#8220;). Die &#8222;Mensa dei bambini proletari&#8220; wurde 1972 von Aktivisten aus dem Umkreis von &#8222;Lotta Continua&#8220; gegr\u00fcndet, um arme Kinder mit warmen Mahlzeiten zu versorgen und Workshops f\u00fcr sie zu veranstalten R\u00fcckseitenbeschriftung von Hand der Fotografin: &#8222;Mensa [&hellip;]\" \/>\n<meta property=\"og:url\" content=\"https:\/\/bpk-archive.de\/tuellmann\/produkt\/kinder-in-der-mensa-dei-bambini-proletari-in-neapel\/\" \/>\n<meta property=\"og:site_name\" content=\"Abisag T\u00fcllmann\" \/>\n<meta property=\"article:modified_time\" content=\"2020-08-11T14:28:01+00:00\" \/>\n<meta property=\"og:image\" content=\"https:\/\/bpk-archive.de\/tuellmann\/wp-content\/uploads\/2019\/08\/bpk_70366591.jpg\" \/>\n\t<meta property=\"og:image:width\" content=\"968\" \/>\n\t<meta property=\"og:image:height\" content=\"1200\" \/>\n\t<meta property=\"og:image:type\" content=\"image\/jpeg\" \/>\n<meta name=\"twitter:card\" content=\"summary_large_image\" \/>\n<script type=\"application\/ld+json\" class=\"yoast-schema-graph\">{\"@context\":\"https:\\\/\\\/schema.org\",\"@graph\":[{\"@type\":\"WebPage\",\"@id\":\"https:\\\/\\\/bpk-archive.de\\\/tuellmann\\\/produkt\\\/kinder-in-der-mensa-dei-bambini-proletari-in-neapel\\\/\",\"url\":\"https:\\\/\\\/bpk-archive.de\\\/tuellmann\\\/produkt\\\/kinder-in-der-mensa-dei-bambini-proletari-in-neapel\\\/\",\"name\":\"Kinder in der \\\"Mensa dei bambini proletari\\\" in Neapel - Abisag T\u00fcllmann\",\"isPartOf\":{\"@id\":\"https:\\\/\\\/bpk-archive.de\\\/tuellmann\\\/#website\"},\"primaryImageOfPage\":{\"@id\":\"https:\\\/\\\/bpk-archive.de\\\/tuellmann\\\/produkt\\\/kinder-in-der-mensa-dei-bambini-proletari-in-neapel\\\/#primaryimage\"},\"image\":{\"@id\":\"https:\\\/\\\/bpk-archive.de\\\/tuellmann\\\/produkt\\\/kinder-in-der-mensa-dei-bambini-proletari-in-neapel\\\/#primaryimage\"},\"thumbnailUrl\":\"https:\\\/\\\/bpk-archive.de\\\/tuellmann\\\/wp-content\\\/uploads\\\/2019\\\/08\\\/bpk_70366591.jpg\",\"datePublished\":\"2019-09-05T14:08:13+00:00\",\"dateModified\":\"2020-08-11T14:28:01+00:00\",\"breadcrumb\":{\"@id\":\"https:\\\/\\\/bpk-archive.de\\\/tuellmann\\\/produkt\\\/kinder-in-der-mensa-dei-bambini-proletari-in-neapel\\\/#breadcrumb\"},\"inLanguage\":\"de\",\"potentialAction\":[{\"@type\":\"ReadAction\",\"target\":[\"https:\\\/\\\/bpk-archive.de\\\/tuellmann\\\/produkt\\\/kinder-in-der-mensa-dei-bambini-proletari-in-neapel\\\/\"]}]},{\"@type\":\"ImageObject\",\"inLanguage\":\"de\",\"@id\":\"https:\\\/\\\/bpk-archive.de\\\/tuellmann\\\/produkt\\\/kinder-in-der-mensa-dei-bambini-proletari-in-neapel\\\/#primaryimage\",\"url\":\"https:\\\/\\\/bpk-archive.de\\\/tuellmann\\\/wp-content\\\/uploads\\\/2019\\\/08\\\/bpk_70366591.jpg\",\"contentUrl\":\"https:\\\/\\\/bpk-archive.de\\\/tuellmann\\\/wp-content\\\/uploads\\\/2019\\\/08\\\/bpk_70366591.jpg\",\"width\":968,\"height\":1200,\"caption\":\"Kinder in der \\\"Mensa dei bambini proletari\\\" in Neapel\"},{\"@type\":\"BreadcrumbList\",\"@id\":\"https:\\\/\\\/bpk-archive.de\\\/tuellmann\\\/produkt\\\/kinder-in-der-mensa-dei-bambini-proletari-in-neapel\\\/#breadcrumb\",\"itemListElement\":[{\"@type\":\"ListItem\",\"position\":1,\"name\":\"Startseite\",\"item\":\"https:\\\/\\\/bpk-archive.de\\\/tuellmann\\\/\"},{\"@type\":\"ListItem\",\"position\":2,\"name\":\"Shop\",\"item\":\"https:\\\/\\\/bpk-archive.de\\\/tuellmann\\\/shop\\\/\"},{\"@type\":\"ListItem\",\"position\":3,\"name\":\"Kinder in der &#8220;Mensa dei bambini proletari&#8221; in Neapel\"}]},{\"@type\":\"WebSite\",\"@id\":\"https:\\\/\\\/bpk-archive.de\\\/tuellmann\\\/#website\",\"url\":\"https:\\\/\\\/bpk-archive.de\\\/tuellmann\\\/\",\"name\":\"Abisag T\u00fcllmann\",\"description\":\"Eine weitere WordPress-Website\",\"potentialAction\":[{\"@type\":\"SearchAction\",\"target\":{\"@type\":\"EntryPoint\",\"urlTemplate\":\"https:\\\/\\\/bpk-archive.de\\\/tuellmann\\\/?s={search_term_string}\"},\"query-input\":{\"@type\":\"PropertyValueSpecification\",\"valueRequired\":true,\"valueName\":\"search_term_string\"}}],\"inLanguage\":\"de\"}]}<\/script>\n<!-- \/ Yoast SEO plugin. -->","yoast_head_json":{"title":"Kinder in der \"Mensa dei bambini proletari\" in Neapel - Abisag T\u00fcllmann","robots":{"index":"index","follow":"follow","max-snippet":"max-snippet:-1","max-image-preview":"max-image-preview:large","max-video-preview":"max-video-preview:-1"},"canonical":"https:\/\/bpk-archive.de\/tuellmann\/produkt\/kinder-in-der-mensa-dei-bambini-proletari-in-neapel\/","og_locale":"de_DE","og_type":"article","og_title":"Kinder in der \"Mensa dei bambini proletari\" in Neapel - Abisag T\u00fcllmann","og_description":"Hinter ihnen ein Plakat mit der Aufschrift: &#8222;Vogliamo il pane a 100 Lire&#8220; (&#8222;Wir wollen Brot f\u00fcr 100 Lire&#8220;). Die &#8222;Mensa dei bambini proletari&#8220; wurde 1972 von Aktivisten aus dem Umkreis von &#8222;Lotta Continua&#8220; gegr\u00fcndet, um arme Kinder mit warmen Mahlzeiten zu versorgen und Workshops f\u00fcr sie zu veranstalten R\u00fcckseitenbeschriftung von Hand der Fotografin: &#8222;Mensa [&hellip;]","og_url":"https:\/\/bpk-archive.de\/tuellmann\/produkt\/kinder-in-der-mensa-dei-bambini-proletari-in-neapel\/","og_site_name":"Abisag T\u00fcllmann","article_modified_time":"2020-08-11T14:28:01+00:00","og_image":[{"width":968,"height":1200,"url":"https:\/\/bpk-archive.de\/tuellmann\/wp-content\/uploads\/2019\/08\/bpk_70366591.jpg","type":"image\/jpeg"}],"twitter_card":"summary_large_image","schema":{"@context":"https:\/\/schema.org","@graph":[{"@type":"WebPage","@id":"https:\/\/bpk-archive.de\/tuellmann\/produkt\/kinder-in-der-mensa-dei-bambini-proletari-in-neapel\/","url":"https:\/\/bpk-archive.de\/tuellmann\/produkt\/kinder-in-der-mensa-dei-bambini-proletari-in-neapel\/","name":"Kinder in der \"Mensa dei bambini proletari\" in Neapel - Abisag T\u00fcllmann","isPartOf":{"@id":"https:\/\/bpk-archive.de\/tuellmann\/#website"},"primaryImageOfPage":{"@id":"https:\/\/bpk-archive.de\/tuellmann\/produkt\/kinder-in-der-mensa-dei-bambini-proletari-in-neapel\/#primaryimage"},"image":{"@id":"https:\/\/bpk-archive.de\/tuellmann\/produkt\/kinder-in-der-mensa-dei-bambini-proletari-in-neapel\/#primaryimage"},"thumbnailUrl":"https:\/\/bpk-archive.de\/tuellmann\/wp-content\/uploads\/2019\/08\/bpk_70366591.jpg","datePublished":"2019-09-05T14:08:13+00:00","dateModified":"2020-08-11T14:28:01+00:00","breadcrumb":{"@id":"https:\/\/bpk-archive.de\/tuellmann\/produkt\/kinder-in-der-mensa-dei-bambini-proletari-in-neapel\/#breadcrumb"},"inLanguage":"de","potentialAction":[{"@type":"ReadAction","target":["https:\/\/bpk-archive.de\/tuellmann\/produkt\/kinder-in-der-mensa-dei-bambini-proletari-in-neapel\/"]}]},{"@type":"ImageObject","inLanguage":"de","@id":"https:\/\/bpk-archive.de\/tuellmann\/produkt\/kinder-in-der-mensa-dei-bambini-proletari-in-neapel\/#primaryimage","url":"https:\/\/bpk-archive.de\/tuellmann\/wp-content\/uploads\/2019\/08\/bpk_70366591.jpg","contentUrl":"https:\/\/bpk-archive.de\/tuellmann\/wp-content\/uploads\/2019\/08\/bpk_70366591.jpg","width":968,"height":1200,"caption":"Kinder in der \"Mensa dei bambini proletari\" in Neapel"},{"@type":"BreadcrumbList","@id":"https:\/\/bpk-archive.de\/tuellmann\/produkt\/kinder-in-der-mensa-dei-bambini-proletari-in-neapel\/#breadcrumb","itemListElement":[{"@type":"ListItem","position":1,"name":"Startseite","item":"https:\/\/bpk-archive.de\/tuellmann\/"},{"@type":"ListItem","position":2,"name":"Shop","item":"https:\/\/bpk-archive.de\/tuellmann\/shop\/"},{"@type":"ListItem","position":3,"name":"Kinder in der &#8220;Mensa dei bambini proletari&#8221; in Neapel"}]},{"@type":"WebSite","@id":"https:\/\/bpk-archive.de\/tuellmann\/#website","url":"https:\/\/bpk-archive.de\/tuellmann\/","name":"Abisag T\u00fcllmann","description":"Eine weitere WordPress-Website","potentialAction":[{"@type":"SearchAction","target":{"@type":"EntryPoint","urlTemplate":"https:\/\/bpk-archive.de\/tuellmann\/?s={search_term_string}"},"query-input":{"@type":"PropertyValueSpecification","valueRequired":true,"valueName":"search_term_string"}}],"inLanguage":"de"}]}},"_links":{"self":[{"href":"https:\/\/bpk-archive.de\/tuellmann\/wp-json\/wp\/v2\/product\/70296621","targetHints":{"allow":["GET"]}}],"collection":[{"href":"https:\/\/bpk-archive.de\/tuellmann\/wp-json\/wp\/v2\/product"}],"about":[{"href":"https:\/\/bpk-archive.de\/tuellmann\/wp-json\/wp\/v2\/types\/product"}],"wp:featuredmedia":[{"embeddable":true,"href":"https:\/\/bpk-archive.de\/tuellmann\/wp-json\/wp\/v2\/media\/70293510"}],"wp:attachment":[{"href":"https:\/\/bpk-archive.de\/tuellmann\/wp-json\/wp\/v2\/media?parent=70296621"}],"wp:term":[{"taxonomy":"product_brand","embeddable":true,"href":"https:\/\/bpk-archive.de\/tuellmann\/wp-json\/wp\/v2\/product_brand?post=70296621"},{"taxonomy":"product_cat","embeddable":true,"href":"https:\/\/bpk-archive.de\/tuellmann\/wp-json\/wp\/v2\/product_cat?post=70296621"},{"taxonomy":"product_tag","embeddable":true,"href":"https:\/\/bpk-archive.de\/tuellmann\/wp-json\/wp\/v2\/product_tag?post=70296621"}],"curies":[{"name":"wp","href":"https:\/\/api.w.org\/{rel}","templated":true}]}}