{"id":70296613,"date":"2019-09-05T16:07:55","date_gmt":"2019-09-05T14:07:55","guid":{"rendered":"http:\/\/abisagtuellmann.bpk-news.de\/atbild\/wahlen-in-rhodesien-heute-simbabwe\/"},"modified":"2019-09-05T16:08:08","modified_gmt":"2019-09-05T14:08:08","slug":"wahlen-in-rhodesien-heute-simbabwe","status":"publish","type":"product","link":"https:\/\/bpk-archive.de\/tuellmann\/produkt\/wahlen-in-rhodesien-heute-simbabwe\/","title":{"rendered":"Wahlen in Rhodesien (heute Simbabwe)"},"content":{"rendered":"<p>Auf einer Farm stehen W\u00e4hler Schlange, um ihre Stimme abgeben zu k\u00f6nnen<\/p>\n","protected":false},"excerpt":{"rendered":"<p>Auf einer Farm stehen W\u00e4hler Schlange, um ihre Stimme abgeben zu k\u00f6nnen<\/p>\n","protected":false},"featured_media":70293554,"template":"","meta":[],"product_brand":[],"product_cat":[],"product_tag":[13230,13232,13234,13231,13233,13235,14172,13777,13236,13237,13240,13241,13242,13243,13244,13245,13604,13605,49961,14173,13250,62392,13253,13254,13255,13256,13257,13260,13261,13268,13269,13270,13271,56597,13293,13786,13787,13294,13295,13296,13297,47520,47521,47522,47523,47524,13301,14205,14206,14207,14213,14218,14219,48548,48549,48550,50870,50871,50872,52025,13818,13819,48012,48013,13826,62395,62396,13328,13827,13828,13329,13330,13331,13332,13843,14238,14239,14240,56605,56606,56607,56608,56609,13877,13879,47528,47527,13865,13864,13866,13351,13352,13353,13858,13859,13860,13861,13862,13863,13354,13869,13870,13871,13872,14241,14242,56611,56612,56613,56614,56615,56616,13363,13364,13365,13366,13367,13368,13369,13878,13880,48323,48324,48325,48326,47529,47530,47531,47532,47533,47534,47535,47536,14254],"class_list":{"0":"post-70296613","1":"product","2":"type-product","3":"status-publish","4":"has-post-thumbnail","6":"product_tag-1970er-jahre","7":"product_tag-20-jahrhundert-nach-chr","8":"product_tag-20-jh-n-chr","9":"product_tag-20-jahrhundert","10":"product_tag-20-jh","11":"product_tag-70er","12":"product_tag-abt_010","13":"product_tag-abzug","14":"product_tag-afrika","15":"product_tag-afrikaner","16":"product_tag-afrikanisch","17":"product_tag-afrikanische","18":"product_tag-afrikanischen","19":"product_tag-afrikanischer","20":"product_tag-afrikanisches","21":"product_tag-afrikas","22":"product_tag-arbeiter","23":"product_tag-arbeitern","24":"product_tag-arbeitskleidung","25":"product_tag-at_rhodesien","26":"product_tag-aussen","27":"product_tag-blaumann","28":"product_tag-deutsch","29":"product_tag-deutsche","30":"product_tag-deutschen","31":"product_tag-deutscher","32":"product_tag-deutsches","33":"product_tag-draussen","34":"product_tag-dunkelhaeutiger","35":"product_tag-farbige","36":"product_tag-farbigen","37":"product_tag-farbiger","38":"product_tag-farbiges","39":"product_tag-farm","40":"product_tag-foto","41":"product_tag-fotoabzug","42":"product_tag-fotoabzuege","43":"product_tag-fotografie","44":"product_tag-fotografien","45":"product_tag-fotografin","46":"product_tag-fotografinnen","47":"product_tag-geduld","48":"product_tag-geduldig","49":"product_tag-geduldige","50":"product_tag-geduldiger","51":"product_tag-geduldiges","52":"product_tag-im-freien","53":"product_tag-kind","54":"product_tag-kinde","55":"product_tag-kinder","56":"product_tag-kindern","57":"product_tag-kindes","58":"product_tag-kindheit","59":"product_tag-kleinkind","60":"product_tag-kleinkinder","61":"product_tag-kleinkindern","62":"product_tag-landarbeiter","63":"product_tag-landarbeitern","64":"product_tag-landarbeiters","65":"product_tag-landbevoelkerung","66":"product_tag-mann","67":"product_tag-maenner","68":"product_tag-maennergruppe","69":"product_tag-maennergruppen","70":"product_tag-mannes","71":"product_tag-overall","72":"product_tag-overalls","73":"product_tag-photo","74":"product_tag-photoabzug","75":"product_tag-photoabzuege","76":"product_tag-photographie","77":"product_tag-photographien","78":"product_tag-photographin","79":"product_tag-photographinnen","80":"product_tag-print","81":"product_tag-rhodesien","82":"product_tag-rhodesier","83":"product_tag-rhodesisch","84":"product_tag-rhodesische","85":"product_tag-rhodesischem","86":"product_tag-rhodesischen","87":"product_tag-rhodesischer","88":"product_tag-rhodesisches","89":"product_tag-s-w-fotografie","90":"product_tag-s-w-photographie","91":"product_tag-schlange-stehen","92":"product_tag-schlangestehen","93":"product_tag-schwarzweissphotographie","94":"product_tag-schwarz-weiss-fotografie","95":"product_tag-schwarz-weiss-photographie","96":"product_tag-schwarze","97":"product_tag-schwarzen","98":"product_tag-schwarzer","99":"product_tag-schwarzweiss","100":"product_tag-schwarzweisse","101":"product_tag-schwarzweissen","102":"product_tag-schwarzweisser","103":"product_tag-schwarzweisses","104":"product_tag-schwarzweissfotografie","105":"product_tag-siebziger","106":"product_tag-silbergelatine","107":"product_tag-silbergelatineabzug","108":"product_tag-silbergelatineabzuege","109":"product_tag-silbergelatineprint","110":"product_tag-simbabwe","111":"product_tag-simbabwer","112":"product_tag-simbabwisch","113":"product_tag-simbabwische","114":"product_tag-simbabwischem","115":"product_tag-simbabwischen","116":"product_tag-simbabwischer","117":"product_tag-simbabwisches","118":"product_tag-suedafrika","119":"product_tag-suedafrikanisch","120":"product_tag-suedafrikanische","121":"product_tag-suedafrikanischen","122":"product_tag-suedafrikanischer","123":"product_tag-suedafrikanisches","124":"product_tag-suedafrikas","125":"product_tag-sw-fotografie","126":"product_tag-sw-photographie","127":"product_tag-wahl","128":"product_tag-wahlen","129":"product_tag-waehler","130":"product_tag-waehlerschaft","131":"product_tag-warten","132":"product_tag-wartend","133":"product_tag-wartende","134":"product_tag-wartenden","135":"product_tag-wartender","136":"product_tag-wartendes","137":"product_tag-warteschlange","138":"product_tag-warteschlangen","139":"product_tag-zimbabwe","140":"pa_datierung-april-1979","141":"pa_fotograf-abisag-tuellmann","142":"pa_geografischer_bezug-aufnahmeort-rhodesien-simbabwe","143":"pa_grunddaten_material_technik-foto-silbergelatine-auf-barytpapier","144":"pa_inventarnummer-tue-79-065-10a","145":"pa_jahr_von-14087","146":"pa_massangaben-bildformat-foto-233-x-303-cm","147":"pa_mediennummer-64066","148":"pa_objekt_typ-fotografie","150":"first","151":"instock","152":"product-type-simple"},"yoast_head":"<!-- This site is optimized with the Yoast SEO plugin v27.4 - https:\/\/yoast.com\/product\/yoast-seo-wordpress\/ -->\n<title>Wahlen in Rhodesien (heute Simbabwe) - Abisag T\u00fcllmann<\/title>\n<meta name=\"robots\" content=\"index, follow, max-snippet:-1, max-image-preview:large, max-video-preview:-1\" \/>\n<link rel=\"canonical\" href=\"https:\/\/bpk-archive.de\/tuellmann\/produkt\/wahlen-in-rhodesien-heute-simbabwe\/\" \/>\n<meta property=\"og:locale\" content=\"de_DE\" \/>\n<meta property=\"og:type\" content=\"article\" \/>\n<meta property=\"og:title\" content=\"Wahlen in Rhodesien (heute Simbabwe) - Abisag T\u00fcllmann\" \/>\n<meta property=\"og:description\" content=\"Auf einer Farm stehen W\u00e4hler Schlange, um ihre Stimme abgeben zu k\u00f6nnen\" \/>\n<meta property=\"og:url\" content=\"https:\/\/bpk-archive.de\/tuellmann\/produkt\/wahlen-in-rhodesien-heute-simbabwe\/\" \/>\n<meta property=\"og:site_name\" content=\"Abisag T\u00fcllmann\" \/>\n<meta property=\"article:modified_time\" content=\"2019-09-05T14:08:08+00:00\" \/>\n<meta property=\"og:image\" content=\"https:\/\/bpk-archive.de\/tuellmann\/wp-content\/uploads\/2019\/08\/bpk_70367186.jpg\" \/>\n\t<meta property=\"og:image:width\" content=\"1200\" \/>\n\t<meta property=\"og:image:height\" content=\"930\" \/>\n\t<meta property=\"og:image:type\" content=\"image\/jpeg\" \/>\n<meta name=\"twitter:card\" content=\"summary_large_image\" \/>\n<script type=\"application\/ld+json\" class=\"yoast-schema-graph\">{\"@context\":\"https:\\\/\\\/schema.org\",\"@graph\":[{\"@type\":\"WebPage\",\"@id\":\"https:\\\/\\\/bpk-archive.de\\\/tuellmann\\\/produkt\\\/wahlen-in-rhodesien-heute-simbabwe\\\/\",\"url\":\"https:\\\/\\\/bpk-archive.de\\\/tuellmann\\\/produkt\\\/wahlen-in-rhodesien-heute-simbabwe\\\/\",\"name\":\"Wahlen in Rhodesien (heute Simbabwe) - Abisag T\u00fcllmann\",\"isPartOf\":{\"@id\":\"https:\\\/\\\/bpk-archive.de\\\/tuellmann\\\/#website\"},\"primaryImageOfPage\":{\"@id\":\"https:\\\/\\\/bpk-archive.de\\\/tuellmann\\\/produkt\\\/wahlen-in-rhodesien-heute-simbabwe\\\/#primaryimage\"},\"image\":{\"@id\":\"https:\\\/\\\/bpk-archive.de\\\/tuellmann\\\/produkt\\\/wahlen-in-rhodesien-heute-simbabwe\\\/#primaryimage\"},\"thumbnailUrl\":\"https:\\\/\\\/bpk-archive.de\\\/tuellmann\\\/wp-content\\\/uploads\\\/2019\\\/08\\\/bpk_70367186.jpg\",\"datePublished\":\"2019-09-05T14:07:55+00:00\",\"dateModified\":\"2019-09-05T14:08:08+00:00\",\"breadcrumb\":{\"@id\":\"https:\\\/\\\/bpk-archive.de\\\/tuellmann\\\/produkt\\\/wahlen-in-rhodesien-heute-simbabwe\\\/#breadcrumb\"},\"inLanguage\":\"de\",\"potentialAction\":[{\"@type\":\"ReadAction\",\"target\":[\"https:\\\/\\\/bpk-archive.de\\\/tuellmann\\\/produkt\\\/wahlen-in-rhodesien-heute-simbabwe\\\/\"]}]},{\"@type\":\"ImageObject\",\"inLanguage\":\"de\",\"@id\":\"https:\\\/\\\/bpk-archive.de\\\/tuellmann\\\/produkt\\\/wahlen-in-rhodesien-heute-simbabwe\\\/#primaryimage\",\"url\":\"https:\\\/\\\/bpk-archive.de\\\/tuellmann\\\/wp-content\\\/uploads\\\/2019\\\/08\\\/bpk_70367186.jpg\",\"contentUrl\":\"https:\\\/\\\/bpk-archive.de\\\/tuellmann\\\/wp-content\\\/uploads\\\/2019\\\/08\\\/bpk_70367186.jpg\",\"width\":1200,\"height\":930,\"caption\":\"Wahlen in Rhodesien (heute Simbabwe)\"},{\"@type\":\"BreadcrumbList\",\"@id\":\"https:\\\/\\\/bpk-archive.de\\\/tuellmann\\\/produkt\\\/wahlen-in-rhodesien-heute-simbabwe\\\/#breadcrumb\",\"itemListElement\":[{\"@type\":\"ListItem\",\"position\":1,\"name\":\"Startseite\",\"item\":\"https:\\\/\\\/bpk-archive.de\\\/tuellmann\\\/\"},{\"@type\":\"ListItem\",\"position\":2,\"name\":\"Shop\",\"item\":\"https:\\\/\\\/bpk-archive.de\\\/tuellmann\\\/shop\\\/\"},{\"@type\":\"ListItem\",\"position\":3,\"name\":\"Wahlen in Rhodesien (heute Simbabwe)\"}]},{\"@type\":\"WebSite\",\"@id\":\"https:\\\/\\\/bpk-archive.de\\\/tuellmann\\\/#website\",\"url\":\"https:\\\/\\\/bpk-archive.de\\\/tuellmann\\\/\",\"name\":\"Abisag T\u00fcllmann\",\"description\":\"Eine weitere WordPress-Website\",\"potentialAction\":[{\"@type\":\"SearchAction\",\"target\":{\"@type\":\"EntryPoint\",\"urlTemplate\":\"https:\\\/\\\/bpk-archive.de\\\/tuellmann\\\/?s={search_term_string}\"},\"query-input\":{\"@type\":\"PropertyValueSpecification\",\"valueRequired\":true,\"valueName\":\"search_term_string\"}}],\"inLanguage\":\"de\"}]}<\/script>\n<!-- \/ Yoast SEO plugin. -->","yoast_head_json":{"title":"Wahlen in Rhodesien (heute Simbabwe) - Abisag T\u00fcllmann","robots":{"index":"index","follow":"follow","max-snippet":"max-snippet:-1","max-image-preview":"max-image-preview:large","max-video-preview":"max-video-preview:-1"},"canonical":"https:\/\/bpk-archive.de\/tuellmann\/produkt\/wahlen-in-rhodesien-heute-simbabwe\/","og_locale":"de_DE","og_type":"article","og_title":"Wahlen in Rhodesien (heute Simbabwe) - Abisag T\u00fcllmann","og_description":"Auf einer Farm stehen W\u00e4hler Schlange, um ihre Stimme abgeben zu k\u00f6nnen","og_url":"https:\/\/bpk-archive.de\/tuellmann\/produkt\/wahlen-in-rhodesien-heute-simbabwe\/","og_site_name":"Abisag T\u00fcllmann","article_modified_time":"2019-09-05T14:08:08+00:00","og_image":[{"width":1200,"height":930,"url":"https:\/\/bpk-archive.de\/tuellmann\/wp-content\/uploads\/2019\/08\/bpk_70367186.jpg","type":"image\/jpeg"}],"twitter_card":"summary_large_image","schema":{"@context":"https:\/\/schema.org","@graph":[{"@type":"WebPage","@id":"https:\/\/bpk-archive.de\/tuellmann\/produkt\/wahlen-in-rhodesien-heute-simbabwe\/","url":"https:\/\/bpk-archive.de\/tuellmann\/produkt\/wahlen-in-rhodesien-heute-simbabwe\/","name":"Wahlen in Rhodesien (heute Simbabwe) - Abisag T\u00fcllmann","isPartOf":{"@id":"https:\/\/bpk-archive.de\/tuellmann\/#website"},"primaryImageOfPage":{"@id":"https:\/\/bpk-archive.de\/tuellmann\/produkt\/wahlen-in-rhodesien-heute-simbabwe\/#primaryimage"},"image":{"@id":"https:\/\/bpk-archive.de\/tuellmann\/produkt\/wahlen-in-rhodesien-heute-simbabwe\/#primaryimage"},"thumbnailUrl":"https:\/\/bpk-archive.de\/tuellmann\/wp-content\/uploads\/2019\/08\/bpk_70367186.jpg","datePublished":"2019-09-05T14:07:55+00:00","dateModified":"2019-09-05T14:08:08+00:00","breadcrumb":{"@id":"https:\/\/bpk-archive.de\/tuellmann\/produkt\/wahlen-in-rhodesien-heute-simbabwe\/#breadcrumb"},"inLanguage":"de","potentialAction":[{"@type":"ReadAction","target":["https:\/\/bpk-archive.de\/tuellmann\/produkt\/wahlen-in-rhodesien-heute-simbabwe\/"]}]},{"@type":"ImageObject","inLanguage":"de","@id":"https:\/\/bpk-archive.de\/tuellmann\/produkt\/wahlen-in-rhodesien-heute-simbabwe\/#primaryimage","url":"https:\/\/bpk-archive.de\/tuellmann\/wp-content\/uploads\/2019\/08\/bpk_70367186.jpg","contentUrl":"https:\/\/bpk-archive.de\/tuellmann\/wp-content\/uploads\/2019\/08\/bpk_70367186.jpg","width":1200,"height":930,"caption":"Wahlen in Rhodesien (heute Simbabwe)"},{"@type":"BreadcrumbList","@id":"https:\/\/bpk-archive.de\/tuellmann\/produkt\/wahlen-in-rhodesien-heute-simbabwe\/#breadcrumb","itemListElement":[{"@type":"ListItem","position":1,"name":"Startseite","item":"https:\/\/bpk-archive.de\/tuellmann\/"},{"@type":"ListItem","position":2,"name":"Shop","item":"https:\/\/bpk-archive.de\/tuellmann\/shop\/"},{"@type":"ListItem","position":3,"name":"Wahlen in Rhodesien (heute Simbabwe)"}]},{"@type":"WebSite","@id":"https:\/\/bpk-archive.de\/tuellmann\/#website","url":"https:\/\/bpk-archive.de\/tuellmann\/","name":"Abisag T\u00fcllmann","description":"Eine weitere WordPress-Website","potentialAction":[{"@type":"SearchAction","target":{"@type":"EntryPoint","urlTemplate":"https:\/\/bpk-archive.de\/tuellmann\/?s={search_term_string}"},"query-input":{"@type":"PropertyValueSpecification","valueRequired":true,"valueName":"search_term_string"}}],"inLanguage":"de"}]}},"_links":{"self":[{"href":"https:\/\/bpk-archive.de\/tuellmann\/wp-json\/wp\/v2\/product\/70296613","targetHints":{"allow":["GET"]}}],"collection":[{"href":"https:\/\/bpk-archive.de\/tuellmann\/wp-json\/wp\/v2\/product"}],"about":[{"href":"https:\/\/bpk-archive.de\/tuellmann\/wp-json\/wp\/v2\/types\/product"}],"wp:featuredmedia":[{"embeddable":true,"href":"https:\/\/bpk-archive.de\/tuellmann\/wp-json\/wp\/v2\/media\/70293554"}],"wp:attachment":[{"href":"https:\/\/bpk-archive.de\/tuellmann\/wp-json\/wp\/v2\/media?parent=70296613"}],"wp:term":[{"taxonomy":"product_brand","embeddable":true,"href":"https:\/\/bpk-archive.de\/tuellmann\/wp-json\/wp\/v2\/product_brand?post=70296613"},{"taxonomy":"product_cat","embeddable":true,"href":"https:\/\/bpk-archive.de\/tuellmann\/wp-json\/wp\/v2\/product_cat?post=70296613"},{"taxonomy":"product_tag","embeddable":true,"href":"https:\/\/bpk-archive.de\/tuellmann\/wp-json\/wp\/v2\/product_tag?post=70296613"}],"curies":[{"name":"wp","href":"https:\/\/api.w.org\/{rel}","templated":true}]}}