{"id":70296604,"date":"2019-09-05T16:07:55","date_gmt":"2019-09-05T14:07:55","guid":{"rendered":"http:\/\/abisagtuellmann.bpk-news.de\/atbild\/schuelerinnen-beim-unterricht-im-dominican-convent-in-bulawayo\/"},"modified":"2020-08-12T10:21:46","modified_gmt":"2020-08-12T08:21:46","slug":"schuelerinnen-beim-unterricht-im-dominican-convent-in-bulawayo","status":"publish","type":"product","link":"https:\/\/bpk-archive.de\/tuellmann\/produkt\/schuelerinnen-beim-unterricht-im-dominican-convent-in-bulawayo\/","title":{"rendered":"Sch\u00fclerinnen beim Unterricht im Dominican Convent in Bulawayo"},"content":{"rendered":"<p>R\u00fcckseitenbeschriftung von Hand der Fotografin: &#8222;Rhodesien, katholische Schule, einige der wenigen, die entgegen der offiziellen Politik nicht ausschlie\u00dflich wei\u00dfe Sch\u00fclerinnen aufnehmen&#8220;<\/p>\n","protected":false},"excerpt":{"rendered":"<p>R\u00fcckseitenbeschriftung von Hand der Fotografin: &#8222;Rhodesien, katholische Schule, einige der wenigen, die entgegen der offiziellen Politik nicht ausschlie\u00dflich wei\u00dfe Sch\u00fclerinnen aufnehmen&#8220;<\/p>\n","protected":false},"featured_media":70293581,"template":"","meta":[],"product_brand":[],"product_cat":[73394],"product_tag":[13230,13232,13234,13231,13233,13235,47921,14172,13777,13236,13237,13238,13239,13240,13241,13242,13243,13244,13245,14173,63995,50141,48201,14177,56376,56379,56380,56381,56382,47990,49838,47991,13253,13254,13255,13256,13257,63996,63997,63998,63999,64000,64001,64002,64003,64004,64005,13473,13293,13786,13787,13294,13295,13296,13297,48099,48100,56248,13798,13799,13800,13801,13498,57889,53831,14205,14206,14207,62538,62539,14211,14212,14213,14218,14219,60982,64006,13310,64007,13311,64008,64009,64010,64011,58280,64012,64013,64014,64015,13328,13827,13828,13329,13330,13331,13332,13843,14238,56666,56667,14240,47594,47595,13877,13879,62156,64016,50163,13346,13347,53860,53861,55073,55074,64017,13348,47858,47859,13349,13350,62503,13865,13864,13866,13858,13859,13860,13861,13862,13863,13354,13869,13870,13871,13872,14241,14242,56668,56669,14243,14244,14245,14246,14247,14248,14249,13363,13364,13365,13366,13367,13368,13369,47967,13878,13880,47968,58571,58572,52832,52834,52835,47615,13525,14254],"class_list":{"0":"post-70296604","1":"product","2":"type-product","3":"status-publish","4":"has-post-thumbnail","6":"product_cat-simbabwe","7":"product_tag-1970er-jahre","8":"product_tag-20-jahrhundert-nach-chr","9":"product_tag-20-jh-n-chr","10":"product_tag-20-jahrhundert","11":"product_tag-20-jh","12":"product_tag-70er","13":"product_tag-abisag","14":"product_tag-abt_010","15":"product_tag-abzug","16":"product_tag-afrika","17":"product_tag-afrikaner","18":"product_tag-afrikanerin","19":"product_tag-afrikanerinnen","20":"product_tag-afrikanisch","21":"product_tag-afrikanische","22":"product_tag-afrikanischen","23":"product_tag-afrikanischer","24":"product_tag-afrikanisches","25":"product_tag-afrikas","26":"product_tag-at_rhodesien","27":"product_tag-aula","28":"product_tag-bildung","29":"product_tag-blick","30":"product_tag-blickkontakt","31":"product_tag-chor","32":"product_tag-chorgesang","33":"product_tag-chorgesaenge","34":"product_tag-chorgesanges","35":"product_tag-chorgesangs","36":"product_tag-christen","37":"product_tag-christentum","38":"product_tag-christlich","39":"product_tag-deutsch","40":"product_tag-deutsche","41":"product_tag-deutschen","42":"product_tag-deutscher","43":"product_tag-deutsches","44":"product_tag-dominikaner","45":"product_tag-dominikanerin","46":"product_tag-dominikanerinnen","47":"product_tag-dominikanernonne","48":"product_tag-dominikanernonnen","49":"product_tag-dominikanerorden","50":"product_tag-dominikanisch","51":"product_tag-dominikanische","52":"product_tag-dominikanischer","53":"product_tag-dominikanisches","54":"product_tag-drinnen","55":"product_tag-foto","56":"product_tag-fotoabzug","57":"product_tag-fotoabzuege","58":"product_tag-fotografie","59":"product_tag-fotografien","60":"product_tag-fotografin","61":"product_tag-fotografinnen","62":"product_tag-fussboden","63":"product_tag-fussbodens","64":"product_tag-gesang","65":"product_tag-hut","66":"product_tag-huete","67":"product_tag-hueten","68":"product_tag-hutes","69":"product_tag-innen","70":"product_tag-katholiken","71":"product_tag-katholisch","72":"product_tag-kind","73":"product_tag-kinde","74":"product_tag-kinder","75":"product_tag-kinderchor","76":"product_tag-kinderchoere","77":"product_tag-kindergruppe","78":"product_tag-kindergruppen","79":"product_tag-kindern","80":"product_tag-kindes","81":"product_tag-kindheit","82":"product_tag-konvent","83":"product_tag-konvents","84":"product_tag-maedchen","85":"product_tag-maedchenchor","86":"product_tag-maedchens","87":"product_tag-maedchenschule","88":"product_tag-maedchenschulen","89":"product_tag-missionsschule","90":"product_tag-musiklehrerin","91":"product_tag-musikunterricht","92":"product_tag-notenblatt","93":"product_tag-notenblaetter","94":"product_tag-notenseite","95":"product_tag-notenseiten","96":"product_tag-photo","97":"product_tag-photoabzug","98":"product_tag-photoabzuege","99":"product_tag-photographie","100":"product_tag-photographien","101":"product_tag-photographin","102":"product_tag-photographinnen","103":"product_tag-print","104":"product_tag-rhodesien","105":"product_tag-rhodesierin","106":"product_tag-rhodesierinnen","107":"product_tag-rhodesisch","108":"product_tag-rueckansicht","109":"product_tag-rueckseite","110":"product_tag-s-w-fotografie","111":"product_tag-s-w-photographie","112":"product_tag-schulbildung","113":"product_tag-schulchor","114":"product_tag-schule","115":"product_tag-schuelerin","116":"product_tag-schuelerinnen","117":"product_tag-schulkind","118":"product_tag-schulkinder","119":"product_tag-schulklasse","120":"product_tag-schulklassen","121":"product_tag-schulkleidung","122":"product_tag-schulmaedchen","123":"product_tag-schulterblick","124":"product_tag-schulterblicke","125":"product_tag-schuluniform","126":"product_tag-schuluniformen","127":"product_tag-schulunterricht","128":"product_tag-schwarzweissphotographie","129":"product_tag-schwarz-weiss-fotografie","130":"product_tag-schwarz-weiss-photographie","131":"product_tag-schwarzweiss","132":"product_tag-schwarzweisse","133":"product_tag-schwarzweissen","134":"product_tag-schwarzweisser","135":"product_tag-schwarzweisses","136":"product_tag-schwarzweissfotografie","137":"product_tag-siebziger","138":"product_tag-silbergelatine","139":"product_tag-silbergelatineabzug","140":"product_tag-silbergelatineabzuege","141":"product_tag-silbergelatineprint","142":"product_tag-simbabwe","143":"product_tag-simbabwer","144":"product_tag-simbabwerin","145":"product_tag-simbabwerinnen","146":"product_tag-sitzen","147":"product_tag-sitzend","148":"product_tag-sitzende","149":"product_tag-sitzenden","150":"product_tag-sitzender","151":"product_tag-sitzendes","152":"product_tag-sitzt","153":"product_tag-suedafrika","154":"product_tag-suedafrikanisch","155":"product_tag-suedafrikanische","156":"product_tag-suedafrikanischen","157":"product_tag-suedafrikanischer","158":"product_tag-suedafrikanisches","159":"product_tag-suedafrikas","160":"product_tag-sw","161":"product_tag-sw-fotografie","162":"product_tag-sw-photographie","163":"product_tag-tuellmann","164":"product_tag-turnhalle","165":"product_tag-turnhallen","166":"product_tag-unterricht","167":"product_tag-unterrichtes","168":"product_tag-unterrichts","169":"product_tag-von-hinten","170":"product_tag-von-innen","171":"product_tag-zimbabwe","172":"pa_datierung-september-1971","173":"pa_fotograf-abisag-tuellmann","174":"pa_geografischer_bezug-aufnahmeort-bulawayo-rhodesien-simbabwe","175":"pa_grunddaten_material_technik-foto-silbergelatine-auf-barytpapier","176":"pa_inventarnummer-tue-71-143-31","177":"pa_jahr_von-49516","178":"pa_massangaben-bildformat-foto-233-x-30-cm","179":"pa_mediennummer-63992","180":"pa_objekt_typ-fotografie","182":"first","183":"instock","184":"product-type-simple"},"yoast_head":"<!-- This site is optimized with the Yoast SEO plugin v27.3 - https:\/\/yoast.com\/product\/yoast-seo-wordpress\/ -->\n<title>Sch\u00fclerinnen beim Unterricht im Dominican Convent in Bulawayo - Abisag T\u00fcllmann<\/title>\n<meta name=\"robots\" content=\"index, follow, max-snippet:-1, max-image-preview:large, max-video-preview:-1\" \/>\n<link rel=\"canonical\" href=\"https:\/\/bpk-archive.de\/tuellmann\/produkt\/schuelerinnen-beim-unterricht-im-dominican-convent-in-bulawayo\/\" \/>\n<meta property=\"og:locale\" content=\"de_DE\" \/>\n<meta property=\"og:type\" content=\"article\" \/>\n<meta property=\"og:title\" content=\"Sch\u00fclerinnen beim Unterricht im Dominican Convent in Bulawayo - Abisag T\u00fcllmann\" \/>\n<meta property=\"og:description\" content=\"R\u00fcckseitenbeschriftung von Hand der Fotografin: &#8222;Rhodesien, katholische Schule, einige der wenigen, die entgegen der offiziellen Politik nicht ausschlie\u00dflich wei\u00dfe Sch\u00fclerinnen aufnehmen&#8220;\" \/>\n<meta property=\"og:url\" content=\"https:\/\/bpk-archive.de\/tuellmann\/produkt\/schuelerinnen-beim-unterricht-im-dominican-convent-in-bulawayo\/\" \/>\n<meta property=\"og:site_name\" content=\"Abisag T\u00fcllmann\" \/>\n<meta property=\"article:modified_time\" content=\"2020-08-12T08:21:46+00:00\" \/>\n<meta property=\"og:image\" content=\"https:\/\/bpk-archive.de\/tuellmann\/wp-content\/uploads\/2019\/08\/bpk_70367154.jpg\" \/>\n\t<meta property=\"og:image:width\" content=\"1200\" \/>\n\t<meta property=\"og:image:height\" content=\"942\" \/>\n\t<meta property=\"og:image:type\" content=\"image\/jpeg\" \/>\n<meta name=\"twitter:card\" content=\"summary_large_image\" \/>\n<script type=\"application\/ld+json\" class=\"yoast-schema-graph\">{\"@context\":\"https:\\\/\\\/schema.org\",\"@graph\":[{\"@type\":\"WebPage\",\"@id\":\"https:\\\/\\\/bpk-archive.de\\\/tuellmann\\\/produkt\\\/schuelerinnen-beim-unterricht-im-dominican-convent-in-bulawayo\\\/\",\"url\":\"https:\\\/\\\/bpk-archive.de\\\/tuellmann\\\/produkt\\\/schuelerinnen-beim-unterricht-im-dominican-convent-in-bulawayo\\\/\",\"name\":\"Sch\u00fclerinnen beim Unterricht im Dominican Convent in Bulawayo - Abisag T\u00fcllmann\",\"isPartOf\":{\"@id\":\"https:\\\/\\\/bpk-archive.de\\\/tuellmann\\\/#website\"},\"primaryImageOfPage\":{\"@id\":\"https:\\\/\\\/bpk-archive.de\\\/tuellmann\\\/produkt\\\/schuelerinnen-beim-unterricht-im-dominican-convent-in-bulawayo\\\/#primaryimage\"},\"image\":{\"@id\":\"https:\\\/\\\/bpk-archive.de\\\/tuellmann\\\/produkt\\\/schuelerinnen-beim-unterricht-im-dominican-convent-in-bulawayo\\\/#primaryimage\"},\"thumbnailUrl\":\"https:\\\/\\\/bpk-archive.de\\\/tuellmann\\\/wp-content\\\/uploads\\\/2019\\\/08\\\/bpk_70367154.jpg\",\"datePublished\":\"2019-09-05T14:07:55+00:00\",\"dateModified\":\"2020-08-12T08:21:46+00:00\",\"breadcrumb\":{\"@id\":\"https:\\\/\\\/bpk-archive.de\\\/tuellmann\\\/produkt\\\/schuelerinnen-beim-unterricht-im-dominican-convent-in-bulawayo\\\/#breadcrumb\"},\"inLanguage\":\"de\",\"potentialAction\":[{\"@type\":\"ReadAction\",\"target\":[\"https:\\\/\\\/bpk-archive.de\\\/tuellmann\\\/produkt\\\/schuelerinnen-beim-unterricht-im-dominican-convent-in-bulawayo\\\/\"]}]},{\"@type\":\"ImageObject\",\"inLanguage\":\"de\",\"@id\":\"https:\\\/\\\/bpk-archive.de\\\/tuellmann\\\/produkt\\\/schuelerinnen-beim-unterricht-im-dominican-convent-in-bulawayo\\\/#primaryimage\",\"url\":\"https:\\\/\\\/bpk-archive.de\\\/tuellmann\\\/wp-content\\\/uploads\\\/2019\\\/08\\\/bpk_70367154.jpg\",\"contentUrl\":\"https:\\\/\\\/bpk-archive.de\\\/tuellmann\\\/wp-content\\\/uploads\\\/2019\\\/08\\\/bpk_70367154.jpg\",\"width\":1200,\"height\":942,\"caption\":\"Sch\u00fclerinnen beim Unterricht im Dominican Convent in Bulawayo\"},{\"@type\":\"BreadcrumbList\",\"@id\":\"https:\\\/\\\/bpk-archive.de\\\/tuellmann\\\/produkt\\\/schuelerinnen-beim-unterricht-im-dominican-convent-in-bulawayo\\\/#breadcrumb\",\"itemListElement\":[{\"@type\":\"ListItem\",\"position\":1,\"name\":\"Startseite\",\"item\":\"https:\\\/\\\/bpk-archive.de\\\/tuellmann\\\/\"},{\"@type\":\"ListItem\",\"position\":2,\"name\":\"Shop\",\"item\":\"https:\\\/\\\/bpk-archive.de\\\/tuellmann\\\/shop\\\/\"},{\"@type\":\"ListItem\",\"position\":3,\"name\":\"Sch\u00fclerinnen beim Unterricht im Dominican Convent in Bulawayo\"}]},{\"@type\":\"WebSite\",\"@id\":\"https:\\\/\\\/bpk-archive.de\\\/tuellmann\\\/#website\",\"url\":\"https:\\\/\\\/bpk-archive.de\\\/tuellmann\\\/\",\"name\":\"Abisag T\u00fcllmann\",\"description\":\"Eine weitere WordPress-Website\",\"potentialAction\":[{\"@type\":\"SearchAction\",\"target\":{\"@type\":\"EntryPoint\",\"urlTemplate\":\"https:\\\/\\\/bpk-archive.de\\\/tuellmann\\\/?s={search_term_string}\"},\"query-input\":{\"@type\":\"PropertyValueSpecification\",\"valueRequired\":true,\"valueName\":\"search_term_string\"}}],\"inLanguage\":\"de\"}]}<\/script>\n<!-- \/ Yoast SEO plugin. -->","yoast_head_json":{"title":"Sch\u00fclerinnen beim Unterricht im Dominican Convent in Bulawayo - Abisag T\u00fcllmann","robots":{"index":"index","follow":"follow","max-snippet":"max-snippet:-1","max-image-preview":"max-image-preview:large","max-video-preview":"max-video-preview:-1"},"canonical":"https:\/\/bpk-archive.de\/tuellmann\/produkt\/schuelerinnen-beim-unterricht-im-dominican-convent-in-bulawayo\/","og_locale":"de_DE","og_type":"article","og_title":"Sch\u00fclerinnen beim Unterricht im Dominican Convent in Bulawayo - Abisag T\u00fcllmann","og_description":"R\u00fcckseitenbeschriftung von Hand der Fotografin: &#8222;Rhodesien, katholische Schule, einige der wenigen, die entgegen der offiziellen Politik nicht ausschlie\u00dflich wei\u00dfe Sch\u00fclerinnen aufnehmen&#8220;","og_url":"https:\/\/bpk-archive.de\/tuellmann\/produkt\/schuelerinnen-beim-unterricht-im-dominican-convent-in-bulawayo\/","og_site_name":"Abisag T\u00fcllmann","article_modified_time":"2020-08-12T08:21:46+00:00","og_image":[{"width":1200,"height":942,"url":"https:\/\/bpk-archive.de\/tuellmann\/wp-content\/uploads\/2019\/08\/bpk_70367154.jpg","type":"image\/jpeg"}],"twitter_card":"summary_large_image","schema":{"@context":"https:\/\/schema.org","@graph":[{"@type":"WebPage","@id":"https:\/\/bpk-archive.de\/tuellmann\/produkt\/schuelerinnen-beim-unterricht-im-dominican-convent-in-bulawayo\/","url":"https:\/\/bpk-archive.de\/tuellmann\/produkt\/schuelerinnen-beim-unterricht-im-dominican-convent-in-bulawayo\/","name":"Sch\u00fclerinnen beim Unterricht im Dominican Convent in Bulawayo - Abisag T\u00fcllmann","isPartOf":{"@id":"https:\/\/bpk-archive.de\/tuellmann\/#website"},"primaryImageOfPage":{"@id":"https:\/\/bpk-archive.de\/tuellmann\/produkt\/schuelerinnen-beim-unterricht-im-dominican-convent-in-bulawayo\/#primaryimage"},"image":{"@id":"https:\/\/bpk-archive.de\/tuellmann\/produkt\/schuelerinnen-beim-unterricht-im-dominican-convent-in-bulawayo\/#primaryimage"},"thumbnailUrl":"https:\/\/bpk-archive.de\/tuellmann\/wp-content\/uploads\/2019\/08\/bpk_70367154.jpg","datePublished":"2019-09-05T14:07:55+00:00","dateModified":"2020-08-12T08:21:46+00:00","breadcrumb":{"@id":"https:\/\/bpk-archive.de\/tuellmann\/produkt\/schuelerinnen-beim-unterricht-im-dominican-convent-in-bulawayo\/#breadcrumb"},"inLanguage":"de","potentialAction":[{"@type":"ReadAction","target":["https:\/\/bpk-archive.de\/tuellmann\/produkt\/schuelerinnen-beim-unterricht-im-dominican-convent-in-bulawayo\/"]}]},{"@type":"ImageObject","inLanguage":"de","@id":"https:\/\/bpk-archive.de\/tuellmann\/produkt\/schuelerinnen-beim-unterricht-im-dominican-convent-in-bulawayo\/#primaryimage","url":"https:\/\/bpk-archive.de\/tuellmann\/wp-content\/uploads\/2019\/08\/bpk_70367154.jpg","contentUrl":"https:\/\/bpk-archive.de\/tuellmann\/wp-content\/uploads\/2019\/08\/bpk_70367154.jpg","width":1200,"height":942,"caption":"Sch\u00fclerinnen beim Unterricht im Dominican Convent in Bulawayo"},{"@type":"BreadcrumbList","@id":"https:\/\/bpk-archive.de\/tuellmann\/produkt\/schuelerinnen-beim-unterricht-im-dominican-convent-in-bulawayo\/#breadcrumb","itemListElement":[{"@type":"ListItem","position":1,"name":"Startseite","item":"https:\/\/bpk-archive.de\/tuellmann\/"},{"@type":"ListItem","position":2,"name":"Shop","item":"https:\/\/bpk-archive.de\/tuellmann\/shop\/"},{"@type":"ListItem","position":3,"name":"Sch\u00fclerinnen beim Unterricht im Dominican Convent in Bulawayo"}]},{"@type":"WebSite","@id":"https:\/\/bpk-archive.de\/tuellmann\/#website","url":"https:\/\/bpk-archive.de\/tuellmann\/","name":"Abisag T\u00fcllmann","description":"Eine weitere WordPress-Website","potentialAction":[{"@type":"SearchAction","target":{"@type":"EntryPoint","urlTemplate":"https:\/\/bpk-archive.de\/tuellmann\/?s={search_term_string}"},"query-input":{"@type":"PropertyValueSpecification","valueRequired":true,"valueName":"search_term_string"}}],"inLanguage":"de"}]}},"_links":{"self":[{"href":"https:\/\/bpk-archive.de\/tuellmann\/wp-json\/wp\/v2\/product\/70296604","targetHints":{"allow":["GET"]}}],"collection":[{"href":"https:\/\/bpk-archive.de\/tuellmann\/wp-json\/wp\/v2\/product"}],"about":[{"href":"https:\/\/bpk-archive.de\/tuellmann\/wp-json\/wp\/v2\/types\/product"}],"wp:featuredmedia":[{"embeddable":true,"href":"https:\/\/bpk-archive.de\/tuellmann\/wp-json\/wp\/v2\/media\/70293581"}],"wp:attachment":[{"href":"https:\/\/bpk-archive.de\/tuellmann\/wp-json\/wp\/v2\/media?parent=70296604"}],"wp:term":[{"taxonomy":"product_brand","embeddable":true,"href":"https:\/\/bpk-archive.de\/tuellmann\/wp-json\/wp\/v2\/product_brand?post=70296604"},{"taxonomy":"product_cat","embeddable":true,"href":"https:\/\/bpk-archive.de\/tuellmann\/wp-json\/wp\/v2\/product_cat?post=70296604"},{"taxonomy":"product_tag","embeddable":true,"href":"https:\/\/bpk-archive.de\/tuellmann\/wp-json\/wp\/v2\/product_tag?post=70296604"}],"curies":[{"name":"wp","href":"https:\/\/api.w.org\/{rel}","templated":true}]}}