{"id":70296597,"date":"2019-09-05T16:07:38","date_gmt":"2019-09-05T14:07:38","guid":{"rendered":"http:\/\/abisagtuellmann.bpk-news.de\/atbild\/zuckerrohrplantagen-in-chiredzi-rhodesien-heute-simbabwe\/"},"modified":"2019-09-05T16:07:54","modified_gmt":"2019-09-05T14:07:54","slug":"zuckerrohrplantagen-in-chiredzi-rhodesien-heute-simbabwe","status":"publish","type":"product","link":"https:\/\/bpk-archive.de\/tuellmann\/produkt\/zuckerrohrplantagen-in-chiredzi-rhodesien-heute-simbabwe\/","title":{"rendered":"Zuckerrohrplantagen in Chiredzi, Rhodesien (heute Simbabwe)"},"content":{"rendered":"<p>Frau mit Kind im Tragetuch \u00fcberquert eine Stra\u00dfe am Rande der Plantagen<\/p>\n","protected":false},"excerpt":{"rendered":"<p>Frau mit Kind im Tragetuch \u00fcberquert eine Stra\u00dfe am Rande der Plantagen<\/p>\n","protected":false},"featured_media":70293593,"template":"","meta":[],"product_brand":[],"product_cat":[],"product_tag":[13230,13232,13234,13231,13233,13235,14172,13777,13236,13237,13238,13239,13240,13241,13242,13243,13244,13245,14173,48570,48571,48572,48573,48574,13250,48545,48546,48547,58529,63951,13784,13785,13958,13959,13253,13254,13255,13256,13257,13260,13293,13786,13787,13294,13295,13296,13297,13487,13488,13974,13975,13976,13977,13978,47375,47376,47378,47379,47380,47381,47382,50500,50501,50502,13301,13812,13813,13814,13815,13816,14205,14206,14207,14213,14218,14219,50598,50599,50600,50504,50505,50506,60621,47394,47395,47396,13328,13827,13828,13329,13330,13331,13332,63952,63953,13829,13830,13831,13832,13833,13834,13835,13836,13837,13838,13839,13840,13841,13842,13843,13844,13845,13846,13847,63954,14238,56666,56667,14240,13877,13879,52069,52070,48551,48552,48553,48554,48593,48594,48595,48596,48597,13865,13864,13866,13858,13859,13860,13861,13862,13863,13354,13869,13870,13871,13872,14241,14242,56668,56669,47408,47409,13363,13364,13365,13366,13367,13368,13369,13878,13880,47663,47664,47665,47666,47667,47668,63955,63956,14254,63957,63958],"class_list":{"0":"post-70296597","1":"product","2":"type-product","3":"status-publish","4":"has-post-thumbnail","6":"product_tag-1970er-jahre","7":"product_tag-20-jahrhundert-nach-chr","8":"product_tag-20-jh-n-chr","9":"product_tag-20-jahrhundert","10":"product_tag-20-jh","11":"product_tag-70er","12":"product_tag-abt_010","13":"product_tag-abzug","14":"product_tag-afrika","15":"product_tag-afrikaner","16":"product_tag-afrikanerin","17":"product_tag-afrikanerinnen","18":"product_tag-afrikanisch","19":"product_tag-afrikanische","20":"product_tag-afrikanischen","21":"product_tag-afrikanischer","22":"product_tag-afrikanisches","23":"product_tag-afrikas","24":"product_tag-at_rhodesien","25":"product_tag-attraktiv","26":"product_tag-attraktive","27":"product_tag-attraktiven","28":"product_tag-attraktiver","29":"product_tag-attraktives","30":"product_tag-aussen","31":"product_tag-babies","32":"product_tag-baby","33":"product_tag-babys","34":"product_tag-balancieren","35":"product_tag-batik","36":"product_tag-bildnis","37":"product_tag-bildnisse","38":"product_tag-damenportraet","39":"product_tag-damenportraets","40":"product_tag-deutsch","41":"product_tag-deutsche","42":"product_tag-deutschen","43":"product_tag-deutscher","44":"product_tag-deutsches","45":"product_tag-draussen","46":"product_tag-foto","47":"product_tag-fotoabzug","48":"product_tag-fotoabzuege","49":"product_tag-fotografie","50":"product_tag-fotografien","51":"product_tag-fotografin","52":"product_tag-fotografinnen","53":"product_tag-frau","54":"product_tag-frauen","55":"product_tag-frauenbildnis","56":"product_tag-frauenportrait","57":"product_tag-frauenportraits","58":"product_tag-frauenportraet","59":"product_tag-frauenportraets","60":"product_tag-fussgaengerin","61":"product_tag-fussgaengerinnen","62":"product_tag-gehen","63":"product_tag-gehend","64":"product_tag-gehende","65":"product_tag-gehender","66":"product_tag-gehendes","67":"product_tag-haupt","68":"product_tag-haupte","69":"product_tag-hauptes","70":"product_tag-im-freien","71":"product_tag-jung","72":"product_tag-junge","73":"product_tag-jungen","74":"product_tag-junger","75":"product_tag-junges","76":"product_tag-kind","77":"product_tag-kinde","78":"product_tag-kinder","79":"product_tag-kindern","80":"product_tag-kindes","81":"product_tag-kindheit","82":"product_tag-kleid","83":"product_tag-kleider","84":"product_tag-kleidern","85":"product_tag-kopf","86":"product_tag-koepfe","87":"product_tag-kopfes","88":"product_tag-muster","89":"product_tag-mutter","90":"product_tag-passantin","91":"product_tag-passantinnen","92":"product_tag-photo","93":"product_tag-photoabzug","94":"product_tag-photoabzuege","95":"product_tag-photographie","96":"product_tag-photographien","97":"product_tag-photographin","98":"product_tag-photographinnen","99":"product_tag-plantage","100":"product_tag-plantagen","101":"product_tag-portrait","102":"product_tag-portraitaufnahme","103":"product_tag-portraitfoto","104":"product_tag-portraitfotografie","105":"product_tag-portraitphoto","106":"product_tag-portraitphotographie","107":"product_tag-portraits","108":"product_tag-portraet","109":"product_tag-portraetaufnahme","110":"product_tag-portraetfoto","111":"product_tag-portraetfotografie","112":"product_tag-portraetphoto","113":"product_tag-portraetphotographie","114":"product_tag-portraets","115":"product_tag-print","116":"product_tag-profil","117":"product_tag-profilansicht","118":"product_tag-profilbild","119":"product_tag-profilbildnis","120":"product_tag-reissack","121":"product_tag-rhodesien","122":"product_tag-rhodesierin","123":"product_tag-rhodesierinnen","124":"product_tag-rhodesisch","125":"product_tag-s-w-fotografie","126":"product_tag-s-w-photographie","127":"product_tag-sack","128":"product_tag-saecke","129":"product_tag-saeugling","130":"product_tag-saeuglinge","131":"product_tag-saeuglinges","132":"product_tag-saeuglings","133":"product_tag-schoen","134":"product_tag-schoene","135":"product_tag-schoenen","136":"product_tag-schoener","137":"product_tag-schoenes","138":"product_tag-schwarzweissphotographie","139":"product_tag-schwarz-weiss-fotografie","140":"product_tag-schwarz-weiss-photographie","141":"product_tag-schwarzweiss","142":"product_tag-schwarzweisse","143":"product_tag-schwarzweissen","144":"product_tag-schwarzweisser","145":"product_tag-schwarzweisses","146":"product_tag-schwarzweissfotografie","147":"product_tag-siebziger","148":"product_tag-silbergelatine","149":"product_tag-silbergelatineabzug","150":"product_tag-silbergelatineabzuege","151":"product_tag-silbergelatineprint","152":"product_tag-simbabwe","153":"product_tag-simbabwer","154":"product_tag-simbabwerin","155":"product_tag-simbabwerinnen","156":"product_tag-strassenleben","157":"product_tag-strassenszene","158":"product_tag-suedafrika","159":"product_tag-suedafrikanisch","160":"product_tag-suedafrikanische","161":"product_tag-suedafrikanischen","162":"product_tag-suedafrikanischer","163":"product_tag-suedafrikanisches","164":"product_tag-suedafrikas","165":"product_tag-sw-fotografie","166":"product_tag-sw-photographie","167":"product_tag-tragen","168":"product_tag-tragend","169":"product_tag-tragende","170":"product_tag-tragenden","171":"product_tag-tragender","172":"product_tag-tragendes","173":"product_tag-tragetuch","174":"product_tag-tragetuecher","175":"product_tag-zimbabwe","176":"product_tag-zuckerrohr","177":"product_tag-zuckerrohrplantage","178":"pa_datierung-september-1971","179":"pa_fotograf-abisag-tuellmann","180":"pa_geografischer_bezug-aufnahmeort-chiredzi-rhodesien-simbabwe","181":"pa_grunddaten_material_technik-foto-silbergelatine-auf-barytpapier","182":"pa_inventarnummer-tue-71-183-10","183":"pa_jahr_von-49516","184":"pa_massangaben-bildformat-foto-233-x-30-cm","185":"pa_mediennummer-63947","186":"pa_objekt_typ-fotografie","188":"first","189":"instock","190":"product-type-simple"},"yoast_head":"<!-- This site is optimized with the Yoast SEO plugin v27.4 - https:\/\/yoast.com\/product\/yoast-seo-wordpress\/ -->\n<title>Zuckerrohrplantagen in Chiredzi, Rhodesien (heute Simbabwe) - Abisag T\u00fcllmann<\/title>\n<meta name=\"robots\" content=\"index, follow, max-snippet:-1, max-image-preview:large, max-video-preview:-1\" \/>\n<link rel=\"canonical\" href=\"https:\/\/bpk-archive.de\/tuellmann\/produkt\/zuckerrohrplantagen-in-chiredzi-rhodesien-heute-simbabwe\/\" \/>\n<meta property=\"og:locale\" content=\"de_DE\" \/>\n<meta property=\"og:type\" content=\"article\" \/>\n<meta property=\"og:title\" content=\"Zuckerrohrplantagen in Chiredzi, Rhodesien (heute Simbabwe) - Abisag T\u00fcllmann\" \/>\n<meta property=\"og:description\" content=\"Frau mit Kind im Tragetuch \u00fcberquert eine Stra\u00dfe am Rande der Plantagen\" \/>\n<meta property=\"og:url\" content=\"https:\/\/bpk-archive.de\/tuellmann\/produkt\/zuckerrohrplantagen-in-chiredzi-rhodesien-heute-simbabwe\/\" \/>\n<meta property=\"og:site_name\" content=\"Abisag T\u00fcllmann\" \/>\n<meta property=\"article:modified_time\" content=\"2019-09-05T14:07:54+00:00\" \/>\n<meta property=\"og:image\" content=\"https:\/\/bpk-archive.de\/tuellmann\/wp-content\/uploads\/2019\/08\/bpk_70367160.jpg\" \/>\n\t<meta property=\"og:image:width\" content=\"1200\" \/>\n\t<meta property=\"og:image:height\" content=\"945\" \/>\n\t<meta property=\"og:image:type\" content=\"image\/jpeg\" \/>\n<meta name=\"twitter:card\" content=\"summary_large_image\" \/>\n<script type=\"application\/ld+json\" class=\"yoast-schema-graph\">{\"@context\":\"https:\\\/\\\/schema.org\",\"@graph\":[{\"@type\":\"WebPage\",\"@id\":\"https:\\\/\\\/bpk-archive.de\\\/tuellmann\\\/produkt\\\/zuckerrohrplantagen-in-chiredzi-rhodesien-heute-simbabwe\\\/\",\"url\":\"https:\\\/\\\/bpk-archive.de\\\/tuellmann\\\/produkt\\\/zuckerrohrplantagen-in-chiredzi-rhodesien-heute-simbabwe\\\/\",\"name\":\"Zuckerrohrplantagen in Chiredzi, Rhodesien (heute Simbabwe) - Abisag T\u00fcllmann\",\"isPartOf\":{\"@id\":\"https:\\\/\\\/bpk-archive.de\\\/tuellmann\\\/#website\"},\"primaryImageOfPage\":{\"@id\":\"https:\\\/\\\/bpk-archive.de\\\/tuellmann\\\/produkt\\\/zuckerrohrplantagen-in-chiredzi-rhodesien-heute-simbabwe\\\/#primaryimage\"},\"image\":{\"@id\":\"https:\\\/\\\/bpk-archive.de\\\/tuellmann\\\/produkt\\\/zuckerrohrplantagen-in-chiredzi-rhodesien-heute-simbabwe\\\/#primaryimage\"},\"thumbnailUrl\":\"https:\\\/\\\/bpk-archive.de\\\/tuellmann\\\/wp-content\\\/uploads\\\/2019\\\/08\\\/bpk_70367160.jpg\",\"datePublished\":\"2019-09-05T14:07:38+00:00\",\"dateModified\":\"2019-09-05T14:07:54+00:00\",\"breadcrumb\":{\"@id\":\"https:\\\/\\\/bpk-archive.de\\\/tuellmann\\\/produkt\\\/zuckerrohrplantagen-in-chiredzi-rhodesien-heute-simbabwe\\\/#breadcrumb\"},\"inLanguage\":\"de\",\"potentialAction\":[{\"@type\":\"ReadAction\",\"target\":[\"https:\\\/\\\/bpk-archive.de\\\/tuellmann\\\/produkt\\\/zuckerrohrplantagen-in-chiredzi-rhodesien-heute-simbabwe\\\/\"]}]},{\"@type\":\"ImageObject\",\"inLanguage\":\"de\",\"@id\":\"https:\\\/\\\/bpk-archive.de\\\/tuellmann\\\/produkt\\\/zuckerrohrplantagen-in-chiredzi-rhodesien-heute-simbabwe\\\/#primaryimage\",\"url\":\"https:\\\/\\\/bpk-archive.de\\\/tuellmann\\\/wp-content\\\/uploads\\\/2019\\\/08\\\/bpk_70367160.jpg\",\"contentUrl\":\"https:\\\/\\\/bpk-archive.de\\\/tuellmann\\\/wp-content\\\/uploads\\\/2019\\\/08\\\/bpk_70367160.jpg\",\"width\":1200,\"height\":945,\"caption\":\"Zuckerrohrplantagen in Chiredzi, Rhodesien (heute Simbabwe)\"},{\"@type\":\"BreadcrumbList\",\"@id\":\"https:\\\/\\\/bpk-archive.de\\\/tuellmann\\\/produkt\\\/zuckerrohrplantagen-in-chiredzi-rhodesien-heute-simbabwe\\\/#breadcrumb\",\"itemListElement\":[{\"@type\":\"ListItem\",\"position\":1,\"name\":\"Startseite\",\"item\":\"https:\\\/\\\/bpk-archive.de\\\/tuellmann\\\/\"},{\"@type\":\"ListItem\",\"position\":2,\"name\":\"Shop\",\"item\":\"https:\\\/\\\/bpk-archive.de\\\/tuellmann\\\/shop\\\/\"},{\"@type\":\"ListItem\",\"position\":3,\"name\":\"Zuckerrohrplantagen in Chiredzi, Rhodesien (heute Simbabwe)\"}]},{\"@type\":\"WebSite\",\"@id\":\"https:\\\/\\\/bpk-archive.de\\\/tuellmann\\\/#website\",\"url\":\"https:\\\/\\\/bpk-archive.de\\\/tuellmann\\\/\",\"name\":\"Abisag T\u00fcllmann\",\"description\":\"Eine weitere WordPress-Website\",\"potentialAction\":[{\"@type\":\"SearchAction\",\"target\":{\"@type\":\"EntryPoint\",\"urlTemplate\":\"https:\\\/\\\/bpk-archive.de\\\/tuellmann\\\/?s={search_term_string}\"},\"query-input\":{\"@type\":\"PropertyValueSpecification\",\"valueRequired\":true,\"valueName\":\"search_term_string\"}}],\"inLanguage\":\"de\"}]}<\/script>\n<!-- \/ Yoast SEO plugin. -->","yoast_head_json":{"title":"Zuckerrohrplantagen in Chiredzi, Rhodesien (heute Simbabwe) - Abisag T\u00fcllmann","robots":{"index":"index","follow":"follow","max-snippet":"max-snippet:-1","max-image-preview":"max-image-preview:large","max-video-preview":"max-video-preview:-1"},"canonical":"https:\/\/bpk-archive.de\/tuellmann\/produkt\/zuckerrohrplantagen-in-chiredzi-rhodesien-heute-simbabwe\/","og_locale":"de_DE","og_type":"article","og_title":"Zuckerrohrplantagen in Chiredzi, Rhodesien (heute Simbabwe) - Abisag T\u00fcllmann","og_description":"Frau mit Kind im Tragetuch \u00fcberquert eine Stra\u00dfe am Rande der Plantagen","og_url":"https:\/\/bpk-archive.de\/tuellmann\/produkt\/zuckerrohrplantagen-in-chiredzi-rhodesien-heute-simbabwe\/","og_site_name":"Abisag T\u00fcllmann","article_modified_time":"2019-09-05T14:07:54+00:00","og_image":[{"width":1200,"height":945,"url":"https:\/\/bpk-archive.de\/tuellmann\/wp-content\/uploads\/2019\/08\/bpk_70367160.jpg","type":"image\/jpeg"}],"twitter_card":"summary_large_image","schema":{"@context":"https:\/\/schema.org","@graph":[{"@type":"WebPage","@id":"https:\/\/bpk-archive.de\/tuellmann\/produkt\/zuckerrohrplantagen-in-chiredzi-rhodesien-heute-simbabwe\/","url":"https:\/\/bpk-archive.de\/tuellmann\/produkt\/zuckerrohrplantagen-in-chiredzi-rhodesien-heute-simbabwe\/","name":"Zuckerrohrplantagen in Chiredzi, Rhodesien (heute Simbabwe) - Abisag T\u00fcllmann","isPartOf":{"@id":"https:\/\/bpk-archive.de\/tuellmann\/#website"},"primaryImageOfPage":{"@id":"https:\/\/bpk-archive.de\/tuellmann\/produkt\/zuckerrohrplantagen-in-chiredzi-rhodesien-heute-simbabwe\/#primaryimage"},"image":{"@id":"https:\/\/bpk-archive.de\/tuellmann\/produkt\/zuckerrohrplantagen-in-chiredzi-rhodesien-heute-simbabwe\/#primaryimage"},"thumbnailUrl":"https:\/\/bpk-archive.de\/tuellmann\/wp-content\/uploads\/2019\/08\/bpk_70367160.jpg","datePublished":"2019-09-05T14:07:38+00:00","dateModified":"2019-09-05T14:07:54+00:00","breadcrumb":{"@id":"https:\/\/bpk-archive.de\/tuellmann\/produkt\/zuckerrohrplantagen-in-chiredzi-rhodesien-heute-simbabwe\/#breadcrumb"},"inLanguage":"de","potentialAction":[{"@type":"ReadAction","target":["https:\/\/bpk-archive.de\/tuellmann\/produkt\/zuckerrohrplantagen-in-chiredzi-rhodesien-heute-simbabwe\/"]}]},{"@type":"ImageObject","inLanguage":"de","@id":"https:\/\/bpk-archive.de\/tuellmann\/produkt\/zuckerrohrplantagen-in-chiredzi-rhodesien-heute-simbabwe\/#primaryimage","url":"https:\/\/bpk-archive.de\/tuellmann\/wp-content\/uploads\/2019\/08\/bpk_70367160.jpg","contentUrl":"https:\/\/bpk-archive.de\/tuellmann\/wp-content\/uploads\/2019\/08\/bpk_70367160.jpg","width":1200,"height":945,"caption":"Zuckerrohrplantagen in Chiredzi, Rhodesien (heute Simbabwe)"},{"@type":"BreadcrumbList","@id":"https:\/\/bpk-archive.de\/tuellmann\/produkt\/zuckerrohrplantagen-in-chiredzi-rhodesien-heute-simbabwe\/#breadcrumb","itemListElement":[{"@type":"ListItem","position":1,"name":"Startseite","item":"https:\/\/bpk-archive.de\/tuellmann\/"},{"@type":"ListItem","position":2,"name":"Shop","item":"https:\/\/bpk-archive.de\/tuellmann\/shop\/"},{"@type":"ListItem","position":3,"name":"Zuckerrohrplantagen in Chiredzi, Rhodesien (heute Simbabwe)"}]},{"@type":"WebSite","@id":"https:\/\/bpk-archive.de\/tuellmann\/#website","url":"https:\/\/bpk-archive.de\/tuellmann\/","name":"Abisag T\u00fcllmann","description":"Eine weitere WordPress-Website","potentialAction":[{"@type":"SearchAction","target":{"@type":"EntryPoint","urlTemplate":"https:\/\/bpk-archive.de\/tuellmann\/?s={search_term_string}"},"query-input":{"@type":"PropertyValueSpecification","valueRequired":true,"valueName":"search_term_string"}}],"inLanguage":"de"}]}},"_links":{"self":[{"href":"https:\/\/bpk-archive.de\/tuellmann\/wp-json\/wp\/v2\/product\/70296597","targetHints":{"allow":["GET"]}}],"collection":[{"href":"https:\/\/bpk-archive.de\/tuellmann\/wp-json\/wp\/v2\/product"}],"about":[{"href":"https:\/\/bpk-archive.de\/tuellmann\/wp-json\/wp\/v2\/types\/product"}],"wp:featuredmedia":[{"embeddable":true,"href":"https:\/\/bpk-archive.de\/tuellmann\/wp-json\/wp\/v2\/media\/70293593"}],"wp:attachment":[{"href":"https:\/\/bpk-archive.de\/tuellmann\/wp-json\/wp\/v2\/media?parent=70296597"}],"wp:term":[{"taxonomy":"product_brand","embeddable":true,"href":"https:\/\/bpk-archive.de\/tuellmann\/wp-json\/wp\/v2\/product_brand?post=70296597"},{"taxonomy":"product_cat","embeddable":true,"href":"https:\/\/bpk-archive.de\/tuellmann\/wp-json\/wp\/v2\/product_cat?post=70296597"},{"taxonomy":"product_tag","embeddable":true,"href":"https:\/\/bpk-archive.de\/tuellmann\/wp-json\/wp\/v2\/product_tag?post=70296597"}],"curies":[{"name":"wp","href":"https:\/\/api.w.org\/{rel}","templated":true}]}}