{"id":70296586,"date":"2019-09-05T16:07:38","date_gmt":"2019-09-05T14:07:38","guid":{"rendered":"http:\/\/abisagtuellmann.bpk-news.de\/atbild\/demonstration-an-der-paulskirche-gegen-die-verleihung-des-friedenspreises-des-deutschen-buchhandels-an-leopold-s-senghor\/"},"modified":"2019-09-05T16:07:46","modified_gmt":"2019-09-05T14:07:46","slug":"demonstration-an-der-paulskirche-gegen-die-verleihung-des-friedenspreises-des-deutschen-buchhandels-an-leopold-s-senghor","status":"publish","type":"product","link":"https:\/\/bpk-archive.de\/tuellmann\/produkt\/demonstration-an-der-paulskirche-gegen-die-verleihung-des-friedenspreises-des-deutschen-buchhandels-an-leopold-s-senghor\/","title":{"rendered":"Demonstration an der Paulskirche gegen die Verleihung des Friedenspreises des Deutschen Buchhandels an L\u00e9opold S. Senghor"},"content":{"rendered":"<p>Einer der Demonstranten tr\u00e4gt ein Schild mit dem Portr\u00e4t von Malcolm X R\u00fcckseitenbeschriftung von Hand der Fotografin: &#8222;Ffm, Buchmesse, Protest gegen den Friedenspreis des Deutschen Buchhandels an L.S. Senghor, 1968&#8220;<\/p>\n","protected":false},"excerpt":{"rendered":"<p>Einer der Demonstranten tr\u00e4gt ein Schild mit dem Portr\u00e4t von Malcolm X R\u00fcckseitenbeschriftung von Hand der Fotografin: &#8222;Ffm, Buchmesse, Protest gegen den Friedenspreis des Deutschen Buchhandels an L.S. Senghor, 1968&#8220;<\/p>\n","protected":false},"featured_media":70292069,"template":"","meta":[],"product_brand":[],"product_cat":[],"product_tag":[13774,14054,14055,13232,13234,13231,13233,13775,14056,14057,62469,13777,14058,14059,13250,13469,57644,13470,13607,13608,13609,13610,13611,13623,13253,13254,13255,13256,13257,13471,13472,13260,13293,13786,13787,13294,13295,13296,13297,13485,13486,13482,13481,13483,13484,14066,13492,13493,13494,13495,13496,13497,13301,13319,13320,13321,13322,13323,13328,13827,13828,13329,13330,13331,13332,48322,48496,48497,48498,13843,13641,13642,13877,13879,13865,13864,13866,13858,13859,13860,13861,13862,13863,13867,13869,13870,13871,13872,13876,13878,13880],"class_list":{"0":"post-70296586","1":"product","2":"type-product","3":"status-publish","4":"has-post-thumbnail","6":"product_tag-1960er-jahre","7":"product_tag-1968er","8":"product_tag-1968er-bewegung","9":"product_tag-20-jahrhundert-nach-chr","10":"product_tag-20-jh-n-chr","11":"product_tag-20-jahrhundert","12":"product_tag-20-jh","13":"product_tag-60er","14":"product_tag-68er","15":"product_tag-68er-bewegung","16":"product_tag-abt_006","17":"product_tag-abzug","18":"product_tag-achtundsechziger","19":"product_tag-at_studentenbewegung","20":"product_tag-aussen","21":"product_tag-brd","22":"product_tag-buchmesse","23":"product_tag-bundesrepublik-deutschland","24":"product_tag-demo","25":"product_tag-demonstrant","26":"product_tag-demonstranten","27":"product_tag-demonstration","28":"product_tag-demonstrationen","29":"product_tag-demos","30":"product_tag-deutsch","31":"product_tag-deutsche","32":"product_tag-deutschen","33":"product_tag-deutscher","34":"product_tag-deutsches","35":"product_tag-deutschland","36":"product_tag-deutschlands","37":"product_tag-draussen","38":"product_tag-foto","39":"product_tag-fotoabzug","40":"product_tag-fotoabzuege","41":"product_tag-fotografie","42":"product_tag-fotografien","43":"product_tag-fotografin","44":"product_tag-fotografinnen","45":"product_tag-frankfurt-m","46":"product_tag-frankfurt-main","47":"product_tag-frankfurt-a-main","48":"product_tag-frankfurt-a-m","49":"product_tag-frankfurt-am-main","50":"product_tag-frankfurter","51":"product_tag-geschichte","52":"product_tag-hessen","53":"product_tag-hessisch","54":"product_tag-hessische","55":"product_tag-hessischen","56":"product_tag-hessischer","57":"product_tag-hessisches","58":"product_tag-im-freien","59":"product_tag-menschenansammlung","60":"product_tag-menschenauflauf","61":"product_tag-menschenmassen","62":"product_tag-menschenmenge","63":"product_tag-menschenschar","64":"product_tag-photo","65":"product_tag-photoabzug","66":"product_tag-photoabzuege","67":"product_tag-photographie","68":"product_tag-photographien","69":"product_tag-photographin","70":"product_tag-photographinnen","71":"product_tag-politik","72":"product_tag-polizei","73":"product_tag-polizist","74":"product_tag-polizisten","75":"product_tag-print","76":"product_tag-protest","77":"product_tag-proteste","78":"product_tag-s-w-fotografie","79":"product_tag-s-w-photographie","80":"product_tag-schwarzweissphotographie","81":"product_tag-schwarz-weiss-fotografie","82":"product_tag-schwarz-weiss-photographie","83":"product_tag-schwarzweiss","84":"product_tag-schwarzweisse","85":"product_tag-schwarzweissen","86":"product_tag-schwarzweisser","87":"product_tag-schwarzweisses","88":"product_tag-schwarzweissfotografie","89":"product_tag-sechziger","90":"product_tag-silbergelatine","91":"product_tag-silbergelatineabzug","92":"product_tag-silbergelatineabzuege","93":"product_tag-silbergelatineprint","94":"product_tag-studentenbewegung","95":"product_tag-sw-fotografie","96":"product_tag-sw-photographie","97":"pa_datierung-22-09-1968","98":"pa_fotograf-abisag-tuellmann","99":"pa_geografischer_bezug-aufnahmeort-frankfurt-am-main-deutschland","100":"pa_grunddaten_material_technik-foto-silbergelatine-auf-barytpapier","101":"pa_inventarnummer-tue-68-225-23a","102":"pa_jahr_von-14267","103":"pa_massangaben-bildformat-foto-233-x-298-cm","104":"pa_mediennummer-63922","105":"pa_objekt_typ-fotografie","107":"first","108":"instock","109":"product-type-simple"},"yoast_head":"<!-- This site is optimized with the Yoast SEO plugin v27.4 - https:\/\/yoast.com\/product\/yoast-seo-wordpress\/ -->\n<title>Demonstration an der Paulskirche gegen die Verleihung des Friedenspreises des Deutschen Buchhandels an L\u00e9opold S. Senghor - Abisag T\u00fcllmann<\/title>\n<meta name=\"robots\" content=\"index, follow, max-snippet:-1, max-image-preview:large, max-video-preview:-1\" \/>\n<link rel=\"canonical\" href=\"https:\/\/bpk-archive.de\/tuellmann\/produkt\/demonstration-an-der-paulskirche-gegen-die-verleihung-des-friedenspreises-des-deutschen-buchhandels-an-leopold-s-senghor\/\" \/>\n<meta property=\"og:locale\" content=\"de_DE\" \/>\n<meta property=\"og:type\" content=\"article\" \/>\n<meta property=\"og:title\" content=\"Demonstration an der Paulskirche gegen die Verleihung des Friedenspreises des Deutschen Buchhandels an L\u00e9opold S. Senghor - Abisag T\u00fcllmann\" \/>\n<meta property=\"og:description\" content=\"Einer der Demonstranten tr\u00e4gt ein Schild mit dem Portr\u00e4t von Malcolm X R\u00fcckseitenbeschriftung von Hand der Fotografin: &#8222;Ffm, Buchmesse, Protest gegen den Friedenspreis des Deutschen Buchhandels an L.S. Senghor, 1968&#8220;\" \/>\n<meta property=\"og:url\" content=\"https:\/\/bpk-archive.de\/tuellmann\/produkt\/demonstration-an-der-paulskirche-gegen-die-verleihung-des-friedenspreises-des-deutschen-buchhandels-an-leopold-s-senghor\/\" \/>\n<meta property=\"og:site_name\" content=\"Abisag T\u00fcllmann\" \/>\n<meta property=\"article:modified_time\" content=\"2019-09-05T14:07:46+00:00\" \/>\n<meta property=\"og:image\" content=\"https:\/\/bpk-archive.de\/tuellmann\/wp-content\/uploads\/2019\/08\/bpk_70242738.jpg\" \/>\n\t<meta property=\"og:image:width\" content=\"1200\" \/>\n\t<meta property=\"og:image:height\" content=\"949\" \/>\n\t<meta property=\"og:image:type\" content=\"image\/jpeg\" \/>\n<meta name=\"twitter:card\" content=\"summary_large_image\" \/>\n<script type=\"application\/ld+json\" class=\"yoast-schema-graph\">{\"@context\":\"https:\\\/\\\/schema.org\",\"@graph\":[{\"@type\":\"WebPage\",\"@id\":\"https:\\\/\\\/bpk-archive.de\\\/tuellmann\\\/produkt\\\/demonstration-an-der-paulskirche-gegen-die-verleihung-des-friedenspreises-des-deutschen-buchhandels-an-leopold-s-senghor\\\/\",\"url\":\"https:\\\/\\\/bpk-archive.de\\\/tuellmann\\\/produkt\\\/demonstration-an-der-paulskirche-gegen-die-verleihung-des-friedenspreises-des-deutschen-buchhandels-an-leopold-s-senghor\\\/\",\"name\":\"Demonstration an der Paulskirche gegen die Verleihung des Friedenspreises des Deutschen Buchhandels an L\u00e9opold S. Senghor - Abisag T\u00fcllmann\",\"isPartOf\":{\"@id\":\"https:\\\/\\\/bpk-archive.de\\\/tuellmann\\\/#website\"},\"primaryImageOfPage\":{\"@id\":\"https:\\\/\\\/bpk-archive.de\\\/tuellmann\\\/produkt\\\/demonstration-an-der-paulskirche-gegen-die-verleihung-des-friedenspreises-des-deutschen-buchhandels-an-leopold-s-senghor\\\/#primaryimage\"},\"image\":{\"@id\":\"https:\\\/\\\/bpk-archive.de\\\/tuellmann\\\/produkt\\\/demonstration-an-der-paulskirche-gegen-die-verleihung-des-friedenspreises-des-deutschen-buchhandels-an-leopold-s-senghor\\\/#primaryimage\"},\"thumbnailUrl\":\"https:\\\/\\\/bpk-archive.de\\\/tuellmann\\\/wp-content\\\/uploads\\\/2019\\\/08\\\/bpk_70242738.jpg\",\"datePublished\":\"2019-09-05T14:07:38+00:00\",\"dateModified\":\"2019-09-05T14:07:46+00:00\",\"breadcrumb\":{\"@id\":\"https:\\\/\\\/bpk-archive.de\\\/tuellmann\\\/produkt\\\/demonstration-an-der-paulskirche-gegen-die-verleihung-des-friedenspreises-des-deutschen-buchhandels-an-leopold-s-senghor\\\/#breadcrumb\"},\"inLanguage\":\"de\",\"potentialAction\":[{\"@type\":\"ReadAction\",\"target\":[\"https:\\\/\\\/bpk-archive.de\\\/tuellmann\\\/produkt\\\/demonstration-an-der-paulskirche-gegen-die-verleihung-des-friedenspreises-des-deutschen-buchhandels-an-leopold-s-senghor\\\/\"]}]},{\"@type\":\"ImageObject\",\"inLanguage\":\"de\",\"@id\":\"https:\\\/\\\/bpk-archive.de\\\/tuellmann\\\/produkt\\\/demonstration-an-der-paulskirche-gegen-die-verleihung-des-friedenspreises-des-deutschen-buchhandels-an-leopold-s-senghor\\\/#primaryimage\",\"url\":\"https:\\\/\\\/bpk-archive.de\\\/tuellmann\\\/wp-content\\\/uploads\\\/2019\\\/08\\\/bpk_70242738.jpg\",\"contentUrl\":\"https:\\\/\\\/bpk-archive.de\\\/tuellmann\\\/wp-content\\\/uploads\\\/2019\\\/08\\\/bpk_70242738.jpg\",\"width\":1200,\"height\":949,\"caption\":\"Demonstration an der Paulskirche gegen die Verleihung des Friedenspreises des Deutschen Buchhandels an L\u00e9opold S. Senghor\"},{\"@type\":\"BreadcrumbList\",\"@id\":\"https:\\\/\\\/bpk-archive.de\\\/tuellmann\\\/produkt\\\/demonstration-an-der-paulskirche-gegen-die-verleihung-des-friedenspreises-des-deutschen-buchhandels-an-leopold-s-senghor\\\/#breadcrumb\",\"itemListElement\":[{\"@type\":\"ListItem\",\"position\":1,\"name\":\"Startseite\",\"item\":\"https:\\\/\\\/bpk-archive.de\\\/tuellmann\\\/\"},{\"@type\":\"ListItem\",\"position\":2,\"name\":\"Shop\",\"item\":\"https:\\\/\\\/bpk-archive.de\\\/tuellmann\\\/shop\\\/\"},{\"@type\":\"ListItem\",\"position\":3,\"name\":\"Demonstration an der Paulskirche gegen die Verleihung des Friedenspreises des Deutschen Buchhandels an L\u00e9opold S. Senghor\"}]},{\"@type\":\"WebSite\",\"@id\":\"https:\\\/\\\/bpk-archive.de\\\/tuellmann\\\/#website\",\"url\":\"https:\\\/\\\/bpk-archive.de\\\/tuellmann\\\/\",\"name\":\"Abisag T\u00fcllmann\",\"description\":\"Eine weitere WordPress-Website\",\"potentialAction\":[{\"@type\":\"SearchAction\",\"target\":{\"@type\":\"EntryPoint\",\"urlTemplate\":\"https:\\\/\\\/bpk-archive.de\\\/tuellmann\\\/?s={search_term_string}\"},\"query-input\":{\"@type\":\"PropertyValueSpecification\",\"valueRequired\":true,\"valueName\":\"search_term_string\"}}],\"inLanguage\":\"de\"}]}<\/script>\n<!-- \/ Yoast SEO plugin. -->","yoast_head_json":{"title":"Demonstration an der Paulskirche gegen die Verleihung des Friedenspreises des Deutschen Buchhandels an L\u00e9opold S. Senghor - Abisag T\u00fcllmann","robots":{"index":"index","follow":"follow","max-snippet":"max-snippet:-1","max-image-preview":"max-image-preview:large","max-video-preview":"max-video-preview:-1"},"canonical":"https:\/\/bpk-archive.de\/tuellmann\/produkt\/demonstration-an-der-paulskirche-gegen-die-verleihung-des-friedenspreises-des-deutschen-buchhandels-an-leopold-s-senghor\/","og_locale":"de_DE","og_type":"article","og_title":"Demonstration an der Paulskirche gegen die Verleihung des Friedenspreises des Deutschen Buchhandels an L\u00e9opold S. Senghor - Abisag T\u00fcllmann","og_description":"Einer der Demonstranten tr\u00e4gt ein Schild mit dem Portr\u00e4t von Malcolm X R\u00fcckseitenbeschriftung von Hand der Fotografin: &#8222;Ffm, Buchmesse, Protest gegen den Friedenspreis des Deutschen Buchhandels an L.S. Senghor, 1968&#8220;","og_url":"https:\/\/bpk-archive.de\/tuellmann\/produkt\/demonstration-an-der-paulskirche-gegen-die-verleihung-des-friedenspreises-des-deutschen-buchhandels-an-leopold-s-senghor\/","og_site_name":"Abisag T\u00fcllmann","article_modified_time":"2019-09-05T14:07:46+00:00","og_image":[{"width":1200,"height":949,"url":"https:\/\/bpk-archive.de\/tuellmann\/wp-content\/uploads\/2019\/08\/bpk_70242738.jpg","type":"image\/jpeg"}],"twitter_card":"summary_large_image","schema":{"@context":"https:\/\/schema.org","@graph":[{"@type":"WebPage","@id":"https:\/\/bpk-archive.de\/tuellmann\/produkt\/demonstration-an-der-paulskirche-gegen-die-verleihung-des-friedenspreises-des-deutschen-buchhandels-an-leopold-s-senghor\/","url":"https:\/\/bpk-archive.de\/tuellmann\/produkt\/demonstration-an-der-paulskirche-gegen-die-verleihung-des-friedenspreises-des-deutschen-buchhandels-an-leopold-s-senghor\/","name":"Demonstration an der Paulskirche gegen die Verleihung des Friedenspreises des Deutschen Buchhandels an L\u00e9opold S. Senghor - Abisag T\u00fcllmann","isPartOf":{"@id":"https:\/\/bpk-archive.de\/tuellmann\/#website"},"primaryImageOfPage":{"@id":"https:\/\/bpk-archive.de\/tuellmann\/produkt\/demonstration-an-der-paulskirche-gegen-die-verleihung-des-friedenspreises-des-deutschen-buchhandels-an-leopold-s-senghor\/#primaryimage"},"image":{"@id":"https:\/\/bpk-archive.de\/tuellmann\/produkt\/demonstration-an-der-paulskirche-gegen-die-verleihung-des-friedenspreises-des-deutschen-buchhandels-an-leopold-s-senghor\/#primaryimage"},"thumbnailUrl":"https:\/\/bpk-archive.de\/tuellmann\/wp-content\/uploads\/2019\/08\/bpk_70242738.jpg","datePublished":"2019-09-05T14:07:38+00:00","dateModified":"2019-09-05T14:07:46+00:00","breadcrumb":{"@id":"https:\/\/bpk-archive.de\/tuellmann\/produkt\/demonstration-an-der-paulskirche-gegen-die-verleihung-des-friedenspreises-des-deutschen-buchhandels-an-leopold-s-senghor\/#breadcrumb"},"inLanguage":"de","potentialAction":[{"@type":"ReadAction","target":["https:\/\/bpk-archive.de\/tuellmann\/produkt\/demonstration-an-der-paulskirche-gegen-die-verleihung-des-friedenspreises-des-deutschen-buchhandels-an-leopold-s-senghor\/"]}]},{"@type":"ImageObject","inLanguage":"de","@id":"https:\/\/bpk-archive.de\/tuellmann\/produkt\/demonstration-an-der-paulskirche-gegen-die-verleihung-des-friedenspreises-des-deutschen-buchhandels-an-leopold-s-senghor\/#primaryimage","url":"https:\/\/bpk-archive.de\/tuellmann\/wp-content\/uploads\/2019\/08\/bpk_70242738.jpg","contentUrl":"https:\/\/bpk-archive.de\/tuellmann\/wp-content\/uploads\/2019\/08\/bpk_70242738.jpg","width":1200,"height":949,"caption":"Demonstration an der Paulskirche gegen die Verleihung des Friedenspreises des Deutschen Buchhandels an L\u00e9opold S. Senghor"},{"@type":"BreadcrumbList","@id":"https:\/\/bpk-archive.de\/tuellmann\/produkt\/demonstration-an-der-paulskirche-gegen-die-verleihung-des-friedenspreises-des-deutschen-buchhandels-an-leopold-s-senghor\/#breadcrumb","itemListElement":[{"@type":"ListItem","position":1,"name":"Startseite","item":"https:\/\/bpk-archive.de\/tuellmann\/"},{"@type":"ListItem","position":2,"name":"Shop","item":"https:\/\/bpk-archive.de\/tuellmann\/shop\/"},{"@type":"ListItem","position":3,"name":"Demonstration an der Paulskirche gegen die Verleihung des Friedenspreises des Deutschen Buchhandels an L\u00e9opold S. Senghor"}]},{"@type":"WebSite","@id":"https:\/\/bpk-archive.de\/tuellmann\/#website","url":"https:\/\/bpk-archive.de\/tuellmann\/","name":"Abisag T\u00fcllmann","description":"Eine weitere WordPress-Website","potentialAction":[{"@type":"SearchAction","target":{"@type":"EntryPoint","urlTemplate":"https:\/\/bpk-archive.de\/tuellmann\/?s={search_term_string}"},"query-input":{"@type":"PropertyValueSpecification","valueRequired":true,"valueName":"search_term_string"}}],"inLanguage":"de"}]}},"_links":{"self":[{"href":"https:\/\/bpk-archive.de\/tuellmann\/wp-json\/wp\/v2\/product\/70296586","targetHints":{"allow":["GET"]}}],"collection":[{"href":"https:\/\/bpk-archive.de\/tuellmann\/wp-json\/wp\/v2\/product"}],"about":[{"href":"https:\/\/bpk-archive.de\/tuellmann\/wp-json\/wp\/v2\/types\/product"}],"wp:featuredmedia":[{"embeddable":true,"href":"https:\/\/bpk-archive.de\/tuellmann\/wp-json\/wp\/v2\/media\/70292069"}],"wp:attachment":[{"href":"https:\/\/bpk-archive.de\/tuellmann\/wp-json\/wp\/v2\/media?parent=70296586"}],"wp:term":[{"taxonomy":"product_brand","embeddable":true,"href":"https:\/\/bpk-archive.de\/tuellmann\/wp-json\/wp\/v2\/product_brand?post=70296586"},{"taxonomy":"product_cat","embeddable":true,"href":"https:\/\/bpk-archive.de\/tuellmann\/wp-json\/wp\/v2\/product_cat?post=70296586"},{"taxonomy":"product_tag","embeddable":true,"href":"https:\/\/bpk-archive.de\/tuellmann\/wp-json\/wp\/v2\/product_tag?post=70296586"}],"curies":[{"name":"wp","href":"https:\/\/api.w.org\/{rel}","templated":true}]}}