{"id":70296574,"date":"2019-09-05T16:02:03","date_gmt":"2019-09-05T14:02:03","guid":{"rendered":"http:\/\/abisagtuellmann.bpk-news.de\/atbild\/nach-dem-attentat-auf-rudi-dutschke-ostermarschierer-diskutieren-auf-dem-roemerberg-mit-einem-passanten\/"},"modified":"2020-08-12T10:26:45","modified_gmt":"2020-08-12T08:26:45","slug":"nach-dem-attentat-auf-rudi-dutschke-ostermarschierer-diskutieren-auf-dem-roemerberg-mit-einem-passanten","status":"publish","type":"product","link":"https:\/\/bpk-archive.de\/tuellmann\/produkt\/nach-dem-attentat-auf-rudi-dutschke-ostermarschierer-diskutieren-auf-dem-roemerberg-mit-einem-passanten\/","title":{"rendered":"Nach dem Attentat auf Rudi Dutschke: Ostermarschierer diskutieren auf dem R\u00f6merberg mit einem Passanten"},"content":{"rendered":"<p>R\u00fcckseitenbeschriftung von Hand der Fotografin: &#8222;Ffm, Ostern 1968&#8220;<\/p>\n","protected":false},"excerpt":{"rendered":"<p>R\u00fcckseitenbeschriftung von Hand der Fotografin: &#8222;Ffm, Ostern 1968&#8220;<\/p>\n","protected":false},"featured_media":70292155,"template":"","meta":[],"product_brand":[],"product_cat":[73396],"product_tag":[63878,13774,14054,14055,13232,13234,13231,13233,13775,14056,14057,62641,13777,14058,47418,47419,47420,47421,47422,47423,47424,48747,48748,50914,14059,63879,63880,63881,63882,13250,47549,47550,47551,47552,47553,13469,13470,13607,13608,13609,13610,13611,13612,13613,13615,13616,13617,13618,13619,13620,13621,13622,13623,13624,13253,13254,13255,13256,13257,13471,13472,14062,14063,59613,13260,63883,54830,54831,54832,13293,13786,13787,13294,13295,13296,13297,13485,13486,13482,13481,13483,13484,50917,47556,14066,14327,13492,13493,13494,13495,13496,13497,13301,13812,13813,13814,13815,13816,13626,13627,48761,13818,13819,48012,48013,13826,54854,63884,63885,63886,54855,53601,53602,63887,47561,47562,13328,13827,13828,13329,13330,13331,13332,48322,13843,13641,62470,13642,13643,13644,13645,13646,13647,13648,13649,13653,63888,13877,13879,13865,13864,13866,13858,13859,13860,13861,13862,13863,13867,13869,13870,13871,13872,13519,13520,13521,13522,13523,13524,13876,13878,13880,54856],"class_list":{"0":"post-70296574","1":"product","2":"type-product","3":"status-publish","4":"has-post-thumbnail","6":"product_cat-studentenbewegung","7":"product_tag-7-3-1940-24-12-1979","8":"product_tag-1960er-jahre","9":"product_tag-1968er","10":"product_tag-1968er-bewegung","11":"product_tag-20-jahrhundert-nach-chr","12":"product_tag-20-jh-n-chr","13":"product_tag-20-jahrhundert","14":"product_tag-20-jh","15":"product_tag-60er","16":"product_tag-68er","17":"product_tag-68er-bewegung","18":"product_tag-abt_022","19":"product_tag-abzug","20":"product_tag-achtundsechziger","21":"product_tag-alt","22":"product_tag-alte","23":"product_tag-alten","24":"product_tag-alter","25":"product_tag-aeltere","26":"product_tag-aelterer","27":"product_tag-altes","28":"product_tag-angelehnt","29":"product_tag-anlehnen","30":"product_tag-antikriegsbewegung","31":"product_tag-at_studentenbewegung","32":"product_tag-attentat","33":"product_tag-attentate","34":"product_tag-attentaten","35":"product_tag-attentats","36":"product_tag-aussen","37":"product_tag-auto","38":"product_tag-automobil","39":"product_tag-automobile","40":"product_tag-automobils","41":"product_tag-autos","42":"product_tag-brd","43":"product_tag-bundesrepublik-deutschland","44":"product_tag-demo","45":"product_tag-demonstrant","46":"product_tag-demonstranten","47":"product_tag-demonstration","48":"product_tag-demonstrationen","49":"product_tag-demonstrationsplakat","50":"product_tag-demonstrationsschild","51":"product_tag-demonstrieren","52":"product_tag-demonstrierend","53":"product_tag-demonstrierende","54":"product_tag-demonstrierenden","55":"product_tag-demonstrierender","56":"product_tag-demonstrierendes","57":"product_tag-demonstriert","58":"product_tag-demoplakat","59":"product_tag-demos","60":"product_tag-demoschild","61":"product_tag-deutsch","62":"product_tag-deutsche","63":"product_tag-deutschen","64":"product_tag-deutscher","65":"product_tag-deutsches","66":"product_tag-deutschland","67":"product_tag-deutschlands","68":"product_tag-diskussion","69":"product_tag-diskussionen","70":"product_tag-diskutieren","71":"product_tag-draussen","72":"product_tag-dutschke","73":"product_tag-ermorden","74":"product_tag-ermordet","75":"product_tag-ermordung","76":"product_tag-foto","77":"product_tag-fotoabzug","78":"product_tag-fotoabzuege","79":"product_tag-fotografie","80":"product_tag-fotografien","81":"product_tag-fotografin","82":"product_tag-fotografinnen","83":"product_tag-frankfurt-m","84":"product_tag-frankfurt-main","85":"product_tag-frankfurt-a-main","86":"product_tag-frankfurt-a-m","87":"product_tag-frankfurt-am-main","88":"product_tag-frankfurter","89":"product_tag-friedensbewegung","90":"product_tag-fussgaenger","91":"product_tag-geschichte","92":"product_tag-gesellschaft","93":"product_tag-hessen","94":"product_tag-hessisch","95":"product_tag-hessische","96":"product_tag-hessischen","97":"product_tag-hessischer","98":"product_tag-hessisches","99":"product_tag-im-freien","100":"product_tag-jung","101":"product_tag-junge","102":"product_tag-jungen","103":"product_tag-junger","104":"product_tag-junges","105":"product_tag-kundgebung","106":"product_tag-kundgebungen","107":"product_tag-lehnen","108":"product_tag-mann","109":"product_tag-maenner","110":"product_tag-maennergruppe","111":"product_tag-maennergruppen","112":"product_tag-mannes","113":"product_tag-mord","114":"product_tag-mordanschlag","115":"product_tag-mordanschlaege","116":"product_tag-mordanschlags","117":"product_tag-morden","118":"product_tag-ostermarsch","119":"product_tag-ostermaersche","120":"product_tag-ostermarschierer","121":"product_tag-passant","122":"product_tag-passanten","123":"product_tag-photo","124":"product_tag-photoabzug","125":"product_tag-photoabzuege","126":"product_tag-photographie","127":"product_tag-photographien","128":"product_tag-photographin","129":"product_tag-photographinnen","130":"product_tag-politik","131":"product_tag-print","132":"product_tag-protest","133":"product_tag-protestbewegung","134":"product_tag-proteste","135":"product_tag-protestieren","136":"product_tag-protestierend","137":"product_tag-protestierende","138":"product_tag-protestierenden","139":"product_tag-protestierender","140":"product_tag-protestierendes","141":"product_tag-protestiert","142":"product_tag-protestschild","143":"product_tag-rudi","144":"product_tag-s-w-fotografie","145":"product_tag-s-w-photographie","146":"product_tag-schwarzweissphotographie","147":"product_tag-schwarz-weiss-fotografie","148":"product_tag-schwarz-weiss-photographie","149":"product_tag-schwarzweiss","150":"product_tag-schwarzweisse","151":"product_tag-schwarzweissen","152":"product_tag-schwarzweisser","153":"product_tag-schwarzweisses","154":"product_tag-schwarzweissfotografie","155":"product_tag-sechziger","156":"product_tag-silbergelatine","157":"product_tag-silbergelatineabzug","158":"product_tag-silbergelatineabzuege","159":"product_tag-silbergelatineprint","160":"product_tag-stehen","161":"product_tag-stehend","162":"product_tag-stehende","163":"product_tag-stehenden","164":"product_tag-stehender","165":"product_tag-stehendes","166":"product_tag-studentenbewegung","167":"product_tag-sw-fotografie","168":"product_tag-sw-photographie","169":"product_tag-umbringen","170":"pa_datierung-april-1968","171":"pa_fotograf-abisag-tuellmann","172":"pa_geografischer_bezug-aufnahmeort-frankfurt-am-main-deutschland","173":"pa_grunddaten_material_technik-foto-silbergelatine-auf-barytpapier","174":"pa_inventarnummer-tue-68-041-12a","175":"pa_jahr_von-14267","176":"pa_massangaben-bildformat-foto-302-x-398-cm","177":"pa_mediennummer-63876","178":"pa_objekt_typ-fotografie","180":"first","181":"instock","182":"product-type-simple"},"yoast_head":"<!-- This site is optimized with the Yoast SEO plugin v27.4 - https:\/\/yoast.com\/product\/yoast-seo-wordpress\/ -->\n<title>Nach dem Attentat auf Rudi Dutschke: Ostermarschierer diskutieren auf dem R\u00f6merberg mit einem Passanten - Abisag T\u00fcllmann<\/title>\n<meta name=\"robots\" content=\"index, follow, max-snippet:-1, max-image-preview:large, max-video-preview:-1\" \/>\n<link rel=\"canonical\" href=\"https:\/\/bpk-archive.de\/tuellmann\/produkt\/nach-dem-attentat-auf-rudi-dutschke-ostermarschierer-diskutieren-auf-dem-roemerberg-mit-einem-passanten\/\" \/>\n<meta property=\"og:locale\" content=\"de_DE\" \/>\n<meta property=\"og:type\" content=\"article\" \/>\n<meta property=\"og:title\" content=\"Nach dem Attentat auf Rudi Dutschke: Ostermarschierer diskutieren auf dem R\u00f6merberg mit einem Passanten - Abisag T\u00fcllmann\" \/>\n<meta property=\"og:description\" content=\"R\u00fcckseitenbeschriftung von Hand der Fotografin: &#8222;Ffm, Ostern 1968&#8220;\" \/>\n<meta property=\"og:url\" content=\"https:\/\/bpk-archive.de\/tuellmann\/produkt\/nach-dem-attentat-auf-rudi-dutschke-ostermarschierer-diskutieren-auf-dem-roemerberg-mit-einem-passanten\/\" \/>\n<meta property=\"og:site_name\" content=\"Abisag T\u00fcllmann\" \/>\n<meta property=\"article:modified_time\" content=\"2020-08-12T08:26:45+00:00\" \/>\n<meta property=\"og:image\" content=\"https:\/\/bpk-archive.de\/tuellmann\/wp-content\/uploads\/2019\/08\/bpk_70242817.jpg\" \/>\n\t<meta property=\"og:image:width\" content=\"1200\" \/>\n\t<meta property=\"og:image:height\" content=\"916\" \/>\n\t<meta property=\"og:image:type\" content=\"image\/jpeg\" \/>\n<meta name=\"twitter:card\" content=\"summary_large_image\" \/>\n<script type=\"application\/ld+json\" class=\"yoast-schema-graph\">{\"@context\":\"https:\\\/\\\/schema.org\",\"@graph\":[{\"@type\":\"WebPage\",\"@id\":\"https:\\\/\\\/bpk-archive.de\\\/tuellmann\\\/produkt\\\/nach-dem-attentat-auf-rudi-dutschke-ostermarschierer-diskutieren-auf-dem-roemerberg-mit-einem-passanten\\\/\",\"url\":\"https:\\\/\\\/bpk-archive.de\\\/tuellmann\\\/produkt\\\/nach-dem-attentat-auf-rudi-dutschke-ostermarschierer-diskutieren-auf-dem-roemerberg-mit-einem-passanten\\\/\",\"name\":\"Nach dem Attentat auf Rudi Dutschke: Ostermarschierer diskutieren auf dem R\u00f6merberg mit einem Passanten - Abisag T\u00fcllmann\",\"isPartOf\":{\"@id\":\"https:\\\/\\\/bpk-archive.de\\\/tuellmann\\\/#website\"},\"primaryImageOfPage\":{\"@id\":\"https:\\\/\\\/bpk-archive.de\\\/tuellmann\\\/produkt\\\/nach-dem-attentat-auf-rudi-dutschke-ostermarschierer-diskutieren-auf-dem-roemerberg-mit-einem-passanten\\\/#primaryimage\"},\"image\":{\"@id\":\"https:\\\/\\\/bpk-archive.de\\\/tuellmann\\\/produkt\\\/nach-dem-attentat-auf-rudi-dutschke-ostermarschierer-diskutieren-auf-dem-roemerberg-mit-einem-passanten\\\/#primaryimage\"},\"thumbnailUrl\":\"https:\\\/\\\/bpk-archive.de\\\/tuellmann\\\/wp-content\\\/uploads\\\/2019\\\/08\\\/bpk_70242817.jpg\",\"datePublished\":\"2019-09-05T14:02:03+00:00\",\"dateModified\":\"2020-08-12T08:26:45+00:00\",\"breadcrumb\":{\"@id\":\"https:\\\/\\\/bpk-archive.de\\\/tuellmann\\\/produkt\\\/nach-dem-attentat-auf-rudi-dutschke-ostermarschierer-diskutieren-auf-dem-roemerberg-mit-einem-passanten\\\/#breadcrumb\"},\"inLanguage\":\"de\",\"potentialAction\":[{\"@type\":\"ReadAction\",\"target\":[\"https:\\\/\\\/bpk-archive.de\\\/tuellmann\\\/produkt\\\/nach-dem-attentat-auf-rudi-dutschke-ostermarschierer-diskutieren-auf-dem-roemerberg-mit-einem-passanten\\\/\"]}]},{\"@type\":\"ImageObject\",\"inLanguage\":\"de\",\"@id\":\"https:\\\/\\\/bpk-archive.de\\\/tuellmann\\\/produkt\\\/nach-dem-attentat-auf-rudi-dutschke-ostermarschierer-diskutieren-auf-dem-roemerberg-mit-einem-passanten\\\/#primaryimage\",\"url\":\"https:\\\/\\\/bpk-archive.de\\\/tuellmann\\\/wp-content\\\/uploads\\\/2019\\\/08\\\/bpk_70242817.jpg\",\"contentUrl\":\"https:\\\/\\\/bpk-archive.de\\\/tuellmann\\\/wp-content\\\/uploads\\\/2019\\\/08\\\/bpk_70242817.jpg\",\"width\":1200,\"height\":916,\"caption\":\"Nach dem Attentat auf Rudi Dutschke: Ostermarschierer diskutieren auf dem R\u00f6merberg mit einem Passanten\"},{\"@type\":\"BreadcrumbList\",\"@id\":\"https:\\\/\\\/bpk-archive.de\\\/tuellmann\\\/produkt\\\/nach-dem-attentat-auf-rudi-dutschke-ostermarschierer-diskutieren-auf-dem-roemerberg-mit-einem-passanten\\\/#breadcrumb\",\"itemListElement\":[{\"@type\":\"ListItem\",\"position\":1,\"name\":\"Startseite\",\"item\":\"https:\\\/\\\/bpk-archive.de\\\/tuellmann\\\/\"},{\"@type\":\"ListItem\",\"position\":2,\"name\":\"Shop\",\"item\":\"https:\\\/\\\/bpk-archive.de\\\/tuellmann\\\/shop\\\/\"},{\"@type\":\"ListItem\",\"position\":3,\"name\":\"Nach dem Attentat auf Rudi Dutschke: Ostermarschierer diskutieren auf dem R\u00f6merberg mit einem Passanten\"}]},{\"@type\":\"WebSite\",\"@id\":\"https:\\\/\\\/bpk-archive.de\\\/tuellmann\\\/#website\",\"url\":\"https:\\\/\\\/bpk-archive.de\\\/tuellmann\\\/\",\"name\":\"Abisag T\u00fcllmann\",\"description\":\"Eine weitere WordPress-Website\",\"potentialAction\":[{\"@type\":\"SearchAction\",\"target\":{\"@type\":\"EntryPoint\",\"urlTemplate\":\"https:\\\/\\\/bpk-archive.de\\\/tuellmann\\\/?s={search_term_string}\"},\"query-input\":{\"@type\":\"PropertyValueSpecification\",\"valueRequired\":true,\"valueName\":\"search_term_string\"}}],\"inLanguage\":\"de\"}]}<\/script>\n<!-- \/ Yoast SEO plugin. -->","yoast_head_json":{"title":"Nach dem Attentat auf Rudi Dutschke: Ostermarschierer diskutieren auf dem R\u00f6merberg mit einem Passanten - Abisag T\u00fcllmann","robots":{"index":"index","follow":"follow","max-snippet":"max-snippet:-1","max-image-preview":"max-image-preview:large","max-video-preview":"max-video-preview:-1"},"canonical":"https:\/\/bpk-archive.de\/tuellmann\/produkt\/nach-dem-attentat-auf-rudi-dutschke-ostermarschierer-diskutieren-auf-dem-roemerberg-mit-einem-passanten\/","og_locale":"de_DE","og_type":"article","og_title":"Nach dem Attentat auf Rudi Dutschke: Ostermarschierer diskutieren auf dem R\u00f6merberg mit einem Passanten - Abisag T\u00fcllmann","og_description":"R\u00fcckseitenbeschriftung von Hand der Fotografin: &#8222;Ffm, Ostern 1968&#8220;","og_url":"https:\/\/bpk-archive.de\/tuellmann\/produkt\/nach-dem-attentat-auf-rudi-dutschke-ostermarschierer-diskutieren-auf-dem-roemerberg-mit-einem-passanten\/","og_site_name":"Abisag T\u00fcllmann","article_modified_time":"2020-08-12T08:26:45+00:00","og_image":[{"width":1200,"height":916,"url":"https:\/\/bpk-archive.de\/tuellmann\/wp-content\/uploads\/2019\/08\/bpk_70242817.jpg","type":"image\/jpeg"}],"twitter_card":"summary_large_image","schema":{"@context":"https:\/\/schema.org","@graph":[{"@type":"WebPage","@id":"https:\/\/bpk-archive.de\/tuellmann\/produkt\/nach-dem-attentat-auf-rudi-dutschke-ostermarschierer-diskutieren-auf-dem-roemerberg-mit-einem-passanten\/","url":"https:\/\/bpk-archive.de\/tuellmann\/produkt\/nach-dem-attentat-auf-rudi-dutschke-ostermarschierer-diskutieren-auf-dem-roemerberg-mit-einem-passanten\/","name":"Nach dem Attentat auf Rudi Dutschke: Ostermarschierer diskutieren auf dem R\u00f6merberg mit einem Passanten - Abisag T\u00fcllmann","isPartOf":{"@id":"https:\/\/bpk-archive.de\/tuellmann\/#website"},"primaryImageOfPage":{"@id":"https:\/\/bpk-archive.de\/tuellmann\/produkt\/nach-dem-attentat-auf-rudi-dutschke-ostermarschierer-diskutieren-auf-dem-roemerberg-mit-einem-passanten\/#primaryimage"},"image":{"@id":"https:\/\/bpk-archive.de\/tuellmann\/produkt\/nach-dem-attentat-auf-rudi-dutschke-ostermarschierer-diskutieren-auf-dem-roemerberg-mit-einem-passanten\/#primaryimage"},"thumbnailUrl":"https:\/\/bpk-archive.de\/tuellmann\/wp-content\/uploads\/2019\/08\/bpk_70242817.jpg","datePublished":"2019-09-05T14:02:03+00:00","dateModified":"2020-08-12T08:26:45+00:00","breadcrumb":{"@id":"https:\/\/bpk-archive.de\/tuellmann\/produkt\/nach-dem-attentat-auf-rudi-dutschke-ostermarschierer-diskutieren-auf-dem-roemerberg-mit-einem-passanten\/#breadcrumb"},"inLanguage":"de","potentialAction":[{"@type":"ReadAction","target":["https:\/\/bpk-archive.de\/tuellmann\/produkt\/nach-dem-attentat-auf-rudi-dutschke-ostermarschierer-diskutieren-auf-dem-roemerberg-mit-einem-passanten\/"]}]},{"@type":"ImageObject","inLanguage":"de","@id":"https:\/\/bpk-archive.de\/tuellmann\/produkt\/nach-dem-attentat-auf-rudi-dutschke-ostermarschierer-diskutieren-auf-dem-roemerberg-mit-einem-passanten\/#primaryimage","url":"https:\/\/bpk-archive.de\/tuellmann\/wp-content\/uploads\/2019\/08\/bpk_70242817.jpg","contentUrl":"https:\/\/bpk-archive.de\/tuellmann\/wp-content\/uploads\/2019\/08\/bpk_70242817.jpg","width":1200,"height":916,"caption":"Nach dem Attentat auf Rudi Dutschke: Ostermarschierer diskutieren auf dem R\u00f6merberg mit einem Passanten"},{"@type":"BreadcrumbList","@id":"https:\/\/bpk-archive.de\/tuellmann\/produkt\/nach-dem-attentat-auf-rudi-dutschke-ostermarschierer-diskutieren-auf-dem-roemerberg-mit-einem-passanten\/#breadcrumb","itemListElement":[{"@type":"ListItem","position":1,"name":"Startseite","item":"https:\/\/bpk-archive.de\/tuellmann\/"},{"@type":"ListItem","position":2,"name":"Shop","item":"https:\/\/bpk-archive.de\/tuellmann\/shop\/"},{"@type":"ListItem","position":3,"name":"Nach dem Attentat auf Rudi Dutschke: Ostermarschierer diskutieren auf dem R\u00f6merberg mit einem Passanten"}]},{"@type":"WebSite","@id":"https:\/\/bpk-archive.de\/tuellmann\/#website","url":"https:\/\/bpk-archive.de\/tuellmann\/","name":"Abisag T\u00fcllmann","description":"Eine weitere WordPress-Website","potentialAction":[{"@type":"SearchAction","target":{"@type":"EntryPoint","urlTemplate":"https:\/\/bpk-archive.de\/tuellmann\/?s={search_term_string}"},"query-input":{"@type":"PropertyValueSpecification","valueRequired":true,"valueName":"search_term_string"}}],"inLanguage":"de"}]}},"_links":{"self":[{"href":"https:\/\/bpk-archive.de\/tuellmann\/wp-json\/wp\/v2\/product\/70296574","targetHints":{"allow":["GET"]}}],"collection":[{"href":"https:\/\/bpk-archive.de\/tuellmann\/wp-json\/wp\/v2\/product"}],"about":[{"href":"https:\/\/bpk-archive.de\/tuellmann\/wp-json\/wp\/v2\/types\/product"}],"wp:featuredmedia":[{"embeddable":true,"href":"https:\/\/bpk-archive.de\/tuellmann\/wp-json\/wp\/v2\/media\/70292155"}],"wp:attachment":[{"href":"https:\/\/bpk-archive.de\/tuellmann\/wp-json\/wp\/v2\/media?parent=70296574"}],"wp:term":[{"taxonomy":"product_brand","embeddable":true,"href":"https:\/\/bpk-archive.de\/tuellmann\/wp-json\/wp\/v2\/product_brand?post=70296574"},{"taxonomy":"product_cat","embeddable":true,"href":"https:\/\/bpk-archive.de\/tuellmann\/wp-json\/wp\/v2\/product_cat?post=70296574"},{"taxonomy":"product_tag","embeddable":true,"href":"https:\/\/bpk-archive.de\/tuellmann\/wp-json\/wp\/v2\/product_tag?post=70296574"}],"curies":[{"name":"wp","href":"https:\/\/api.w.org\/{rel}","templated":true}]}}