{"id":70296568,"date":"2019-09-05T16:02:03","date_gmt":"2019-09-05T14:02:03","guid":{"rendered":"http:\/\/abisagtuellmann.bpk-news.de\/atbild\/kundgebung-auf-dem-frankfurter-paulsplatz-anlaesslich-der-ermordung-des-amerikanischen-buergerrechtlers-martin-luther-king-2\/"},"modified":"2019-09-05T16:02:11","modified_gmt":"2019-09-05T14:02:11","slug":"kundgebung-auf-dem-frankfurter-paulsplatz-anlaesslich-der-ermordung-des-amerikanischen-buergerrechtlers-martin-luther-king-2","status":"publish","type":"product","link":"https:\/\/bpk-archive.de\/tuellmann\/produkt\/kundgebung-auf-dem-frankfurter-paulsplatz-anlaesslich-der-ermordung-des-amerikanischen-buergerrechtlers-martin-luther-king-2\/","title":{"rendered":"Kundgebung auf dem Frankfurter Paulsplatz anl\u00e4sslich der Ermordung des amerikanischen B\u00fcrgerrechtlers Martin Luther King"},"content":{"rendered":"<p>R\u00fcckseitenbeschriftung von Hand der Fotografin: &#8222;Ffm, April 1968&#8220; R\u00fcckseitenbeschriftung von anderer Hand: &#8222;Kundgebung anl\u00e4\u00dflich der Ermordung von Martin Luther King&#8220;<\/p>\n","protected":false},"excerpt":{"rendered":"<p>R\u00fcckseitenbeschriftung von Hand der Fotografin: &#8222;Ffm, April 1968&#8220; R\u00fcckseitenbeschriftung von anderer Hand: &#8222;Kundgebung anl\u00e4\u00dflich der Ermordung von Martin Luther King&#8220;<\/p>\n","protected":false},"featured_media":70292149,"template":"","meta":[],"product_brand":[],"product_cat":[],"product_tag":[63827,13774,14054,14055,13232,13234,13231,13233,13775,14056,14057,48910,48911,48912,62641,13777,14058,48913,63828,51714,13250,13469,13470,56798,56799,63310,63311,55411,13607,13608,13609,13610,13611,13615,13616,13617,13618,13619,13620,13621,13623,13253,13254,13255,13256,13257,13471,13472,13260,48891,54830,54831,54832,63839,63840,63841,63842,13293,13786,13787,13294,13295,13296,13297,13485,13486,13482,13481,13483,13484,56457,14066,14327,13492,13493,13494,13495,13496,13497,13301,63843,13626,13627,63848,13319,13320,13321,13322,13323,54854,54855,48309,48310,48311,48312,48313,48314,48315,13328,13827,13828,13329,13330,13331,13332,50733,50734,48322,13843,13641,13642,13643,13644,13645,13646,13647,13648,13649,13877,13879,13865,13864,13866,13858,13859,13860,13861,13862,13863,63851,13867,13869,13870,13871,13872,53808,13519,13520,13521,13522,13523,13524,13876,13878,13880,50817,50819,50820,50821,50822,50823,50824,54856,49653,49654,49655,49656],"class_list":{"0":"post-70296568","1":"product","2":"type-product","3":"status-publish","4":"has-post-thumbnail","6":"product_tag-1929-1968","7":"product_tag-1960er-jahre","8":"product_tag-1968er","9":"product_tag-1968er-bewegung","10":"product_tag-20-jahrhundert-nach-chr","11":"product_tag-20-jh-n-chr","12":"product_tag-20-jahrhundert","13":"product_tag-20-jh","14":"product_tag-60er","15":"product_tag-68er","16":"product_tag-68er-bewegung","17":"product_tag-abend","18":"product_tag-abende","19":"product_tag-abends","20":"product_tag-abt_022","21":"product_tag-abzug","22":"product_tag-achtundsechziger","23":"product_tag-am-abend","24":"product_tag-andacht","25":"product_tag-at_pressefotografie-brd","26":"product_tag-aussen","27":"product_tag-brd","28":"product_tag-bundesrepublik-deutschland","29":"product_tag-buergerrecht","30":"product_tag-buergerrechte","31":"product_tag-buergerrechtler","32":"product_tag-buergerrechtlern","33":"product_tag-buergerrechtsbewegung","34":"product_tag-demo","35":"product_tag-demonstrant","36":"product_tag-demonstranten","37":"product_tag-demonstration","38":"product_tag-demonstrationen","39":"product_tag-demonstrieren","40":"product_tag-demonstrierend","41":"product_tag-demonstrierende","42":"product_tag-demonstrierenden","43":"product_tag-demonstrierender","44":"product_tag-demonstrierendes","45":"product_tag-demonstriert","46":"product_tag-demos","47":"product_tag-deutsch","48":"product_tag-deutsche","49":"product_tag-deutschen","50":"product_tag-deutscher","51":"product_tag-deutsches","52":"product_tag-deutschland","53":"product_tag-deutschlands","54":"product_tag-draussen","55":"product_tag-dunkelheit","56":"product_tag-ermorden","57":"product_tag-ermordet","58":"product_tag-ermordung","59":"product_tag-fackel","60":"product_tag-fackeln","61":"product_tag-fackeltraeger","62":"product_tag-fackelzug","63":"product_tag-foto","64":"product_tag-fotoabzug","65":"product_tag-fotoabzuege","66":"product_tag-fotografie","67":"product_tag-fotografien","68":"product_tag-fotografin","69":"product_tag-fotografinnen","70":"product_tag-frankfurt-m","71":"product_tag-frankfurt-main","72":"product_tag-frankfurt-a-main","73":"product_tag-frankfurt-a-m","74":"product_tag-frankfurt-am-main","75":"product_tag-frankfurter","76":"product_tag-gedenken","77":"product_tag-geschichte","78":"product_tag-gesellschaft","79":"product_tag-hessen","80":"product_tag-hessisch","81":"product_tag-hessische","82":"product_tag-hessischen","83":"product_tag-hessischer","84":"product_tag-hessisches","85":"product_tag-im-freien","86":"product_tag-king","87":"product_tag-kundgebung","88":"product_tag-kundgebungen","89":"product_tag-martin-luther","90":"product_tag-menschenansammlung","91":"product_tag-menschenauflauf","92":"product_tag-menschenmassen","93":"product_tag-menschenmenge","94":"product_tag-menschenschar","95":"product_tag-mord","96":"product_tag-morden","97":"product_tag-nacht","98":"product_tag-naechtlich","99":"product_tag-naechtliche","100":"product_tag-naechtlichen","101":"product_tag-naechtlicher","102":"product_tag-naechtliches","103":"product_tag-nachts","104":"product_tag-photo","105":"product_tag-photoabzug","106":"product_tag-photoabzuege","107":"product_tag-photographie","108":"product_tag-photographien","109":"product_tag-photographin","110":"product_tag-photographinnen","111":"product_tag-platz","112":"product_tag-plaetze","113":"product_tag-politik","114":"product_tag-print","115":"product_tag-protest","116":"product_tag-proteste","117":"product_tag-protestieren","118":"product_tag-protestierend","119":"product_tag-protestierende","120":"product_tag-protestierenden","121":"product_tag-protestierender","122":"product_tag-protestierendes","123":"product_tag-protestiert","124":"product_tag-s-w-fotografie","125":"product_tag-s-w-photographie","126":"product_tag-schwarzweissphotographie","127":"product_tag-schwarz-weiss-fotografie","128":"product_tag-schwarz-weiss-photographie","129":"product_tag-schwarzweiss","130":"product_tag-schwarzweisse","131":"product_tag-schwarzweissen","132":"product_tag-schwarzweisser","133":"product_tag-schwarzweisses","134":"product_tag-schwarzweissfotografie","135":"product_tag-schweigemarsch","136":"product_tag-sechziger","137":"product_tag-silbergelatine","138":"product_tag-silbergelatineabzug","139":"product_tag-silbergelatineabzuege","140":"product_tag-silbergelatineprint","141":"product_tag-solidaritaet","142":"product_tag-stehen","143":"product_tag-stehend","144":"product_tag-stehende","145":"product_tag-stehenden","146":"product_tag-stehender","147":"product_tag-stehendes","148":"product_tag-studentenbewegung","149":"product_tag-sw-fotografie","150":"product_tag-sw-photographie","151":"product_tag-trauer","152":"product_tag-trauern","153":"product_tag-trauernd","154":"product_tag-trauernde","155":"product_tag-trauernden","156":"product_tag-trauernder","157":"product_tag-trauerndes","158":"product_tag-umbringen","159":"product_tag-versammeln","160":"product_tag-versammelt","161":"product_tag-versammlung","162":"product_tag-versammlungen","163":"pa_datierung-april-1968","164":"pa_fotograf-abisag-tuellmann","165":"pa_geografischer_bezug-aufnahmeort-frankfurt-am-main-deutschland","166":"pa_grunddaten_material_technik-foto-silbergelatine-auf-barytpapier","167":"pa_inventarnummer-tue-68-024a-25","168":"pa_jahr_von-14267","169":"pa_massangaben-bildformat-foto-304-x-398-cm","170":"pa_mediennummer-63854","171":"pa_objekt_typ-fotografie","173":"first","174":"instock","175":"product-type-simple"},"yoast_head":"<!-- This site is optimized with the Yoast SEO plugin v27.4 - https:\/\/yoast.com\/product\/yoast-seo-wordpress\/ -->\n<title>Kundgebung auf dem Frankfurter Paulsplatz anl\u00e4sslich der Ermordung des amerikanischen B\u00fcrgerrechtlers Martin Luther King - Abisag T\u00fcllmann<\/title>\n<meta name=\"robots\" content=\"index, follow, max-snippet:-1, max-image-preview:large, max-video-preview:-1\" \/>\n<link rel=\"canonical\" href=\"https:\/\/bpk-archive.de\/tuellmann\/produkt\/kundgebung-auf-dem-frankfurter-paulsplatz-anlaesslich-der-ermordung-des-amerikanischen-buergerrechtlers-martin-luther-king-2\/\" \/>\n<meta property=\"og:locale\" content=\"de_DE\" \/>\n<meta property=\"og:type\" content=\"article\" \/>\n<meta property=\"og:title\" content=\"Kundgebung auf dem Frankfurter Paulsplatz anl\u00e4sslich der Ermordung des amerikanischen B\u00fcrgerrechtlers Martin Luther King - Abisag T\u00fcllmann\" \/>\n<meta property=\"og:description\" content=\"R\u00fcckseitenbeschriftung von Hand der Fotografin: &#8222;Ffm, April 1968&#8220; R\u00fcckseitenbeschriftung von anderer Hand: &#8222;Kundgebung anl\u00e4\u00dflich der Ermordung von Martin Luther King&#8220;\" \/>\n<meta property=\"og:url\" content=\"https:\/\/bpk-archive.de\/tuellmann\/produkt\/kundgebung-auf-dem-frankfurter-paulsplatz-anlaesslich-der-ermordung-des-amerikanischen-buergerrechtlers-martin-luther-king-2\/\" \/>\n<meta property=\"og:site_name\" content=\"Abisag T\u00fcllmann\" \/>\n<meta property=\"article:modified_time\" content=\"2019-09-05T14:02:11+00:00\" \/>\n<meta property=\"og:image\" content=\"https:\/\/bpk-archive.de\/tuellmann\/wp-content\/uploads\/2019\/08\/bpk_70242815.jpg\" \/>\n\t<meta property=\"og:image:width\" content=\"1200\" \/>\n\t<meta property=\"og:image:height\" content=\"922\" \/>\n\t<meta property=\"og:image:type\" content=\"image\/jpeg\" \/>\n<meta name=\"twitter:card\" content=\"summary_large_image\" \/>\n<script type=\"application\/ld+json\" class=\"yoast-schema-graph\">{\"@context\":\"https:\\\/\\\/schema.org\",\"@graph\":[{\"@type\":\"WebPage\",\"@id\":\"https:\\\/\\\/bpk-archive.de\\\/tuellmann\\\/produkt\\\/kundgebung-auf-dem-frankfurter-paulsplatz-anlaesslich-der-ermordung-des-amerikanischen-buergerrechtlers-martin-luther-king-2\\\/\",\"url\":\"https:\\\/\\\/bpk-archive.de\\\/tuellmann\\\/produkt\\\/kundgebung-auf-dem-frankfurter-paulsplatz-anlaesslich-der-ermordung-des-amerikanischen-buergerrechtlers-martin-luther-king-2\\\/\",\"name\":\"Kundgebung auf dem Frankfurter Paulsplatz anl\u00e4sslich der Ermordung des amerikanischen B\u00fcrgerrechtlers Martin Luther King - Abisag T\u00fcllmann\",\"isPartOf\":{\"@id\":\"https:\\\/\\\/bpk-archive.de\\\/tuellmann\\\/#website\"},\"primaryImageOfPage\":{\"@id\":\"https:\\\/\\\/bpk-archive.de\\\/tuellmann\\\/produkt\\\/kundgebung-auf-dem-frankfurter-paulsplatz-anlaesslich-der-ermordung-des-amerikanischen-buergerrechtlers-martin-luther-king-2\\\/#primaryimage\"},\"image\":{\"@id\":\"https:\\\/\\\/bpk-archive.de\\\/tuellmann\\\/produkt\\\/kundgebung-auf-dem-frankfurter-paulsplatz-anlaesslich-der-ermordung-des-amerikanischen-buergerrechtlers-martin-luther-king-2\\\/#primaryimage\"},\"thumbnailUrl\":\"https:\\\/\\\/bpk-archive.de\\\/tuellmann\\\/wp-content\\\/uploads\\\/2019\\\/08\\\/bpk_70242815.jpg\",\"datePublished\":\"2019-09-05T14:02:03+00:00\",\"dateModified\":\"2019-09-05T14:02:11+00:00\",\"breadcrumb\":{\"@id\":\"https:\\\/\\\/bpk-archive.de\\\/tuellmann\\\/produkt\\\/kundgebung-auf-dem-frankfurter-paulsplatz-anlaesslich-der-ermordung-des-amerikanischen-buergerrechtlers-martin-luther-king-2\\\/#breadcrumb\"},\"inLanguage\":\"de\",\"potentialAction\":[{\"@type\":\"ReadAction\",\"target\":[\"https:\\\/\\\/bpk-archive.de\\\/tuellmann\\\/produkt\\\/kundgebung-auf-dem-frankfurter-paulsplatz-anlaesslich-der-ermordung-des-amerikanischen-buergerrechtlers-martin-luther-king-2\\\/\"]}]},{\"@type\":\"ImageObject\",\"inLanguage\":\"de\",\"@id\":\"https:\\\/\\\/bpk-archive.de\\\/tuellmann\\\/produkt\\\/kundgebung-auf-dem-frankfurter-paulsplatz-anlaesslich-der-ermordung-des-amerikanischen-buergerrechtlers-martin-luther-king-2\\\/#primaryimage\",\"url\":\"https:\\\/\\\/bpk-archive.de\\\/tuellmann\\\/wp-content\\\/uploads\\\/2019\\\/08\\\/bpk_70242815.jpg\",\"contentUrl\":\"https:\\\/\\\/bpk-archive.de\\\/tuellmann\\\/wp-content\\\/uploads\\\/2019\\\/08\\\/bpk_70242815.jpg\",\"width\":1200,\"height\":922,\"caption\":\"Kundgebung auf dem Frankfurter Paulsplatz anl\u00e4sslich der Ermordung des amerikanischen B\u00fcrgerrechtlers Martin Luther King\"},{\"@type\":\"BreadcrumbList\",\"@id\":\"https:\\\/\\\/bpk-archive.de\\\/tuellmann\\\/produkt\\\/kundgebung-auf-dem-frankfurter-paulsplatz-anlaesslich-der-ermordung-des-amerikanischen-buergerrechtlers-martin-luther-king-2\\\/#breadcrumb\",\"itemListElement\":[{\"@type\":\"ListItem\",\"position\":1,\"name\":\"Startseite\",\"item\":\"https:\\\/\\\/bpk-archive.de\\\/tuellmann\\\/\"},{\"@type\":\"ListItem\",\"position\":2,\"name\":\"Shop\",\"item\":\"https:\\\/\\\/bpk-archive.de\\\/tuellmann\\\/shop\\\/\"},{\"@type\":\"ListItem\",\"position\":3,\"name\":\"Kundgebung auf dem Frankfurter Paulsplatz anl\u00e4sslich der Ermordung des amerikanischen B\u00fcrgerrechtlers Martin Luther King\"}]},{\"@type\":\"WebSite\",\"@id\":\"https:\\\/\\\/bpk-archive.de\\\/tuellmann\\\/#website\",\"url\":\"https:\\\/\\\/bpk-archive.de\\\/tuellmann\\\/\",\"name\":\"Abisag T\u00fcllmann\",\"description\":\"Eine weitere WordPress-Website\",\"potentialAction\":[{\"@type\":\"SearchAction\",\"target\":{\"@type\":\"EntryPoint\",\"urlTemplate\":\"https:\\\/\\\/bpk-archive.de\\\/tuellmann\\\/?s={search_term_string}\"},\"query-input\":{\"@type\":\"PropertyValueSpecification\",\"valueRequired\":true,\"valueName\":\"search_term_string\"}}],\"inLanguage\":\"de\"}]}<\/script>\n<!-- \/ Yoast SEO plugin. -->","yoast_head_json":{"title":"Kundgebung auf dem Frankfurter Paulsplatz anl\u00e4sslich der Ermordung des amerikanischen B\u00fcrgerrechtlers Martin Luther King - Abisag T\u00fcllmann","robots":{"index":"index","follow":"follow","max-snippet":"max-snippet:-1","max-image-preview":"max-image-preview:large","max-video-preview":"max-video-preview:-1"},"canonical":"https:\/\/bpk-archive.de\/tuellmann\/produkt\/kundgebung-auf-dem-frankfurter-paulsplatz-anlaesslich-der-ermordung-des-amerikanischen-buergerrechtlers-martin-luther-king-2\/","og_locale":"de_DE","og_type":"article","og_title":"Kundgebung auf dem Frankfurter Paulsplatz anl\u00e4sslich der Ermordung des amerikanischen B\u00fcrgerrechtlers Martin Luther King - Abisag T\u00fcllmann","og_description":"R\u00fcckseitenbeschriftung von Hand der Fotografin: &#8222;Ffm, April 1968&#8220; R\u00fcckseitenbeschriftung von anderer Hand: &#8222;Kundgebung anl\u00e4\u00dflich der Ermordung von Martin Luther King&#8220;","og_url":"https:\/\/bpk-archive.de\/tuellmann\/produkt\/kundgebung-auf-dem-frankfurter-paulsplatz-anlaesslich-der-ermordung-des-amerikanischen-buergerrechtlers-martin-luther-king-2\/","og_site_name":"Abisag T\u00fcllmann","article_modified_time":"2019-09-05T14:02:11+00:00","og_image":[{"width":1200,"height":922,"url":"https:\/\/bpk-archive.de\/tuellmann\/wp-content\/uploads\/2019\/08\/bpk_70242815.jpg","type":"image\/jpeg"}],"twitter_card":"summary_large_image","schema":{"@context":"https:\/\/schema.org","@graph":[{"@type":"WebPage","@id":"https:\/\/bpk-archive.de\/tuellmann\/produkt\/kundgebung-auf-dem-frankfurter-paulsplatz-anlaesslich-der-ermordung-des-amerikanischen-buergerrechtlers-martin-luther-king-2\/","url":"https:\/\/bpk-archive.de\/tuellmann\/produkt\/kundgebung-auf-dem-frankfurter-paulsplatz-anlaesslich-der-ermordung-des-amerikanischen-buergerrechtlers-martin-luther-king-2\/","name":"Kundgebung auf dem Frankfurter Paulsplatz anl\u00e4sslich der Ermordung des amerikanischen B\u00fcrgerrechtlers Martin Luther King - Abisag T\u00fcllmann","isPartOf":{"@id":"https:\/\/bpk-archive.de\/tuellmann\/#website"},"primaryImageOfPage":{"@id":"https:\/\/bpk-archive.de\/tuellmann\/produkt\/kundgebung-auf-dem-frankfurter-paulsplatz-anlaesslich-der-ermordung-des-amerikanischen-buergerrechtlers-martin-luther-king-2\/#primaryimage"},"image":{"@id":"https:\/\/bpk-archive.de\/tuellmann\/produkt\/kundgebung-auf-dem-frankfurter-paulsplatz-anlaesslich-der-ermordung-des-amerikanischen-buergerrechtlers-martin-luther-king-2\/#primaryimage"},"thumbnailUrl":"https:\/\/bpk-archive.de\/tuellmann\/wp-content\/uploads\/2019\/08\/bpk_70242815.jpg","datePublished":"2019-09-05T14:02:03+00:00","dateModified":"2019-09-05T14:02:11+00:00","breadcrumb":{"@id":"https:\/\/bpk-archive.de\/tuellmann\/produkt\/kundgebung-auf-dem-frankfurter-paulsplatz-anlaesslich-der-ermordung-des-amerikanischen-buergerrechtlers-martin-luther-king-2\/#breadcrumb"},"inLanguage":"de","potentialAction":[{"@type":"ReadAction","target":["https:\/\/bpk-archive.de\/tuellmann\/produkt\/kundgebung-auf-dem-frankfurter-paulsplatz-anlaesslich-der-ermordung-des-amerikanischen-buergerrechtlers-martin-luther-king-2\/"]}]},{"@type":"ImageObject","inLanguage":"de","@id":"https:\/\/bpk-archive.de\/tuellmann\/produkt\/kundgebung-auf-dem-frankfurter-paulsplatz-anlaesslich-der-ermordung-des-amerikanischen-buergerrechtlers-martin-luther-king-2\/#primaryimage","url":"https:\/\/bpk-archive.de\/tuellmann\/wp-content\/uploads\/2019\/08\/bpk_70242815.jpg","contentUrl":"https:\/\/bpk-archive.de\/tuellmann\/wp-content\/uploads\/2019\/08\/bpk_70242815.jpg","width":1200,"height":922,"caption":"Kundgebung auf dem Frankfurter Paulsplatz anl\u00e4sslich der Ermordung des amerikanischen B\u00fcrgerrechtlers Martin Luther King"},{"@type":"BreadcrumbList","@id":"https:\/\/bpk-archive.de\/tuellmann\/produkt\/kundgebung-auf-dem-frankfurter-paulsplatz-anlaesslich-der-ermordung-des-amerikanischen-buergerrechtlers-martin-luther-king-2\/#breadcrumb","itemListElement":[{"@type":"ListItem","position":1,"name":"Startseite","item":"https:\/\/bpk-archive.de\/tuellmann\/"},{"@type":"ListItem","position":2,"name":"Shop","item":"https:\/\/bpk-archive.de\/tuellmann\/shop\/"},{"@type":"ListItem","position":3,"name":"Kundgebung auf dem Frankfurter Paulsplatz anl\u00e4sslich der Ermordung des amerikanischen B\u00fcrgerrechtlers Martin Luther King"}]},{"@type":"WebSite","@id":"https:\/\/bpk-archive.de\/tuellmann\/#website","url":"https:\/\/bpk-archive.de\/tuellmann\/","name":"Abisag T\u00fcllmann","description":"Eine weitere WordPress-Website","potentialAction":[{"@type":"SearchAction","target":{"@type":"EntryPoint","urlTemplate":"https:\/\/bpk-archive.de\/tuellmann\/?s={search_term_string}"},"query-input":{"@type":"PropertyValueSpecification","valueRequired":true,"valueName":"search_term_string"}}],"inLanguage":"de"}]}},"_links":{"self":[{"href":"https:\/\/bpk-archive.de\/tuellmann\/wp-json\/wp\/v2\/product\/70296568","targetHints":{"allow":["GET"]}}],"collection":[{"href":"https:\/\/bpk-archive.de\/tuellmann\/wp-json\/wp\/v2\/product"}],"about":[{"href":"https:\/\/bpk-archive.de\/tuellmann\/wp-json\/wp\/v2\/types\/product"}],"wp:featuredmedia":[{"embeddable":true,"href":"https:\/\/bpk-archive.de\/tuellmann\/wp-json\/wp\/v2\/media\/70292149"}],"wp:attachment":[{"href":"https:\/\/bpk-archive.de\/tuellmann\/wp-json\/wp\/v2\/media?parent=70296568"}],"wp:term":[{"taxonomy":"product_brand","embeddable":true,"href":"https:\/\/bpk-archive.de\/tuellmann\/wp-json\/wp\/v2\/product_brand?post=70296568"},{"taxonomy":"product_cat","embeddable":true,"href":"https:\/\/bpk-archive.de\/tuellmann\/wp-json\/wp\/v2\/product_cat?post=70296568"},{"taxonomy":"product_tag","embeddable":true,"href":"https:\/\/bpk-archive.de\/tuellmann\/wp-json\/wp\/v2\/product_tag?post=70296568"}],"curies":[{"name":"wp","href":"https:\/\/api.w.org\/{rel}","templated":true}]}}