{"id":70296547,"date":"2019-09-05T16:01:48","date_gmt":"2019-09-05T14:01:48","guid":{"rendered":"http:\/\/abisagtuellmann.bpk-news.de\/atbild\/aufruf-zu-einem-treffen-an-einem-fenster-der-universitaet-muenster\/"},"modified":"2019-09-05T16:01:55","modified_gmt":"2019-09-05T14:01:55","slug":"aufruf-zu-einem-treffen-an-einem-fenster-der-universitaet-muenster","status":"publish","type":"product","link":"https:\/\/bpk-archive.de\/tuellmann\/produkt\/aufruf-zu-einem-treffen-an-einem-fenster-der-universitaet-muenster\/","title":{"rendered":"Aufruf zu einem Treffen an einem Fenster der Universit\u00e4t M\u00fcnster"},"content":{"rendered":"","protected":false},"excerpt":{"rendered":"","protected":false},"featured_media":70292109,"template":"","meta":[],"product_brand":[],"product_cat":[],"product_tag":[13774,14054,14055,13232,13234,13231,13233,13775,14056,14057,62469,13777,14058,54332,14059,63748,13250,54333,47365,47366,47367,48359,48360,13469,13470,49469,49470,49471,13253,13254,13255,13256,13257,13471,13472,13260,53595,53596,48526,48527,54493,54494,49500,49501,13293,13786,13787,13294,13295,13296,13297,47377,14066,49216,49217,49481,49218,49219,49220,49221,49222,49223,13301,13626,13627,47499,47500,47501,47502,47503,63730,49484,49586,49588,13328,13827,13828,13329,13330,13331,13332,48322,13843,13877,13879,48364,48365,13345,13865,13864,13866,13858,13859,13860,13861,13862,13863,13867,13869,13870,13871,13872,56555,56556,13876,63732,13878,13880,63749,14079,14080,56372,63733,63734,63735,63736,63737,63738],"class_list":{"0":"post-70296547","1":"product","2":"type-product","3":"status-publish","4":"has-post-thumbnail","6":"product_tag-1960er-jahre","7":"product_tag-1968er","8":"product_tag-1968er-bewegung","9":"product_tag-20-jahrhundert-nach-chr","10":"product_tag-20-jh-n-chr","11":"product_tag-20-jahrhundert","12":"product_tag-20-jh","13":"product_tag-60er","14":"product_tag-68er","15":"product_tag-68er-bewegung","16":"product_tag-abt_006","17":"product_tag-abzug","18":"product_tag-achtundsechziger","19":"product_tag-apo","20":"product_tag-at_studentenbewegung","21":"product_tag-aufruf","22":"product_tag-aussen","23":"product_tag-ausserparlamentarische-opposition","24":"product_tag-bauten","25":"product_tag-bauwerk","26":"product_tag-bauwerke","27":"product_tag-beschriftung","28":"product_tag-beschriftungen","29":"product_tag-brd","30":"product_tag-bundesrepublik-deutschland","31":"product_tag-close-up","32":"product_tag-detail","33":"product_tag-details","34":"product_tag-deutsch","35":"product_tag-deutsche","36":"product_tag-deutschen","37":"product_tag-deutscher","38":"product_tag-deutsches","39":"product_tag-deutschland","40":"product_tag-deutschlands","41":"product_tag-draussen","42":"product_tag-fassade","43":"product_tag-fassaden","44":"product_tag-fenster","45":"product_tag-fensters","46":"product_tag-fensterscheibe","47":"product_tag-fensterscheiben","48":"product_tag-forderung","49":"product_tag-forderungen","50":"product_tag-foto","51":"product_tag-fotoabzug","52":"product_tag-fotoabzuege","53":"product_tag-fotografie","54":"product_tag-fotografien","55":"product_tag-fotografin","56":"product_tag-fotografinnen","57":"product_tag-gebaeude","58":"product_tag-geschichte","59":"product_tag-graffiti","60":"product_tag-graffito","61":"product_tag-grossaufnahme","62":"product_tag-haeuserwand","63":"product_tag-haeuserwaende","64":"product_tag-haeuserwaenden","65":"product_tag-hauswand","66":"product_tag-hauswaende","67":"product_tag-hauswaenden","68":"product_tag-im-freien","69":"product_tag-kundgebung","70":"product_tag-kundgebungen","71":"product_tag-menschenleer","72":"product_tag-menschenleere","73":"product_tag-menschenleeren","74":"product_tag-menschenleerer","75":"product_tag-menschenleeres","76":"product_tag-muenster","77":"product_tag-nahaufnahme","78":"product_tag-nordrhein-westfalen","79":"product_tag-nrw","80":"product_tag-photo","81":"product_tag-photoabzug","82":"product_tag-photoabzuege","83":"product_tag-photographie","84":"product_tag-photographien","85":"product_tag-photographin","86":"product_tag-photographinnen","87":"product_tag-politik","88":"product_tag-print","89":"product_tag-s-w-fotografie","90":"product_tag-s-w-photographie","91":"product_tag-schrift","92":"product_tag-schriften","93":"product_tag-schriftzug","94":"product_tag-schwarzweissphotographie","95":"product_tag-schwarz-weiss-fotografie","96":"product_tag-schwarz-weiss-photographie","97":"product_tag-schwarzweiss","98":"product_tag-schwarzweisse","99":"product_tag-schwarzweissen","100":"product_tag-schwarzweisser","101":"product_tag-schwarzweisses","102":"product_tag-schwarzweissfotografie","103":"product_tag-sechziger","104":"product_tag-silbergelatine","105":"product_tag-silbergelatineabzug","106":"product_tag-silbergelatineabzuege","107":"product_tag-silbergelatineprint","108":"product_tag-sitzung","109":"product_tag-sitzungen","110":"product_tag-studentenbewegung","111":"product_tag-studentenstadt","112":"product_tag-sw-fotografie","113":"product_tag-sw-photographie","114":"product_tag-termin","115":"product_tag-universitaet","116":"product_tag-universitaeten","117":"product_tag-universitaetsgebaeude","118":"product_tag-westfalen","119":"product_tag-westfaelisch","120":"product_tag-westfaelische","121":"product_tag-westfaelischen","122":"product_tag-westfaelischer","123":"product_tag-westfaelisches","124":"pa_datierung-juli-1969","125":"pa_fotograf-abisag-tuellmann","126":"pa_geografischer_bezug-aufnahmeort-muenster-deutschland","127":"pa_grunddaten_material_technik-foto-silbergelatine-auf-barytpapier","128":"pa_inventarnummer-tue-69-195-10","129":"pa_jahr_von-14258","130":"pa_massangaben-bildformat-foto-238-x-293-cm","131":"pa_mediennummer-63746","132":"pa_objekt_typ-fotografie","134":"first","135":"instock","136":"product-type-simple"},"yoast_head":"<!-- This site is optimized with the Yoast SEO plugin v27.3 - https:\/\/yoast.com\/product\/yoast-seo-wordpress\/ -->\n<title>Aufruf zu einem Treffen an einem Fenster der Universit\u00e4t M\u00fcnster - Abisag T\u00fcllmann<\/title>\n<meta name=\"robots\" content=\"index, follow, max-snippet:-1, max-image-preview:large, max-video-preview:-1\" \/>\n<link rel=\"canonical\" href=\"https:\/\/bpk-archive.de\/tuellmann\/produkt\/aufruf-zu-einem-treffen-an-einem-fenster-der-universitaet-muenster\/\" \/>\n<meta property=\"og:locale\" content=\"de_DE\" \/>\n<meta property=\"og:type\" content=\"article\" \/>\n<meta property=\"og:title\" content=\"Aufruf zu einem Treffen an einem Fenster der Universit\u00e4t M\u00fcnster - Abisag T\u00fcllmann\" \/>\n<meta property=\"og:url\" content=\"https:\/\/bpk-archive.de\/tuellmann\/produkt\/aufruf-zu-einem-treffen-an-einem-fenster-der-universitaet-muenster\/\" \/>\n<meta property=\"og:site_name\" content=\"Abisag T\u00fcllmann\" \/>\n<meta property=\"article:modified_time\" content=\"2019-09-05T14:01:55+00:00\" \/>\n<meta property=\"og:image\" content=\"https:\/\/bpk-archive.de\/tuellmann\/wp-content\/uploads\/2019\/08\/bpk_70242751.jpg\" \/>\n\t<meta property=\"og:image:width\" content=\"1200\" \/>\n\t<meta property=\"og:image:height\" content=\"980\" \/>\n\t<meta property=\"og:image:type\" content=\"image\/jpeg\" \/>\n<meta name=\"twitter:card\" content=\"summary_large_image\" \/>\n<script type=\"application\/ld+json\" class=\"yoast-schema-graph\">{\"@context\":\"https:\\\/\\\/schema.org\",\"@graph\":[{\"@type\":\"WebPage\",\"@id\":\"https:\\\/\\\/bpk-archive.de\\\/tuellmann\\\/produkt\\\/aufruf-zu-einem-treffen-an-einem-fenster-der-universitaet-muenster\\\/\",\"url\":\"https:\\\/\\\/bpk-archive.de\\\/tuellmann\\\/produkt\\\/aufruf-zu-einem-treffen-an-einem-fenster-der-universitaet-muenster\\\/\",\"name\":\"Aufruf zu einem Treffen an einem Fenster der Universit\u00e4t M\u00fcnster - Abisag T\u00fcllmann\",\"isPartOf\":{\"@id\":\"https:\\\/\\\/bpk-archive.de\\\/tuellmann\\\/#website\"},\"primaryImageOfPage\":{\"@id\":\"https:\\\/\\\/bpk-archive.de\\\/tuellmann\\\/produkt\\\/aufruf-zu-einem-treffen-an-einem-fenster-der-universitaet-muenster\\\/#primaryimage\"},\"image\":{\"@id\":\"https:\\\/\\\/bpk-archive.de\\\/tuellmann\\\/produkt\\\/aufruf-zu-einem-treffen-an-einem-fenster-der-universitaet-muenster\\\/#primaryimage\"},\"thumbnailUrl\":\"https:\\\/\\\/bpk-archive.de\\\/tuellmann\\\/wp-content\\\/uploads\\\/2019\\\/08\\\/bpk_70242751.jpg\",\"datePublished\":\"2019-09-05T14:01:48+00:00\",\"dateModified\":\"2019-09-05T14:01:55+00:00\",\"breadcrumb\":{\"@id\":\"https:\\\/\\\/bpk-archive.de\\\/tuellmann\\\/produkt\\\/aufruf-zu-einem-treffen-an-einem-fenster-der-universitaet-muenster\\\/#breadcrumb\"},\"inLanguage\":\"de\",\"potentialAction\":[{\"@type\":\"ReadAction\",\"target\":[\"https:\\\/\\\/bpk-archive.de\\\/tuellmann\\\/produkt\\\/aufruf-zu-einem-treffen-an-einem-fenster-der-universitaet-muenster\\\/\"]}]},{\"@type\":\"ImageObject\",\"inLanguage\":\"de\",\"@id\":\"https:\\\/\\\/bpk-archive.de\\\/tuellmann\\\/produkt\\\/aufruf-zu-einem-treffen-an-einem-fenster-der-universitaet-muenster\\\/#primaryimage\",\"url\":\"https:\\\/\\\/bpk-archive.de\\\/tuellmann\\\/wp-content\\\/uploads\\\/2019\\\/08\\\/bpk_70242751.jpg\",\"contentUrl\":\"https:\\\/\\\/bpk-archive.de\\\/tuellmann\\\/wp-content\\\/uploads\\\/2019\\\/08\\\/bpk_70242751.jpg\",\"width\":1200,\"height\":980,\"caption\":\"Aufruf zu einem Treffen an einem Fenster der Universit\u00e4t M\u00fcnster\"},{\"@type\":\"BreadcrumbList\",\"@id\":\"https:\\\/\\\/bpk-archive.de\\\/tuellmann\\\/produkt\\\/aufruf-zu-einem-treffen-an-einem-fenster-der-universitaet-muenster\\\/#breadcrumb\",\"itemListElement\":[{\"@type\":\"ListItem\",\"position\":1,\"name\":\"Startseite\",\"item\":\"https:\\\/\\\/bpk-archive.de\\\/tuellmann\\\/\"},{\"@type\":\"ListItem\",\"position\":2,\"name\":\"Shop\",\"item\":\"https:\\\/\\\/bpk-archive.de\\\/tuellmann\\\/shop\\\/\"},{\"@type\":\"ListItem\",\"position\":3,\"name\":\"Aufruf zu einem Treffen an einem Fenster der Universit\u00e4t M\u00fcnster\"}]},{\"@type\":\"WebSite\",\"@id\":\"https:\\\/\\\/bpk-archive.de\\\/tuellmann\\\/#website\",\"url\":\"https:\\\/\\\/bpk-archive.de\\\/tuellmann\\\/\",\"name\":\"Abisag T\u00fcllmann\",\"description\":\"Eine weitere WordPress-Website\",\"potentialAction\":[{\"@type\":\"SearchAction\",\"target\":{\"@type\":\"EntryPoint\",\"urlTemplate\":\"https:\\\/\\\/bpk-archive.de\\\/tuellmann\\\/?s={search_term_string}\"},\"query-input\":{\"@type\":\"PropertyValueSpecification\",\"valueRequired\":true,\"valueName\":\"search_term_string\"}}],\"inLanguage\":\"de\"}]}<\/script>\n<!-- \/ Yoast SEO plugin. -->","yoast_head_json":{"title":"Aufruf zu einem Treffen an einem Fenster der Universit\u00e4t M\u00fcnster - Abisag T\u00fcllmann","robots":{"index":"index","follow":"follow","max-snippet":"max-snippet:-1","max-image-preview":"max-image-preview:large","max-video-preview":"max-video-preview:-1"},"canonical":"https:\/\/bpk-archive.de\/tuellmann\/produkt\/aufruf-zu-einem-treffen-an-einem-fenster-der-universitaet-muenster\/","og_locale":"de_DE","og_type":"article","og_title":"Aufruf zu einem Treffen an einem Fenster der Universit\u00e4t M\u00fcnster - Abisag T\u00fcllmann","og_url":"https:\/\/bpk-archive.de\/tuellmann\/produkt\/aufruf-zu-einem-treffen-an-einem-fenster-der-universitaet-muenster\/","og_site_name":"Abisag T\u00fcllmann","article_modified_time":"2019-09-05T14:01:55+00:00","og_image":[{"width":1200,"height":980,"url":"https:\/\/bpk-archive.de\/tuellmann\/wp-content\/uploads\/2019\/08\/bpk_70242751.jpg","type":"image\/jpeg"}],"twitter_card":"summary_large_image","schema":{"@context":"https:\/\/schema.org","@graph":[{"@type":"WebPage","@id":"https:\/\/bpk-archive.de\/tuellmann\/produkt\/aufruf-zu-einem-treffen-an-einem-fenster-der-universitaet-muenster\/","url":"https:\/\/bpk-archive.de\/tuellmann\/produkt\/aufruf-zu-einem-treffen-an-einem-fenster-der-universitaet-muenster\/","name":"Aufruf zu einem Treffen an einem Fenster der Universit\u00e4t M\u00fcnster - Abisag T\u00fcllmann","isPartOf":{"@id":"https:\/\/bpk-archive.de\/tuellmann\/#website"},"primaryImageOfPage":{"@id":"https:\/\/bpk-archive.de\/tuellmann\/produkt\/aufruf-zu-einem-treffen-an-einem-fenster-der-universitaet-muenster\/#primaryimage"},"image":{"@id":"https:\/\/bpk-archive.de\/tuellmann\/produkt\/aufruf-zu-einem-treffen-an-einem-fenster-der-universitaet-muenster\/#primaryimage"},"thumbnailUrl":"https:\/\/bpk-archive.de\/tuellmann\/wp-content\/uploads\/2019\/08\/bpk_70242751.jpg","datePublished":"2019-09-05T14:01:48+00:00","dateModified":"2019-09-05T14:01:55+00:00","breadcrumb":{"@id":"https:\/\/bpk-archive.de\/tuellmann\/produkt\/aufruf-zu-einem-treffen-an-einem-fenster-der-universitaet-muenster\/#breadcrumb"},"inLanguage":"de","potentialAction":[{"@type":"ReadAction","target":["https:\/\/bpk-archive.de\/tuellmann\/produkt\/aufruf-zu-einem-treffen-an-einem-fenster-der-universitaet-muenster\/"]}]},{"@type":"ImageObject","inLanguage":"de","@id":"https:\/\/bpk-archive.de\/tuellmann\/produkt\/aufruf-zu-einem-treffen-an-einem-fenster-der-universitaet-muenster\/#primaryimage","url":"https:\/\/bpk-archive.de\/tuellmann\/wp-content\/uploads\/2019\/08\/bpk_70242751.jpg","contentUrl":"https:\/\/bpk-archive.de\/tuellmann\/wp-content\/uploads\/2019\/08\/bpk_70242751.jpg","width":1200,"height":980,"caption":"Aufruf zu einem Treffen an einem Fenster der Universit\u00e4t M\u00fcnster"},{"@type":"BreadcrumbList","@id":"https:\/\/bpk-archive.de\/tuellmann\/produkt\/aufruf-zu-einem-treffen-an-einem-fenster-der-universitaet-muenster\/#breadcrumb","itemListElement":[{"@type":"ListItem","position":1,"name":"Startseite","item":"https:\/\/bpk-archive.de\/tuellmann\/"},{"@type":"ListItem","position":2,"name":"Shop","item":"https:\/\/bpk-archive.de\/tuellmann\/shop\/"},{"@type":"ListItem","position":3,"name":"Aufruf zu einem Treffen an einem Fenster der Universit\u00e4t M\u00fcnster"}]},{"@type":"WebSite","@id":"https:\/\/bpk-archive.de\/tuellmann\/#website","url":"https:\/\/bpk-archive.de\/tuellmann\/","name":"Abisag T\u00fcllmann","description":"Eine weitere WordPress-Website","potentialAction":[{"@type":"SearchAction","target":{"@type":"EntryPoint","urlTemplate":"https:\/\/bpk-archive.de\/tuellmann\/?s={search_term_string}"},"query-input":{"@type":"PropertyValueSpecification","valueRequired":true,"valueName":"search_term_string"}}],"inLanguage":"de"}]}},"_links":{"self":[{"href":"https:\/\/bpk-archive.de\/tuellmann\/wp-json\/wp\/v2\/product\/70296547","targetHints":{"allow":["GET"]}}],"collection":[{"href":"https:\/\/bpk-archive.de\/tuellmann\/wp-json\/wp\/v2\/product"}],"about":[{"href":"https:\/\/bpk-archive.de\/tuellmann\/wp-json\/wp\/v2\/types\/product"}],"wp:featuredmedia":[{"embeddable":true,"href":"https:\/\/bpk-archive.de\/tuellmann\/wp-json\/wp\/v2\/media\/70292109"}],"wp:attachment":[{"href":"https:\/\/bpk-archive.de\/tuellmann\/wp-json\/wp\/v2\/media?parent=70296547"}],"wp:term":[{"taxonomy":"product_brand","embeddable":true,"href":"https:\/\/bpk-archive.de\/tuellmann\/wp-json\/wp\/v2\/product_brand?post=70296547"},{"taxonomy":"product_cat","embeddable":true,"href":"https:\/\/bpk-archive.de\/tuellmann\/wp-json\/wp\/v2\/product_cat?post=70296547"},{"taxonomy":"product_tag","embeddable":true,"href":"https:\/\/bpk-archive.de\/tuellmann\/wp-json\/wp\/v2\/product_tag?post=70296547"}],"curies":[{"name":"wp","href":"https:\/\/api.w.org\/{rel}","templated":true}]}}