{"id":70296544,"date":"2019-09-05T16:01:48","date_gmt":"2019-09-05T14:01:48","guid":{"rendered":"http:\/\/abisagtuellmann.bpk-news.de\/atbild\/der-philosoph-herbert-marcuse-spricht-auf-dem-opernplatz\/"},"modified":"2019-09-05T16:01:54","modified_gmt":"2019-09-05T14:01:54","slug":"der-philosoph-herbert-marcuse-spricht-auf-dem-opernplatz","status":"publish","type":"product","link":"https:\/\/bpk-archive.de\/tuellmann\/produkt\/der-philosoph-herbert-marcuse-spricht-auf-dem-opernplatz\/","title":{"rendered":"Der Philosoph Herbert Marcuse spricht auf dem Opernplatz"},"content":{"rendered":"<p>Veranstaltung im Rahmen des &#8222;Angela-Davis-Solidarit\u00e4tskongresses&#8220; zugunsten von Angela Davis und der &#8222;Black Panther&#8220;-Bewegung R\u00fcckseitenbeschriftung von anderer Hand: &#8222;Herbert Marcuse vor der Alten Oper, Angela-Davis-Kongre\u00df, Juni 1972&#8220;<\/p>\n","protected":false},"excerpt":{"rendered":"<p>Veranstaltung im Rahmen des &#8222;Angela-Davis-Solidarit\u00e4tskongresses&#8220; zugunsten von Angela Davis und der &#8222;Black Panther&#8220;-Bewegung R\u00fcckseitenbeschriftung von anderer Hand: &#8222;Herbert Marcuse vor der Alten Oper, Angela-Davis-Kongre\u00df, Juni 1972&#8220;<\/p>\n","protected":false},"featured_media":70292113,"template":"","meta":[],"product_brand":[],"product_cat":[],"product_tag":[14054,14055,13230,13232,13234,13231,13233,14056,14057,13235,62469,13777,14058,14059,13250,55409,55410,13469,13470,13607,13610,13611,13623,13253,13254,13255,13256,13257,13471,13472,13260,13293,13786,13787,13294,13295,13296,13297,13485,13486,13482,13481,13483,13484,14066,13492,13493,13494,13495,13496,13497,13301,13328,13827,13828,13329,13330,13331,13332,48322,13843,49065,13877,13879,13865,13864,13866,13858,13859,13860,13861,13862,13863,13354,13869,13870,13871,13872,13876,13878,13880,49653,49654,49655,49656],"class_list":{"0":"post-70296544","1":"product","2":"type-product","3":"status-publish","4":"has-post-thumbnail","6":"product_tag-1968er","7":"product_tag-1968er-bewegung","8":"product_tag-1970er-jahre","9":"product_tag-20-jahrhundert-nach-chr","10":"product_tag-20-jh-n-chr","11":"product_tag-20-jahrhundert","12":"product_tag-20-jh","13":"product_tag-68er","14":"product_tag-68er-bewegung","15":"product_tag-70er","16":"product_tag-abt_006","17":"product_tag-abzug","18":"product_tag-achtundsechziger","19":"product_tag-at_studentenbewegung","20":"product_tag-aussen","21":"product_tag-black-panther","22":"product_tag-black-power","23":"product_tag-brd","24":"product_tag-bundesrepublik-deutschland","25":"product_tag-demo","26":"product_tag-demonstration","27":"product_tag-demonstrationen","28":"product_tag-demos","29":"product_tag-deutsch","30":"product_tag-deutsche","31":"product_tag-deutschen","32":"product_tag-deutscher","33":"product_tag-deutsches","34":"product_tag-deutschland","35":"product_tag-deutschlands","36":"product_tag-draussen","37":"product_tag-foto","38":"product_tag-fotoabzug","39":"product_tag-fotoabzuege","40":"product_tag-fotografie","41":"product_tag-fotografien","42":"product_tag-fotografin","43":"product_tag-fotografinnen","44":"product_tag-frankfurt-m","45":"product_tag-frankfurt-main","46":"product_tag-frankfurt-a-main","47":"product_tag-frankfurt-a-m","48":"product_tag-frankfurt-am-main","49":"product_tag-frankfurter","50":"product_tag-geschichte","51":"product_tag-hessen","52":"product_tag-hessisch","53":"product_tag-hessische","54":"product_tag-hessischen","55":"product_tag-hessischer","56":"product_tag-hessisches","57":"product_tag-im-freien","58":"product_tag-photo","59":"product_tag-photoabzug","60":"product_tag-photoabzuege","61":"product_tag-photographie","62":"product_tag-photographien","63":"product_tag-photographin","64":"product_tag-photographinnen","65":"product_tag-politik","66":"product_tag-print","67":"product_tag-rede","68":"product_tag-s-w-fotografie","69":"product_tag-s-w-photographie","70":"product_tag-schwarzweissphotographie","71":"product_tag-schwarz-weiss-fotografie","72":"product_tag-schwarz-weiss-photographie","73":"product_tag-schwarzweiss","74":"product_tag-schwarzweisse","75":"product_tag-schwarzweissen","76":"product_tag-schwarzweisser","77":"product_tag-schwarzweisses","78":"product_tag-schwarzweissfotografie","79":"product_tag-siebziger","80":"product_tag-silbergelatine","81":"product_tag-silbergelatineabzug","82":"product_tag-silbergelatineabzuege","83":"product_tag-silbergelatineprint","84":"product_tag-studentenbewegung","85":"product_tag-sw-fotografie","86":"product_tag-sw-photographie","87":"product_tag-versammeln","88":"product_tag-versammelt","89":"product_tag-versammlung","90":"product_tag-versammlungen","91":"pa_datierung-03-04-06-1972","92":"pa_fotograf-abisag-tuellmann","93":"pa_geografischer_bezug-aufnahmeort-frankfurt-am-main-deutschland","94":"pa_grunddaten_material_technik-foto-silbergelatine-auf-barytpapier","95":"pa_inventarnummer-tue-72-078-11a","96":"pa_jahr_von-54531","97":"pa_massangaben-bildformat-foto-233-x-302-cm","98":"pa_mediennummer-63739","99":"pa_objekt_typ-fotografie","101":"first","102":"instock","103":"product-type-simple"},"yoast_head":"<!-- This site is optimized with the Yoast SEO plugin v27.3 - https:\/\/yoast.com\/product\/yoast-seo-wordpress\/ -->\n<title>Der Philosoph Herbert Marcuse spricht auf dem Opernplatz - Abisag T\u00fcllmann<\/title>\n<meta name=\"robots\" content=\"index, follow, max-snippet:-1, max-image-preview:large, max-video-preview:-1\" \/>\n<link rel=\"canonical\" href=\"https:\/\/bpk-archive.de\/tuellmann\/produkt\/der-philosoph-herbert-marcuse-spricht-auf-dem-opernplatz\/\" \/>\n<meta property=\"og:locale\" content=\"de_DE\" \/>\n<meta property=\"og:type\" content=\"article\" \/>\n<meta property=\"og:title\" content=\"Der Philosoph Herbert Marcuse spricht auf dem Opernplatz - Abisag T\u00fcllmann\" \/>\n<meta property=\"og:description\" content=\"Veranstaltung im Rahmen des &#8222;Angela-Davis-Solidarit\u00e4tskongresses&#8220; zugunsten von Angela Davis und der &#8222;Black Panther&#8220;-Bewegung R\u00fcckseitenbeschriftung von anderer Hand: &#8222;Herbert Marcuse vor der Alten Oper, Angela-Davis-Kongre\u00df, Juni 1972&#8220;\" \/>\n<meta property=\"og:url\" content=\"https:\/\/bpk-archive.de\/tuellmann\/produkt\/der-philosoph-herbert-marcuse-spricht-auf-dem-opernplatz\/\" \/>\n<meta property=\"og:site_name\" content=\"Abisag T\u00fcllmann\" \/>\n<meta property=\"article:modified_time\" content=\"2019-09-05T14:01:54+00:00\" \/>\n<meta property=\"og:image\" content=\"https:\/\/bpk-archive.de\/tuellmann\/wp-content\/uploads\/2019\/08\/bpk_70242753.jpg\" \/>\n\t<meta property=\"og:image:width\" content=\"1200\" \/>\n\t<meta property=\"og:image:height\" content=\"948\" \/>\n\t<meta property=\"og:image:type\" content=\"image\/jpeg\" \/>\n<meta name=\"twitter:card\" content=\"summary_large_image\" \/>\n<script type=\"application\/ld+json\" class=\"yoast-schema-graph\">{\"@context\":\"https:\\\/\\\/schema.org\",\"@graph\":[{\"@type\":\"WebPage\",\"@id\":\"https:\\\/\\\/bpk-archive.de\\\/tuellmann\\\/produkt\\\/der-philosoph-herbert-marcuse-spricht-auf-dem-opernplatz\\\/\",\"url\":\"https:\\\/\\\/bpk-archive.de\\\/tuellmann\\\/produkt\\\/der-philosoph-herbert-marcuse-spricht-auf-dem-opernplatz\\\/\",\"name\":\"Der Philosoph Herbert Marcuse spricht auf dem Opernplatz - Abisag T\u00fcllmann\",\"isPartOf\":{\"@id\":\"https:\\\/\\\/bpk-archive.de\\\/tuellmann\\\/#website\"},\"primaryImageOfPage\":{\"@id\":\"https:\\\/\\\/bpk-archive.de\\\/tuellmann\\\/produkt\\\/der-philosoph-herbert-marcuse-spricht-auf-dem-opernplatz\\\/#primaryimage\"},\"image\":{\"@id\":\"https:\\\/\\\/bpk-archive.de\\\/tuellmann\\\/produkt\\\/der-philosoph-herbert-marcuse-spricht-auf-dem-opernplatz\\\/#primaryimage\"},\"thumbnailUrl\":\"https:\\\/\\\/bpk-archive.de\\\/tuellmann\\\/wp-content\\\/uploads\\\/2019\\\/08\\\/bpk_70242753.jpg\",\"datePublished\":\"2019-09-05T14:01:48+00:00\",\"dateModified\":\"2019-09-05T14:01:54+00:00\",\"breadcrumb\":{\"@id\":\"https:\\\/\\\/bpk-archive.de\\\/tuellmann\\\/produkt\\\/der-philosoph-herbert-marcuse-spricht-auf-dem-opernplatz\\\/#breadcrumb\"},\"inLanguage\":\"de\",\"potentialAction\":[{\"@type\":\"ReadAction\",\"target\":[\"https:\\\/\\\/bpk-archive.de\\\/tuellmann\\\/produkt\\\/der-philosoph-herbert-marcuse-spricht-auf-dem-opernplatz\\\/\"]}]},{\"@type\":\"ImageObject\",\"inLanguage\":\"de\",\"@id\":\"https:\\\/\\\/bpk-archive.de\\\/tuellmann\\\/produkt\\\/der-philosoph-herbert-marcuse-spricht-auf-dem-opernplatz\\\/#primaryimage\",\"url\":\"https:\\\/\\\/bpk-archive.de\\\/tuellmann\\\/wp-content\\\/uploads\\\/2019\\\/08\\\/bpk_70242753.jpg\",\"contentUrl\":\"https:\\\/\\\/bpk-archive.de\\\/tuellmann\\\/wp-content\\\/uploads\\\/2019\\\/08\\\/bpk_70242753.jpg\",\"width\":1200,\"height\":948,\"caption\":\"Der Philosoph Herbert Marcuse spricht auf dem Opernplatz\"},{\"@type\":\"BreadcrumbList\",\"@id\":\"https:\\\/\\\/bpk-archive.de\\\/tuellmann\\\/produkt\\\/der-philosoph-herbert-marcuse-spricht-auf-dem-opernplatz\\\/#breadcrumb\",\"itemListElement\":[{\"@type\":\"ListItem\",\"position\":1,\"name\":\"Startseite\",\"item\":\"https:\\\/\\\/bpk-archive.de\\\/tuellmann\\\/\"},{\"@type\":\"ListItem\",\"position\":2,\"name\":\"Shop\",\"item\":\"https:\\\/\\\/bpk-archive.de\\\/tuellmann\\\/shop\\\/\"},{\"@type\":\"ListItem\",\"position\":3,\"name\":\"Der Philosoph Herbert Marcuse spricht auf dem Opernplatz\"}]},{\"@type\":\"WebSite\",\"@id\":\"https:\\\/\\\/bpk-archive.de\\\/tuellmann\\\/#website\",\"url\":\"https:\\\/\\\/bpk-archive.de\\\/tuellmann\\\/\",\"name\":\"Abisag T\u00fcllmann\",\"description\":\"Eine weitere WordPress-Website\",\"potentialAction\":[{\"@type\":\"SearchAction\",\"target\":{\"@type\":\"EntryPoint\",\"urlTemplate\":\"https:\\\/\\\/bpk-archive.de\\\/tuellmann\\\/?s={search_term_string}\"},\"query-input\":{\"@type\":\"PropertyValueSpecification\",\"valueRequired\":true,\"valueName\":\"search_term_string\"}}],\"inLanguage\":\"de\"}]}<\/script>\n<!-- \/ Yoast SEO plugin. -->","yoast_head_json":{"title":"Der Philosoph Herbert Marcuse spricht auf dem Opernplatz - Abisag T\u00fcllmann","robots":{"index":"index","follow":"follow","max-snippet":"max-snippet:-1","max-image-preview":"max-image-preview:large","max-video-preview":"max-video-preview:-1"},"canonical":"https:\/\/bpk-archive.de\/tuellmann\/produkt\/der-philosoph-herbert-marcuse-spricht-auf-dem-opernplatz\/","og_locale":"de_DE","og_type":"article","og_title":"Der Philosoph Herbert Marcuse spricht auf dem Opernplatz - Abisag T\u00fcllmann","og_description":"Veranstaltung im Rahmen des &#8222;Angela-Davis-Solidarit\u00e4tskongresses&#8220; zugunsten von Angela Davis und der &#8222;Black Panther&#8220;-Bewegung R\u00fcckseitenbeschriftung von anderer Hand: &#8222;Herbert Marcuse vor der Alten Oper, Angela-Davis-Kongre\u00df, Juni 1972&#8220;","og_url":"https:\/\/bpk-archive.de\/tuellmann\/produkt\/der-philosoph-herbert-marcuse-spricht-auf-dem-opernplatz\/","og_site_name":"Abisag T\u00fcllmann","article_modified_time":"2019-09-05T14:01:54+00:00","og_image":[{"width":1200,"height":948,"url":"https:\/\/bpk-archive.de\/tuellmann\/wp-content\/uploads\/2019\/08\/bpk_70242753.jpg","type":"image\/jpeg"}],"twitter_card":"summary_large_image","schema":{"@context":"https:\/\/schema.org","@graph":[{"@type":"WebPage","@id":"https:\/\/bpk-archive.de\/tuellmann\/produkt\/der-philosoph-herbert-marcuse-spricht-auf-dem-opernplatz\/","url":"https:\/\/bpk-archive.de\/tuellmann\/produkt\/der-philosoph-herbert-marcuse-spricht-auf-dem-opernplatz\/","name":"Der Philosoph Herbert Marcuse spricht auf dem Opernplatz - Abisag T\u00fcllmann","isPartOf":{"@id":"https:\/\/bpk-archive.de\/tuellmann\/#website"},"primaryImageOfPage":{"@id":"https:\/\/bpk-archive.de\/tuellmann\/produkt\/der-philosoph-herbert-marcuse-spricht-auf-dem-opernplatz\/#primaryimage"},"image":{"@id":"https:\/\/bpk-archive.de\/tuellmann\/produkt\/der-philosoph-herbert-marcuse-spricht-auf-dem-opernplatz\/#primaryimage"},"thumbnailUrl":"https:\/\/bpk-archive.de\/tuellmann\/wp-content\/uploads\/2019\/08\/bpk_70242753.jpg","datePublished":"2019-09-05T14:01:48+00:00","dateModified":"2019-09-05T14:01:54+00:00","breadcrumb":{"@id":"https:\/\/bpk-archive.de\/tuellmann\/produkt\/der-philosoph-herbert-marcuse-spricht-auf-dem-opernplatz\/#breadcrumb"},"inLanguage":"de","potentialAction":[{"@type":"ReadAction","target":["https:\/\/bpk-archive.de\/tuellmann\/produkt\/der-philosoph-herbert-marcuse-spricht-auf-dem-opernplatz\/"]}]},{"@type":"ImageObject","inLanguage":"de","@id":"https:\/\/bpk-archive.de\/tuellmann\/produkt\/der-philosoph-herbert-marcuse-spricht-auf-dem-opernplatz\/#primaryimage","url":"https:\/\/bpk-archive.de\/tuellmann\/wp-content\/uploads\/2019\/08\/bpk_70242753.jpg","contentUrl":"https:\/\/bpk-archive.de\/tuellmann\/wp-content\/uploads\/2019\/08\/bpk_70242753.jpg","width":1200,"height":948,"caption":"Der Philosoph Herbert Marcuse spricht auf dem Opernplatz"},{"@type":"BreadcrumbList","@id":"https:\/\/bpk-archive.de\/tuellmann\/produkt\/der-philosoph-herbert-marcuse-spricht-auf-dem-opernplatz\/#breadcrumb","itemListElement":[{"@type":"ListItem","position":1,"name":"Startseite","item":"https:\/\/bpk-archive.de\/tuellmann\/"},{"@type":"ListItem","position":2,"name":"Shop","item":"https:\/\/bpk-archive.de\/tuellmann\/shop\/"},{"@type":"ListItem","position":3,"name":"Der Philosoph Herbert Marcuse spricht auf dem Opernplatz"}]},{"@type":"WebSite","@id":"https:\/\/bpk-archive.de\/tuellmann\/#website","url":"https:\/\/bpk-archive.de\/tuellmann\/","name":"Abisag T\u00fcllmann","description":"Eine weitere WordPress-Website","potentialAction":[{"@type":"SearchAction","target":{"@type":"EntryPoint","urlTemplate":"https:\/\/bpk-archive.de\/tuellmann\/?s={search_term_string}"},"query-input":{"@type":"PropertyValueSpecification","valueRequired":true,"valueName":"search_term_string"}}],"inLanguage":"de"}]}},"_links":{"self":[{"href":"https:\/\/bpk-archive.de\/tuellmann\/wp-json\/wp\/v2\/product\/70296544","targetHints":{"allow":["GET"]}}],"collection":[{"href":"https:\/\/bpk-archive.de\/tuellmann\/wp-json\/wp\/v2\/product"}],"about":[{"href":"https:\/\/bpk-archive.de\/tuellmann\/wp-json\/wp\/v2\/types\/product"}],"wp:featuredmedia":[{"embeddable":true,"href":"https:\/\/bpk-archive.de\/tuellmann\/wp-json\/wp\/v2\/media\/70292113"}],"wp:attachment":[{"href":"https:\/\/bpk-archive.de\/tuellmann\/wp-json\/wp\/v2\/media?parent=70296544"}],"wp:term":[{"taxonomy":"product_brand","embeddable":true,"href":"https:\/\/bpk-archive.de\/tuellmann\/wp-json\/wp\/v2\/product_brand?post=70296544"},{"taxonomy":"product_cat","embeddable":true,"href":"https:\/\/bpk-archive.de\/tuellmann\/wp-json\/wp\/v2\/product_cat?post=70296544"},{"taxonomy":"product_tag","embeddable":true,"href":"https:\/\/bpk-archive.de\/tuellmann\/wp-json\/wp\/v2\/product_tag?post=70296544"}],"curies":[{"name":"wp","href":"https:\/\/api.w.org\/{rel}","templated":true}]}}