{"id":70296543,"date":"2019-09-05T16:01:48","date_gmt":"2019-09-05T14:01:48","guid":{"rendered":"http:\/\/abisagtuellmann.bpk-news.de\/atbild\/parolen-und-plakate-an-einem-institut-der-universitaet-muenster\/"},"modified":"2019-09-05T16:01:53","modified_gmt":"2019-09-05T14:01:53","slug":"parolen-und-plakate-an-einem-institut-der-universitaet-muenster","status":"publish","type":"product","link":"https:\/\/bpk-archive.de\/tuellmann\/produkt\/parolen-und-plakate-an-einem-institut-der-universitaet-muenster\/","title":{"rendered":"Parolen und Plakate an einem Institut der Universit\u00e4t M\u00fcnster"},"content":{"rendered":"","protected":false},"excerpt":{"rendered":"","protected":false},"featured_media":70292111,"template":"","meta":[],"product_brand":[],"product_cat":[],"product_tag":[13774,14054,14055,13232,13234,13231,13233,13775,14056,14057,62469,13777,14058,54332,14059,63724,63725,13250,54333,47365,47366,47367,48359,48360,13469,13470,13253,13254,13255,13256,13257,13471,13472,13260,53595,53596,48526,48527,49500,49501,13293,13786,13787,13294,13295,13296,13297,47377,14066,49216,49217,49218,49219,49220,49221,49222,49223,13301,63726,63727,63728,63729,47499,47500,47501,47502,47503,63730,49586,49588,49229,49230,13328,13827,13828,13329,13330,13331,13332,48266,48267,48322,48269,13843,13877,13879,13865,13864,13866,63731,13858,13859,13860,13861,13862,13863,13867,13869,13870,13871,13872,49236,13876,63732,13878,13880,14079,14080,56372,63733,63734,63735,63736,63737,63738],"class_list":{"0":"post-70296543","1":"product","2":"type-product","3":"status-publish","4":"has-post-thumbnail","6":"product_tag-1960er-jahre","7":"product_tag-1968er","8":"product_tag-1968er-bewegung","9":"product_tag-20-jahrhundert-nach-chr","10":"product_tag-20-jh-n-chr","11":"product_tag-20-jahrhundert","12":"product_tag-20-jh","13":"product_tag-60er","14":"product_tag-68er","15":"product_tag-68er-bewegung","16":"product_tag-abt_006","17":"product_tag-abzug","18":"product_tag-achtundsechziger","19":"product_tag-apo","20":"product_tag-at_studentenbewegung","21":"product_tag-auskunft","22":"product_tag-auskuenfte","23":"product_tag-aussen","24":"product_tag-ausserparlamentarische-opposition","25":"product_tag-bauten","26":"product_tag-bauwerk","27":"product_tag-bauwerke","28":"product_tag-beschriftung","29":"product_tag-beschriftungen","30":"product_tag-brd","31":"product_tag-bundesrepublik-deutschland","32":"product_tag-deutsch","33":"product_tag-deutsche","34":"product_tag-deutschen","35":"product_tag-deutscher","36":"product_tag-deutsches","37":"product_tag-deutschland","38":"product_tag-deutschlands","39":"product_tag-draussen","40":"product_tag-fassade","41":"product_tag-fassaden","42":"product_tag-fenster","43":"product_tag-fensters","44":"product_tag-forderung","45":"product_tag-forderungen","46":"product_tag-foto","47":"product_tag-fotoabzug","48":"product_tag-fotoabzuege","49":"product_tag-fotografie","50":"product_tag-fotografien","51":"product_tag-fotografin","52":"product_tag-fotografinnen","53":"product_tag-gebaeude","54":"product_tag-geschichte","55":"product_tag-graffiti","56":"product_tag-graffito","57":"product_tag-haeuserwand","58":"product_tag-haeuserwaende","59":"product_tag-haeuserwaenden","60":"product_tag-hauswand","61":"product_tag-hauswaende","62":"product_tag-hauswaenden","63":"product_tag-im-freien","64":"product_tag-information","65":"product_tag-informationen","66":"product_tag-informationstafel","67":"product_tag-infotafel","68":"product_tag-menschenleer","69":"product_tag-menschenleere","70":"product_tag-menschenleeren","71":"product_tag-menschenleerer","72":"product_tag-menschenleeres","73":"product_tag-muenster","74":"product_tag-nordrhein-westfalen","75":"product_tag-nrw","76":"product_tag-parole","77":"product_tag-parolen","78":"product_tag-photo","79":"product_tag-photoabzug","80":"product_tag-photoabzuege","81":"product_tag-photographie","82":"product_tag-photographien","83":"product_tag-photographin","84":"product_tag-photographinnen","85":"product_tag-plakat","86":"product_tag-plakate","87":"product_tag-politik","88":"product_tag-poster","89":"product_tag-print","90":"product_tag-s-w-fotografie","91":"product_tag-s-w-photographie","92":"product_tag-schwarzweissphotographie","93":"product_tag-schwarz-weiss-fotografie","94":"product_tag-schwarz-weiss-photographie","95":"product_tag-schwarzes-brett","96":"product_tag-schwarzweiss","97":"product_tag-schwarzweisse","98":"product_tag-schwarzweissen","99":"product_tag-schwarzweisser","100":"product_tag-schwarzweisses","101":"product_tag-schwarzweissfotografie","102":"product_tag-sechziger","103":"product_tag-silbergelatine","104":"product_tag-silbergelatineabzug","105":"product_tag-silbergelatineabzuege","106":"product_tag-silbergelatineprint","107":"product_tag-slogan","108":"product_tag-studentenbewegung","109":"product_tag-studentenstadt","110":"product_tag-sw-fotografie","111":"product_tag-sw-photographie","112":"product_tag-universitaet","113":"product_tag-universitaeten","114":"product_tag-universitaetsgebaeude","115":"product_tag-westfalen","116":"product_tag-westfaelisch","117":"product_tag-westfaelische","118":"product_tag-westfaelischen","119":"product_tag-westfaelischer","120":"product_tag-westfaelisches","121":"pa_datierung-juli-1969","122":"pa_fotograf-abisag-tuellmann","123":"pa_geografischer_bezug-aufnahmeort-muenster-deutschland","124":"pa_grunddaten_material_technik-foto-silbergelatine-auf-barytpapier","125":"pa_inventarnummer-tue-69-195-08","126":"pa_jahr_von-14258","127":"pa_massangaben-bildformat-foto-238-x-293-cm","128":"pa_mediennummer-63721","129":"pa_objekt_typ-fotografie","131":"first","132":"instock","133":"product-type-simple"},"yoast_head":"<!-- This site is optimized with the Yoast SEO plugin v27.4 - https:\/\/yoast.com\/product\/yoast-seo-wordpress\/ -->\n<title>Parolen und Plakate an einem Institut der Universit\u00e4t M\u00fcnster - Abisag T\u00fcllmann<\/title>\n<meta name=\"robots\" content=\"index, follow, max-snippet:-1, max-image-preview:large, max-video-preview:-1\" \/>\n<link rel=\"canonical\" href=\"https:\/\/bpk-archive.de\/tuellmann\/produkt\/parolen-und-plakate-an-einem-institut-der-universitaet-muenster\/\" \/>\n<meta property=\"og:locale\" content=\"de_DE\" \/>\n<meta property=\"og:type\" content=\"article\" \/>\n<meta property=\"og:title\" content=\"Parolen und Plakate an einem Institut der Universit\u00e4t M\u00fcnster - Abisag T\u00fcllmann\" \/>\n<meta property=\"og:url\" content=\"https:\/\/bpk-archive.de\/tuellmann\/produkt\/parolen-und-plakate-an-einem-institut-der-universitaet-muenster\/\" \/>\n<meta property=\"og:site_name\" content=\"Abisag T\u00fcllmann\" \/>\n<meta property=\"article:modified_time\" content=\"2019-09-05T14:01:53+00:00\" \/>\n<meta property=\"og:image\" content=\"https:\/\/bpk-archive.de\/tuellmann\/wp-content\/uploads\/2019\/08\/bpk_70242752.jpg\" \/>\n\t<meta property=\"og:image:width\" content=\"1200\" \/>\n\t<meta property=\"og:image:height\" content=\"978\" \/>\n\t<meta property=\"og:image:type\" content=\"image\/jpeg\" \/>\n<meta name=\"twitter:card\" content=\"summary_large_image\" \/>\n<script type=\"application\/ld+json\" class=\"yoast-schema-graph\">{\"@context\":\"https:\\\/\\\/schema.org\",\"@graph\":[{\"@type\":\"WebPage\",\"@id\":\"https:\\\/\\\/bpk-archive.de\\\/tuellmann\\\/produkt\\\/parolen-und-plakate-an-einem-institut-der-universitaet-muenster\\\/\",\"url\":\"https:\\\/\\\/bpk-archive.de\\\/tuellmann\\\/produkt\\\/parolen-und-plakate-an-einem-institut-der-universitaet-muenster\\\/\",\"name\":\"Parolen und Plakate an einem Institut der Universit\u00e4t M\u00fcnster - Abisag T\u00fcllmann\",\"isPartOf\":{\"@id\":\"https:\\\/\\\/bpk-archive.de\\\/tuellmann\\\/#website\"},\"primaryImageOfPage\":{\"@id\":\"https:\\\/\\\/bpk-archive.de\\\/tuellmann\\\/produkt\\\/parolen-und-plakate-an-einem-institut-der-universitaet-muenster\\\/#primaryimage\"},\"image\":{\"@id\":\"https:\\\/\\\/bpk-archive.de\\\/tuellmann\\\/produkt\\\/parolen-und-plakate-an-einem-institut-der-universitaet-muenster\\\/#primaryimage\"},\"thumbnailUrl\":\"https:\\\/\\\/bpk-archive.de\\\/tuellmann\\\/wp-content\\\/uploads\\\/2019\\\/08\\\/bpk_70242752.jpg\",\"datePublished\":\"2019-09-05T14:01:48+00:00\",\"dateModified\":\"2019-09-05T14:01:53+00:00\",\"breadcrumb\":{\"@id\":\"https:\\\/\\\/bpk-archive.de\\\/tuellmann\\\/produkt\\\/parolen-und-plakate-an-einem-institut-der-universitaet-muenster\\\/#breadcrumb\"},\"inLanguage\":\"de\",\"potentialAction\":[{\"@type\":\"ReadAction\",\"target\":[\"https:\\\/\\\/bpk-archive.de\\\/tuellmann\\\/produkt\\\/parolen-und-plakate-an-einem-institut-der-universitaet-muenster\\\/\"]}]},{\"@type\":\"ImageObject\",\"inLanguage\":\"de\",\"@id\":\"https:\\\/\\\/bpk-archive.de\\\/tuellmann\\\/produkt\\\/parolen-und-plakate-an-einem-institut-der-universitaet-muenster\\\/#primaryimage\",\"url\":\"https:\\\/\\\/bpk-archive.de\\\/tuellmann\\\/wp-content\\\/uploads\\\/2019\\\/08\\\/bpk_70242752.jpg\",\"contentUrl\":\"https:\\\/\\\/bpk-archive.de\\\/tuellmann\\\/wp-content\\\/uploads\\\/2019\\\/08\\\/bpk_70242752.jpg\",\"width\":1200,\"height\":978,\"caption\":\"Parolen und Plakate an einem Institut der Universit\u00e4t M\u00fcnster\"},{\"@type\":\"BreadcrumbList\",\"@id\":\"https:\\\/\\\/bpk-archive.de\\\/tuellmann\\\/produkt\\\/parolen-und-plakate-an-einem-institut-der-universitaet-muenster\\\/#breadcrumb\",\"itemListElement\":[{\"@type\":\"ListItem\",\"position\":1,\"name\":\"Startseite\",\"item\":\"https:\\\/\\\/bpk-archive.de\\\/tuellmann\\\/\"},{\"@type\":\"ListItem\",\"position\":2,\"name\":\"Shop\",\"item\":\"https:\\\/\\\/bpk-archive.de\\\/tuellmann\\\/shop\\\/\"},{\"@type\":\"ListItem\",\"position\":3,\"name\":\"Parolen und Plakate an einem Institut der Universit\u00e4t M\u00fcnster\"}]},{\"@type\":\"WebSite\",\"@id\":\"https:\\\/\\\/bpk-archive.de\\\/tuellmann\\\/#website\",\"url\":\"https:\\\/\\\/bpk-archive.de\\\/tuellmann\\\/\",\"name\":\"Abisag T\u00fcllmann\",\"description\":\"Eine weitere WordPress-Website\",\"potentialAction\":[{\"@type\":\"SearchAction\",\"target\":{\"@type\":\"EntryPoint\",\"urlTemplate\":\"https:\\\/\\\/bpk-archive.de\\\/tuellmann\\\/?s={search_term_string}\"},\"query-input\":{\"@type\":\"PropertyValueSpecification\",\"valueRequired\":true,\"valueName\":\"search_term_string\"}}],\"inLanguage\":\"de\"}]}<\/script>\n<!-- \/ Yoast SEO plugin. -->","yoast_head_json":{"title":"Parolen und Plakate an einem Institut der Universit\u00e4t M\u00fcnster - Abisag T\u00fcllmann","robots":{"index":"index","follow":"follow","max-snippet":"max-snippet:-1","max-image-preview":"max-image-preview:large","max-video-preview":"max-video-preview:-1"},"canonical":"https:\/\/bpk-archive.de\/tuellmann\/produkt\/parolen-und-plakate-an-einem-institut-der-universitaet-muenster\/","og_locale":"de_DE","og_type":"article","og_title":"Parolen und Plakate an einem Institut der Universit\u00e4t M\u00fcnster - Abisag T\u00fcllmann","og_url":"https:\/\/bpk-archive.de\/tuellmann\/produkt\/parolen-und-plakate-an-einem-institut-der-universitaet-muenster\/","og_site_name":"Abisag T\u00fcllmann","article_modified_time":"2019-09-05T14:01:53+00:00","og_image":[{"width":1200,"height":978,"url":"https:\/\/bpk-archive.de\/tuellmann\/wp-content\/uploads\/2019\/08\/bpk_70242752.jpg","type":"image\/jpeg"}],"twitter_card":"summary_large_image","schema":{"@context":"https:\/\/schema.org","@graph":[{"@type":"WebPage","@id":"https:\/\/bpk-archive.de\/tuellmann\/produkt\/parolen-und-plakate-an-einem-institut-der-universitaet-muenster\/","url":"https:\/\/bpk-archive.de\/tuellmann\/produkt\/parolen-und-plakate-an-einem-institut-der-universitaet-muenster\/","name":"Parolen und Plakate an einem Institut der Universit\u00e4t M\u00fcnster - Abisag T\u00fcllmann","isPartOf":{"@id":"https:\/\/bpk-archive.de\/tuellmann\/#website"},"primaryImageOfPage":{"@id":"https:\/\/bpk-archive.de\/tuellmann\/produkt\/parolen-und-plakate-an-einem-institut-der-universitaet-muenster\/#primaryimage"},"image":{"@id":"https:\/\/bpk-archive.de\/tuellmann\/produkt\/parolen-und-plakate-an-einem-institut-der-universitaet-muenster\/#primaryimage"},"thumbnailUrl":"https:\/\/bpk-archive.de\/tuellmann\/wp-content\/uploads\/2019\/08\/bpk_70242752.jpg","datePublished":"2019-09-05T14:01:48+00:00","dateModified":"2019-09-05T14:01:53+00:00","breadcrumb":{"@id":"https:\/\/bpk-archive.de\/tuellmann\/produkt\/parolen-und-plakate-an-einem-institut-der-universitaet-muenster\/#breadcrumb"},"inLanguage":"de","potentialAction":[{"@type":"ReadAction","target":["https:\/\/bpk-archive.de\/tuellmann\/produkt\/parolen-und-plakate-an-einem-institut-der-universitaet-muenster\/"]}]},{"@type":"ImageObject","inLanguage":"de","@id":"https:\/\/bpk-archive.de\/tuellmann\/produkt\/parolen-und-plakate-an-einem-institut-der-universitaet-muenster\/#primaryimage","url":"https:\/\/bpk-archive.de\/tuellmann\/wp-content\/uploads\/2019\/08\/bpk_70242752.jpg","contentUrl":"https:\/\/bpk-archive.de\/tuellmann\/wp-content\/uploads\/2019\/08\/bpk_70242752.jpg","width":1200,"height":978,"caption":"Parolen und Plakate an einem Institut der Universit\u00e4t M\u00fcnster"},{"@type":"BreadcrumbList","@id":"https:\/\/bpk-archive.de\/tuellmann\/produkt\/parolen-und-plakate-an-einem-institut-der-universitaet-muenster\/#breadcrumb","itemListElement":[{"@type":"ListItem","position":1,"name":"Startseite","item":"https:\/\/bpk-archive.de\/tuellmann\/"},{"@type":"ListItem","position":2,"name":"Shop","item":"https:\/\/bpk-archive.de\/tuellmann\/shop\/"},{"@type":"ListItem","position":3,"name":"Parolen und Plakate an einem Institut der Universit\u00e4t M\u00fcnster"}]},{"@type":"WebSite","@id":"https:\/\/bpk-archive.de\/tuellmann\/#website","url":"https:\/\/bpk-archive.de\/tuellmann\/","name":"Abisag T\u00fcllmann","description":"Eine weitere WordPress-Website","potentialAction":[{"@type":"SearchAction","target":{"@type":"EntryPoint","urlTemplate":"https:\/\/bpk-archive.de\/tuellmann\/?s={search_term_string}"},"query-input":{"@type":"PropertyValueSpecification","valueRequired":true,"valueName":"search_term_string"}}],"inLanguage":"de"}]}},"_links":{"self":[{"href":"https:\/\/bpk-archive.de\/tuellmann\/wp-json\/wp\/v2\/product\/70296543","targetHints":{"allow":["GET"]}}],"collection":[{"href":"https:\/\/bpk-archive.de\/tuellmann\/wp-json\/wp\/v2\/product"}],"about":[{"href":"https:\/\/bpk-archive.de\/tuellmann\/wp-json\/wp\/v2\/types\/product"}],"wp:featuredmedia":[{"embeddable":true,"href":"https:\/\/bpk-archive.de\/tuellmann\/wp-json\/wp\/v2\/media\/70292111"}],"wp:attachment":[{"href":"https:\/\/bpk-archive.de\/tuellmann\/wp-json\/wp\/v2\/media?parent=70296543"}],"wp:term":[{"taxonomy":"product_brand","embeddable":true,"href":"https:\/\/bpk-archive.de\/tuellmann\/wp-json\/wp\/v2\/product_brand?post=70296543"},{"taxonomy":"product_cat","embeddable":true,"href":"https:\/\/bpk-archive.de\/tuellmann\/wp-json\/wp\/v2\/product_cat?post=70296543"},{"taxonomy":"product_tag","embeddable":true,"href":"https:\/\/bpk-archive.de\/tuellmann\/wp-json\/wp\/v2\/product_tag?post=70296543"}],"curies":[{"name":"wp","href":"https:\/\/api.w.org\/{rel}","templated":true}]}}