{"id":70296540,"date":"2019-09-05T16:01:48","date_gmt":"2019-09-05T14:01:48","guid":{"rendered":"http:\/\/abisagtuellmann.bpk-news.de\/atbild\/abstimmung-bei-einem-teach-in-vor-der-von-der-polizei-gesperrten-goethe-universitaet\/"},"modified":"2019-09-05T16:01:51","modified_gmt":"2019-09-05T14:01:51","slug":"abstimmung-bei-einem-teach-in-vor-der-von-der-polizei-gesperrten-goethe-universitaet","status":"publish","type":"product","link":"https:\/\/bpk-archive.de\/tuellmann\/produkt\/abstimmung-bei-einem-teach-in-vor-der-von-der-polizei-gesperrten-goethe-universitaet\/","title":{"rendered":"Abstimmung bei einem Teach-in vor der von der Polizei gesperrten Goethe-Universit\u00e4t"},"content":{"rendered":"<p>Oben links: Hans-J\u00fcrgen Krahl<\/p>\n","protected":false},"excerpt":{"rendered":"<p>Oben links: Hans-J\u00fcrgen Krahl<\/p>\n","protected":false},"featured_media":70292139,"template":"","meta":[],"product_brand":[],"product_cat":[],"product_tag":[13774,14054,14055,13232,13234,13231,13233,13775,14056,14057,54978,54979,62469,13777,14058,54332,14059,13250,54333,13469,13470,13253,13254,13255,13256,13257,13471,13472,13260,13293,13786,13787,13294,13295,13296,13297,13485,13486,13482,13481,13483,13484,14066,14327,13492,13493,13494,13495,13496,13497,13301,13319,13320,13321,13322,13323,13328,13827,13828,13329,13330,13331,13332,48322,13843,13641,62470,13642,13877,13879,13865,13864,13866,13858,13859,13860,13861,13862,13863,13867,13869,13870,13871,13872,13876,56590,56591,13878,13880,14079,14080,49653,49654,49655,49656],"class_list":{"0":"post-70296540","1":"product","2":"type-product","3":"status-publish","4":"has-post-thumbnail","6":"product_tag-1960er-jahre","7":"product_tag-1968er","8":"product_tag-1968er-bewegung","9":"product_tag-20-jahrhundert-nach-chr","10":"product_tag-20-jh-n-chr","11":"product_tag-20-jahrhundert","12":"product_tag-20-jh","13":"product_tag-60er","14":"product_tag-68er","15":"product_tag-68er-bewegung","16":"product_tag-abstimmung","17":"product_tag-abstimmungen","18":"product_tag-abt_006","19":"product_tag-abzug","20":"product_tag-achtundsechziger","21":"product_tag-apo","22":"product_tag-at_studentenbewegung","23":"product_tag-aussen","24":"product_tag-ausserparlamentarische-opposition","25":"product_tag-brd","26":"product_tag-bundesrepublik-deutschland","27":"product_tag-deutsch","28":"product_tag-deutsche","29":"product_tag-deutschen","30":"product_tag-deutscher","31":"product_tag-deutsches","32":"product_tag-deutschland","33":"product_tag-deutschlands","34":"product_tag-draussen","35":"product_tag-foto","36":"product_tag-fotoabzug","37":"product_tag-fotoabzuege","38":"product_tag-fotografie","39":"product_tag-fotografien","40":"product_tag-fotografin","41":"product_tag-fotografinnen","42":"product_tag-frankfurt-m","43":"product_tag-frankfurt-main","44":"product_tag-frankfurt-a-main","45":"product_tag-frankfurt-a-m","46":"product_tag-frankfurt-am-main","47":"product_tag-frankfurter","48":"product_tag-geschichte","49":"product_tag-gesellschaft","50":"product_tag-hessen","51":"product_tag-hessisch","52":"product_tag-hessische","53":"product_tag-hessischen","54":"product_tag-hessischer","55":"product_tag-hessisches","56":"product_tag-im-freien","57":"product_tag-menschenansammlung","58":"product_tag-menschenauflauf","59":"product_tag-menschenmassen","60":"product_tag-menschenmenge","61":"product_tag-menschenschar","62":"product_tag-photo","63":"product_tag-photoabzug","64":"product_tag-photoabzuege","65":"product_tag-photographie","66":"product_tag-photographien","67":"product_tag-photographin","68":"product_tag-photographinnen","69":"product_tag-politik","70":"product_tag-print","71":"product_tag-protest","72":"product_tag-protestbewegung","73":"product_tag-proteste","74":"product_tag-s-w-fotografie","75":"product_tag-s-w-photographie","76":"product_tag-schwarzweissphotographie","77":"product_tag-schwarz-weiss-fotografie","78":"product_tag-schwarz-weiss-photographie","79":"product_tag-schwarzweiss","80":"product_tag-schwarzweisse","81":"product_tag-schwarzweissen","82":"product_tag-schwarzweisser","83":"product_tag-schwarzweisses","84":"product_tag-schwarzweissfotografie","85":"product_tag-sechziger","86":"product_tag-silbergelatine","87":"product_tag-silbergelatineabzug","88":"product_tag-silbergelatineabzuege","89":"product_tag-silbergelatineprint","90":"product_tag-studentenbewegung","91":"product_tag-studentenstreik","92":"product_tag-studentenstreiks","93":"product_tag-sw-fotografie","94":"product_tag-sw-photographie","95":"product_tag-universitaet","96":"product_tag-universitaeten","97":"product_tag-versammeln","98":"product_tag-versammelt","99":"product_tag-versammlung","100":"product_tag-versammlungen","101":"pa_datierung-mai-1968","102":"pa_fotograf-abisag-tuellmann","103":"pa_geografischer_bezug-aufnahmeort-frankfurt-am-main-deutschland","104":"pa_grunddaten_material_technik-foto-silbergelatine-auf-barytpapier","105":"pa_inventarnummer-tue-68-085-06a","106":"pa_jahr_von-14267","107":"pa_massangaben-bildformat-foto-298-x-233-cm","108":"pa_mediennummer-63709","109":"pa_objekt_typ-fotografie","111":"first","112":"instock","113":"product-type-simple"},"yoast_head":"<!-- This site is optimized with the Yoast SEO plugin v27.3 - https:\/\/yoast.com\/product\/yoast-seo-wordpress\/ -->\n<title>Abstimmung bei einem Teach-in vor der von der Polizei gesperrten Goethe-Universit\u00e4t - Abisag T\u00fcllmann<\/title>\n<meta name=\"robots\" content=\"index, follow, max-snippet:-1, max-image-preview:large, max-video-preview:-1\" \/>\n<link rel=\"canonical\" href=\"https:\/\/bpk-archive.de\/tuellmann\/produkt\/abstimmung-bei-einem-teach-in-vor-der-von-der-polizei-gesperrten-goethe-universitaet\/\" \/>\n<meta property=\"og:locale\" content=\"de_DE\" \/>\n<meta property=\"og:type\" content=\"article\" \/>\n<meta property=\"og:title\" content=\"Abstimmung bei einem Teach-in vor der von der Polizei gesperrten Goethe-Universit\u00e4t - Abisag T\u00fcllmann\" \/>\n<meta property=\"og:description\" content=\"Oben links: Hans-J\u00fcrgen Krahl\" \/>\n<meta property=\"og:url\" content=\"https:\/\/bpk-archive.de\/tuellmann\/produkt\/abstimmung-bei-einem-teach-in-vor-der-von-der-polizei-gesperrten-goethe-universitaet\/\" \/>\n<meta property=\"og:site_name\" content=\"Abisag T\u00fcllmann\" \/>\n<meta property=\"article:modified_time\" content=\"2019-09-05T14:01:51+00:00\" \/>\n<meta property=\"og:image\" content=\"https:\/\/bpk-archive.de\/tuellmann\/wp-content\/uploads\/2019\/08\/bpk_70242762.jpg\" \/>\n\t<meta property=\"og:image:width\" content=\"955\" \/>\n\t<meta property=\"og:image:height\" content=\"1200\" \/>\n\t<meta property=\"og:image:type\" content=\"image\/jpeg\" \/>\n<meta name=\"twitter:card\" content=\"summary_large_image\" \/>\n<script type=\"application\/ld+json\" class=\"yoast-schema-graph\">{\"@context\":\"https:\\\/\\\/schema.org\",\"@graph\":[{\"@type\":\"WebPage\",\"@id\":\"https:\\\/\\\/bpk-archive.de\\\/tuellmann\\\/produkt\\\/abstimmung-bei-einem-teach-in-vor-der-von-der-polizei-gesperrten-goethe-universitaet\\\/\",\"url\":\"https:\\\/\\\/bpk-archive.de\\\/tuellmann\\\/produkt\\\/abstimmung-bei-einem-teach-in-vor-der-von-der-polizei-gesperrten-goethe-universitaet\\\/\",\"name\":\"Abstimmung bei einem Teach-in vor der von der Polizei gesperrten Goethe-Universit\u00e4t - Abisag T\u00fcllmann\",\"isPartOf\":{\"@id\":\"https:\\\/\\\/bpk-archive.de\\\/tuellmann\\\/#website\"},\"primaryImageOfPage\":{\"@id\":\"https:\\\/\\\/bpk-archive.de\\\/tuellmann\\\/produkt\\\/abstimmung-bei-einem-teach-in-vor-der-von-der-polizei-gesperrten-goethe-universitaet\\\/#primaryimage\"},\"image\":{\"@id\":\"https:\\\/\\\/bpk-archive.de\\\/tuellmann\\\/produkt\\\/abstimmung-bei-einem-teach-in-vor-der-von-der-polizei-gesperrten-goethe-universitaet\\\/#primaryimage\"},\"thumbnailUrl\":\"https:\\\/\\\/bpk-archive.de\\\/tuellmann\\\/wp-content\\\/uploads\\\/2019\\\/08\\\/bpk_70242762.jpg\",\"datePublished\":\"2019-09-05T14:01:48+00:00\",\"dateModified\":\"2019-09-05T14:01:51+00:00\",\"breadcrumb\":{\"@id\":\"https:\\\/\\\/bpk-archive.de\\\/tuellmann\\\/produkt\\\/abstimmung-bei-einem-teach-in-vor-der-von-der-polizei-gesperrten-goethe-universitaet\\\/#breadcrumb\"},\"inLanguage\":\"de\",\"potentialAction\":[{\"@type\":\"ReadAction\",\"target\":[\"https:\\\/\\\/bpk-archive.de\\\/tuellmann\\\/produkt\\\/abstimmung-bei-einem-teach-in-vor-der-von-der-polizei-gesperrten-goethe-universitaet\\\/\"]}]},{\"@type\":\"ImageObject\",\"inLanguage\":\"de\",\"@id\":\"https:\\\/\\\/bpk-archive.de\\\/tuellmann\\\/produkt\\\/abstimmung-bei-einem-teach-in-vor-der-von-der-polizei-gesperrten-goethe-universitaet\\\/#primaryimage\",\"url\":\"https:\\\/\\\/bpk-archive.de\\\/tuellmann\\\/wp-content\\\/uploads\\\/2019\\\/08\\\/bpk_70242762.jpg\",\"contentUrl\":\"https:\\\/\\\/bpk-archive.de\\\/tuellmann\\\/wp-content\\\/uploads\\\/2019\\\/08\\\/bpk_70242762.jpg\",\"width\":955,\"height\":1200,\"caption\":\"Abstimmung bei einem Teach-in vor der von der Polizei gesperrten Goethe-Universit\u00e4t\"},{\"@type\":\"BreadcrumbList\",\"@id\":\"https:\\\/\\\/bpk-archive.de\\\/tuellmann\\\/produkt\\\/abstimmung-bei-einem-teach-in-vor-der-von-der-polizei-gesperrten-goethe-universitaet\\\/#breadcrumb\",\"itemListElement\":[{\"@type\":\"ListItem\",\"position\":1,\"name\":\"Startseite\",\"item\":\"https:\\\/\\\/bpk-archive.de\\\/tuellmann\\\/\"},{\"@type\":\"ListItem\",\"position\":2,\"name\":\"Shop\",\"item\":\"https:\\\/\\\/bpk-archive.de\\\/tuellmann\\\/shop\\\/\"},{\"@type\":\"ListItem\",\"position\":3,\"name\":\"Abstimmung bei einem Teach-in vor der von der Polizei gesperrten Goethe-Universit\u00e4t\"}]},{\"@type\":\"WebSite\",\"@id\":\"https:\\\/\\\/bpk-archive.de\\\/tuellmann\\\/#website\",\"url\":\"https:\\\/\\\/bpk-archive.de\\\/tuellmann\\\/\",\"name\":\"Abisag T\u00fcllmann\",\"description\":\"Eine weitere WordPress-Website\",\"potentialAction\":[{\"@type\":\"SearchAction\",\"target\":{\"@type\":\"EntryPoint\",\"urlTemplate\":\"https:\\\/\\\/bpk-archive.de\\\/tuellmann\\\/?s={search_term_string}\"},\"query-input\":{\"@type\":\"PropertyValueSpecification\",\"valueRequired\":true,\"valueName\":\"search_term_string\"}}],\"inLanguage\":\"de\"}]}<\/script>\n<!-- \/ Yoast SEO plugin. -->","yoast_head_json":{"title":"Abstimmung bei einem Teach-in vor der von der Polizei gesperrten Goethe-Universit\u00e4t - Abisag T\u00fcllmann","robots":{"index":"index","follow":"follow","max-snippet":"max-snippet:-1","max-image-preview":"max-image-preview:large","max-video-preview":"max-video-preview:-1"},"canonical":"https:\/\/bpk-archive.de\/tuellmann\/produkt\/abstimmung-bei-einem-teach-in-vor-der-von-der-polizei-gesperrten-goethe-universitaet\/","og_locale":"de_DE","og_type":"article","og_title":"Abstimmung bei einem Teach-in vor der von der Polizei gesperrten Goethe-Universit\u00e4t - Abisag T\u00fcllmann","og_description":"Oben links: Hans-J\u00fcrgen Krahl","og_url":"https:\/\/bpk-archive.de\/tuellmann\/produkt\/abstimmung-bei-einem-teach-in-vor-der-von-der-polizei-gesperrten-goethe-universitaet\/","og_site_name":"Abisag T\u00fcllmann","article_modified_time":"2019-09-05T14:01:51+00:00","og_image":[{"width":955,"height":1200,"url":"https:\/\/bpk-archive.de\/tuellmann\/wp-content\/uploads\/2019\/08\/bpk_70242762.jpg","type":"image\/jpeg"}],"twitter_card":"summary_large_image","schema":{"@context":"https:\/\/schema.org","@graph":[{"@type":"WebPage","@id":"https:\/\/bpk-archive.de\/tuellmann\/produkt\/abstimmung-bei-einem-teach-in-vor-der-von-der-polizei-gesperrten-goethe-universitaet\/","url":"https:\/\/bpk-archive.de\/tuellmann\/produkt\/abstimmung-bei-einem-teach-in-vor-der-von-der-polizei-gesperrten-goethe-universitaet\/","name":"Abstimmung bei einem Teach-in vor der von der Polizei gesperrten Goethe-Universit\u00e4t - Abisag T\u00fcllmann","isPartOf":{"@id":"https:\/\/bpk-archive.de\/tuellmann\/#website"},"primaryImageOfPage":{"@id":"https:\/\/bpk-archive.de\/tuellmann\/produkt\/abstimmung-bei-einem-teach-in-vor-der-von-der-polizei-gesperrten-goethe-universitaet\/#primaryimage"},"image":{"@id":"https:\/\/bpk-archive.de\/tuellmann\/produkt\/abstimmung-bei-einem-teach-in-vor-der-von-der-polizei-gesperrten-goethe-universitaet\/#primaryimage"},"thumbnailUrl":"https:\/\/bpk-archive.de\/tuellmann\/wp-content\/uploads\/2019\/08\/bpk_70242762.jpg","datePublished":"2019-09-05T14:01:48+00:00","dateModified":"2019-09-05T14:01:51+00:00","breadcrumb":{"@id":"https:\/\/bpk-archive.de\/tuellmann\/produkt\/abstimmung-bei-einem-teach-in-vor-der-von-der-polizei-gesperrten-goethe-universitaet\/#breadcrumb"},"inLanguage":"de","potentialAction":[{"@type":"ReadAction","target":["https:\/\/bpk-archive.de\/tuellmann\/produkt\/abstimmung-bei-einem-teach-in-vor-der-von-der-polizei-gesperrten-goethe-universitaet\/"]}]},{"@type":"ImageObject","inLanguage":"de","@id":"https:\/\/bpk-archive.de\/tuellmann\/produkt\/abstimmung-bei-einem-teach-in-vor-der-von-der-polizei-gesperrten-goethe-universitaet\/#primaryimage","url":"https:\/\/bpk-archive.de\/tuellmann\/wp-content\/uploads\/2019\/08\/bpk_70242762.jpg","contentUrl":"https:\/\/bpk-archive.de\/tuellmann\/wp-content\/uploads\/2019\/08\/bpk_70242762.jpg","width":955,"height":1200,"caption":"Abstimmung bei einem Teach-in vor der von der Polizei gesperrten Goethe-Universit\u00e4t"},{"@type":"BreadcrumbList","@id":"https:\/\/bpk-archive.de\/tuellmann\/produkt\/abstimmung-bei-einem-teach-in-vor-der-von-der-polizei-gesperrten-goethe-universitaet\/#breadcrumb","itemListElement":[{"@type":"ListItem","position":1,"name":"Startseite","item":"https:\/\/bpk-archive.de\/tuellmann\/"},{"@type":"ListItem","position":2,"name":"Shop","item":"https:\/\/bpk-archive.de\/tuellmann\/shop\/"},{"@type":"ListItem","position":3,"name":"Abstimmung bei einem Teach-in vor der von der Polizei gesperrten Goethe-Universit\u00e4t"}]},{"@type":"WebSite","@id":"https:\/\/bpk-archive.de\/tuellmann\/#website","url":"https:\/\/bpk-archive.de\/tuellmann\/","name":"Abisag T\u00fcllmann","description":"Eine weitere WordPress-Website","potentialAction":[{"@type":"SearchAction","target":{"@type":"EntryPoint","urlTemplate":"https:\/\/bpk-archive.de\/tuellmann\/?s={search_term_string}"},"query-input":{"@type":"PropertyValueSpecification","valueRequired":true,"valueName":"search_term_string"}}],"inLanguage":"de"}]}},"_links":{"self":[{"href":"https:\/\/bpk-archive.de\/tuellmann\/wp-json\/wp\/v2\/product\/70296540","targetHints":{"allow":["GET"]}}],"collection":[{"href":"https:\/\/bpk-archive.de\/tuellmann\/wp-json\/wp\/v2\/product"}],"about":[{"href":"https:\/\/bpk-archive.de\/tuellmann\/wp-json\/wp\/v2\/types\/product"}],"wp:featuredmedia":[{"embeddable":true,"href":"https:\/\/bpk-archive.de\/tuellmann\/wp-json\/wp\/v2\/media\/70292139"}],"wp:attachment":[{"href":"https:\/\/bpk-archive.de\/tuellmann\/wp-json\/wp\/v2\/media?parent=70296540"}],"wp:term":[{"taxonomy":"product_brand","embeddable":true,"href":"https:\/\/bpk-archive.de\/tuellmann\/wp-json\/wp\/v2\/product_brand?post=70296540"},{"taxonomy":"product_cat","embeddable":true,"href":"https:\/\/bpk-archive.de\/tuellmann\/wp-json\/wp\/v2\/product_cat?post=70296540"},{"taxonomy":"product_tag","embeddable":true,"href":"https:\/\/bpk-archive.de\/tuellmann\/wp-json\/wp\/v2\/product_tag?post=70296540"}],"curies":[{"name":"wp","href":"https:\/\/api.w.org\/{rel}","templated":true}]}}