{"id":70296538,"date":"2019-09-05T16:01:48","date_gmt":"2019-09-05T14:01:48","guid":{"rendered":"http:\/\/abisagtuellmann.bpk-news.de\/atbild\/demonstration-gegen-den-vietnamkrieg-zwei-junge-maenner-sammeln-geld-fuer-den-vietcong\/"},"modified":"2019-09-05T16:01:49","modified_gmt":"2019-09-05T14:01:49","slug":"demonstration-gegen-den-vietnamkrieg-zwei-junge-maenner-sammeln-geld-fuer-den-vietcong","status":"publish","type":"product","link":"https:\/\/bpk-archive.de\/tuellmann\/produkt\/demonstration-gegen-den-vietnamkrieg-zwei-junge-maenner-sammeln-geld-fuer-den-vietcong\/","title":{"rendered":"Demonstration gegen den Vietnamkrieg &#8211; zwei junge M\u00e4nner sammeln Geld f\u00fcr den Vietcong"},"content":{"rendered":"<p>R\u00fcckseitenbeschriftung von Hand der Fotografin: &#8222;Ffm, Februar 67&#8220;<\/p>\n","protected":false},"excerpt":{"rendered":"<p>R\u00fcckseitenbeschriftung von Hand der Fotografin: &#8222;Ffm, Februar 67&#8220;<\/p>\n","protected":false},"featured_media":70292154,"template":"","meta":[],"product_brand":[],"product_cat":[],"product_tag":[13774,14054,14055,13232,13234,13231,13233,13775,14056,14057,62469,13777,14058,50914,54332,14059,13250,54333,13784,13785,14177,13469,13470,14060,14061,13607,13608,13609,13610,13611,13612,13613,13615,13616,13617,13618,13619,13620,13621,13622,13623,13624,13253,13254,13255,13256,13257,13471,13472,13960,13961,13962,13963,13964,13965,13260,49500,49501,13293,13786,13787,13294,13295,13296,13297,13485,13486,13482,13481,13483,13484,50920,50917,50918,50919,63693,14066,14327,47998,63694,13492,13493,13494,13495,13496,13497,47999,13301,63331,13812,13813,13814,13815,13816,47295,47296,47297,58216,13626,13627,13818,13819,13820,13821,13822,13823,13824,13825,13826,63695,63696,49229,49230,48737,50921,50922,48738,48739,48740,48741,48742,13328,13827,13828,13329,13330,13331,13332,48266,48267,48322,13829,13830,13831,13832,13833,13834,13835,13836,13837,13838,13839,13840,13841,13842,14230,14231,14232,48269,13843,13641,62470,13642,13643,13644,13645,13646,13647,13648,13649,13653,48677,14073,14074,14075,14076,14077,48678,13877,13879,63697,63698,52376,13865,13864,13866,13858,13859,13860,13861,13862,13863,63699,13867,13869,13870,13871,13872,49236,56233,56234,56235,56236,56237,56238,56239,53458,53459,63700,63701,63702,63703,13519,13520,13521,13522,13523,13524,13874,13875,13876,62481,13878,13880,13375,13376,63705,63704,63337,63338,63339,63340,63341,63342,63343,63344,63345,14081,14082,50393,50394,47359],"class_list":{"0":"post-70296538","1":"product","2":"type-product","3":"status-publish","4":"has-post-thumbnail","6":"product_tag-1960er-jahre","7":"product_tag-1968er","8":"product_tag-1968er-bewegung","9":"product_tag-20-jahrhundert-nach-chr","10":"product_tag-20-jh-n-chr","11":"product_tag-20-jahrhundert","12":"product_tag-20-jh","13":"product_tag-60er","14":"product_tag-68er","15":"product_tag-68er-bewegung","16":"product_tag-abt_006","17":"product_tag-abzug","18":"product_tag-achtundsechziger","19":"product_tag-antikriegsbewegung","20":"product_tag-apo","21":"product_tag-at_studentenbewegung","22":"product_tag-aussen","23":"product_tag-ausserparlamentarische-opposition","24":"product_tag-bildnis","25":"product_tag-bildnisse","26":"product_tag-blickkontakt","27":"product_tag-brd","28":"product_tag-bundesrepublik-deutschland","29":"product_tag-cigarette","30":"product_tag-cigaretten","31":"product_tag-demo","32":"product_tag-demonstrant","33":"product_tag-demonstranten","34":"product_tag-demonstration","35":"product_tag-demonstrationen","36":"product_tag-demonstrationsplakat","37":"product_tag-demonstrationsschild","38":"product_tag-demonstrieren","39":"product_tag-demonstrierend","40":"product_tag-demonstrierende","41":"product_tag-demonstrierenden","42":"product_tag-demonstrierender","43":"product_tag-demonstrierendes","44":"product_tag-demonstriert","45":"product_tag-demoplakat","46":"product_tag-demos","47":"product_tag-demoschild","48":"product_tag-deutsch","49":"product_tag-deutsche","50":"product_tag-deutschen","51":"product_tag-deutscher","52":"product_tag-deutsches","53":"product_tag-deutschland","54":"product_tag-deutschlands","55":"product_tag-doppelbildnis","56":"product_tag-doppelbildnisse","57":"product_tag-doppelportrait","58":"product_tag-doppelportraits","59":"product_tag-doppelportraet","60":"product_tag-doppelportraets","61":"product_tag-draussen","62":"product_tag-forderung","63":"product_tag-forderungen","64":"product_tag-foto","65":"product_tag-fotoabzug","66":"product_tag-fotoabzuege","67":"product_tag-fotografie","68":"product_tag-fotografien","69":"product_tag-fotografin","70":"product_tag-fotografinnen","71":"product_tag-frankfurt-m","72":"product_tag-frankfurt-main","73":"product_tag-frankfurt-a-main","74":"product_tag-frankfurt-a-m","75":"product_tag-frankfurt-am-main","76":"product_tag-frankfurter","77":"product_tag-friedens-demonstration","78":"product_tag-friedensbewegung","79":"product_tag-friedensdemo","80":"product_tag-friedensdemonstration","81":"product_tag-geldspende","82":"product_tag-geschichte","83":"product_tag-gesellschaft","84":"product_tag-haelt-hoch","85":"product_tag-halten-hoch","86":"product_tag-hessen","87":"product_tag-hessisch","88":"product_tag-hessische","89":"product_tag-hessischen","90":"product_tag-hessischer","91":"product_tag-hessisches","92":"product_tag-hochhalten","93":"product_tag-im-freien","94":"product_tag-indochina","95":"product_tag-jung","96":"product_tag-junge","97":"product_tag-jungen","98":"product_tag-junger","99":"product_tag-junges","100":"product_tag-krieg","101":"product_tag-kriege","102":"product_tag-krieges","103":"product_tag-kriegsgegner","104":"product_tag-kundgebung","105":"product_tag-kundgebungen","106":"product_tag-mann","107":"product_tag-maenner","108":"product_tag-maennerbildnis","109":"product_tag-maennerbildnisse","110":"product_tag-maennerportrait","111":"product_tag-maennerportraits","112":"product_tag-maennerportraet","113":"product_tag-maennerportraets","114":"product_tag-mannes","115":"product_tag-nfb","116":"product_tag-nlf","117":"product_tag-parole","118":"product_tag-parolen","119":"product_tag-pazifismus","120":"product_tag-pazifist","121":"product_tag-pazifisten","122":"product_tag-pazifistisch","123":"product_tag-pazifistische","124":"product_tag-pazifistischen","125":"product_tag-pazifistischer","126":"product_tag-pazifistisches","127":"product_tag-photo","128":"product_tag-photoabzug","129":"product_tag-photoabzuege","130":"product_tag-photographie","131":"product_tag-photographien","132":"product_tag-photographin","133":"product_tag-photographinnen","134":"product_tag-plakat","135":"product_tag-plakate","136":"product_tag-politik","137":"product_tag-portrait","138":"product_tag-portraitaufnahme","139":"product_tag-portraitfoto","140":"product_tag-portraitfotografie","141":"product_tag-portraitphoto","142":"product_tag-portraitphotographie","143":"product_tag-portraits","144":"product_tag-portraet","145":"product_tag-portraetaufnahme","146":"product_tag-portraetfoto","147":"product_tag-portraetfotografie","148":"product_tag-portraetphoto","149":"product_tag-portraetphotographie","150":"product_tag-portraets","151":"product_tag-pose","152":"product_tag-posieren","153":"product_tag-posiert","154":"product_tag-poster","155":"product_tag-print","156":"product_tag-protest","157":"product_tag-protestbewegung","158":"product_tag-proteste","159":"product_tag-protestieren","160":"product_tag-protestierend","161":"product_tag-protestierende","162":"product_tag-protestierenden","163":"product_tag-protestierender","164":"product_tag-protestierendes","165":"product_tag-protestiert","166":"product_tag-protestschild","167":"product_tag-rauchen","168":"product_tag-rauchend","169":"product_tag-rauchende","170":"product_tag-rauchenden","171":"product_tag-rauchender","172":"product_tag-rauchendes","173":"product_tag-raucher","174":"product_tag-s-w-fotografie","175":"product_tag-s-w-photographie","176":"product_tag-sammelbuechse","177":"product_tag-sammelbuechsen","178":"product_tag-sammeln","179":"product_tag-schwarzweissphotographie","180":"product_tag-schwarz-weiss-fotografie","181":"product_tag-schwarz-weiss-photographie","182":"product_tag-schwarzweiss","183":"product_tag-schwarzweisse","184":"product_tag-schwarzweissen","185":"product_tag-schwarzweisser","186":"product_tag-schwarzweisses","187":"product_tag-schwarzweissfotografie","188":"product_tag-sds","189":"product_tag-sechziger","190":"product_tag-silbergelatine","191":"product_tag-silbergelatineabzug","192":"product_tag-silbergelatineabzuege","193":"product_tag-silbergelatineprint","194":"product_tag-slogan","195":"product_tag-sozialismus","196":"product_tag-sozialistisch","197":"product_tag-sozialistische","198":"product_tag-sozialistischem","199":"product_tag-sozialistischen","200":"product_tag-sozialistischer","201":"product_tag-sozialistisches","202":"product_tag-spende","203":"product_tag-spenden","204":"product_tag-spendenaktion","205":"product_tag-spendenaktionen","206":"product_tag-spendenaufruf","207":"product_tag-spendenbuechse","208":"product_tag-stehen","209":"product_tag-stehend","210":"product_tag-stehende","211":"product_tag-stehenden","212":"product_tag-stehender","213":"product_tag-stehendes","214":"product_tag-student","215":"product_tag-studenten","216":"product_tag-studentenbewegung","217":"product_tag-studentenbund","218":"product_tag-sw-fotografie","219":"product_tag-sw-photographie","220":"product_tag-veranstaltung","221":"product_tag-veranstaltungen","222":"product_tag-viet-cong","223":"product_tag-vietccong","224":"product_tag-vietnam","225":"product_tag-vietnamesisch","226":"product_tag-vietnamesische","227":"product_tag-vietnamesischen","228":"product_tag-vietnamesischer","229":"product_tag-vietnamesisches","230":"product_tag-vietnamkrieg","231":"product_tag-vietnamkrieges","232":"product_tag-vietnamkriegs","233":"product_tag-zigarette","234":"product_tag-zigaretten","235":"product_tag-zigarettenraucherin","236":"product_tag-zigarettenraucherinnen","237":"product_tag-zwei","238":"pa_datierung-februar-1967","239":"pa_fotograf-abisag-tuellmann","240":"pa_geografischer_bezug-aufnahmeort-frankfurt-am-main-deutschland","241":"pa_grunddaten_material_technik-foto-silbergelatine-auf-barytpapier","242":"pa_inventarnummer-tue-67-023-29","243":"pa_jahr_von-53582","244":"pa_massangaben-bildformat-foto-233-x-298-cm","245":"pa_mediennummer-63691","246":"pa_objekt_typ-fotografie","248":"first","249":"instock","250":"product-type-simple"},"yoast_head":"<!-- This site is optimized with the Yoast SEO plugin v27.3 - https:\/\/yoast.com\/product\/yoast-seo-wordpress\/ -->\n<title>Demonstration gegen den Vietnamkrieg - zwei junge M\u00e4nner sammeln Geld f\u00fcr den Vietcong - Abisag T\u00fcllmann<\/title>\n<meta name=\"robots\" content=\"index, follow, max-snippet:-1, max-image-preview:large, max-video-preview:-1\" \/>\n<link rel=\"canonical\" href=\"https:\/\/bpk-archive.de\/tuellmann\/produkt\/demonstration-gegen-den-vietnamkrieg-zwei-junge-maenner-sammeln-geld-fuer-den-vietcong\/\" \/>\n<meta property=\"og:locale\" content=\"de_DE\" \/>\n<meta property=\"og:type\" content=\"article\" \/>\n<meta property=\"og:title\" content=\"Demonstration gegen den Vietnamkrieg - zwei junge M\u00e4nner sammeln Geld f\u00fcr den Vietcong - Abisag T\u00fcllmann\" \/>\n<meta property=\"og:description\" content=\"R\u00fcckseitenbeschriftung von Hand der Fotografin: &#8222;Ffm, Februar 67&#8220;\" \/>\n<meta property=\"og:url\" content=\"https:\/\/bpk-archive.de\/tuellmann\/produkt\/demonstration-gegen-den-vietnamkrieg-zwei-junge-maenner-sammeln-geld-fuer-den-vietcong\/\" \/>\n<meta property=\"og:site_name\" content=\"Abisag T\u00fcllmann\" \/>\n<meta property=\"article:modified_time\" content=\"2019-09-05T14:01:49+00:00\" \/>\n<meta property=\"og:image\" content=\"https:\/\/bpk-archive.de\/tuellmann\/wp-content\/uploads\/2019\/08\/bpk_70242767.jpg\" \/>\n\t<meta property=\"og:image:width\" content=\"1200\" \/>\n\t<meta property=\"og:image:height\" content=\"952\" \/>\n\t<meta property=\"og:image:type\" content=\"image\/jpeg\" \/>\n<meta name=\"twitter:card\" content=\"summary_large_image\" \/>\n<script type=\"application\/ld+json\" class=\"yoast-schema-graph\">{\"@context\":\"https:\\\/\\\/schema.org\",\"@graph\":[{\"@type\":\"WebPage\",\"@id\":\"https:\\\/\\\/bpk-archive.de\\\/tuellmann\\\/produkt\\\/demonstration-gegen-den-vietnamkrieg-zwei-junge-maenner-sammeln-geld-fuer-den-vietcong\\\/\",\"url\":\"https:\\\/\\\/bpk-archive.de\\\/tuellmann\\\/produkt\\\/demonstration-gegen-den-vietnamkrieg-zwei-junge-maenner-sammeln-geld-fuer-den-vietcong\\\/\",\"name\":\"Demonstration gegen den Vietnamkrieg - zwei junge M\u00e4nner sammeln Geld f\u00fcr den Vietcong - Abisag T\u00fcllmann\",\"isPartOf\":{\"@id\":\"https:\\\/\\\/bpk-archive.de\\\/tuellmann\\\/#website\"},\"primaryImageOfPage\":{\"@id\":\"https:\\\/\\\/bpk-archive.de\\\/tuellmann\\\/produkt\\\/demonstration-gegen-den-vietnamkrieg-zwei-junge-maenner-sammeln-geld-fuer-den-vietcong\\\/#primaryimage\"},\"image\":{\"@id\":\"https:\\\/\\\/bpk-archive.de\\\/tuellmann\\\/produkt\\\/demonstration-gegen-den-vietnamkrieg-zwei-junge-maenner-sammeln-geld-fuer-den-vietcong\\\/#primaryimage\"},\"thumbnailUrl\":\"https:\\\/\\\/bpk-archive.de\\\/tuellmann\\\/wp-content\\\/uploads\\\/2019\\\/08\\\/bpk_70242767.jpg\",\"datePublished\":\"2019-09-05T14:01:48+00:00\",\"dateModified\":\"2019-09-05T14:01:49+00:00\",\"breadcrumb\":{\"@id\":\"https:\\\/\\\/bpk-archive.de\\\/tuellmann\\\/produkt\\\/demonstration-gegen-den-vietnamkrieg-zwei-junge-maenner-sammeln-geld-fuer-den-vietcong\\\/#breadcrumb\"},\"inLanguage\":\"de\",\"potentialAction\":[{\"@type\":\"ReadAction\",\"target\":[\"https:\\\/\\\/bpk-archive.de\\\/tuellmann\\\/produkt\\\/demonstration-gegen-den-vietnamkrieg-zwei-junge-maenner-sammeln-geld-fuer-den-vietcong\\\/\"]}]},{\"@type\":\"ImageObject\",\"inLanguage\":\"de\",\"@id\":\"https:\\\/\\\/bpk-archive.de\\\/tuellmann\\\/produkt\\\/demonstration-gegen-den-vietnamkrieg-zwei-junge-maenner-sammeln-geld-fuer-den-vietcong\\\/#primaryimage\",\"url\":\"https:\\\/\\\/bpk-archive.de\\\/tuellmann\\\/wp-content\\\/uploads\\\/2019\\\/08\\\/bpk_70242767.jpg\",\"contentUrl\":\"https:\\\/\\\/bpk-archive.de\\\/tuellmann\\\/wp-content\\\/uploads\\\/2019\\\/08\\\/bpk_70242767.jpg\",\"width\":1200,\"height\":952,\"caption\":\"Demonstration gegen den Vietnamkrieg - zwei junge M\u00e4nner sammeln Geld f\u00fcr den Vietcong\"},{\"@type\":\"BreadcrumbList\",\"@id\":\"https:\\\/\\\/bpk-archive.de\\\/tuellmann\\\/produkt\\\/demonstration-gegen-den-vietnamkrieg-zwei-junge-maenner-sammeln-geld-fuer-den-vietcong\\\/#breadcrumb\",\"itemListElement\":[{\"@type\":\"ListItem\",\"position\":1,\"name\":\"Startseite\",\"item\":\"https:\\\/\\\/bpk-archive.de\\\/tuellmann\\\/\"},{\"@type\":\"ListItem\",\"position\":2,\"name\":\"Shop\",\"item\":\"https:\\\/\\\/bpk-archive.de\\\/tuellmann\\\/shop\\\/\"},{\"@type\":\"ListItem\",\"position\":3,\"name\":\"Demonstration gegen den Vietnamkrieg &#8211; zwei junge M\u00e4nner sammeln Geld f\u00fcr den Vietcong\"}]},{\"@type\":\"WebSite\",\"@id\":\"https:\\\/\\\/bpk-archive.de\\\/tuellmann\\\/#website\",\"url\":\"https:\\\/\\\/bpk-archive.de\\\/tuellmann\\\/\",\"name\":\"Abisag T\u00fcllmann\",\"description\":\"Eine weitere WordPress-Website\",\"potentialAction\":[{\"@type\":\"SearchAction\",\"target\":{\"@type\":\"EntryPoint\",\"urlTemplate\":\"https:\\\/\\\/bpk-archive.de\\\/tuellmann\\\/?s={search_term_string}\"},\"query-input\":{\"@type\":\"PropertyValueSpecification\",\"valueRequired\":true,\"valueName\":\"search_term_string\"}}],\"inLanguage\":\"de\"}]}<\/script>\n<!-- \/ Yoast SEO plugin. -->","yoast_head_json":{"title":"Demonstration gegen den Vietnamkrieg - zwei junge M\u00e4nner sammeln Geld f\u00fcr den Vietcong - Abisag T\u00fcllmann","robots":{"index":"index","follow":"follow","max-snippet":"max-snippet:-1","max-image-preview":"max-image-preview:large","max-video-preview":"max-video-preview:-1"},"canonical":"https:\/\/bpk-archive.de\/tuellmann\/produkt\/demonstration-gegen-den-vietnamkrieg-zwei-junge-maenner-sammeln-geld-fuer-den-vietcong\/","og_locale":"de_DE","og_type":"article","og_title":"Demonstration gegen den Vietnamkrieg - zwei junge M\u00e4nner sammeln Geld f\u00fcr den Vietcong - Abisag T\u00fcllmann","og_description":"R\u00fcckseitenbeschriftung von Hand der Fotografin: &#8222;Ffm, Februar 67&#8220;","og_url":"https:\/\/bpk-archive.de\/tuellmann\/produkt\/demonstration-gegen-den-vietnamkrieg-zwei-junge-maenner-sammeln-geld-fuer-den-vietcong\/","og_site_name":"Abisag T\u00fcllmann","article_modified_time":"2019-09-05T14:01:49+00:00","og_image":[{"width":1200,"height":952,"url":"https:\/\/bpk-archive.de\/tuellmann\/wp-content\/uploads\/2019\/08\/bpk_70242767.jpg","type":"image\/jpeg"}],"twitter_card":"summary_large_image","schema":{"@context":"https:\/\/schema.org","@graph":[{"@type":"WebPage","@id":"https:\/\/bpk-archive.de\/tuellmann\/produkt\/demonstration-gegen-den-vietnamkrieg-zwei-junge-maenner-sammeln-geld-fuer-den-vietcong\/","url":"https:\/\/bpk-archive.de\/tuellmann\/produkt\/demonstration-gegen-den-vietnamkrieg-zwei-junge-maenner-sammeln-geld-fuer-den-vietcong\/","name":"Demonstration gegen den Vietnamkrieg - zwei junge M\u00e4nner sammeln Geld f\u00fcr den Vietcong - Abisag T\u00fcllmann","isPartOf":{"@id":"https:\/\/bpk-archive.de\/tuellmann\/#website"},"primaryImageOfPage":{"@id":"https:\/\/bpk-archive.de\/tuellmann\/produkt\/demonstration-gegen-den-vietnamkrieg-zwei-junge-maenner-sammeln-geld-fuer-den-vietcong\/#primaryimage"},"image":{"@id":"https:\/\/bpk-archive.de\/tuellmann\/produkt\/demonstration-gegen-den-vietnamkrieg-zwei-junge-maenner-sammeln-geld-fuer-den-vietcong\/#primaryimage"},"thumbnailUrl":"https:\/\/bpk-archive.de\/tuellmann\/wp-content\/uploads\/2019\/08\/bpk_70242767.jpg","datePublished":"2019-09-05T14:01:48+00:00","dateModified":"2019-09-05T14:01:49+00:00","breadcrumb":{"@id":"https:\/\/bpk-archive.de\/tuellmann\/produkt\/demonstration-gegen-den-vietnamkrieg-zwei-junge-maenner-sammeln-geld-fuer-den-vietcong\/#breadcrumb"},"inLanguage":"de","potentialAction":[{"@type":"ReadAction","target":["https:\/\/bpk-archive.de\/tuellmann\/produkt\/demonstration-gegen-den-vietnamkrieg-zwei-junge-maenner-sammeln-geld-fuer-den-vietcong\/"]}]},{"@type":"ImageObject","inLanguage":"de","@id":"https:\/\/bpk-archive.de\/tuellmann\/produkt\/demonstration-gegen-den-vietnamkrieg-zwei-junge-maenner-sammeln-geld-fuer-den-vietcong\/#primaryimage","url":"https:\/\/bpk-archive.de\/tuellmann\/wp-content\/uploads\/2019\/08\/bpk_70242767.jpg","contentUrl":"https:\/\/bpk-archive.de\/tuellmann\/wp-content\/uploads\/2019\/08\/bpk_70242767.jpg","width":1200,"height":952,"caption":"Demonstration gegen den Vietnamkrieg - zwei junge M\u00e4nner sammeln Geld f\u00fcr den Vietcong"},{"@type":"BreadcrumbList","@id":"https:\/\/bpk-archive.de\/tuellmann\/produkt\/demonstration-gegen-den-vietnamkrieg-zwei-junge-maenner-sammeln-geld-fuer-den-vietcong\/#breadcrumb","itemListElement":[{"@type":"ListItem","position":1,"name":"Startseite","item":"https:\/\/bpk-archive.de\/tuellmann\/"},{"@type":"ListItem","position":2,"name":"Shop","item":"https:\/\/bpk-archive.de\/tuellmann\/shop\/"},{"@type":"ListItem","position":3,"name":"Demonstration gegen den Vietnamkrieg &#8211; zwei junge M\u00e4nner sammeln Geld f\u00fcr den Vietcong"}]},{"@type":"WebSite","@id":"https:\/\/bpk-archive.de\/tuellmann\/#website","url":"https:\/\/bpk-archive.de\/tuellmann\/","name":"Abisag T\u00fcllmann","description":"Eine weitere WordPress-Website","potentialAction":[{"@type":"SearchAction","target":{"@type":"EntryPoint","urlTemplate":"https:\/\/bpk-archive.de\/tuellmann\/?s={search_term_string}"},"query-input":{"@type":"PropertyValueSpecification","valueRequired":true,"valueName":"search_term_string"}}],"inLanguage":"de"}]}},"_links":{"self":[{"href":"https:\/\/bpk-archive.de\/tuellmann\/wp-json\/wp\/v2\/product\/70296538","targetHints":{"allow":["GET"]}}],"collection":[{"href":"https:\/\/bpk-archive.de\/tuellmann\/wp-json\/wp\/v2\/product"}],"about":[{"href":"https:\/\/bpk-archive.de\/tuellmann\/wp-json\/wp\/v2\/types\/product"}],"wp:featuredmedia":[{"embeddable":true,"href":"https:\/\/bpk-archive.de\/tuellmann\/wp-json\/wp\/v2\/media\/70292154"}],"wp:attachment":[{"href":"https:\/\/bpk-archive.de\/tuellmann\/wp-json\/wp\/v2\/media?parent=70296538"}],"wp:term":[{"taxonomy":"product_brand","embeddable":true,"href":"https:\/\/bpk-archive.de\/tuellmann\/wp-json\/wp\/v2\/product_brand?post=70296538"},{"taxonomy":"product_cat","embeddable":true,"href":"https:\/\/bpk-archive.de\/tuellmann\/wp-json\/wp\/v2\/product_cat?post=70296538"},{"taxonomy":"product_tag","embeddable":true,"href":"https:\/\/bpk-archive.de\/tuellmann\/wp-json\/wp\/v2\/product_tag?post=70296538"}],"curies":[{"name":"wp","href":"https:\/\/api.w.org\/{rel}","templated":true}]}}