{"id":70296534,"date":"2019-09-05T16:01:33","date_gmt":"2019-09-05T14:01:33","guid":{"rendered":"http:\/\/abisagtuellmann.bpk-news.de\/atbild\/rueckseite-von-kindergarten-st-bernhard-kinder-bauen-einen-turm-aus-baukloetzen\/"},"modified":"2019-09-05T16:01:45","modified_gmt":"2019-09-05T14:01:45","slug":"rueckseite-von-kindergarten-st-bernhard-kinder-bauen-einen-turm-aus-baukloetzen","status":"publish","type":"product","link":"https:\/\/bpk-archive.de\/tuellmann\/produkt\/rueckseite-von-kindergarten-st-bernhard-kinder-bauen-einen-turm-aus-baukloetzen\/","title":{"rendered":"R\u00fcckseite von: Kindergarten St. Bernhard &#8211; Kinder bauen einen Turm aus Baukl\u00f6tzen"},"content":{"rendered":"<p>Vorderseite siehe: 70243179 Serie f\u00fcr die &#8222;Didaktischen Einheiten&#8220; des Deutschen Jugendinstituts M\u00fcnchen (DJI) R\u00fcckseitenbeschriftung von anderer Hand: &#8222;Teufel &#8211; das absolut B\u00f6se? Von au\u00dfen bestimmt? Entscheidungsfreiheit muss immer [?]! Freiheit kann verloren gehen&#8230; &#8222;<\/p>\n","protected":false},"excerpt":{"rendered":"<p>Vorderseite siehe: 70243179 Serie f\u00fcr die &#8222;Didaktischen Einheiten&#8220; des Deutschen Jugendinstituts M\u00fcnchen (DJI) R\u00fcckseitenbeschriftung von anderer Hand: &#8222;Teufel &#8211; das absolut B\u00f6se? Von au\u00dfen bestimmt? Entscheidungsfreiheit muss immer [?]! Freiheit kann verloren gehen&#8230; &#8222;<\/p>\n","protected":false},"featured_media":70292003,"template":"","meta":[],"product_brand":[],"product_cat":[],"product_tag":[13230,13232,13234,13231,13233,13235,62149,13777,62150,62622,48359,48360,54014,54015,53967,13469,13470,13471,13472,54016,62623,54018,54019,53970,53971,13293,13786,13787,13294,13295,13296,13297,51504,49684,51505,13485,13486,13482,13481,13483,13484,13492,13493,13494,13495,13496,13497,62624,54025,14205,14206,14207,54131,14213,14218,14219,62625,54028,13328,13827,13828,13329,13330,13331,13332,13843,51531,51532,13877,13879,62626,13865,13864,13866,13858,13859,13860,13861,13862,13863,49718,49719,13354,13869,13870,13871,13872,50068,50069,13878,13880,62627,48366,48367,48368],"class_list":{"0":"post-70296534","1":"product","2":"type-product","3":"status-publish","4":"has-post-thumbnail","6":"product_tag-1970er-jahre","7":"product_tag-20-jahrhundert-nach-chr","8":"product_tag-20-jh-n-chr","9":"product_tag-20-jahrhundert","10":"product_tag-20-jh","11":"product_tag-70er","12":"product_tag-abt_005","13":"product_tag-abzug","14":"product_tag-at_paedagogik","15":"product_tag-beelzebub","16":"product_tag-beschriftung","17":"product_tag-beschriftungen","18":"product_tag-bilderfolge","19":"product_tag-bilderserie","20":"product_tag-bilderstrecke","21":"product_tag-brd","22":"product_tag-bundesrepublik-deutschland","23":"product_tag-deutschland","24":"product_tag-deutschlands","25":"product_tag-didaktik","26":"product_tag-didaktische-einheiten","27":"product_tag-einheit","28":"product_tag-einheits","29":"product_tag-folge","30":"product_tag-folgen","31":"product_tag-foto","32":"product_tag-fotoabzug","33":"product_tag-fotoabzuege","34":"product_tag-fotografie","35":"product_tag-fotografien","36":"product_tag-fotografin","37":"product_tag-fotografinnen","38":"product_tag-fotoreihe","39":"product_tag-fotoserie","40":"product_tag-fotostrecke","41":"product_tag-frankfurt-m","42":"product_tag-frankfurt-main","43":"product_tag-frankfurt-a-main","44":"product_tag-frankfurt-a-m","45":"product_tag-frankfurt-am-main","46":"product_tag-frankfurter","47":"product_tag-hessen","48":"product_tag-hessisch","49":"product_tag-hessische","50":"product_tag-hessischen","51":"product_tag-hessischer","52":"product_tag-hessisches","53":"product_tag-hoellenfuerst","54":"product_tag-jugendinstitut","55":"product_tag-kind","56":"product_tag-kinde","57":"product_tag-kinder","58":"product_tag-kindergarten","59":"product_tag-kindern","60":"product_tag-kindes","61":"product_tag-kindheit","62":"product_tag-luzifer","63":"product_tag-paedagogik","64":"product_tag-photo","65":"product_tag-photoabzug","66":"product_tag-photoabzuege","67":"product_tag-photographie","68":"product_tag-photographien","69":"product_tag-photographin","70":"product_tag-photographinnen","71":"product_tag-print","72":"product_tag-reihe","73":"product_tag-reihen","74":"product_tag-s-w-fotografie","75":"product_tag-s-w-photographie","76":"product_tag-satan","77":"product_tag-schwarzweissphotographie","78":"product_tag-schwarz-weiss-fotografie","79":"product_tag-schwarz-weiss-photographie","80":"product_tag-schwarzweiss","81":"product_tag-schwarzweisse","82":"product_tag-schwarzweissen","83":"product_tag-schwarzweisser","84":"product_tag-schwarzweisses","85":"product_tag-schwarzweissfotografie","86":"product_tag-serie","87":"product_tag-serien","88":"product_tag-siebziger","89":"product_tag-silbergelatine","90":"product_tag-silbergelatineabzug","91":"product_tag-silbergelatineabzuege","92":"product_tag-silbergelatineprint","93":"product_tag-spiel","94":"product_tag-spiele","95":"product_tag-sw-fotografie","96":"product_tag-sw-photographie","97":"product_tag-teufel","98":"product_tag-v","99":"product_tag-verso","100":"product_tag-vs","101":"pa_datierung-dezember-1973","102":"pa_fotograf-abisag-tuellmann","103":"pa_geografischer_bezug-aufnahmeort-frankfurt-am-main-deutschland","104":"pa_grunddaten_material_technik-foto-silbergelatine-auf-barytpapier","105":"pa_inventarnummer-73-184-33","106":"pa_jahr_von-54245","107":"pa_massangaben-bildformat-foto-232-x-302-cm","108":"pa_mediennummer-63683","109":"pa_objekt_typ-fotografie","111":"first","112":"instock","113":"product-type-simple"},"yoast_head":"<!-- This site is optimized with the Yoast SEO plugin v27.4 - https:\/\/yoast.com\/product\/yoast-seo-wordpress\/ -->\n<title>R\u00fcckseite von: Kindergarten St. Bernhard - Kinder bauen einen Turm aus Baukl\u00f6tzen - Abisag T\u00fcllmann<\/title>\n<meta name=\"robots\" content=\"index, follow, max-snippet:-1, max-image-preview:large, max-video-preview:-1\" \/>\n<link rel=\"canonical\" href=\"https:\/\/bpk-archive.de\/tuellmann\/produkt\/rueckseite-von-kindergarten-st-bernhard-kinder-bauen-einen-turm-aus-baukloetzen\/\" \/>\n<meta property=\"og:locale\" content=\"de_DE\" \/>\n<meta property=\"og:type\" content=\"article\" \/>\n<meta property=\"og:title\" content=\"R\u00fcckseite von: Kindergarten St. Bernhard - Kinder bauen einen Turm aus Baukl\u00f6tzen - Abisag T\u00fcllmann\" \/>\n<meta property=\"og:description\" content=\"Vorderseite siehe: 70243179 Serie f\u00fcr die &#8222;Didaktischen Einheiten&#8220; des Deutschen Jugendinstituts M\u00fcnchen (DJI) R\u00fcckseitenbeschriftung von anderer Hand: &#8222;Teufel &#8211; das absolut B\u00f6se? Von au\u00dfen bestimmt? Entscheidungsfreiheit muss immer [?]! Freiheit kann verloren gehen&#8230; &#8222;\" \/>\n<meta property=\"og:url\" content=\"https:\/\/bpk-archive.de\/tuellmann\/produkt\/rueckseite-von-kindergarten-st-bernhard-kinder-bauen-einen-turm-aus-baukloetzen\/\" \/>\n<meta property=\"og:site_name\" content=\"Abisag T\u00fcllmann\" \/>\n<meta property=\"article:modified_time\" content=\"2019-09-05T14:01:45+00:00\" \/>\n<meta property=\"og:image\" content=\"https:\/\/bpk-archive.de\/tuellmann\/wp-content\/uploads\/2019\/08\/bpk_70242716.jpg\" \/>\n\t<meta property=\"og:image:width\" content=\"1200\" \/>\n\t<meta property=\"og:image:height\" content=\"935\" \/>\n\t<meta property=\"og:image:type\" content=\"image\/jpeg\" \/>\n<meta name=\"twitter:card\" content=\"summary_large_image\" \/>\n<script type=\"application\/ld+json\" class=\"yoast-schema-graph\">{\"@context\":\"https:\\\/\\\/schema.org\",\"@graph\":[{\"@type\":\"WebPage\",\"@id\":\"https:\\\/\\\/bpk-archive.de\\\/tuellmann\\\/produkt\\\/rueckseite-von-kindergarten-st-bernhard-kinder-bauen-einen-turm-aus-baukloetzen\\\/\",\"url\":\"https:\\\/\\\/bpk-archive.de\\\/tuellmann\\\/produkt\\\/rueckseite-von-kindergarten-st-bernhard-kinder-bauen-einen-turm-aus-baukloetzen\\\/\",\"name\":\"R\u00fcckseite von: Kindergarten St. Bernhard - Kinder bauen einen Turm aus Baukl\u00f6tzen - Abisag T\u00fcllmann\",\"isPartOf\":{\"@id\":\"https:\\\/\\\/bpk-archive.de\\\/tuellmann\\\/#website\"},\"primaryImageOfPage\":{\"@id\":\"https:\\\/\\\/bpk-archive.de\\\/tuellmann\\\/produkt\\\/rueckseite-von-kindergarten-st-bernhard-kinder-bauen-einen-turm-aus-baukloetzen\\\/#primaryimage\"},\"image\":{\"@id\":\"https:\\\/\\\/bpk-archive.de\\\/tuellmann\\\/produkt\\\/rueckseite-von-kindergarten-st-bernhard-kinder-bauen-einen-turm-aus-baukloetzen\\\/#primaryimage\"},\"thumbnailUrl\":\"https:\\\/\\\/bpk-archive.de\\\/tuellmann\\\/wp-content\\\/uploads\\\/2019\\\/08\\\/bpk_70242716.jpg\",\"datePublished\":\"2019-09-05T14:01:33+00:00\",\"dateModified\":\"2019-09-05T14:01:45+00:00\",\"breadcrumb\":{\"@id\":\"https:\\\/\\\/bpk-archive.de\\\/tuellmann\\\/produkt\\\/rueckseite-von-kindergarten-st-bernhard-kinder-bauen-einen-turm-aus-baukloetzen\\\/#breadcrumb\"},\"inLanguage\":\"de\",\"potentialAction\":[{\"@type\":\"ReadAction\",\"target\":[\"https:\\\/\\\/bpk-archive.de\\\/tuellmann\\\/produkt\\\/rueckseite-von-kindergarten-st-bernhard-kinder-bauen-einen-turm-aus-baukloetzen\\\/\"]}]},{\"@type\":\"ImageObject\",\"inLanguage\":\"de\",\"@id\":\"https:\\\/\\\/bpk-archive.de\\\/tuellmann\\\/produkt\\\/rueckseite-von-kindergarten-st-bernhard-kinder-bauen-einen-turm-aus-baukloetzen\\\/#primaryimage\",\"url\":\"https:\\\/\\\/bpk-archive.de\\\/tuellmann\\\/wp-content\\\/uploads\\\/2019\\\/08\\\/bpk_70242716.jpg\",\"contentUrl\":\"https:\\\/\\\/bpk-archive.de\\\/tuellmann\\\/wp-content\\\/uploads\\\/2019\\\/08\\\/bpk_70242716.jpg\",\"width\":1200,\"height\":935,\"caption\":\"R\u00fcckseite von: Kindergarten St. Bernhard - Kinder bauen einen Turm aus Baukl\u00f6tzen\"},{\"@type\":\"BreadcrumbList\",\"@id\":\"https:\\\/\\\/bpk-archive.de\\\/tuellmann\\\/produkt\\\/rueckseite-von-kindergarten-st-bernhard-kinder-bauen-einen-turm-aus-baukloetzen\\\/#breadcrumb\",\"itemListElement\":[{\"@type\":\"ListItem\",\"position\":1,\"name\":\"Startseite\",\"item\":\"https:\\\/\\\/bpk-archive.de\\\/tuellmann\\\/\"},{\"@type\":\"ListItem\",\"position\":2,\"name\":\"Shop\",\"item\":\"https:\\\/\\\/bpk-archive.de\\\/tuellmann\\\/shop\\\/\"},{\"@type\":\"ListItem\",\"position\":3,\"name\":\"R\u00fcckseite von: Kindergarten St. Bernhard &#8211; Kinder bauen einen Turm aus Baukl\u00f6tzen\"}]},{\"@type\":\"WebSite\",\"@id\":\"https:\\\/\\\/bpk-archive.de\\\/tuellmann\\\/#website\",\"url\":\"https:\\\/\\\/bpk-archive.de\\\/tuellmann\\\/\",\"name\":\"Abisag T\u00fcllmann\",\"description\":\"Eine weitere WordPress-Website\",\"potentialAction\":[{\"@type\":\"SearchAction\",\"target\":{\"@type\":\"EntryPoint\",\"urlTemplate\":\"https:\\\/\\\/bpk-archive.de\\\/tuellmann\\\/?s={search_term_string}\"},\"query-input\":{\"@type\":\"PropertyValueSpecification\",\"valueRequired\":true,\"valueName\":\"search_term_string\"}}],\"inLanguage\":\"de\"}]}<\/script>\n<!-- \/ Yoast SEO plugin. -->","yoast_head_json":{"title":"R\u00fcckseite von: Kindergarten St. Bernhard - Kinder bauen einen Turm aus Baukl\u00f6tzen - Abisag T\u00fcllmann","robots":{"index":"index","follow":"follow","max-snippet":"max-snippet:-1","max-image-preview":"max-image-preview:large","max-video-preview":"max-video-preview:-1"},"canonical":"https:\/\/bpk-archive.de\/tuellmann\/produkt\/rueckseite-von-kindergarten-st-bernhard-kinder-bauen-einen-turm-aus-baukloetzen\/","og_locale":"de_DE","og_type":"article","og_title":"R\u00fcckseite von: Kindergarten St. Bernhard - Kinder bauen einen Turm aus Baukl\u00f6tzen - Abisag T\u00fcllmann","og_description":"Vorderseite siehe: 70243179 Serie f\u00fcr die &#8222;Didaktischen Einheiten&#8220; des Deutschen Jugendinstituts M\u00fcnchen (DJI) R\u00fcckseitenbeschriftung von anderer Hand: &#8222;Teufel &#8211; das absolut B\u00f6se? Von au\u00dfen bestimmt? Entscheidungsfreiheit muss immer [?]! Freiheit kann verloren gehen&#8230; &#8222;","og_url":"https:\/\/bpk-archive.de\/tuellmann\/produkt\/rueckseite-von-kindergarten-st-bernhard-kinder-bauen-einen-turm-aus-baukloetzen\/","og_site_name":"Abisag T\u00fcllmann","article_modified_time":"2019-09-05T14:01:45+00:00","og_image":[{"width":1200,"height":935,"url":"https:\/\/bpk-archive.de\/tuellmann\/wp-content\/uploads\/2019\/08\/bpk_70242716.jpg","type":"image\/jpeg"}],"twitter_card":"summary_large_image","schema":{"@context":"https:\/\/schema.org","@graph":[{"@type":"WebPage","@id":"https:\/\/bpk-archive.de\/tuellmann\/produkt\/rueckseite-von-kindergarten-st-bernhard-kinder-bauen-einen-turm-aus-baukloetzen\/","url":"https:\/\/bpk-archive.de\/tuellmann\/produkt\/rueckseite-von-kindergarten-st-bernhard-kinder-bauen-einen-turm-aus-baukloetzen\/","name":"R\u00fcckseite von: Kindergarten St. Bernhard - Kinder bauen einen Turm aus Baukl\u00f6tzen - Abisag T\u00fcllmann","isPartOf":{"@id":"https:\/\/bpk-archive.de\/tuellmann\/#website"},"primaryImageOfPage":{"@id":"https:\/\/bpk-archive.de\/tuellmann\/produkt\/rueckseite-von-kindergarten-st-bernhard-kinder-bauen-einen-turm-aus-baukloetzen\/#primaryimage"},"image":{"@id":"https:\/\/bpk-archive.de\/tuellmann\/produkt\/rueckseite-von-kindergarten-st-bernhard-kinder-bauen-einen-turm-aus-baukloetzen\/#primaryimage"},"thumbnailUrl":"https:\/\/bpk-archive.de\/tuellmann\/wp-content\/uploads\/2019\/08\/bpk_70242716.jpg","datePublished":"2019-09-05T14:01:33+00:00","dateModified":"2019-09-05T14:01:45+00:00","breadcrumb":{"@id":"https:\/\/bpk-archive.de\/tuellmann\/produkt\/rueckseite-von-kindergarten-st-bernhard-kinder-bauen-einen-turm-aus-baukloetzen\/#breadcrumb"},"inLanguage":"de","potentialAction":[{"@type":"ReadAction","target":["https:\/\/bpk-archive.de\/tuellmann\/produkt\/rueckseite-von-kindergarten-st-bernhard-kinder-bauen-einen-turm-aus-baukloetzen\/"]}]},{"@type":"ImageObject","inLanguage":"de","@id":"https:\/\/bpk-archive.de\/tuellmann\/produkt\/rueckseite-von-kindergarten-st-bernhard-kinder-bauen-einen-turm-aus-baukloetzen\/#primaryimage","url":"https:\/\/bpk-archive.de\/tuellmann\/wp-content\/uploads\/2019\/08\/bpk_70242716.jpg","contentUrl":"https:\/\/bpk-archive.de\/tuellmann\/wp-content\/uploads\/2019\/08\/bpk_70242716.jpg","width":1200,"height":935,"caption":"R\u00fcckseite von: Kindergarten St. Bernhard - Kinder bauen einen Turm aus Baukl\u00f6tzen"},{"@type":"BreadcrumbList","@id":"https:\/\/bpk-archive.de\/tuellmann\/produkt\/rueckseite-von-kindergarten-st-bernhard-kinder-bauen-einen-turm-aus-baukloetzen\/#breadcrumb","itemListElement":[{"@type":"ListItem","position":1,"name":"Startseite","item":"https:\/\/bpk-archive.de\/tuellmann\/"},{"@type":"ListItem","position":2,"name":"Shop","item":"https:\/\/bpk-archive.de\/tuellmann\/shop\/"},{"@type":"ListItem","position":3,"name":"R\u00fcckseite von: Kindergarten St. Bernhard &#8211; Kinder bauen einen Turm aus Baukl\u00f6tzen"}]},{"@type":"WebSite","@id":"https:\/\/bpk-archive.de\/tuellmann\/#website","url":"https:\/\/bpk-archive.de\/tuellmann\/","name":"Abisag T\u00fcllmann","description":"Eine weitere WordPress-Website","potentialAction":[{"@type":"SearchAction","target":{"@type":"EntryPoint","urlTemplate":"https:\/\/bpk-archive.de\/tuellmann\/?s={search_term_string}"},"query-input":{"@type":"PropertyValueSpecification","valueRequired":true,"valueName":"search_term_string"}}],"inLanguage":"de"}]}},"_links":{"self":[{"href":"https:\/\/bpk-archive.de\/tuellmann\/wp-json\/wp\/v2\/product\/70296534","targetHints":{"allow":["GET"]}}],"collection":[{"href":"https:\/\/bpk-archive.de\/tuellmann\/wp-json\/wp\/v2\/product"}],"about":[{"href":"https:\/\/bpk-archive.de\/tuellmann\/wp-json\/wp\/v2\/types\/product"}],"wp:featuredmedia":[{"embeddable":true,"href":"https:\/\/bpk-archive.de\/tuellmann\/wp-json\/wp\/v2\/media\/70292003"}],"wp:attachment":[{"href":"https:\/\/bpk-archive.de\/tuellmann\/wp-json\/wp\/v2\/media?parent=70296534"}],"wp:term":[{"taxonomy":"product_brand","embeddable":true,"href":"https:\/\/bpk-archive.de\/tuellmann\/wp-json\/wp\/v2\/product_brand?post=70296534"},{"taxonomy":"product_cat","embeddable":true,"href":"https:\/\/bpk-archive.de\/tuellmann\/wp-json\/wp\/v2\/product_cat?post=70296534"},{"taxonomy":"product_tag","embeddable":true,"href":"https:\/\/bpk-archive.de\/tuellmann\/wp-json\/wp\/v2\/product_tag?post=70296534"}],"curies":[{"name":"wp","href":"https:\/\/api.w.org\/{rel}","templated":true}]}}