{"id":70296524,"date":"2019-09-05T16:01:33","date_gmt":"2019-09-05T14:01:33","guid":{"rendered":"http:\/\/abisagtuellmann.bpk-news.de\/atbild\/demonstration-fuer-die-freilassung-der-buergerrechtlerin-angela-davis\/"},"modified":"2019-09-05T16:01:39","modified_gmt":"2019-09-05T14:01:39","slug":"demonstration-fuer-die-freilassung-der-buergerrechtlerin-angela-davis","status":"publish","type":"product","link":"https:\/\/bpk-archive.de\/tuellmann\/produkt\/demonstration-fuer-die-freilassung-der-buergerrechtlerin-angela-davis\/","title":{"rendered":"Demonstration f\u00fcr die Freilassung der B\u00fcrgerrechtlerin Angela Davis"},"content":{"rendered":"<p>anl\u00e4sslich des von Oscar Negt, Herbert Marcuse und Wolfgang Abendroth organisierten Solidarit\u00e4tskongresses ,,Am Beispiel Angela Davis&#8220; an der Goethe-Universit\u00e4t Frankfurt<\/p>\n","protected":false},"excerpt":{"rendered":"<p>anl\u00e4sslich des von Oscar Negt, Herbert Marcuse und Wolfgang Abendroth organisierten Solidarit\u00e4tskongresses ,,Am Beispiel Angela Davis&#8220; an der Goethe-Universit\u00e4t Frankfurt<\/p>\n","protected":false},"featured_media":70292030,"template":"","meta":[],"product_brand":[],"product_cat":[],"product_tag":[14054,14055,13230,13232,13234,13231,13233,14056,14057,13235,62469,13777,14058,63629,14059,13250,13469,13470,55201,13607,13610,13611,13612,13613,13622,13623,13624,13253,13254,13255,13256,13257,13471,13472,13260,13293,13786,13787,13294,13295,13296,13297,13485,13486,13482,13481,13483,13484,14066,13492,13493,13494,13495,13496,13497,13301,55218,55219,13328,13827,13828,13329,13330,13331,13332,48322,13843,13641,13642,13653,13877,13879,13865,13864,13866,13858,13859,13860,13861,13862,13863,13354,13869,13870,13871,13872,13876,13878,13880,14079,14080],"class_list":{"0":"post-70296524","1":"product","2":"type-product","3":"status-publish","4":"has-post-thumbnail","6":"product_tag-1968er","7":"product_tag-1968er-bewegung","8":"product_tag-1970er-jahre","9":"product_tag-20-jahrhundert-nach-chr","10":"product_tag-20-jh-n-chr","11":"product_tag-20-jahrhundert","12":"product_tag-20-jh","13":"product_tag-68er","14":"product_tag-68er-bewegung","15":"product_tag-70er","16":"product_tag-abt_006","17":"product_tag-abzug","18":"product_tag-achtundsechziger","19":"product_tag-angela-davis-solidaritaetskongress","20":"product_tag-at_studentenbewegung","21":"product_tag-aussen","22":"product_tag-brd","23":"product_tag-bundesrepublik-deutschland","24":"product_tag-congress","25":"product_tag-demo","26":"product_tag-demonstration","27":"product_tag-demonstrationen","28":"product_tag-demonstrationsplakat","29":"product_tag-demonstrationsschild","30":"product_tag-demoplakat","31":"product_tag-demos","32":"product_tag-demoschild","33":"product_tag-deutsch","34":"product_tag-deutsche","35":"product_tag-deutschen","36":"product_tag-deutscher","37":"product_tag-deutsches","38":"product_tag-deutschland","39":"product_tag-deutschlands","40":"product_tag-draussen","41":"product_tag-foto","42":"product_tag-fotoabzug","43":"product_tag-fotoabzuege","44":"product_tag-fotografie","45":"product_tag-fotografien","46":"product_tag-fotografin","47":"product_tag-fotografinnen","48":"product_tag-frankfurt-m","49":"product_tag-frankfurt-main","50":"product_tag-frankfurt-a-main","51":"product_tag-frankfurt-a-m","52":"product_tag-frankfurt-am-main","53":"product_tag-frankfurter","54":"product_tag-geschichte","55":"product_tag-hessen","56":"product_tag-hessisch","57":"product_tag-hessische","58":"product_tag-hessischen","59":"product_tag-hessischer","60":"product_tag-hessisches","61":"product_tag-im-freien","62":"product_tag-kongress","63":"product_tag-kongresse","64":"product_tag-photo","65":"product_tag-photoabzug","66":"product_tag-photoabzuege","67":"product_tag-photographie","68":"product_tag-photographien","69":"product_tag-photographin","70":"product_tag-photographinnen","71":"product_tag-politik","72":"product_tag-print","73":"product_tag-protest","74":"product_tag-proteste","75":"product_tag-protestschild","76":"product_tag-s-w-fotografie","77":"product_tag-s-w-photographie","78":"product_tag-schwarzweissphotographie","79":"product_tag-schwarz-weiss-fotografie","80":"product_tag-schwarz-weiss-photographie","81":"product_tag-schwarzweiss","82":"product_tag-schwarzweisse","83":"product_tag-schwarzweissen","84":"product_tag-schwarzweisser","85":"product_tag-schwarzweisses","86":"product_tag-schwarzweissfotografie","87":"product_tag-siebziger","88":"product_tag-silbergelatine","89":"product_tag-silbergelatineabzug","90":"product_tag-silbergelatineabzuege","91":"product_tag-silbergelatineprint","92":"product_tag-studentenbewegung","93":"product_tag-sw-fotografie","94":"product_tag-sw-photographie","95":"product_tag-universitaet","96":"product_tag-universitaeten","97":"pa_datierung-03-04-06-1972","98":"pa_fotograf-abisag-tuellmann","99":"pa_geografischer_bezug-aufnahmeort-frankfurt-am-main-deutschland","100":"pa_grunddaten_material_technik-foto-silbergelatine-auf-barytpapier","101":"pa_inventarnummer-tue-72-075-28a","102":"pa_jahr_von-54531","103":"pa_massangaben-bildformat-foto-233-x-301-cm","104":"pa_mediennummer-63626","105":"pa_objekt_typ-fotografie","107":"first","108":"instock","109":"product-type-simple"},"yoast_head":"<!-- This site is optimized with the Yoast SEO plugin v27.4 - https:\/\/yoast.com\/product\/yoast-seo-wordpress\/ -->\n<title>Demonstration f\u00fcr die Freilassung der B\u00fcrgerrechtlerin Angela Davis - Abisag T\u00fcllmann<\/title>\n<meta name=\"robots\" content=\"index, follow, max-snippet:-1, max-image-preview:large, max-video-preview:-1\" \/>\n<link rel=\"canonical\" href=\"https:\/\/bpk-archive.de\/tuellmann\/produkt\/demonstration-fuer-die-freilassung-der-buergerrechtlerin-angela-davis\/\" \/>\n<meta property=\"og:locale\" content=\"de_DE\" \/>\n<meta property=\"og:type\" content=\"article\" \/>\n<meta property=\"og:title\" content=\"Demonstration f\u00fcr die Freilassung der B\u00fcrgerrechtlerin Angela Davis - Abisag T\u00fcllmann\" \/>\n<meta property=\"og:description\" content=\"anl\u00e4sslich des von Oscar Negt, Herbert Marcuse und Wolfgang Abendroth organisierten Solidarit\u00e4tskongresses ,,Am Beispiel Angela Davis&#8220; an der Goethe-Universit\u00e4t Frankfurt\" \/>\n<meta property=\"og:url\" content=\"https:\/\/bpk-archive.de\/tuellmann\/produkt\/demonstration-fuer-die-freilassung-der-buergerrechtlerin-angela-davis\/\" \/>\n<meta property=\"og:site_name\" content=\"Abisag T\u00fcllmann\" \/>\n<meta property=\"article:modified_time\" content=\"2019-09-05T14:01:39+00:00\" \/>\n<meta property=\"og:image\" content=\"https:\/\/bpk-archive.de\/tuellmann\/wp-content\/uploads\/2019\/08\/bpk_70242725.jpg\" \/>\n\t<meta property=\"og:image:width\" content=\"1200\" \/>\n\t<meta property=\"og:image:height\" content=\"940\" \/>\n\t<meta property=\"og:image:type\" content=\"image\/jpeg\" \/>\n<meta name=\"twitter:card\" content=\"summary_large_image\" \/>\n<script type=\"application\/ld+json\" class=\"yoast-schema-graph\">{\"@context\":\"https:\\\/\\\/schema.org\",\"@graph\":[{\"@type\":\"WebPage\",\"@id\":\"https:\\\/\\\/bpk-archive.de\\\/tuellmann\\\/produkt\\\/demonstration-fuer-die-freilassung-der-buergerrechtlerin-angela-davis\\\/\",\"url\":\"https:\\\/\\\/bpk-archive.de\\\/tuellmann\\\/produkt\\\/demonstration-fuer-die-freilassung-der-buergerrechtlerin-angela-davis\\\/\",\"name\":\"Demonstration f\u00fcr die Freilassung der B\u00fcrgerrechtlerin Angela Davis - Abisag T\u00fcllmann\",\"isPartOf\":{\"@id\":\"https:\\\/\\\/bpk-archive.de\\\/tuellmann\\\/#website\"},\"primaryImageOfPage\":{\"@id\":\"https:\\\/\\\/bpk-archive.de\\\/tuellmann\\\/produkt\\\/demonstration-fuer-die-freilassung-der-buergerrechtlerin-angela-davis\\\/#primaryimage\"},\"image\":{\"@id\":\"https:\\\/\\\/bpk-archive.de\\\/tuellmann\\\/produkt\\\/demonstration-fuer-die-freilassung-der-buergerrechtlerin-angela-davis\\\/#primaryimage\"},\"thumbnailUrl\":\"https:\\\/\\\/bpk-archive.de\\\/tuellmann\\\/wp-content\\\/uploads\\\/2019\\\/08\\\/bpk_70242725.jpg\",\"datePublished\":\"2019-09-05T14:01:33+00:00\",\"dateModified\":\"2019-09-05T14:01:39+00:00\",\"breadcrumb\":{\"@id\":\"https:\\\/\\\/bpk-archive.de\\\/tuellmann\\\/produkt\\\/demonstration-fuer-die-freilassung-der-buergerrechtlerin-angela-davis\\\/#breadcrumb\"},\"inLanguage\":\"de\",\"potentialAction\":[{\"@type\":\"ReadAction\",\"target\":[\"https:\\\/\\\/bpk-archive.de\\\/tuellmann\\\/produkt\\\/demonstration-fuer-die-freilassung-der-buergerrechtlerin-angela-davis\\\/\"]}]},{\"@type\":\"ImageObject\",\"inLanguage\":\"de\",\"@id\":\"https:\\\/\\\/bpk-archive.de\\\/tuellmann\\\/produkt\\\/demonstration-fuer-die-freilassung-der-buergerrechtlerin-angela-davis\\\/#primaryimage\",\"url\":\"https:\\\/\\\/bpk-archive.de\\\/tuellmann\\\/wp-content\\\/uploads\\\/2019\\\/08\\\/bpk_70242725.jpg\",\"contentUrl\":\"https:\\\/\\\/bpk-archive.de\\\/tuellmann\\\/wp-content\\\/uploads\\\/2019\\\/08\\\/bpk_70242725.jpg\",\"width\":1200,\"height\":940,\"caption\":\"Demonstration f\u00fcr die Freilassung der B\u00fcrgerrechtlerin Angela Davis\"},{\"@type\":\"BreadcrumbList\",\"@id\":\"https:\\\/\\\/bpk-archive.de\\\/tuellmann\\\/produkt\\\/demonstration-fuer-die-freilassung-der-buergerrechtlerin-angela-davis\\\/#breadcrumb\",\"itemListElement\":[{\"@type\":\"ListItem\",\"position\":1,\"name\":\"Startseite\",\"item\":\"https:\\\/\\\/bpk-archive.de\\\/tuellmann\\\/\"},{\"@type\":\"ListItem\",\"position\":2,\"name\":\"Shop\",\"item\":\"https:\\\/\\\/bpk-archive.de\\\/tuellmann\\\/shop\\\/\"},{\"@type\":\"ListItem\",\"position\":3,\"name\":\"Demonstration f\u00fcr die Freilassung der B\u00fcrgerrechtlerin Angela Davis\"}]},{\"@type\":\"WebSite\",\"@id\":\"https:\\\/\\\/bpk-archive.de\\\/tuellmann\\\/#website\",\"url\":\"https:\\\/\\\/bpk-archive.de\\\/tuellmann\\\/\",\"name\":\"Abisag T\u00fcllmann\",\"description\":\"Eine weitere WordPress-Website\",\"potentialAction\":[{\"@type\":\"SearchAction\",\"target\":{\"@type\":\"EntryPoint\",\"urlTemplate\":\"https:\\\/\\\/bpk-archive.de\\\/tuellmann\\\/?s={search_term_string}\"},\"query-input\":{\"@type\":\"PropertyValueSpecification\",\"valueRequired\":true,\"valueName\":\"search_term_string\"}}],\"inLanguage\":\"de\"}]}<\/script>\n<!-- \/ Yoast SEO plugin. -->","yoast_head_json":{"title":"Demonstration f\u00fcr die Freilassung der B\u00fcrgerrechtlerin Angela Davis - Abisag T\u00fcllmann","robots":{"index":"index","follow":"follow","max-snippet":"max-snippet:-1","max-image-preview":"max-image-preview:large","max-video-preview":"max-video-preview:-1"},"canonical":"https:\/\/bpk-archive.de\/tuellmann\/produkt\/demonstration-fuer-die-freilassung-der-buergerrechtlerin-angela-davis\/","og_locale":"de_DE","og_type":"article","og_title":"Demonstration f\u00fcr die Freilassung der B\u00fcrgerrechtlerin Angela Davis - Abisag T\u00fcllmann","og_description":"anl\u00e4sslich des von Oscar Negt, Herbert Marcuse und Wolfgang Abendroth organisierten Solidarit\u00e4tskongresses ,,Am Beispiel Angela Davis&#8220; an der Goethe-Universit\u00e4t Frankfurt","og_url":"https:\/\/bpk-archive.de\/tuellmann\/produkt\/demonstration-fuer-die-freilassung-der-buergerrechtlerin-angela-davis\/","og_site_name":"Abisag T\u00fcllmann","article_modified_time":"2019-09-05T14:01:39+00:00","og_image":[{"width":1200,"height":940,"url":"https:\/\/bpk-archive.de\/tuellmann\/wp-content\/uploads\/2019\/08\/bpk_70242725.jpg","type":"image\/jpeg"}],"twitter_card":"summary_large_image","schema":{"@context":"https:\/\/schema.org","@graph":[{"@type":"WebPage","@id":"https:\/\/bpk-archive.de\/tuellmann\/produkt\/demonstration-fuer-die-freilassung-der-buergerrechtlerin-angela-davis\/","url":"https:\/\/bpk-archive.de\/tuellmann\/produkt\/demonstration-fuer-die-freilassung-der-buergerrechtlerin-angela-davis\/","name":"Demonstration f\u00fcr die Freilassung der B\u00fcrgerrechtlerin Angela Davis - Abisag T\u00fcllmann","isPartOf":{"@id":"https:\/\/bpk-archive.de\/tuellmann\/#website"},"primaryImageOfPage":{"@id":"https:\/\/bpk-archive.de\/tuellmann\/produkt\/demonstration-fuer-die-freilassung-der-buergerrechtlerin-angela-davis\/#primaryimage"},"image":{"@id":"https:\/\/bpk-archive.de\/tuellmann\/produkt\/demonstration-fuer-die-freilassung-der-buergerrechtlerin-angela-davis\/#primaryimage"},"thumbnailUrl":"https:\/\/bpk-archive.de\/tuellmann\/wp-content\/uploads\/2019\/08\/bpk_70242725.jpg","datePublished":"2019-09-05T14:01:33+00:00","dateModified":"2019-09-05T14:01:39+00:00","breadcrumb":{"@id":"https:\/\/bpk-archive.de\/tuellmann\/produkt\/demonstration-fuer-die-freilassung-der-buergerrechtlerin-angela-davis\/#breadcrumb"},"inLanguage":"de","potentialAction":[{"@type":"ReadAction","target":["https:\/\/bpk-archive.de\/tuellmann\/produkt\/demonstration-fuer-die-freilassung-der-buergerrechtlerin-angela-davis\/"]}]},{"@type":"ImageObject","inLanguage":"de","@id":"https:\/\/bpk-archive.de\/tuellmann\/produkt\/demonstration-fuer-die-freilassung-der-buergerrechtlerin-angela-davis\/#primaryimage","url":"https:\/\/bpk-archive.de\/tuellmann\/wp-content\/uploads\/2019\/08\/bpk_70242725.jpg","contentUrl":"https:\/\/bpk-archive.de\/tuellmann\/wp-content\/uploads\/2019\/08\/bpk_70242725.jpg","width":1200,"height":940,"caption":"Demonstration f\u00fcr die Freilassung der B\u00fcrgerrechtlerin Angela Davis"},{"@type":"BreadcrumbList","@id":"https:\/\/bpk-archive.de\/tuellmann\/produkt\/demonstration-fuer-die-freilassung-der-buergerrechtlerin-angela-davis\/#breadcrumb","itemListElement":[{"@type":"ListItem","position":1,"name":"Startseite","item":"https:\/\/bpk-archive.de\/tuellmann\/"},{"@type":"ListItem","position":2,"name":"Shop","item":"https:\/\/bpk-archive.de\/tuellmann\/shop\/"},{"@type":"ListItem","position":3,"name":"Demonstration f\u00fcr die Freilassung der B\u00fcrgerrechtlerin Angela Davis"}]},{"@type":"WebSite","@id":"https:\/\/bpk-archive.de\/tuellmann\/#website","url":"https:\/\/bpk-archive.de\/tuellmann\/","name":"Abisag T\u00fcllmann","description":"Eine weitere WordPress-Website","potentialAction":[{"@type":"SearchAction","target":{"@type":"EntryPoint","urlTemplate":"https:\/\/bpk-archive.de\/tuellmann\/?s={search_term_string}"},"query-input":{"@type":"PropertyValueSpecification","valueRequired":true,"valueName":"search_term_string"}}],"inLanguage":"de"}]}},"_links":{"self":[{"href":"https:\/\/bpk-archive.de\/tuellmann\/wp-json\/wp\/v2\/product\/70296524","targetHints":{"allow":["GET"]}}],"collection":[{"href":"https:\/\/bpk-archive.de\/tuellmann\/wp-json\/wp\/v2\/product"}],"about":[{"href":"https:\/\/bpk-archive.de\/tuellmann\/wp-json\/wp\/v2\/types\/product"}],"wp:featuredmedia":[{"embeddable":true,"href":"https:\/\/bpk-archive.de\/tuellmann\/wp-json\/wp\/v2\/media\/70292030"}],"wp:attachment":[{"href":"https:\/\/bpk-archive.de\/tuellmann\/wp-json\/wp\/v2\/media?parent=70296524"}],"wp:term":[{"taxonomy":"product_brand","embeddable":true,"href":"https:\/\/bpk-archive.de\/tuellmann\/wp-json\/wp\/v2\/product_brand?post=70296524"},{"taxonomy":"product_cat","embeddable":true,"href":"https:\/\/bpk-archive.de\/tuellmann\/wp-json\/wp\/v2\/product_cat?post=70296524"},{"taxonomy":"product_tag","embeddable":true,"href":"https:\/\/bpk-archive.de\/tuellmann\/wp-json\/wp\/v2\/product_tag?post=70296524"}],"curies":[{"name":"wp","href":"https:\/\/api.w.org\/{rel}","templated":true}]}}