{"id":70296515,"date":"2019-09-05T16:01:17","date_gmt":"2019-09-05T14:01:17","guid":{"rendered":"http:\/\/abisagtuellmann.bpk-news.de\/atbild\/zuhoerer-bei-einer-lesung-in-der-u-bahn-baustelle-an-der-hauptwache-im-rahmen-des-literaturforums-2\/"},"modified":"2019-09-05T16:01:30","modified_gmt":"2019-09-05T14:01:30","slug":"zuhoerer-bei-einer-lesung-in-der-u-bahn-baustelle-an-der-hauptwache-im-rahmen-des-literaturforums-2","status":"publish","type":"product","link":"https:\/\/bpk-archive.de\/tuellmann\/produkt\/zuhoerer-bei-einer-lesung-in-der-u-bahn-baustelle-an-der-hauptwache-im-rahmen-des-literaturforums-2\/","title":{"rendered":"Zuh\u00f6rer bei einer Lesung in der U-Bahn-Baustelle an der Hauptwache im Rahmen des Literaturforums"},"content":{"rendered":"<p>In der Mitte Hans Noever, links daneben Walter H\u00f6llerer R\u00fcckseitenbeschriftung von Hand der Fotografin: &#8222;Zuh\u00f6rer H\u00f6llerer und N\u00f6ver bei der Lesung in der U-Bahn-Baustelle (Literaturforum)&#8220;<\/p>\n","protected":false},"excerpt":{"rendered":"<p>In der Mitte Hans Noever, links daneben Walter H\u00f6llerer R\u00fcckseitenbeschriftung von Hand der Fotografin: &#8222;Zuh\u00f6rer H\u00f6llerer und N\u00f6ver bei der Lesung in der U-Bahn-Baustelle (Literaturforum)&#8220;<\/p>\n","protected":false},"featured_media":70292016,"template":"","meta":[],"product_brand":[],"product_cat":[],"product_tag":[63573,63572,13774,13232,49666,13234,49667,13231,13233,13775,62469,13777,48747,48748,63098,13250,52727,52728,52729,52730,52731,52732,51937,51938,51940,51941,13469,13470,13253,13254,13255,13256,13257,13471,13472,13260,58631,58632,13293,13786,13787,13294,13295,13296,13297,47267,13485,13486,13482,13481,13483,13484,13487,13488,13492,13493,13494,13495,13496,13497,13301,56428,56463,63431,63432,48761,63388,63389,49309,13818,13819,13826,47447,47448,57302,47899,47900,13328,13827,13828,13329,13330,13331,13332,47332,53482,53803,53483,53484,53804,53485,13843,51807,51808,47333,47334,47335,47336,47337,13877,13879,52738,52739,52740,52741,52742,13865,13864,13866,13858,13859,13860,13861,13862,13863,13867,13869,13870,13871,13872,14243,14244,14245,14246,14247,14248,14249,13519,13520,13521,13522,13523,13524,13878,13880,57306,57307,57308,57305,57310,57311,57312,57313,13375,13376,58934,49008,49009,49010,49011,49012,49013,49014,49015,49016,51814,51817,51818],"class_list":{"0":"post-70296515","1":"product","2":"type-product","3":"status-publish","4":"has-post-thumbnail","6":"product_tag-hoellerer","7":"product_tag-1922-2003","8":"product_tag-1960er-jahre","9":"product_tag-20-jahrhundert-nach-chr","10":"product_tag-20-jahrhundert-vor-chr","11":"product_tag-20-jh-n-chr","12":"product_tag-20-jh-v-chr","13":"product_tag-20-jahrhundert","14":"product_tag-20-jh","15":"product_tag-60er","16":"product_tag-abt_006","17":"product_tag-abzug","18":"product_tag-angelehnt","19":"product_tag-anlehnen","20":"product_tag-at_literatur-wissenschaft","21":"product_tag-aussen","22":"product_tag-autor","23":"product_tag-autoren","24":"product_tag-autorenportrait","25":"product_tag-autorenportraits","26":"product_tag-autorenportraet","27":"product_tag-autorenportraets","28":"product_tag-bauplatz","29":"product_tag-bauplaetze","30":"product_tag-baustelle","31":"product_tag-baustellen","32":"product_tag-brd","33":"product_tag-bundesrepublik-deutschland","34":"product_tag-deutsch","35":"product_tag-deutsche","36":"product_tag-deutschen","37":"product_tag-deutscher","38":"product_tag-deutsches","39":"product_tag-deutschland","40":"product_tag-deutschlands","41":"product_tag-draussen","42":"product_tag-festival","43":"product_tag-festivals","44":"product_tag-foto","45":"product_tag-fotoabzug","46":"product_tag-fotoabzuege","47":"product_tag-fotografie","48":"product_tag-fotografien","49":"product_tag-fotografin","50":"product_tag-fotografinnen","51":"product_tag-fotoreportage","52":"product_tag-frankfurt-m","53":"product_tag-frankfurt-main","54":"product_tag-frankfurt-a-main","55":"product_tag-frankfurt-a-m","56":"product_tag-frankfurt-am-main","57":"product_tag-frankfurter","58":"product_tag-frau","59":"product_tag-frauen","60":"product_tag-hessen","61":"product_tag-hessisch","62":"product_tag-hessische","63":"product_tag-hessischen","64":"product_tag-hessischer","65":"product_tag-hessisches","66":"product_tag-im-freien","67":"product_tag-kultur","68":"product_tag-kulturbetrieb","69":"product_tag-kulturelle","70":"product_tag-kulturen","71":"product_tag-lehnen","72":"product_tag-lesung","73":"product_tag-lesungen","74":"product_tag-literatur","75":"product_tag-mann","76":"product_tag-maenner","77":"product_tag-mannes","78":"product_tag-menschengruppe","79":"product_tag-menschengruppen","80":"product_tag-metro","81":"product_tag-persoenlichkeit","82":"product_tag-persoenlichkeiten","83":"product_tag-photo","84":"product_tag-photoabzug","85":"product_tag-photoabzuege","86":"product_tag-photographie","87":"product_tag-photographien","88":"product_tag-photographin","89":"product_tag-photographinnen","90":"product_tag-photoreportage","91":"product_tag-pressefoto","92":"product_tag-pressefotografie","93":"product_tag-pressefotos","94":"product_tag-pressephoto","95":"product_tag-pressephotographie","96":"product_tag-pressephotos","97":"product_tag-print","98":"product_tag-publikum","99":"product_tag-publikums","100":"product_tag-reportage","101":"product_tag-reportagefoto","102":"product_tag-reportagefotografie","103":"product_tag-reportagephoto","104":"product_tag-reportagephotographie","105":"product_tag-s-w-fotografie","106":"product_tag-s-w-photographie","107":"product_tag-schriftsteller","108":"product_tag-schriftstellerportrait","109":"product_tag-schriftstellerportraits","110":"product_tag-schriftstellerportraet","111":"product_tag-schriftstellerportraets","112":"product_tag-schwarzweissphotographie","113":"product_tag-schwarz-weiss-fotografie","114":"product_tag-schwarz-weiss-photographie","115":"product_tag-schwarzweiss","116":"product_tag-schwarzweisse","117":"product_tag-schwarzweissen","118":"product_tag-schwarzweisser","119":"product_tag-schwarzweisses","120":"product_tag-schwarzweissfotografie","121":"product_tag-sechziger","122":"product_tag-silbergelatine","123":"product_tag-silbergelatineabzug","124":"product_tag-silbergelatineabzuege","125":"product_tag-silbergelatineprint","126":"product_tag-sitzen","127":"product_tag-sitzend","128":"product_tag-sitzende","129":"product_tag-sitzenden","130":"product_tag-sitzender","131":"product_tag-sitzendes","132":"product_tag-sitzt","133":"product_tag-stehen","134":"product_tag-stehend","135":"product_tag-stehende","136":"product_tag-stehenden","137":"product_tag-stehender","138":"product_tag-stehendes","139":"product_tag-sw-fotografie","140":"product_tag-sw-photographie","141":"product_tag-u-bahn","142":"product_tag-u-bahnhof","143":"product_tag-u-bahnhoefe","144":"product_tag-ubahn","145":"product_tag-untergrundbahn","146":"product_tag-untergrundbahnhof","147":"product_tag-untergrundbahnhoefe","148":"product_tag-untergrundbahnhofs","149":"product_tag-veranstaltung","150":"product_tag-veranstaltungen","151":"product_tag-walter","152":"product_tag-zuhoeren","153":"product_tag-zuhoerend","154":"product_tag-zuhoerende","155":"product_tag-zuhoerenden","156":"product_tag-zuhoerender","157":"product_tag-zuhoerendes","158":"product_tag-zuhoerer","159":"product_tag-zuhoerern","160":"product_tag-zuhoerers","161":"product_tag-zuschauer","162":"product_tag-zuschauern","163":"product_tag-zuschauers","164":"pa_datierung-november-1967","165":"pa_fotograf-abisag-tuellmann","166":"pa_geografischer_bezug-aufnahmeort-frankfurt-am-main-deutschland","167":"pa_grunddaten_material_technik-foto-silbergelatine-auf-barytpapier","168":"pa_inventarnummer-tue-67-184-55","169":"pa_jahr_von-53582","170":"pa_massangaben-bildformat-foto-235-x-293-cm","171":"pa_mediennummer-63570","172":"pa_objekt_typ-fotografie","174":"first","175":"instock","176":"product-type-simple"},"yoast_head":"<!-- This site is optimized with the Yoast SEO plugin v27.4 - https:\/\/yoast.com\/product\/yoast-seo-wordpress\/ -->\n<title>Zuh\u00f6rer bei einer Lesung in der U-Bahn-Baustelle an der Hauptwache im Rahmen des Literaturforums - Abisag T\u00fcllmann<\/title>\n<meta name=\"robots\" content=\"index, follow, max-snippet:-1, max-image-preview:large, max-video-preview:-1\" \/>\n<link rel=\"canonical\" href=\"https:\/\/bpk-archive.de\/tuellmann\/produkt\/zuhoerer-bei-einer-lesung-in-der-u-bahn-baustelle-an-der-hauptwache-im-rahmen-des-literaturforums-2\/\" \/>\n<meta property=\"og:locale\" content=\"de_DE\" \/>\n<meta property=\"og:type\" content=\"article\" \/>\n<meta property=\"og:title\" content=\"Zuh\u00f6rer bei einer Lesung in der U-Bahn-Baustelle an der Hauptwache im Rahmen des Literaturforums - Abisag T\u00fcllmann\" \/>\n<meta property=\"og:description\" content=\"In der Mitte Hans Noever, links daneben Walter H\u00f6llerer R\u00fcckseitenbeschriftung von Hand der Fotografin: &#8222;Zuh\u00f6rer H\u00f6llerer und N\u00f6ver bei der Lesung in der U-Bahn-Baustelle (Literaturforum)&#8220;\" \/>\n<meta property=\"og:url\" content=\"https:\/\/bpk-archive.de\/tuellmann\/produkt\/zuhoerer-bei-einer-lesung-in-der-u-bahn-baustelle-an-der-hauptwache-im-rahmen-des-literaturforums-2\/\" \/>\n<meta property=\"og:site_name\" content=\"Abisag T\u00fcllmann\" \/>\n<meta property=\"article:modified_time\" content=\"2019-09-05T14:01:30+00:00\" \/>\n<meta property=\"og:image\" content=\"https:\/\/bpk-archive.de\/tuellmann\/wp-content\/uploads\/2019\/08\/bpk_70242621.jpg\" \/>\n\t<meta property=\"og:image:width\" content=\"1200\" \/>\n\t<meta property=\"og:image:height\" content=\"972\" \/>\n\t<meta property=\"og:image:type\" content=\"image\/jpeg\" \/>\n<meta name=\"twitter:card\" content=\"summary_large_image\" \/>\n<script type=\"application\/ld+json\" class=\"yoast-schema-graph\">{\"@context\":\"https:\\\/\\\/schema.org\",\"@graph\":[{\"@type\":\"WebPage\",\"@id\":\"https:\\\/\\\/bpk-archive.de\\\/tuellmann\\\/produkt\\\/zuhoerer-bei-einer-lesung-in-der-u-bahn-baustelle-an-der-hauptwache-im-rahmen-des-literaturforums-2\\\/\",\"url\":\"https:\\\/\\\/bpk-archive.de\\\/tuellmann\\\/produkt\\\/zuhoerer-bei-einer-lesung-in-der-u-bahn-baustelle-an-der-hauptwache-im-rahmen-des-literaturforums-2\\\/\",\"name\":\"Zuh\u00f6rer bei einer Lesung in der U-Bahn-Baustelle an der Hauptwache im Rahmen des Literaturforums - Abisag T\u00fcllmann\",\"isPartOf\":{\"@id\":\"https:\\\/\\\/bpk-archive.de\\\/tuellmann\\\/#website\"},\"primaryImageOfPage\":{\"@id\":\"https:\\\/\\\/bpk-archive.de\\\/tuellmann\\\/produkt\\\/zuhoerer-bei-einer-lesung-in-der-u-bahn-baustelle-an-der-hauptwache-im-rahmen-des-literaturforums-2\\\/#primaryimage\"},\"image\":{\"@id\":\"https:\\\/\\\/bpk-archive.de\\\/tuellmann\\\/produkt\\\/zuhoerer-bei-einer-lesung-in-der-u-bahn-baustelle-an-der-hauptwache-im-rahmen-des-literaturforums-2\\\/#primaryimage\"},\"thumbnailUrl\":\"https:\\\/\\\/bpk-archive.de\\\/tuellmann\\\/wp-content\\\/uploads\\\/2019\\\/08\\\/bpk_70242621.jpg\",\"datePublished\":\"2019-09-05T14:01:17+00:00\",\"dateModified\":\"2019-09-05T14:01:30+00:00\",\"breadcrumb\":{\"@id\":\"https:\\\/\\\/bpk-archive.de\\\/tuellmann\\\/produkt\\\/zuhoerer-bei-einer-lesung-in-der-u-bahn-baustelle-an-der-hauptwache-im-rahmen-des-literaturforums-2\\\/#breadcrumb\"},\"inLanguage\":\"de\",\"potentialAction\":[{\"@type\":\"ReadAction\",\"target\":[\"https:\\\/\\\/bpk-archive.de\\\/tuellmann\\\/produkt\\\/zuhoerer-bei-einer-lesung-in-der-u-bahn-baustelle-an-der-hauptwache-im-rahmen-des-literaturforums-2\\\/\"]}]},{\"@type\":\"ImageObject\",\"inLanguage\":\"de\",\"@id\":\"https:\\\/\\\/bpk-archive.de\\\/tuellmann\\\/produkt\\\/zuhoerer-bei-einer-lesung-in-der-u-bahn-baustelle-an-der-hauptwache-im-rahmen-des-literaturforums-2\\\/#primaryimage\",\"url\":\"https:\\\/\\\/bpk-archive.de\\\/tuellmann\\\/wp-content\\\/uploads\\\/2019\\\/08\\\/bpk_70242621.jpg\",\"contentUrl\":\"https:\\\/\\\/bpk-archive.de\\\/tuellmann\\\/wp-content\\\/uploads\\\/2019\\\/08\\\/bpk_70242621.jpg\",\"width\":1200,\"height\":972,\"caption\":\"Zuh\u00f6rer bei einer Lesung in der U-Bahn-Baustelle an der Hauptwache im Rahmen des Literaturforums\"},{\"@type\":\"BreadcrumbList\",\"@id\":\"https:\\\/\\\/bpk-archive.de\\\/tuellmann\\\/produkt\\\/zuhoerer-bei-einer-lesung-in-der-u-bahn-baustelle-an-der-hauptwache-im-rahmen-des-literaturforums-2\\\/#breadcrumb\",\"itemListElement\":[{\"@type\":\"ListItem\",\"position\":1,\"name\":\"Startseite\",\"item\":\"https:\\\/\\\/bpk-archive.de\\\/tuellmann\\\/\"},{\"@type\":\"ListItem\",\"position\":2,\"name\":\"Shop\",\"item\":\"https:\\\/\\\/bpk-archive.de\\\/tuellmann\\\/shop\\\/\"},{\"@type\":\"ListItem\",\"position\":3,\"name\":\"Zuh\u00f6rer bei einer Lesung in der U-Bahn-Baustelle an der Hauptwache im Rahmen des Literaturforums\"}]},{\"@type\":\"WebSite\",\"@id\":\"https:\\\/\\\/bpk-archive.de\\\/tuellmann\\\/#website\",\"url\":\"https:\\\/\\\/bpk-archive.de\\\/tuellmann\\\/\",\"name\":\"Abisag T\u00fcllmann\",\"description\":\"Eine weitere WordPress-Website\",\"potentialAction\":[{\"@type\":\"SearchAction\",\"target\":{\"@type\":\"EntryPoint\",\"urlTemplate\":\"https:\\\/\\\/bpk-archive.de\\\/tuellmann\\\/?s={search_term_string}\"},\"query-input\":{\"@type\":\"PropertyValueSpecification\",\"valueRequired\":true,\"valueName\":\"search_term_string\"}}],\"inLanguage\":\"de\"}]}<\/script>\n<!-- \/ Yoast SEO plugin. -->","yoast_head_json":{"title":"Zuh\u00f6rer bei einer Lesung in der U-Bahn-Baustelle an der Hauptwache im Rahmen des Literaturforums - Abisag T\u00fcllmann","robots":{"index":"index","follow":"follow","max-snippet":"max-snippet:-1","max-image-preview":"max-image-preview:large","max-video-preview":"max-video-preview:-1"},"canonical":"https:\/\/bpk-archive.de\/tuellmann\/produkt\/zuhoerer-bei-einer-lesung-in-der-u-bahn-baustelle-an-der-hauptwache-im-rahmen-des-literaturforums-2\/","og_locale":"de_DE","og_type":"article","og_title":"Zuh\u00f6rer bei einer Lesung in der U-Bahn-Baustelle an der Hauptwache im Rahmen des Literaturforums - Abisag T\u00fcllmann","og_description":"In der Mitte Hans Noever, links daneben Walter H\u00f6llerer R\u00fcckseitenbeschriftung von Hand der Fotografin: &#8222;Zuh\u00f6rer H\u00f6llerer und N\u00f6ver bei der Lesung in der U-Bahn-Baustelle (Literaturforum)&#8220;","og_url":"https:\/\/bpk-archive.de\/tuellmann\/produkt\/zuhoerer-bei-einer-lesung-in-der-u-bahn-baustelle-an-der-hauptwache-im-rahmen-des-literaturforums-2\/","og_site_name":"Abisag T\u00fcllmann","article_modified_time":"2019-09-05T14:01:30+00:00","og_image":[{"width":1200,"height":972,"url":"https:\/\/bpk-archive.de\/tuellmann\/wp-content\/uploads\/2019\/08\/bpk_70242621.jpg","type":"image\/jpeg"}],"twitter_card":"summary_large_image","schema":{"@context":"https:\/\/schema.org","@graph":[{"@type":"WebPage","@id":"https:\/\/bpk-archive.de\/tuellmann\/produkt\/zuhoerer-bei-einer-lesung-in-der-u-bahn-baustelle-an-der-hauptwache-im-rahmen-des-literaturforums-2\/","url":"https:\/\/bpk-archive.de\/tuellmann\/produkt\/zuhoerer-bei-einer-lesung-in-der-u-bahn-baustelle-an-der-hauptwache-im-rahmen-des-literaturforums-2\/","name":"Zuh\u00f6rer bei einer Lesung in der U-Bahn-Baustelle an der Hauptwache im Rahmen des Literaturforums - Abisag T\u00fcllmann","isPartOf":{"@id":"https:\/\/bpk-archive.de\/tuellmann\/#website"},"primaryImageOfPage":{"@id":"https:\/\/bpk-archive.de\/tuellmann\/produkt\/zuhoerer-bei-einer-lesung-in-der-u-bahn-baustelle-an-der-hauptwache-im-rahmen-des-literaturforums-2\/#primaryimage"},"image":{"@id":"https:\/\/bpk-archive.de\/tuellmann\/produkt\/zuhoerer-bei-einer-lesung-in-der-u-bahn-baustelle-an-der-hauptwache-im-rahmen-des-literaturforums-2\/#primaryimage"},"thumbnailUrl":"https:\/\/bpk-archive.de\/tuellmann\/wp-content\/uploads\/2019\/08\/bpk_70242621.jpg","datePublished":"2019-09-05T14:01:17+00:00","dateModified":"2019-09-05T14:01:30+00:00","breadcrumb":{"@id":"https:\/\/bpk-archive.de\/tuellmann\/produkt\/zuhoerer-bei-einer-lesung-in-der-u-bahn-baustelle-an-der-hauptwache-im-rahmen-des-literaturforums-2\/#breadcrumb"},"inLanguage":"de","potentialAction":[{"@type":"ReadAction","target":["https:\/\/bpk-archive.de\/tuellmann\/produkt\/zuhoerer-bei-einer-lesung-in-der-u-bahn-baustelle-an-der-hauptwache-im-rahmen-des-literaturforums-2\/"]}]},{"@type":"ImageObject","inLanguage":"de","@id":"https:\/\/bpk-archive.de\/tuellmann\/produkt\/zuhoerer-bei-einer-lesung-in-der-u-bahn-baustelle-an-der-hauptwache-im-rahmen-des-literaturforums-2\/#primaryimage","url":"https:\/\/bpk-archive.de\/tuellmann\/wp-content\/uploads\/2019\/08\/bpk_70242621.jpg","contentUrl":"https:\/\/bpk-archive.de\/tuellmann\/wp-content\/uploads\/2019\/08\/bpk_70242621.jpg","width":1200,"height":972,"caption":"Zuh\u00f6rer bei einer Lesung in der U-Bahn-Baustelle an der Hauptwache im Rahmen des Literaturforums"},{"@type":"BreadcrumbList","@id":"https:\/\/bpk-archive.de\/tuellmann\/produkt\/zuhoerer-bei-einer-lesung-in-der-u-bahn-baustelle-an-der-hauptwache-im-rahmen-des-literaturforums-2\/#breadcrumb","itemListElement":[{"@type":"ListItem","position":1,"name":"Startseite","item":"https:\/\/bpk-archive.de\/tuellmann\/"},{"@type":"ListItem","position":2,"name":"Shop","item":"https:\/\/bpk-archive.de\/tuellmann\/shop\/"},{"@type":"ListItem","position":3,"name":"Zuh\u00f6rer bei einer Lesung in der U-Bahn-Baustelle an der Hauptwache im Rahmen des Literaturforums"}]},{"@type":"WebSite","@id":"https:\/\/bpk-archive.de\/tuellmann\/#website","url":"https:\/\/bpk-archive.de\/tuellmann\/","name":"Abisag T\u00fcllmann","description":"Eine weitere WordPress-Website","potentialAction":[{"@type":"SearchAction","target":{"@type":"EntryPoint","urlTemplate":"https:\/\/bpk-archive.de\/tuellmann\/?s={search_term_string}"},"query-input":{"@type":"PropertyValueSpecification","valueRequired":true,"valueName":"search_term_string"}}],"inLanguage":"de"}]}},"_links":{"self":[{"href":"https:\/\/bpk-archive.de\/tuellmann\/wp-json\/wp\/v2\/product\/70296515","targetHints":{"allow":["GET"]}}],"collection":[{"href":"https:\/\/bpk-archive.de\/tuellmann\/wp-json\/wp\/v2\/product"}],"about":[{"href":"https:\/\/bpk-archive.de\/tuellmann\/wp-json\/wp\/v2\/types\/product"}],"wp:featuredmedia":[{"embeddable":true,"href":"https:\/\/bpk-archive.de\/tuellmann\/wp-json\/wp\/v2\/media\/70292016"}],"wp:attachment":[{"href":"https:\/\/bpk-archive.de\/tuellmann\/wp-json\/wp\/v2\/media?parent=70296515"}],"wp:term":[{"taxonomy":"product_brand","embeddable":true,"href":"https:\/\/bpk-archive.de\/tuellmann\/wp-json\/wp\/v2\/product_brand?post=70296515"},{"taxonomy":"product_cat","embeddable":true,"href":"https:\/\/bpk-archive.de\/tuellmann\/wp-json\/wp\/v2\/product_cat?post=70296515"},{"taxonomy":"product_tag","embeddable":true,"href":"https:\/\/bpk-archive.de\/tuellmann\/wp-json\/wp\/v2\/product_tag?post=70296515"}],"curies":[{"name":"wp","href":"https:\/\/api.w.org\/{rel}","templated":true}]}}