{"id":70296512,"date":"2019-09-05T16:01:17","date_gmt":"2019-09-05T14:01:17","guid":{"rendered":"http:\/\/abisagtuellmann.bpk-news.de\/atbild\/lesung-von-robert-neumann-waehrend-des-literaturforums-in-der-u-bahn-baustelle-an-der-hauptwache\/"},"modified":"2019-09-05T16:01:28","modified_gmt":"2019-09-05T14:01:28","slug":"lesung-von-robert-neumann-waehrend-des-literaturforums-in-der-u-bahn-baustelle-an-der-hauptwache","status":"publish","type":"product","link":"https:\/\/bpk-archive.de\/tuellmann\/produkt\/lesung-von-robert-neumann-waehrend-des-literaturforums-in-der-u-bahn-baustelle-an-der-hauptwache\/","title":{"rendered":"Lesung von Robert Neumann w\u00e4hrend des Literaturforums in der U-Bahn-Baustelle an der Hauptwache"},"content":{"rendered":"<p>R\u00fcckseitenbeschriftung von Hand der Fotografin: &#8222;Robert Neumann liest in der U-Bahn-Baustelle an der Hauptwache (Literaturforum)&#8220;<\/p>\n","protected":false},"excerpt":{"rendered":"<p>R\u00fcckseitenbeschriftung von Hand der Fotografin: &#8222;Robert Neumann liest in der U-Bahn-Baustelle an der Hauptwache (Literaturforum)&#8220;<\/p>\n","protected":false},"featured_media":70292013,"template":"","meta":[],"product_brand":[],"product_cat":[],"product_tag":[63547,13774,13232,49666,13234,49667,13231,13233,13775,62469,13777,63098,52727,52728,52729,52730,52731,52732,51937,51938,51940,51941,13469,13470,13253,13254,13255,13256,13257,13471,13472,13473,58631,58632,13293,13786,13787,13294,13295,13296,13297,47267,13485,13486,13482,13481,13483,13484,13492,13493,13494,13495,13496,13497,13498,56428,56463,63431,63432,63388,63389,49309,13818,13819,13826,13319,13320,13321,13322,13323,57302,14071,14072,63548,47899,47900,13328,13827,13828,13329,13330,13331,13332,47332,51073,53482,53803,53483,53484,53804,53485,13843,51807,51808,47333,47334,47335,47336,47337,63033,13877,13879,52738,52739,52740,52741,52742,13865,13864,13866,13858,13859,13860,13861,13862,13863,13867,13869,13870,13871,13872,14243,14244,14245,14246,14247,14248,14249,13878,13880,57306,57307,57308,57305,57310,57311,57312,57313,13375,13376,13525,49755,52352,49014,51812,51813,49015,49016,51814,51817,51818],"class_list":{"0":"post-70296512","1":"product","2":"type-product","3":"status-publish","4":"has-post-thumbnail","6":"product_tag-22-5-1897-3-1-1975","7":"product_tag-1960er-jahre","8":"product_tag-20-jahrhundert-nach-chr","9":"product_tag-20-jahrhundert-vor-chr","10":"product_tag-20-jh-n-chr","11":"product_tag-20-jh-v-chr","12":"product_tag-20-jahrhundert","13":"product_tag-20-jh","14":"product_tag-60er","15":"product_tag-abt_006","16":"product_tag-abzug","17":"product_tag-at_literatur-wissenschaft","18":"product_tag-autor","19":"product_tag-autoren","20":"product_tag-autorenportrait","21":"product_tag-autorenportraits","22":"product_tag-autorenportraet","23":"product_tag-autorenportraets","24":"product_tag-bauplatz","25":"product_tag-bauplaetze","26":"product_tag-baustelle","27":"product_tag-baustellen","28":"product_tag-brd","29":"product_tag-bundesrepublik-deutschland","30":"product_tag-deutsch","31":"product_tag-deutsche","32":"product_tag-deutschen","33":"product_tag-deutscher","34":"product_tag-deutsches","35":"product_tag-deutschland","36":"product_tag-deutschlands","37":"product_tag-drinnen","38":"product_tag-festival","39":"product_tag-festivals","40":"product_tag-foto","41":"product_tag-fotoabzug","42":"product_tag-fotoabzuege","43":"product_tag-fotografie","44":"product_tag-fotografien","45":"product_tag-fotografin","46":"product_tag-fotografinnen","47":"product_tag-fotoreportage","48":"product_tag-frankfurt-m","49":"product_tag-frankfurt-main","50":"product_tag-frankfurt-a-main","51":"product_tag-frankfurt-a-m","52":"product_tag-frankfurt-am-main","53":"product_tag-frankfurter","54":"product_tag-hessen","55":"product_tag-hessisch","56":"product_tag-hessische","57":"product_tag-hessischen","58":"product_tag-hessischer","59":"product_tag-hessisches","60":"product_tag-innen","61":"product_tag-kultur","62":"product_tag-kulturbetrieb","63":"product_tag-kulturelle","64":"product_tag-kulturen","65":"product_tag-lesung","66":"product_tag-lesungen","67":"product_tag-literatur","68":"product_tag-mann","69":"product_tag-maenner","70":"product_tag-mannes","71":"product_tag-menschenansammlung","72":"product_tag-menschenauflauf","73":"product_tag-menschenmassen","74":"product_tag-menschenmenge","75":"product_tag-menschenschar","76":"product_tag-metro","77":"product_tag-mikrofon","78":"product_tag-mikrophon","79":"product_tag-neumann","80":"product_tag-persoenlichkeit","81":"product_tag-persoenlichkeiten","82":"product_tag-photo","83":"product_tag-photoabzug","84":"product_tag-photoabzuege","85":"product_tag-photographie","86":"product_tag-photographien","87":"product_tag-photographin","88":"product_tag-photographinnen","89":"product_tag-photoreportage","90":"product_tag-podium","91":"product_tag-pressefoto","92":"product_tag-pressefotografie","93":"product_tag-pressefotos","94":"product_tag-pressephoto","95":"product_tag-pressephotographie","96":"product_tag-pressephotos","97":"product_tag-print","98":"product_tag-publikum","99":"product_tag-publikums","100":"product_tag-reportage","101":"product_tag-reportagefoto","102":"product_tag-reportagefotografie","103":"product_tag-reportagephoto","104":"product_tag-reportagephotographie","105":"product_tag-robert","106":"product_tag-s-w-fotografie","107":"product_tag-s-w-photographie","108":"product_tag-schriftsteller","109":"product_tag-schriftstellerportrait","110":"product_tag-schriftstellerportraits","111":"product_tag-schriftstellerportraet","112":"product_tag-schriftstellerportraets","113":"product_tag-schwarzweissphotographie","114":"product_tag-schwarz-weiss-fotografie","115":"product_tag-schwarz-weiss-photographie","116":"product_tag-schwarzweiss","117":"product_tag-schwarzweisse","118":"product_tag-schwarzweissen","119":"product_tag-schwarzweisser","120":"product_tag-schwarzweisses","121":"product_tag-schwarzweissfotografie","122":"product_tag-sechziger","123":"product_tag-silbergelatine","124":"product_tag-silbergelatineabzug","125":"product_tag-silbergelatineabzuege","126":"product_tag-silbergelatineprint","127":"product_tag-sitzen","128":"product_tag-sitzend","129":"product_tag-sitzende","130":"product_tag-sitzenden","131":"product_tag-sitzender","132":"product_tag-sitzendes","133":"product_tag-sitzt","134":"product_tag-sw-fotografie","135":"product_tag-sw-photographie","136":"product_tag-u-bahn","137":"product_tag-u-bahnhof","138":"product_tag-u-bahnhoefe","139":"product_tag-ubahn","140":"product_tag-untergrundbahn","141":"product_tag-untergrundbahnhof","142":"product_tag-untergrundbahnhoefe","143":"product_tag-untergrundbahnhofs","144":"product_tag-veranstaltung","145":"product_tag-veranstaltungen","146":"product_tag-von-innen","147":"product_tag-vorlesen","148":"product_tag-vorleser","149":"product_tag-zuhoerer","150":"product_tag-zuhoererin","151":"product_tag-zuhoererinnen","152":"product_tag-zuhoerern","153":"product_tag-zuhoerers","154":"product_tag-zuschauer","155":"product_tag-zuschauern","156":"product_tag-zuschauers","157":"pa_datierung-november-1967","158":"pa_fotograf-abisag-tuellmann","159":"pa_geografischer_bezug-aufnahmeort-frankfurt-am-main-deutschland","160":"pa_grunddaten_material_technik-foto-silbergelatine-auf-barytpapier","161":"pa_inventarnummer-tue-67-184-57","162":"pa_jahr_von-53582","163":"pa_massangaben-bildformat-foto-206-x-293-cm","164":"pa_mediennummer-63544","165":"pa_objekt_typ-fotografie","167":"first","168":"instock","169":"product-type-simple"},"yoast_head":"<!-- This site is optimized with the Yoast SEO plugin v27.4 - https:\/\/yoast.com\/product\/yoast-seo-wordpress\/ -->\n<title>Lesung von Robert Neumann w\u00e4hrend des Literaturforums in der U-Bahn-Baustelle an der Hauptwache - Abisag T\u00fcllmann<\/title>\n<meta name=\"robots\" content=\"index, follow, max-snippet:-1, max-image-preview:large, max-video-preview:-1\" \/>\n<link rel=\"canonical\" href=\"https:\/\/bpk-archive.de\/tuellmann\/produkt\/lesung-von-robert-neumann-waehrend-des-literaturforums-in-der-u-bahn-baustelle-an-der-hauptwache\/\" \/>\n<meta property=\"og:locale\" content=\"de_DE\" \/>\n<meta property=\"og:type\" content=\"article\" \/>\n<meta property=\"og:title\" content=\"Lesung von Robert Neumann w\u00e4hrend des Literaturforums in der U-Bahn-Baustelle an der Hauptwache - Abisag T\u00fcllmann\" \/>\n<meta property=\"og:description\" content=\"R\u00fcckseitenbeschriftung von Hand der Fotografin: &#8222;Robert Neumann liest in der U-Bahn-Baustelle an der Hauptwache (Literaturforum)&#8220;\" \/>\n<meta property=\"og:url\" content=\"https:\/\/bpk-archive.de\/tuellmann\/produkt\/lesung-von-robert-neumann-waehrend-des-literaturforums-in-der-u-bahn-baustelle-an-der-hauptwache\/\" \/>\n<meta property=\"og:site_name\" content=\"Abisag T\u00fcllmann\" \/>\n<meta property=\"article:modified_time\" content=\"2019-09-05T14:01:28+00:00\" \/>\n<meta property=\"og:image\" content=\"https:\/\/bpk-archive.de\/tuellmann\/wp-content\/uploads\/2019\/08\/bpk_70242620.jpg\" \/>\n\t<meta property=\"og:image:width\" content=\"1200\" \/>\n\t<meta property=\"og:image:height\" content=\"867\" \/>\n\t<meta property=\"og:image:type\" content=\"image\/jpeg\" \/>\n<meta name=\"twitter:card\" content=\"summary_large_image\" \/>\n<script type=\"application\/ld+json\" class=\"yoast-schema-graph\">{\"@context\":\"https:\\\/\\\/schema.org\",\"@graph\":[{\"@type\":\"WebPage\",\"@id\":\"https:\\\/\\\/bpk-archive.de\\\/tuellmann\\\/produkt\\\/lesung-von-robert-neumann-waehrend-des-literaturforums-in-der-u-bahn-baustelle-an-der-hauptwache\\\/\",\"url\":\"https:\\\/\\\/bpk-archive.de\\\/tuellmann\\\/produkt\\\/lesung-von-robert-neumann-waehrend-des-literaturforums-in-der-u-bahn-baustelle-an-der-hauptwache\\\/\",\"name\":\"Lesung von Robert Neumann w\u00e4hrend des Literaturforums in der U-Bahn-Baustelle an der Hauptwache - Abisag T\u00fcllmann\",\"isPartOf\":{\"@id\":\"https:\\\/\\\/bpk-archive.de\\\/tuellmann\\\/#website\"},\"primaryImageOfPage\":{\"@id\":\"https:\\\/\\\/bpk-archive.de\\\/tuellmann\\\/produkt\\\/lesung-von-robert-neumann-waehrend-des-literaturforums-in-der-u-bahn-baustelle-an-der-hauptwache\\\/#primaryimage\"},\"image\":{\"@id\":\"https:\\\/\\\/bpk-archive.de\\\/tuellmann\\\/produkt\\\/lesung-von-robert-neumann-waehrend-des-literaturforums-in-der-u-bahn-baustelle-an-der-hauptwache\\\/#primaryimage\"},\"thumbnailUrl\":\"https:\\\/\\\/bpk-archive.de\\\/tuellmann\\\/wp-content\\\/uploads\\\/2019\\\/08\\\/bpk_70242620.jpg\",\"datePublished\":\"2019-09-05T14:01:17+00:00\",\"dateModified\":\"2019-09-05T14:01:28+00:00\",\"breadcrumb\":{\"@id\":\"https:\\\/\\\/bpk-archive.de\\\/tuellmann\\\/produkt\\\/lesung-von-robert-neumann-waehrend-des-literaturforums-in-der-u-bahn-baustelle-an-der-hauptwache\\\/#breadcrumb\"},\"inLanguage\":\"de\",\"potentialAction\":[{\"@type\":\"ReadAction\",\"target\":[\"https:\\\/\\\/bpk-archive.de\\\/tuellmann\\\/produkt\\\/lesung-von-robert-neumann-waehrend-des-literaturforums-in-der-u-bahn-baustelle-an-der-hauptwache\\\/\"]}]},{\"@type\":\"ImageObject\",\"inLanguage\":\"de\",\"@id\":\"https:\\\/\\\/bpk-archive.de\\\/tuellmann\\\/produkt\\\/lesung-von-robert-neumann-waehrend-des-literaturforums-in-der-u-bahn-baustelle-an-der-hauptwache\\\/#primaryimage\",\"url\":\"https:\\\/\\\/bpk-archive.de\\\/tuellmann\\\/wp-content\\\/uploads\\\/2019\\\/08\\\/bpk_70242620.jpg\",\"contentUrl\":\"https:\\\/\\\/bpk-archive.de\\\/tuellmann\\\/wp-content\\\/uploads\\\/2019\\\/08\\\/bpk_70242620.jpg\",\"width\":1200,\"height\":867,\"caption\":\"Lesung von Robert Neumann w\u00e4hrend des Literaturforums in der U-Bahn-Baustelle an der Hauptwache\"},{\"@type\":\"BreadcrumbList\",\"@id\":\"https:\\\/\\\/bpk-archive.de\\\/tuellmann\\\/produkt\\\/lesung-von-robert-neumann-waehrend-des-literaturforums-in-der-u-bahn-baustelle-an-der-hauptwache\\\/#breadcrumb\",\"itemListElement\":[{\"@type\":\"ListItem\",\"position\":1,\"name\":\"Startseite\",\"item\":\"https:\\\/\\\/bpk-archive.de\\\/tuellmann\\\/\"},{\"@type\":\"ListItem\",\"position\":2,\"name\":\"Shop\",\"item\":\"https:\\\/\\\/bpk-archive.de\\\/tuellmann\\\/shop\\\/\"},{\"@type\":\"ListItem\",\"position\":3,\"name\":\"Lesung von Robert Neumann w\u00e4hrend des Literaturforums in der U-Bahn-Baustelle an der Hauptwache\"}]},{\"@type\":\"WebSite\",\"@id\":\"https:\\\/\\\/bpk-archive.de\\\/tuellmann\\\/#website\",\"url\":\"https:\\\/\\\/bpk-archive.de\\\/tuellmann\\\/\",\"name\":\"Abisag T\u00fcllmann\",\"description\":\"Eine weitere WordPress-Website\",\"potentialAction\":[{\"@type\":\"SearchAction\",\"target\":{\"@type\":\"EntryPoint\",\"urlTemplate\":\"https:\\\/\\\/bpk-archive.de\\\/tuellmann\\\/?s={search_term_string}\"},\"query-input\":{\"@type\":\"PropertyValueSpecification\",\"valueRequired\":true,\"valueName\":\"search_term_string\"}}],\"inLanguage\":\"de\"}]}<\/script>\n<!-- \/ Yoast SEO plugin. -->","yoast_head_json":{"title":"Lesung von Robert Neumann w\u00e4hrend des Literaturforums in der U-Bahn-Baustelle an der Hauptwache - Abisag T\u00fcllmann","robots":{"index":"index","follow":"follow","max-snippet":"max-snippet:-1","max-image-preview":"max-image-preview:large","max-video-preview":"max-video-preview:-1"},"canonical":"https:\/\/bpk-archive.de\/tuellmann\/produkt\/lesung-von-robert-neumann-waehrend-des-literaturforums-in-der-u-bahn-baustelle-an-der-hauptwache\/","og_locale":"de_DE","og_type":"article","og_title":"Lesung von Robert Neumann w\u00e4hrend des Literaturforums in der U-Bahn-Baustelle an der Hauptwache - Abisag T\u00fcllmann","og_description":"R\u00fcckseitenbeschriftung von Hand der Fotografin: &#8222;Robert Neumann liest in der U-Bahn-Baustelle an der Hauptwache (Literaturforum)&#8220;","og_url":"https:\/\/bpk-archive.de\/tuellmann\/produkt\/lesung-von-robert-neumann-waehrend-des-literaturforums-in-der-u-bahn-baustelle-an-der-hauptwache\/","og_site_name":"Abisag T\u00fcllmann","article_modified_time":"2019-09-05T14:01:28+00:00","og_image":[{"width":1200,"height":867,"url":"https:\/\/bpk-archive.de\/tuellmann\/wp-content\/uploads\/2019\/08\/bpk_70242620.jpg","type":"image\/jpeg"}],"twitter_card":"summary_large_image","schema":{"@context":"https:\/\/schema.org","@graph":[{"@type":"WebPage","@id":"https:\/\/bpk-archive.de\/tuellmann\/produkt\/lesung-von-robert-neumann-waehrend-des-literaturforums-in-der-u-bahn-baustelle-an-der-hauptwache\/","url":"https:\/\/bpk-archive.de\/tuellmann\/produkt\/lesung-von-robert-neumann-waehrend-des-literaturforums-in-der-u-bahn-baustelle-an-der-hauptwache\/","name":"Lesung von Robert Neumann w\u00e4hrend des Literaturforums in der U-Bahn-Baustelle an der Hauptwache - Abisag T\u00fcllmann","isPartOf":{"@id":"https:\/\/bpk-archive.de\/tuellmann\/#website"},"primaryImageOfPage":{"@id":"https:\/\/bpk-archive.de\/tuellmann\/produkt\/lesung-von-robert-neumann-waehrend-des-literaturforums-in-der-u-bahn-baustelle-an-der-hauptwache\/#primaryimage"},"image":{"@id":"https:\/\/bpk-archive.de\/tuellmann\/produkt\/lesung-von-robert-neumann-waehrend-des-literaturforums-in-der-u-bahn-baustelle-an-der-hauptwache\/#primaryimage"},"thumbnailUrl":"https:\/\/bpk-archive.de\/tuellmann\/wp-content\/uploads\/2019\/08\/bpk_70242620.jpg","datePublished":"2019-09-05T14:01:17+00:00","dateModified":"2019-09-05T14:01:28+00:00","breadcrumb":{"@id":"https:\/\/bpk-archive.de\/tuellmann\/produkt\/lesung-von-robert-neumann-waehrend-des-literaturforums-in-der-u-bahn-baustelle-an-der-hauptwache\/#breadcrumb"},"inLanguage":"de","potentialAction":[{"@type":"ReadAction","target":["https:\/\/bpk-archive.de\/tuellmann\/produkt\/lesung-von-robert-neumann-waehrend-des-literaturforums-in-der-u-bahn-baustelle-an-der-hauptwache\/"]}]},{"@type":"ImageObject","inLanguage":"de","@id":"https:\/\/bpk-archive.de\/tuellmann\/produkt\/lesung-von-robert-neumann-waehrend-des-literaturforums-in-der-u-bahn-baustelle-an-der-hauptwache\/#primaryimage","url":"https:\/\/bpk-archive.de\/tuellmann\/wp-content\/uploads\/2019\/08\/bpk_70242620.jpg","contentUrl":"https:\/\/bpk-archive.de\/tuellmann\/wp-content\/uploads\/2019\/08\/bpk_70242620.jpg","width":1200,"height":867,"caption":"Lesung von Robert Neumann w\u00e4hrend des Literaturforums in der U-Bahn-Baustelle an der Hauptwache"},{"@type":"BreadcrumbList","@id":"https:\/\/bpk-archive.de\/tuellmann\/produkt\/lesung-von-robert-neumann-waehrend-des-literaturforums-in-der-u-bahn-baustelle-an-der-hauptwache\/#breadcrumb","itemListElement":[{"@type":"ListItem","position":1,"name":"Startseite","item":"https:\/\/bpk-archive.de\/tuellmann\/"},{"@type":"ListItem","position":2,"name":"Shop","item":"https:\/\/bpk-archive.de\/tuellmann\/shop\/"},{"@type":"ListItem","position":3,"name":"Lesung von Robert Neumann w\u00e4hrend des Literaturforums in der U-Bahn-Baustelle an der Hauptwache"}]},{"@type":"WebSite","@id":"https:\/\/bpk-archive.de\/tuellmann\/#website","url":"https:\/\/bpk-archive.de\/tuellmann\/","name":"Abisag T\u00fcllmann","description":"Eine weitere WordPress-Website","potentialAction":[{"@type":"SearchAction","target":{"@type":"EntryPoint","urlTemplate":"https:\/\/bpk-archive.de\/tuellmann\/?s={search_term_string}"},"query-input":{"@type":"PropertyValueSpecification","valueRequired":true,"valueName":"search_term_string"}}],"inLanguage":"de"}]}},"_links":{"self":[{"href":"https:\/\/bpk-archive.de\/tuellmann\/wp-json\/wp\/v2\/product\/70296512","targetHints":{"allow":["GET"]}}],"collection":[{"href":"https:\/\/bpk-archive.de\/tuellmann\/wp-json\/wp\/v2\/product"}],"about":[{"href":"https:\/\/bpk-archive.de\/tuellmann\/wp-json\/wp\/v2\/types\/product"}],"wp:featuredmedia":[{"embeddable":true,"href":"https:\/\/bpk-archive.de\/tuellmann\/wp-json\/wp\/v2\/media\/70292013"}],"wp:attachment":[{"href":"https:\/\/bpk-archive.de\/tuellmann\/wp-json\/wp\/v2\/media?parent=70296512"}],"wp:term":[{"taxonomy":"product_brand","embeddable":true,"href":"https:\/\/bpk-archive.de\/tuellmann\/wp-json\/wp\/v2\/product_brand?post=70296512"},{"taxonomy":"product_cat","embeddable":true,"href":"https:\/\/bpk-archive.de\/tuellmann\/wp-json\/wp\/v2\/product_cat?post=70296512"},{"taxonomy":"product_tag","embeddable":true,"href":"https:\/\/bpk-archive.de\/tuellmann\/wp-json\/wp\/v2\/product_tag?post=70296512"}],"curies":[{"name":"wp","href":"https:\/\/api.w.org\/{rel}","templated":true}]}}