{"id":70296503,"date":"2019-09-05T16:01:17","date_gmt":"2019-09-05T14:01:17","guid":{"rendered":"http:\/\/abisagtuellmann.bpk-news.de\/atbild\/arthur-miller-zusammen-mit-seiner-zweiten-frau-der-fotografin-inge-morath-und-einem-maedchen\/"},"modified":"2020-08-11T16:35:22","modified_gmt":"2020-08-11T14:35:22","slug":"arthur-miller-zusammen-mit-seiner-zweiten-frau-der-fotografin-inge-morath-und-einem-maedchen","status":"publish","type":"product","link":"https:\/\/bpk-archive.de\/tuellmann\/produkt\/arthur-miller-zusammen-mit-seiner-zweiten-frau-der-fotografin-inge-morath-und-einem-maedchen\/","title":{"rendered":"Arthur Miller, zusammen mit seiner zweiten Frau, der Fotografin Inge Morath, und einem M\u00e4dchen"},"content":{"rendered":"<p>Vor dem B\u00fcrgerhaus Gallus in Frankfurt am Main, wo er als Beobachter den Auschwitz-Prozess besucht R\u00fcckseitenbeschriftung von anderer Hand: &#8222;Arthur Miller und Inge Morath, April 1964&#8220;<\/p>\n","protected":false},"excerpt":{"rendered":"<p>Vor dem B\u00fcrgerhaus Gallus in Frankfurt am Main, wo er als Beobachter den Auschwitz-Prozess besucht R\u00fcckseitenbeschriftung von anderer Hand: &#8222;Arthur Miller und Inge Morath, April 1964&#8220;<\/p>\n","protected":false},"featured_media":70292038,"template":"","meta":[],"product_brand":[],"product_cat":[73385],"product_tag":[13774,13232,49666,13234,49667,13231,13233,13775,62469,13777,63098,63488,63490,63487,63489,13250,52727,52728,13469,13470,13253,13254,13255,13256,13257,13471,13472,13260,13293,13786,13787,13294,13295,13296,13297,13485,13486,13482,13481,13483,13484,63491,63492,13492,13493,13494,13495,13496,13497,13301,14205,14206,14207,14213,14218,14219,56428,49309,51517,13310,13311,14007,14008,14009,13328,13827,13828,13329,13330,13331,13332,13843,63493,63494,63495,13877,13879,52738,13865,13864,13866,13858,13859,13860,13861,13862,13863,13867,13869,13870,13871,13872,13878,13880],"class_list":{"0":"post-70296503","1":"product","2":"type-product","3":"status-publish","4":"has-post-thumbnail","6":"product_cat-literatur-wissenschaft","7":"product_tag-1960er-jahre","8":"product_tag-20-jahrhundert-nach-chr","9":"product_tag-20-jahrhundert-vor-chr","10":"product_tag-20-jh-n-chr","11":"product_tag-20-jh-v-chr","12":"product_tag-20-jahrhundert","13":"product_tag-20-jh","14":"product_tag-60er","15":"product_tag-abt_006","16":"product_tag-abzug","17":"product_tag-at_literatur-wissenschaft","18":"product_tag-auschwitz-prozess","19":"product_tag-auschwitz-prozesse","20":"product_tag-auschwitzprozess","21":"product_tag-auschwitzprozesse","22":"product_tag-aussen","23":"product_tag-autor","24":"product_tag-autoren","25":"product_tag-brd","26":"product_tag-bundesrepublik-deutschland","27":"product_tag-deutsch","28":"product_tag-deutsche","29":"product_tag-deutschen","30":"product_tag-deutscher","31":"product_tag-deutsches","32":"product_tag-deutschland","33":"product_tag-deutschlands","34":"product_tag-draussen","35":"product_tag-foto","36":"product_tag-fotoabzug","37":"product_tag-fotoabzuege","38":"product_tag-fotografie","39":"product_tag-fotografien","40":"product_tag-fotografin","41":"product_tag-fotografinnen","42":"product_tag-frankfurt-m","43":"product_tag-frankfurt-main","44":"product_tag-frankfurt-a-main","45":"product_tag-frankfurt-a-m","46":"product_tag-frankfurt-am-main","47":"product_tag-frankfurter","48":"product_tag-gerichtsverhandlung","49":"product_tag-gerichtsverhandlungen","50":"product_tag-hessen","51":"product_tag-hessisch","52":"product_tag-hessische","53":"product_tag-hessischen","54":"product_tag-hessischer","55":"product_tag-hessisches","56":"product_tag-im-freien","57":"product_tag-kind","58":"product_tag-kinde","59":"product_tag-kinder","60":"product_tag-kindern","61":"product_tag-kindes","62":"product_tag-kindheit","63":"product_tag-kultur","64":"product_tag-literatur","65":"product_tag-literaturgeschichte","66":"product_tag-maedchen","67":"product_tag-maedchens","68":"product_tag-paar","69":"product_tag-paare","70":"product_tag-paerchen","71":"product_tag-photo","72":"product_tag-photoabzug","73":"product_tag-photoabzuege","74":"product_tag-photographie","75":"product_tag-photographien","76":"product_tag-photographin","77":"product_tag-photographinnen","78":"product_tag-print","79":"product_tag-prozess","80":"product_tag-prozesse","81":"product_tag-prozesses","82":"product_tag-s-w-fotografie","83":"product_tag-s-w-photographie","84":"product_tag-schriftsteller","85":"product_tag-schwarzweissphotographie","86":"product_tag-schwarz-weiss-fotografie","87":"product_tag-schwarz-weiss-photographie","88":"product_tag-schwarzweiss","89":"product_tag-schwarzweisse","90":"product_tag-schwarzweissen","91":"product_tag-schwarzweisser","92":"product_tag-schwarzweisses","93":"product_tag-schwarzweissfotografie","94":"product_tag-sechziger","95":"product_tag-silbergelatine","96":"product_tag-silbergelatineabzug","97":"product_tag-silbergelatineabzuege","98":"product_tag-silbergelatineprint","99":"product_tag-sw-fotografie","100":"product_tag-sw-photographie","101":"pa_datierung-april-1964","102":"pa_fotograf-abisag-tuellmann","103":"pa_geografischer_bezug-aufnahmeort-frankfurt-am-main-deutschland","104":"pa_grunddaten_material_technik-foto-silbergelatine-auf-barytpapier","105":"pa_inventarnummer-tue-64-032-17","106":"pa_jahr_von-13885","107":"pa_massangaben-bildformat-foto-30-x-234-cm","108":"pa_mediennummer-63485","109":"pa_objekt_typ-fotografie","111":"first","112":"instock","113":"product-type-simple"},"yoast_head":"<!-- This site is optimized with the Yoast SEO plugin v27.4 - https:\/\/yoast.com\/product\/yoast-seo-wordpress\/ -->\n<title>Arthur Miller, zusammen mit seiner zweiten Frau, der Fotografin Inge Morath, und einem M\u00e4dchen - Abisag T\u00fcllmann<\/title>\n<meta name=\"robots\" content=\"index, follow, max-snippet:-1, max-image-preview:large, max-video-preview:-1\" \/>\n<link rel=\"canonical\" href=\"https:\/\/bpk-archive.de\/tuellmann\/produkt\/arthur-miller-zusammen-mit-seiner-zweiten-frau-der-fotografin-inge-morath-und-einem-maedchen\/\" \/>\n<meta property=\"og:locale\" content=\"de_DE\" \/>\n<meta property=\"og:type\" content=\"article\" \/>\n<meta property=\"og:title\" content=\"Arthur Miller, zusammen mit seiner zweiten Frau, der Fotografin Inge Morath, und einem M\u00e4dchen - Abisag T\u00fcllmann\" \/>\n<meta property=\"og:description\" content=\"Vor dem B\u00fcrgerhaus Gallus in Frankfurt am Main, wo er als Beobachter den Auschwitz-Prozess besucht R\u00fcckseitenbeschriftung von anderer Hand: &#8222;Arthur Miller und Inge Morath, April 1964&#8220;\" \/>\n<meta property=\"og:url\" content=\"https:\/\/bpk-archive.de\/tuellmann\/produkt\/arthur-miller-zusammen-mit-seiner-zweiten-frau-der-fotografin-inge-morath-und-einem-maedchen\/\" \/>\n<meta property=\"og:site_name\" content=\"Abisag T\u00fcllmann\" \/>\n<meta property=\"article:modified_time\" content=\"2020-08-11T14:35:22+00:00\" \/>\n<meta property=\"og:image\" content=\"https:\/\/bpk-archive.de\/tuellmann\/wp-content\/uploads\/2019\/08\/bpk_70242628.jpg\" \/>\n\t<meta property=\"og:image:width\" content=\"951\" \/>\n\t<meta property=\"og:image:height\" content=\"1200\" \/>\n\t<meta property=\"og:image:type\" content=\"image\/jpeg\" \/>\n<meta name=\"twitter:card\" content=\"summary_large_image\" \/>\n<script type=\"application\/ld+json\" class=\"yoast-schema-graph\">{\"@context\":\"https:\\\/\\\/schema.org\",\"@graph\":[{\"@type\":\"WebPage\",\"@id\":\"https:\\\/\\\/bpk-archive.de\\\/tuellmann\\\/produkt\\\/arthur-miller-zusammen-mit-seiner-zweiten-frau-der-fotografin-inge-morath-und-einem-maedchen\\\/\",\"url\":\"https:\\\/\\\/bpk-archive.de\\\/tuellmann\\\/produkt\\\/arthur-miller-zusammen-mit-seiner-zweiten-frau-der-fotografin-inge-morath-und-einem-maedchen\\\/\",\"name\":\"Arthur Miller, zusammen mit seiner zweiten Frau, der Fotografin Inge Morath, und einem M\u00e4dchen - Abisag T\u00fcllmann\",\"isPartOf\":{\"@id\":\"https:\\\/\\\/bpk-archive.de\\\/tuellmann\\\/#website\"},\"primaryImageOfPage\":{\"@id\":\"https:\\\/\\\/bpk-archive.de\\\/tuellmann\\\/produkt\\\/arthur-miller-zusammen-mit-seiner-zweiten-frau-der-fotografin-inge-morath-und-einem-maedchen\\\/#primaryimage\"},\"image\":{\"@id\":\"https:\\\/\\\/bpk-archive.de\\\/tuellmann\\\/produkt\\\/arthur-miller-zusammen-mit-seiner-zweiten-frau-der-fotografin-inge-morath-und-einem-maedchen\\\/#primaryimage\"},\"thumbnailUrl\":\"https:\\\/\\\/bpk-archive.de\\\/tuellmann\\\/wp-content\\\/uploads\\\/2019\\\/08\\\/bpk_70242628.jpg\",\"datePublished\":\"2019-09-05T14:01:17+00:00\",\"dateModified\":\"2020-08-11T14:35:22+00:00\",\"breadcrumb\":{\"@id\":\"https:\\\/\\\/bpk-archive.de\\\/tuellmann\\\/produkt\\\/arthur-miller-zusammen-mit-seiner-zweiten-frau-der-fotografin-inge-morath-und-einem-maedchen\\\/#breadcrumb\"},\"inLanguage\":\"de\",\"potentialAction\":[{\"@type\":\"ReadAction\",\"target\":[\"https:\\\/\\\/bpk-archive.de\\\/tuellmann\\\/produkt\\\/arthur-miller-zusammen-mit-seiner-zweiten-frau-der-fotografin-inge-morath-und-einem-maedchen\\\/\"]}]},{\"@type\":\"ImageObject\",\"inLanguage\":\"de\",\"@id\":\"https:\\\/\\\/bpk-archive.de\\\/tuellmann\\\/produkt\\\/arthur-miller-zusammen-mit-seiner-zweiten-frau-der-fotografin-inge-morath-und-einem-maedchen\\\/#primaryimage\",\"url\":\"https:\\\/\\\/bpk-archive.de\\\/tuellmann\\\/wp-content\\\/uploads\\\/2019\\\/08\\\/bpk_70242628.jpg\",\"contentUrl\":\"https:\\\/\\\/bpk-archive.de\\\/tuellmann\\\/wp-content\\\/uploads\\\/2019\\\/08\\\/bpk_70242628.jpg\",\"width\":951,\"height\":1200,\"caption\":\"Arthur Miller, zusammen mit seiner zweiten Frau, der Fotografin Inge Morath, und einem M\u00e4dchen\"},{\"@type\":\"BreadcrumbList\",\"@id\":\"https:\\\/\\\/bpk-archive.de\\\/tuellmann\\\/produkt\\\/arthur-miller-zusammen-mit-seiner-zweiten-frau-der-fotografin-inge-morath-und-einem-maedchen\\\/#breadcrumb\",\"itemListElement\":[{\"@type\":\"ListItem\",\"position\":1,\"name\":\"Startseite\",\"item\":\"https:\\\/\\\/bpk-archive.de\\\/tuellmann\\\/\"},{\"@type\":\"ListItem\",\"position\":2,\"name\":\"Shop\",\"item\":\"https:\\\/\\\/bpk-archive.de\\\/tuellmann\\\/shop\\\/\"},{\"@type\":\"ListItem\",\"position\":3,\"name\":\"Arthur Miller, zusammen mit seiner zweiten Frau, der Fotografin Inge Morath, und einem M\u00e4dchen\"}]},{\"@type\":\"WebSite\",\"@id\":\"https:\\\/\\\/bpk-archive.de\\\/tuellmann\\\/#website\",\"url\":\"https:\\\/\\\/bpk-archive.de\\\/tuellmann\\\/\",\"name\":\"Abisag T\u00fcllmann\",\"description\":\"Eine weitere WordPress-Website\",\"potentialAction\":[{\"@type\":\"SearchAction\",\"target\":{\"@type\":\"EntryPoint\",\"urlTemplate\":\"https:\\\/\\\/bpk-archive.de\\\/tuellmann\\\/?s={search_term_string}\"},\"query-input\":{\"@type\":\"PropertyValueSpecification\",\"valueRequired\":true,\"valueName\":\"search_term_string\"}}],\"inLanguage\":\"de\"}]}<\/script>\n<!-- \/ Yoast SEO plugin. -->","yoast_head_json":{"title":"Arthur Miller, zusammen mit seiner zweiten Frau, der Fotografin Inge Morath, und einem M\u00e4dchen - Abisag T\u00fcllmann","robots":{"index":"index","follow":"follow","max-snippet":"max-snippet:-1","max-image-preview":"max-image-preview:large","max-video-preview":"max-video-preview:-1"},"canonical":"https:\/\/bpk-archive.de\/tuellmann\/produkt\/arthur-miller-zusammen-mit-seiner-zweiten-frau-der-fotografin-inge-morath-und-einem-maedchen\/","og_locale":"de_DE","og_type":"article","og_title":"Arthur Miller, zusammen mit seiner zweiten Frau, der Fotografin Inge Morath, und einem M\u00e4dchen - Abisag T\u00fcllmann","og_description":"Vor dem B\u00fcrgerhaus Gallus in Frankfurt am Main, wo er als Beobachter den Auschwitz-Prozess besucht R\u00fcckseitenbeschriftung von anderer Hand: &#8222;Arthur Miller und Inge Morath, April 1964&#8220;","og_url":"https:\/\/bpk-archive.de\/tuellmann\/produkt\/arthur-miller-zusammen-mit-seiner-zweiten-frau-der-fotografin-inge-morath-und-einem-maedchen\/","og_site_name":"Abisag T\u00fcllmann","article_modified_time":"2020-08-11T14:35:22+00:00","og_image":[{"width":951,"height":1200,"url":"https:\/\/bpk-archive.de\/tuellmann\/wp-content\/uploads\/2019\/08\/bpk_70242628.jpg","type":"image\/jpeg"}],"twitter_card":"summary_large_image","schema":{"@context":"https:\/\/schema.org","@graph":[{"@type":"WebPage","@id":"https:\/\/bpk-archive.de\/tuellmann\/produkt\/arthur-miller-zusammen-mit-seiner-zweiten-frau-der-fotografin-inge-morath-und-einem-maedchen\/","url":"https:\/\/bpk-archive.de\/tuellmann\/produkt\/arthur-miller-zusammen-mit-seiner-zweiten-frau-der-fotografin-inge-morath-und-einem-maedchen\/","name":"Arthur Miller, zusammen mit seiner zweiten Frau, der Fotografin Inge Morath, und einem M\u00e4dchen - Abisag T\u00fcllmann","isPartOf":{"@id":"https:\/\/bpk-archive.de\/tuellmann\/#website"},"primaryImageOfPage":{"@id":"https:\/\/bpk-archive.de\/tuellmann\/produkt\/arthur-miller-zusammen-mit-seiner-zweiten-frau-der-fotografin-inge-morath-und-einem-maedchen\/#primaryimage"},"image":{"@id":"https:\/\/bpk-archive.de\/tuellmann\/produkt\/arthur-miller-zusammen-mit-seiner-zweiten-frau-der-fotografin-inge-morath-und-einem-maedchen\/#primaryimage"},"thumbnailUrl":"https:\/\/bpk-archive.de\/tuellmann\/wp-content\/uploads\/2019\/08\/bpk_70242628.jpg","datePublished":"2019-09-05T14:01:17+00:00","dateModified":"2020-08-11T14:35:22+00:00","breadcrumb":{"@id":"https:\/\/bpk-archive.de\/tuellmann\/produkt\/arthur-miller-zusammen-mit-seiner-zweiten-frau-der-fotografin-inge-morath-und-einem-maedchen\/#breadcrumb"},"inLanguage":"de","potentialAction":[{"@type":"ReadAction","target":["https:\/\/bpk-archive.de\/tuellmann\/produkt\/arthur-miller-zusammen-mit-seiner-zweiten-frau-der-fotografin-inge-morath-und-einem-maedchen\/"]}]},{"@type":"ImageObject","inLanguage":"de","@id":"https:\/\/bpk-archive.de\/tuellmann\/produkt\/arthur-miller-zusammen-mit-seiner-zweiten-frau-der-fotografin-inge-morath-und-einem-maedchen\/#primaryimage","url":"https:\/\/bpk-archive.de\/tuellmann\/wp-content\/uploads\/2019\/08\/bpk_70242628.jpg","contentUrl":"https:\/\/bpk-archive.de\/tuellmann\/wp-content\/uploads\/2019\/08\/bpk_70242628.jpg","width":951,"height":1200,"caption":"Arthur Miller, zusammen mit seiner zweiten Frau, der Fotografin Inge Morath, und einem M\u00e4dchen"},{"@type":"BreadcrumbList","@id":"https:\/\/bpk-archive.de\/tuellmann\/produkt\/arthur-miller-zusammen-mit-seiner-zweiten-frau-der-fotografin-inge-morath-und-einem-maedchen\/#breadcrumb","itemListElement":[{"@type":"ListItem","position":1,"name":"Startseite","item":"https:\/\/bpk-archive.de\/tuellmann\/"},{"@type":"ListItem","position":2,"name":"Shop","item":"https:\/\/bpk-archive.de\/tuellmann\/shop\/"},{"@type":"ListItem","position":3,"name":"Arthur Miller, zusammen mit seiner zweiten Frau, der Fotografin Inge Morath, und einem M\u00e4dchen"}]},{"@type":"WebSite","@id":"https:\/\/bpk-archive.de\/tuellmann\/#website","url":"https:\/\/bpk-archive.de\/tuellmann\/","name":"Abisag T\u00fcllmann","description":"Eine weitere WordPress-Website","potentialAction":[{"@type":"SearchAction","target":{"@type":"EntryPoint","urlTemplate":"https:\/\/bpk-archive.de\/tuellmann\/?s={search_term_string}"},"query-input":{"@type":"PropertyValueSpecification","valueRequired":true,"valueName":"search_term_string"}}],"inLanguage":"de"}]}},"_links":{"self":[{"href":"https:\/\/bpk-archive.de\/tuellmann\/wp-json\/wp\/v2\/product\/70296503","targetHints":{"allow":["GET"]}}],"collection":[{"href":"https:\/\/bpk-archive.de\/tuellmann\/wp-json\/wp\/v2\/product"}],"about":[{"href":"https:\/\/bpk-archive.de\/tuellmann\/wp-json\/wp\/v2\/types\/product"}],"wp:featuredmedia":[{"embeddable":true,"href":"https:\/\/bpk-archive.de\/tuellmann\/wp-json\/wp\/v2\/media\/70292038"}],"wp:attachment":[{"href":"https:\/\/bpk-archive.de\/tuellmann\/wp-json\/wp\/v2\/media?parent=70296503"}],"wp:term":[{"taxonomy":"product_brand","embeddable":true,"href":"https:\/\/bpk-archive.de\/tuellmann\/wp-json\/wp\/v2\/product_brand?post=70296503"},{"taxonomy":"product_cat","embeddable":true,"href":"https:\/\/bpk-archive.de\/tuellmann\/wp-json\/wp\/v2\/product_cat?post=70296503"},{"taxonomy":"product_tag","embeddable":true,"href":"https:\/\/bpk-archive.de\/tuellmann\/wp-json\/wp\/v2\/product_tag?post=70296503"}],"curies":[{"name":"wp","href":"https:\/\/api.w.org\/{rel}","templated":true}]}}