{"id":70296498,"date":"2019-09-05T16:01:17","date_gmt":"2019-09-05T14:01:17","guid":{"rendered":"http:\/\/abisagtuellmann.bpk-news.de\/atbild\/heinrich-boell-waehrend-eines-gespraeches-mit-dem-regisseur-herbert-vesely\/"},"modified":"2019-09-05T16:01:18","modified_gmt":"2019-09-05T14:01:18","slug":"heinrich-boell-waehrend-eines-gespraeches-mit-dem-regisseur-herbert-vesely","status":"publish","type":"product","link":"https:\/\/bpk-archive.de\/tuellmann\/produkt\/heinrich-boell-waehrend-eines-gespraeches-mit-dem-regisseur-herbert-vesely\/","title":{"rendered":"Heinrich B\u00f6ll w\u00e4hrend eines Gespr\u00e4ches mit dem Regisseur Herbert Vesely"},"content":{"rendered":"<p>Veselys Verfilmung von B\u00f6lls Erz\u00e4hlung &#8222;Das Brot der fr\u00fchen Jahre&#8220; erschien 1962. Im Mai 1962 fand in K\u00f6ln die deutsche Erstauff\u00fchrung des Spielfilms &#8222;Das Brot der fr\u00fchen Jahre&#8220; (nach einer Erz\u00e4hlung von B\u00f6ll) statt, bei dem Vesely Regie f\u00fchrte R\u00fcckseitenbeschriftung von Hand der Fotografin: &#8222;B\u00f6ll&#8220;<\/p>\n","protected":false},"excerpt":{"rendered":"<p>Veselys Verfilmung von B\u00f6lls Erz\u00e4hlung &#8222;Das Brot der fr\u00fchen Jahre&#8220; erschien 1962. Im Mai 1962 fand in K\u00f6ln die deutsche Erstauff\u00fchrung des Spielfilms &#8222;Das Brot der fr\u00fchen Jahre&#8220; (nach einer Erz\u00e4hlung von B\u00f6ll) statt, bei dem Vesely Regie f\u00fchrte R\u00fcckseitenbeschriftung von Hand der Fotografin: &#8222;B\u00f6ll&#8220;<\/p>\n","protected":false},"featured_media":70292065,"template":"","meta":[],"product_brand":[],"product_cat":[],"product_tag":[63450,63452,13774,13232,49666,13234,49667,13231,13233,13775,62469,13777,63098,52727,52728,52729,52730,52731,52732,13784,13785,13469,50567,50568,50569,50570,13470,14060,14061,49579,49580,13253,13254,13255,13256,13257,13471,13472,63449,13473,48972,48973,48974,48975,48976,48977,48978,48979,48980,48981,48982,48983,13293,13786,13787,13294,13295,13296,13297,47267,47579,47580,47581,47582,63451,13498,52818,52819,47889,55505,55506,49582,49583,47589,47590,56428,49309,51517,13818,13819,13826,50159,49315,49316,49317,49318,49319,49320,49321,49322,49323,49324,50160,49586,49588,47899,47900,13328,13827,13828,13329,13330,13331,13332,47332,13829,13830,13831,13832,13833,13834,13835,13836,13837,13838,13839,13840,13841,13842,13843,48677,14073,14074,14075,14076,14077,48678,47333,47334,47335,47336,47337,49545,49546,49547,49548,49549,49550,49551,49552,49553,49555,13877,13879,52738,52739,52740,52741,52742,13865,13864,13866,13858,13859,13860,13861,13862,13863,13867,47701,13869,13870,13871,13872,14243,14244,14245,14246,14247,14248,14249,13878,13880,13525,14081,14082,48686,49008,49009,49010,49011,49012,49013],"class_list":{"0":"post-70296498","1":"product","2":"type-product","3":"status-publish","4":"has-post-thumbnail","6":"product_tag-boell","7":"product_tag-21-12-1917-16-7-1985","8":"product_tag-1960er-jahre","9":"product_tag-20-jahrhundert-nach-chr","10":"product_tag-20-jahrhundert-vor-chr","11":"product_tag-20-jh-n-chr","12":"product_tag-20-jh-v-chr","13":"product_tag-20-jahrhundert","14":"product_tag-20-jh","15":"product_tag-60er","16":"product_tag-abt_006","17":"product_tag-abzug","18":"product_tag-at_literatur-wissenschaft","19":"product_tag-autor","20":"product_tag-autoren","21":"product_tag-autorenportrait","22":"product_tag-autorenportraits","23":"product_tag-autorenportraet","24":"product_tag-autorenportraets","25":"product_tag-bildnis","26":"product_tag-bildnisse","27":"product_tag-brd","28":"product_tag-brustbild","29":"product_tag-brustbilder","30":"product_tag-brustbildnis","31":"product_tag-bruststueck","32":"product_tag-bundesrepublik-deutschland","33":"product_tag-cigarette","34":"product_tag-cigaretten","35":"product_tag-coeln","36":"product_tag-coelner","37":"product_tag-deutsch","38":"product_tag-deutsche","39":"product_tag-deutschen","40":"product_tag-deutscher","41":"product_tag-deutsches","42":"product_tag-deutschland","43":"product_tag-deutschlands","44":"product_tag-dialog","45":"product_tag-drinnen","46":"product_tag-ernst","47":"product_tag-ernste","48":"product_tag-ernstem","49":"product_tag-ernsten","50":"product_tag-ernster","51":"product_tag-ernstes","52":"product_tag-ernsthaft","53":"product_tag-ernsthafte","54":"product_tag-ernsthaften","55":"product_tag-ernsthafter","56":"product_tag-ernsthaftes","57":"product_tag-ernsthaftigkeit","58":"product_tag-foto","59":"product_tag-fotoabzug","60":"product_tag-fotoabzuege","61":"product_tag-fotografie","62":"product_tag-fotografien","63":"product_tag-fotografin","64":"product_tag-fotografinnen","65":"product_tag-fotoreportage","66":"product_tag-gespraech","67":"product_tag-gespraeche","68":"product_tag-gespraeches","69":"product_tag-gespraechs","70":"product_tag-heinrich","71":"product_tag-innen","72":"product_tag-intellektuelle","73":"product_tag-intellektueller","74":"product_tag-interview","75":"product_tag-kaffeetasse","76":"product_tag-kaffeetassen","77":"product_tag-koeln","78":"product_tag-koelner","79":"product_tag-konversation","80":"product_tag-konversationen","81":"product_tag-kultur","82":"product_tag-literatur","83":"product_tag-literaturgeschichte","84":"product_tag-mann","85":"product_tag-maenner","86":"product_tag-mannes","87":"product_tag-nachdenken","88":"product_tag-nachdenkend","89":"product_tag-nachdenkende","90":"product_tag-nachdenkenden","91":"product_tag-nachdenkender","92":"product_tag-nachdenkendes","93":"product_tag-nachdenklich","94":"product_tag-nachdenkliche","95":"product_tag-nachdenklichen","96":"product_tag-nachdenklicher","97":"product_tag-nachdenkliches","98":"product_tag-nachdenklichkeit","99":"product_tag-nordrhein-westfalen","100":"product_tag-nrw","101":"product_tag-persoenlichkeit","102":"product_tag-persoenlichkeiten","103":"product_tag-photo","104":"product_tag-photoabzug","105":"product_tag-photoabzuege","106":"product_tag-photographie","107":"product_tag-photographien","108":"product_tag-photographin","109":"product_tag-photographinnen","110":"product_tag-photoreportage","111":"product_tag-portrait","112":"product_tag-portraitaufnahme","113":"product_tag-portraitfoto","114":"product_tag-portraitfotografie","115":"product_tag-portraitphoto","116":"product_tag-portraitphotographie","117":"product_tag-portraits","118":"product_tag-portraet","119":"product_tag-portraetaufnahme","120":"product_tag-portraetfoto","121":"product_tag-portraetfotografie","122":"product_tag-portraetphoto","123":"product_tag-portraetphotographie","124":"product_tag-portraets","125":"product_tag-print","126":"product_tag-rauchen","127":"product_tag-rauchend","128":"product_tag-rauchende","129":"product_tag-rauchenden","130":"product_tag-rauchender","131":"product_tag-rauchendes","132":"product_tag-raucher","133":"product_tag-reportage","134":"product_tag-reportagefoto","135":"product_tag-reportagefotografie","136":"product_tag-reportagephoto","137":"product_tag-reportagephotographie","138":"product_tag-rheinisch","139":"product_tag-rheinische","140":"product_tag-rheinischen","141":"product_tag-rheinischer","142":"product_tag-rheinisches","143":"product_tag-rheinland","144":"product_tag-rheinlande","145":"product_tag-rheinlanden","146":"product_tag-rheinlandes","147":"product_tag-rheinlands","148":"product_tag-s-w-fotografie","149":"product_tag-s-w-photographie","150":"product_tag-schriftsteller","151":"product_tag-schriftstellerportrait","152":"product_tag-schriftstellerportraits","153":"product_tag-schriftstellerportraet","154":"product_tag-schriftstellerportraets","155":"product_tag-schwarzweissphotographie","156":"product_tag-schwarz-weiss-fotografie","157":"product_tag-schwarz-weiss-photographie","158":"product_tag-schwarzweiss","159":"product_tag-schwarzweisse","160":"product_tag-schwarzweissen","161":"product_tag-schwarzweisser","162":"product_tag-schwarzweisses","163":"product_tag-schwarzweissfotografie","164":"product_tag-sechziger","165":"product_tag-seitenblick","166":"product_tag-silbergelatine","167":"product_tag-silbergelatineabzug","168":"product_tag-silbergelatineabzuege","169":"product_tag-silbergelatineprint","170":"product_tag-sitzen","171":"product_tag-sitzend","172":"product_tag-sitzende","173":"product_tag-sitzenden","174":"product_tag-sitzender","175":"product_tag-sitzendes","176":"product_tag-sitzt","177":"product_tag-sw-fotografie","178":"product_tag-sw-photographie","179":"product_tag-von-innen","180":"product_tag-zigarette","181":"product_tag-zigaretten","182":"product_tag-zigarettenraucher","183":"product_tag-zuhoeren","184":"product_tag-zuhoerend","185":"product_tag-zuhoerende","186":"product_tag-zuhoerenden","187":"product_tag-zuhoerender","188":"product_tag-zuhoerendes","189":"pa_datierung-mai-1962","190":"pa_fotograf-abisag-tuellmann","191":"pa_geografischer_bezug-aufnahmeort-koeln-deutschland","192":"pa_grunddaten_material_technik-foto-silbergelatine-auf-barytpapier","193":"pa_inventarnummer-tue-62-064-25","194":"pa_jahr_von-57345","195":"pa_massangaben-bildformat-foto-296-x-232-cm","196":"pa_mediennummer-63446","197":"pa_objekt_typ-fotografie","199":"first","200":"instock","201":"product-type-simple"},"yoast_head":"<!-- This site is optimized with the Yoast SEO plugin v27.3 - https:\/\/yoast.com\/product\/yoast-seo-wordpress\/ -->\n<title>Heinrich B\u00f6ll w\u00e4hrend eines Gespr\u00e4ches mit dem Regisseur Herbert Vesely - Abisag T\u00fcllmann<\/title>\n<meta name=\"robots\" content=\"index, follow, max-snippet:-1, max-image-preview:large, max-video-preview:-1\" \/>\n<link rel=\"canonical\" href=\"https:\/\/bpk-archive.de\/tuellmann\/produkt\/heinrich-boell-waehrend-eines-gespraeches-mit-dem-regisseur-herbert-vesely\/\" \/>\n<meta property=\"og:locale\" content=\"de_DE\" \/>\n<meta property=\"og:type\" content=\"article\" \/>\n<meta property=\"og:title\" content=\"Heinrich B\u00f6ll w\u00e4hrend eines Gespr\u00e4ches mit dem Regisseur Herbert Vesely - Abisag T\u00fcllmann\" \/>\n<meta property=\"og:description\" content=\"Veselys Verfilmung von B\u00f6lls Erz\u00e4hlung &#8222;Das Brot der fr\u00fchen Jahre&#8220; erschien 1962. Im Mai 1962 fand in K\u00f6ln die deutsche Erstauff\u00fchrung des Spielfilms &#8222;Das Brot der fr\u00fchen Jahre&#8220; (nach einer Erz\u00e4hlung von B\u00f6ll) statt, bei dem Vesely Regie f\u00fchrte R\u00fcckseitenbeschriftung von Hand der Fotografin: &#8222;B\u00f6ll&#8220;\" \/>\n<meta property=\"og:url\" content=\"https:\/\/bpk-archive.de\/tuellmann\/produkt\/heinrich-boell-waehrend-eines-gespraeches-mit-dem-regisseur-herbert-vesely\/\" \/>\n<meta property=\"og:site_name\" content=\"Abisag T\u00fcllmann\" \/>\n<meta property=\"article:modified_time\" content=\"2019-09-05T14:01:18+00:00\" \/>\n<meta property=\"og:image\" content=\"https:\/\/bpk-archive.de\/tuellmann\/wp-content\/uploads\/2019\/08\/bpk_70242637.jpg\" \/>\n\t<meta property=\"og:image:width\" content=\"952\" \/>\n\t<meta property=\"og:image:height\" content=\"1200\" \/>\n\t<meta property=\"og:image:type\" content=\"image\/jpeg\" \/>\n<meta name=\"twitter:card\" content=\"summary_large_image\" \/>\n<script type=\"application\/ld+json\" class=\"yoast-schema-graph\">{\"@context\":\"https:\\\/\\\/schema.org\",\"@graph\":[{\"@type\":\"WebPage\",\"@id\":\"https:\\\/\\\/bpk-archive.de\\\/tuellmann\\\/produkt\\\/heinrich-boell-waehrend-eines-gespraeches-mit-dem-regisseur-herbert-vesely\\\/\",\"url\":\"https:\\\/\\\/bpk-archive.de\\\/tuellmann\\\/produkt\\\/heinrich-boell-waehrend-eines-gespraeches-mit-dem-regisseur-herbert-vesely\\\/\",\"name\":\"Heinrich B\u00f6ll w\u00e4hrend eines Gespr\u00e4ches mit dem Regisseur Herbert Vesely - Abisag T\u00fcllmann\",\"isPartOf\":{\"@id\":\"https:\\\/\\\/bpk-archive.de\\\/tuellmann\\\/#website\"},\"primaryImageOfPage\":{\"@id\":\"https:\\\/\\\/bpk-archive.de\\\/tuellmann\\\/produkt\\\/heinrich-boell-waehrend-eines-gespraeches-mit-dem-regisseur-herbert-vesely\\\/#primaryimage\"},\"image\":{\"@id\":\"https:\\\/\\\/bpk-archive.de\\\/tuellmann\\\/produkt\\\/heinrich-boell-waehrend-eines-gespraeches-mit-dem-regisseur-herbert-vesely\\\/#primaryimage\"},\"thumbnailUrl\":\"https:\\\/\\\/bpk-archive.de\\\/tuellmann\\\/wp-content\\\/uploads\\\/2019\\\/08\\\/bpk_70242637.jpg\",\"datePublished\":\"2019-09-05T14:01:17+00:00\",\"dateModified\":\"2019-09-05T14:01:18+00:00\",\"breadcrumb\":{\"@id\":\"https:\\\/\\\/bpk-archive.de\\\/tuellmann\\\/produkt\\\/heinrich-boell-waehrend-eines-gespraeches-mit-dem-regisseur-herbert-vesely\\\/#breadcrumb\"},\"inLanguage\":\"de\",\"potentialAction\":[{\"@type\":\"ReadAction\",\"target\":[\"https:\\\/\\\/bpk-archive.de\\\/tuellmann\\\/produkt\\\/heinrich-boell-waehrend-eines-gespraeches-mit-dem-regisseur-herbert-vesely\\\/\"]}]},{\"@type\":\"ImageObject\",\"inLanguage\":\"de\",\"@id\":\"https:\\\/\\\/bpk-archive.de\\\/tuellmann\\\/produkt\\\/heinrich-boell-waehrend-eines-gespraeches-mit-dem-regisseur-herbert-vesely\\\/#primaryimage\",\"url\":\"https:\\\/\\\/bpk-archive.de\\\/tuellmann\\\/wp-content\\\/uploads\\\/2019\\\/08\\\/bpk_70242637.jpg\",\"contentUrl\":\"https:\\\/\\\/bpk-archive.de\\\/tuellmann\\\/wp-content\\\/uploads\\\/2019\\\/08\\\/bpk_70242637.jpg\",\"width\":952,\"height\":1200,\"caption\":\"Heinrich B\u00f6ll w\u00e4hrend eines Gespr\u00e4ches mit dem Regisseur Herbert Vesely\"},{\"@type\":\"BreadcrumbList\",\"@id\":\"https:\\\/\\\/bpk-archive.de\\\/tuellmann\\\/produkt\\\/heinrich-boell-waehrend-eines-gespraeches-mit-dem-regisseur-herbert-vesely\\\/#breadcrumb\",\"itemListElement\":[{\"@type\":\"ListItem\",\"position\":1,\"name\":\"Startseite\",\"item\":\"https:\\\/\\\/bpk-archive.de\\\/tuellmann\\\/\"},{\"@type\":\"ListItem\",\"position\":2,\"name\":\"Shop\",\"item\":\"https:\\\/\\\/bpk-archive.de\\\/tuellmann\\\/shop\\\/\"},{\"@type\":\"ListItem\",\"position\":3,\"name\":\"Heinrich B\u00f6ll w\u00e4hrend eines Gespr\u00e4ches mit dem Regisseur Herbert Vesely\"}]},{\"@type\":\"WebSite\",\"@id\":\"https:\\\/\\\/bpk-archive.de\\\/tuellmann\\\/#website\",\"url\":\"https:\\\/\\\/bpk-archive.de\\\/tuellmann\\\/\",\"name\":\"Abisag T\u00fcllmann\",\"description\":\"Eine weitere WordPress-Website\",\"potentialAction\":[{\"@type\":\"SearchAction\",\"target\":{\"@type\":\"EntryPoint\",\"urlTemplate\":\"https:\\\/\\\/bpk-archive.de\\\/tuellmann\\\/?s={search_term_string}\"},\"query-input\":{\"@type\":\"PropertyValueSpecification\",\"valueRequired\":true,\"valueName\":\"search_term_string\"}}],\"inLanguage\":\"de\"}]}<\/script>\n<!-- \/ Yoast SEO plugin. -->","yoast_head_json":{"title":"Heinrich B\u00f6ll w\u00e4hrend eines Gespr\u00e4ches mit dem Regisseur Herbert Vesely - Abisag T\u00fcllmann","robots":{"index":"index","follow":"follow","max-snippet":"max-snippet:-1","max-image-preview":"max-image-preview:large","max-video-preview":"max-video-preview:-1"},"canonical":"https:\/\/bpk-archive.de\/tuellmann\/produkt\/heinrich-boell-waehrend-eines-gespraeches-mit-dem-regisseur-herbert-vesely\/","og_locale":"de_DE","og_type":"article","og_title":"Heinrich B\u00f6ll w\u00e4hrend eines Gespr\u00e4ches mit dem Regisseur Herbert Vesely - Abisag T\u00fcllmann","og_description":"Veselys Verfilmung von B\u00f6lls Erz\u00e4hlung &#8222;Das Brot der fr\u00fchen Jahre&#8220; erschien 1962. Im Mai 1962 fand in K\u00f6ln die deutsche Erstauff\u00fchrung des Spielfilms &#8222;Das Brot der fr\u00fchen Jahre&#8220; (nach einer Erz\u00e4hlung von B\u00f6ll) statt, bei dem Vesely Regie f\u00fchrte R\u00fcckseitenbeschriftung von Hand der Fotografin: &#8222;B\u00f6ll&#8220;","og_url":"https:\/\/bpk-archive.de\/tuellmann\/produkt\/heinrich-boell-waehrend-eines-gespraeches-mit-dem-regisseur-herbert-vesely\/","og_site_name":"Abisag T\u00fcllmann","article_modified_time":"2019-09-05T14:01:18+00:00","og_image":[{"width":952,"height":1200,"url":"https:\/\/bpk-archive.de\/tuellmann\/wp-content\/uploads\/2019\/08\/bpk_70242637.jpg","type":"image\/jpeg"}],"twitter_card":"summary_large_image","schema":{"@context":"https:\/\/schema.org","@graph":[{"@type":"WebPage","@id":"https:\/\/bpk-archive.de\/tuellmann\/produkt\/heinrich-boell-waehrend-eines-gespraeches-mit-dem-regisseur-herbert-vesely\/","url":"https:\/\/bpk-archive.de\/tuellmann\/produkt\/heinrich-boell-waehrend-eines-gespraeches-mit-dem-regisseur-herbert-vesely\/","name":"Heinrich B\u00f6ll w\u00e4hrend eines Gespr\u00e4ches mit dem Regisseur Herbert Vesely - Abisag T\u00fcllmann","isPartOf":{"@id":"https:\/\/bpk-archive.de\/tuellmann\/#website"},"primaryImageOfPage":{"@id":"https:\/\/bpk-archive.de\/tuellmann\/produkt\/heinrich-boell-waehrend-eines-gespraeches-mit-dem-regisseur-herbert-vesely\/#primaryimage"},"image":{"@id":"https:\/\/bpk-archive.de\/tuellmann\/produkt\/heinrich-boell-waehrend-eines-gespraeches-mit-dem-regisseur-herbert-vesely\/#primaryimage"},"thumbnailUrl":"https:\/\/bpk-archive.de\/tuellmann\/wp-content\/uploads\/2019\/08\/bpk_70242637.jpg","datePublished":"2019-09-05T14:01:17+00:00","dateModified":"2019-09-05T14:01:18+00:00","breadcrumb":{"@id":"https:\/\/bpk-archive.de\/tuellmann\/produkt\/heinrich-boell-waehrend-eines-gespraeches-mit-dem-regisseur-herbert-vesely\/#breadcrumb"},"inLanguage":"de","potentialAction":[{"@type":"ReadAction","target":["https:\/\/bpk-archive.de\/tuellmann\/produkt\/heinrich-boell-waehrend-eines-gespraeches-mit-dem-regisseur-herbert-vesely\/"]}]},{"@type":"ImageObject","inLanguage":"de","@id":"https:\/\/bpk-archive.de\/tuellmann\/produkt\/heinrich-boell-waehrend-eines-gespraeches-mit-dem-regisseur-herbert-vesely\/#primaryimage","url":"https:\/\/bpk-archive.de\/tuellmann\/wp-content\/uploads\/2019\/08\/bpk_70242637.jpg","contentUrl":"https:\/\/bpk-archive.de\/tuellmann\/wp-content\/uploads\/2019\/08\/bpk_70242637.jpg","width":952,"height":1200,"caption":"Heinrich B\u00f6ll w\u00e4hrend eines Gespr\u00e4ches mit dem Regisseur Herbert Vesely"},{"@type":"BreadcrumbList","@id":"https:\/\/bpk-archive.de\/tuellmann\/produkt\/heinrich-boell-waehrend-eines-gespraeches-mit-dem-regisseur-herbert-vesely\/#breadcrumb","itemListElement":[{"@type":"ListItem","position":1,"name":"Startseite","item":"https:\/\/bpk-archive.de\/tuellmann\/"},{"@type":"ListItem","position":2,"name":"Shop","item":"https:\/\/bpk-archive.de\/tuellmann\/shop\/"},{"@type":"ListItem","position":3,"name":"Heinrich B\u00f6ll w\u00e4hrend eines Gespr\u00e4ches mit dem Regisseur Herbert Vesely"}]},{"@type":"WebSite","@id":"https:\/\/bpk-archive.de\/tuellmann\/#website","url":"https:\/\/bpk-archive.de\/tuellmann\/","name":"Abisag T\u00fcllmann","description":"Eine weitere WordPress-Website","potentialAction":[{"@type":"SearchAction","target":{"@type":"EntryPoint","urlTemplate":"https:\/\/bpk-archive.de\/tuellmann\/?s={search_term_string}"},"query-input":{"@type":"PropertyValueSpecification","valueRequired":true,"valueName":"search_term_string"}}],"inLanguage":"de"}]}},"_links":{"self":[{"href":"https:\/\/bpk-archive.de\/tuellmann\/wp-json\/wp\/v2\/product\/70296498","targetHints":{"allow":["GET"]}}],"collection":[{"href":"https:\/\/bpk-archive.de\/tuellmann\/wp-json\/wp\/v2\/product"}],"about":[{"href":"https:\/\/bpk-archive.de\/tuellmann\/wp-json\/wp\/v2\/types\/product"}],"wp:featuredmedia":[{"embeddable":true,"href":"https:\/\/bpk-archive.de\/tuellmann\/wp-json\/wp\/v2\/media\/70292065"}],"wp:attachment":[{"href":"https:\/\/bpk-archive.de\/tuellmann\/wp-json\/wp\/v2\/media?parent=70296498"}],"wp:term":[{"taxonomy":"product_brand","embeddable":true,"href":"https:\/\/bpk-archive.de\/tuellmann\/wp-json\/wp\/v2\/product_brand?post=70296498"},{"taxonomy":"product_cat","embeddable":true,"href":"https:\/\/bpk-archive.de\/tuellmann\/wp-json\/wp\/v2\/product_cat?post=70296498"},{"taxonomy":"product_tag","embeddable":true,"href":"https:\/\/bpk-archive.de\/tuellmann\/wp-json\/wp\/v2\/product_tag?post=70296498"}],"curies":[{"name":"wp","href":"https:\/\/api.w.org\/{rel}","templated":true}]}}