{"id":70296490,"date":"2019-09-05T16:01:02","date_gmt":"2019-09-05T14:01:02","guid":{"rendered":"http:\/\/abisagtuellmann.bpk-news.de\/atbild\/lesungsreihe-von-walter-hoellerer-in-der-berliner-kongresshalle\/"},"modified":"2020-04-28T11:15:12","modified_gmt":"2020-04-28T09:15:12","slug":"lesungsreihe-von-walter-hoellerer-in-der-berliner-kongresshalle","status":"publish","type":"product","link":"https:\/\/bpk-archive.de\/tuellmann\/produkt\/lesungsreihe-von-walter-hoellerer-in-der-berliner-kongresshalle\/","title":{"rendered":"Lesungsreihe von Walter H\u00f6llerer in der Berliner Kongresshalle"},"content":{"rendered":"<p>Von links: Walter H\u00f6llerer, Elmar Tophoven, Alain Robbe-Grillet. Die Veranstaltung wurde mit Fernsehkameras aufgezeichnet und von der ARD ausgestrahlt R\u00fcckseitenbeschriftung von Hand der Fotografin: &#8222;H\u00f6llerer, Tophoven, Robbe Grillet, Kongre\u00dfhalle, H\u00f6llerers Lesereihe)&#8220;<\/p>\n","protected":false},"excerpt":{"rendered":"<p>Von links: Walter H\u00f6llerer, Elmar Tophoven, Alain Robbe-Grillet. Die Veranstaltung wurde mit Fernsehkameras aufgezeichnet und von der ARD ausgestrahlt R\u00fcckseitenbeschriftung von Hand der Fotografin: &#8222;H\u00f6llerer, Tophoven, Robbe Grillet, Kongre\u00dfhalle, H\u00f6llerers Lesereihe)&#8220;<\/p>\n","protected":false},"featured_media":70292089,"template":"","meta":[],"product_brand":[],"product_cat":[73385],"product_tag":[13774,13232,49666,13234,49667,13231,13233,13775,62469,13777,63098,52727,52728,53253,53254,53255,53256,13469,13470,13253,13254,13255,13256,13257,13471,13472,13473,13293,13786,13787,13294,13295,13296,13297,51355,51356,51357,51358,51359,51360,51361,13498,56428,63387,63388,63389,49309,51517,13328,13827,13828,13329,13330,13331,13332,13843,13877,13879,52738,13865,13864,13866,13858,13859,13860,13861,13862,13863,13867,13869,13870,13871,13872,48679,48680,48681,13878,13880,60397,60398,13525,53279,53281,53283,53285,53278,53280,53282,53284,60969,60970,60971,60972,60973,60974,60975],"class_list":{"0":"post-70296490","1":"product","2":"type-product","3":"status-publish","4":"has-post-thumbnail","6":"product_cat-literatur-wissenschaft","7":"product_tag-1960er-jahre","8":"product_tag-20-jahrhundert-nach-chr","9":"product_tag-20-jahrhundert-vor-chr","10":"product_tag-20-jh-n-chr","11":"product_tag-20-jh-v-chr","12":"product_tag-20-jahrhundert","13":"product_tag-20-jh","14":"product_tag-60er","15":"product_tag-abt_006","16":"product_tag-abzug","17":"product_tag-at_literatur-wissenschaft","18":"product_tag-autor","19":"product_tag-autoren","20":"product_tag-berlin","21":"product_tag-berliner","22":"product_tag-berliners","23":"product_tag-berlins","24":"product_tag-brd","25":"product_tag-bundesrepublik-deutschland","26":"product_tag-deutsch","27":"product_tag-deutsche","28":"product_tag-deutschen","29":"product_tag-deutscher","30":"product_tag-deutsches","31":"product_tag-deutschland","32":"product_tag-deutschlands","33":"product_tag-drinnen","34":"product_tag-foto","35":"product_tag-fotoabzug","36":"product_tag-fotoabzuege","37":"product_tag-fotografie","38":"product_tag-fotografien","39":"product_tag-fotografin","40":"product_tag-fotografinnen","41":"product_tag-franzose","42":"product_tag-franzosen","43":"product_tag-franzoesisch","44":"product_tag-franzoesische","45":"product_tag-franzoesischen","46":"product_tag-franzoesischer","47":"product_tag-franzoesisches","48":"product_tag-innen","49":"product_tag-kultur","50":"product_tag-kulturgeschichte","51":"product_tag-lesung","52":"product_tag-lesungen","53":"product_tag-literatur","54":"product_tag-literaturgeschichte","55":"product_tag-photo","56":"product_tag-photoabzug","57":"product_tag-photoabzuege","58":"product_tag-photographie","59":"product_tag-photographien","60":"product_tag-photographin","61":"product_tag-photographinnen","62":"product_tag-print","63":"product_tag-s-w-fotografie","64":"product_tag-s-w-photographie","65":"product_tag-schriftsteller","66":"product_tag-schwarzweissphotographie","67":"product_tag-schwarz-weiss-fotografie","68":"product_tag-schwarz-weiss-photographie","69":"product_tag-schwarzweiss","70":"product_tag-schwarzweisse","71":"product_tag-schwarzweissen","72":"product_tag-schwarzweisser","73":"product_tag-schwarzweisses","74":"product_tag-schwarzweissfotografie","75":"product_tag-sechziger","76":"product_tag-silbergelatine","77":"product_tag-silbergelatineabzug","78":"product_tag-silbergelatineabzuege","79":"product_tag-silbergelatineprint","80":"product_tag-stadtteil","81":"product_tag-stadtteils","82":"product_tag-stadtviertel","83":"product_tag-sw-fotografie","84":"product_tag-sw-photographie","85":"product_tag-thiergarten","86":"product_tag-tiergarten","87":"product_tag-von-innen","88":"product_tag-west-berlin","89":"product_tag-west-berliner","90":"product_tag-west-berliners","91":"product_tag-west-berlins","92":"product_tag-westberlin","93":"product_tag-westberliner","94":"product_tag-westberliners","95":"product_tag-westberlins","96":"product_tag-westdeutsch","97":"product_tag-westdeutsche","98":"product_tag-westdeutschen","99":"product_tag-westdeutscher","100":"product_tag-westdeutsches","101":"product_tag-westdeutschland","102":"product_tag-westdeutschlands","103":"pa_datierung-dezember-1961","104":"pa_fotograf-abisag-tuellmann","105":"pa_geografischer_bezug-aufnahmeort-berlin-tiergarten-brd-deutschland","106":"pa_grunddaten_material_technik-foto-silbergelatine-auf-barytpapier","107":"pa_inventarnummer-tue-61-295-07","108":"pa_jahr_von-55112","109":"pa_massangaben-bildformat-foto-233-x-296-cm","110":"pa_mediennummer-63402","111":"pa_objekt_typ-fotografie","113":"first","114":"instock","115":"product-type-simple"},"yoast_head":"<!-- This site is optimized with the Yoast SEO plugin v27.4 - https:\/\/yoast.com\/product\/yoast-seo-wordpress\/ -->\n<title>Lesungsreihe von Walter H\u00f6llerer in der Berliner Kongresshalle - Abisag T\u00fcllmann<\/title>\n<meta name=\"robots\" content=\"index, follow, max-snippet:-1, max-image-preview:large, max-video-preview:-1\" \/>\n<link rel=\"canonical\" href=\"https:\/\/bpk-archive.de\/tuellmann\/produkt\/lesungsreihe-von-walter-hoellerer-in-der-berliner-kongresshalle\/\" \/>\n<meta property=\"og:locale\" content=\"de_DE\" \/>\n<meta property=\"og:type\" content=\"article\" \/>\n<meta property=\"og:title\" content=\"Lesungsreihe von Walter H\u00f6llerer in der Berliner Kongresshalle - Abisag T\u00fcllmann\" \/>\n<meta property=\"og:description\" content=\"Von links: Walter H\u00f6llerer, Elmar Tophoven, Alain Robbe-Grillet. Die Veranstaltung wurde mit Fernsehkameras aufgezeichnet und von der ARD ausgestrahlt R\u00fcckseitenbeschriftung von Hand der Fotografin: &#8222;H\u00f6llerer, Tophoven, Robbe Grillet, Kongre\u00dfhalle, H\u00f6llerers Lesereihe)&#8220;\" \/>\n<meta property=\"og:url\" content=\"https:\/\/bpk-archive.de\/tuellmann\/produkt\/lesungsreihe-von-walter-hoellerer-in-der-berliner-kongresshalle\/\" \/>\n<meta property=\"og:site_name\" content=\"Abisag T\u00fcllmann\" \/>\n<meta property=\"article:modified_time\" content=\"2020-04-28T09:15:12+00:00\" \/>\n<meta property=\"og:image\" content=\"https:\/\/bpk-archive.de\/tuellmann\/wp-content\/uploads\/2019\/08\/bpk_70242645.jpg\" \/>\n\t<meta property=\"og:image:width\" content=\"1200\" \/>\n\t<meta property=\"og:image:height\" content=\"954\" \/>\n\t<meta property=\"og:image:type\" content=\"image\/jpeg\" \/>\n<meta name=\"twitter:card\" content=\"summary_large_image\" \/>\n<script type=\"application\/ld+json\" class=\"yoast-schema-graph\">{\"@context\":\"https:\\\/\\\/schema.org\",\"@graph\":[{\"@type\":\"WebPage\",\"@id\":\"https:\\\/\\\/bpk-archive.de\\\/tuellmann\\\/produkt\\\/lesungsreihe-von-walter-hoellerer-in-der-berliner-kongresshalle\\\/\",\"url\":\"https:\\\/\\\/bpk-archive.de\\\/tuellmann\\\/produkt\\\/lesungsreihe-von-walter-hoellerer-in-der-berliner-kongresshalle\\\/\",\"name\":\"Lesungsreihe von Walter H\u00f6llerer in der Berliner Kongresshalle - Abisag T\u00fcllmann\",\"isPartOf\":{\"@id\":\"https:\\\/\\\/bpk-archive.de\\\/tuellmann\\\/#website\"},\"primaryImageOfPage\":{\"@id\":\"https:\\\/\\\/bpk-archive.de\\\/tuellmann\\\/produkt\\\/lesungsreihe-von-walter-hoellerer-in-der-berliner-kongresshalle\\\/#primaryimage\"},\"image\":{\"@id\":\"https:\\\/\\\/bpk-archive.de\\\/tuellmann\\\/produkt\\\/lesungsreihe-von-walter-hoellerer-in-der-berliner-kongresshalle\\\/#primaryimage\"},\"thumbnailUrl\":\"https:\\\/\\\/bpk-archive.de\\\/tuellmann\\\/wp-content\\\/uploads\\\/2019\\\/08\\\/bpk_70242645.jpg\",\"datePublished\":\"2019-09-05T14:01:02+00:00\",\"dateModified\":\"2020-04-28T09:15:12+00:00\",\"breadcrumb\":{\"@id\":\"https:\\\/\\\/bpk-archive.de\\\/tuellmann\\\/produkt\\\/lesungsreihe-von-walter-hoellerer-in-der-berliner-kongresshalle\\\/#breadcrumb\"},\"inLanguage\":\"de\",\"potentialAction\":[{\"@type\":\"ReadAction\",\"target\":[\"https:\\\/\\\/bpk-archive.de\\\/tuellmann\\\/produkt\\\/lesungsreihe-von-walter-hoellerer-in-der-berliner-kongresshalle\\\/\"]}]},{\"@type\":\"ImageObject\",\"inLanguage\":\"de\",\"@id\":\"https:\\\/\\\/bpk-archive.de\\\/tuellmann\\\/produkt\\\/lesungsreihe-von-walter-hoellerer-in-der-berliner-kongresshalle\\\/#primaryimage\",\"url\":\"https:\\\/\\\/bpk-archive.de\\\/tuellmann\\\/wp-content\\\/uploads\\\/2019\\\/08\\\/bpk_70242645.jpg\",\"contentUrl\":\"https:\\\/\\\/bpk-archive.de\\\/tuellmann\\\/wp-content\\\/uploads\\\/2019\\\/08\\\/bpk_70242645.jpg\",\"width\":1200,\"height\":954,\"caption\":\"Lesungsreihe von Walter H\u00f6llerer in der Berliner Kongresshalle\"},{\"@type\":\"BreadcrumbList\",\"@id\":\"https:\\\/\\\/bpk-archive.de\\\/tuellmann\\\/produkt\\\/lesungsreihe-von-walter-hoellerer-in-der-berliner-kongresshalle\\\/#breadcrumb\",\"itemListElement\":[{\"@type\":\"ListItem\",\"position\":1,\"name\":\"Startseite\",\"item\":\"https:\\\/\\\/bpk-archive.de\\\/tuellmann\\\/\"},{\"@type\":\"ListItem\",\"position\":2,\"name\":\"Shop\",\"item\":\"https:\\\/\\\/bpk-archive.de\\\/tuellmann\\\/shop\\\/\"},{\"@type\":\"ListItem\",\"position\":3,\"name\":\"Lesungsreihe von Walter H\u00f6llerer in der Berliner Kongresshalle\"}]},{\"@type\":\"WebSite\",\"@id\":\"https:\\\/\\\/bpk-archive.de\\\/tuellmann\\\/#website\",\"url\":\"https:\\\/\\\/bpk-archive.de\\\/tuellmann\\\/\",\"name\":\"Abisag T\u00fcllmann\",\"description\":\"Eine weitere WordPress-Website\",\"potentialAction\":[{\"@type\":\"SearchAction\",\"target\":{\"@type\":\"EntryPoint\",\"urlTemplate\":\"https:\\\/\\\/bpk-archive.de\\\/tuellmann\\\/?s={search_term_string}\"},\"query-input\":{\"@type\":\"PropertyValueSpecification\",\"valueRequired\":true,\"valueName\":\"search_term_string\"}}],\"inLanguage\":\"de\"}]}<\/script>\n<!-- \/ Yoast SEO plugin. -->","yoast_head_json":{"title":"Lesungsreihe von Walter H\u00f6llerer in der Berliner Kongresshalle - Abisag T\u00fcllmann","robots":{"index":"index","follow":"follow","max-snippet":"max-snippet:-1","max-image-preview":"max-image-preview:large","max-video-preview":"max-video-preview:-1"},"canonical":"https:\/\/bpk-archive.de\/tuellmann\/produkt\/lesungsreihe-von-walter-hoellerer-in-der-berliner-kongresshalle\/","og_locale":"de_DE","og_type":"article","og_title":"Lesungsreihe von Walter H\u00f6llerer in der Berliner Kongresshalle - Abisag T\u00fcllmann","og_description":"Von links: Walter H\u00f6llerer, Elmar Tophoven, Alain Robbe-Grillet. Die Veranstaltung wurde mit Fernsehkameras aufgezeichnet und von der ARD ausgestrahlt R\u00fcckseitenbeschriftung von Hand der Fotografin: &#8222;H\u00f6llerer, Tophoven, Robbe Grillet, Kongre\u00dfhalle, H\u00f6llerers Lesereihe)&#8220;","og_url":"https:\/\/bpk-archive.de\/tuellmann\/produkt\/lesungsreihe-von-walter-hoellerer-in-der-berliner-kongresshalle\/","og_site_name":"Abisag T\u00fcllmann","article_modified_time":"2020-04-28T09:15:12+00:00","og_image":[{"width":1200,"height":954,"url":"https:\/\/bpk-archive.de\/tuellmann\/wp-content\/uploads\/2019\/08\/bpk_70242645.jpg","type":"image\/jpeg"}],"twitter_card":"summary_large_image","schema":{"@context":"https:\/\/schema.org","@graph":[{"@type":"WebPage","@id":"https:\/\/bpk-archive.de\/tuellmann\/produkt\/lesungsreihe-von-walter-hoellerer-in-der-berliner-kongresshalle\/","url":"https:\/\/bpk-archive.de\/tuellmann\/produkt\/lesungsreihe-von-walter-hoellerer-in-der-berliner-kongresshalle\/","name":"Lesungsreihe von Walter H\u00f6llerer in der Berliner Kongresshalle - Abisag T\u00fcllmann","isPartOf":{"@id":"https:\/\/bpk-archive.de\/tuellmann\/#website"},"primaryImageOfPage":{"@id":"https:\/\/bpk-archive.de\/tuellmann\/produkt\/lesungsreihe-von-walter-hoellerer-in-der-berliner-kongresshalle\/#primaryimage"},"image":{"@id":"https:\/\/bpk-archive.de\/tuellmann\/produkt\/lesungsreihe-von-walter-hoellerer-in-der-berliner-kongresshalle\/#primaryimage"},"thumbnailUrl":"https:\/\/bpk-archive.de\/tuellmann\/wp-content\/uploads\/2019\/08\/bpk_70242645.jpg","datePublished":"2019-09-05T14:01:02+00:00","dateModified":"2020-04-28T09:15:12+00:00","breadcrumb":{"@id":"https:\/\/bpk-archive.de\/tuellmann\/produkt\/lesungsreihe-von-walter-hoellerer-in-der-berliner-kongresshalle\/#breadcrumb"},"inLanguage":"de","potentialAction":[{"@type":"ReadAction","target":["https:\/\/bpk-archive.de\/tuellmann\/produkt\/lesungsreihe-von-walter-hoellerer-in-der-berliner-kongresshalle\/"]}]},{"@type":"ImageObject","inLanguage":"de","@id":"https:\/\/bpk-archive.de\/tuellmann\/produkt\/lesungsreihe-von-walter-hoellerer-in-der-berliner-kongresshalle\/#primaryimage","url":"https:\/\/bpk-archive.de\/tuellmann\/wp-content\/uploads\/2019\/08\/bpk_70242645.jpg","contentUrl":"https:\/\/bpk-archive.de\/tuellmann\/wp-content\/uploads\/2019\/08\/bpk_70242645.jpg","width":1200,"height":954,"caption":"Lesungsreihe von Walter H\u00f6llerer in der Berliner Kongresshalle"},{"@type":"BreadcrumbList","@id":"https:\/\/bpk-archive.de\/tuellmann\/produkt\/lesungsreihe-von-walter-hoellerer-in-der-berliner-kongresshalle\/#breadcrumb","itemListElement":[{"@type":"ListItem","position":1,"name":"Startseite","item":"https:\/\/bpk-archive.de\/tuellmann\/"},{"@type":"ListItem","position":2,"name":"Shop","item":"https:\/\/bpk-archive.de\/tuellmann\/shop\/"},{"@type":"ListItem","position":3,"name":"Lesungsreihe von Walter H\u00f6llerer in der Berliner Kongresshalle"}]},{"@type":"WebSite","@id":"https:\/\/bpk-archive.de\/tuellmann\/#website","url":"https:\/\/bpk-archive.de\/tuellmann\/","name":"Abisag T\u00fcllmann","description":"Eine weitere WordPress-Website","potentialAction":[{"@type":"SearchAction","target":{"@type":"EntryPoint","urlTemplate":"https:\/\/bpk-archive.de\/tuellmann\/?s={search_term_string}"},"query-input":{"@type":"PropertyValueSpecification","valueRequired":true,"valueName":"search_term_string"}}],"inLanguage":"de"}]}},"_links":{"self":[{"href":"https:\/\/bpk-archive.de\/tuellmann\/wp-json\/wp\/v2\/product\/70296490","targetHints":{"allow":["GET"]}}],"collection":[{"href":"https:\/\/bpk-archive.de\/tuellmann\/wp-json\/wp\/v2\/product"}],"about":[{"href":"https:\/\/bpk-archive.de\/tuellmann\/wp-json\/wp\/v2\/types\/product"}],"wp:featuredmedia":[{"embeddable":true,"href":"https:\/\/bpk-archive.de\/tuellmann\/wp-json\/wp\/v2\/media\/70292089"}],"wp:attachment":[{"href":"https:\/\/bpk-archive.de\/tuellmann\/wp-json\/wp\/v2\/media?parent=70296490"}],"wp:term":[{"taxonomy":"product_brand","embeddable":true,"href":"https:\/\/bpk-archive.de\/tuellmann\/wp-json\/wp\/v2\/product_brand?post=70296490"},{"taxonomy":"product_cat","embeddable":true,"href":"https:\/\/bpk-archive.de\/tuellmann\/wp-json\/wp\/v2\/product_cat?post=70296490"},{"taxonomy":"product_tag","embeddable":true,"href":"https:\/\/bpk-archive.de\/tuellmann\/wp-json\/wp\/v2\/product_tag?post=70296490"}],"curies":[{"name":"wp","href":"https:\/\/api.w.org\/{rel}","templated":true}]}}