{"id":70296477,"date":"2019-09-05T16:00:45","date_gmt":"2019-09-05T14:00:45","guid":{"rendered":"http:\/\/abisagtuellmann.bpk-news.de\/atbild\/black-panther-solidaritaetsdemonstration-fuer-die-freilassung-des-in-den-usa-inhaftierten-buergerrechtlers-bobby-seale\/"},"modified":"2020-06-25T16:04:34","modified_gmt":"2020-06-25T14:04:34","slug":"black-panther-solidaritaetsdemonstration-fuer-die-freilassung-des-in-den-usa-inhaftierten-buergerrechtlers-bobby-seale","status":"publish","type":"product","link":"https:\/\/bpk-archive.de\/tuellmann\/produkt\/black-panther-solidaritaetsdemonstration-fuer-die-freilassung-des-in-den-usa-inhaftierten-buergerrechtlers-bobby-seale\/","title":{"rendered":"&#8222;Black Panther&#8220;-Solidarit\u00e4tsdemonstration f\u00fcr die Freilassung des in den USA inhaftierten B\u00fcrgerrechtlers Bobby Seale"},"content":{"rendered":"","protected":false},"excerpt":{"rendered":"","protected":false},"featured_media":70292223,"template":"","meta":[],"product_brand":[],"product_cat":[73373],"product_tag":[63307,14054,14055,13230,13232,13234,13231,13233,14056,14057,13235,62641,13777,14058,54332,63308,13250,54333,13606,47988,55409,55410,63309,13469,13470,56798,56799,63310,63311,55411,13607,13608,13609,13610,13611,13612,13613,13615,13616,13617,13618,13619,13620,13621,13622,13623,13624,13253,13254,13255,13256,13257,13471,13472,13260,51101,51102,51103,51104,51108,51109,13293,13786,13787,13294,13295,13296,13297,13485,13486,13482,13481,13483,13484,63312,51110,51111,14066,14327,48986,48987,63313,13492,13493,13494,13495,13496,13497,13301,63314,63315,13626,13627,13319,13320,13321,13322,13323,48309,48310,48311,48312,48313,48314,48315,47899,47900,13328,13827,13828,13329,13330,13331,13332,50733,50734,48322,13843,13641,62470,13642,13643,13644,13645,13646,13647,13648,13649,13653,47594,47595,13877,13879,13865,13864,13866,13858,13859,13860,13861,13862,13863,63316,13354,13869,13870,13871,13872,53808,13519,13520,13521,13522,13523,13524,13876,13878,13880,13655,13656,58838,58836,51274,51275,51276,51277,51278,58837,58840,58839,63317,63318,47615],"class_list":{"0":"post-70296477","1":"product","2":"type-product","3":"status-publish","4":"has-post-thumbnail","6":"product_cat-black-panther","7":"product_tag-22-10-1936","8":"product_tag-1968er","9":"product_tag-1968er-bewegung","10":"product_tag-1970er-jahre","11":"product_tag-20-jahrhundert-nach-chr","12":"product_tag-20-jh-n-chr","13":"product_tag-20-jahrhundert","14":"product_tag-20-jh","15":"product_tag-68er","16":"product_tag-68er-bewegung","17":"product_tag-70er","18":"product_tag-abt_022","19":"product_tag-abzug","20":"product_tag-achtundsechziger","21":"product_tag-apo","22":"product_tag-at_black-panther","23":"product_tag-aussen","24":"product_tag-ausserparlamentarische-opposition","25":"product_tag-banner","26":"product_tag-bild-im-bild","27":"product_tag-black-panther","28":"product_tag-black-power","29":"product_tag-bobby","30":"product_tag-brd","31":"product_tag-bundesrepublik-deutschland","32":"product_tag-buergerrecht","33":"product_tag-buergerrechte","34":"product_tag-buergerrechtler","35":"product_tag-buergerrechtlern","36":"product_tag-buergerrechtsbewegung","37":"product_tag-demo","38":"product_tag-demonstrant","39":"product_tag-demonstranten","40":"product_tag-demonstration","41":"product_tag-demonstrationen","42":"product_tag-demonstrationsplakat","43":"product_tag-demonstrationsschild","44":"product_tag-demonstrieren","45":"product_tag-demonstrierend","46":"product_tag-demonstrierende","47":"product_tag-demonstrierenden","48":"product_tag-demonstrierender","49":"product_tag-demonstrierendes","50":"product_tag-demonstriert","51":"product_tag-demoplakat","52":"product_tag-demos","53":"product_tag-demoschild","54":"product_tag-deutsch","55":"product_tag-deutsche","56":"product_tag-deutschen","57":"product_tag-deutscher","58":"product_tag-deutsches","59":"product_tag-deutschland","60":"product_tag-deutschlands","61":"product_tag-draussen","62":"product_tag-fahne","63":"product_tag-fahnen","64":"product_tag-faust","65":"product_tag-faeuste","66":"product_tag-flagge","67":"product_tag-flaggen","68":"product_tag-foto","69":"product_tag-fotoabzug","70":"product_tag-fotoabzuege","71":"product_tag-fotografie","72":"product_tag-fotografien","73":"product_tag-fotografin","74":"product_tag-fotografinnen","75":"product_tag-frankfurt-m","76":"product_tag-frankfurt-main","77":"product_tag-frankfurt-a-main","78":"product_tag-frankfurt-a-m","79":"product_tag-frankfurt-am-main","80":"product_tag-frankfurter","81":"product_tag-freilassung","82":"product_tag-geballte-faust","83":"product_tag-geballte-faeuste","84":"product_tag-geschichte","85":"product_tag-gesellschaft","86":"product_tag-geste","87":"product_tag-gesten","88":"product_tag-haft","89":"product_tag-hessen","90":"product_tag-hessisch","91":"product_tag-hessische","92":"product_tag-hessischen","93":"product_tag-hessischer","94":"product_tag-hessisches","95":"product_tag-im-freien","96":"product_tag-inhaftiert","97":"product_tag-inhaftierung","98":"product_tag-kundgebung","99":"product_tag-kundgebungen","100":"product_tag-menschenansammlung","101":"product_tag-menschenauflauf","102":"product_tag-menschenmassen","103":"product_tag-menschenmenge","104":"product_tag-menschenschar","105":"product_tag-nacht","106":"product_tag-naechtlich","107":"product_tag-naechtliche","108":"product_tag-naechtlichen","109":"product_tag-naechtlicher","110":"product_tag-naechtliches","111":"product_tag-nachts","112":"product_tag-persoenlichkeit","113":"product_tag-persoenlichkeiten","114":"product_tag-photo","115":"product_tag-photoabzug","116":"product_tag-photoabzuege","117":"product_tag-photographie","118":"product_tag-photographien","119":"product_tag-photographin","120":"product_tag-photographinnen","121":"product_tag-platz","122":"product_tag-plaetze","123":"product_tag-politik","124":"product_tag-print","125":"product_tag-protest","126":"product_tag-protestbewegung","127":"product_tag-proteste","128":"product_tag-protestieren","129":"product_tag-protestierend","130":"product_tag-protestierende","131":"product_tag-protestierenden","132":"product_tag-protestierender","133":"product_tag-protestierendes","134":"product_tag-protestiert","135":"product_tag-protestschild","136":"product_tag-rueckansicht","137":"product_tag-rueckseite","138":"product_tag-s-w-fotografie","139":"product_tag-s-w-photographie","140":"product_tag-schwarzweissphotographie","141":"product_tag-schwarz-weiss-fotografie","142":"product_tag-schwarz-weiss-photographie","143":"product_tag-schwarzweiss","144":"product_tag-schwarzweisse","145":"product_tag-schwarzweissen","146":"product_tag-schwarzweisser","147":"product_tag-schwarzweisses","148":"product_tag-schwarzweissfotografie","149":"product_tag-seale","150":"product_tag-siebziger","151":"product_tag-silbergelatine","152":"product_tag-silbergelatineabzug","153":"product_tag-silbergelatineabzuege","154":"product_tag-silbergelatineprint","155":"product_tag-solidaritaet","156":"product_tag-stehen","157":"product_tag-stehend","158":"product_tag-stehende","159":"product_tag-stehenden","160":"product_tag-stehender","161":"product_tag-stehendes","162":"product_tag-studentenbewegung","163":"product_tag-sw-fotografie","164":"product_tag-sw-photographie","165":"product_tag-transparent","166":"product_tag-transparente","167":"product_tag-u-s-a","168":"product_tag-united-states-of-america","169":"product_tag-us-amerikanisch","170":"product_tag-us-amerikanische","171":"product_tag-us-amerikanischen","172":"product_tag-us-amerikanischer","173":"product_tag-us-amerikanisches","174":"product_tag-usa","175":"product_tag-vereinigte-staaten-von-amerika","176":"product_tag-vereinigten-staaten-von-amerika","177":"product_tag-verhaftung","178":"product_tag-verhaftungen","179":"product_tag-von-hinten","180":"pa_datierung-28-11-1970","181":"pa_fotograf-abisag-tuellmann","182":"pa_geografischer_bezug-aufnahmeort-frankfurt-am-main-deutschland","183":"pa_grunddaten_material_technik-foto-silbergelatine-auf-barytpapier","184":"pa_inventarnummer-tue-70-291-34","185":"pa_jahr_von-53324","186":"pa_massangaben-bildformat-foto-303-x-397-cm","187":"pa_mediennummer-63305","188":"pa_objekt_typ-fotografie","190":"first","191":"instock","192":"product-type-simple"},"yoast_head":"<!-- This site is optimized with the Yoast SEO plugin v27.4 - https:\/\/yoast.com\/product\/yoast-seo-wordpress\/ -->\n<title>&quot;Black Panther&quot;-Solidarit\u00e4tsdemonstration f\u00fcr die Freilassung des in den USA inhaftierten B\u00fcrgerrechtlers Bobby Seale - Abisag T\u00fcllmann<\/title>\n<meta name=\"robots\" content=\"index, follow, max-snippet:-1, max-image-preview:large, max-video-preview:-1\" \/>\n<link rel=\"canonical\" href=\"https:\/\/bpk-archive.de\/tuellmann\/produkt\/black-panther-solidaritaetsdemonstration-fuer-die-freilassung-des-in-den-usa-inhaftierten-buergerrechtlers-bobby-seale\/\" \/>\n<meta property=\"og:locale\" content=\"de_DE\" \/>\n<meta property=\"og:type\" content=\"article\" \/>\n<meta property=\"og:title\" content=\"&quot;Black Panther&quot;-Solidarit\u00e4tsdemonstration f\u00fcr die Freilassung des in den USA inhaftierten B\u00fcrgerrechtlers Bobby Seale - Abisag T\u00fcllmann\" \/>\n<meta property=\"og:url\" content=\"https:\/\/bpk-archive.de\/tuellmann\/produkt\/black-panther-solidaritaetsdemonstration-fuer-die-freilassung-des-in-den-usa-inhaftierten-buergerrechtlers-bobby-seale\/\" \/>\n<meta property=\"og:site_name\" content=\"Abisag T\u00fcllmann\" \/>\n<meta property=\"article:modified_time\" content=\"2020-06-25T14:04:34+00:00\" \/>\n<meta property=\"og:image\" content=\"https:\/\/bpk-archive.de\/tuellmann\/wp-content\/uploads\/2019\/08\/bpk_70242790.jpg\" \/>\n\t<meta property=\"og:image:width\" content=\"1200\" \/>\n\t<meta property=\"og:image:height\" content=\"919\" \/>\n\t<meta property=\"og:image:type\" content=\"image\/jpeg\" \/>\n<meta name=\"twitter:card\" content=\"summary_large_image\" \/>\n<script type=\"application\/ld+json\" class=\"yoast-schema-graph\">{\"@context\":\"https:\\\/\\\/schema.org\",\"@graph\":[{\"@type\":\"WebPage\",\"@id\":\"https:\\\/\\\/bpk-archive.de\\\/tuellmann\\\/produkt\\\/black-panther-solidaritaetsdemonstration-fuer-die-freilassung-des-in-den-usa-inhaftierten-buergerrechtlers-bobby-seale\\\/\",\"url\":\"https:\\\/\\\/bpk-archive.de\\\/tuellmann\\\/produkt\\\/black-panther-solidaritaetsdemonstration-fuer-die-freilassung-des-in-den-usa-inhaftierten-buergerrechtlers-bobby-seale\\\/\",\"name\":\"\\\"Black Panther\\\"-Solidarit\u00e4tsdemonstration f\u00fcr die Freilassung des in den USA inhaftierten B\u00fcrgerrechtlers Bobby Seale - Abisag T\u00fcllmann\",\"isPartOf\":{\"@id\":\"https:\\\/\\\/bpk-archive.de\\\/tuellmann\\\/#website\"},\"primaryImageOfPage\":{\"@id\":\"https:\\\/\\\/bpk-archive.de\\\/tuellmann\\\/produkt\\\/black-panther-solidaritaetsdemonstration-fuer-die-freilassung-des-in-den-usa-inhaftierten-buergerrechtlers-bobby-seale\\\/#primaryimage\"},\"image\":{\"@id\":\"https:\\\/\\\/bpk-archive.de\\\/tuellmann\\\/produkt\\\/black-panther-solidaritaetsdemonstration-fuer-die-freilassung-des-in-den-usa-inhaftierten-buergerrechtlers-bobby-seale\\\/#primaryimage\"},\"thumbnailUrl\":\"https:\\\/\\\/bpk-archive.de\\\/tuellmann\\\/wp-content\\\/uploads\\\/2019\\\/08\\\/bpk_70242790.jpg\",\"datePublished\":\"2019-09-05T14:00:45+00:00\",\"dateModified\":\"2020-06-25T14:04:34+00:00\",\"breadcrumb\":{\"@id\":\"https:\\\/\\\/bpk-archive.de\\\/tuellmann\\\/produkt\\\/black-panther-solidaritaetsdemonstration-fuer-die-freilassung-des-in-den-usa-inhaftierten-buergerrechtlers-bobby-seale\\\/#breadcrumb\"},\"inLanguage\":\"de\",\"potentialAction\":[{\"@type\":\"ReadAction\",\"target\":[\"https:\\\/\\\/bpk-archive.de\\\/tuellmann\\\/produkt\\\/black-panther-solidaritaetsdemonstration-fuer-die-freilassung-des-in-den-usa-inhaftierten-buergerrechtlers-bobby-seale\\\/\"]}]},{\"@type\":\"ImageObject\",\"inLanguage\":\"de\",\"@id\":\"https:\\\/\\\/bpk-archive.de\\\/tuellmann\\\/produkt\\\/black-panther-solidaritaetsdemonstration-fuer-die-freilassung-des-in-den-usa-inhaftierten-buergerrechtlers-bobby-seale\\\/#primaryimage\",\"url\":\"https:\\\/\\\/bpk-archive.de\\\/tuellmann\\\/wp-content\\\/uploads\\\/2019\\\/08\\\/bpk_70242790.jpg\",\"contentUrl\":\"https:\\\/\\\/bpk-archive.de\\\/tuellmann\\\/wp-content\\\/uploads\\\/2019\\\/08\\\/bpk_70242790.jpg\",\"width\":1200,\"height\":919,\"caption\":\"\\\"Black Panther\\\"-Solidarit\u00e4tsdemonstration f\u00fcr die Freilassung des in den USA inhaftierten B\u00fcrgerrechtlers Bobby Seale\"},{\"@type\":\"BreadcrumbList\",\"@id\":\"https:\\\/\\\/bpk-archive.de\\\/tuellmann\\\/produkt\\\/black-panther-solidaritaetsdemonstration-fuer-die-freilassung-des-in-den-usa-inhaftierten-buergerrechtlers-bobby-seale\\\/#breadcrumb\",\"itemListElement\":[{\"@type\":\"ListItem\",\"position\":1,\"name\":\"Startseite\",\"item\":\"https:\\\/\\\/bpk-archive.de\\\/tuellmann\\\/\"},{\"@type\":\"ListItem\",\"position\":2,\"name\":\"Shop\",\"item\":\"https:\\\/\\\/bpk-archive.de\\\/tuellmann\\\/shop\\\/\"},{\"@type\":\"ListItem\",\"position\":3,\"name\":\"&#8220;Black Panther&#8221;-Solidarit\u00e4tsdemonstration f\u00fcr die Freilassung des in den USA inhaftierten B\u00fcrgerrechtlers Bobby Seale\"}]},{\"@type\":\"WebSite\",\"@id\":\"https:\\\/\\\/bpk-archive.de\\\/tuellmann\\\/#website\",\"url\":\"https:\\\/\\\/bpk-archive.de\\\/tuellmann\\\/\",\"name\":\"Abisag T\u00fcllmann\",\"description\":\"Eine weitere WordPress-Website\",\"potentialAction\":[{\"@type\":\"SearchAction\",\"target\":{\"@type\":\"EntryPoint\",\"urlTemplate\":\"https:\\\/\\\/bpk-archive.de\\\/tuellmann\\\/?s={search_term_string}\"},\"query-input\":{\"@type\":\"PropertyValueSpecification\",\"valueRequired\":true,\"valueName\":\"search_term_string\"}}],\"inLanguage\":\"de\"}]}<\/script>\n<!-- \/ Yoast SEO plugin. -->","yoast_head_json":{"title":"\"Black Panther\"-Solidarit\u00e4tsdemonstration f\u00fcr die Freilassung des in den USA inhaftierten B\u00fcrgerrechtlers Bobby Seale - Abisag T\u00fcllmann","robots":{"index":"index","follow":"follow","max-snippet":"max-snippet:-1","max-image-preview":"max-image-preview:large","max-video-preview":"max-video-preview:-1"},"canonical":"https:\/\/bpk-archive.de\/tuellmann\/produkt\/black-panther-solidaritaetsdemonstration-fuer-die-freilassung-des-in-den-usa-inhaftierten-buergerrechtlers-bobby-seale\/","og_locale":"de_DE","og_type":"article","og_title":"\"Black Panther\"-Solidarit\u00e4tsdemonstration f\u00fcr die Freilassung des in den USA inhaftierten B\u00fcrgerrechtlers Bobby Seale - Abisag T\u00fcllmann","og_url":"https:\/\/bpk-archive.de\/tuellmann\/produkt\/black-panther-solidaritaetsdemonstration-fuer-die-freilassung-des-in-den-usa-inhaftierten-buergerrechtlers-bobby-seale\/","og_site_name":"Abisag T\u00fcllmann","article_modified_time":"2020-06-25T14:04:34+00:00","og_image":[{"width":1200,"height":919,"url":"https:\/\/bpk-archive.de\/tuellmann\/wp-content\/uploads\/2019\/08\/bpk_70242790.jpg","type":"image\/jpeg"}],"twitter_card":"summary_large_image","schema":{"@context":"https:\/\/schema.org","@graph":[{"@type":"WebPage","@id":"https:\/\/bpk-archive.de\/tuellmann\/produkt\/black-panther-solidaritaetsdemonstration-fuer-die-freilassung-des-in-den-usa-inhaftierten-buergerrechtlers-bobby-seale\/","url":"https:\/\/bpk-archive.de\/tuellmann\/produkt\/black-panther-solidaritaetsdemonstration-fuer-die-freilassung-des-in-den-usa-inhaftierten-buergerrechtlers-bobby-seale\/","name":"\"Black Panther\"-Solidarit\u00e4tsdemonstration f\u00fcr die Freilassung des in den USA inhaftierten B\u00fcrgerrechtlers Bobby Seale - Abisag T\u00fcllmann","isPartOf":{"@id":"https:\/\/bpk-archive.de\/tuellmann\/#website"},"primaryImageOfPage":{"@id":"https:\/\/bpk-archive.de\/tuellmann\/produkt\/black-panther-solidaritaetsdemonstration-fuer-die-freilassung-des-in-den-usa-inhaftierten-buergerrechtlers-bobby-seale\/#primaryimage"},"image":{"@id":"https:\/\/bpk-archive.de\/tuellmann\/produkt\/black-panther-solidaritaetsdemonstration-fuer-die-freilassung-des-in-den-usa-inhaftierten-buergerrechtlers-bobby-seale\/#primaryimage"},"thumbnailUrl":"https:\/\/bpk-archive.de\/tuellmann\/wp-content\/uploads\/2019\/08\/bpk_70242790.jpg","datePublished":"2019-09-05T14:00:45+00:00","dateModified":"2020-06-25T14:04:34+00:00","breadcrumb":{"@id":"https:\/\/bpk-archive.de\/tuellmann\/produkt\/black-panther-solidaritaetsdemonstration-fuer-die-freilassung-des-in-den-usa-inhaftierten-buergerrechtlers-bobby-seale\/#breadcrumb"},"inLanguage":"de","potentialAction":[{"@type":"ReadAction","target":["https:\/\/bpk-archive.de\/tuellmann\/produkt\/black-panther-solidaritaetsdemonstration-fuer-die-freilassung-des-in-den-usa-inhaftierten-buergerrechtlers-bobby-seale\/"]}]},{"@type":"ImageObject","inLanguage":"de","@id":"https:\/\/bpk-archive.de\/tuellmann\/produkt\/black-panther-solidaritaetsdemonstration-fuer-die-freilassung-des-in-den-usa-inhaftierten-buergerrechtlers-bobby-seale\/#primaryimage","url":"https:\/\/bpk-archive.de\/tuellmann\/wp-content\/uploads\/2019\/08\/bpk_70242790.jpg","contentUrl":"https:\/\/bpk-archive.de\/tuellmann\/wp-content\/uploads\/2019\/08\/bpk_70242790.jpg","width":1200,"height":919,"caption":"\"Black Panther\"-Solidarit\u00e4tsdemonstration f\u00fcr die Freilassung des in den USA inhaftierten B\u00fcrgerrechtlers Bobby Seale"},{"@type":"BreadcrumbList","@id":"https:\/\/bpk-archive.de\/tuellmann\/produkt\/black-panther-solidaritaetsdemonstration-fuer-die-freilassung-des-in-den-usa-inhaftierten-buergerrechtlers-bobby-seale\/#breadcrumb","itemListElement":[{"@type":"ListItem","position":1,"name":"Startseite","item":"https:\/\/bpk-archive.de\/tuellmann\/"},{"@type":"ListItem","position":2,"name":"Shop","item":"https:\/\/bpk-archive.de\/tuellmann\/shop\/"},{"@type":"ListItem","position":3,"name":"&#8220;Black Panther&#8221;-Solidarit\u00e4tsdemonstration f\u00fcr die Freilassung des in den USA inhaftierten B\u00fcrgerrechtlers Bobby Seale"}]},{"@type":"WebSite","@id":"https:\/\/bpk-archive.de\/tuellmann\/#website","url":"https:\/\/bpk-archive.de\/tuellmann\/","name":"Abisag T\u00fcllmann","description":"Eine weitere WordPress-Website","potentialAction":[{"@type":"SearchAction","target":{"@type":"EntryPoint","urlTemplate":"https:\/\/bpk-archive.de\/tuellmann\/?s={search_term_string}"},"query-input":{"@type":"PropertyValueSpecification","valueRequired":true,"valueName":"search_term_string"}}],"inLanguage":"de"}]}},"_links":{"self":[{"href":"https:\/\/bpk-archive.de\/tuellmann\/wp-json\/wp\/v2\/product\/70296477","targetHints":{"allow":["GET"]}}],"collection":[{"href":"https:\/\/bpk-archive.de\/tuellmann\/wp-json\/wp\/v2\/product"}],"about":[{"href":"https:\/\/bpk-archive.de\/tuellmann\/wp-json\/wp\/v2\/types\/product"}],"wp:featuredmedia":[{"embeddable":true,"href":"https:\/\/bpk-archive.de\/tuellmann\/wp-json\/wp\/v2\/media\/70292223"}],"wp:attachment":[{"href":"https:\/\/bpk-archive.de\/tuellmann\/wp-json\/wp\/v2\/media?parent=70296477"}],"wp:term":[{"taxonomy":"product_brand","embeddable":true,"href":"https:\/\/bpk-archive.de\/tuellmann\/wp-json\/wp\/v2\/product_brand?post=70296477"},{"taxonomy":"product_cat","embeddable":true,"href":"https:\/\/bpk-archive.de\/tuellmann\/wp-json\/wp\/v2\/product_cat?post=70296477"},{"taxonomy":"product_tag","embeddable":true,"href":"https:\/\/bpk-archive.de\/tuellmann\/wp-json\/wp\/v2\/product_tag?post=70296477"}],"curies":[{"name":"wp","href":"https:\/\/api.w.org\/{rel}","templated":true}]}}