{"id":70296465,"date":"2019-09-05T16:00:45","date_gmt":"2019-09-05T14:00:45","guid":{"rendered":"http:\/\/abisagtuellmann.bpk-news.de\/atbild\/zahnarztspiele-kindergartenkinder-besuchen-eine-zahnarztpraxis-2\/"},"modified":"2019-09-05T16:00:52","modified_gmt":"2019-09-05T14:00:52","slug":"zahnarztspiele-kindergartenkinder-besuchen-eine-zahnarztpraxis-2","status":"publish","type":"product","link":"https:\/\/bpk-archive.de\/tuellmann\/produkt\/zahnarztspiele-kindergartenkinder-besuchen-eine-zahnarztpraxis-2\/","title":{"rendered":"&#8222;Zahnarztspiele&#8220; &#8211; Kindergartenkinder besuchen eine Zahnarztpraxis"},"content":{"rendered":"<p>Serie f\u00fcr die &#8222;Didaktischen Einheiten&#8220; des Deutschen Jugendinstituts M\u00fcnchen (DJI)<\/p>\n","protected":false},"excerpt":{"rendered":"<p>Serie f\u00fcr die &#8222;Didaktischen Einheiten&#8220; des Deutschen Jugendinstituts M\u00fcnchen (DJI)<\/p>\n","protected":false},"featured_media":70292197,"template":"","meta":[],"product_brand":[],"product_cat":[],"product_tag":[13230,13232,13234,13231,13233,13235,62149,13777,55880,63205,55881,62150,51872,54014,54015,53967,13784,13785,13469,13470,55883,55884,13471,13472,54016,54017,63214,63215,13473,54018,54019,53970,53971,13293,13786,13787,13294,13295,13296,13297,51504,49684,51505,14327,14195,14196,14197,14198,14199,14200,13492,13493,13494,13495,13496,13497,13498,54025,14205,14206,14207,54131,54132,54133,14211,14212,14213,50251,50252,14218,14219,50119,54026,54027,54028,13328,13827,13828,13329,13330,13331,13332,13829,13830,13831,13832,13833,13834,13835,13836,13837,13838,13839,13840,13841,13842,13843,51531,51532,63206,63207,63208,13877,13879,13865,13864,13866,13858,13859,13860,13861,13862,13863,49718,49719,13354,13869,13870,13871,13872,49605,49606,49607,49608,49609,49610,13878,13880,13525,63209,54822,55887,55888,63210],"class_list":{"0":"post-70296465","1":"product","2":"type-product","3":"status-publish","4":"has-post-thumbnail","6":"product_tag-1970er-jahre","7":"product_tag-20-jahrhundert-nach-chr","8":"product_tag-20-jh-n-chr","9":"product_tag-20-jahrhundert","10":"product_tag-20-jh","11":"product_tag-70er","12":"product_tag-abt_005","13":"product_tag-abzug","14":"product_tag-arztbesuch","15":"product_tag-arztpraxis","16":"product_tag-arztvisite","17":"product_tag-at_paedagogik","18":"product_tag-behandlung","19":"product_tag-bilderfolge","20":"product_tag-bilderserie","21":"product_tag-bilderstrecke","22":"product_tag-bildnis","23":"product_tag-bildnisse","24":"product_tag-brd","25":"product_tag-bundesrepublik-deutschland","26":"product_tag-dentist","27":"product_tag-dentisten","28":"product_tag-deutschland","29":"product_tag-deutschlands","30":"product_tag-didaktik","31":"product_tag-didaktische","32":"product_tag-doktorspiel","33":"product_tag-doktorspiele","34":"product_tag-drinnen","35":"product_tag-einheit","36":"product_tag-einheits","37":"product_tag-folge","38":"product_tag-folgen","39":"product_tag-foto","40":"product_tag-fotoabzug","41":"product_tag-fotoabzuege","42":"product_tag-fotografie","43":"product_tag-fotografien","44":"product_tag-fotografin","45":"product_tag-fotografinnen","46":"product_tag-fotoreihe","47":"product_tag-fotoserie","48":"product_tag-fotostrecke","49":"product_tag-gesellschaft","50":"product_tag-gruppenbild","51":"product_tag-gruppenbilder","52":"product_tag-gruppenportrait","53":"product_tag-gruppenportraits","54":"product_tag-gruppenportraet","55":"product_tag-gruppenportraets","56":"product_tag-hessen","57":"product_tag-hessisch","58":"product_tag-hessische","59":"product_tag-hessischen","60":"product_tag-hessischer","61":"product_tag-hessisches","62":"product_tag-innen","63":"product_tag-jugendinstitut","64":"product_tag-kind","65":"product_tag-kinde","66":"product_tag-kinder","67":"product_tag-kindergarten","68":"product_tag-kindergartenkind","69":"product_tag-kindergartenkinder","70":"product_tag-kindergruppe","71":"product_tag-kindergruppen","72":"product_tag-kindern","73":"product_tag-kinderspiel","74":"product_tag-kinderspiele","75":"product_tag-kindes","76":"product_tag-kindheit","77":"product_tag-lernen","78":"product_tag-offenbach","79":"product_tag-offenbacher","80":"product_tag-paedagogik","81":"product_tag-photo","82":"product_tag-photoabzug","83":"product_tag-photoabzuege","84":"product_tag-photographie","85":"product_tag-photographien","86":"product_tag-photographin","87":"product_tag-photographinnen","88":"product_tag-portrait","89":"product_tag-portraitaufnahme","90":"product_tag-portraitfoto","91":"product_tag-portraitfotografie","92":"product_tag-portraitphoto","93":"product_tag-portraitphotographie","94":"product_tag-portraits","95":"product_tag-portraet","96":"product_tag-portraetaufnahme","97":"product_tag-portraetfoto","98":"product_tag-portraetfotografie","99":"product_tag-portraetphoto","100":"product_tag-portraetphotographie","101":"product_tag-portraets","102":"product_tag-print","103":"product_tag-reihe","104":"product_tag-reihen","105":"product_tag-rolle","106":"product_tag-rollen","107":"product_tag-rollenspiel","108":"product_tag-s-w-fotografie","109":"product_tag-s-w-photographie","110":"product_tag-schwarzweissphotographie","111":"product_tag-schwarz-weiss-fotografie","112":"product_tag-schwarz-weiss-photographie","113":"product_tag-schwarzweiss","114":"product_tag-schwarzweisse","115":"product_tag-schwarzweissen","116":"product_tag-schwarzweisser","117":"product_tag-schwarzweisses","118":"product_tag-schwarzweissfotografie","119":"product_tag-serie","120":"product_tag-serien","121":"product_tag-siebziger","122":"product_tag-silbergelatine","123":"product_tag-silbergelatineabzug","124":"product_tag-silbergelatineabzuege","125":"product_tag-silbergelatineprint","126":"product_tag-spielen","127":"product_tag-spielend","128":"product_tag-spielende","129":"product_tag-spielenden","130":"product_tag-spielender","131":"product_tag-spielendes","132":"product_tag-sw-fotografie","133":"product_tag-sw-photographie","134":"product_tag-von-innen","135":"product_tag-vorschule","136":"product_tag-wartezimmer","137":"product_tag-zahnarzt","138":"product_tag-zahnaerzte","139":"product_tag-zahnarztpraxis","140":"pa_datierung-februar-1974","141":"pa_fotograf-abisag-tuellmann","142":"pa_geografischer_bezug-aufnahmeort-offenbach-am-main-deutschland","143":"pa_grunddaten_material_technik-foto-silbergelatine-auf-barytpapier","144":"pa_inventarnummer-tue-74-036-04a","145":"pa_jahr_von-51802","146":"pa_massangaben-bildformat-foto-235-x-306-cm","147":"pa_mediennummer-63211","148":"pa_objekt_typ-fotografie","150":"first","151":"instock","152":"product-type-simple"},"yoast_head":"<!-- This site is optimized with the Yoast SEO plugin v27.4 - https:\/\/yoast.com\/product\/yoast-seo-wordpress\/ -->\n<title>&quot;Zahnarztspiele&quot; - Kindergartenkinder besuchen eine Zahnarztpraxis - Abisag T\u00fcllmann<\/title>\n<meta name=\"robots\" content=\"index, follow, max-snippet:-1, max-image-preview:large, max-video-preview:-1\" \/>\n<link rel=\"canonical\" href=\"https:\/\/bpk-archive.de\/tuellmann\/produkt\/zahnarztspiele-kindergartenkinder-besuchen-eine-zahnarztpraxis-2\/\" \/>\n<meta property=\"og:locale\" content=\"de_DE\" \/>\n<meta property=\"og:type\" content=\"article\" \/>\n<meta property=\"og:title\" content=\"&quot;Zahnarztspiele&quot; - Kindergartenkinder besuchen eine Zahnarztpraxis - Abisag T\u00fcllmann\" \/>\n<meta property=\"og:description\" content=\"Serie f\u00fcr die &#8222;Didaktischen Einheiten&#8220; des Deutschen Jugendinstituts M\u00fcnchen (DJI)\" \/>\n<meta property=\"og:url\" content=\"https:\/\/bpk-archive.de\/tuellmann\/produkt\/zahnarztspiele-kindergartenkinder-besuchen-eine-zahnarztpraxis-2\/\" \/>\n<meta property=\"og:site_name\" content=\"Abisag T\u00fcllmann\" \/>\n<meta property=\"article:modified_time\" content=\"2019-09-05T14:00:52+00:00\" \/>\n<meta property=\"og:image\" content=\"https:\/\/bpk-archive.de\/tuellmann\/wp-content\/uploads\/2019\/08\/bpk_70242831.jpg\" \/>\n\t<meta property=\"og:image:width\" content=\"1200\" \/>\n\t<meta property=\"og:image:height\" content=\"933\" \/>\n\t<meta property=\"og:image:type\" content=\"image\/jpeg\" \/>\n<meta name=\"twitter:card\" content=\"summary_large_image\" \/>\n<script type=\"application\/ld+json\" class=\"yoast-schema-graph\">{\"@context\":\"https:\\\/\\\/schema.org\",\"@graph\":[{\"@type\":\"WebPage\",\"@id\":\"https:\\\/\\\/bpk-archive.de\\\/tuellmann\\\/produkt\\\/zahnarztspiele-kindergartenkinder-besuchen-eine-zahnarztpraxis-2\\\/\",\"url\":\"https:\\\/\\\/bpk-archive.de\\\/tuellmann\\\/produkt\\\/zahnarztspiele-kindergartenkinder-besuchen-eine-zahnarztpraxis-2\\\/\",\"name\":\"\\\"Zahnarztspiele\\\" - Kindergartenkinder besuchen eine Zahnarztpraxis - Abisag T\u00fcllmann\",\"isPartOf\":{\"@id\":\"https:\\\/\\\/bpk-archive.de\\\/tuellmann\\\/#website\"},\"primaryImageOfPage\":{\"@id\":\"https:\\\/\\\/bpk-archive.de\\\/tuellmann\\\/produkt\\\/zahnarztspiele-kindergartenkinder-besuchen-eine-zahnarztpraxis-2\\\/#primaryimage\"},\"image\":{\"@id\":\"https:\\\/\\\/bpk-archive.de\\\/tuellmann\\\/produkt\\\/zahnarztspiele-kindergartenkinder-besuchen-eine-zahnarztpraxis-2\\\/#primaryimage\"},\"thumbnailUrl\":\"https:\\\/\\\/bpk-archive.de\\\/tuellmann\\\/wp-content\\\/uploads\\\/2019\\\/08\\\/bpk_70242831.jpg\",\"datePublished\":\"2019-09-05T14:00:45+00:00\",\"dateModified\":\"2019-09-05T14:00:52+00:00\",\"breadcrumb\":{\"@id\":\"https:\\\/\\\/bpk-archive.de\\\/tuellmann\\\/produkt\\\/zahnarztspiele-kindergartenkinder-besuchen-eine-zahnarztpraxis-2\\\/#breadcrumb\"},\"inLanguage\":\"de\",\"potentialAction\":[{\"@type\":\"ReadAction\",\"target\":[\"https:\\\/\\\/bpk-archive.de\\\/tuellmann\\\/produkt\\\/zahnarztspiele-kindergartenkinder-besuchen-eine-zahnarztpraxis-2\\\/\"]}]},{\"@type\":\"ImageObject\",\"inLanguage\":\"de\",\"@id\":\"https:\\\/\\\/bpk-archive.de\\\/tuellmann\\\/produkt\\\/zahnarztspiele-kindergartenkinder-besuchen-eine-zahnarztpraxis-2\\\/#primaryimage\",\"url\":\"https:\\\/\\\/bpk-archive.de\\\/tuellmann\\\/wp-content\\\/uploads\\\/2019\\\/08\\\/bpk_70242831.jpg\",\"contentUrl\":\"https:\\\/\\\/bpk-archive.de\\\/tuellmann\\\/wp-content\\\/uploads\\\/2019\\\/08\\\/bpk_70242831.jpg\",\"width\":1200,\"height\":933,\"caption\":\"\\\"Zahnarztspiele\\\" - Kindergartenkinder besuchen eine Zahnarztpraxis\"},{\"@type\":\"BreadcrumbList\",\"@id\":\"https:\\\/\\\/bpk-archive.de\\\/tuellmann\\\/produkt\\\/zahnarztspiele-kindergartenkinder-besuchen-eine-zahnarztpraxis-2\\\/#breadcrumb\",\"itemListElement\":[{\"@type\":\"ListItem\",\"position\":1,\"name\":\"Startseite\",\"item\":\"https:\\\/\\\/bpk-archive.de\\\/tuellmann\\\/\"},{\"@type\":\"ListItem\",\"position\":2,\"name\":\"Shop\",\"item\":\"https:\\\/\\\/bpk-archive.de\\\/tuellmann\\\/shop\\\/\"},{\"@type\":\"ListItem\",\"position\":3,\"name\":\"&#8220;Zahnarztspiele&#8221; &#8211; Kindergartenkinder besuchen eine Zahnarztpraxis\"}]},{\"@type\":\"WebSite\",\"@id\":\"https:\\\/\\\/bpk-archive.de\\\/tuellmann\\\/#website\",\"url\":\"https:\\\/\\\/bpk-archive.de\\\/tuellmann\\\/\",\"name\":\"Abisag T\u00fcllmann\",\"description\":\"Eine weitere WordPress-Website\",\"potentialAction\":[{\"@type\":\"SearchAction\",\"target\":{\"@type\":\"EntryPoint\",\"urlTemplate\":\"https:\\\/\\\/bpk-archive.de\\\/tuellmann\\\/?s={search_term_string}\"},\"query-input\":{\"@type\":\"PropertyValueSpecification\",\"valueRequired\":true,\"valueName\":\"search_term_string\"}}],\"inLanguage\":\"de\"}]}<\/script>\n<!-- \/ Yoast SEO plugin. -->","yoast_head_json":{"title":"\"Zahnarztspiele\" - Kindergartenkinder besuchen eine Zahnarztpraxis - Abisag T\u00fcllmann","robots":{"index":"index","follow":"follow","max-snippet":"max-snippet:-1","max-image-preview":"max-image-preview:large","max-video-preview":"max-video-preview:-1"},"canonical":"https:\/\/bpk-archive.de\/tuellmann\/produkt\/zahnarztspiele-kindergartenkinder-besuchen-eine-zahnarztpraxis-2\/","og_locale":"de_DE","og_type":"article","og_title":"\"Zahnarztspiele\" - Kindergartenkinder besuchen eine Zahnarztpraxis - Abisag T\u00fcllmann","og_description":"Serie f\u00fcr die &#8222;Didaktischen Einheiten&#8220; des Deutschen Jugendinstituts M\u00fcnchen (DJI)","og_url":"https:\/\/bpk-archive.de\/tuellmann\/produkt\/zahnarztspiele-kindergartenkinder-besuchen-eine-zahnarztpraxis-2\/","og_site_name":"Abisag T\u00fcllmann","article_modified_time":"2019-09-05T14:00:52+00:00","og_image":[{"width":1200,"height":933,"url":"https:\/\/bpk-archive.de\/tuellmann\/wp-content\/uploads\/2019\/08\/bpk_70242831.jpg","type":"image\/jpeg"}],"twitter_card":"summary_large_image","schema":{"@context":"https:\/\/schema.org","@graph":[{"@type":"WebPage","@id":"https:\/\/bpk-archive.de\/tuellmann\/produkt\/zahnarztspiele-kindergartenkinder-besuchen-eine-zahnarztpraxis-2\/","url":"https:\/\/bpk-archive.de\/tuellmann\/produkt\/zahnarztspiele-kindergartenkinder-besuchen-eine-zahnarztpraxis-2\/","name":"\"Zahnarztspiele\" - Kindergartenkinder besuchen eine Zahnarztpraxis - Abisag T\u00fcllmann","isPartOf":{"@id":"https:\/\/bpk-archive.de\/tuellmann\/#website"},"primaryImageOfPage":{"@id":"https:\/\/bpk-archive.de\/tuellmann\/produkt\/zahnarztspiele-kindergartenkinder-besuchen-eine-zahnarztpraxis-2\/#primaryimage"},"image":{"@id":"https:\/\/bpk-archive.de\/tuellmann\/produkt\/zahnarztspiele-kindergartenkinder-besuchen-eine-zahnarztpraxis-2\/#primaryimage"},"thumbnailUrl":"https:\/\/bpk-archive.de\/tuellmann\/wp-content\/uploads\/2019\/08\/bpk_70242831.jpg","datePublished":"2019-09-05T14:00:45+00:00","dateModified":"2019-09-05T14:00:52+00:00","breadcrumb":{"@id":"https:\/\/bpk-archive.de\/tuellmann\/produkt\/zahnarztspiele-kindergartenkinder-besuchen-eine-zahnarztpraxis-2\/#breadcrumb"},"inLanguage":"de","potentialAction":[{"@type":"ReadAction","target":["https:\/\/bpk-archive.de\/tuellmann\/produkt\/zahnarztspiele-kindergartenkinder-besuchen-eine-zahnarztpraxis-2\/"]}]},{"@type":"ImageObject","inLanguage":"de","@id":"https:\/\/bpk-archive.de\/tuellmann\/produkt\/zahnarztspiele-kindergartenkinder-besuchen-eine-zahnarztpraxis-2\/#primaryimage","url":"https:\/\/bpk-archive.de\/tuellmann\/wp-content\/uploads\/2019\/08\/bpk_70242831.jpg","contentUrl":"https:\/\/bpk-archive.de\/tuellmann\/wp-content\/uploads\/2019\/08\/bpk_70242831.jpg","width":1200,"height":933,"caption":"\"Zahnarztspiele\" - Kindergartenkinder besuchen eine Zahnarztpraxis"},{"@type":"BreadcrumbList","@id":"https:\/\/bpk-archive.de\/tuellmann\/produkt\/zahnarztspiele-kindergartenkinder-besuchen-eine-zahnarztpraxis-2\/#breadcrumb","itemListElement":[{"@type":"ListItem","position":1,"name":"Startseite","item":"https:\/\/bpk-archive.de\/tuellmann\/"},{"@type":"ListItem","position":2,"name":"Shop","item":"https:\/\/bpk-archive.de\/tuellmann\/shop\/"},{"@type":"ListItem","position":3,"name":"&#8220;Zahnarztspiele&#8221; &#8211; Kindergartenkinder besuchen eine Zahnarztpraxis"}]},{"@type":"WebSite","@id":"https:\/\/bpk-archive.de\/tuellmann\/#website","url":"https:\/\/bpk-archive.de\/tuellmann\/","name":"Abisag T\u00fcllmann","description":"Eine weitere WordPress-Website","potentialAction":[{"@type":"SearchAction","target":{"@type":"EntryPoint","urlTemplate":"https:\/\/bpk-archive.de\/tuellmann\/?s={search_term_string}"},"query-input":{"@type":"PropertyValueSpecification","valueRequired":true,"valueName":"search_term_string"}}],"inLanguage":"de"}]}},"_links":{"self":[{"href":"https:\/\/bpk-archive.de\/tuellmann\/wp-json\/wp\/v2\/product\/70296465","targetHints":{"allow":["GET"]}}],"collection":[{"href":"https:\/\/bpk-archive.de\/tuellmann\/wp-json\/wp\/v2\/product"}],"about":[{"href":"https:\/\/bpk-archive.de\/tuellmann\/wp-json\/wp\/v2\/types\/product"}],"wp:featuredmedia":[{"embeddable":true,"href":"https:\/\/bpk-archive.de\/tuellmann\/wp-json\/wp\/v2\/media\/70292197"}],"wp:attachment":[{"href":"https:\/\/bpk-archive.de\/tuellmann\/wp-json\/wp\/v2\/media?parent=70296465"}],"wp:term":[{"taxonomy":"product_brand","embeddable":true,"href":"https:\/\/bpk-archive.de\/tuellmann\/wp-json\/wp\/v2\/product_brand?post=70296465"},{"taxonomy":"product_cat","embeddable":true,"href":"https:\/\/bpk-archive.de\/tuellmann\/wp-json\/wp\/v2\/product_cat?post=70296465"},{"taxonomy":"product_tag","embeddable":true,"href":"https:\/\/bpk-archive.de\/tuellmann\/wp-json\/wp\/v2\/product_tag?post=70296465"}],"curies":[{"name":"wp","href":"https:\/\/api.w.org\/{rel}","templated":true}]}}