{"id":70296443,"date":"2019-09-05T16:00:23","date_gmt":"2019-09-05T14:00:23","guid":{"rendered":"http:\/\/abisagtuellmann.bpk-news.de\/atbild\/pfingstkongress-der-schueler-und-studenten-in-der-mensa-der-goethe-universitaet-3\/"},"modified":"2020-08-11T16:58:56","modified_gmt":"2020-08-11T14:58:56","slug":"pfingstkongress-der-schueler-und-studenten-in-der-mensa-der-goethe-universitaet-3","status":"publish","type":"product","link":"https:\/\/bpk-archive.de\/tuellmann\/produkt\/pfingstkongress-der-schueler-und-studenten-in-der-mensa-der-goethe-universitaet-3\/","title":{"rendered":"&#8222;Pfingstkongress der Sch\u00fcler und Studenten&#8220; in der Mensa der Goethe-Universit\u00e4t"},"content":{"rendered":"<p>Hans-J\u00fcrgen Krahl am Mikrofon, hinter ihm sitzen J\u00fcrgen Habermas und Peter Br\u00fcckner R\u00fcckseitenbeschriftung von Hand der Fotografin: &#8222;Juni 1968, Ffm (Pfingstkongre\u00df, H.J. Krahl am Mikrophon, hinter ihm sitzen Habermas und Br\u00fcckner)&#8220;<\/p>\n","protected":false},"excerpt":{"rendered":"<p>Hans-J\u00fcrgen Krahl am Mikrofon, hinter ihm sitzen J\u00fcrgen Habermas und Peter Br\u00fcckner R\u00fcckseitenbeschriftung von Hand der Fotografin: &#8222;Juni 1968, Ffm (Pfingstkongre\u00df, H.J. Krahl am Mikrophon, hinter ihm sitzen Habermas und Br\u00fcckner)&#8220;<\/p>\n","protected":false},"featured_media":70292116,"template":"","meta":[],"product_brand":[],"product_cat":[73391],"product_tag":[13774,14054,14055,13232,13234,13231,13233,13775,14056,14057,62469,13777,14058,54332,14059,13250,54333,13469,13470,13253,13254,13255,13256,13257,13471,13472,13260,13293,13786,13787,13294,13295,13296,13297,13485,13486,13482,13481,13483,13484,14066,13492,13493,13494,13495,13496,13497,13301,13328,13827,13828,13329,13330,13331,13332,48322,13843,13641,13642,49065,13877,13879,13865,13864,13866,13858,13859,13860,13861,13862,13863,13867,13869,13870,13871,13872,13876,13878,13880],"class_list":{"0":"post-70296443","1":"product","2":"type-product","3":"status-publish","4":"has-post-thumbnail","6":"product_cat-protestedemonstrationen","7":"product_tag-1960er-jahre","8":"product_tag-1968er","9":"product_tag-1968er-bewegung","10":"product_tag-20-jahrhundert-nach-chr","11":"product_tag-20-jh-n-chr","12":"product_tag-20-jahrhundert","13":"product_tag-20-jh","14":"product_tag-60er","15":"product_tag-68er","16":"product_tag-68er-bewegung","17":"product_tag-abt_006","18":"product_tag-abzug","19":"product_tag-achtundsechziger","20":"product_tag-apo","21":"product_tag-at_studentenbewegung","22":"product_tag-aussen","23":"product_tag-ausserparlamentarische-opposition","24":"product_tag-brd","25":"product_tag-bundesrepublik-deutschland","26":"product_tag-deutsch","27":"product_tag-deutsche","28":"product_tag-deutschen","29":"product_tag-deutscher","30":"product_tag-deutsches","31":"product_tag-deutschland","32":"product_tag-deutschlands","33":"product_tag-draussen","34":"product_tag-foto","35":"product_tag-fotoabzug","36":"product_tag-fotoabzuege","37":"product_tag-fotografie","38":"product_tag-fotografien","39":"product_tag-fotografin","40":"product_tag-fotografinnen","41":"product_tag-frankfurt-m","42":"product_tag-frankfurt-main","43":"product_tag-frankfurt-a-main","44":"product_tag-frankfurt-a-m","45":"product_tag-frankfurt-am-main","46":"product_tag-frankfurter","47":"product_tag-geschichte","48":"product_tag-hessen","49":"product_tag-hessisch","50":"product_tag-hessische","51":"product_tag-hessischen","52":"product_tag-hessischer","53":"product_tag-hessisches","54":"product_tag-im-freien","55":"product_tag-photo","56":"product_tag-photoabzug","57":"product_tag-photoabzuege","58":"product_tag-photographie","59":"product_tag-photographien","60":"product_tag-photographin","61":"product_tag-photographinnen","62":"product_tag-politik","63":"product_tag-print","64":"product_tag-protest","65":"product_tag-proteste","66":"product_tag-rede","67":"product_tag-s-w-fotografie","68":"product_tag-s-w-photographie","69":"product_tag-schwarzweissphotographie","70":"product_tag-schwarz-weiss-fotografie","71":"product_tag-schwarz-weiss-photographie","72":"product_tag-schwarzweiss","73":"product_tag-schwarzweisse","74":"product_tag-schwarzweissen","75":"product_tag-schwarzweisser","76":"product_tag-schwarzweisses","77":"product_tag-schwarzweissfotografie","78":"product_tag-sechziger","79":"product_tag-silbergelatine","80":"product_tag-silbergelatineabzug","81":"product_tag-silbergelatineabzuege","82":"product_tag-silbergelatineprint","83":"product_tag-studentenbewegung","84":"product_tag-sw-fotografie","85":"product_tag-sw-photographie","86":"pa_datierung-juni-1968","87":"pa_fotograf-abisag-tuellmann","88":"pa_geografischer_bezug-aufnahmeort-frankfurt-am-main-deutschland","89":"pa_grunddaten_material_technik-foto-silbergelatine-auf-barytpapier","90":"pa_inventarnummer-tue-68-090-28","91":"pa_jahr_von-14267","92":"pa_massangaben-bildformat-foto-196-x-303-cm","93":"pa_mediennummer-63003","94":"pa_objekt_typ-fotografie","96":"first","97":"instock","98":"product-type-simple"},"yoast_head":"<!-- This site is optimized with the Yoast SEO plugin v27.3 - https:\/\/yoast.com\/product\/yoast-seo-wordpress\/ -->\n<title>&quot;Pfingstkongress der Sch\u00fcler und Studenten&quot; in der Mensa der Goethe-Universit\u00e4t - Abisag T\u00fcllmann<\/title>\n<meta name=\"robots\" content=\"index, follow, max-snippet:-1, max-image-preview:large, max-video-preview:-1\" \/>\n<link rel=\"canonical\" href=\"https:\/\/bpk-archive.de\/tuellmann\/produkt\/pfingstkongress-der-schueler-und-studenten-in-der-mensa-der-goethe-universitaet-3\/\" \/>\n<meta property=\"og:locale\" content=\"de_DE\" \/>\n<meta property=\"og:type\" content=\"article\" \/>\n<meta property=\"og:title\" content=\"&quot;Pfingstkongress der Sch\u00fcler und Studenten&quot; in der Mensa der Goethe-Universit\u00e4t - Abisag T\u00fcllmann\" \/>\n<meta property=\"og:description\" content=\"Hans-J\u00fcrgen Krahl am Mikrofon, hinter ihm sitzen J\u00fcrgen Habermas und Peter Br\u00fcckner R\u00fcckseitenbeschriftung von Hand der Fotografin: &#8222;Juni 1968, Ffm (Pfingstkongre\u00df, H.J. Krahl am Mikrophon, hinter ihm sitzen Habermas und Br\u00fcckner)&#8220;\" \/>\n<meta property=\"og:url\" content=\"https:\/\/bpk-archive.de\/tuellmann\/produkt\/pfingstkongress-der-schueler-und-studenten-in-der-mensa-der-goethe-universitaet-3\/\" \/>\n<meta property=\"og:site_name\" content=\"Abisag T\u00fcllmann\" \/>\n<meta property=\"article:modified_time\" content=\"2020-08-11T14:58:56+00:00\" \/>\n<meta property=\"og:image\" content=\"https:\/\/bpk-archive.de\/tuellmann\/wp-content\/uploads\/2019\/08\/bpk_70242754.jpg\" \/>\n\t<meta property=\"og:image:width\" content=\"1200\" \/>\n\t<meta property=\"og:image:height\" content=\"797\" \/>\n\t<meta property=\"og:image:type\" content=\"image\/jpeg\" \/>\n<meta name=\"twitter:card\" content=\"summary_large_image\" \/>\n<script type=\"application\/ld+json\" class=\"yoast-schema-graph\">{\"@context\":\"https:\\\/\\\/schema.org\",\"@graph\":[{\"@type\":\"WebPage\",\"@id\":\"https:\\\/\\\/bpk-archive.de\\\/tuellmann\\\/produkt\\\/pfingstkongress-der-schueler-und-studenten-in-der-mensa-der-goethe-universitaet-3\\\/\",\"url\":\"https:\\\/\\\/bpk-archive.de\\\/tuellmann\\\/produkt\\\/pfingstkongress-der-schueler-und-studenten-in-der-mensa-der-goethe-universitaet-3\\\/\",\"name\":\"\\\"Pfingstkongress der Sch\u00fcler und Studenten\\\" in der Mensa der Goethe-Universit\u00e4t - Abisag T\u00fcllmann\",\"isPartOf\":{\"@id\":\"https:\\\/\\\/bpk-archive.de\\\/tuellmann\\\/#website\"},\"primaryImageOfPage\":{\"@id\":\"https:\\\/\\\/bpk-archive.de\\\/tuellmann\\\/produkt\\\/pfingstkongress-der-schueler-und-studenten-in-der-mensa-der-goethe-universitaet-3\\\/#primaryimage\"},\"image\":{\"@id\":\"https:\\\/\\\/bpk-archive.de\\\/tuellmann\\\/produkt\\\/pfingstkongress-der-schueler-und-studenten-in-der-mensa-der-goethe-universitaet-3\\\/#primaryimage\"},\"thumbnailUrl\":\"https:\\\/\\\/bpk-archive.de\\\/tuellmann\\\/wp-content\\\/uploads\\\/2019\\\/08\\\/bpk_70242754.jpg\",\"datePublished\":\"2019-09-05T14:00:23+00:00\",\"dateModified\":\"2020-08-11T14:58:56+00:00\",\"breadcrumb\":{\"@id\":\"https:\\\/\\\/bpk-archive.de\\\/tuellmann\\\/produkt\\\/pfingstkongress-der-schueler-und-studenten-in-der-mensa-der-goethe-universitaet-3\\\/#breadcrumb\"},\"inLanguage\":\"de\",\"potentialAction\":[{\"@type\":\"ReadAction\",\"target\":[\"https:\\\/\\\/bpk-archive.de\\\/tuellmann\\\/produkt\\\/pfingstkongress-der-schueler-und-studenten-in-der-mensa-der-goethe-universitaet-3\\\/\"]}]},{\"@type\":\"ImageObject\",\"inLanguage\":\"de\",\"@id\":\"https:\\\/\\\/bpk-archive.de\\\/tuellmann\\\/produkt\\\/pfingstkongress-der-schueler-und-studenten-in-der-mensa-der-goethe-universitaet-3\\\/#primaryimage\",\"url\":\"https:\\\/\\\/bpk-archive.de\\\/tuellmann\\\/wp-content\\\/uploads\\\/2019\\\/08\\\/bpk_70242754.jpg\",\"contentUrl\":\"https:\\\/\\\/bpk-archive.de\\\/tuellmann\\\/wp-content\\\/uploads\\\/2019\\\/08\\\/bpk_70242754.jpg\",\"width\":1200,\"height\":797,\"caption\":\"\\\"Pfingstkongress der Sch\u00fcler und Studenten\\\" in der Mensa der Goethe-Universit\u00e4t\"},{\"@type\":\"BreadcrumbList\",\"@id\":\"https:\\\/\\\/bpk-archive.de\\\/tuellmann\\\/produkt\\\/pfingstkongress-der-schueler-und-studenten-in-der-mensa-der-goethe-universitaet-3\\\/#breadcrumb\",\"itemListElement\":[{\"@type\":\"ListItem\",\"position\":1,\"name\":\"Startseite\",\"item\":\"https:\\\/\\\/bpk-archive.de\\\/tuellmann\\\/\"},{\"@type\":\"ListItem\",\"position\":2,\"name\":\"Shop\",\"item\":\"https:\\\/\\\/bpk-archive.de\\\/tuellmann\\\/shop\\\/\"},{\"@type\":\"ListItem\",\"position\":3,\"name\":\"&#8220;Pfingstkongress der Sch\u00fcler und Studenten&#8221; in der Mensa der Goethe-Universit\u00e4t\"}]},{\"@type\":\"WebSite\",\"@id\":\"https:\\\/\\\/bpk-archive.de\\\/tuellmann\\\/#website\",\"url\":\"https:\\\/\\\/bpk-archive.de\\\/tuellmann\\\/\",\"name\":\"Abisag T\u00fcllmann\",\"description\":\"Eine weitere WordPress-Website\",\"potentialAction\":[{\"@type\":\"SearchAction\",\"target\":{\"@type\":\"EntryPoint\",\"urlTemplate\":\"https:\\\/\\\/bpk-archive.de\\\/tuellmann\\\/?s={search_term_string}\"},\"query-input\":{\"@type\":\"PropertyValueSpecification\",\"valueRequired\":true,\"valueName\":\"search_term_string\"}}],\"inLanguage\":\"de\"}]}<\/script>\n<!-- \/ Yoast SEO plugin. -->","yoast_head_json":{"title":"\"Pfingstkongress der Sch\u00fcler und Studenten\" in der Mensa der Goethe-Universit\u00e4t - Abisag T\u00fcllmann","robots":{"index":"index","follow":"follow","max-snippet":"max-snippet:-1","max-image-preview":"max-image-preview:large","max-video-preview":"max-video-preview:-1"},"canonical":"https:\/\/bpk-archive.de\/tuellmann\/produkt\/pfingstkongress-der-schueler-und-studenten-in-der-mensa-der-goethe-universitaet-3\/","og_locale":"de_DE","og_type":"article","og_title":"\"Pfingstkongress der Sch\u00fcler und Studenten\" in der Mensa der Goethe-Universit\u00e4t - Abisag T\u00fcllmann","og_description":"Hans-J\u00fcrgen Krahl am Mikrofon, hinter ihm sitzen J\u00fcrgen Habermas und Peter Br\u00fcckner R\u00fcckseitenbeschriftung von Hand der Fotografin: &#8222;Juni 1968, Ffm (Pfingstkongre\u00df, H.J. Krahl am Mikrophon, hinter ihm sitzen Habermas und Br\u00fcckner)&#8220;","og_url":"https:\/\/bpk-archive.de\/tuellmann\/produkt\/pfingstkongress-der-schueler-und-studenten-in-der-mensa-der-goethe-universitaet-3\/","og_site_name":"Abisag T\u00fcllmann","article_modified_time":"2020-08-11T14:58:56+00:00","og_image":[{"width":1200,"height":797,"url":"https:\/\/bpk-archive.de\/tuellmann\/wp-content\/uploads\/2019\/08\/bpk_70242754.jpg","type":"image\/jpeg"}],"twitter_card":"summary_large_image","schema":{"@context":"https:\/\/schema.org","@graph":[{"@type":"WebPage","@id":"https:\/\/bpk-archive.de\/tuellmann\/produkt\/pfingstkongress-der-schueler-und-studenten-in-der-mensa-der-goethe-universitaet-3\/","url":"https:\/\/bpk-archive.de\/tuellmann\/produkt\/pfingstkongress-der-schueler-und-studenten-in-der-mensa-der-goethe-universitaet-3\/","name":"\"Pfingstkongress der Sch\u00fcler und Studenten\" in der Mensa der Goethe-Universit\u00e4t - Abisag T\u00fcllmann","isPartOf":{"@id":"https:\/\/bpk-archive.de\/tuellmann\/#website"},"primaryImageOfPage":{"@id":"https:\/\/bpk-archive.de\/tuellmann\/produkt\/pfingstkongress-der-schueler-und-studenten-in-der-mensa-der-goethe-universitaet-3\/#primaryimage"},"image":{"@id":"https:\/\/bpk-archive.de\/tuellmann\/produkt\/pfingstkongress-der-schueler-und-studenten-in-der-mensa-der-goethe-universitaet-3\/#primaryimage"},"thumbnailUrl":"https:\/\/bpk-archive.de\/tuellmann\/wp-content\/uploads\/2019\/08\/bpk_70242754.jpg","datePublished":"2019-09-05T14:00:23+00:00","dateModified":"2020-08-11T14:58:56+00:00","breadcrumb":{"@id":"https:\/\/bpk-archive.de\/tuellmann\/produkt\/pfingstkongress-der-schueler-und-studenten-in-der-mensa-der-goethe-universitaet-3\/#breadcrumb"},"inLanguage":"de","potentialAction":[{"@type":"ReadAction","target":["https:\/\/bpk-archive.de\/tuellmann\/produkt\/pfingstkongress-der-schueler-und-studenten-in-der-mensa-der-goethe-universitaet-3\/"]}]},{"@type":"ImageObject","inLanguage":"de","@id":"https:\/\/bpk-archive.de\/tuellmann\/produkt\/pfingstkongress-der-schueler-und-studenten-in-der-mensa-der-goethe-universitaet-3\/#primaryimage","url":"https:\/\/bpk-archive.de\/tuellmann\/wp-content\/uploads\/2019\/08\/bpk_70242754.jpg","contentUrl":"https:\/\/bpk-archive.de\/tuellmann\/wp-content\/uploads\/2019\/08\/bpk_70242754.jpg","width":1200,"height":797,"caption":"\"Pfingstkongress der Sch\u00fcler und Studenten\" in der Mensa der Goethe-Universit\u00e4t"},{"@type":"BreadcrumbList","@id":"https:\/\/bpk-archive.de\/tuellmann\/produkt\/pfingstkongress-der-schueler-und-studenten-in-der-mensa-der-goethe-universitaet-3\/#breadcrumb","itemListElement":[{"@type":"ListItem","position":1,"name":"Startseite","item":"https:\/\/bpk-archive.de\/tuellmann\/"},{"@type":"ListItem","position":2,"name":"Shop","item":"https:\/\/bpk-archive.de\/tuellmann\/shop\/"},{"@type":"ListItem","position":3,"name":"&#8220;Pfingstkongress der Sch\u00fcler und Studenten&#8221; in der Mensa der Goethe-Universit\u00e4t"}]},{"@type":"WebSite","@id":"https:\/\/bpk-archive.de\/tuellmann\/#website","url":"https:\/\/bpk-archive.de\/tuellmann\/","name":"Abisag T\u00fcllmann","description":"Eine weitere WordPress-Website","potentialAction":[{"@type":"SearchAction","target":{"@type":"EntryPoint","urlTemplate":"https:\/\/bpk-archive.de\/tuellmann\/?s={search_term_string}"},"query-input":{"@type":"PropertyValueSpecification","valueRequired":true,"valueName":"search_term_string"}}],"inLanguage":"de"}]}},"_links":{"self":[{"href":"https:\/\/bpk-archive.de\/tuellmann\/wp-json\/wp\/v2\/product\/70296443","targetHints":{"allow":["GET"]}}],"collection":[{"href":"https:\/\/bpk-archive.de\/tuellmann\/wp-json\/wp\/v2\/product"}],"about":[{"href":"https:\/\/bpk-archive.de\/tuellmann\/wp-json\/wp\/v2\/types\/product"}],"wp:featuredmedia":[{"embeddable":true,"href":"https:\/\/bpk-archive.de\/tuellmann\/wp-json\/wp\/v2\/media\/70292116"}],"wp:attachment":[{"href":"https:\/\/bpk-archive.de\/tuellmann\/wp-json\/wp\/v2\/media?parent=70296443"}],"wp:term":[{"taxonomy":"product_brand","embeddable":true,"href":"https:\/\/bpk-archive.de\/tuellmann\/wp-json\/wp\/v2\/product_brand?post=70296443"},{"taxonomy":"product_cat","embeddable":true,"href":"https:\/\/bpk-archive.de\/tuellmann\/wp-json\/wp\/v2\/product_cat?post=70296443"},{"taxonomy":"product_tag","embeddable":true,"href":"https:\/\/bpk-archive.de\/tuellmann\/wp-json\/wp\/v2\/product_tag?post=70296443"}],"curies":[{"name":"wp","href":"https:\/\/api.w.org\/{rel}","templated":true}]}}