{"id":70296440,"date":"2019-09-05T16:00:23","date_gmt":"2019-09-05T14:00:23","guid":{"rendered":"http:\/\/abisagtuellmann.bpk-news.de\/atbild\/freie-schule-frankfurt-das-amerika-spiel-2\/"},"modified":"2019-09-05T16:00:26","modified_gmt":"2019-09-05T14:00:26","slug":"freie-schule-frankfurt-das-amerika-spiel-2","status":"publish","type":"product","link":"https:\/\/bpk-archive.de\/tuellmann\/produkt\/freie-schule-frankfurt-das-amerika-spiel-2\/","title":{"rendered":"Freie Schule Frankfurt &#8211; das &#8222;Amerika-Spiel&#8220;"},"content":{"rendered":"<p>Lehrerin \u00fcbt mit einer Sch\u00fclerin das Schreiben des Dollarzeichens R\u00fcckseitenbeschriftung von anderer Hand: &#8222;Juni 1977&#8220;<\/p>\n","protected":false},"excerpt":{"rendered":"<p>Lehrerin \u00fcbt mit einer Sch\u00fclerin das Schreiben des Dollarzeichens R\u00fcckseitenbeschriftung von anderer Hand: &#8222;Juni 1977&#8220;<\/p>\n","protected":false},"featured_media":70292492,"template":"","meta":[],"product_brand":[],"product_cat":[],"product_tag":[13230,13232,13234,13231,13233,13235,62149,13777,62221,62222,62223,62224,62225,62226,62227,62228,62150,54145,54146,13784,13785,50141,13469,13470,13471,13472,62992,13960,13961,13962,13963,13964,13965,13473,52424,54126,54127,52426,13293,13786,13787,13294,13295,13296,13297,13485,13486,13482,13481,13483,13484,13487,13488,62230,62231,62232,62233,62234,62235,58330,54149,54150,14327,49948,49949,49950,49951,49952,49953,13492,13493,13494,13495,13496,13497,49954,13498,14205,14206,14207,14208,14209,14210,14213,14214,14215,14216,14217,14218,14219,50418,50419,62237,62238,62239,62240,50119,13310,13311,54028,54138,54139,13328,13827,13828,13329,13330,13331,13332,13829,13830,13831,13832,13833,13834,13835,13836,13837,13838,13839,13840,13841,13842,13843,62241,13877,13879,55647,50179,50180,50181,50182,50183,62156,50163,50164,54158,13346,13347,53860,53861,13865,13864,13866,13858,13859,13860,13861,13862,13863,13354,13869,13870,13871,13872,14243,14244,14245,14246,14247,14248,14249,50068,50069,49605,49606,49607,49608,49609,49610,13878,13880,52832,52834,52835,62242,62243,13525,55157,55158],"class_list":{"0":"post-70296440","1":"product","2":"type-product","3":"status-publish","4":"has-post-thumbnail","6":"product_tag-1970er-jahre","7":"product_tag-20-jahrhundert-nach-chr","8":"product_tag-20-jh-n-chr","9":"product_tag-20-jahrhundert","10":"product_tag-20-jh","11":"product_tag-70er","12":"product_tag-abt_005","13":"product_tag-abzug","14":"product_tag-alternativ","15":"product_tag-alternativbewegung","16":"product_tag-alternativbewegungen","17":"product_tag-alternative","18":"product_tag-antiautoritaer","19":"product_tag-antiautoritaere","20":"product_tag-antiautoritaerer","21":"product_tag-antiautoritaeres","22":"product_tag-at_paedagogik","23":"product_tag-banknote","24":"product_tag-banknoten","25":"product_tag-bildnis","26":"product_tag-bildnisse","27":"product_tag-bildung","28":"product_tag-brd","29":"product_tag-bundesrepublik-deutschland","30":"product_tag-deutschland","31":"product_tag-deutschlands","32":"product_tag-dollar","33":"product_tag-doppelbildnis","34":"product_tag-doppelbildnisse","35":"product_tag-doppelportrait","36":"product_tag-doppelportraits","37":"product_tag-doppelportraet","38":"product_tag-doppelportraets","39":"product_tag-drinnen","40":"product_tag-erziehen","41":"product_tag-erzieherin","42":"product_tag-erzieherinnen","43":"product_tag-erziehung","44":"product_tag-foto","45":"product_tag-fotoabzug","46":"product_tag-fotoabzuege","47":"product_tag-fotografie","48":"product_tag-fotografien","49":"product_tag-fotografin","50":"product_tag-fotografinnen","51":"product_tag-frankfurt-m","52":"product_tag-frankfurt-main","53":"product_tag-frankfurt-a-main","54":"product_tag-frankfurt-a-m","55":"product_tag-frankfurt-am-main","56":"product_tag-frankfurter","57":"product_tag-frau","58":"product_tag-frauen","59":"product_tag-frei","60":"product_tag-freie","61":"product_tag-freien","62":"product_tag-freier","63":"product_tag-freies","64":"product_tag-fsf","65":"product_tag-geld","66":"product_tag-geldschein","67":"product_tag-geldscheine","68":"product_tag-gesellschaft","69":"product_tag-helfen","70":"product_tag-helfend","71":"product_tag-helfende","72":"product_tag-helfenden","73":"product_tag-helfender","74":"product_tag-helfendes","75":"product_tag-hessen","76":"product_tag-hessisch","77":"product_tag-hessische","78":"product_tag-hessischen","79":"product_tag-hessischer","80":"product_tag-hessisches","81":"product_tag-hilfe","82":"product_tag-innen","83":"product_tag-kind","84":"product_tag-kinde","85":"product_tag-kinder","86":"product_tag-kinderbild","87":"product_tag-kinderbildnis","88":"product_tag-kinderbildnisse","89":"product_tag-kindern","90":"product_tag-kinderportrait","91":"product_tag-kinderportraits","92":"product_tag-kinderportraet","93":"product_tag-kinderportraets","94":"product_tag-kindes","95":"product_tag-kindheit","96":"product_tag-lehrerin","97":"product_tag-lehrerinnen","98":"product_tag-lehrform","99":"product_tag-lehrformen","100":"product_tag-lehrmethode","101":"product_tag-lehrmethoden","102":"product_tag-lernen","103":"product_tag-maedchen","104":"product_tag-maedchens","105":"product_tag-paedagogik","106":"product_tag-paedagogin","107":"product_tag-paedagoginnen","108":"product_tag-photo","109":"product_tag-photoabzug","110":"product_tag-photoabzuege","111":"product_tag-photographie","112":"product_tag-photographien","113":"product_tag-photographin","114":"product_tag-photographinnen","115":"product_tag-portrait","116":"product_tag-portraitaufnahme","117":"product_tag-portraitfoto","118":"product_tag-portraitfotografie","119":"product_tag-portraitphoto","120":"product_tag-portraitphotographie","121":"product_tag-portraits","122":"product_tag-portraet","123":"product_tag-portraetaufnahme","124":"product_tag-portraetfoto","125":"product_tag-portraetfotografie","126":"product_tag-portraetphoto","127":"product_tag-portraetphotographie","128":"product_tag-portraets","129":"product_tag-print","130":"product_tag-reformpaedagogik","131":"product_tag-s-w-fotografie","132":"product_tag-s-w-photographie","133":"product_tag-schreiben","134":"product_tag-schreibend","135":"product_tag-schreibende","136":"product_tag-schreibenden","137":"product_tag-schreibender","138":"product_tag-schreibendes","139":"product_tag-schulbildung","140":"product_tag-schule","141":"product_tag-schulen","142":"product_tag-schueler","143":"product_tag-schuelerin","144":"product_tag-schuelerinnen","145":"product_tag-schulkind","146":"product_tag-schulkinder","147":"product_tag-schwarzweissphotographie","148":"product_tag-schwarz-weiss-fotografie","149":"product_tag-schwarz-weiss-photographie","150":"product_tag-schwarzweiss","151":"product_tag-schwarzweisse","152":"product_tag-schwarzweissen","153":"product_tag-schwarzweisser","154":"product_tag-schwarzweisses","155":"product_tag-schwarzweissfotografie","156":"product_tag-siebziger","157":"product_tag-silbergelatine","158":"product_tag-silbergelatineabzug","159":"product_tag-silbergelatineabzuege","160":"product_tag-silbergelatineprint","161":"product_tag-sitzen","162":"product_tag-sitzend","163":"product_tag-sitzende","164":"product_tag-sitzenden","165":"product_tag-sitzender","166":"product_tag-sitzendes","167":"product_tag-sitzt","168":"product_tag-spiel","169":"product_tag-spiele","170":"product_tag-spielen","171":"product_tag-spielend","172":"product_tag-spielende","173":"product_tag-spielenden","174":"product_tag-spielender","175":"product_tag-spielendes","176":"product_tag-sw-fotografie","177":"product_tag-sw-photographie","178":"product_tag-unterricht","179":"product_tag-unterrichtes","180":"product_tag-unterrichts","181":"product_tag-unterrichtsmethode","182":"product_tag-unterrichtsmethoden","183":"product_tag-von-innen","184":"product_tag-waehrung","185":"product_tag-waehrungen","186":"pa_datierung-juni-1977","187":"pa_fotograf-abisag-tuellmann","188":"pa_geografischer_bezug-aufnahmeort-frankfurt-am-main-deutschland","189":"pa_grunddaten_material_technik-foto-silbergelatine-auf-barytpapier","190":"pa_inventarnummer-tue-77-206-21","191":"pa_jahr_von-49467","192":"pa_massangaben-bildformat-foto-233-x-303-cm","193":"pa_mediennummer-62990","194":"pa_objekt_typ-fotografie","196":"first","197":"instock","198":"product-type-simple"},"yoast_head":"<!-- This site is optimized with the Yoast SEO plugin v27.4 - https:\/\/yoast.com\/product\/yoast-seo-wordpress\/ -->\n<title>Freie Schule Frankfurt - das &quot;Amerika-Spiel&quot; - Abisag T\u00fcllmann<\/title>\n<meta name=\"robots\" content=\"index, follow, max-snippet:-1, max-image-preview:large, max-video-preview:-1\" \/>\n<link rel=\"canonical\" href=\"https:\/\/bpk-archive.de\/tuellmann\/produkt\/freie-schule-frankfurt-das-amerika-spiel-2\/\" \/>\n<meta property=\"og:locale\" content=\"de_DE\" \/>\n<meta property=\"og:type\" content=\"article\" \/>\n<meta property=\"og:title\" content=\"Freie Schule Frankfurt - das &quot;Amerika-Spiel&quot; - Abisag T\u00fcllmann\" \/>\n<meta property=\"og:description\" content=\"Lehrerin \u00fcbt mit einer Sch\u00fclerin das Schreiben des Dollarzeichens R\u00fcckseitenbeschriftung von anderer Hand: &#8222;Juni 1977&#8220;\" \/>\n<meta property=\"og:url\" content=\"https:\/\/bpk-archive.de\/tuellmann\/produkt\/freie-schule-frankfurt-das-amerika-spiel-2\/\" \/>\n<meta property=\"og:site_name\" content=\"Abisag T\u00fcllmann\" \/>\n<meta property=\"article:modified_time\" content=\"2019-09-05T14:00:26+00:00\" \/>\n<meta property=\"og:image\" content=\"https:\/\/bpk-archive.de\/tuellmann\/wp-content\/uploads\/2019\/08\/bpk_70243111.jpg\" \/>\n\t<meta property=\"og:image:width\" content=\"1200\" \/>\n\t<meta property=\"og:image:height\" content=\"931\" \/>\n\t<meta property=\"og:image:type\" content=\"image\/jpeg\" \/>\n<meta name=\"twitter:card\" content=\"summary_large_image\" \/>\n<script type=\"application\/ld+json\" class=\"yoast-schema-graph\">{\"@context\":\"https:\\\/\\\/schema.org\",\"@graph\":[{\"@type\":\"WebPage\",\"@id\":\"https:\\\/\\\/bpk-archive.de\\\/tuellmann\\\/produkt\\\/freie-schule-frankfurt-das-amerika-spiel-2\\\/\",\"url\":\"https:\\\/\\\/bpk-archive.de\\\/tuellmann\\\/produkt\\\/freie-schule-frankfurt-das-amerika-spiel-2\\\/\",\"name\":\"Freie Schule Frankfurt - das \\\"Amerika-Spiel\\\" - Abisag T\u00fcllmann\",\"isPartOf\":{\"@id\":\"https:\\\/\\\/bpk-archive.de\\\/tuellmann\\\/#website\"},\"primaryImageOfPage\":{\"@id\":\"https:\\\/\\\/bpk-archive.de\\\/tuellmann\\\/produkt\\\/freie-schule-frankfurt-das-amerika-spiel-2\\\/#primaryimage\"},\"image\":{\"@id\":\"https:\\\/\\\/bpk-archive.de\\\/tuellmann\\\/produkt\\\/freie-schule-frankfurt-das-amerika-spiel-2\\\/#primaryimage\"},\"thumbnailUrl\":\"https:\\\/\\\/bpk-archive.de\\\/tuellmann\\\/wp-content\\\/uploads\\\/2019\\\/08\\\/bpk_70243111.jpg\",\"datePublished\":\"2019-09-05T14:00:23+00:00\",\"dateModified\":\"2019-09-05T14:00:26+00:00\",\"breadcrumb\":{\"@id\":\"https:\\\/\\\/bpk-archive.de\\\/tuellmann\\\/produkt\\\/freie-schule-frankfurt-das-amerika-spiel-2\\\/#breadcrumb\"},\"inLanguage\":\"de\",\"potentialAction\":[{\"@type\":\"ReadAction\",\"target\":[\"https:\\\/\\\/bpk-archive.de\\\/tuellmann\\\/produkt\\\/freie-schule-frankfurt-das-amerika-spiel-2\\\/\"]}]},{\"@type\":\"ImageObject\",\"inLanguage\":\"de\",\"@id\":\"https:\\\/\\\/bpk-archive.de\\\/tuellmann\\\/produkt\\\/freie-schule-frankfurt-das-amerika-spiel-2\\\/#primaryimage\",\"url\":\"https:\\\/\\\/bpk-archive.de\\\/tuellmann\\\/wp-content\\\/uploads\\\/2019\\\/08\\\/bpk_70243111.jpg\",\"contentUrl\":\"https:\\\/\\\/bpk-archive.de\\\/tuellmann\\\/wp-content\\\/uploads\\\/2019\\\/08\\\/bpk_70243111.jpg\",\"width\":1200,\"height\":931,\"caption\":\"Freie Schule Frankfurt - das \\\"Amerika-Spiel\\\"\"},{\"@type\":\"BreadcrumbList\",\"@id\":\"https:\\\/\\\/bpk-archive.de\\\/tuellmann\\\/produkt\\\/freie-schule-frankfurt-das-amerika-spiel-2\\\/#breadcrumb\",\"itemListElement\":[{\"@type\":\"ListItem\",\"position\":1,\"name\":\"Startseite\",\"item\":\"https:\\\/\\\/bpk-archive.de\\\/tuellmann\\\/\"},{\"@type\":\"ListItem\",\"position\":2,\"name\":\"Shop\",\"item\":\"https:\\\/\\\/bpk-archive.de\\\/tuellmann\\\/shop\\\/\"},{\"@type\":\"ListItem\",\"position\":3,\"name\":\"Freie Schule Frankfurt &#8211; das &#8220;Amerika-Spiel&#8221;\"}]},{\"@type\":\"WebSite\",\"@id\":\"https:\\\/\\\/bpk-archive.de\\\/tuellmann\\\/#website\",\"url\":\"https:\\\/\\\/bpk-archive.de\\\/tuellmann\\\/\",\"name\":\"Abisag T\u00fcllmann\",\"description\":\"Eine weitere WordPress-Website\",\"potentialAction\":[{\"@type\":\"SearchAction\",\"target\":{\"@type\":\"EntryPoint\",\"urlTemplate\":\"https:\\\/\\\/bpk-archive.de\\\/tuellmann\\\/?s={search_term_string}\"},\"query-input\":{\"@type\":\"PropertyValueSpecification\",\"valueRequired\":true,\"valueName\":\"search_term_string\"}}],\"inLanguage\":\"de\"}]}<\/script>\n<!-- \/ Yoast SEO plugin. -->","yoast_head_json":{"title":"Freie Schule Frankfurt - das \"Amerika-Spiel\" - Abisag T\u00fcllmann","robots":{"index":"index","follow":"follow","max-snippet":"max-snippet:-1","max-image-preview":"max-image-preview:large","max-video-preview":"max-video-preview:-1"},"canonical":"https:\/\/bpk-archive.de\/tuellmann\/produkt\/freie-schule-frankfurt-das-amerika-spiel-2\/","og_locale":"de_DE","og_type":"article","og_title":"Freie Schule Frankfurt - das \"Amerika-Spiel\" - Abisag T\u00fcllmann","og_description":"Lehrerin \u00fcbt mit einer Sch\u00fclerin das Schreiben des Dollarzeichens R\u00fcckseitenbeschriftung von anderer Hand: &#8222;Juni 1977&#8220;","og_url":"https:\/\/bpk-archive.de\/tuellmann\/produkt\/freie-schule-frankfurt-das-amerika-spiel-2\/","og_site_name":"Abisag T\u00fcllmann","article_modified_time":"2019-09-05T14:00:26+00:00","og_image":[{"width":1200,"height":931,"url":"https:\/\/bpk-archive.de\/tuellmann\/wp-content\/uploads\/2019\/08\/bpk_70243111.jpg","type":"image\/jpeg"}],"twitter_card":"summary_large_image","schema":{"@context":"https:\/\/schema.org","@graph":[{"@type":"WebPage","@id":"https:\/\/bpk-archive.de\/tuellmann\/produkt\/freie-schule-frankfurt-das-amerika-spiel-2\/","url":"https:\/\/bpk-archive.de\/tuellmann\/produkt\/freie-schule-frankfurt-das-amerika-spiel-2\/","name":"Freie Schule Frankfurt - das \"Amerika-Spiel\" - Abisag T\u00fcllmann","isPartOf":{"@id":"https:\/\/bpk-archive.de\/tuellmann\/#website"},"primaryImageOfPage":{"@id":"https:\/\/bpk-archive.de\/tuellmann\/produkt\/freie-schule-frankfurt-das-amerika-spiel-2\/#primaryimage"},"image":{"@id":"https:\/\/bpk-archive.de\/tuellmann\/produkt\/freie-schule-frankfurt-das-amerika-spiel-2\/#primaryimage"},"thumbnailUrl":"https:\/\/bpk-archive.de\/tuellmann\/wp-content\/uploads\/2019\/08\/bpk_70243111.jpg","datePublished":"2019-09-05T14:00:23+00:00","dateModified":"2019-09-05T14:00:26+00:00","breadcrumb":{"@id":"https:\/\/bpk-archive.de\/tuellmann\/produkt\/freie-schule-frankfurt-das-amerika-spiel-2\/#breadcrumb"},"inLanguage":"de","potentialAction":[{"@type":"ReadAction","target":["https:\/\/bpk-archive.de\/tuellmann\/produkt\/freie-schule-frankfurt-das-amerika-spiel-2\/"]}]},{"@type":"ImageObject","inLanguage":"de","@id":"https:\/\/bpk-archive.de\/tuellmann\/produkt\/freie-schule-frankfurt-das-amerika-spiel-2\/#primaryimage","url":"https:\/\/bpk-archive.de\/tuellmann\/wp-content\/uploads\/2019\/08\/bpk_70243111.jpg","contentUrl":"https:\/\/bpk-archive.de\/tuellmann\/wp-content\/uploads\/2019\/08\/bpk_70243111.jpg","width":1200,"height":931,"caption":"Freie Schule Frankfurt - das \"Amerika-Spiel\""},{"@type":"BreadcrumbList","@id":"https:\/\/bpk-archive.de\/tuellmann\/produkt\/freie-schule-frankfurt-das-amerika-spiel-2\/#breadcrumb","itemListElement":[{"@type":"ListItem","position":1,"name":"Startseite","item":"https:\/\/bpk-archive.de\/tuellmann\/"},{"@type":"ListItem","position":2,"name":"Shop","item":"https:\/\/bpk-archive.de\/tuellmann\/shop\/"},{"@type":"ListItem","position":3,"name":"Freie Schule Frankfurt &#8211; das &#8220;Amerika-Spiel&#8221;"}]},{"@type":"WebSite","@id":"https:\/\/bpk-archive.de\/tuellmann\/#website","url":"https:\/\/bpk-archive.de\/tuellmann\/","name":"Abisag T\u00fcllmann","description":"Eine weitere WordPress-Website","potentialAction":[{"@type":"SearchAction","target":{"@type":"EntryPoint","urlTemplate":"https:\/\/bpk-archive.de\/tuellmann\/?s={search_term_string}"},"query-input":{"@type":"PropertyValueSpecification","valueRequired":true,"valueName":"search_term_string"}}],"inLanguage":"de"}]}},"_links":{"self":[{"href":"https:\/\/bpk-archive.de\/tuellmann\/wp-json\/wp\/v2\/product\/70296440","targetHints":{"allow":["GET"]}}],"collection":[{"href":"https:\/\/bpk-archive.de\/tuellmann\/wp-json\/wp\/v2\/product"}],"about":[{"href":"https:\/\/bpk-archive.de\/tuellmann\/wp-json\/wp\/v2\/types\/product"}],"wp:featuredmedia":[{"embeddable":true,"href":"https:\/\/bpk-archive.de\/tuellmann\/wp-json\/wp\/v2\/media\/70292492"}],"wp:attachment":[{"href":"https:\/\/bpk-archive.de\/tuellmann\/wp-json\/wp\/v2\/media?parent=70296440"}],"wp:term":[{"taxonomy":"product_brand","embeddable":true,"href":"https:\/\/bpk-archive.de\/tuellmann\/wp-json\/wp\/v2\/product_brand?post=70296440"},{"taxonomy":"product_cat","embeddable":true,"href":"https:\/\/bpk-archive.de\/tuellmann\/wp-json\/wp\/v2\/product_cat?post=70296440"},{"taxonomy":"product_tag","embeddable":true,"href":"https:\/\/bpk-archive.de\/tuellmann\/wp-json\/wp\/v2\/product_tag?post=70296440"}],"curies":[{"name":"wp","href":"https:\/\/api.w.org\/{rel}","templated":true}]}}