{"id":70296410,"date":"2019-09-05T15:59:48","date_gmt":"2019-09-05T13:59:48","guid":{"rendered":"http:\/\/abisagtuellmann.bpk-news.de\/atbild\/gruppenbild-der-schuelerinnen-und-schueler-der-freien-schule-mit-einer-lehrerin\/"},"modified":"2019-09-05T15:59:58","modified_gmt":"2019-09-05T13:59:58","slug":"gruppenbild-der-schuelerinnen-und-schueler-der-freien-schule-mit-einer-lehrerin","status":"publish","type":"product","link":"https:\/\/bpk-archive.de\/tuellmann\/produkt\/gruppenbild-der-schuelerinnen-und-schueler-der-freien-schule-mit-einer-lehrerin\/","title":{"rendered":"Gruppenbild der Sch\u00fclerinnen und Sch\u00fcler der Freien Schule mit einer Lehrerin"},"content":{"rendered":"<p>R\u00fcckseitenbeschriftung von anderer Hand: &#8222;Juli 1977&#8220;<\/p>\n","protected":false},"excerpt":{"rendered":"<p>R\u00fcckseitenbeschriftung von anderer Hand: &#8222;Juli 1977&#8220;<\/p>\n","protected":false},"featured_media":70292501,"template":"","meta":[],"product_brand":[],"product_cat":[],"product_tag":[13230,13232,13234,13231,13233,13235,62149,13777,62221,62222,62223,62224,62225,62226,62227,62228,62150,13250,47549,53557,53558,53559,47550,47551,47552,47553,13784,13785,50141,13469,14178,14179,13470,13471,13472,13260,52424,54126,54127,52426,13293,13786,13787,13294,13295,13296,13297,13485,13486,13482,13481,13483,13484,13487,13488,62230,62231,62232,62233,62234,49438,49439,49440,49441,49442,49443,49444,62235,14327,14195,14196,14197,14198,14199,14200,13492,13493,13494,13495,13496,13497,48707,48708,13301,13813,13814,14203,14204,14205,14206,14207,14208,14209,14210,14211,14212,14213,14214,14215,14216,14217,14218,14219,14220,14221,14000,14001,14002,14003,14004,14005,14006,48005,48006,48007,48008,48009,48010,48011,50418,50419,62237,62238,62239,62240,50119,13310,13311,54028,54138,54139,62837,13328,13827,13828,13329,13330,13331,13332,13829,13830,13831,13832,13833,13834,13835,13836,13837,13838,13839,13840,13841,13842,14230,14231,14232,13843,62241,13877,13879,62156,50163,50164,54158,62353,62354,53860,53861,55073,55074,13865,13864,13866,13858,13859,13860,13861,13862,13863,13354,13869,13870,13871,13872,14243,14244,14245,14246,14247,14248,14249,13878,13880,52832,52834,52835,62242,62243,62442,62444,62446,62443,62445],"class_list":{"0":"post-70296410","1":"product","2":"type-product","3":"status-publish","4":"has-post-thumbnail","6":"product_tag-1970er-jahre","7":"product_tag-20-jahrhundert-nach-chr","8":"product_tag-20-jh-n-chr","9":"product_tag-20-jahrhundert","10":"product_tag-20-jh","11":"product_tag-70er","12":"product_tag-abt_005","13":"product_tag-abzug","14":"product_tag-alternativ","15":"product_tag-alternativbewegung","16":"product_tag-alternativbewegungen","17":"product_tag-alternative","18":"product_tag-antiautoritaer","19":"product_tag-antiautoritaere","20":"product_tag-antiautoritaerer","21":"product_tag-antiautoritaeres","22":"product_tag-at_paedagogik","23":"product_tag-aussen","24":"product_tag-auto","25":"product_tag-autodach","26":"product_tag-autodaecher","27":"product_tag-autodachs","28":"product_tag-automobil","29":"product_tag-automobile","30":"product_tag-automobils","31":"product_tag-autos","32":"product_tag-bildnis","33":"product_tag-bildnisse","34":"product_tag-bildung","35":"product_tag-brd","36":"product_tag-bube","37":"product_tag-buben","38":"product_tag-bundesrepublik-deutschland","39":"product_tag-deutschland","40":"product_tag-deutschlands","41":"product_tag-draussen","42":"product_tag-erziehen","43":"product_tag-erzieherin","44":"product_tag-erzieherinnen","45":"product_tag-erziehung","46":"product_tag-foto","47":"product_tag-fotoabzug","48":"product_tag-fotoabzuege","49":"product_tag-fotografie","50":"product_tag-fotografien","51":"product_tag-fotografin","52":"product_tag-fotografinnen","53":"product_tag-frankfurt-m","54":"product_tag-frankfurt-main","55":"product_tag-frankfurt-a-main","56":"product_tag-frankfurt-a-m","57":"product_tag-frankfurt-am-main","58":"product_tag-frankfurter","59":"product_tag-frau","60":"product_tag-frauen","61":"product_tag-frei","62":"product_tag-freie","63":"product_tag-freien","64":"product_tag-freier","65":"product_tag-freies","66":"product_tag-froehlich","67":"product_tag-froehliche","68":"product_tag-froehlichem","69":"product_tag-froehlichen","70":"product_tag-froehlicher","71":"product_tag-froehliches","72":"product_tag-froehlichkeit","73":"product_tag-fsf","74":"product_tag-gesellschaft","75":"product_tag-gruppenbild","76":"product_tag-gruppenbilder","77":"product_tag-gruppenportrait","78":"product_tag-gruppenportraits","79":"product_tag-gruppenportraet","80":"product_tag-gruppenportraets","81":"product_tag-hessen","82":"product_tag-hessisch","83":"product_tag-hessische","84":"product_tag-hessischen","85":"product_tag-hessischer","86":"product_tag-hessisches","87":"product_tag-hof","88":"product_tag-hoefe","89":"product_tag-im-freien","90":"product_tag-junge","91":"product_tag-jungen","92":"product_tag-jungens","93":"product_tag-jungs","94":"product_tag-kind","95":"product_tag-kinde","96":"product_tag-kinder","97":"product_tag-kinderbild","98":"product_tag-kinderbildnis","99":"product_tag-kinderbildnisse","100":"product_tag-kindergruppe","101":"product_tag-kindergruppen","102":"product_tag-kindern","103":"product_tag-kinderportrait","104":"product_tag-kinderportraits","105":"product_tag-kinderportraet","106":"product_tag-kinderportraets","107":"product_tag-kindes","108":"product_tag-kindheit","109":"product_tag-knabe","110":"product_tag-knaben","111":"product_tag-laecheln","112":"product_tag-laechelnd","113":"product_tag-laechelnde","114":"product_tag-laechelnden","115":"product_tag-laechelnder","116":"product_tag-laechelndes","117":"product_tag-laechelt","118":"product_tag-lachen","119":"product_tag-lachend","120":"product_tag-lachende","121":"product_tag-lachendem","122":"product_tag-lachenden","123":"product_tag-lachender","124":"product_tag-lachendes","125":"product_tag-lehrerin","126":"product_tag-lehrerinnen","127":"product_tag-lehrform","128":"product_tag-lehrformen","129":"product_tag-lehrmethode","130":"product_tag-lehrmethoden","131":"product_tag-lernen","132":"product_tag-maedchen","133":"product_tag-maedchens","134":"product_tag-paedagogik","135":"product_tag-paedagogin","136":"product_tag-paedagoginnen","137":"product_tag-pausenhof","138":"product_tag-photo","139":"product_tag-photoabzug","140":"product_tag-photoabzuege","141":"product_tag-photographie","142":"product_tag-photographien","143":"product_tag-photographin","144":"product_tag-photographinnen","145":"product_tag-portrait","146":"product_tag-portraitaufnahme","147":"product_tag-portraitfoto","148":"product_tag-portraitfotografie","149":"product_tag-portraitphoto","150":"product_tag-portraitphotographie","151":"product_tag-portraits","152":"product_tag-portraet","153":"product_tag-portraetaufnahme","154":"product_tag-portraetfoto","155":"product_tag-portraetfotografie","156":"product_tag-portraetphoto","157":"product_tag-portraetphotographie","158":"product_tag-portraets","159":"product_tag-pose","160":"product_tag-posieren","161":"product_tag-posiert","162":"product_tag-print","163":"product_tag-reformpaedagogik","164":"product_tag-s-w-fotografie","165":"product_tag-s-w-photographie","166":"product_tag-schulbildung","167":"product_tag-schule","168":"product_tag-schulen","169":"product_tag-schueler","170":"product_tag-schulhof","171":"product_tag-schulhoefe","172":"product_tag-schulkind","173":"product_tag-schulkinder","174":"product_tag-schulklasse","175":"product_tag-schulklassen","176":"product_tag-schwarzweissphotographie","177":"product_tag-schwarz-weiss-fotografie","178":"product_tag-schwarz-weiss-photographie","179":"product_tag-schwarzweiss","180":"product_tag-schwarzweisse","181":"product_tag-schwarzweissen","182":"product_tag-schwarzweisser","183":"product_tag-schwarzweisses","184":"product_tag-schwarzweissfotografie","185":"product_tag-siebziger","186":"product_tag-silbergelatine","187":"product_tag-silbergelatineabzug","188":"product_tag-silbergelatineabzuege","189":"product_tag-silbergelatineprint","190":"product_tag-sitzen","191":"product_tag-sitzend","192":"product_tag-sitzende","193":"product_tag-sitzenden","194":"product_tag-sitzender","195":"product_tag-sitzendes","196":"product_tag-sitzt","197":"product_tag-sw-fotografie","198":"product_tag-sw-photographie","199":"product_tag-unterricht","200":"product_tag-unterrichtes","201":"product_tag-unterrichts","202":"product_tag-unterrichtsmethode","203":"product_tag-unterrichtsmethoden","204":"product_tag-victory","205":"product_tag-victory-geste","206":"product_tag-victory-zeichen","207":"product_tag-victorygeste","208":"product_tag-victoryzeichen","209":"pa_datierung-juli-1977","210":"pa_fotograf-abisag-tuellmann","211":"pa_geografischer_bezug-aufnahmeort-frankfurt-am-main-deutschland","212":"pa_grunddaten_material_technik-foto-silbergelatine-auf-barytpapier","213":"pa_inventarnummer-tue-77-250-28","214":"pa_jahr_von-49467","215":"pa_massangaben-bildformat-foto-305-x-233-cm","216":"pa_mediennummer-62848","217":"pa_objekt_typ-fotografie","219":"first","220":"instock","221":"product-type-simple"},"yoast_head":"<!-- This site is optimized with the Yoast SEO plugin v27.3 - https:\/\/yoast.com\/product\/yoast-seo-wordpress\/ -->\n<title>Gruppenbild der Sch\u00fclerinnen und Sch\u00fcler der Freien Schule mit einer Lehrerin - Abisag T\u00fcllmann<\/title>\n<meta name=\"robots\" content=\"index, follow, max-snippet:-1, max-image-preview:large, max-video-preview:-1\" \/>\n<link rel=\"canonical\" href=\"https:\/\/bpk-archive.de\/tuellmann\/produkt\/gruppenbild-der-schuelerinnen-und-schueler-der-freien-schule-mit-einer-lehrerin\/\" \/>\n<meta property=\"og:locale\" content=\"de_DE\" \/>\n<meta property=\"og:type\" content=\"article\" \/>\n<meta property=\"og:title\" content=\"Gruppenbild der Sch\u00fclerinnen und Sch\u00fcler der Freien Schule mit einer Lehrerin - Abisag T\u00fcllmann\" \/>\n<meta property=\"og:description\" content=\"R\u00fcckseitenbeschriftung von anderer Hand: &#8222;Juli 1977&#8220;\" \/>\n<meta property=\"og:url\" content=\"https:\/\/bpk-archive.de\/tuellmann\/produkt\/gruppenbild-der-schuelerinnen-und-schueler-der-freien-schule-mit-einer-lehrerin\/\" \/>\n<meta property=\"og:site_name\" content=\"Abisag T\u00fcllmann\" \/>\n<meta property=\"article:modified_time\" content=\"2019-09-05T13:59:58+00:00\" \/>\n<meta property=\"og:image\" content=\"https:\/\/bpk-archive.de\/tuellmann\/wp-content\/uploads\/2019\/08\/bpk_70243114.jpg\" \/>\n\t<meta property=\"og:image:width\" content=\"930\" \/>\n\t<meta property=\"og:image:height\" content=\"1200\" \/>\n\t<meta property=\"og:image:type\" content=\"image\/jpeg\" \/>\n<meta name=\"twitter:card\" content=\"summary_large_image\" \/>\n<script type=\"application\/ld+json\" class=\"yoast-schema-graph\">{\"@context\":\"https:\\\/\\\/schema.org\",\"@graph\":[{\"@type\":\"WebPage\",\"@id\":\"https:\\\/\\\/bpk-archive.de\\\/tuellmann\\\/produkt\\\/gruppenbild-der-schuelerinnen-und-schueler-der-freien-schule-mit-einer-lehrerin\\\/\",\"url\":\"https:\\\/\\\/bpk-archive.de\\\/tuellmann\\\/produkt\\\/gruppenbild-der-schuelerinnen-und-schueler-der-freien-schule-mit-einer-lehrerin\\\/\",\"name\":\"Gruppenbild der Sch\u00fclerinnen und Sch\u00fcler der Freien Schule mit einer Lehrerin - Abisag T\u00fcllmann\",\"isPartOf\":{\"@id\":\"https:\\\/\\\/bpk-archive.de\\\/tuellmann\\\/#website\"},\"primaryImageOfPage\":{\"@id\":\"https:\\\/\\\/bpk-archive.de\\\/tuellmann\\\/produkt\\\/gruppenbild-der-schuelerinnen-und-schueler-der-freien-schule-mit-einer-lehrerin\\\/#primaryimage\"},\"image\":{\"@id\":\"https:\\\/\\\/bpk-archive.de\\\/tuellmann\\\/produkt\\\/gruppenbild-der-schuelerinnen-und-schueler-der-freien-schule-mit-einer-lehrerin\\\/#primaryimage\"},\"thumbnailUrl\":\"https:\\\/\\\/bpk-archive.de\\\/tuellmann\\\/wp-content\\\/uploads\\\/2019\\\/08\\\/bpk_70243114.jpg\",\"datePublished\":\"2019-09-05T13:59:48+00:00\",\"dateModified\":\"2019-09-05T13:59:58+00:00\",\"breadcrumb\":{\"@id\":\"https:\\\/\\\/bpk-archive.de\\\/tuellmann\\\/produkt\\\/gruppenbild-der-schuelerinnen-und-schueler-der-freien-schule-mit-einer-lehrerin\\\/#breadcrumb\"},\"inLanguage\":\"de\",\"potentialAction\":[{\"@type\":\"ReadAction\",\"target\":[\"https:\\\/\\\/bpk-archive.de\\\/tuellmann\\\/produkt\\\/gruppenbild-der-schuelerinnen-und-schueler-der-freien-schule-mit-einer-lehrerin\\\/\"]}]},{\"@type\":\"ImageObject\",\"inLanguage\":\"de\",\"@id\":\"https:\\\/\\\/bpk-archive.de\\\/tuellmann\\\/produkt\\\/gruppenbild-der-schuelerinnen-und-schueler-der-freien-schule-mit-einer-lehrerin\\\/#primaryimage\",\"url\":\"https:\\\/\\\/bpk-archive.de\\\/tuellmann\\\/wp-content\\\/uploads\\\/2019\\\/08\\\/bpk_70243114.jpg\",\"contentUrl\":\"https:\\\/\\\/bpk-archive.de\\\/tuellmann\\\/wp-content\\\/uploads\\\/2019\\\/08\\\/bpk_70243114.jpg\",\"width\":930,\"height\":1200,\"caption\":\"Gruppenbild der Sch\u00fclerinnen und Sch\u00fcler der Freien Schule mit einer Lehrerin\"},{\"@type\":\"BreadcrumbList\",\"@id\":\"https:\\\/\\\/bpk-archive.de\\\/tuellmann\\\/produkt\\\/gruppenbild-der-schuelerinnen-und-schueler-der-freien-schule-mit-einer-lehrerin\\\/#breadcrumb\",\"itemListElement\":[{\"@type\":\"ListItem\",\"position\":1,\"name\":\"Startseite\",\"item\":\"https:\\\/\\\/bpk-archive.de\\\/tuellmann\\\/\"},{\"@type\":\"ListItem\",\"position\":2,\"name\":\"Shop\",\"item\":\"https:\\\/\\\/bpk-archive.de\\\/tuellmann\\\/shop\\\/\"},{\"@type\":\"ListItem\",\"position\":3,\"name\":\"Gruppenbild der Sch\u00fclerinnen und Sch\u00fcler der Freien Schule mit einer Lehrerin\"}]},{\"@type\":\"WebSite\",\"@id\":\"https:\\\/\\\/bpk-archive.de\\\/tuellmann\\\/#website\",\"url\":\"https:\\\/\\\/bpk-archive.de\\\/tuellmann\\\/\",\"name\":\"Abisag T\u00fcllmann\",\"description\":\"Eine weitere WordPress-Website\",\"potentialAction\":[{\"@type\":\"SearchAction\",\"target\":{\"@type\":\"EntryPoint\",\"urlTemplate\":\"https:\\\/\\\/bpk-archive.de\\\/tuellmann\\\/?s={search_term_string}\"},\"query-input\":{\"@type\":\"PropertyValueSpecification\",\"valueRequired\":true,\"valueName\":\"search_term_string\"}}],\"inLanguage\":\"de\"}]}<\/script>\n<!-- \/ Yoast SEO plugin. -->","yoast_head_json":{"title":"Gruppenbild der Sch\u00fclerinnen und Sch\u00fcler der Freien Schule mit einer Lehrerin - Abisag T\u00fcllmann","robots":{"index":"index","follow":"follow","max-snippet":"max-snippet:-1","max-image-preview":"max-image-preview:large","max-video-preview":"max-video-preview:-1"},"canonical":"https:\/\/bpk-archive.de\/tuellmann\/produkt\/gruppenbild-der-schuelerinnen-und-schueler-der-freien-schule-mit-einer-lehrerin\/","og_locale":"de_DE","og_type":"article","og_title":"Gruppenbild der Sch\u00fclerinnen und Sch\u00fcler der Freien Schule mit einer Lehrerin - Abisag T\u00fcllmann","og_description":"R\u00fcckseitenbeschriftung von anderer Hand: &#8222;Juli 1977&#8220;","og_url":"https:\/\/bpk-archive.de\/tuellmann\/produkt\/gruppenbild-der-schuelerinnen-und-schueler-der-freien-schule-mit-einer-lehrerin\/","og_site_name":"Abisag T\u00fcllmann","article_modified_time":"2019-09-05T13:59:58+00:00","og_image":[{"width":930,"height":1200,"url":"https:\/\/bpk-archive.de\/tuellmann\/wp-content\/uploads\/2019\/08\/bpk_70243114.jpg","type":"image\/jpeg"}],"twitter_card":"summary_large_image","schema":{"@context":"https:\/\/schema.org","@graph":[{"@type":"WebPage","@id":"https:\/\/bpk-archive.de\/tuellmann\/produkt\/gruppenbild-der-schuelerinnen-und-schueler-der-freien-schule-mit-einer-lehrerin\/","url":"https:\/\/bpk-archive.de\/tuellmann\/produkt\/gruppenbild-der-schuelerinnen-und-schueler-der-freien-schule-mit-einer-lehrerin\/","name":"Gruppenbild der Sch\u00fclerinnen und Sch\u00fcler der Freien Schule mit einer Lehrerin - Abisag T\u00fcllmann","isPartOf":{"@id":"https:\/\/bpk-archive.de\/tuellmann\/#website"},"primaryImageOfPage":{"@id":"https:\/\/bpk-archive.de\/tuellmann\/produkt\/gruppenbild-der-schuelerinnen-und-schueler-der-freien-schule-mit-einer-lehrerin\/#primaryimage"},"image":{"@id":"https:\/\/bpk-archive.de\/tuellmann\/produkt\/gruppenbild-der-schuelerinnen-und-schueler-der-freien-schule-mit-einer-lehrerin\/#primaryimage"},"thumbnailUrl":"https:\/\/bpk-archive.de\/tuellmann\/wp-content\/uploads\/2019\/08\/bpk_70243114.jpg","datePublished":"2019-09-05T13:59:48+00:00","dateModified":"2019-09-05T13:59:58+00:00","breadcrumb":{"@id":"https:\/\/bpk-archive.de\/tuellmann\/produkt\/gruppenbild-der-schuelerinnen-und-schueler-der-freien-schule-mit-einer-lehrerin\/#breadcrumb"},"inLanguage":"de","potentialAction":[{"@type":"ReadAction","target":["https:\/\/bpk-archive.de\/tuellmann\/produkt\/gruppenbild-der-schuelerinnen-und-schueler-der-freien-schule-mit-einer-lehrerin\/"]}]},{"@type":"ImageObject","inLanguage":"de","@id":"https:\/\/bpk-archive.de\/tuellmann\/produkt\/gruppenbild-der-schuelerinnen-und-schueler-der-freien-schule-mit-einer-lehrerin\/#primaryimage","url":"https:\/\/bpk-archive.de\/tuellmann\/wp-content\/uploads\/2019\/08\/bpk_70243114.jpg","contentUrl":"https:\/\/bpk-archive.de\/tuellmann\/wp-content\/uploads\/2019\/08\/bpk_70243114.jpg","width":930,"height":1200,"caption":"Gruppenbild der Sch\u00fclerinnen und Sch\u00fcler der Freien Schule mit einer Lehrerin"},{"@type":"BreadcrumbList","@id":"https:\/\/bpk-archive.de\/tuellmann\/produkt\/gruppenbild-der-schuelerinnen-und-schueler-der-freien-schule-mit-einer-lehrerin\/#breadcrumb","itemListElement":[{"@type":"ListItem","position":1,"name":"Startseite","item":"https:\/\/bpk-archive.de\/tuellmann\/"},{"@type":"ListItem","position":2,"name":"Shop","item":"https:\/\/bpk-archive.de\/tuellmann\/shop\/"},{"@type":"ListItem","position":3,"name":"Gruppenbild der Sch\u00fclerinnen und Sch\u00fcler der Freien Schule mit einer Lehrerin"}]},{"@type":"WebSite","@id":"https:\/\/bpk-archive.de\/tuellmann\/#website","url":"https:\/\/bpk-archive.de\/tuellmann\/","name":"Abisag T\u00fcllmann","description":"Eine weitere WordPress-Website","potentialAction":[{"@type":"SearchAction","target":{"@type":"EntryPoint","urlTemplate":"https:\/\/bpk-archive.de\/tuellmann\/?s={search_term_string}"},"query-input":{"@type":"PropertyValueSpecification","valueRequired":true,"valueName":"search_term_string"}}],"inLanguage":"de"}]}},"_links":{"self":[{"href":"https:\/\/bpk-archive.de\/tuellmann\/wp-json\/wp\/v2\/product\/70296410","targetHints":{"allow":["GET"]}}],"collection":[{"href":"https:\/\/bpk-archive.de\/tuellmann\/wp-json\/wp\/v2\/product"}],"about":[{"href":"https:\/\/bpk-archive.de\/tuellmann\/wp-json\/wp\/v2\/types\/product"}],"wp:featuredmedia":[{"embeddable":true,"href":"https:\/\/bpk-archive.de\/tuellmann\/wp-json\/wp\/v2\/media\/70292501"}],"wp:attachment":[{"href":"https:\/\/bpk-archive.de\/tuellmann\/wp-json\/wp\/v2\/media?parent=70296410"}],"wp:term":[{"taxonomy":"product_brand","embeddable":true,"href":"https:\/\/bpk-archive.de\/tuellmann\/wp-json\/wp\/v2\/product_brand?post=70296410"},{"taxonomy":"product_cat","embeddable":true,"href":"https:\/\/bpk-archive.de\/tuellmann\/wp-json\/wp\/v2\/product_cat?post=70296410"},{"taxonomy":"product_tag","embeddable":true,"href":"https:\/\/bpk-archive.de\/tuellmann\/wp-json\/wp\/v2\/product_tag?post=70296410"}],"curies":[{"name":"wp","href":"https:\/\/api.w.org\/{rel}","templated":true}]}}