{"id":70296405,"date":"2019-09-05T15:59:48","date_gmt":"2019-09-05T13:59:48","guid":{"rendered":"http:\/\/abisagtuellmann.bpk-news.de\/atbild\/chemieunterricht-im-landerziehungsheim-odenwaldschule\/"},"modified":"2020-08-11T17:05:28","modified_gmt":"2020-08-11T15:05:28","slug":"chemieunterricht-im-landerziehungsheim-odenwaldschule","status":"publish","type":"product","link":"https:\/\/bpk-archive.de\/tuellmann\/produkt\/chemieunterricht-im-landerziehungsheim-odenwaldschule\/","title":{"rendered":"Chemieunterricht im Landerziehungsheim Odenwaldschule"},"content":{"rendered":"<p>R\u00fcckseitenbeschriftung von Hand der Fotografin: &#8222;Chemieunterricht, Hauptschulabschlu\u00dfklasse (Odenwaldschule)&#8220;<\/p>\n","protected":false},"excerpt":{"rendered":"<p>R\u00fcckseitenbeschriftung von Hand der Fotografin: &#8222;Chemieunterricht, Hauptschulabschlu\u00dfklasse (Odenwaldschule)&#8220;<\/p>\n","protected":false},"featured_media":70292491,"template":"","meta":[],"product_brand":[],"product_cat":[73393],"product_tag":[13774,13232,13234,13231,13233,13775,62819,62149,13777,62150,62820,62821,13784,13785,50141,13469,14178,14179,13470,53969,62822,62823,13253,13254,13255,13256,13257,13471,13472,47629,13473,52424,52426,62250,62824,62825,13293,13786,13787,13294,13295,13296,13297,47267,62826,62827,14327,57141,57142,14195,14196,14197,14198,14199,14200,62828,62829,13492,13493,13494,13495,13496,13497,13498,62251,13813,13814,14203,14204,14220,14221,50152,50153,50154,50155,50156,50157,50158,62253,62254,50119,13310,13311,62260,62261,54028,13328,13827,13828,13329,13330,13331,13332,47332,13829,13830,13831,13832,13833,13834,13835,13836,13837,13838,13839,13840,13841,13842,13843,62154,62155,62241,13877,13879,62156,50163,50164,54158,13346,13347,55073,55074,13865,13864,13866,13858,13859,13860,13861,13862,13863,13867,13869,13870,13871,13872,13878,13880,52832,52834,52835,13525],"class_list":{"0":"post-70296405","1":"product","2":"type-product","3":"status-publish","4":"has-post-thumbnail","6":"product_cat-schule","7":"product_tag-1960er-jahre","8":"product_tag-20-jahrhundert-nach-chr","9":"product_tag-20-jh-n-chr","10":"product_tag-20-jahrhundert","11":"product_tag-20-jh","12":"product_tag-60er","13":"product_tag-abschlussklasse","14":"product_tag-abt_005","15":"product_tag-abzug","16":"product_tag-at_paedagogik","17":"product_tag-behaelter","18":"product_tag-behaeltnis","19":"product_tag-bildnis","20":"product_tag-bildnisse","21":"product_tag-bildung","22":"product_tag-brd","23":"product_tag-bube","24":"product_tag-buben","25":"product_tag-bundesrepublik-deutschland","26":"product_tag-chemie","27":"product_tag-chemielabor","28":"product_tag-chemieunterricht","29":"product_tag-deutsch","30":"product_tag-deutsche","31":"product_tag-deutschen","32":"product_tag-deutscher","33":"product_tag-deutsches","34":"product_tag-deutschland","35":"product_tag-deutschlands","36":"product_tag-drei","37":"product_tag-drinnen","38":"product_tag-erziehen","39":"product_tag-erziehung","40":"product_tag-erziehungswesen","41":"product_tag-experiment","42":"product_tag-experimente","43":"product_tag-foto","44":"product_tag-fotoabzug","45":"product_tag-fotoabzuege","46":"product_tag-fotografie","47":"product_tag-fotografien","48":"product_tag-fotografin","49":"product_tag-fotografinnen","50":"product_tag-fotoreportage","51":"product_tag-gefaess","52":"product_tag-gefaesse","53":"product_tag-gesellschaft","54":"product_tag-glas","55":"product_tag-glaeser","56":"product_tag-gruppenbild","57":"product_tag-gruppenbilder","58":"product_tag-gruppenportrait","59":"product_tag-gruppenportraits","60":"product_tag-gruppenportraet","61":"product_tag-gruppenportraets","62":"product_tag-hauptschule","63":"product_tag-hauptschuler","64":"product_tag-hessen","65":"product_tag-hessisch","66":"product_tag-hessische","67":"product_tag-hessischen","68":"product_tag-hessischer","69":"product_tag-hessisches","70":"product_tag-innen","71":"product_tag-internat","72":"product_tag-junge","73":"product_tag-jungen","74":"product_tag-jungens","75":"product_tag-jungs","76":"product_tag-knabe","77":"product_tag-knaben","78":"product_tag-konzentiertes","79":"product_tag-konzentration","80":"product_tag-konzentrieren","81":"product_tag-konzentriert","82":"product_tag-konzentrierte","83":"product_tag-konzentrierten","84":"product_tag-konzentrierter","85":"product_tag-landerziehungsheim","86":"product_tag-landerziehungsheime","87":"product_tag-lernen","88":"product_tag-maedchen","89":"product_tag-maedchens","90":"product_tag-odenwald","91":"product_tag-oso","92":"product_tag-paedagogik","93":"product_tag-photo","94":"product_tag-photoabzug","95":"product_tag-photoabzuege","96":"product_tag-photographie","97":"product_tag-photographien","98":"product_tag-photographin","99":"product_tag-photographinnen","100":"product_tag-photoreportage","101":"product_tag-portrait","102":"product_tag-portraitaufnahme","103":"product_tag-portraitfoto","104":"product_tag-portraitfotografie","105":"product_tag-portraitphoto","106":"product_tag-portraitphotographie","107":"product_tag-portraits","108":"product_tag-portraet","109":"product_tag-portraetaufnahme","110":"product_tag-portraetfoto","111":"product_tag-portraetfotografie","112":"product_tag-portraetphoto","113":"product_tag-portraetphotographie","114":"product_tag-portraets","115":"product_tag-print","116":"product_tag-reform","117":"product_tag-reformen","118":"product_tag-reformpaedagogik","119":"product_tag-s-w-fotografie","120":"product_tag-s-w-photographie","121":"product_tag-schulbildung","122":"product_tag-schule","123":"product_tag-schulen","124":"product_tag-schueler","125":"product_tag-schuelerin","126":"product_tag-schuelerinnen","127":"product_tag-schulklasse","128":"product_tag-schulklassen","129":"product_tag-schwarzweissphotographie","130":"product_tag-schwarz-weiss-fotografie","131":"product_tag-schwarz-weiss-photographie","132":"product_tag-schwarzweiss","133":"product_tag-schwarzweisse","134":"product_tag-schwarzweissen","135":"product_tag-schwarzweisser","136":"product_tag-schwarzweisses","137":"product_tag-schwarzweissfotografie","138":"product_tag-sechziger","139":"product_tag-silbergelatine","140":"product_tag-silbergelatineabzug","141":"product_tag-silbergelatineabzuege","142":"product_tag-silbergelatineprint","143":"product_tag-sw-fotografie","144":"product_tag-sw-photographie","145":"product_tag-unterricht","146":"product_tag-unterrichtes","147":"product_tag-unterrichts","148":"product_tag-von-innen","149":"pa_datierung-maerz-1969","150":"pa_fotograf-abisag-tuellmann","151":"pa_geografischer_bezug-aufnahmeort-heppenheim-ober-hambach-deutschland","152":"pa_grunddaten_material_technik-foto-silbergelatine-auf-barytpapier","153":"pa_inventarnummer-tue-69-094-34","154":"pa_jahr_von-14258","155":"pa_massangaben-bildformat-foto-232-x-296-cm","156":"pa_mediennummer-62818","157":"pa_objekt_typ-fotografie","159":"first","160":"instock","161":"product-type-simple"},"yoast_head":"<!-- This site is optimized with the Yoast SEO plugin v27.3 - https:\/\/yoast.com\/product\/yoast-seo-wordpress\/ -->\n<title>Chemieunterricht im Landerziehungsheim Odenwaldschule - Abisag T\u00fcllmann<\/title>\n<meta name=\"robots\" content=\"index, follow, max-snippet:-1, max-image-preview:large, max-video-preview:-1\" \/>\n<link rel=\"canonical\" href=\"https:\/\/bpk-archive.de\/tuellmann\/produkt\/chemieunterricht-im-landerziehungsheim-odenwaldschule\/\" \/>\n<meta property=\"og:locale\" content=\"de_DE\" \/>\n<meta property=\"og:type\" content=\"article\" \/>\n<meta property=\"og:title\" content=\"Chemieunterricht im Landerziehungsheim Odenwaldschule - Abisag T\u00fcllmann\" \/>\n<meta property=\"og:description\" content=\"R\u00fcckseitenbeschriftung von Hand der Fotografin: &#8222;Chemieunterricht, Hauptschulabschlu\u00dfklasse (Odenwaldschule)&#8220;\" \/>\n<meta property=\"og:url\" content=\"https:\/\/bpk-archive.de\/tuellmann\/produkt\/chemieunterricht-im-landerziehungsheim-odenwaldschule\/\" \/>\n<meta property=\"og:site_name\" content=\"Abisag T\u00fcllmann\" \/>\n<meta property=\"article:modified_time\" content=\"2020-08-11T15:05:28+00:00\" \/>\n<meta property=\"og:image\" content=\"https:\/\/bpk-archive.de\/tuellmann\/wp-content\/uploads\/2019\/08\/bpk_70243160.jpg\" \/>\n\t<meta property=\"og:image:width\" content=\"1200\" \/>\n\t<meta property=\"og:image:height\" content=\"949\" \/>\n\t<meta property=\"og:image:type\" content=\"image\/jpeg\" \/>\n<meta name=\"twitter:card\" content=\"summary_large_image\" \/>\n<script type=\"application\/ld+json\" class=\"yoast-schema-graph\">{\"@context\":\"https:\\\/\\\/schema.org\",\"@graph\":[{\"@type\":\"WebPage\",\"@id\":\"https:\\\/\\\/bpk-archive.de\\\/tuellmann\\\/produkt\\\/chemieunterricht-im-landerziehungsheim-odenwaldschule\\\/\",\"url\":\"https:\\\/\\\/bpk-archive.de\\\/tuellmann\\\/produkt\\\/chemieunterricht-im-landerziehungsheim-odenwaldschule\\\/\",\"name\":\"Chemieunterricht im Landerziehungsheim Odenwaldschule - Abisag T\u00fcllmann\",\"isPartOf\":{\"@id\":\"https:\\\/\\\/bpk-archive.de\\\/tuellmann\\\/#website\"},\"primaryImageOfPage\":{\"@id\":\"https:\\\/\\\/bpk-archive.de\\\/tuellmann\\\/produkt\\\/chemieunterricht-im-landerziehungsheim-odenwaldschule\\\/#primaryimage\"},\"image\":{\"@id\":\"https:\\\/\\\/bpk-archive.de\\\/tuellmann\\\/produkt\\\/chemieunterricht-im-landerziehungsheim-odenwaldschule\\\/#primaryimage\"},\"thumbnailUrl\":\"https:\\\/\\\/bpk-archive.de\\\/tuellmann\\\/wp-content\\\/uploads\\\/2019\\\/08\\\/bpk_70243160.jpg\",\"datePublished\":\"2019-09-05T13:59:48+00:00\",\"dateModified\":\"2020-08-11T15:05:28+00:00\",\"breadcrumb\":{\"@id\":\"https:\\\/\\\/bpk-archive.de\\\/tuellmann\\\/produkt\\\/chemieunterricht-im-landerziehungsheim-odenwaldschule\\\/#breadcrumb\"},\"inLanguage\":\"de\",\"potentialAction\":[{\"@type\":\"ReadAction\",\"target\":[\"https:\\\/\\\/bpk-archive.de\\\/tuellmann\\\/produkt\\\/chemieunterricht-im-landerziehungsheim-odenwaldschule\\\/\"]}]},{\"@type\":\"ImageObject\",\"inLanguage\":\"de\",\"@id\":\"https:\\\/\\\/bpk-archive.de\\\/tuellmann\\\/produkt\\\/chemieunterricht-im-landerziehungsheim-odenwaldschule\\\/#primaryimage\",\"url\":\"https:\\\/\\\/bpk-archive.de\\\/tuellmann\\\/wp-content\\\/uploads\\\/2019\\\/08\\\/bpk_70243160.jpg\",\"contentUrl\":\"https:\\\/\\\/bpk-archive.de\\\/tuellmann\\\/wp-content\\\/uploads\\\/2019\\\/08\\\/bpk_70243160.jpg\",\"width\":1200,\"height\":949,\"caption\":\"Chemieunterricht im Landerziehungsheim Odenwaldschule\"},{\"@type\":\"BreadcrumbList\",\"@id\":\"https:\\\/\\\/bpk-archive.de\\\/tuellmann\\\/produkt\\\/chemieunterricht-im-landerziehungsheim-odenwaldschule\\\/#breadcrumb\",\"itemListElement\":[{\"@type\":\"ListItem\",\"position\":1,\"name\":\"Startseite\",\"item\":\"https:\\\/\\\/bpk-archive.de\\\/tuellmann\\\/\"},{\"@type\":\"ListItem\",\"position\":2,\"name\":\"Shop\",\"item\":\"https:\\\/\\\/bpk-archive.de\\\/tuellmann\\\/shop\\\/\"},{\"@type\":\"ListItem\",\"position\":3,\"name\":\"Chemieunterricht im Landerziehungsheim Odenwaldschule\"}]},{\"@type\":\"WebSite\",\"@id\":\"https:\\\/\\\/bpk-archive.de\\\/tuellmann\\\/#website\",\"url\":\"https:\\\/\\\/bpk-archive.de\\\/tuellmann\\\/\",\"name\":\"Abisag T\u00fcllmann\",\"description\":\"Eine weitere WordPress-Website\",\"potentialAction\":[{\"@type\":\"SearchAction\",\"target\":{\"@type\":\"EntryPoint\",\"urlTemplate\":\"https:\\\/\\\/bpk-archive.de\\\/tuellmann\\\/?s={search_term_string}\"},\"query-input\":{\"@type\":\"PropertyValueSpecification\",\"valueRequired\":true,\"valueName\":\"search_term_string\"}}],\"inLanguage\":\"de\"}]}<\/script>\n<!-- \/ Yoast SEO plugin. -->","yoast_head_json":{"title":"Chemieunterricht im Landerziehungsheim Odenwaldschule - Abisag T\u00fcllmann","robots":{"index":"index","follow":"follow","max-snippet":"max-snippet:-1","max-image-preview":"max-image-preview:large","max-video-preview":"max-video-preview:-1"},"canonical":"https:\/\/bpk-archive.de\/tuellmann\/produkt\/chemieunterricht-im-landerziehungsheim-odenwaldschule\/","og_locale":"de_DE","og_type":"article","og_title":"Chemieunterricht im Landerziehungsheim Odenwaldschule - Abisag T\u00fcllmann","og_description":"R\u00fcckseitenbeschriftung von Hand der Fotografin: &#8222;Chemieunterricht, Hauptschulabschlu\u00dfklasse (Odenwaldschule)&#8220;","og_url":"https:\/\/bpk-archive.de\/tuellmann\/produkt\/chemieunterricht-im-landerziehungsheim-odenwaldschule\/","og_site_name":"Abisag T\u00fcllmann","article_modified_time":"2020-08-11T15:05:28+00:00","og_image":[{"width":1200,"height":949,"url":"https:\/\/bpk-archive.de\/tuellmann\/wp-content\/uploads\/2019\/08\/bpk_70243160.jpg","type":"image\/jpeg"}],"twitter_card":"summary_large_image","schema":{"@context":"https:\/\/schema.org","@graph":[{"@type":"WebPage","@id":"https:\/\/bpk-archive.de\/tuellmann\/produkt\/chemieunterricht-im-landerziehungsheim-odenwaldschule\/","url":"https:\/\/bpk-archive.de\/tuellmann\/produkt\/chemieunterricht-im-landerziehungsheim-odenwaldschule\/","name":"Chemieunterricht im Landerziehungsheim Odenwaldschule - Abisag T\u00fcllmann","isPartOf":{"@id":"https:\/\/bpk-archive.de\/tuellmann\/#website"},"primaryImageOfPage":{"@id":"https:\/\/bpk-archive.de\/tuellmann\/produkt\/chemieunterricht-im-landerziehungsheim-odenwaldschule\/#primaryimage"},"image":{"@id":"https:\/\/bpk-archive.de\/tuellmann\/produkt\/chemieunterricht-im-landerziehungsheim-odenwaldschule\/#primaryimage"},"thumbnailUrl":"https:\/\/bpk-archive.de\/tuellmann\/wp-content\/uploads\/2019\/08\/bpk_70243160.jpg","datePublished":"2019-09-05T13:59:48+00:00","dateModified":"2020-08-11T15:05:28+00:00","breadcrumb":{"@id":"https:\/\/bpk-archive.de\/tuellmann\/produkt\/chemieunterricht-im-landerziehungsheim-odenwaldschule\/#breadcrumb"},"inLanguage":"de","potentialAction":[{"@type":"ReadAction","target":["https:\/\/bpk-archive.de\/tuellmann\/produkt\/chemieunterricht-im-landerziehungsheim-odenwaldschule\/"]}]},{"@type":"ImageObject","inLanguage":"de","@id":"https:\/\/bpk-archive.de\/tuellmann\/produkt\/chemieunterricht-im-landerziehungsheim-odenwaldschule\/#primaryimage","url":"https:\/\/bpk-archive.de\/tuellmann\/wp-content\/uploads\/2019\/08\/bpk_70243160.jpg","contentUrl":"https:\/\/bpk-archive.de\/tuellmann\/wp-content\/uploads\/2019\/08\/bpk_70243160.jpg","width":1200,"height":949,"caption":"Chemieunterricht im Landerziehungsheim Odenwaldschule"},{"@type":"BreadcrumbList","@id":"https:\/\/bpk-archive.de\/tuellmann\/produkt\/chemieunterricht-im-landerziehungsheim-odenwaldschule\/#breadcrumb","itemListElement":[{"@type":"ListItem","position":1,"name":"Startseite","item":"https:\/\/bpk-archive.de\/tuellmann\/"},{"@type":"ListItem","position":2,"name":"Shop","item":"https:\/\/bpk-archive.de\/tuellmann\/shop\/"},{"@type":"ListItem","position":3,"name":"Chemieunterricht im Landerziehungsheim Odenwaldschule"}]},{"@type":"WebSite","@id":"https:\/\/bpk-archive.de\/tuellmann\/#website","url":"https:\/\/bpk-archive.de\/tuellmann\/","name":"Abisag T\u00fcllmann","description":"Eine weitere WordPress-Website","potentialAction":[{"@type":"SearchAction","target":{"@type":"EntryPoint","urlTemplate":"https:\/\/bpk-archive.de\/tuellmann\/?s={search_term_string}"},"query-input":{"@type":"PropertyValueSpecification","valueRequired":true,"valueName":"search_term_string"}}],"inLanguage":"de"}]}},"_links":{"self":[{"href":"https:\/\/bpk-archive.de\/tuellmann\/wp-json\/wp\/v2\/product\/70296405","targetHints":{"allow":["GET"]}}],"collection":[{"href":"https:\/\/bpk-archive.de\/tuellmann\/wp-json\/wp\/v2\/product"}],"about":[{"href":"https:\/\/bpk-archive.de\/tuellmann\/wp-json\/wp\/v2\/types\/product"}],"wp:featuredmedia":[{"embeddable":true,"href":"https:\/\/bpk-archive.de\/tuellmann\/wp-json\/wp\/v2\/media\/70292491"}],"wp:attachment":[{"href":"https:\/\/bpk-archive.de\/tuellmann\/wp-json\/wp\/v2\/media?parent=70296405"}],"wp:term":[{"taxonomy":"product_brand","embeddable":true,"href":"https:\/\/bpk-archive.de\/tuellmann\/wp-json\/wp\/v2\/product_brand?post=70296405"},{"taxonomy":"product_cat","embeddable":true,"href":"https:\/\/bpk-archive.de\/tuellmann\/wp-json\/wp\/v2\/product_cat?post=70296405"},{"taxonomy":"product_tag","embeddable":true,"href":"https:\/\/bpk-archive.de\/tuellmann\/wp-json\/wp\/v2\/product_tag?post=70296405"}],"curies":[{"name":"wp","href":"https:\/\/api.w.org\/{rel}","templated":true}]}}