{"id":70296382,"date":"2019-09-05T15:59:32","date_gmt":"2019-09-05T13:59:32","guid":{"rendered":"http:\/\/abisagtuellmann.bpk-news.de\/atbild\/lateinunterricht-im-internat-millfield-school\/"},"modified":"2020-08-11T17:05:31","modified_gmt":"2020-08-11T15:05:31","slug":"lateinunterricht-im-internat-millfield-school","status":"publish","type":"product","link":"https:\/\/bpk-archive.de\/tuellmann\/produkt\/lateinunterricht-im-internat-millfield-school\/","title":{"rendered":"Lateinunterricht im Internat Millfield School"},"content":{"rendered":"<p>R\u00fcckseite siehe: 70243157 R\u00fcckseitenbeschriftung von Hand der Fotografin: &#8222;Lateinunterricht in Millfield, einem sehr teuren englischen Internat, wo f\u00fcr 700 Sch\u00fcler 150 Lehrer vorhanden sind&#8220;<\/p>\n","protected":false},"excerpt":{"rendered":"<p>R\u00fcckseite siehe: 70243157 R\u00fcckseitenbeschriftung von Hand der Fotografin: &#8222;Lateinunterricht in Millfield, einem sehr teuren englischen Internat, wo f\u00fcr 700 Sch\u00fcler 150 Lehrer vorhanden sind&#8220;<\/p>\n","protected":false},"featured_media":70292628,"template":"","meta":[],"product_brand":[],"product_cat":[73393],"product_tag":[13774,13232,13234,13231,13233,13775,62149,13777,62150,53196,50141,55191,55192,55195,55196,55197,55198,55199,55200,14178,14179,13473,62672,55205,55206,55209,55210,55211,48771,48772,48773,48774,48775,52424,52426,13293,13786,13787,13294,13295,13296,13297,47267,14327,55216,55217,62675,62676,13498,62251,13813,13814,14203,14204,14205,14206,14207,14211,14212,14213,14218,14219,52297,52298,14220,14221,50152,50153,50154,50155,50156,50157,50158,62717,62718,62719,62720,62721,62722,62723,52822,52823,49747,50119,49748,49749,49750,49751,49752,49753,54028,48451,48452,13328,13827,13828,13329,13330,13331,13332,47332,13843,51055,51056,47333,47334,47335,47336,47337,13877,13879,62338,62339,62340,62156,50163,50164,54158,53860,53861,13349,13350,62503,13865,13864,13866,13858,13859,13860,13861,13862,13863,13867,13869,13870,13871,13872,14243,14244,14245,14246,14247,14248,14249,13519,13520,13521,13522,13523,13524,13878,13880,55242,13525,51057,51058,51059,51060],"class_list":{"0":"post-70296382","1":"product","2":"type-product","3":"status-publish","4":"has-post-thumbnail","6":"product_cat-schule","7":"product_tag-1960er-jahre","8":"product_tag-20-jahrhundert-nach-chr","9":"product_tag-20-jh-n-chr","10":"product_tag-20-jahrhundert","11":"product_tag-20-jh","12":"product_tag-60er","13":"product_tag-abt_005","14":"product_tag-abzug","15":"product_tag-at_paedagogik","16":"product_tag-ausland","17":"product_tag-bildung","18":"product_tag-brite","19":"product_tag-briten","20":"product_tag-britisch","21":"product_tag-britische","22":"product_tag-britischen","23":"product_tag-britischer","24":"product_tag-britisches","25":"product_tag-british","26":"product_tag-bube","27":"product_tag-buben","28":"product_tag-drinnen","29":"product_tag-eliteschule","30":"product_tag-england","31":"product_tag-englaender","32":"product_tag-englaendern","33":"product_tag-englaenders","34":"product_tag-englands","35":"product_tag-englisch","36":"product_tag-englische","37":"product_tag-englischen","38":"product_tag-englischer","39":"product_tag-englisches","40":"product_tag-erziehen","41":"product_tag-erziehung","42":"product_tag-foto","43":"product_tag-fotoabzug","44":"product_tag-fotoabzuege","45":"product_tag-fotografie","46":"product_tag-fotografien","47":"product_tag-fotografin","48":"product_tag-fotografinnen","49":"product_tag-fotoreportage","50":"product_tag-gesellschaft","51":"product_tag-grossbritannien","52":"product_tag-grossbritanniens","53":"product_tag-hochbegabte","54":"product_tag-hochbegabung","55":"product_tag-innen","56":"product_tag-internat","57":"product_tag-junge","58":"product_tag-jungen","59":"product_tag-jungens","60":"product_tag-jungs","61":"product_tag-kind","62":"product_tag-kinde","63":"product_tag-kinder","64":"product_tag-kindergruppe","65":"product_tag-kindergruppen","66":"product_tag-kindern","67":"product_tag-kindes","68":"product_tag-kindheit","69":"product_tag-klassenraum","70":"product_tag-klassenzimmer","71":"product_tag-knabe","72":"product_tag-knaben","73":"product_tag-konzentiertes","74":"product_tag-konzentration","75":"product_tag-konzentrieren","76":"product_tag-konzentriert","77":"product_tag-konzentrierte","78":"product_tag-konzentrierten","79":"product_tag-konzentrierter","80":"product_tag-latein","81":"product_tag-lateinisch","82":"product_tag-lateinische","83":"product_tag-lateinischen","84":"product_tag-lateinischer","85":"product_tag-lateinisches","86":"product_tag-lateins","87":"product_tag-lehrer","88":"product_tag-lehrers","89":"product_tag-lektuere","90":"product_tag-lernen","91":"product_tag-lesen","92":"product_tag-lesend","93":"product_tag-lesende","94":"product_tag-lesenden","95":"product_tag-lesender","96":"product_tag-lesendes","97":"product_tag-paedagogik","98":"product_tag-pendant","99":"product_tag-pendants","100":"product_tag-photo","101":"product_tag-photoabzug","102":"product_tag-photoabzuege","103":"product_tag-photographie","104":"product_tag-photographien","105":"product_tag-photographin","106":"product_tag-photographinnen","107":"product_tag-photoreportage","108":"product_tag-print","109":"product_tag-r","110":"product_tag-recto","111":"product_tag-reportage","112":"product_tag-reportagefoto","113":"product_tag-reportagefotografie","114":"product_tag-reportagephoto","115":"product_tag-reportagephotographie","116":"product_tag-s-w-fotografie","117":"product_tag-s-w-photographie","118":"product_tag-schulbank","119":"product_tag-schulbaenke","120":"product_tag-schulbaenken","121":"product_tag-schulbildung","122":"product_tag-schule","123":"product_tag-schulen","124":"product_tag-schueler","125":"product_tag-schulkind","126":"product_tag-schulkinder","127":"product_tag-schuluniform","128":"product_tag-schuluniformen","129":"product_tag-schulunterricht","130":"product_tag-schwarzweissphotographie","131":"product_tag-schwarz-weiss-fotografie","132":"product_tag-schwarz-weiss-photographie","133":"product_tag-schwarzweiss","134":"product_tag-schwarzweisse","135":"product_tag-schwarzweissen","136":"product_tag-schwarzweisser","137":"product_tag-schwarzweisses","138":"product_tag-schwarzweissfotografie","139":"product_tag-sechziger","140":"product_tag-silbergelatine","141":"product_tag-silbergelatineabzug","142":"product_tag-silbergelatineabzuege","143":"product_tag-silbergelatineprint","144":"product_tag-sitzen","145":"product_tag-sitzend","146":"product_tag-sitzende","147":"product_tag-sitzenden","148":"product_tag-sitzender","149":"product_tag-sitzendes","150":"product_tag-sitzt","151":"product_tag-stehen","152":"product_tag-stehend","153":"product_tag-stehende","154":"product_tag-stehenden","155":"product_tag-stehender","156":"product_tag-stehendes","157":"product_tag-sw-fotografie","158":"product_tag-sw-photographie","159":"product_tag-vereinigtes-koenigreich","160":"product_tag-von-innen","161":"product_tag-von-vorn","162":"product_tag-von-vorne","163":"product_tag-vorderansicht","164":"product_tag-vorderseite","165":"pa_datierung-juni-1966","166":"pa_fotograf-abisag-tuellmann","167":"pa_geografischer_bezug-aufnahmeort-street-vereinigtes-koenigreich","168":"pa_grunddaten_material_technik-foto-silbergelatine-auf-barytpapier","169":"pa_inventarnummer-tue-66-067-06","170":"pa_jahr_von-54557","171":"pa_massangaben-bildformat-foto-238-x-293-cm","172":"pa_mediennummer-62715","173":"pa_objekt_typ-fotografie","175":"first","176":"instock","177":"product-type-simple"},"yoast_head":"<!-- This site is optimized with the Yoast SEO plugin v27.4 - https:\/\/yoast.com\/product\/yoast-seo-wordpress\/ -->\n<title>Lateinunterricht im Internat Millfield School - Abisag T\u00fcllmann<\/title>\n<meta name=\"robots\" content=\"index, follow, max-snippet:-1, max-image-preview:large, max-video-preview:-1\" \/>\n<link rel=\"canonical\" href=\"https:\/\/bpk-archive.de\/tuellmann\/produkt\/lateinunterricht-im-internat-millfield-school\/\" \/>\n<meta property=\"og:locale\" content=\"de_DE\" \/>\n<meta property=\"og:type\" content=\"article\" \/>\n<meta property=\"og:title\" content=\"Lateinunterricht im Internat Millfield School - Abisag T\u00fcllmann\" \/>\n<meta property=\"og:description\" content=\"R\u00fcckseite siehe: 70243157 R\u00fcckseitenbeschriftung von Hand der Fotografin: &#8222;Lateinunterricht in Millfield, einem sehr teuren englischen Internat, wo f\u00fcr 700 Sch\u00fcler 150 Lehrer vorhanden sind&#8220;\" \/>\n<meta property=\"og:url\" content=\"https:\/\/bpk-archive.de\/tuellmann\/produkt\/lateinunterricht-im-internat-millfield-school\/\" \/>\n<meta property=\"og:site_name\" content=\"Abisag T\u00fcllmann\" \/>\n<meta property=\"article:modified_time\" content=\"2020-08-11T15:05:31+00:00\" \/>\n<meta property=\"og:image\" content=\"https:\/\/bpk-archive.de\/tuellmann\/wp-content\/uploads\/2019\/08\/bpk_70243156.jpg\" \/>\n\t<meta property=\"og:image:width\" content=\"1200\" \/>\n\t<meta property=\"og:image:height\" content=\"981\" \/>\n\t<meta property=\"og:image:type\" content=\"image\/jpeg\" \/>\n<meta name=\"twitter:card\" content=\"summary_large_image\" \/>\n<script type=\"application\/ld+json\" class=\"yoast-schema-graph\">{\"@context\":\"https:\\\/\\\/schema.org\",\"@graph\":[{\"@type\":\"WebPage\",\"@id\":\"https:\\\/\\\/bpk-archive.de\\\/tuellmann\\\/produkt\\\/lateinunterricht-im-internat-millfield-school\\\/\",\"url\":\"https:\\\/\\\/bpk-archive.de\\\/tuellmann\\\/produkt\\\/lateinunterricht-im-internat-millfield-school\\\/\",\"name\":\"Lateinunterricht im Internat Millfield School - Abisag T\u00fcllmann\",\"isPartOf\":{\"@id\":\"https:\\\/\\\/bpk-archive.de\\\/tuellmann\\\/#website\"},\"primaryImageOfPage\":{\"@id\":\"https:\\\/\\\/bpk-archive.de\\\/tuellmann\\\/produkt\\\/lateinunterricht-im-internat-millfield-school\\\/#primaryimage\"},\"image\":{\"@id\":\"https:\\\/\\\/bpk-archive.de\\\/tuellmann\\\/produkt\\\/lateinunterricht-im-internat-millfield-school\\\/#primaryimage\"},\"thumbnailUrl\":\"https:\\\/\\\/bpk-archive.de\\\/tuellmann\\\/wp-content\\\/uploads\\\/2019\\\/08\\\/bpk_70243156.jpg\",\"datePublished\":\"2019-09-05T13:59:32+00:00\",\"dateModified\":\"2020-08-11T15:05:31+00:00\",\"breadcrumb\":{\"@id\":\"https:\\\/\\\/bpk-archive.de\\\/tuellmann\\\/produkt\\\/lateinunterricht-im-internat-millfield-school\\\/#breadcrumb\"},\"inLanguage\":\"de\",\"potentialAction\":[{\"@type\":\"ReadAction\",\"target\":[\"https:\\\/\\\/bpk-archive.de\\\/tuellmann\\\/produkt\\\/lateinunterricht-im-internat-millfield-school\\\/\"]}]},{\"@type\":\"ImageObject\",\"inLanguage\":\"de\",\"@id\":\"https:\\\/\\\/bpk-archive.de\\\/tuellmann\\\/produkt\\\/lateinunterricht-im-internat-millfield-school\\\/#primaryimage\",\"url\":\"https:\\\/\\\/bpk-archive.de\\\/tuellmann\\\/wp-content\\\/uploads\\\/2019\\\/08\\\/bpk_70243156.jpg\",\"contentUrl\":\"https:\\\/\\\/bpk-archive.de\\\/tuellmann\\\/wp-content\\\/uploads\\\/2019\\\/08\\\/bpk_70243156.jpg\",\"width\":1200,\"height\":981,\"caption\":\"Lateinunterricht im Internat Millfield School\"},{\"@type\":\"BreadcrumbList\",\"@id\":\"https:\\\/\\\/bpk-archive.de\\\/tuellmann\\\/produkt\\\/lateinunterricht-im-internat-millfield-school\\\/#breadcrumb\",\"itemListElement\":[{\"@type\":\"ListItem\",\"position\":1,\"name\":\"Startseite\",\"item\":\"https:\\\/\\\/bpk-archive.de\\\/tuellmann\\\/\"},{\"@type\":\"ListItem\",\"position\":2,\"name\":\"Shop\",\"item\":\"https:\\\/\\\/bpk-archive.de\\\/tuellmann\\\/shop\\\/\"},{\"@type\":\"ListItem\",\"position\":3,\"name\":\"Lateinunterricht im Internat Millfield School\"}]},{\"@type\":\"WebSite\",\"@id\":\"https:\\\/\\\/bpk-archive.de\\\/tuellmann\\\/#website\",\"url\":\"https:\\\/\\\/bpk-archive.de\\\/tuellmann\\\/\",\"name\":\"Abisag T\u00fcllmann\",\"description\":\"Eine weitere WordPress-Website\",\"potentialAction\":[{\"@type\":\"SearchAction\",\"target\":{\"@type\":\"EntryPoint\",\"urlTemplate\":\"https:\\\/\\\/bpk-archive.de\\\/tuellmann\\\/?s={search_term_string}\"},\"query-input\":{\"@type\":\"PropertyValueSpecification\",\"valueRequired\":true,\"valueName\":\"search_term_string\"}}],\"inLanguage\":\"de\"}]}<\/script>\n<!-- \/ Yoast SEO plugin. -->","yoast_head_json":{"title":"Lateinunterricht im Internat Millfield School - Abisag T\u00fcllmann","robots":{"index":"index","follow":"follow","max-snippet":"max-snippet:-1","max-image-preview":"max-image-preview:large","max-video-preview":"max-video-preview:-1"},"canonical":"https:\/\/bpk-archive.de\/tuellmann\/produkt\/lateinunterricht-im-internat-millfield-school\/","og_locale":"de_DE","og_type":"article","og_title":"Lateinunterricht im Internat Millfield School - Abisag T\u00fcllmann","og_description":"R\u00fcckseite siehe: 70243157 R\u00fcckseitenbeschriftung von Hand der Fotografin: &#8222;Lateinunterricht in Millfield, einem sehr teuren englischen Internat, wo f\u00fcr 700 Sch\u00fcler 150 Lehrer vorhanden sind&#8220;","og_url":"https:\/\/bpk-archive.de\/tuellmann\/produkt\/lateinunterricht-im-internat-millfield-school\/","og_site_name":"Abisag T\u00fcllmann","article_modified_time":"2020-08-11T15:05:31+00:00","og_image":[{"width":1200,"height":981,"url":"https:\/\/bpk-archive.de\/tuellmann\/wp-content\/uploads\/2019\/08\/bpk_70243156.jpg","type":"image\/jpeg"}],"twitter_card":"summary_large_image","schema":{"@context":"https:\/\/schema.org","@graph":[{"@type":"WebPage","@id":"https:\/\/bpk-archive.de\/tuellmann\/produkt\/lateinunterricht-im-internat-millfield-school\/","url":"https:\/\/bpk-archive.de\/tuellmann\/produkt\/lateinunterricht-im-internat-millfield-school\/","name":"Lateinunterricht im Internat Millfield School - Abisag T\u00fcllmann","isPartOf":{"@id":"https:\/\/bpk-archive.de\/tuellmann\/#website"},"primaryImageOfPage":{"@id":"https:\/\/bpk-archive.de\/tuellmann\/produkt\/lateinunterricht-im-internat-millfield-school\/#primaryimage"},"image":{"@id":"https:\/\/bpk-archive.de\/tuellmann\/produkt\/lateinunterricht-im-internat-millfield-school\/#primaryimage"},"thumbnailUrl":"https:\/\/bpk-archive.de\/tuellmann\/wp-content\/uploads\/2019\/08\/bpk_70243156.jpg","datePublished":"2019-09-05T13:59:32+00:00","dateModified":"2020-08-11T15:05:31+00:00","breadcrumb":{"@id":"https:\/\/bpk-archive.de\/tuellmann\/produkt\/lateinunterricht-im-internat-millfield-school\/#breadcrumb"},"inLanguage":"de","potentialAction":[{"@type":"ReadAction","target":["https:\/\/bpk-archive.de\/tuellmann\/produkt\/lateinunterricht-im-internat-millfield-school\/"]}]},{"@type":"ImageObject","inLanguage":"de","@id":"https:\/\/bpk-archive.de\/tuellmann\/produkt\/lateinunterricht-im-internat-millfield-school\/#primaryimage","url":"https:\/\/bpk-archive.de\/tuellmann\/wp-content\/uploads\/2019\/08\/bpk_70243156.jpg","contentUrl":"https:\/\/bpk-archive.de\/tuellmann\/wp-content\/uploads\/2019\/08\/bpk_70243156.jpg","width":1200,"height":981,"caption":"Lateinunterricht im Internat Millfield School"},{"@type":"BreadcrumbList","@id":"https:\/\/bpk-archive.de\/tuellmann\/produkt\/lateinunterricht-im-internat-millfield-school\/#breadcrumb","itemListElement":[{"@type":"ListItem","position":1,"name":"Startseite","item":"https:\/\/bpk-archive.de\/tuellmann\/"},{"@type":"ListItem","position":2,"name":"Shop","item":"https:\/\/bpk-archive.de\/tuellmann\/shop\/"},{"@type":"ListItem","position":3,"name":"Lateinunterricht im Internat Millfield School"}]},{"@type":"WebSite","@id":"https:\/\/bpk-archive.de\/tuellmann\/#website","url":"https:\/\/bpk-archive.de\/tuellmann\/","name":"Abisag T\u00fcllmann","description":"Eine weitere WordPress-Website","potentialAction":[{"@type":"SearchAction","target":{"@type":"EntryPoint","urlTemplate":"https:\/\/bpk-archive.de\/tuellmann\/?s={search_term_string}"},"query-input":{"@type":"PropertyValueSpecification","valueRequired":true,"valueName":"search_term_string"}}],"inLanguage":"de"}]}},"_links":{"self":[{"href":"https:\/\/bpk-archive.de\/tuellmann\/wp-json\/wp\/v2\/product\/70296382","targetHints":{"allow":["GET"]}}],"collection":[{"href":"https:\/\/bpk-archive.de\/tuellmann\/wp-json\/wp\/v2\/product"}],"about":[{"href":"https:\/\/bpk-archive.de\/tuellmann\/wp-json\/wp\/v2\/types\/product"}],"wp:featuredmedia":[{"embeddable":true,"href":"https:\/\/bpk-archive.de\/tuellmann\/wp-json\/wp\/v2\/media\/70292628"}],"wp:attachment":[{"href":"https:\/\/bpk-archive.de\/tuellmann\/wp-json\/wp\/v2\/media?parent=70296382"}],"wp:term":[{"taxonomy":"product_brand","embeddable":true,"href":"https:\/\/bpk-archive.de\/tuellmann\/wp-json\/wp\/v2\/product_brand?post=70296382"},{"taxonomy":"product_cat","embeddable":true,"href":"https:\/\/bpk-archive.de\/tuellmann\/wp-json\/wp\/v2\/product_cat?post=70296382"},{"taxonomy":"product_tag","embeddable":true,"href":"https:\/\/bpk-archive.de\/tuellmann\/wp-json\/wp\/v2\/product_tag?post=70296382"}],"curies":[{"name":"wp","href":"https:\/\/api.w.org\/{rel}","templated":true}]}}