{"id":70296380,"date":"2019-09-05T15:59:32","date_gmt":"2019-09-05T13:59:32","guid":{"rendered":"http:\/\/abisagtuellmann.bpk-news.de\/atbild\/rueckseite-von-hochbegabte-schuelerin-im-internat-millfield-school\/"},"modified":"2019-09-05T15:59:35","modified_gmt":"2019-09-05T13:59:35","slug":"rueckseite-von-hochbegabte-schuelerin-im-internat-millfield-school","status":"publish","type":"product","link":"https:\/\/bpk-archive.de\/tuellmann\/produkt\/rueckseite-von-hochbegabte-schuelerin-im-internat-millfield-school\/","title":{"rendered":"R\u00fcckseite von: Hochbegabte Sch\u00fclerin im Internat Millfield School"},"content":{"rendered":"<p>Vorderseite siehe: 70243158 R\u00fcckseitenbeschriftung von Hand der Fotografin: &#8222;Dieses kleine M\u00e4dchen hat einen IQ von 200 und etwas. [&#8230;]&#8220;<\/p>\n","protected":false},"excerpt":{"rendered":"<p>Vorderseite siehe: 70243158 R\u00fcckseitenbeschriftung von Hand der Fotografin: &#8222;Dieses kleine M\u00e4dchen hat einen IQ von 200 und etwas. [&#8230;]&#8220;<\/p>\n","protected":false},"featured_media":70292488,"template":"","meta":[],"product_brand":[],"product_cat":[],"product_tag":[13774,13232,13234,13231,13233,13775,62149,13777,62150,53196,51829,48355,48356,48357,48358,48359,48360,50141,55191,55192,55193,55194,55195,55196,55197,55198,55199,55200,62699,62700,62701,62702,62703,62672,55205,55206,55207,55208,55209,55210,55211,48771,48772,48773,48774,48775,52424,52426,13293,13786,13787,13294,13295,13296,13297,47267,51001,14327,55216,55217,62675,62676,62251,51002,51003,50119,13310,13311,54028,13328,13827,13828,13329,13330,13331,13332,47332,13843,47333,47334,47335,47336,47337,47594,47595,13877,13879,48364,48365,62338,62339,62340,62156,50163,50164,54158,13346,13347,13865,13864,13866,13858,13859,13860,13861,13862,13863,13867,13869,13870,13871,13872,48454,48455,48456,48457,48458,48459,48460,48461,48462,13878,13880,62704,62705,62706,62707,52832,52834,52835,48366,55242,48367,47615,48368],"class_list":{"0":"post-70296380","1":"product","2":"type-product","3":"status-publish","4":"has-post-thumbnail","6":"product_tag-1960er-jahre","7":"product_tag-20-jahrhundert-nach-chr","8":"product_tag-20-jh-n-chr","9":"product_tag-20-jahrhundert","10":"product_tag-20-jh","11":"product_tag-60er","12":"product_tag-abt_005","13":"product_tag-abzug","14":"product_tag-at_paedagogik","15":"product_tag-ausland","16":"product_tag-beschreibung","17":"product_tag-beschriftet","18":"product_tag-beschriftete","19":"product_tag-beschrifteter","20":"product_tag-beschriftetes","21":"product_tag-beschriftung","22":"product_tag-beschriftungen","23":"product_tag-bildung","24":"product_tag-brite","25":"product_tag-briten","26":"product_tag-britin","27":"product_tag-britinnen","28":"product_tag-britisch","29":"product_tag-britische","30":"product_tag-britischen","31":"product_tag-britischer","32":"product_tag-britisches","33":"product_tag-british","34":"product_tag-eigenhaendig","35":"product_tag-eigenhaendige","36":"product_tag-eigenhaendigen","37":"product_tag-eigenhaendiger","38":"product_tag-eigenhaendiges","39":"product_tag-eliteschule","40":"product_tag-england","41":"product_tag-englaender","42":"product_tag-englaenderin","43":"product_tag-englaenderinnen","44":"product_tag-englaendern","45":"product_tag-englaenders","46":"product_tag-englands","47":"product_tag-englisch","48":"product_tag-englische","49":"product_tag-englischen","50":"product_tag-englischer","51":"product_tag-englisches","52":"product_tag-erziehen","53":"product_tag-erziehung","54":"product_tag-foto","55":"product_tag-fotoabzug","56":"product_tag-fotoabzuege","57":"product_tag-fotografie","58":"product_tag-fotografien","59":"product_tag-fotografin","60":"product_tag-fotografinnen","61":"product_tag-fotoreportage","62":"product_tag-gelangweilt","63":"product_tag-gesellschaft","64":"product_tag-grossbritannien","65":"product_tag-grossbritanniens","66":"product_tag-hochbegabte","67":"product_tag-hochbegabung","68":"product_tag-internat","69":"product_tag-langeweile","70":"product_tag-langweilig","71":"product_tag-lernen","72":"product_tag-maedchen","73":"product_tag-maedchens","74":"product_tag-paedagogik","75":"product_tag-photo","76":"product_tag-photoabzug","77":"product_tag-photoabzuege","78":"product_tag-photographie","79":"product_tag-photographien","80":"product_tag-photographin","81":"product_tag-photographinnen","82":"product_tag-photoreportage","83":"product_tag-print","84":"product_tag-reportage","85":"product_tag-reportagefoto","86":"product_tag-reportagefotografie","87":"product_tag-reportagephoto","88":"product_tag-reportagephotographie","89":"product_tag-rueckansicht","90":"product_tag-rueckseite","91":"product_tag-s-w-fotografie","92":"product_tag-s-w-photographie","93":"product_tag-schrift","94":"product_tag-schriften","95":"product_tag-schulbank","96":"product_tag-schulbaenke","97":"product_tag-schulbaenken","98":"product_tag-schulbildung","99":"product_tag-schule","100":"product_tag-schulen","101":"product_tag-schueler","102":"product_tag-schuelerin","103":"product_tag-schuelerinnen","104":"product_tag-schwarzweissphotographie","105":"product_tag-schwarz-weiss-fotografie","106":"product_tag-schwarz-weiss-photographie","107":"product_tag-schwarzweiss","108":"product_tag-schwarzweisse","109":"product_tag-schwarzweissen","110":"product_tag-schwarzweisser","111":"product_tag-schwarzweisses","112":"product_tag-schwarzweissfotografie","113":"product_tag-sechziger","114":"product_tag-silbergelatine","115":"product_tag-silbergelatineabzug","116":"product_tag-silbergelatineabzuege","117":"product_tag-silbergelatineprint","118":"product_tag-stempel","119":"product_tag-stempelabdruck","120":"product_tag-stempelabdruecke","121":"product_tag-stempelabdruckes","122":"product_tag-stempelabdrucks","123":"product_tag-stempeldruck","124":"product_tag-stempeldrucke","125":"product_tag-stempeldruckes","126":"product_tag-stempeldrucks","127":"product_tag-sw-fotografie","128":"product_tag-sw-photographie","129":"product_tag-text","130":"product_tag-texte","131":"product_tag-texten","132":"product_tag-textes","133":"product_tag-unterricht","134":"product_tag-unterrichtes","135":"product_tag-unterrichts","136":"product_tag-v","137":"product_tag-vereinigtes-koenigreich","138":"product_tag-verso","139":"product_tag-von-hinten","140":"product_tag-vs","141":"pa_datierung-juni-1966","142":"pa_fotograf-abisag-tuellmann","143":"pa_geografischer_bezug-aufnahmeort-street-vereinigtes-koenigreich","144":"pa_grunddaten_material_technik-foto-silbergelatine-auf-barytpapier","145":"pa_inventarnummer-tue-66-068-35","146":"pa_jahr_von-54557","147":"pa_massangaben-bildformat-foto-236-x-293-cm","148":"pa_mediennummer-62698","149":"pa_objekt_typ-fotografie","151":"first","152":"instock","153":"product-type-simple"},"yoast_head":"<!-- This site is optimized with the Yoast SEO plugin v27.3 - https:\/\/yoast.com\/product\/yoast-seo-wordpress\/ -->\n<title>R\u00fcckseite von: Hochbegabte Sch\u00fclerin im Internat Millfield School - Abisag T\u00fcllmann<\/title>\n<meta name=\"robots\" content=\"index, follow, max-snippet:-1, max-image-preview:large, max-video-preview:-1\" \/>\n<link rel=\"canonical\" href=\"https:\/\/bpk-archive.de\/tuellmann\/produkt\/rueckseite-von-hochbegabte-schuelerin-im-internat-millfield-school\/\" \/>\n<meta property=\"og:locale\" content=\"de_DE\" \/>\n<meta property=\"og:type\" content=\"article\" \/>\n<meta property=\"og:title\" content=\"R\u00fcckseite von: Hochbegabte Sch\u00fclerin im Internat Millfield School - Abisag T\u00fcllmann\" \/>\n<meta property=\"og:description\" content=\"Vorderseite siehe: 70243158 R\u00fcckseitenbeschriftung von Hand der Fotografin: &#8222;Dieses kleine M\u00e4dchen hat einen IQ von 200 und etwas. [&#8230;]&#8220;\" \/>\n<meta property=\"og:url\" content=\"https:\/\/bpk-archive.de\/tuellmann\/produkt\/rueckseite-von-hochbegabte-schuelerin-im-internat-millfield-school\/\" \/>\n<meta property=\"og:site_name\" content=\"Abisag T\u00fcllmann\" \/>\n<meta property=\"article:modified_time\" content=\"2019-09-05T13:59:35+00:00\" \/>\n<meta property=\"og:image\" content=\"https:\/\/bpk-archive.de\/tuellmann\/wp-content\/uploads\/2019\/08\/bpk_70243159.jpg\" \/>\n\t<meta property=\"og:image:width\" content=\"1200\" \/>\n\t<meta property=\"og:image:height\" content=\"981\" \/>\n\t<meta property=\"og:image:type\" content=\"image\/jpeg\" \/>\n<meta name=\"twitter:card\" content=\"summary_large_image\" \/>\n<script type=\"application\/ld+json\" class=\"yoast-schema-graph\">{\"@context\":\"https:\\\/\\\/schema.org\",\"@graph\":[{\"@type\":\"WebPage\",\"@id\":\"https:\\\/\\\/bpk-archive.de\\\/tuellmann\\\/produkt\\\/rueckseite-von-hochbegabte-schuelerin-im-internat-millfield-school\\\/\",\"url\":\"https:\\\/\\\/bpk-archive.de\\\/tuellmann\\\/produkt\\\/rueckseite-von-hochbegabte-schuelerin-im-internat-millfield-school\\\/\",\"name\":\"R\u00fcckseite von: Hochbegabte Sch\u00fclerin im Internat Millfield School - Abisag T\u00fcllmann\",\"isPartOf\":{\"@id\":\"https:\\\/\\\/bpk-archive.de\\\/tuellmann\\\/#website\"},\"primaryImageOfPage\":{\"@id\":\"https:\\\/\\\/bpk-archive.de\\\/tuellmann\\\/produkt\\\/rueckseite-von-hochbegabte-schuelerin-im-internat-millfield-school\\\/#primaryimage\"},\"image\":{\"@id\":\"https:\\\/\\\/bpk-archive.de\\\/tuellmann\\\/produkt\\\/rueckseite-von-hochbegabte-schuelerin-im-internat-millfield-school\\\/#primaryimage\"},\"thumbnailUrl\":\"https:\\\/\\\/bpk-archive.de\\\/tuellmann\\\/wp-content\\\/uploads\\\/2019\\\/08\\\/bpk_70243159.jpg\",\"datePublished\":\"2019-09-05T13:59:32+00:00\",\"dateModified\":\"2019-09-05T13:59:35+00:00\",\"breadcrumb\":{\"@id\":\"https:\\\/\\\/bpk-archive.de\\\/tuellmann\\\/produkt\\\/rueckseite-von-hochbegabte-schuelerin-im-internat-millfield-school\\\/#breadcrumb\"},\"inLanguage\":\"de\",\"potentialAction\":[{\"@type\":\"ReadAction\",\"target\":[\"https:\\\/\\\/bpk-archive.de\\\/tuellmann\\\/produkt\\\/rueckseite-von-hochbegabte-schuelerin-im-internat-millfield-school\\\/\"]}]},{\"@type\":\"ImageObject\",\"inLanguage\":\"de\",\"@id\":\"https:\\\/\\\/bpk-archive.de\\\/tuellmann\\\/produkt\\\/rueckseite-von-hochbegabte-schuelerin-im-internat-millfield-school\\\/#primaryimage\",\"url\":\"https:\\\/\\\/bpk-archive.de\\\/tuellmann\\\/wp-content\\\/uploads\\\/2019\\\/08\\\/bpk_70243159.jpg\",\"contentUrl\":\"https:\\\/\\\/bpk-archive.de\\\/tuellmann\\\/wp-content\\\/uploads\\\/2019\\\/08\\\/bpk_70243159.jpg\",\"width\":1200,\"height\":981,\"caption\":\"R\u00fcckseite von: Hochbegabte Sch\u00fclerin im Internat Millfield School\"},{\"@type\":\"BreadcrumbList\",\"@id\":\"https:\\\/\\\/bpk-archive.de\\\/tuellmann\\\/produkt\\\/rueckseite-von-hochbegabte-schuelerin-im-internat-millfield-school\\\/#breadcrumb\",\"itemListElement\":[{\"@type\":\"ListItem\",\"position\":1,\"name\":\"Startseite\",\"item\":\"https:\\\/\\\/bpk-archive.de\\\/tuellmann\\\/\"},{\"@type\":\"ListItem\",\"position\":2,\"name\":\"Shop\",\"item\":\"https:\\\/\\\/bpk-archive.de\\\/tuellmann\\\/shop\\\/\"},{\"@type\":\"ListItem\",\"position\":3,\"name\":\"R\u00fcckseite von: Hochbegabte Sch\u00fclerin im Internat Millfield School\"}]},{\"@type\":\"WebSite\",\"@id\":\"https:\\\/\\\/bpk-archive.de\\\/tuellmann\\\/#website\",\"url\":\"https:\\\/\\\/bpk-archive.de\\\/tuellmann\\\/\",\"name\":\"Abisag T\u00fcllmann\",\"description\":\"Eine weitere WordPress-Website\",\"potentialAction\":[{\"@type\":\"SearchAction\",\"target\":{\"@type\":\"EntryPoint\",\"urlTemplate\":\"https:\\\/\\\/bpk-archive.de\\\/tuellmann\\\/?s={search_term_string}\"},\"query-input\":{\"@type\":\"PropertyValueSpecification\",\"valueRequired\":true,\"valueName\":\"search_term_string\"}}],\"inLanguage\":\"de\"}]}<\/script>\n<!-- \/ Yoast SEO plugin. -->","yoast_head_json":{"title":"R\u00fcckseite von: Hochbegabte Sch\u00fclerin im Internat Millfield School - Abisag T\u00fcllmann","robots":{"index":"index","follow":"follow","max-snippet":"max-snippet:-1","max-image-preview":"max-image-preview:large","max-video-preview":"max-video-preview:-1"},"canonical":"https:\/\/bpk-archive.de\/tuellmann\/produkt\/rueckseite-von-hochbegabte-schuelerin-im-internat-millfield-school\/","og_locale":"de_DE","og_type":"article","og_title":"R\u00fcckseite von: Hochbegabte Sch\u00fclerin im Internat Millfield School - Abisag T\u00fcllmann","og_description":"Vorderseite siehe: 70243158 R\u00fcckseitenbeschriftung von Hand der Fotografin: &#8222;Dieses kleine M\u00e4dchen hat einen IQ von 200 und etwas. [&#8230;]&#8220;","og_url":"https:\/\/bpk-archive.de\/tuellmann\/produkt\/rueckseite-von-hochbegabte-schuelerin-im-internat-millfield-school\/","og_site_name":"Abisag T\u00fcllmann","article_modified_time":"2019-09-05T13:59:35+00:00","og_image":[{"width":1200,"height":981,"url":"https:\/\/bpk-archive.de\/tuellmann\/wp-content\/uploads\/2019\/08\/bpk_70243159.jpg","type":"image\/jpeg"}],"twitter_card":"summary_large_image","schema":{"@context":"https:\/\/schema.org","@graph":[{"@type":"WebPage","@id":"https:\/\/bpk-archive.de\/tuellmann\/produkt\/rueckseite-von-hochbegabte-schuelerin-im-internat-millfield-school\/","url":"https:\/\/bpk-archive.de\/tuellmann\/produkt\/rueckseite-von-hochbegabte-schuelerin-im-internat-millfield-school\/","name":"R\u00fcckseite von: Hochbegabte Sch\u00fclerin im Internat Millfield School - Abisag T\u00fcllmann","isPartOf":{"@id":"https:\/\/bpk-archive.de\/tuellmann\/#website"},"primaryImageOfPage":{"@id":"https:\/\/bpk-archive.de\/tuellmann\/produkt\/rueckseite-von-hochbegabte-schuelerin-im-internat-millfield-school\/#primaryimage"},"image":{"@id":"https:\/\/bpk-archive.de\/tuellmann\/produkt\/rueckseite-von-hochbegabte-schuelerin-im-internat-millfield-school\/#primaryimage"},"thumbnailUrl":"https:\/\/bpk-archive.de\/tuellmann\/wp-content\/uploads\/2019\/08\/bpk_70243159.jpg","datePublished":"2019-09-05T13:59:32+00:00","dateModified":"2019-09-05T13:59:35+00:00","breadcrumb":{"@id":"https:\/\/bpk-archive.de\/tuellmann\/produkt\/rueckseite-von-hochbegabte-schuelerin-im-internat-millfield-school\/#breadcrumb"},"inLanguage":"de","potentialAction":[{"@type":"ReadAction","target":["https:\/\/bpk-archive.de\/tuellmann\/produkt\/rueckseite-von-hochbegabte-schuelerin-im-internat-millfield-school\/"]}]},{"@type":"ImageObject","inLanguage":"de","@id":"https:\/\/bpk-archive.de\/tuellmann\/produkt\/rueckseite-von-hochbegabte-schuelerin-im-internat-millfield-school\/#primaryimage","url":"https:\/\/bpk-archive.de\/tuellmann\/wp-content\/uploads\/2019\/08\/bpk_70243159.jpg","contentUrl":"https:\/\/bpk-archive.de\/tuellmann\/wp-content\/uploads\/2019\/08\/bpk_70243159.jpg","width":1200,"height":981,"caption":"R\u00fcckseite von: Hochbegabte Sch\u00fclerin im Internat Millfield School"},{"@type":"BreadcrumbList","@id":"https:\/\/bpk-archive.de\/tuellmann\/produkt\/rueckseite-von-hochbegabte-schuelerin-im-internat-millfield-school\/#breadcrumb","itemListElement":[{"@type":"ListItem","position":1,"name":"Startseite","item":"https:\/\/bpk-archive.de\/tuellmann\/"},{"@type":"ListItem","position":2,"name":"Shop","item":"https:\/\/bpk-archive.de\/tuellmann\/shop\/"},{"@type":"ListItem","position":3,"name":"R\u00fcckseite von: Hochbegabte Sch\u00fclerin im Internat Millfield School"}]},{"@type":"WebSite","@id":"https:\/\/bpk-archive.de\/tuellmann\/#website","url":"https:\/\/bpk-archive.de\/tuellmann\/","name":"Abisag T\u00fcllmann","description":"Eine weitere WordPress-Website","potentialAction":[{"@type":"SearchAction","target":{"@type":"EntryPoint","urlTemplate":"https:\/\/bpk-archive.de\/tuellmann\/?s={search_term_string}"},"query-input":{"@type":"PropertyValueSpecification","valueRequired":true,"valueName":"search_term_string"}}],"inLanguage":"de"}]}},"_links":{"self":[{"href":"https:\/\/bpk-archive.de\/tuellmann\/wp-json\/wp\/v2\/product\/70296380","targetHints":{"allow":["GET"]}}],"collection":[{"href":"https:\/\/bpk-archive.de\/tuellmann\/wp-json\/wp\/v2\/product"}],"about":[{"href":"https:\/\/bpk-archive.de\/tuellmann\/wp-json\/wp\/v2\/types\/product"}],"wp:featuredmedia":[{"embeddable":true,"href":"https:\/\/bpk-archive.de\/tuellmann\/wp-json\/wp\/v2\/media\/70292488"}],"wp:attachment":[{"href":"https:\/\/bpk-archive.de\/tuellmann\/wp-json\/wp\/v2\/media?parent=70296380"}],"wp:term":[{"taxonomy":"product_brand","embeddable":true,"href":"https:\/\/bpk-archive.de\/tuellmann\/wp-json\/wp\/v2\/product_brand?post=70296380"},{"taxonomy":"product_cat","embeddable":true,"href":"https:\/\/bpk-archive.de\/tuellmann\/wp-json\/wp\/v2\/product_cat?post=70296380"},{"taxonomy":"product_tag","embeddable":true,"href":"https:\/\/bpk-archive.de\/tuellmann\/wp-json\/wp\/v2\/product_tag?post=70296380"}],"curies":[{"name":"wp","href":"https:\/\/api.w.org\/{rel}","templated":true}]}}